{"id":10080,"date":"2025-10-15T10:41:29","date_gmt":"2025-10-15T17:41:29","guid":{"rendered":"https:\/\/zoo.org\/patrocinadores-de-jp\/"},"modified":"2026-02-24T10:24:57","modified_gmt":"2026-02-24T18:24:57","slug":"patrocinadores-de-jp","status":"publish","type":"page","link":"https:\/\/zoo.org\/es\/fiesta-en-la-jungla\/patrocinadores-de-jp\/","title":{"rendered":"Patrocinadores de Jungle Party"},"content":{"rendered":"\n<div class=\"wp-block-cover alignfull is-light hero\" style=\"margin-top:0;margin-bottom:0;min-height:400px;aspect-ratio:unset;\"><img loading=\"lazy\" decoding=\"async\" width=\"1920\" height=\"400\" class=\"wp-block-cover__image-background wp-image-20021 size-full\" alt=\"Three stylized gold and black animal illustrations\u2014a bird, a leopard, and a howling wolf\u2014are set against textured marbled and abstract backgrounds with gold accents.\" src=\"https:\/\/zoo.org\/wp-content\/uploads\/2026\/02\/JP26_WebBanner_1920x400-web.jpg\" data-object-fit=\"cover\" srcset=\"https:\/\/zoo.org\/wp-content\/uploads\/2026\/02\/JP26_WebBanner_1920x400-web.jpg 1920w, https:\/\/zoo.org\/wp-content\/uploads\/2026\/02\/JP26_WebBanner_1920x400-web-300x63.jpg 300w, https:\/\/zoo.org\/wp-content\/uploads\/2026\/02\/JP26_WebBanner_1920x400-web-1024x213.jpg 1024w, https:\/\/zoo.org\/wp-content\/uploads\/2026\/02\/JP26_WebBanner_1920x400-web-150x31.jpg 150w, https:\/\/zoo.org\/wp-content\/uploads\/2026\/02\/JP26_WebBanner_1920x400-web-768x160.jpg 768w, https:\/\/zoo.org\/wp-content\/uploads\/2026\/02\/JP26_WebBanner_1920x400-web-1536x320.jpg 1536w\" sizes=\"auto, (max-width: 1920px) 100vw, 1920px\" \/><span aria-hidden=\"true\" class=\"wp-block-cover__background has-background-dim-0 has-background-dim\" style=\"background-color:#d1ccc6\"><\/span><div class=\"wp-block-cover__inner-container is-layout-constrained wp-block-cover-is-layout-constrained\">\n<p class=\"has-text-align-center has-large-font-size\"><\/p>\n<\/div><\/div>\n\n<div class=\"wp-block-group is-layout-constrained wp-block-group-is-layout-constrained\" style=\"margin-top:2em;margin-bottom:3em\">\n<h1 class=\"wp-block-heading has-text-align-center\" style=\"margin-top:0.65em;margin-bottom:0.275em\">FIESTA EN LA JUNGLA<\/h1>\n\n\n\n<p class=\"has-text-align-center has-palette-color-3-color has-text-color has-link-color wp-elements-b8efc46c378f552c84c39a3c2cbbe101\" style=\"margin-bottom:1em;font-size:clamp(0.984em, 0.984rem + ((1vw - 0.2em) * 0.645), 1.5em);font-style:normal;font-weight:500;line-height:1.5\"><strong><strong>Voces de lo salvaje<\/strong><\/strong><br\/> \u00a1\u00danase a nosotros en nuestro evento del 50 aniversario!<\/p>\n\n\n\n<p class=\"has-text-align-center has-palette-color-3-color has-text-color has-link-color wp-elements-39ebd7d9e28e8848d05225e42f4150db\" style=\"margin-bottom:1em;font-size:clamp(0.984em, 0.984rem + ((1vw - 0.2em) * 0.645), 1.5em);line-height:1.5\">Viernes 10 de julio de 2026<br\/> North Meadow del zool\u00f3gico Woodland Park<\/p>\n<\/div>\n\n<div class=\"wp-block-group alignfull divider is-layout-constrained wp-block-group-is-layout-constrained\">\n<h2 class=\"wp-block-heading alignfull has-text-align-center\">PATROCINADORES<\/h2>\n<\/div>\n\n<p>Durante 127 a\u00f1os, el Zool\u00f3gico Woodland Park ha despertado alegr\u00eda, descubrimiento y recuerdos inolvidables, motivando a personas de todos los or\u00edgenes y capacidades a comprender y proteger la vida silvestre. Quienes experimentan las maravillas del mundo natural se inspiran para protegerlo. La misi\u00f3n del Zool\u00f3gico Woodland Park es salvar la vida silvestre e inspirar a todos a hacer de la conservaci\u00f3n una prioridad en sus vidas.  <\/p>\n<style>.wp-block-kadence-image.kb-image6385_842cf2-04:not(.kb-specificity-added):not(.kb-extra-specificity-added){margin-top:var(--global-kb-spacing-lg, 3rem);margin-bottom:var(--global-kb-spacing-lg, 3rem);}.kb-image6385_842cf2-04 .kb-image-has-overlay:after{opacity:0.3;}<\/style>\n<div class=\"wp-block-kadence-image kb-image6385_842cf2-04\"><figure class=\"aligncenter size-full\"><img loading=\"lazy\" decoding=\"async\" width=\"1080\" height=\"720\" src=\"https:\/\/zoo.org\/wp-content\/uploads\/2025\/10\/Jungle-Party-Sponsor-Photo-web.jpg\" alt=\"\" class=\"kb-img wp-image-6388\" srcset=\"https:\/\/zoo.org\/wp-content\/uploads\/2025\/10\/Jungle-Party-Sponsor-Photo-web.jpg 1080w, https:\/\/zoo.org\/wp-content\/uploads\/2025\/10\/Jungle-Party-Sponsor-Photo-web-300x200.jpg 300w, https:\/\/zoo.org\/wp-content\/uploads\/2025\/10\/Jungle-Party-Sponsor-Photo-web-1024x683.jpg 1024w, https:\/\/zoo.org\/wp-content\/uploads\/2025\/10\/Jungle-Party-Sponsor-Photo-web-768x512.jpg 768w\" sizes=\"auto, (max-width: 1080px) 100vw, 1080px\" \/><\/figure><\/div>\n\n<p>Nos enorgullece haber servido como punto de referencia para la comunidad y puerta de entrada al mundo de la vida silvestre durante m\u00e1s de un siglo. Con casi 900 animales y un oasis verde de 36 hect\u00e1reas en el coraz\u00f3n del Pac\u00edfico Noroeste, nuestro zool\u00f3gico ofrece atenci\u00f3n de primera clase a la fauna en peligro de extinci\u00f3n, adem\u00e1s de \u00e1rboles aut\u00f3ctonos, plantas tropicales raras y un excepcional jard\u00edn de rosas. Cada a\u00f1o, Jungle Party ha generado ingresos que ayudan a nuestro zool\u00f3gico a elevar los niveles de excelencia en el cuidado de los animales y el dise\u00f1o de exhibiciones, apoyar la conservaci\u00f3n de la vida silvestre a nivel local e internacional, y ofrecer programas educativos para personas de todas las edades. Todos los fondos recaudados se destinan a nuestras operaciones anuales.   <\/p>\n\n<p>El patrocinio de este evento festivo brinda visibilidad a un influyente sector representativo de l\u00edderes y refleja positivamente el liderazgo empresarial en la comunidad en general. Las organizaciones que patrocinan Jungle Party reciben un amplio reconocimiento de nombre y logotipo, adem\u00e1s de beneficios adicionales al evento. Los patrocinadores reciben un amplio reconocimiento en las campa\u00f1as de comunicaci\u00f3n de febrero a agosto con donantes, miembros y la amplia comunidad del zool\u00f3gico. Los beneficios del patrocinio incluyen entradas para el evento, pases para el zool\u00f3gico y tarjetas de membres\u00eda corporativa para involucrar a los empleados.   <\/p>\n\n<div class=\"wp-block-buttons is-content-justification-center is-layout-flex wp-container-core-buttons-is-layout-48d0e691 wp-block-buttons-is-layout-flex\" style=\"margin-top:var(--wp--preset--spacing--60);margin-bottom:var(--wp--preset--spacing--60)\">\n<div class=\"wp-block-button\"><a class=\"wp-block-button__link wp-element-button\" href=\"https:\/\/zoo.org\/wp-content\/uploads\/2025\/10\/2026-Jungle-Party-Sponsorships.pdf\" target=\"_blank\" rel=\"noreferrer noopener\">Informaci\u00f3n de patrocinio corporativo<\/a><\/div>\n<\/div>\n\n<h3 class=\"wp-block-heading\">\u00bfC\u00f3mo puedo convertirme en patrocinador de Jungle Party?<\/h3>\n\n<p>Si tiene preguntas sobre oportunidades de patrocinio, comun\u00edquese con Susan Bell, Oficial de Participaci\u00f3n Corporativa, en <a href=\"mailto:Susan.Bell@zoo.org\">Susan.Bell@zoo.org<\/a> o al 206.548.2439.<\/p>\n<style>.wp-block-kadence-image.kb-image6385_20e3df-2f:not(.kb-specificity-added):not(.kb-extra-specificity-added){margin-top:var(--global-kb-spacing-lg, 3rem);margin-right:0px;margin-bottom:var(--global-kb-spacing-sm, 1.5rem);margin-left:0px;}.kb-image6385_20e3df-2f .kb-image-has-overlay:after{opacity:0.3;}<\/style>\n<div class=\"wp-block-kadence-image kb-image6385_20e3df-2f\"><figure class=\"aligncenter size-full\"><img loading=\"lazy\" decoding=\"async\" width=\"792\" height=\"678\" src=\"https:\/\/zoo.org\/wp-content\/uploads\/2026\/02\/JP-Sponsor-Block-2-20-2026.jpg\" alt=\"Sponsor recognition image listing PACCAR as host, followed by logos of title, premier, gold, centerpiece, sustainability, ambassador, wine, food, and supporting sponsors, including Car Wash, Sound Community Bank, US Bank, Microsoft, Deloitte, and others.\" class=\"kb-img wp-image-20022\" srcset=\"https:\/\/zoo.org\/wp-content\/uploads\/2026\/02\/JP-Sponsor-Block-2-20-2026.jpg 792w, https:\/\/zoo.org\/wp-content\/uploads\/2026\/02\/JP-Sponsor-Block-2-20-2026-300x257.jpg 300w, https:\/\/zoo.org\/wp-content\/uploads\/2026\/02\/JP-Sponsor-Block-2-20-2026-150x128.jpg 150w, https:\/\/zoo.org\/wp-content\/uploads\/2026\/02\/JP-Sponsor-Block-2-20-2026-768x657.jpg 768w\" sizes=\"auto, (max-width: 792px) 100vw, 792px\" \/><\/figure><\/div>\n","protected":false},"excerpt":{"rendered":"<p>FIESTA EN LA JUNGLA Voces de lo salvaje \u00a1\u00danase a nosotros en nuestro evento del 50 aniversario! Viernes 10 de julio de 2026 North Meadow del zool\u00f3gico Woodland Park PATROCINADORES [&hellip;]<\/p>\n","protected":false},"author":1,"featured_media":10081,"parent":12104,"menu_order":0,"comment_status":"closed","ping_status":"closed","template":"","meta":{"_acf_changed":false,"_kad_blocks_custom_css":"","_kad_blocks_head_custom_js":"","_kad_blocks_body_custom_js":"","_kad_blocks_footer_custom_js":"","footnotes":""},"class_list":["post-10080","page","type-page","status-publish","has-post-thumbnail","hentry"],"blocksy_meta":{"vertical_spacing_source":"custom","content_area_spacing":"bottom","styles_descriptor":{"styles":{"desktop":"","tablet":"","mobile":""},"google_fonts":[],"version":6}},"acf":[],"yoast_head":"<!-- This site is optimized with the Yoast SEO plugin v27.3 - https:\/\/yoast.com\/product\/yoast-seo-wordpress\/ -->\n<title>-<\/title>\n<meta name=\"description\" content=\"No te pierdas la fiesta m\u00e1s salvaje de Seattle, la fiesta de recaudaci\u00f3n de fondos Jungle Party del Woodland Park Zoo.\" \/>\n<meta name=\"robots\" content=\"index, follow, max-snippet:-1, max-image-preview:large, max-video-preview:-1\" \/>\n<link rel=\"canonical\" href=\"https:\/\/zoo.org\/es\/fiesta-en-la-jungla\/patrocinadores-de-jp\/\" \/>\n<meta property=\"og:locale\" content=\"es_ES\" \/>\n<meta property=\"og:type\" content=\"article\" \/>\n<meta property=\"og:title\" content=\"-\" \/>\n<meta property=\"og:description\" content=\"No te pierdas la fiesta m\u00e1s salvaje de Seattle, la fiesta de recaudaci\u00f3n de fondos Jungle Party del Woodland Park Zoo.\" \/>\n<meta property=\"og:url\" content=\"https:\/\/zoo.org\/es\/fiesta-en-la-jungla\/patrocinadores-de-jp\/\" \/>\n<meta property=\"og:site_name\" content=\"Zool\u00f3gico Woodland Park\" \/>\n<meta property=\"article:modified_time\" content=\"2026-02-24T18:24:57+00:00\" \/>\n<meta property=\"og:image\" content=\"https:\/\/zoo.org\/wp-content\/uploads\/2025\/10\/Jungle-Party-2024-12-web.jpg?wsr\" \/>\n\t<meta property=\"og:image:width\" content=\"800\" \/>\n\t<meta property=\"og:image:height\" content=\"533\" \/>\n\t<meta property=\"og:image:type\" content=\"image\/jpeg\" \/>\n<meta name=\"twitter:card\" content=\"summary_large_image\" \/>\n<script type=\"application\/ld+json\" class=\"yoast-schema-graph\">{\"@context\":\"https:\\\/\\\/schema.org\",\"@graph\":[{\"@type\":\"WebPage\",\"@id\":\"https:\\\/\\\/zoo.org\\\/es\\\/fiesta-en-la-jungla\\\/patrocinadores-de-jp\\\/\",\"url\":\"https:\\\/\\\/zoo.org\\\/es\\\/fiesta-en-la-jungla\\\/patrocinadores-de-jp\\\/\",\"name\":\"-\",\"isPartOf\":{\"@id\":\"https:\\\/\\\/zoo.org\\\/es\\\/#website\"},\"primaryImageOfPage\":{\"@id\":\"https:\\\/\\\/zoo.org\\\/es\\\/fiesta-en-la-jungla\\\/patrocinadores-de-jp\\\/#primaryimage\"},\"image\":{\"@id\":\"https:\\\/\\\/zoo.org\\\/es\\\/fiesta-en-la-jungla\\\/patrocinadores-de-jp\\\/#primaryimage\"},\"thumbnailUrl\":\"https:\\\/\\\/zoo.org\\\/wp-content\\\/uploads\\\/2025\\\/10\\\/Jungle-Party-2024-12-web.jpg?wsr\",\"datePublished\":\"2025-10-15T17:41:29+00:00\",\"dateModified\":\"2026-02-24T18:24:57+00:00\",\"description\":\"No te pierdas la fiesta m\u00e1s salvaje de Seattle, la fiesta de recaudaci\u00f3n de fondos Jungle Party del Woodland Park Zoo.\",\"breadcrumb\":{\"@id\":\"https:\\\/\\\/zoo.org\\\/es\\\/fiesta-en-la-jungla\\\/patrocinadores-de-jp\\\/#breadcrumb\"},\"inLanguage\":\"es\",\"potentialAction\":[{\"@type\":\"ReadAction\",\"target\":[\"https:\\\/\\\/zoo.org\\\/es\\\/fiesta-en-la-jungla\\\/patrocinadores-de-jp\\\/\"]}]},{\"@type\":\"ImageObject\",\"inLanguage\":\"es\",\"@id\":\"https:\\\/\\\/zoo.org\\\/es\\\/fiesta-en-la-jungla\\\/patrocinadores-de-jp\\\/#primaryimage\",\"url\":\"https:\\\/\\\/zoo.org\\\/wp-content\\\/uploads\\\/2025\\\/10\\\/Jungle-Party-2024-12-web.jpg?wsr\",\"contentUrl\":\"https:\\\/\\\/zoo.org\\\/wp-content\\\/uploads\\\/2025\\\/10\\\/Jungle-Party-2024-12-web.jpg?wsr\",\"width\":800,\"height\":533,\"caption\":\"Un flamenco con sus alas abiertas se encuentra sobre el c\u00e9sped frente a un grupo de personas sorprendidas y sonrientes al aire libre, con \u00e1rboles de fondo.\"},{\"@type\":\"BreadcrumbList\",\"@id\":\"https:\\\/\\\/zoo.org\\\/es\\\/fiesta-en-la-jungla\\\/patrocinadores-de-jp\\\/#breadcrumb\",\"itemListElement\":[{\"@type\":\"ListItem\",\"position\":1,\"name\":\"Hogar\",\"item\":\"https:\\\/\\\/zoo.org\\\/es\\\/\"},{\"@type\":\"ListItem\",\"position\":2,\"name\":\"Fiesta en la jungla\",\"item\":\"https:\\\/\\\/zoo.org\\\/es\\\/fiesta-en-la-jungla\\\/\"},{\"@type\":\"ListItem\",\"position\":3,\"name\":\"Patrocinadores de Jungle Party\"}]},{\"@type\":\"WebSite\",\"@id\":\"https:\\\/\\\/zoo.org\\\/es\\\/#website\",\"url\":\"https:\\\/\\\/zoo.org\\\/es\\\/\",\"name\":\"Zool\u00f3gico Woodland Park\",\"description\":\"El Zool\u00f3gico Woodland Park salva la vida silvestre e inspira a todos a hacer de la conservaci\u00f3n una prioridad en sus vidas.\",\"publisher\":{\"@id\":\"https:\\\/\\\/zoo.org\\\/es\\\/#organization\"},\"potentialAction\":[{\"@type\":\"SearchAction\",\"target\":{\"@type\":\"EntryPoint\",\"urlTemplate\":\"https:\\\/\\\/zoo.org\\\/es\\\/?s={search_term_string}\"},\"query-input\":{\"@type\":\"PropertyValueSpecification\",\"valueRequired\":true,\"valueName\":\"search_term_string\"}}],\"inLanguage\":\"es\"},{\"@type\":\"Organization\",\"@id\":\"https:\\\/\\\/zoo.org\\\/es\\\/#organization\",\"name\":\"Zool\u00f3gico Woodland Park\",\"url\":\"https:\\\/\\\/zoo.org\\\/es\\\/\",\"logo\":{\"@type\":\"ImageObject\",\"inLanguage\":\"es\",\"@id\":\"https:\\\/\\\/zoo.org\\\/es\\\/#\\\/schema\\\/logo\\\/image\\\/\",\"url\":\"https:\\\/\\\/zoo.org\\\/wp-content\\\/uploads\\\/2026\\\/01\\\/WPZ-Logo_white-SVG.svg?wsr\",\"contentUrl\":\"https:\\\/\\\/zoo.org\\\/wp-content\\\/uploads\\\/2026\\\/01\\\/WPZ-Logo_white-SVG.svg?wsr\",\"width\":288,\"height\":282,\"caption\":\"Zool\u00f3gico Woodland Park\"},\"image\":{\"@id\":\"https:\\\/\\\/zoo.org\\\/es\\\/#\\\/schema\\\/logo\\\/image\\\/\"}}]}<\/script>\n<!-- \/ Yoast SEO plugin. -->","yoast_head_json":{"title":"-","description":"No te pierdas la fiesta m\u00e1s salvaje de Seattle, la fiesta de recaudaci\u00f3n de fondos Jungle Party del Woodland Park Zoo.","robots":{"index":"index","follow":"follow","max-snippet":"max-snippet:-1","max-image-preview":"max-image-preview:large","max-video-preview":"max-video-preview:-1"},"canonical":"https:\/\/zoo.org\/es\/fiesta-en-la-jungla\/patrocinadores-de-jp\/","og_locale":"es_ES","og_type":"article","og_title":"-","og_description":"No te pierdas la fiesta m\u00e1s salvaje de Seattle, la fiesta de recaudaci\u00f3n de fondos Jungle Party del Woodland Park Zoo.","og_url":"https:\/\/zoo.org\/es\/fiesta-en-la-jungla\/patrocinadores-de-jp\/","og_site_name":"Zool\u00f3gico Woodland Park","article_modified_time":"2026-02-24T18:24:57+00:00","og_image":[{"width":800,"height":533,"url":"https:\/\/zoo.org\/wp-content\/uploads\/2025\/10\/Jungle-Party-2024-12-web.jpg?wsr","type":"image\/jpeg"}],"twitter_card":"summary_large_image","schema":{"@context":"https:\/\/schema.org","@graph":[{"@type":"WebPage","@id":"https:\/\/zoo.org\/es\/fiesta-en-la-jungla\/patrocinadores-de-jp\/","url":"https:\/\/zoo.org\/es\/fiesta-en-la-jungla\/patrocinadores-de-jp\/","name":"-","isPartOf":{"@id":"https:\/\/zoo.org\/es\/#website"},"primaryImageOfPage":{"@id":"https:\/\/zoo.org\/es\/fiesta-en-la-jungla\/patrocinadores-de-jp\/#primaryimage"},"image":{"@id":"https:\/\/zoo.org\/es\/fiesta-en-la-jungla\/patrocinadores-de-jp\/#primaryimage"},"thumbnailUrl":"https:\/\/zoo.org\/wp-content\/uploads\/2025\/10\/Jungle-Party-2024-12-web.jpg?wsr","datePublished":"2025-10-15T17:41:29+00:00","dateModified":"2026-02-24T18:24:57+00:00","description":"No te pierdas la fiesta m\u00e1s salvaje de Seattle, la fiesta de recaudaci\u00f3n de fondos Jungle Party del Woodland Park Zoo.","breadcrumb":{"@id":"https:\/\/zoo.org\/es\/fiesta-en-la-jungla\/patrocinadores-de-jp\/#breadcrumb"},"inLanguage":"es","potentialAction":[{"@type":"ReadAction","target":["https:\/\/zoo.org\/es\/fiesta-en-la-jungla\/patrocinadores-de-jp\/"]}]},{"@type":"ImageObject","inLanguage":"es","@id":"https:\/\/zoo.org\/es\/fiesta-en-la-jungla\/patrocinadores-de-jp\/#primaryimage","url":"https:\/\/zoo.org\/wp-content\/uploads\/2025\/10\/Jungle-Party-2024-12-web.jpg?wsr","contentUrl":"https:\/\/zoo.org\/wp-content\/uploads\/2025\/10\/Jungle-Party-2024-12-web.jpg?wsr","width":800,"height":533,"caption":"Un flamenco con sus alas abiertas se encuentra sobre el c\u00e9sped frente a un grupo de personas sorprendidas y sonrientes al aire libre, con \u00e1rboles de fondo."},{"@type":"BreadcrumbList","@id":"https:\/\/zoo.org\/es\/fiesta-en-la-jungla\/patrocinadores-de-jp\/#breadcrumb","itemListElement":[{"@type":"ListItem","position":1,"name":"Hogar","item":"https:\/\/zoo.org\/es\/"},{"@type":"ListItem","position":2,"name":"Fiesta en la jungla","item":"https:\/\/zoo.org\/es\/fiesta-en-la-jungla\/"},{"@type":"ListItem","position":3,"name":"Patrocinadores de Jungle Party"}]},{"@type":"WebSite","@id":"https:\/\/zoo.org\/es\/#website","url":"https:\/\/zoo.org\/es\/","name":"Zool\u00f3gico Woodland Park","description":"El Zool\u00f3gico Woodland Park salva la vida silvestre e inspira a todos a hacer de la conservaci\u00f3n una prioridad en sus vidas.","publisher":{"@id":"https:\/\/zoo.org\/es\/#organization"},"potentialAction":[{"@type":"SearchAction","target":{"@type":"EntryPoint","urlTemplate":"https:\/\/zoo.org\/es\/?s={search_term_string}"},"query-input":{"@type":"PropertyValueSpecification","valueRequired":true,"valueName":"search_term_string"}}],"inLanguage":"es"},{"@type":"Organization","@id":"https:\/\/zoo.org\/es\/#organization","name":"Zool\u00f3gico Woodland Park","url":"https:\/\/zoo.org\/es\/","logo":{"@type":"ImageObject","inLanguage":"es","@id":"https:\/\/zoo.org\/es\/#\/schema\/logo\/image\/","url":"https:\/\/zoo.org\/wp-content\/uploads\/2026\/01\/WPZ-Logo_white-SVG.svg?wsr","contentUrl":"https:\/\/zoo.org\/wp-content\/uploads\/2026\/01\/WPZ-Logo_white-SVG.svg?wsr","width":288,"height":282,"caption":"Zool\u00f3gico Woodland Park"},"image":{"@id":"https:\/\/zoo.org\/es\/#\/schema\/logo\/image\/"}}]}},"taxonomy_info":[],"featured_image_src_large":["https:\/\/zoo.org\/wp-content\/uploads\/2025\/10\/Jungle-Party-2024-12-web.jpg?wsr",800,533,false],"author_info":{"display_name":"jloughlin","author_link":"https:\/\/zoo.org\/es\/author\/jloughlin\/"},"comment_info":0,"_links":{"self":[{"href":"https:\/\/zoo.org\/es\/wp-json\/wp\/v2\/pages\/10080","targetHints":{"allow":["GET"]}}],"collection":[{"href":"https:\/\/zoo.org\/es\/wp-json\/wp\/v2\/pages"}],"about":[{"href":"https:\/\/zoo.org\/es\/wp-json\/wp\/v2\/types\/page"}],"author":[{"embeddable":true,"href":"https:\/\/zoo.org\/es\/wp-json\/wp\/v2\/users\/1"}],"replies":[{"embeddable":true,"href":"https:\/\/zoo.org\/es\/wp-json\/wp\/v2\/comments?post=10080"}],"version-history":[{"count":0,"href":"https:\/\/zoo.org\/es\/wp-json\/wp\/v2\/pages\/10080\/revisions"}],"up":[{"embeddable":true,"href":"https:\/\/zoo.org\/es\/wp-json\/wp\/v2\/pages\/12104"}],"wp:featuredmedia":[{"embeddable":true,"href":"https:\/\/zoo.org\/es\/wp-json\/wp\/v2\/media\/10081"}],"wp:attachment":[{"href":"https:\/\/zoo.org\/es\/wp-json\/wp\/v2\/media?parent=10080"}],"curies":[{"name":"wp","href":"https:\/\/api.w.org\/{rel}","templated":true}]}}