{"id":10084,"date":"2025-10-15T10:38:35","date_gmt":"2025-10-15T17:38:35","guid":{"rendered":"https:\/\/zoo.org\/donacion-de-jp\/"},"modified":"2026-02-24T10:25:03","modified_gmt":"2026-02-24T18:25:03","slug":"donacion-de-jp","status":"publish","type":"page","link":"https:\/\/zoo.org\/es\/fiesta-en-la-jungla\/donacion-de-jp\/","title":{"rendered":"Donaci\u00f3n para la fiesta en la jungla"},"content":{"rendered":"\n<div class=\"wp-block-cover alignfull is-light hero\" style=\"margin-top:0;margin-bottom:0;min-height:400px;aspect-ratio:unset;\"><img loading=\"lazy\" decoding=\"async\" width=\"1920\" height=\"400\" class=\"wp-block-cover__image-background wp-image-20021 size-full\" alt=\"Three stylized gold and black animal illustrations\u2014a bird, a leopard, and a howling wolf\u2014are set against textured marbled and abstract backgrounds with gold accents.\" src=\"https:\/\/zoo.org\/wp-content\/uploads\/2026\/02\/JP26_WebBanner_1920x400-web.jpg\" data-object-fit=\"cover\" srcset=\"https:\/\/zoo.org\/wp-content\/uploads\/2026\/02\/JP26_WebBanner_1920x400-web.jpg 1920w, https:\/\/zoo.org\/wp-content\/uploads\/2026\/02\/JP26_WebBanner_1920x400-web-300x63.jpg 300w, https:\/\/zoo.org\/wp-content\/uploads\/2026\/02\/JP26_WebBanner_1920x400-web-1024x213.jpg 1024w, https:\/\/zoo.org\/wp-content\/uploads\/2026\/02\/JP26_WebBanner_1920x400-web-150x31.jpg 150w, https:\/\/zoo.org\/wp-content\/uploads\/2026\/02\/JP26_WebBanner_1920x400-web-768x160.jpg 768w, https:\/\/zoo.org\/wp-content\/uploads\/2026\/02\/JP26_WebBanner_1920x400-web-1536x320.jpg 1536w\" sizes=\"auto, (max-width: 1920px) 100vw, 1920px\" \/><span aria-hidden=\"true\" class=\"wp-block-cover__background has-background-dim-0 has-background-dim\" style=\"background-color:#d1ccc6\"><\/span><div class=\"wp-block-cover__inner-container is-layout-constrained wp-block-cover-is-layout-constrained\">\n<p class=\"has-text-align-center has-large-font-size\"><\/p>\n<\/div><\/div>\n\n<div class=\"wp-block-group is-layout-constrained wp-block-group-is-layout-constrained\" style=\"margin-top:2em;margin-bottom:3em\">\n<h1 class=\"wp-block-heading has-text-align-center\" style=\"margin-top:0.65em;margin-bottom:0.275em\">FIESTA EN LA JUNGLA<\/h1>\n\n\n\n<p class=\"has-text-align-center has-palette-color-3-color has-text-color has-link-color wp-elements-b8efc46c378f552c84c39a3c2cbbe101\" style=\"margin-bottom:1em;font-size:clamp(0.984em, 0.984rem + ((1vw - 0.2em) * 0.645), 1.5em);font-style:normal;font-weight:500;line-height:1.5\"><strong><strong>Voces de lo salvaje<\/strong><\/strong><br\/> \u00a1\u00danase a nosotros en nuestro evento del 50 aniversario!<\/p>\n\n\n\n<p class=\"has-text-align-center has-palette-color-3-color has-text-color has-link-color wp-elements-39ebd7d9e28e8848d05225e42f4150db\" style=\"margin-bottom:1em;font-size:clamp(0.984em, 0.984rem + ((1vw - 0.2em) * 0.645), 1.5em);line-height:1.5\">Viernes 10 de julio de 2026<br\/> North Meadow del zool\u00f3gico Woodland Park<\/p>\n<\/div>\n\n<div class=\"wp-block-group alignfull divider is-layout-constrained wp-block-group-is-layout-constrained\">\n<h2 class=\"wp-block-heading alignfull has-text-align-center\">FINANCIAR NUESTRO FUTURO<\/h2>\n<\/div>\n\n<div class=\"wp-block-buttons is-content-justification-center is-layout-flex wp-container-core-buttons-is-layout-a89b3969 wp-block-buttons-is-layout-flex\">\n<div class=\"wp-block-button\"><a class=\"wp-block-button__link wp-element-button\" href=\"?campa&#xF1;a=513680\">Haz un regalo<\/a><\/div>\n<\/div>\n\n<h3 class=\"wp-block-heading\">Creando un hogar para especies emblem\u00e1ticas<\/h3>\n\n<p>Crear un hogar de primera clase para una amplia gama de especies en peligro de extinci\u00f3n y amenazadas dentro de nuestro zool\u00f3gico de 125 a\u00f1os es nuestra especialidad, \u00a1y tambi\u00e9n una tarea monumental! Sus donaciones a Fund Our Future este a\u00f1o nos ayudar\u00e1n a seguir desarrollando nuestro zool\u00f3gico como un lugar acogedor tanto para animales como para personas. <\/p>\n\n<h3 class=\"wp-block-heading\">Abriendo puertas significativas para las nuevas generaciones<\/h3>\n\n<p>Con tu apoyo durante Fund Our Future, est\u00e1s brindando a los j\u00f3venes las herramientas para forjar el futuro en su propio entorno. Independientemente de c\u00f3mo la pr\u00f3xima generaci\u00f3n de conservacionistas experimente el zool\u00f3gico \u2014ya sea con una sola visita con su clase, un campamento de verano centrado en STEM o la pasant\u00eda de sus sue\u00f1os\u2014, estamos creando recuerdos y habilidades con un impacto duradero. <\/p>\n\n<h3 class=\"wp-block-heading\">Construyendo un zool\u00f3gico m\u00e1s verde para el siglo XXI<\/h3>\n\n<p>Juntos, estamos construyendo un zool\u00f3gico resiliente y con visi\u00f3n de futuro, que ofrece un espacio acogedor para las personas y la m\u00e1s alta calidad de atenci\u00f3n para los animales. Su apoyo contribuir\u00e1 a implementar nuevas mejoras sostenibles en el zool\u00f3gico, como una ambulancia h\u00edbrida y otras mejoras que permiten a nuestro equipo veterinario brindar atenci\u00f3n eficiente y ecol\u00f3gica. <\/p>\n\n<p>Al financiar nuestro futuro, tambi\u00e9n nos ayuda a preparar Forest Trailhead (nuestro nuevo h\u00e1bitat m\u00e1s sustentable y ambicioso hasta el momento) para su apertura en 2026.<\/p>\n","protected":false},"excerpt":{"rendered":"<p>FIESTA EN LA JUNGLA Voces de lo salvaje \u00a1\u00danase a nosotros en nuestro evento del 50 aniversario! Viernes 10 de julio de 2026 North Meadow del zool\u00f3gico Woodland Park FINANCIAR [&hellip;]<\/p>\n","protected":false},"author":1,"featured_media":10081,"parent":12104,"menu_order":0,"comment_status":"closed","ping_status":"closed","template":"","meta":{"_acf_changed":false,"_kad_blocks_custom_css":"","_kad_blocks_head_custom_js":"","_kad_blocks_body_custom_js":"","_kad_blocks_footer_custom_js":"","footnotes":""},"class_list":["post-10084","page","type-page","status-publish","has-post-thumbnail","hentry"],"blocksy_meta":{"vertical_spacing_source":"custom","content_area_spacing":"bottom","styles_descriptor":{"styles":{"desktop":"","tablet":"","mobile":""},"google_fonts":[],"version":6}},"acf":[],"yoast_head":"<!-- This site is optimized with the Yoast SEO plugin v27.4 - https:\/\/yoast.com\/product\/yoast-seo-wordpress\/ -->\n<title>-<\/title>\n<meta name=\"robots\" content=\"index, follow, max-snippet:-1, max-image-preview:large, max-video-preview:-1\" \/>\n<link rel=\"canonical\" href=\"https:\/\/zoo.org\/es\/fiesta-en-la-jungla\/donacion-de-jp\/\" \/>\n<meta property=\"og:locale\" content=\"es_ES\" \/>\n<meta property=\"og:type\" content=\"article\" \/>\n<meta property=\"og:title\" content=\"-\" \/>\n<meta property=\"og:description\" content=\"FIESTA EN LA JUNGLA Voces de lo salvaje \u00a1\u00danase a nosotros en nuestro evento del 50 aniversario! Viernes 10 de julio de 2026 North Meadow del zool\u00f3gico Woodland Park FINANCIAR [&hellip;]\" \/>\n<meta property=\"og:url\" content=\"https:\/\/zoo.org\/es\/fiesta-en-la-jungla\/donacion-de-jp\/\" \/>\n<meta property=\"og:site_name\" content=\"Zool\u00f3gico Woodland Park\" \/>\n<meta property=\"article:modified_time\" content=\"2026-02-24T18:25:03+00:00\" \/>\n<meta property=\"og:image\" content=\"https:\/\/zoo.org\/wp-content\/uploads\/2025\/10\/Jungle-Party-2024-12-web.jpg?wsr\" \/>\n\t<meta property=\"og:image:width\" content=\"800\" \/>\n\t<meta property=\"og:image:height\" content=\"533\" \/>\n\t<meta property=\"og:image:type\" content=\"image\/jpeg\" \/>\n<meta name=\"twitter:card\" content=\"summary_large_image\" \/>\n<script type=\"application\/ld+json\" class=\"yoast-schema-graph\">{\"@context\":\"https:\\\/\\\/schema.org\",\"@graph\":[{\"@type\":\"WebPage\",\"@id\":\"https:\\\/\\\/zoo.org\\\/es\\\/fiesta-en-la-jungla\\\/donacion-de-jp\\\/\",\"url\":\"https:\\\/\\\/zoo.org\\\/es\\\/fiesta-en-la-jungla\\\/donacion-de-jp\\\/\",\"name\":\"-\",\"isPartOf\":{\"@id\":\"https:\\\/\\\/zoo.org\\\/es\\\/#website\"},\"primaryImageOfPage\":{\"@id\":\"https:\\\/\\\/zoo.org\\\/es\\\/fiesta-en-la-jungla\\\/donacion-de-jp\\\/#primaryimage\"},\"image\":{\"@id\":\"https:\\\/\\\/zoo.org\\\/es\\\/fiesta-en-la-jungla\\\/donacion-de-jp\\\/#primaryimage\"},\"thumbnailUrl\":\"https:\\\/\\\/zoo.org\\\/wp-content\\\/uploads\\\/2025\\\/10\\\/Jungle-Party-2024-12-web.jpg?wsr\",\"datePublished\":\"2025-10-15T17:38:35+00:00\",\"dateModified\":\"2026-02-24T18:25:03+00:00\",\"breadcrumb\":{\"@id\":\"https:\\\/\\\/zoo.org\\\/es\\\/fiesta-en-la-jungla\\\/donacion-de-jp\\\/#breadcrumb\"},\"inLanguage\":\"es\",\"potentialAction\":[{\"@type\":\"ReadAction\",\"target\":[\"https:\\\/\\\/zoo.org\\\/es\\\/fiesta-en-la-jungla\\\/donacion-de-jp\\\/\"]}]},{\"@type\":\"ImageObject\",\"inLanguage\":\"es\",\"@id\":\"https:\\\/\\\/zoo.org\\\/es\\\/fiesta-en-la-jungla\\\/donacion-de-jp\\\/#primaryimage\",\"url\":\"https:\\\/\\\/zoo.org\\\/wp-content\\\/uploads\\\/2025\\\/10\\\/Jungle-Party-2024-12-web.jpg?wsr\",\"contentUrl\":\"https:\\\/\\\/zoo.org\\\/wp-content\\\/uploads\\\/2025\\\/10\\\/Jungle-Party-2024-12-web.jpg?wsr\",\"width\":800,\"height\":533,\"caption\":\"Un flamenco con sus alas abiertas se encuentra sobre el c\u00e9sped frente a un grupo de personas sorprendidas y sonrientes al aire libre, con \u00e1rboles de fondo.\"},{\"@type\":\"BreadcrumbList\",\"@id\":\"https:\\\/\\\/zoo.org\\\/es\\\/fiesta-en-la-jungla\\\/donacion-de-jp\\\/#breadcrumb\",\"itemListElement\":[{\"@type\":\"ListItem\",\"position\":1,\"name\":\"Hogar\",\"item\":\"https:\\\/\\\/zoo.org\\\/es\\\/\"},{\"@type\":\"ListItem\",\"position\":2,\"name\":\"Fiesta en la jungla\",\"item\":\"https:\\\/\\\/zoo.org\\\/es\\\/fiesta-en-la-jungla\\\/\"},{\"@type\":\"ListItem\",\"position\":3,\"name\":\"Donaci\u00f3n para la fiesta en la jungla\"}]},{\"@type\":\"WebSite\",\"@id\":\"https:\\\/\\\/zoo.org\\\/es\\\/#website\",\"url\":\"https:\\\/\\\/zoo.org\\\/es\\\/\",\"name\":\"Zool\u00f3gico Woodland Park\",\"description\":\"El Zool\u00f3gico Woodland Park salva la vida silvestre e inspira a todos a hacer de la conservaci\u00f3n una prioridad en sus vidas.\",\"publisher\":{\"@id\":\"https:\\\/\\\/zoo.org\\\/es\\\/#organization\"},\"potentialAction\":[{\"@type\":\"SearchAction\",\"target\":{\"@type\":\"EntryPoint\",\"urlTemplate\":\"https:\\\/\\\/zoo.org\\\/es\\\/?s={search_term_string}\"},\"query-input\":{\"@type\":\"PropertyValueSpecification\",\"valueRequired\":true,\"valueName\":\"search_term_string\"}}],\"inLanguage\":\"es\"},{\"@type\":\"Organization\",\"@id\":\"https:\\\/\\\/zoo.org\\\/es\\\/#organization\",\"name\":\"Zool\u00f3gico Woodland Park\",\"url\":\"https:\\\/\\\/zoo.org\\\/es\\\/\",\"logo\":{\"@type\":\"ImageObject\",\"inLanguage\":\"es\",\"@id\":\"https:\\\/\\\/zoo.org\\\/es\\\/#\\\/schema\\\/logo\\\/image\\\/\",\"url\":\"https:\\\/\\\/zoo.org\\\/wp-content\\\/uploads\\\/2026\\\/01\\\/WPZ-Logo_white-SVG.svg?wsr\",\"contentUrl\":\"https:\\\/\\\/zoo.org\\\/wp-content\\\/uploads\\\/2026\\\/01\\\/WPZ-Logo_white-SVG.svg?wsr\",\"width\":288,\"height\":282,\"caption\":\"Zool\u00f3gico Woodland Park\"},\"image\":{\"@id\":\"https:\\\/\\\/zoo.org\\\/es\\\/#\\\/schema\\\/logo\\\/image\\\/\"}}]}<\/script>\n<!-- \/ Yoast SEO plugin. -->","yoast_head_json":{"title":"-","robots":{"index":"index","follow":"follow","max-snippet":"max-snippet:-1","max-image-preview":"max-image-preview:large","max-video-preview":"max-video-preview:-1"},"canonical":"https:\/\/zoo.org\/es\/fiesta-en-la-jungla\/donacion-de-jp\/","og_locale":"es_ES","og_type":"article","og_title":"-","og_description":"FIESTA EN LA JUNGLA Voces de lo salvaje \u00a1\u00danase a nosotros en nuestro evento del 50 aniversario! Viernes 10 de julio de 2026 North Meadow del zool\u00f3gico Woodland Park FINANCIAR [&hellip;]","og_url":"https:\/\/zoo.org\/es\/fiesta-en-la-jungla\/donacion-de-jp\/","og_site_name":"Zool\u00f3gico Woodland Park","article_modified_time":"2026-02-24T18:25:03+00:00","og_image":[{"width":800,"height":533,"url":"https:\/\/zoo.org\/wp-content\/uploads\/2025\/10\/Jungle-Party-2024-12-web.jpg?wsr","type":"image\/jpeg"}],"twitter_card":"summary_large_image","schema":{"@context":"https:\/\/schema.org","@graph":[{"@type":"WebPage","@id":"https:\/\/zoo.org\/es\/fiesta-en-la-jungla\/donacion-de-jp\/","url":"https:\/\/zoo.org\/es\/fiesta-en-la-jungla\/donacion-de-jp\/","name":"-","isPartOf":{"@id":"https:\/\/zoo.org\/es\/#website"},"primaryImageOfPage":{"@id":"https:\/\/zoo.org\/es\/fiesta-en-la-jungla\/donacion-de-jp\/#primaryimage"},"image":{"@id":"https:\/\/zoo.org\/es\/fiesta-en-la-jungla\/donacion-de-jp\/#primaryimage"},"thumbnailUrl":"https:\/\/zoo.org\/wp-content\/uploads\/2025\/10\/Jungle-Party-2024-12-web.jpg?wsr","datePublished":"2025-10-15T17:38:35+00:00","dateModified":"2026-02-24T18:25:03+00:00","breadcrumb":{"@id":"https:\/\/zoo.org\/es\/fiesta-en-la-jungla\/donacion-de-jp\/#breadcrumb"},"inLanguage":"es","potentialAction":[{"@type":"ReadAction","target":["https:\/\/zoo.org\/es\/fiesta-en-la-jungla\/donacion-de-jp\/"]}]},{"@type":"ImageObject","inLanguage":"es","@id":"https:\/\/zoo.org\/es\/fiesta-en-la-jungla\/donacion-de-jp\/#primaryimage","url":"https:\/\/zoo.org\/wp-content\/uploads\/2025\/10\/Jungle-Party-2024-12-web.jpg?wsr","contentUrl":"https:\/\/zoo.org\/wp-content\/uploads\/2025\/10\/Jungle-Party-2024-12-web.jpg?wsr","width":800,"height":533,"caption":"Un flamenco con sus alas abiertas se encuentra sobre el c\u00e9sped frente a un grupo de personas sorprendidas y sonrientes al aire libre, con \u00e1rboles de fondo."},{"@type":"BreadcrumbList","@id":"https:\/\/zoo.org\/es\/fiesta-en-la-jungla\/donacion-de-jp\/#breadcrumb","itemListElement":[{"@type":"ListItem","position":1,"name":"Hogar","item":"https:\/\/zoo.org\/es\/"},{"@type":"ListItem","position":2,"name":"Fiesta en la jungla","item":"https:\/\/zoo.org\/es\/fiesta-en-la-jungla\/"},{"@type":"ListItem","position":3,"name":"Donaci\u00f3n para la fiesta en la jungla"}]},{"@type":"WebSite","@id":"https:\/\/zoo.org\/es\/#website","url":"https:\/\/zoo.org\/es\/","name":"Zool\u00f3gico Woodland Park","description":"El Zool\u00f3gico Woodland Park salva la vida silvestre e inspira a todos a hacer de la conservaci\u00f3n una prioridad en sus vidas.","publisher":{"@id":"https:\/\/zoo.org\/es\/#organization"},"potentialAction":[{"@type":"SearchAction","target":{"@type":"EntryPoint","urlTemplate":"https:\/\/zoo.org\/es\/?s={search_term_string}"},"query-input":{"@type":"PropertyValueSpecification","valueRequired":true,"valueName":"search_term_string"}}],"inLanguage":"es"},{"@type":"Organization","@id":"https:\/\/zoo.org\/es\/#organization","name":"Zool\u00f3gico Woodland Park","url":"https:\/\/zoo.org\/es\/","logo":{"@type":"ImageObject","inLanguage":"es","@id":"https:\/\/zoo.org\/es\/#\/schema\/logo\/image\/","url":"https:\/\/zoo.org\/wp-content\/uploads\/2026\/01\/WPZ-Logo_white-SVG.svg?wsr","contentUrl":"https:\/\/zoo.org\/wp-content\/uploads\/2026\/01\/WPZ-Logo_white-SVG.svg?wsr","width":288,"height":282,"caption":"Zool\u00f3gico Woodland Park"},"image":{"@id":"https:\/\/zoo.org\/es\/#\/schema\/logo\/image\/"}}]}},"taxonomy_info":[],"featured_image_src_large":["https:\/\/zoo.org\/wp-content\/uploads\/2025\/10\/Jungle-Party-2024-12-web.jpg?wsr",800,533,false],"author_info":{"display_name":"jloughlin","author_link":"https:\/\/zoo.org\/es\/author\/jloughlin\/"},"comment_info":0,"_links":{"self":[{"href":"https:\/\/zoo.org\/es\/wp-json\/wp\/v2\/pages\/10084","targetHints":{"allow":["GET"]}}],"collection":[{"href":"https:\/\/zoo.org\/es\/wp-json\/wp\/v2\/pages"}],"about":[{"href":"https:\/\/zoo.org\/es\/wp-json\/wp\/v2\/types\/page"}],"author":[{"embeddable":true,"href":"https:\/\/zoo.org\/es\/wp-json\/wp\/v2\/users\/1"}],"replies":[{"embeddable":true,"href":"https:\/\/zoo.org\/es\/wp-json\/wp\/v2\/comments?post=10084"}],"version-history":[{"count":0,"href":"https:\/\/zoo.org\/es\/wp-json\/wp\/v2\/pages\/10084\/revisions"}],"up":[{"embeddable":true,"href":"https:\/\/zoo.org\/es\/wp-json\/wp\/v2\/pages\/12104"}],"wp:featuredmedia":[{"embeddable":true,"href":"https:\/\/zoo.org\/es\/wp-json\/wp\/v2\/media\/10081"}],"wp:attachment":[{"href":"https:\/\/zoo.org\/es\/wp-json\/wp\/v2\/media?parent=10084"}],"curies":[{"name":"wp","href":"https:\/\/api.w.org\/{rel}","templated":true}]}}