{"id":10168,"date":"2025-10-15T11:24:21","date_gmt":"2025-10-15T18:24:21","guid":{"rendered":"https:\/\/zoo.org\/empleos\/"},"modified":"2025-12-19T18:25:15","modified_gmt":"2025-12-20T02:25:15","slug":"empleos","status":"publish","type":"page","link":"https:\/\/zoo.org\/es\/empleos\/","title":{"rendered":"Empleos"},"content":{"rendered":"\n<div class=\"wp-block-cover alignfull hero\" style=\"margin-top:0;margin-bottom:0\"><img loading=\"lazy\" decoding=\"async\" width=\"1920\" height=\"400\" class=\"wp-block-cover__image-background wp-image-3493 size-full\" alt=\"\" src=\"https:\/\/zoo.org\/wp-content\/uploads\/2025\/08\/WPZ-Seattle-Aerial-Header-Image.jpg\" data-object-fit=\"cover\" srcset=\"https:\/\/zoo.org\/wp-content\/uploads\/2025\/08\/WPZ-Seattle-Aerial-Header-Image.jpg 1920w, https:\/\/zoo.org\/wp-content\/uploads\/2025\/08\/WPZ-Seattle-Aerial-Header-Image-300x63.jpg 300w, https:\/\/zoo.org\/wp-content\/uploads\/2025\/08\/WPZ-Seattle-Aerial-Header-Image-1024x213.jpg 1024w, https:\/\/zoo.org\/wp-content\/uploads\/2025\/08\/WPZ-Seattle-Aerial-Header-Image-768x160.jpg 768w, https:\/\/zoo.org\/wp-content\/uploads\/2025\/08\/WPZ-Seattle-Aerial-Header-Image-1536x320.jpg 1536w\" sizes=\"auto, (max-width: 1920px) 100vw, 1920px\" \/><span aria-hidden=\"true\" class=\"wp-block-cover__background has-background-dim-0 has-background-dim\" style=\"background-color:#393f38\"><\/span><div class=\"wp-block-cover__inner-container is-layout-constrained wp-block-cover-is-layout-constrained\">\n<p class=\"has-text-align-center has-large-font-size\"><\/p>\n<\/div><\/div>\n\n<div class=\"wp-block-group is-layout-constrained wp-block-group-is-layout-constrained\" style=\"margin-top:2em;margin-bottom:3em\">\n<h1 class=\"wp-block-heading has-text-align-center\" style=\"margin-top:0.65em;margin-bottom:0.275em\">CARRERAS EN EL ZOOL\u00d3GICO<\/h1>\n\n\n\n<p class=\"has-text-align-center has-palette-color-3-color has-text-color has-link-color wp-elements-a2bfb678854f7bf376ebf427dd947362\" style=\"margin-bottom:1em;font-size:clamp(0.984em, 0.984rem + ((1vw - 0.2em) * 0.645), 1.5em);font-style:normal;font-weight:500;line-height:1.5\"><strong>Encuentre ofertas de trabajo y oportunidades profesionales actuales<\/strong><\/p>\n<\/div>\n\n<div class=\"wp-block-group alignfull divider is-layout-constrained wp-block-group-is-layout-constrained\">\n<h2 class=\"wp-block-heading alignfull has-text-align-center\">\u00daNETE A NUESTRO EQUIPO<\/h2>\n<\/div>\n\n<p>El Zool\u00f3gico Woodland Park se compromete a atraer, desarrollar y retener a empleados altamente cualificados. Al ser un entorno de trabajo 24\/7, ofrecemos diversas oportunidades profesionales, incluyendo puestos en gesti\u00f3n animal, desarrollo, educaci\u00f3n, instalaciones, horticultura, atenci\u00f3n al p\u00fablico, tecnolog\u00eda de la informaci\u00f3n, marketing, comercio minorista, seguridad y m\u00e1s.   <\/p>\n\n<p>En el zool\u00f3gico, el empleo es m\u00e1s que un simple trabajo. Los empleados pueden desarrollar su aprecio por los animales, el mundo natural y la necesidad de conservaci\u00f3n a nivel local y global, a la vez que aportan sus habilidades y talentos espec\u00edficos a nuestra misi\u00f3n:   <\/p>\n\n<h3 class=\"wp-block-heading\">Juntos cumplimos nuestra misi\u00f3n:<\/h3>\n\n<p>El Zool\u00f3gico Woodland Park salva la vida silvestre e inspira a todos a hacer de la conservaci\u00f3n una prioridad en sus vidas.<\/p>\n\n<div class=\"wp-block-columns is-layout-flex wp-container-core-columns-is-layout-8562ee88 wp-block-columns-is-layout-flex\" style=\"margin-top:var(--wp--preset--spacing--60)\">\n<div class=\"wp-block-column has-palette-color-17-background-color has-background is-layout-flow wp-container-core-column-is-layout-9b10c18a wp-block-column-is-layout-flow\" style=\"padding-top:0px;padding-right:0px;padding-bottom:0px;padding-left:0px\">\n<figure class=\"wp-block-image size-full\"><img loading=\"lazy\" decoding=\"async\" width=\"800\" height=\"533\" src=\"https:\/\/zoo.org\/wp-content\/uploads\/2025\/12\/2021_01_12-river-otter-26-web.jpg\" alt=\"Una nutria curiosa con el pelaje mojado apoya sus patas delanteras sobre un tronco texturizado y cubierto de musgo en agua azul clara, mirando hacia la c&#xE1;mara.\" class=\"wp-image-8737\" style=\"object-fit:cover\" srcset=\"https:\/\/zoo.org\/wp-content\/uploads\/2025\/12\/2021_01_12-river-otter-26-web.jpg 800w, https:\/\/zoo.org\/wp-content\/uploads\/2025\/12\/2021_01_12-river-otter-26-web-300x200.jpg 300w, https:\/\/zoo.org\/wp-content\/uploads\/2025\/12\/2021_01_12-river-otter-26-web-150x100.jpg 150w, https:\/\/zoo.org\/wp-content\/uploads\/2025\/12\/2021_01_12-river-otter-26-web-768x512.jpg 768w\" sizes=\"auto, (max-width: 800px) 100vw, 800px\" \/><\/figure>\n\n\n\n<div class=\"wp-block-group has-custom-light-grey-background-color has-background is-layout-flow wp-block-group-is-layout-flow\" style=\"border-top-left-radius:0px;border-top-right-radius:0px;border-bottom-left-radius:0px;border-bottom-right-radius:0px;padding-top:25px;padding-right:25px;padding-bottom:25px;padding-left:25px\">\n<h3 class=\"wp-block-heading has-text-align-left\">Postularse a puestos vacantes en el zool\u00f3gico<\/h3>\n\n\n\n<p>Si desea trabajar en un entorno din\u00e1mico con un equipo talentoso, dedicado y divertido, le invitamos a presentar su solicitud en l\u00ednea hoy mismo.<\/p>\n\n\n\n<p class=\"has-text-align-left\"><a href=\"https:\/\/gusea1p01.rec.pro.ukg.net\/WOO1017WPZS\/JobBoard\/90c7449a-ad4d-4bb4-ab6b-8aa035445eb5\/?q=&amp;o=postedDateDesc\" target=\"_blank\" rel=\"noreferrer noopener\">Busca puestos vacantes y post\u00falate<\/a><\/p>\n<\/div>\n<\/div>\n\n\n\n<div class=\"wp-block-column has-palette-color-17-background-color has-background is-layout-flow wp-container-core-column-is-layout-9b10c18a wp-block-column-is-layout-flow\" style=\"padding-top:0px;padding-right:0px;padding-bottom:0px;padding-left:0px\">\n<figure class=\"wp-block-image size-full\"><img loading=\"lazy\" decoding=\"async\" width=\"800\" height=\"533\" src=\"https:\/\/zoo.org\/wp-content\/uploads\/2025\/11\/2023-Fern-Juniper-41-web.jpg\" alt=\"Dos osos pardos descansan sobre una gran roca cubierta de musgo, rodeados de exuberante vegetaci&#xF3;n y &#xE1;rboles iluminados por el sol, con un oso acostado y el otro sentado alerta en el fondo.\" class=\"wp-image-8360\" srcset=\"https:\/\/zoo.org\/wp-content\/uploads\/2025\/11\/2023-Fern-Juniper-41-web.jpg 800w, https:\/\/zoo.org\/wp-content\/uploads\/2025\/11\/2023-Fern-Juniper-41-web-300x200.jpg 300w, https:\/\/zoo.org\/wp-content\/uploads\/2025\/11\/2023-Fern-Juniper-41-web-768x512.jpg 768w\" sizes=\"auto, (max-width: 800px) 100vw, 800px\" \/><\/figure>\n\n\n\n<div class=\"wp-block-group has-custom-light-grey-background-color has-background is-layout-flow wp-block-group-is-layout-flow\" style=\"border-top-left-radius:0px;border-top-right-radius:0px;border-bottom-left-radius:0px;border-bottom-right-radius:0px;padding-top:25px;padding-right:25px;padding-bottom:25px;padding-left:25px\">\n<h3 class=\"wp-block-heading has-text-align-left\">\u00bfC\u00f3mo es trabajar en un zool\u00f3gico?<\/h3>\n\n\n\n<p>Obtenga consejos sobre lo que se necesita para convertirse en cuidador del zool\u00f3gico y otras preguntas frecuentes sobre el trabajo en un zool\u00f3gico.<\/p>\n\n\n\n<p class=\"has-text-align-left\"><a href=\"https:\/\/zoo.org\/es\/empleos\/carreras-en-el-zoologico\/\">Obtenga m\u00e1s informaci\u00f3n sobre las carreras en el zool\u00f3gico<\/a><\/p>\n<\/div>\n<\/div>\n<\/div>\n\n<div class=\"wp-block-columns is-layout-flex wp-container-core-columns-is-layout-3866cfa4 wp-block-columns-is-layout-flex\">\n<div class=\"wp-block-column has-palette-color-17-background-color has-background is-layout-flow wp-container-core-column-is-layout-9b10c18a wp-block-column-is-layout-flow\" style=\"padding-top:0px;padding-right:0px;padding-bottom:0px;padding-left:0px\">\n<figure class=\"wp-block-image size-full\"><img loading=\"lazy\" decoding=\"async\" width=\"800\" height=\"533\" src=\"https:\/\/zoo.org\/wp-content\/uploads\/2025\/12\/2025-african-lion-Tandie-6-JDL.jpg\" alt=\"Un le&#xF3;n macho con una espesa melena dorada yace sobre la hierba verde, mirando a lo lejos. El fondo est&#xE1; desenfocado, mostrando un muro de piedra con manchas de l&#xED;quen amarillo. \" class=\"wp-image-8738\" style=\"object-fit:cover\" srcset=\"https:\/\/zoo.org\/wp-content\/uploads\/2025\/12\/2025-african-lion-Tandie-6-JDL.jpg 800w, https:\/\/zoo.org\/wp-content\/uploads\/2025\/12\/2025-african-lion-Tandie-6-JDL-300x200.jpg 300w, https:\/\/zoo.org\/wp-content\/uploads\/2025\/12\/2025-african-lion-Tandie-6-JDL-150x100.jpg 150w, https:\/\/zoo.org\/wp-content\/uploads\/2025\/12\/2025-african-lion-Tandie-6-JDL-768x512.jpg 768w\" sizes=\"auto, (max-width: 800px) 100vw, 800px\" \/><\/figure>\n\n\n\n<div class=\"wp-block-group has-custom-light-grey-background-color has-background is-layout-flow wp-block-group-is-layout-flow\" style=\"border-top-left-radius:0px;border-top-right-radius:0px;border-bottom-left-radius:0px;border-bottom-right-radius:0px;padding-top:25px;padding-right:25px;padding-bottom:25px;padding-left:25px\">\n<h3 class=\"wp-block-heading has-text-align-left\">Pasant\u00edas<\/h3>\n\n\n\n<p>Construya su experiencia profesional con una pasant\u00eda en el zool\u00f3gico.<\/p>\n\n\n\n<p class=\"has-text-align-left\"><a href=\"https:\/\/woodland.rec.pro.ukg.net\/WOO1017WPZS\/JobBoard\/90c7449a-ad4d-4bb4-ab6b-8aa035445eb5\/?q=&amp;o=postedDateDesc\" target=\"_blank\" rel=\"noreferrer noopener\">Encuentra una pasant\u00eda<\/a><\/p>\n<\/div>\n<\/div>\n\n\n\n<div class=\"wp-block-column has-palette-color-17-background-color has-background is-layout-flow wp-container-core-column-is-layout-9b10c18a wp-block-column-is-layout-flow\" style=\"padding-top:0px;padding-right:0px;padding-bottom:0px;padding-left:0px\">\n<figure class=\"wp-block-image size-full\"><img loading=\"lazy\" decoding=\"async\" width=\"800\" height=\"533\" src=\"https:\/\/zoo.org\/wp-content\/uploads\/2025\/12\/RS39937_2020_10-ring-tailed-lemurs-2_ohi.jpg\" alt=\"Un l&#xE9;mur de cola anillada, con una cola larga y rayada, se sienta sobre un tronco ca&#xED;do, con aspecto alerta. Un exuberante follaje verde llena el fondo. \" class=\"wp-image-8739\" srcset=\"https:\/\/zoo.org\/wp-content\/uploads\/2025\/12\/RS39937_2020_10-ring-tailed-lemurs-2_ohi.jpg 800w, https:\/\/zoo.org\/wp-content\/uploads\/2025\/12\/RS39937_2020_10-ring-tailed-lemurs-2_ohi-300x200.jpg 300w, https:\/\/zoo.org\/wp-content\/uploads\/2025\/12\/RS39937_2020_10-ring-tailed-lemurs-2_ohi-150x100.jpg 150w, https:\/\/zoo.org\/wp-content\/uploads\/2025\/12\/RS39937_2020_10-ring-tailed-lemurs-2_ohi-768x512.jpg 768w\" sizes=\"auto, (max-width: 800px) 100vw, 800px\" \/><\/figure>\n\n\n\n<div class=\"wp-block-group has-custom-light-grey-background-color has-background is-layout-flow wp-block-group-is-layout-flow\" style=\"border-top-left-radius:0px;border-top-right-radius:0px;border-bottom-left-radius:0px;border-bottom-right-radius:0px;padding-top:25px;padding-right:25px;padding-bottom:25px;padding-left:25px\">\n<h3 class=\"wp-block-heading has-text-align-left\">Voluntariado<\/h3>\n\n\n\n<p>Los voluntarios son esenciales para Woodland Park Zoo y esperamos que considere unirse a nuestro equipo.<\/p>\n\n\n\n<p class=\"has-text-align-left\"><a href=\"https:\/\/zoo.org\/es\/voluntario\/\">Inf\u00f3rmese sobre las oportunidades de voluntariado<\/a><\/p>\n<\/div>\n<\/div>\n<\/div>\n\n<h3 class=\"wp-block-heading\">Entrevista para un trabajo en el zool\u00f3gico<\/h3>\n\n<p>Para saber qu\u00e9 esperar en su entrevista en el zool\u00f3gico y c\u00f3mo estar mejor preparado, <a href=\"https:\/\/zoo.org\/wp-content\/uploads\/2025\/10\/PC_Hiring-Tips_Final-2023.pdf\" target=\"_blank\" rel=\"noreferrer noopener\">revise este folleto<\/a> .<\/p>\n\n<h3 class=\"wp-block-heading\">Observaci\u00f3n del trabajo<\/h3>\n\n<p>No podemos coordinar solicitudes de observaci\u00f3n laboral debido al volumen de solicitudes, dificultades de programaci\u00f3n y problemas de seguridad. Para m\u00e1s informaci\u00f3n, visite <a href=\"https:\/\/zoo.org\/es\/empleos\/carreras-en-el-zoologico\/\">Carreras en Zool\u00f3gico<\/a> . Ocasionalmente, los cuidadores pueden realizar entrevistas por correo electr\u00f3nico sobre sus vocaciones. Para solicitar una entrevista por correo electr\u00f3nico, comun\u00edquese con <a href=\"mailto:zooinfo@zoo.org\">zooinfo@zoo.org<\/a> .   <\/p>\n\n<h3 class=\"wp-block-heading\">Empleos en servicios de alimentaci\u00f3n y regalos<\/h3>\n\n<p>\u00bfBuscas oportunidades laborales en servicios de alimentaci\u00f3n o en la tienda de regalos ZooStore?<\/p>\n\n<p>Presente su solicitud a trav\u00e9s de nuestros socios de servicio:<\/p>\n\n<p><a href=\"http:\/\/www.eventnetwork.com\/join-the-en-team\">Solicita empleos en Event Networks (ZooStore)<\/a><\/p>\n\n<div class=\"wp-block-group alignfull divider is-layout-constrained wp-block-group-is-layout-constrained\">\n<h2 class=\"wp-block-heading alignfull has-text-align-center\">NUESTROS VALORES<\/h2>\n<\/div>\n\n<h3 class=\"wp-block-heading\">Los empleados del zool\u00f3gico modelan nuestros valores fundamentales<\/h3>\n\n<p>Para lograr nuestra misi\u00f3n se necesitan personas brillantes, creativas y en\u00e9rgicas que demuestren activamente los siguientes valores:<\/p>\n\n<ul class=\"wp-block-list\">\n<li>Compromiso<\/li>\n\n\n\n<li>Cuidado y respeto<\/li>\n\n\n\n<li>Trabajo en equipo y participaci\u00f3n<\/li>\n\n\n\n<li>Innovaci\u00f3n<\/li>\n\n\n\n<li>Integridad<\/li>\n\n\n\n<li>Servicio<\/li>\n\n\n\n<li>Divertido<\/li>\n<\/ul>\n\n<h3 class=\"wp-block-heading\">Compromiso con la diversidad<\/h3>\n\n<p>Woodland Park Zoo es un empleador que ofrece igualdad de oportunidades, dedicado a una pol\u00edtica de no discriminaci\u00f3n en la solicitud y el empleo por ning\u00fan motivo, incluida la raza, el color, la religi\u00f3n, el sexo, la orientaci\u00f3n sexual, la identidad\/expresi\u00f3n de g\u00e9nero, el origen nacional, la edad, la discapacidad o el estado m\u00e9dico, incluida la informaci\u00f3n gen\u00e9tica y\/o el estado de veterano.<\/p>\n\n<p>El Zool\u00f3gico Woodland Park se compromete a proporcionar acceso y adaptaciones razonables en todos sus servicios. Si necesita adaptaciones durante el proceso de solicitud o entrevista, comun\u00edquese con nuestro equipo de reclutamiento en <a href=\"mailto:careers@zoo.org\">careers@zoo.org<\/a> . <\/p>\n\n<h3 class=\"wp-block-heading\">Declaraci\u00f3n de visi\u00f3n sobre diversidad e inclusi\u00f3n<\/h3>\n\n<p>El Zool\u00f3gico Woodland Park prospera y destaca como un lugar inclusivo y atractivo para personas de todos los or\u00edgenes. Reflejamos e impactamos positivamente a las comunidades regionales y globales a las que servimos. <\/p>\n","protected":false},"excerpt":{"rendered":"<p>CARRERAS EN EL ZOOL\u00d3GICO Encuentre ofertas de trabajo y oportunidades profesionales actuales \u00daNETE A NUESTRO EQUIPO El Zool\u00f3gico Woodland Park se compromete a atraer, desarrollar y retener a empleados altamente [&hellip;]<\/p>\n","protected":false},"author":1,"featured_media":10180,"parent":0,"menu_order":0,"comment_status":"closed","ping_status":"closed","template":"","meta":{"_acf_changed":false,"_kad_blocks_custom_css":"","_kad_blocks_head_custom_js":"","_kad_blocks_body_custom_js":"","_kad_blocks_footer_custom_js":"","footnotes":""},"class_list":["post-10168","page","type-page","status-publish","has-post-thumbnail","hentry"],"blocksy_meta":[],"acf":[],"yoast_head":"<!-- This site is optimized with the Yoast SEO plugin v27.4 - https:\/\/yoast.com\/product\/yoast-seo-wordpress\/ -->\n<title>-<\/title>\n<meta name=\"description\" content=\"\u00bfQuieres trabajar en el Zool\u00f3gico Woodland Park? Encuentra vacantes y pr\u00e1cticas, e inf\u00f3rmate sobre las carreras profesionales en el zool\u00f3gico.\" \/>\n<meta name=\"robots\" content=\"index, follow, max-snippet:-1, max-image-preview:large, max-video-preview:-1\" \/>\n<link rel=\"canonical\" href=\"https:\/\/zoo.org\/es\/empleos\/\" \/>\n<meta property=\"og:locale\" content=\"es_ES\" \/>\n<meta property=\"og:type\" content=\"article\" \/>\n<meta property=\"og:title\" content=\"-\" \/>\n<meta property=\"og:description\" content=\"\u00bfQuieres trabajar en el Zool\u00f3gico Woodland Park? Encuentra vacantes y pr\u00e1cticas, e inf\u00f3rmate sobre las carreras profesionales en el zool\u00f3gico.\" \/>\n<meta property=\"og:url\" content=\"https:\/\/zoo.org\/es\/empleos\/\" \/>\n<meta property=\"og:site_name\" content=\"Zool\u00f3gico Woodland Park\" \/>\n<meta property=\"article:modified_time\" content=\"2025-12-20T02:25:15+00:00\" \/>\n<meta property=\"og:image\" content=\"https:\/\/zoo.org\/wp-content\/uploads\/2025\/10\/2020_04-GiveBig-Keeper-Celine-Pardo-web.jpg?wsr\" \/>\n\t<meta property=\"og:image:width\" content=\"800\" \/>\n\t<meta property=\"og:image:height\" content=\"533\" \/>\n\t<meta property=\"og:image:type\" content=\"image\/jpeg\" \/>\n<meta name=\"twitter:card\" content=\"summary_large_image\" \/>\n<script type=\"application\/ld+json\" class=\"yoast-schema-graph\">{\"@context\":\"https:\\\/\\\/schema.org\",\"@graph\":[{\"@type\":\"WebPage\",\"@id\":\"https:\\\/\\\/zoo.org\\\/es\\\/empleos\\\/\",\"url\":\"https:\\\/\\\/zoo.org\\\/es\\\/empleos\\\/\",\"name\":\"-\",\"isPartOf\":{\"@id\":\"https:\\\/\\\/zoo.org\\\/es\\\/#website\"},\"primaryImageOfPage\":{\"@id\":\"https:\\\/\\\/zoo.org\\\/es\\\/empleos\\\/#primaryimage\"},\"image\":{\"@id\":\"https:\\\/\\\/zoo.org\\\/es\\\/empleos\\\/#primaryimage\"},\"thumbnailUrl\":\"https:\\\/\\\/zoo.org\\\/wp-content\\\/uploads\\\/2025\\\/10\\\/2020_04-GiveBig-Keeper-Celine-Pardo-web.jpg?wsr\",\"datePublished\":\"2025-10-15T18:24:21+00:00\",\"dateModified\":\"2025-12-20T02:25:15+00:00\",\"description\":\"\u00bfQuieres trabajar en el Zool\u00f3gico Woodland Park? Encuentra vacantes y pr\u00e1cticas, e inf\u00f3rmate sobre las carreras profesionales en el zool\u00f3gico.\",\"breadcrumb\":{\"@id\":\"https:\\\/\\\/zoo.org\\\/es\\\/empleos\\\/#breadcrumb\"},\"inLanguage\":\"es\",\"potentialAction\":[{\"@type\":\"ReadAction\",\"target\":[\"https:\\\/\\\/zoo.org\\\/es\\\/empleos\\\/\"]}]},{\"@type\":\"ImageObject\",\"inLanguage\":\"es\",\"@id\":\"https:\\\/\\\/zoo.org\\\/es\\\/empleos\\\/#primaryimage\",\"url\":\"https:\\\/\\\/zoo.org\\\/wp-content\\\/uploads\\\/2025\\\/10\\\/2020_04-GiveBig-Keeper-Celine-Pardo-web.jpg?wsr\",\"contentUrl\":\"https:\\\/\\\/zoo.org\\\/wp-content\\\/uploads\\\/2025\\\/10\\\/2020_04-GiveBig-Keeper-Celine-Pardo-web.jpg?wsr\",\"width\":800,\"height\":533,\"caption\":\"Un sonriente miembro del personal del zool\u00f3gico, con uniforme verde, sostiene un ping\u00fcino mientras otro ping\u00fcino se sube a una roca cercana. El fondo presenta un entorno rocoso, lo que sugiere un recinto para animales.\"},{\"@type\":\"BreadcrumbList\",\"@id\":\"https:\\\/\\\/zoo.org\\\/es\\\/empleos\\\/#breadcrumb\",\"itemListElement\":[{\"@type\":\"ListItem\",\"position\":1,\"name\":\"Hogar\",\"item\":\"https:\\\/\\\/zoo.org\\\/es\\\/\"},{\"@type\":\"ListItem\",\"position\":2,\"name\":\"Empleos\"}]},{\"@type\":\"WebSite\",\"@id\":\"https:\\\/\\\/zoo.org\\\/es\\\/#website\",\"url\":\"https:\\\/\\\/zoo.org\\\/es\\\/\",\"name\":\"Zool\u00f3gico Woodland Park\",\"description\":\"El Zool\u00f3gico Woodland Park salva la vida silvestre e inspira a todos a hacer de la conservaci\u00f3n una prioridad en sus vidas.\",\"publisher\":{\"@id\":\"https:\\\/\\\/zoo.org\\\/es\\\/#organization\"},\"potentialAction\":[{\"@type\":\"SearchAction\",\"target\":{\"@type\":\"EntryPoint\",\"urlTemplate\":\"https:\\\/\\\/zoo.org\\\/es\\\/?s={search_term_string}\"},\"query-input\":{\"@type\":\"PropertyValueSpecification\",\"valueRequired\":true,\"valueName\":\"search_term_string\"}}],\"inLanguage\":\"es\"},{\"@type\":\"Organization\",\"@id\":\"https:\\\/\\\/zoo.org\\\/es\\\/#organization\",\"name\":\"Zool\u00f3gico Woodland Park\",\"url\":\"https:\\\/\\\/zoo.org\\\/es\\\/\",\"logo\":{\"@type\":\"ImageObject\",\"inLanguage\":\"es\",\"@id\":\"https:\\\/\\\/zoo.org\\\/es\\\/#\\\/schema\\\/logo\\\/image\\\/\",\"url\":\"https:\\\/\\\/zoo.org\\\/wp-content\\\/uploads\\\/2026\\\/01\\\/WPZ-Logo_white-SVG.svg?wsr\",\"contentUrl\":\"https:\\\/\\\/zoo.org\\\/wp-content\\\/uploads\\\/2026\\\/01\\\/WPZ-Logo_white-SVG.svg?wsr\",\"width\":288,\"height\":282,\"caption\":\"Zool\u00f3gico Woodland Park\"},\"image\":{\"@id\":\"https:\\\/\\\/zoo.org\\\/es\\\/#\\\/schema\\\/logo\\\/image\\\/\"}}]}<\/script>\n<!-- \/ Yoast SEO plugin. -->","yoast_head_json":{"title":"-","description":"\u00bfQuieres trabajar en el Zool\u00f3gico Woodland Park? Encuentra vacantes y pr\u00e1cticas, e inf\u00f3rmate sobre las carreras profesionales en el zool\u00f3gico.","robots":{"index":"index","follow":"follow","max-snippet":"max-snippet:-1","max-image-preview":"max-image-preview:large","max-video-preview":"max-video-preview:-1"},"canonical":"https:\/\/zoo.org\/es\/empleos\/","og_locale":"es_ES","og_type":"article","og_title":"-","og_description":"\u00bfQuieres trabajar en el Zool\u00f3gico Woodland Park? Encuentra vacantes y pr\u00e1cticas, e inf\u00f3rmate sobre las carreras profesionales en el zool\u00f3gico.","og_url":"https:\/\/zoo.org\/es\/empleos\/","og_site_name":"Zool\u00f3gico Woodland Park","article_modified_time":"2025-12-20T02:25:15+00:00","og_image":[{"width":800,"height":533,"url":"https:\/\/zoo.org\/wp-content\/uploads\/2025\/10\/2020_04-GiveBig-Keeper-Celine-Pardo-web.jpg?wsr","type":"image\/jpeg"}],"twitter_card":"summary_large_image","schema":{"@context":"https:\/\/schema.org","@graph":[{"@type":"WebPage","@id":"https:\/\/zoo.org\/es\/empleos\/","url":"https:\/\/zoo.org\/es\/empleos\/","name":"-","isPartOf":{"@id":"https:\/\/zoo.org\/es\/#website"},"primaryImageOfPage":{"@id":"https:\/\/zoo.org\/es\/empleos\/#primaryimage"},"image":{"@id":"https:\/\/zoo.org\/es\/empleos\/#primaryimage"},"thumbnailUrl":"https:\/\/zoo.org\/wp-content\/uploads\/2025\/10\/2020_04-GiveBig-Keeper-Celine-Pardo-web.jpg?wsr","datePublished":"2025-10-15T18:24:21+00:00","dateModified":"2025-12-20T02:25:15+00:00","description":"\u00bfQuieres trabajar en el Zool\u00f3gico Woodland Park? Encuentra vacantes y pr\u00e1cticas, e inf\u00f3rmate sobre las carreras profesionales en el zool\u00f3gico.","breadcrumb":{"@id":"https:\/\/zoo.org\/es\/empleos\/#breadcrumb"},"inLanguage":"es","potentialAction":[{"@type":"ReadAction","target":["https:\/\/zoo.org\/es\/empleos\/"]}]},{"@type":"ImageObject","inLanguage":"es","@id":"https:\/\/zoo.org\/es\/empleos\/#primaryimage","url":"https:\/\/zoo.org\/wp-content\/uploads\/2025\/10\/2020_04-GiveBig-Keeper-Celine-Pardo-web.jpg?wsr","contentUrl":"https:\/\/zoo.org\/wp-content\/uploads\/2025\/10\/2020_04-GiveBig-Keeper-Celine-Pardo-web.jpg?wsr","width":800,"height":533,"caption":"Un sonriente miembro del personal del zool\u00f3gico, con uniforme verde, sostiene un ping\u00fcino mientras otro ping\u00fcino se sube a una roca cercana. El fondo presenta un entorno rocoso, lo que sugiere un recinto para animales."},{"@type":"BreadcrumbList","@id":"https:\/\/zoo.org\/es\/empleos\/#breadcrumb","itemListElement":[{"@type":"ListItem","position":1,"name":"Hogar","item":"https:\/\/zoo.org\/es\/"},{"@type":"ListItem","position":2,"name":"Empleos"}]},{"@type":"WebSite","@id":"https:\/\/zoo.org\/es\/#website","url":"https:\/\/zoo.org\/es\/","name":"Zool\u00f3gico Woodland Park","description":"El Zool\u00f3gico Woodland Park salva la vida silvestre e inspira a todos a hacer de la conservaci\u00f3n una prioridad en sus vidas.","publisher":{"@id":"https:\/\/zoo.org\/es\/#organization"},"potentialAction":[{"@type":"SearchAction","target":{"@type":"EntryPoint","urlTemplate":"https:\/\/zoo.org\/es\/?s={search_term_string}"},"query-input":{"@type":"PropertyValueSpecification","valueRequired":true,"valueName":"search_term_string"}}],"inLanguage":"es"},{"@type":"Organization","@id":"https:\/\/zoo.org\/es\/#organization","name":"Zool\u00f3gico Woodland Park","url":"https:\/\/zoo.org\/es\/","logo":{"@type":"ImageObject","inLanguage":"es","@id":"https:\/\/zoo.org\/es\/#\/schema\/logo\/image\/","url":"https:\/\/zoo.org\/wp-content\/uploads\/2026\/01\/WPZ-Logo_white-SVG.svg?wsr","contentUrl":"https:\/\/zoo.org\/wp-content\/uploads\/2026\/01\/WPZ-Logo_white-SVG.svg?wsr","width":288,"height":282,"caption":"Zool\u00f3gico Woodland Park"},"image":{"@id":"https:\/\/zoo.org\/es\/#\/schema\/logo\/image\/"}}]}},"taxonomy_info":[],"featured_image_src_large":["https:\/\/zoo.org\/wp-content\/uploads\/2025\/10\/2020_04-GiveBig-Keeper-Celine-Pardo-web.jpg?wsr",800,533,false],"author_info":{"display_name":"jloughlin","author_link":"https:\/\/zoo.org\/es\/author\/jloughlin\/"},"comment_info":0,"_links":{"self":[{"href":"https:\/\/zoo.org\/es\/wp-json\/wp\/v2\/pages\/10168","targetHints":{"allow":["GET"]}}],"collection":[{"href":"https:\/\/zoo.org\/es\/wp-json\/wp\/v2\/pages"}],"about":[{"href":"https:\/\/zoo.org\/es\/wp-json\/wp\/v2\/types\/page"}],"author":[{"embeddable":true,"href":"https:\/\/zoo.org\/es\/wp-json\/wp\/v2\/users\/1"}],"replies":[{"embeddable":true,"href":"https:\/\/zoo.org\/es\/wp-json\/wp\/v2\/comments?post=10168"}],"version-history":[{"count":0,"href":"https:\/\/zoo.org\/es\/wp-json\/wp\/v2\/pages\/10168\/revisions"}],"wp:featuredmedia":[{"embeddable":true,"href":"https:\/\/zoo.org\/es\/wp-json\/wp\/v2\/media\/10180"}],"wp:attachment":[{"href":"https:\/\/zoo.org\/es\/wp-json\/wp\/v2\/media?parent=10168"}],"curies":[{"name":"wp","href":"https:\/\/api.w.org\/{rel}","templated":true}]}}