{"id":10184,"date":"2025-10-15T11:42:51","date_gmt":"2025-10-15T18:42:51","guid":{"rendered":"https:\/\/zoo.org\/empleos\/carreras-en-el-zoologico\/"},"modified":"2025-12-12T17:39:51","modified_gmt":"2025-12-13T01:39:51","slug":"carreras-en-el-zoologico","status":"publish","type":"page","link":"https:\/\/zoo.org\/es\/empleos\/carreras-en-el-zoologico\/","title":{"rendered":"Carreras en el zool\u00f3gico"},"content":{"rendered":"\n<div class=\"wp-block-cover alignfull hero\" style=\"margin-top:0;margin-bottom:0\"><img loading=\"lazy\" decoding=\"async\" width=\"1920\" height=\"400\" class=\"wp-block-cover__image-background wp-image-3493 size-full\" alt=\"\" src=\"https:\/\/zoo.org\/wp-content\/uploads\/2025\/08\/WPZ-Seattle-Aerial-Header-Image.jpg\" data-object-fit=\"cover\" srcset=\"https:\/\/zoo.org\/wp-content\/uploads\/2025\/08\/WPZ-Seattle-Aerial-Header-Image.jpg 1920w, https:\/\/zoo.org\/wp-content\/uploads\/2025\/08\/WPZ-Seattle-Aerial-Header-Image-300x63.jpg 300w, https:\/\/zoo.org\/wp-content\/uploads\/2025\/08\/WPZ-Seattle-Aerial-Header-Image-1024x213.jpg 1024w, https:\/\/zoo.org\/wp-content\/uploads\/2025\/08\/WPZ-Seattle-Aerial-Header-Image-768x160.jpg 768w, https:\/\/zoo.org\/wp-content\/uploads\/2025\/08\/WPZ-Seattle-Aerial-Header-Image-1536x320.jpg 1536w\" sizes=\"auto, (max-width: 1920px) 100vw, 1920px\" \/><span aria-hidden=\"true\" class=\"wp-block-cover__background has-background-dim-0 has-background-dim\" style=\"background-color:#393f38\"><\/span><div class=\"wp-block-cover__inner-container is-layout-constrained wp-block-cover-is-layout-constrained\">\n<p class=\"has-text-align-center has-large-font-size\"><\/p>\n<\/div><\/div>\n\n<div class=\"wp-block-group is-layout-constrained wp-block-group-is-layout-constrained\" style=\"margin-top:2em;margin-bottom:3em\">\n<h1 class=\"wp-block-heading has-text-align-center\" style=\"margin-top:0.65em;margin-bottom:0.275em\">CARRERAS EN EL ZOOL\u00d3GICO<\/h1>\n\n\n\n<p class=\"has-text-align-center has-palette-color-3-color has-text-color has-link-color wp-elements-a2bfb678854f7bf376ebf427dd947362\" style=\"margin-bottom:1em;font-size:clamp(0.984em, 0.984rem + ((1vw - 0.2em) * 0.645), 1.5em);font-style:normal;font-weight:500;line-height:1.5\"><strong>Encuentre ofertas de trabajo y oportunidades profesionales actuales<\/strong><\/p>\n<\/div>\n\n<div class=\"wp-block-group alignfull divider is-layout-constrained wp-block-group-is-layout-constrained\">\n<h2 class=\"wp-block-heading alignfull has-text-align-center\">UNA CARRERA SALVAJE<\/h2>\n<\/div>\n\n<p>Un zool\u00f3gico es una comunidad poblada por personas de diversos or\u00edgenes y que trabajan desde diferentes caminos, pero todas unidas por el prop\u00f3sito final de ayudar a proteger y promover la fascinaci\u00f3n y el asombroso poder de los animales y sus h\u00e1bitats.<\/p>\n\n<p>Es f\u00e1cil decir que en el Zool\u00f3gico Woodland Park estamos aqu\u00ed porque amamos a los animales. Pero, sobre todo, compartimos un sentido intr\u00ednseco de responsabilidad por proteger la Tierra, su vida silvestre y sus espacios naturales. <\/p>\n\n<p>Los cuidadores del zool\u00f3gico, el personal de sanidad animal y el personal de horticultura son tres grupos, entre muchos, que fascinan a mucha gente. Son quienes cuidan directamente de los animales y las plantas del zool\u00f3gico y, a menudo, de los animales y plantas silvestres que los necesitan, a trav\u00e9s de nuestros numerosos proyectos de conservaci\u00f3n. Son personas cari\u00f1osas, preocupadas e implicadas, y su pasi\u00f3n por los animales y su h\u00e1bitat se refleja directamente en su vida laboral y personal.  <\/p>\n\n<p>Te invitamos a conocer m\u00e1s sobre estos dedicados profesionales y ver lo que hacen diariamente aqu\u00ed en el zool\u00f3gico.  <\/p>\n\n<div class=\"wp-block-group alignfull divider is-layout-constrained wp-block-group-is-layout-constrained\">\n<h2 class=\"wp-block-heading alignfull has-text-align-center\">CONVIRTI\u00c9NDOSE EN GUARDI\u00c1N DEL ZOOL\u00d3GICO<\/h2>\n<\/div>\n\n<h3 class=\"wp-block-heading\">\u00a1Los cuidadores del zool\u00f3gico sienten que tienen el mejor trabajo del mundo!<\/h3>\n\n<p>Pasan una parte de cada d\u00eda laboral cortando comida, limpiando jaulas y rastrillando excrementos, pero tambi\u00e9n entrenan animales, dise\u00f1an exhibiciones y comparten las maravillas de la naturaleza con los visitantes del zool\u00f3gico.<\/p>\n\n<p>Algunos cuidadores son altamente especializados y poseen un conocimiento especial sobre grupos espec\u00edficos de animales, como grandes simios, elefantes o reptiles. Otros son generalistas y se enorgullecen de brindar un cuidado excelente a pr\u00e1cticamente cualquier animal bajo su cuidado. <\/p>\n\n<p>Los cuidadores deben ser excelentes observadores, aprendiendo los h\u00e1bitos y comportamientos de las especies y los individuos que cuidan. Los cuidadores profesionales deben ser capaces de detectar cambios sutiles en el estado f\u00edsico o psicol\u00f3gico de un animal y luego colaborar con los curadores, el personal veterinario y los nutricionistas para reaccionar en consecuencia. <\/p>\n\n<p>Los cuidadores del zool\u00f3gico tambi\u00e9n trabajan en estrecha colaboraci\u00f3n con los administradores del zool\u00f3gico en proyectos de conservaci\u00f3n, reproducci\u00f3n e investigaci\u00f3n que pueden proporcionar informaci\u00f3n importante para ayudar a preservar especies y h\u00e1bitats raros y en peligro de extinci\u00f3n.<\/p>\n\n<p>Algunos cuidadores tambi\u00e9n participan en presentaciones para el p\u00fablico, ense\u00f1ando a los visitantes del zool\u00f3gico y a la comunidad sobre la historia natural de los animales que cuidan.<\/p>\n\n<p>El cuidado de animales en zool\u00f3gicos es f\u00edsicamente exigente, y los cuidadores suelen estar expuestos a las variaciones clim\u00e1ticas durante su trabajo. Deben ser capaces de compaginar sus prioridades a diario, ya que lidian con una colecci\u00f3n en constante cambio que incluye animales nuevos, reci\u00e9n nacidos, mayores o enfermos. Junto con la euforia de trabajar con animales, existe preocupaci\u00f3n y frustraci\u00f3n cuando las cosas no salen bien.  <\/p>\n\n<h3 class=\"wp-block-heading\">Para m\u00e1s informaci\u00f3n<\/h3>\n\n<p><a href=\"https:\/\/zoo.org\/wp-content\/uploads\/2025\/10\/Zookeeper-FAQ.pdf\" target=\"_blank\" rel=\"noreferrer noopener\">Preguntas frecuentes sobre Zookeeper<\/a><\/p>\n\n<p><a href=\"http:\/\/www.aazk.org\/\">Asociaci\u00f3n Estadounidense de Cuidadores de Zool\u00f3gicos<\/a><\/p>\n\n<div class=\"wp-block-group alignfull divider is-layout-constrained wp-block-group-is-layout-constrained\">\n<h2 class=\"wp-block-heading alignfull has-text-align-center\">CARRERAS VETERINARIAS<\/h2>\n<\/div>\n\n<h4 class=\"wp-block-heading\">Las carreras en salud animal incluyen: veterinarios, t\u00e9cnicos veterinarios autorizados y t\u00e9cnicos de laboratorio.<br\/><\/h4>\n\n<p>Una jirafa con una pata dolorida. Un cocodrilo con un diente roto. Una radiograf\u00eda del ala de un p\u00e1jaro. Atender estas situaciones y muchas m\u00e1s es parte del d\u00eda a d\u00eda del Zool\u00f3gico Woodland Park.   <\/p>\n\n<p>El cuidado de los animales es la prioridad del dedicado equipo veterinario del zool\u00f3gico. Veterinarios, practicantes, t\u00e9cnicos veterinarios colegiados y en formaci\u00f3n, cuidadores y dem\u00e1s personal de cuidado animal trabajan arduamente a diario para garantizar la buena salud de los animales. <\/p>\n\n<p>El cuidado ejemplar de los animales va m\u00e1s all\u00e1 de los ex\u00e1menes y el tratamiento. Para el tratamiento eficaz de enfermedades y dolencias, y para estar al d\u00eda de los \u00faltimos avances en nutrici\u00f3n y medicina preventiva, el personal veterinario debe dedicar mucho tiempo a estudiar, aprender nuevas opciones de tratamiento y medicamentos y, sobre todo, a consultar con profesionales de pr\u00e1cticamente todos los campos de la medicina y de todo el mundo. <\/p>\n\n<p>A nivel local, colaboramos con numerosos veterinarios e incluso profesionales de la salud humana que necesitamos para asistir en casos que requieren recursos especializados. Estos incluyen ginec\u00f3logos-obstetras, oftalm\u00f3logos, endodoncistas, radi\u00f3logos y una gran variedad de otros especialistas m\u00e9dicos. <\/p>\n\n<p>Externamente, nuestros veterinarios consultan con veterinarios de otros zool\u00f3gicos, bi\u00f3logos de vida silvestre y conservacionistas, quienes pueden brindar informaci\u00f3n sobre atenci\u00f3n m\u00e9dica y nutricional. El Programa de Capacitaci\u00f3n Veterinaria de Indonesia del zool\u00f3gico proporciona a nuestro equipo de salud animal informaci\u00f3n valiosa sobre el cuidado de las especies indonesias que tenemos aqu\u00ed, adem\u00e1s de brindar capacitaci\u00f3n y experiencia a veterinarios de zool\u00f3gicos y vida silvestre en los pa\u00edses de origen de dichos animales. <\/p>\n","protected":false},"excerpt":{"rendered":"<p>CARRERAS EN EL ZOOL\u00d3GICO Encuentre ofertas de trabajo y oportunidades profesionales actuales UNA CARRERA SALVAJE Un zool\u00f3gico es una comunidad poblada por personas de diversos or\u00edgenes y que trabajan desde [&hellip;]<\/p>\n","protected":false},"author":1,"featured_media":10180,"parent":10168,"menu_order":0,"comment_status":"closed","ping_status":"closed","template":"","meta":{"_acf_changed":false,"_kad_blocks_custom_css":"","_kad_blocks_head_custom_js":"","_kad_blocks_body_custom_js":"","_kad_blocks_footer_custom_js":"","footnotes":""},"class_list":["post-10184","page","type-page","status-publish","has-post-thumbnail","hentry"],"blocksy_meta":[],"acf":[],"yoast_head":"<!-- This site is optimized with the Yoast SEO plugin v27.4 - https:\/\/yoast.com\/product\/yoast-seo-wordpress\/ -->\n<title>-<\/title>\n<meta name=\"description\" content=\"Aprenda lo que se necesita para convertirse en cuidador del zool\u00f3gico y encontrar otra carrera en el zool\u00f3gico y los campos de conservaci\u00f3n.\" \/>\n<meta name=\"robots\" content=\"index, follow, max-snippet:-1, max-image-preview:large, max-video-preview:-1\" \/>\n<link rel=\"canonical\" href=\"https:\/\/zoo.org\/es\/empleos\/carreras-en-el-zoologico\/\" \/>\n<meta property=\"og:locale\" content=\"es_ES\" \/>\n<meta property=\"og:type\" content=\"article\" \/>\n<meta property=\"og:title\" content=\"-\" \/>\n<meta property=\"og:description\" content=\"Aprenda lo que se necesita para convertirse en cuidador del zool\u00f3gico y encontrar otra carrera en el zool\u00f3gico y los campos de conservaci\u00f3n.\" \/>\n<meta property=\"og:url\" content=\"https:\/\/zoo.org\/es\/empleos\/carreras-en-el-zoologico\/\" \/>\n<meta property=\"og:site_name\" content=\"Zool\u00f3gico Woodland Park\" \/>\n<meta property=\"article:modified_time\" content=\"2025-12-13T01:39:51+00:00\" \/>\n<meta property=\"og:image\" content=\"https:\/\/zoo.org\/wp-content\/uploads\/2025\/10\/2020_04-GiveBig-Keeper-Celine-Pardo-web.jpg\" \/>\n\t<meta property=\"og:image:width\" content=\"800\" \/>\n\t<meta property=\"og:image:height\" content=\"533\" \/>\n\t<meta property=\"og:image:type\" content=\"image\/jpeg\" \/>\n<meta name=\"twitter:card\" content=\"summary_large_image\" \/>\n<script type=\"application\/ld+json\" class=\"yoast-schema-graph\">{\"@context\":\"https:\\\/\\\/schema.org\",\"@graph\":[{\"@type\":\"WebPage\",\"@id\":\"https:\\\/\\\/zoo.org\\\/es\\\/empleos\\\/carreras-en-el-zoologico\\\/\",\"url\":\"https:\\\/\\\/zoo.org\\\/es\\\/empleos\\\/carreras-en-el-zoologico\\\/\",\"name\":\"-\",\"isPartOf\":{\"@id\":\"https:\\\/\\\/zoo.org\\\/es\\\/#website\"},\"primaryImageOfPage\":{\"@id\":\"https:\\\/\\\/zoo.org\\\/es\\\/empleos\\\/carreras-en-el-zoologico\\\/#primaryimage\"},\"image\":{\"@id\":\"https:\\\/\\\/zoo.org\\\/es\\\/empleos\\\/carreras-en-el-zoologico\\\/#primaryimage\"},\"thumbnailUrl\":\"https:\\\/\\\/zoo.org\\\/wp-content\\\/uploads\\\/2025\\\/10\\\/2020_04-GiveBig-Keeper-Celine-Pardo-web.jpg?wsr\",\"datePublished\":\"2025-10-15T18:42:51+00:00\",\"dateModified\":\"2025-12-13T01:39:51+00:00\",\"description\":\"Aprenda lo que se necesita para convertirse en cuidador del zool\u00f3gico y encontrar otra carrera en el zool\u00f3gico y los campos de conservaci\u00f3n.\",\"breadcrumb\":{\"@id\":\"https:\\\/\\\/zoo.org\\\/es\\\/empleos\\\/carreras-en-el-zoologico\\\/#breadcrumb\"},\"inLanguage\":\"es\",\"potentialAction\":[{\"@type\":\"ReadAction\",\"target\":[\"https:\\\/\\\/zoo.org\\\/es\\\/empleos\\\/carreras-en-el-zoologico\\\/\"]}]},{\"@type\":\"ImageObject\",\"inLanguage\":\"es\",\"@id\":\"https:\\\/\\\/zoo.org\\\/es\\\/empleos\\\/carreras-en-el-zoologico\\\/#primaryimage\",\"url\":\"https:\\\/\\\/zoo.org\\\/wp-content\\\/uploads\\\/2025\\\/10\\\/2020_04-GiveBig-Keeper-Celine-Pardo-web.jpg?wsr\",\"contentUrl\":\"https:\\\/\\\/zoo.org\\\/wp-content\\\/uploads\\\/2025\\\/10\\\/2020_04-GiveBig-Keeper-Celine-Pardo-web.jpg?wsr\",\"width\":800,\"height\":533,\"caption\":\"Un sonriente miembro del personal del zool\u00f3gico, con uniforme verde, sostiene un ping\u00fcino mientras otro ping\u00fcino se sube a una roca cercana. El fondo presenta un entorno rocoso, lo que sugiere un recinto para animales.\"},{\"@type\":\"BreadcrumbList\",\"@id\":\"https:\\\/\\\/zoo.org\\\/es\\\/empleos\\\/carreras-en-el-zoologico\\\/#breadcrumb\",\"itemListElement\":[{\"@type\":\"ListItem\",\"position\":1,\"name\":\"Hogar\",\"item\":\"https:\\\/\\\/zoo.org\\\/es\\\/\"},{\"@type\":\"ListItem\",\"position\":2,\"name\":\"Empleos\",\"item\":\"https:\\\/\\\/zoo.org\\\/es\\\/empleos\\\/\"},{\"@type\":\"ListItem\",\"position\":3,\"name\":\"Carreras en el zool\u00f3gico\"}]},{\"@type\":\"WebSite\",\"@id\":\"https:\\\/\\\/zoo.org\\\/es\\\/#website\",\"url\":\"https:\\\/\\\/zoo.org\\\/es\\\/\",\"name\":\"Zool\u00f3gico Woodland Park\",\"description\":\"El Zool\u00f3gico Woodland Park salva la vida silvestre e inspira a todos a hacer de la conservaci\u00f3n una prioridad en sus vidas.\",\"publisher\":{\"@id\":\"https:\\\/\\\/zoo.org\\\/es\\\/#organization\"},\"potentialAction\":[{\"@type\":\"SearchAction\",\"target\":{\"@type\":\"EntryPoint\",\"urlTemplate\":\"https:\\\/\\\/zoo.org\\\/es\\\/?s={search_term_string}\"},\"query-input\":{\"@type\":\"PropertyValueSpecification\",\"valueRequired\":true,\"valueName\":\"search_term_string\"}}],\"inLanguage\":\"es\"},{\"@type\":\"Organization\",\"@id\":\"https:\\\/\\\/zoo.org\\\/es\\\/#organization\",\"name\":\"Zool\u00f3gico Woodland Park\",\"url\":\"https:\\\/\\\/zoo.org\\\/es\\\/\",\"logo\":{\"@type\":\"ImageObject\",\"inLanguage\":\"es\",\"@id\":\"https:\\\/\\\/zoo.org\\\/es\\\/#\\\/schema\\\/logo\\\/image\\\/\",\"url\":\"https:\\\/\\\/zoo.org\\\/wp-content\\\/uploads\\\/2026\\\/01\\\/WPZ-Logo_white-SVG.svg?wsr\",\"contentUrl\":\"https:\\\/\\\/zoo.org\\\/wp-content\\\/uploads\\\/2026\\\/01\\\/WPZ-Logo_white-SVG.svg?wsr\",\"width\":288,\"height\":282,\"caption\":\"Zool\u00f3gico Woodland Park\"},\"image\":{\"@id\":\"https:\\\/\\\/zoo.org\\\/es\\\/#\\\/schema\\\/logo\\\/image\\\/\"}}]}<\/script>\n<!-- \/ Yoast SEO plugin. -->","yoast_head_json":{"title":"-","description":"Aprenda lo que se necesita para convertirse en cuidador del zool\u00f3gico y encontrar otra carrera en el zool\u00f3gico y los campos de conservaci\u00f3n.","robots":{"index":"index","follow":"follow","max-snippet":"max-snippet:-1","max-image-preview":"max-image-preview:large","max-video-preview":"max-video-preview:-1"},"canonical":"https:\/\/zoo.org\/es\/empleos\/carreras-en-el-zoologico\/","og_locale":"es_ES","og_type":"article","og_title":"-","og_description":"Aprenda lo que se necesita para convertirse en cuidador del zool\u00f3gico y encontrar otra carrera en el zool\u00f3gico y los campos de conservaci\u00f3n.","og_url":"https:\/\/zoo.org\/es\/empleos\/carreras-en-el-zoologico\/","og_site_name":"Zool\u00f3gico Woodland Park","article_modified_time":"2025-12-13T01:39:51+00:00","og_image":[{"width":800,"height":533,"url":"https:\/\/zoo.org\/wp-content\/uploads\/2025\/10\/2020_04-GiveBig-Keeper-Celine-Pardo-web.jpg","type":"image\/jpeg"}],"twitter_card":"summary_large_image","schema":{"@context":"https:\/\/schema.org","@graph":[{"@type":"WebPage","@id":"https:\/\/zoo.org\/es\/empleos\/carreras-en-el-zoologico\/","url":"https:\/\/zoo.org\/es\/empleos\/carreras-en-el-zoologico\/","name":"-","isPartOf":{"@id":"https:\/\/zoo.org\/es\/#website"},"primaryImageOfPage":{"@id":"https:\/\/zoo.org\/es\/empleos\/carreras-en-el-zoologico\/#primaryimage"},"image":{"@id":"https:\/\/zoo.org\/es\/empleos\/carreras-en-el-zoologico\/#primaryimage"},"thumbnailUrl":"https:\/\/zoo.org\/wp-content\/uploads\/2025\/10\/2020_04-GiveBig-Keeper-Celine-Pardo-web.jpg?wsr","datePublished":"2025-10-15T18:42:51+00:00","dateModified":"2025-12-13T01:39:51+00:00","description":"Aprenda lo que se necesita para convertirse en cuidador del zool\u00f3gico y encontrar otra carrera en el zool\u00f3gico y los campos de conservaci\u00f3n.","breadcrumb":{"@id":"https:\/\/zoo.org\/es\/empleos\/carreras-en-el-zoologico\/#breadcrumb"},"inLanguage":"es","potentialAction":[{"@type":"ReadAction","target":["https:\/\/zoo.org\/es\/empleos\/carreras-en-el-zoologico\/"]}]},{"@type":"ImageObject","inLanguage":"es","@id":"https:\/\/zoo.org\/es\/empleos\/carreras-en-el-zoologico\/#primaryimage","url":"https:\/\/zoo.org\/wp-content\/uploads\/2025\/10\/2020_04-GiveBig-Keeper-Celine-Pardo-web.jpg?wsr","contentUrl":"https:\/\/zoo.org\/wp-content\/uploads\/2025\/10\/2020_04-GiveBig-Keeper-Celine-Pardo-web.jpg?wsr","width":800,"height":533,"caption":"Un sonriente miembro del personal del zool\u00f3gico, con uniforme verde, sostiene un ping\u00fcino mientras otro ping\u00fcino se sube a una roca cercana. El fondo presenta un entorno rocoso, lo que sugiere un recinto para animales."},{"@type":"BreadcrumbList","@id":"https:\/\/zoo.org\/es\/empleos\/carreras-en-el-zoologico\/#breadcrumb","itemListElement":[{"@type":"ListItem","position":1,"name":"Hogar","item":"https:\/\/zoo.org\/es\/"},{"@type":"ListItem","position":2,"name":"Empleos","item":"https:\/\/zoo.org\/es\/empleos\/"},{"@type":"ListItem","position":3,"name":"Carreras en el zool\u00f3gico"}]},{"@type":"WebSite","@id":"https:\/\/zoo.org\/es\/#website","url":"https:\/\/zoo.org\/es\/","name":"Zool\u00f3gico Woodland Park","description":"El Zool\u00f3gico Woodland Park salva la vida silvestre e inspira a todos a hacer de la conservaci\u00f3n una prioridad en sus vidas.","publisher":{"@id":"https:\/\/zoo.org\/es\/#organization"},"potentialAction":[{"@type":"SearchAction","target":{"@type":"EntryPoint","urlTemplate":"https:\/\/zoo.org\/es\/?s={search_term_string}"},"query-input":{"@type":"PropertyValueSpecification","valueRequired":true,"valueName":"search_term_string"}}],"inLanguage":"es"},{"@type":"Organization","@id":"https:\/\/zoo.org\/es\/#organization","name":"Zool\u00f3gico Woodland Park","url":"https:\/\/zoo.org\/es\/","logo":{"@type":"ImageObject","inLanguage":"es","@id":"https:\/\/zoo.org\/es\/#\/schema\/logo\/image\/","url":"https:\/\/zoo.org\/wp-content\/uploads\/2026\/01\/WPZ-Logo_white-SVG.svg?wsr","contentUrl":"https:\/\/zoo.org\/wp-content\/uploads\/2026\/01\/WPZ-Logo_white-SVG.svg?wsr","width":288,"height":282,"caption":"Zool\u00f3gico Woodland Park"},"image":{"@id":"https:\/\/zoo.org\/es\/#\/schema\/logo\/image\/"}}]}},"taxonomy_info":[],"featured_image_src_large":["https:\/\/zoo.org\/wp-content\/uploads\/2025\/10\/2020_04-GiveBig-Keeper-Celine-Pardo-web.jpg?wsr",800,533,false],"author_info":{"display_name":"jloughlin","author_link":"https:\/\/zoo.org\/es\/author\/jloughlin\/"},"comment_info":0,"_links":{"self":[{"href":"https:\/\/zoo.org\/es\/wp-json\/wp\/v2\/pages\/10184","targetHints":{"allow":["GET"]}}],"collection":[{"href":"https:\/\/zoo.org\/es\/wp-json\/wp\/v2\/pages"}],"about":[{"href":"https:\/\/zoo.org\/es\/wp-json\/wp\/v2\/types\/page"}],"author":[{"embeddable":true,"href":"https:\/\/zoo.org\/es\/wp-json\/wp\/v2\/users\/1"}],"replies":[{"embeddable":true,"href":"https:\/\/zoo.org\/es\/wp-json\/wp\/v2\/comments?post=10184"}],"version-history":[{"count":0,"href":"https:\/\/zoo.org\/es\/wp-json\/wp\/v2\/pages\/10184\/revisions"}],"up":[{"embeddable":true,"href":"https:\/\/zoo.org\/es\/wp-json\/wp\/v2\/pages\/10168"}],"wp:featuredmedia":[{"embeddable":true,"href":"https:\/\/zoo.org\/es\/wp-json\/wp\/v2\/media\/10180"}],"wp:attachment":[{"href":"https:\/\/zoo.org\/es\/wp-json\/wp\/v2\/media?parent=10184"}],"curies":[{"name":"wp","href":"https:\/\/api.w.org\/{rel}","templated":true}]}}