{"id":10206,"date":"2025-10-15T11:59:08","date_gmt":"2025-10-15T18:59:08","guid":{"rendered":"https:\/\/zoo.org\/puestos-de-voluntariado\/"},"modified":"2025-12-19T18:25:18","modified_gmt":"2025-12-20T02:25:18","slug":"puestos-de-voluntariado","status":"publish","type":"page","link":"https:\/\/zoo.org\/es\/voluntario\/puestos-de-voluntariado\/","title":{"rendered":"Puestos de voluntariado"},"content":{"rendered":"\n<div class=\"wp-block-cover alignfull hero\" style=\"margin-top:0;margin-bottom:0\"><img loading=\"lazy\" decoding=\"async\" width=\"1920\" height=\"400\" class=\"wp-block-cover__image-background wp-image-3493 size-full\" alt=\"\" src=\"https:\/\/zoo.org\/wp-content\/uploads\/2025\/08\/WPZ-Seattle-Aerial-Header-Image.jpg\" data-object-fit=\"cover\" srcset=\"https:\/\/zoo.org\/wp-content\/uploads\/2025\/08\/WPZ-Seattle-Aerial-Header-Image.jpg 1920w, https:\/\/zoo.org\/wp-content\/uploads\/2025\/08\/WPZ-Seattle-Aerial-Header-Image-300x63.jpg 300w, https:\/\/zoo.org\/wp-content\/uploads\/2025\/08\/WPZ-Seattle-Aerial-Header-Image-1024x213.jpg 1024w, https:\/\/zoo.org\/wp-content\/uploads\/2025\/08\/WPZ-Seattle-Aerial-Header-Image-768x160.jpg 768w, https:\/\/zoo.org\/wp-content\/uploads\/2025\/08\/WPZ-Seattle-Aerial-Header-Image-1536x320.jpg 1536w\" sizes=\"auto, (max-width: 1920px) 100vw, 1920px\" \/><span aria-hidden=\"true\" class=\"wp-block-cover__background has-background-dim-0 has-background-dim\" style=\"background-color:#393f38\"><\/span><div class=\"wp-block-cover__inner-container is-layout-constrained wp-block-cover-is-layout-constrained\">\n<p class=\"has-text-align-center has-large-font-size\"><\/p>\n<\/div><\/div>\n\n<div class=\"wp-block-group is-layout-constrained wp-block-group-is-layout-constrained\" style=\"margin-top:2em;margin-bottom:3em\">\n<h1 class=\"wp-block-heading has-text-align-center\" style=\"margin-top:0.65em;margin-bottom:0.275em\">VOLUNTARIO<\/h1>\n\n\n\n<p class=\"has-text-align-center has-palette-color-3-color has-text-color has-link-color wp-elements-0951ed38962c7c69174c630f93c74e14\" style=\"margin-bottom:1em;font-size:clamp(0.984em, 0.984rem + ((1vw - 0.2em) * 0.645), 1.5em);font-style:normal;font-weight:500;line-height:1.5\"><strong>Los voluntarios son el coraz\u00f3n de nuestra misi\u00f3n para salvar a los animales.<\/strong><\/p>\n<\/div>\n\n<div class=\"wp-block-group alignfull divider is-layout-constrained wp-block-group-is-layout-constrained\">\n<h2 class=\"wp-block-heading alignfull has-text-align-center\">Embajador del zool\u00f3gico<\/h2>\n<\/div>\n\n<h3 class=\"wp-block-heading\">Todos los voluntarios son embajadores del zool\u00f3gico.<\/h3>\n\n<p>Los voluntarios son la base de la misi\u00f3n del Zool\u00f3gico Woodland Park: salvar animales e inspirar la conservaci\u00f3n. Nuestros dedicados voluntarios act\u00faan como embajadores, interactuando con los visitantes y fomentando una conexi\u00f3n m\u00e1s profunda con la vida silvestre y la naturaleza. \u00a1Descubre las diversas maneras en que puedes marcar la diferencia como parte de nuestra comunidad de voluntarios!  <\/p>\n\n<div class=\"wp-block-group is-layout-constrained wp-block-group-is-layout-constrained\" style=\"margin-top:var(--wp--preset--spacing--60);margin-bottom:var(--wp--preset--spacing--60)\"><style>.kt-sc6446_25d936-30 .kt-sc-imgcol, .kt-sc6446_25d936-30 .kt-sc-textcol{min-height:345px;}.kt-sc6446_25d936-30 .kt-sc-imgcol{background-size:cover;background-image:url(https:\/\/zoo.org\/wp-content\/uploads\/2025\/09\/2018_Volunteer-web.jpg);}.kt-sc6446_25d936-30 .kt-sc-textcol{padding-top:1em;padding-right:1.5em;padding-bottom:1em;padding-left:1.5em;}@media all and (max-width: 767px){.kt-sc6446_25d936-30 .kt-sc-imgcol, .kt-sc6446_25d936-30 .kt-sc-textcol{min-height:275px;}}<\/style>\n<div class=\"aligncenter kt-sc6446_25d936-30 wp-block-kadence-splitcontent\"><div class=\"kt-split-content-wrap kt-sc-media-side-left\" style=\"grid-template-columns:32% auto\"><div class=\"kt-sc-imgcol kt-sc-imgcol-bg-cover kt-sc-img-side-left\"><\/div><div class=\"kt-sc-textcol kt-sc-text-valign-center kt-sc-text-halign-left\" style=\"background-color:var(--theme-palette-color-17, #E6E6E6)\"><div class=\"kt-sc-innter-col\"><style>.wp-block-kadence-advancedheading.kt-adv-heading6446_82d4af-30, .wp-block-kadence-advancedheading.kt-adv-heading6446_82d4af-30[data-kb-block=\"kb-adv-heading6446_82d4af-30\"]{font-style:normal;}.wp-block-kadence-advancedheading.kt-adv-heading6446_82d4af-30 mark.kt-highlight, .wp-block-kadence-advancedheading.kt-adv-heading6446_82d4af-30[data-kb-block=\"kb-adv-heading6446_82d4af-30\"] mark.kt-highlight{font-style:normal;color:#f76a0c;-webkit-box-decoration-break:clone;box-decoration-break:clone;padding-top:0px;padding-right:0px;padding-bottom:0px;padding-left:0px;}.wp-block-kadence-advancedheading.kt-adv-heading6446_82d4af-30 img.kb-inline-image, .wp-block-kadence-advancedheading.kt-adv-heading6446_82d4af-30[data-kb-block=\"kb-adv-heading6446_82d4af-30\"] img.kb-inline-image{width:150px;vertical-align:baseline;}<\/style>\n<h3 class=\"kt-adv-heading6446_82d4af-30 wp-block-kadence-advancedheading\" data-kb-block=\"kb-adv-heading6446_82d4af-30\">Capacitaci\u00f3n &#8211; Obligatoria para todos los nuevos voluntarios<\/h3>\n\n\n\n<p>Los nuevos voluntarios deben solicitar y completar el programa de capacitaci\u00f3n para embajadores del zool\u00f3gico. Los requisitos de incorporaci\u00f3n se describen en nuestro video de orientaci\u00f3n para voluntarios: \u00abComienza tu aventura de voluntariado\u00bb en nuestra p\u00e1gina principal de voluntariado: <a href=\"https:\/\/zoo.org\/es\/voluntario\/\">Voluntariado en el Zool\u00f3gico Woodland Park de Seattle, WA<\/a> .   <\/p>\n<\/div><\/div><\/div><\/div>\n<\/div>\n\n<p><em>El Zool\u00f3gico Woodland Park se compromete a brindar acceso y adaptaciones razonables en sus servicios, programas, actividades, educaci\u00f3n y empleo a personas con discapacidad. Para solicitar adaptaciones para personas con discapacidad durante la capacitaci\u00f3n de embajadores del zool\u00f3gico, comun\u00edquese con el personal del Programa de Voluntarios en <a href=\"mailto:volunteer@zoo.org\">volunteer@zoo.org.<\/a> <\/em><\/p>\n\n<h3 class=\"wp-block-heading\">Oportunidades para embajadores del zool\u00f3gico<\/h3>\n\n<p><strong>Embajador Shift<\/strong><br\/> Reciba a los visitantes y enriquezca su visita brind\u00e1ndoles indicaciones, respondiendo preguntas, destacando las exhibiciones y compartiendo su pasi\u00f3n por el zool\u00f3gico. \u00a1Esta es la funci\u00f3n principal de un Embajador del Zool\u00f3gico! <\/p>\n\n<p><strong>Visibilidad animal<\/strong><br\/> Apoye a nuestro equipo de Ciencias del Bienestar Animal recopilando datos sobre la visibilidad de los animales. Esta investigaci\u00f3n nos ayuda a equilibrar las expectativas de los hu\u00e9spedes con los m\u00e1s altos est\u00e1ndares de bienestar animal. <\/p>\n\n<p><strong>Ciencia comunitaria: <em>plazas limitadas disponibles<\/em><\/strong><br\/> Colabora con nuestra Divisi\u00f3n de Conservaci\u00f3n de Vida Silvestre en proyectos como el monitoreo de anfibios, las tendencias de la actividad de los murci\u00e9lagos y m\u00e1s. Nota: No es necesario ser embajador del zool\u00f3gico para unirse a estas iniciativas. Obt\u00e9n m\u00e1s informaci\u00f3n en nuestra p\u00e1gina de Ciencia Comunitaria.  <\/p>\n\n<p><strong>Escuadr\u00f3n de datos<\/strong><br\/> Trabaje con nuestro Equipo de Impacto y Evaluaci\u00f3n para recopilar informaci\u00f3n vital que sirva de base a los programas e iniciativas del zool\u00f3gico.<\/p>\n\n<p><strong>Estaciones de exploraci\u00f3n<\/strong><br\/> Involucre a los visitantes con presentaciones informales sobre temas como enriquecimiento animal, pr\u00e1cticas sustentables y m\u00e1s.<\/p>\n\n<p><strong>Eventos especiales<\/strong><br\/> Ayude a crear experiencias memorables en los eventos del zool\u00f3gico proporcionando indicaciones, interactuando con los visitantes, ayudando con manualidades y mucho m\u00e1s. Los Embajadores del Zool\u00f3gico deben participar en al menos dos eventos especiales al a\u00f1o. <\/p>\n\n<p><strong>Guardianes salvajes<\/strong><br\/> Contribuya al mantenimiento del zool\u00f3gico ayudando con tareas f\u00edsicamente gratificantes, como eliminar plantas invasoras, limpiar espacios de exhibici\u00f3n o transportar materiales.<\/p>\n\n<p><strong>Zoomazium<\/strong><br\/> Ayude a los visitantes j\u00f3venes a aprender y jugar facilitando actividades en nuestro espacio para la primera infancia, Zoomazium.<\/p>\n\n<p><em>Nota: Esta no es una lista completa de todas las oportunidades, incluidos los puestos de corto plazo y de temporada.  <\/em><\/p>\n\n<div class=\"wp-block-group alignfull divider is-layout-constrained wp-block-group-is-layout-constrained\">\n<h2 class=\"wp-block-heading alignfull has-text-align-center\">DOCENTE<\/h2>\n<\/div>\n\n<div class=\"wp-block-group is-layout-constrained wp-block-group-is-layout-constrained\" style=\"margin-top:var(--wp--preset--spacing--60);margin-bottom:var(--wp--preset--spacing--60)\"><style>.kt-sc6446_e63e4f-28 .kt-sc-imgcol, .kt-sc6446_e63e4f-28 .kt-sc-textcol{min-height:345px;}.kt-sc6446_e63e4f-28 .kt-sc-imgcol{background-size:cover;background-image:url(https:\/\/zoo.org\/wp-content\/uploads\/2025\/09\/2023-Volunteer-Docent-Camps-web.jpg);}.kt-sc6446_e63e4f-28 .kt-sc-textcol{padding-top:1em;padding-right:1.5em;padding-bottom:1em;padding-left:1.5em;}@media all and (max-width: 767px){.kt-sc6446_e63e4f-28 .kt-sc-imgcol, .kt-sc6446_e63e4f-28 .kt-sc-textcol{min-height:275px;}}<\/style>\n<div class=\"aligncenter kt-sc6446_e63e4f-28 wp-block-kadence-splitcontent\"><div class=\"kt-split-content-wrap kt-sc-media-side-left\" style=\"grid-template-columns:32% auto\"><div class=\"kt-sc-imgcol kt-sc-imgcol-bg-cover kt-sc-img-side-left\"><\/div><div class=\"kt-sc-textcol kt-sc-text-valign-center kt-sc-text-halign-left\" style=\"background-color:var(--theme-palette-color-17, #E6E6E6)\"><div class=\"kt-sc-innter-col\"><style>.wp-block-kadence-advancedheading.kt-adv-heading6446_210618-11, .wp-block-kadence-advancedheading.kt-adv-heading6446_210618-11[data-kb-block=\"kb-adv-heading6446_210618-11\"]{font-style:normal;}.wp-block-kadence-advancedheading.kt-adv-heading6446_210618-11 mark.kt-highlight, .wp-block-kadence-advancedheading.kt-adv-heading6446_210618-11[data-kb-block=\"kb-adv-heading6446_210618-11\"] mark.kt-highlight{font-style:normal;color:#f76a0c;-webkit-box-decoration-break:clone;box-decoration-break:clone;padding-top:0px;padding-right:0px;padding-bottom:0px;padding-left:0px;}.wp-block-kadence-advancedheading.kt-adv-heading6446_210618-11 img.kb-inline-image, .wp-block-kadence-advancedheading.kt-adv-heading6446_210618-11[data-kb-block=\"kb-adv-heading6446_210618-11\"] img.kb-inline-image{width:150px;vertical-align:baseline;}<\/style>\n<h3 class=\"kt-adv-heading6446_210618-11 wp-block-kadence-advancedheading\" data-kb-block=\"kb-adv-heading6446_210618-11\">Los educadores informales en el zool\u00f3gico<\/h3>\n\n\n\n<p><strong>Los docentes son los educadores informales del Zool\u00f3gico Woodland Park, \u00a1que dan vida a la conservaci\u00f3n para nuestros visitantes!<\/strong><\/p>\n\n\n\n<p>Como docente, ser\u00e1s embajador del zool\u00f3gico y colaborar\u00e1s con el personal, los programas y las iniciativas del zool\u00f3gico. Desempe\u00f1ar\u00e1s un papel fundamental en la creaci\u00f3n de experiencias educativas mediante datos biogr\u00e1ficos, recursos visuales y conversaciones significativas que inspiren acciones de conservaci\u00f3n. Se ofrece una solicitud interna adicional y capacitaci\u00f3n para este puesto.  <\/p>\n<\/div><\/div><\/div><\/div>\n<\/div>\n\n<h3 class=\"wp-block-heading\">Oportunidades para docentes<\/h3>\n\n<p><strong>Estaci\u00f3n de descubrimiento<\/strong><br\/> Facilite la exploraci\u00f3n con carros tem\u00e1ticos que presenten objetos f\u00edsicos que fomenten la curiosidad e inspiren la conservaci\u00f3n.<\/p>\n\n<p><strong>Carrito de conexi\u00f3n de conservaci\u00f3n<\/strong><br\/> Utilice accesorios para involucrar a los visitantes en conversaciones sobre los esfuerzos de conservaci\u00f3n global apoyados por Woodland Park Zoo.<\/p>\n\n<p><strong>Interpretaci\u00f3n de la exhibici\u00f3n<\/strong><br\/> Dirija debates interactivos con los visitantes, utilizando datos biol\u00f3gicos y exhibiciones para profundizar la comprensi\u00f3n de la vida silvestre y los h\u00e1bitats.<\/p>\n\n<div class=\"wp-block-group alignfull divider is-layout-constrained wp-block-group-is-layout-constrained\">\n<h2 class=\"wp-block-heading alignfull has-text-align-center\">Voluntario de horticultura<\/h2>\n<\/div>\n\n<div class=\"wp-block-group is-layout-constrained wp-block-group-is-layout-constrained\" style=\"margin-top:var(--wp--preset--spacing--60);margin-bottom:var(--wp--preset--spacing--60)\"><style>.kt-sc6446_07d3fb-98 .kt-sc-imgcol, .kt-sc6446_07d3fb-98 .kt-sc-textcol{min-height:245px;}.kt-sc6446_07d3fb-98 .kt-sc-imgcol{background-size:cover;background-image:url(https:\/\/zoo.org\/wp-content\/uploads\/2025\/09\/2020_-Volunteer-Horticulture-JDL-web.jpg);}.kt-sc6446_07d3fb-98 .kt-sc-textcol{padding-top:1em;padding-right:1.5em;padding-bottom:1em;padding-left:1.5em;}@media all and (max-width: 767px){.kt-sc6446_07d3fb-98 .kt-sc-imgcol, .kt-sc6446_07d3fb-98 .kt-sc-textcol{min-height:275px;}}<\/style>\n<div class=\"aligncenter kt-sc6446_07d3fb-98 wp-block-kadence-splitcontent\"><div class=\"kt-split-content-wrap kt-sc-media-side-left\" style=\"grid-template-columns:32% auto\"><div class=\"kt-sc-imgcol kt-sc-imgcol-bg-cover kt-sc-img-side-left\"><\/div><div class=\"kt-sc-textcol kt-sc-text-valign-center kt-sc-text-halign-left\" style=\"background-color:var(--theme-palette-color-17, #E6E6E6)\"><div class=\"kt-sc-innter-col\">\n<p>Los voluntarios de horticultura apoyan el cuidado y mantenimiento de la diversa vida vegetal del zool\u00f3gico, incluido el jard\u00edn de rosas de Woodland Park.  <\/p>\n\n\n\n<p>Estas oportunidades est\u00e1n disponibles para embajadores del zool\u00f3gico mayores de 18 a\u00f1os que puedan comprometerse a un turno semanal durante al menos seis meses.<\/p>\n<\/div><\/div><\/div><\/div>\n<\/div>\n\n<div class=\"wp-block-group alignfull divider is-layout-constrained wp-block-group-is-layout-constrained\">\n<h2 class=\"wp-block-heading alignfull has-text-align-center\">Oportunidades de liderazgo<\/h2>\n<\/div>\n\n<h3 class=\"wp-block-heading\">Oportunidades de liderazgo dentro del programa de voluntariado<\/h3>\n\n<p><strong>Una vez incorporado, hay varias oportunidades de liderazgo disponibles para aquellos que est\u00e9n interesados.<\/strong><\/p>\n\n<p>El Equipo de Liderazgo Voluntario (VLT) se centra en nuestra comunidad de voluntarios y en convertirla en un lugar especial y acogedor para todos. Organizan reuniones sociales y oportunidades educativas, ayudan a dise\u00f1ar el D\u00eda Mundial de los Animales y mucho m\u00e1s. Encontrar\u00e1 un equipo creativo y comprometido de voluntarios que contribuyen a que el programa sea lo m\u00e1s especial posible.  <\/p>\n\n<p>El Comit\u00e9 de Formaci\u00f3n Docente colabora con el personal y la comunidad docente en general para crear, mejorar y dirigir la formaci\u00f3n docente. Encontrar\u00e1 una amplia gama de docentes con experiencias y perspectivas \u00fanicas, y una pasi\u00f3n por el aprendizaje y el crecimiento personal dentro de la comunidad docente. <\/p>\n\n<p>El Consejo de Docentes colabora con la Oficina de Voluntarios para fomentar un entorno y una cultura que brinde oportunidades educativas a los docentes y fomente un sentido de comunidad. Este consejo se re\u00fane trimestralmente. Encontrar\u00e1 un grupo de voluntarios que promueven las actividades docentes y disfrutan de la colaboraci\u00f3n y la generaci\u00f3n de ideas.    <\/p>\n\n<p>El Grupo Asesor de Accesibilidad de Voluntarios (VAAC) es una oportunidad de liderazgo dentro de la comunidad de voluntarios para brindar comentarios y asesoramiento sobre formas de hacer que las experiencias de participaci\u00f3n de invitados y voluntarios sean m\u00e1s accesibles e inclusivas y brindar comentarios espec\u00edficos y pr\u00e1cticos a otros equipos seg\u00fan se solicite.<\/p>\n","protected":false},"excerpt":{"rendered":"<p>VOLUNTARIO Los voluntarios son el coraz\u00f3n de nuestra misi\u00f3n para salvar a los animales. Embajador del zool\u00f3gico Todos los voluntarios son embajadores del zool\u00f3gico. Los voluntarios son la base de [&hellip;]<\/p>\n","protected":false},"author":1,"featured_media":10207,"parent":10208,"menu_order":0,"comment_status":"closed","ping_status":"closed","template":"","meta":{"_acf_changed":false,"_kad_blocks_custom_css":"","_kad_blocks_head_custom_js":"","_kad_blocks_body_custom_js":"","_kad_blocks_footer_custom_js":"","footnotes":""},"class_list":["post-10206","page","type-page","status-publish","has-post-thumbnail","hentry"],"blocksy_meta":[],"acf":[],"yoast_head":"<!-- This site is optimized with the Yoast SEO plugin v27.3 - https:\/\/yoast.com\/product\/yoast-seo-wordpress\/ -->\n<title>-<\/title>\n<meta name=\"description\" content=\"Vea los puestos de voluntariado en Woodland Park Zoo, incluidos los roles de docente y embajador.\" \/>\n<meta name=\"robots\" content=\"index, follow, max-snippet:-1, max-image-preview:large, max-video-preview:-1\" \/>\n<link rel=\"canonical\" href=\"https:\/\/zoo.org\/es\/voluntario\/puestos-de-voluntariado\/\" \/>\n<meta property=\"og:locale\" content=\"es_ES\" \/>\n<meta property=\"og:type\" content=\"article\" \/>\n<meta property=\"og:title\" content=\"-\" \/>\n<meta property=\"og:description\" content=\"Vea los puestos de voluntariado en Woodland Park Zoo, incluidos los roles de docente y embajador.\" \/>\n<meta property=\"og:url\" content=\"https:\/\/zoo.org\/es\/voluntario\/puestos-de-voluntariado\/\" \/>\n<meta property=\"og:site_name\" content=\"Zool\u00f3gico Woodland Park\" \/>\n<meta property=\"article:modified_time\" content=\"2025-12-20T02:25:18+00:00\" \/>\n<meta property=\"og:image\" content=\"https:\/\/zoo.org\/wp-content\/uploads\/2025\/09\/RS33717_2017-Brew-at-Zoo-3-volunteer-web.jpg?wsr\" \/>\n\t<meta property=\"og:image:width\" content=\"800\" \/>\n\t<meta property=\"og:image:height\" content=\"534\" \/>\n\t<meta property=\"og:image:type\" content=\"image\/jpeg\" \/>\n<meta name=\"twitter:card\" content=\"summary_large_image\" \/>\n<script type=\"application\/ld+json\" class=\"yoast-schema-graph\">{\"@context\":\"https:\\\/\\\/schema.org\",\"@graph\":[{\"@type\":\"WebPage\",\"@id\":\"https:\\\/\\\/zoo.org\\\/es\\\/voluntario\\\/puestos-de-voluntariado\\\/\",\"url\":\"https:\\\/\\\/zoo.org\\\/es\\\/voluntario\\\/puestos-de-voluntariado\\\/\",\"name\":\"-\",\"isPartOf\":{\"@id\":\"https:\\\/\\\/zoo.org\\\/es\\\/#website\"},\"primaryImageOfPage\":{\"@id\":\"https:\\\/\\\/zoo.org\\\/es\\\/voluntario\\\/puestos-de-voluntariado\\\/#primaryimage\"},\"image\":{\"@id\":\"https:\\\/\\\/zoo.org\\\/es\\\/voluntario\\\/puestos-de-voluntariado\\\/#primaryimage\"},\"thumbnailUrl\":\"https:\\\/\\\/zoo.org\\\/wp-content\\\/uploads\\\/2025\\\/09\\\/RS33717_2017-Brew-at-Zoo-3-volunteer-web.jpg?wsr\",\"datePublished\":\"2025-10-15T18:59:08+00:00\",\"dateModified\":\"2025-12-20T02:25:18+00:00\",\"description\":\"Vea los puestos de voluntariado en Woodland Park Zoo, incluidos los roles de docente y embajador.\",\"breadcrumb\":{\"@id\":\"https:\\\/\\\/zoo.org\\\/es\\\/voluntario\\\/puestos-de-voluntariado\\\/#breadcrumb\"},\"inLanguage\":\"es\",\"potentialAction\":[{\"@type\":\"ReadAction\",\"target\":[\"https:\\\/\\\/zoo.org\\\/es\\\/voluntario\\\/puestos-de-voluntariado\\\/\"]}]},{\"@type\":\"ImageObject\",\"inLanguage\":\"es\",\"@id\":\"https:\\\/\\\/zoo.org\\\/es\\\/voluntario\\\/puestos-de-voluntariado\\\/#primaryimage\",\"url\":\"https:\\\/\\\/zoo.org\\\/wp-content\\\/uploads\\\/2025\\\/09\\\/RS33717_2017-Brew-at-Zoo-3-volunteer-web.jpg?wsr\",\"contentUrl\":\"https:\\\/\\\/zoo.org\\\/wp-content\\\/uploads\\\/2025\\\/09\\\/RS33717_2017-Brew-at-Zoo-3-volunteer-web.jpg?wsr\",\"width\":800,\"height\":534,\"caption\":\"Tres adultos sonrientes, dos mujeres y un hombre, est\u00e1n juntos al aire libre. Llevan camisetas marrones con el logotipo y las credenciales de \\\"Voluntarios del Zool\u00f3gico Woodland Park\\\", con \u00e1rboles y vegetaci\u00f3n al fondo.\"},{\"@type\":\"BreadcrumbList\",\"@id\":\"https:\\\/\\\/zoo.org\\\/es\\\/voluntario\\\/puestos-de-voluntariado\\\/#breadcrumb\",\"itemListElement\":[{\"@type\":\"ListItem\",\"position\":1,\"name\":\"Hogar\",\"item\":\"https:\\\/\\\/zoo.org\\\/es\\\/\"},{\"@type\":\"ListItem\",\"position\":2,\"name\":\"Voluntario\",\"item\":\"https:\\\/\\\/zoo.org\\\/es\\\/voluntario\\\/\"},{\"@type\":\"ListItem\",\"position\":3,\"name\":\"Puestos de voluntariado\"}]},{\"@type\":\"WebSite\",\"@id\":\"https:\\\/\\\/zoo.org\\\/es\\\/#website\",\"url\":\"https:\\\/\\\/zoo.org\\\/es\\\/\",\"name\":\"Zool\u00f3gico Woodland Park\",\"description\":\"El Zool\u00f3gico Woodland Park salva la vida silvestre e inspira a todos a hacer de la conservaci\u00f3n una prioridad en sus vidas.\",\"publisher\":{\"@id\":\"https:\\\/\\\/zoo.org\\\/es\\\/#organization\"},\"potentialAction\":[{\"@type\":\"SearchAction\",\"target\":{\"@type\":\"EntryPoint\",\"urlTemplate\":\"https:\\\/\\\/zoo.org\\\/es\\\/?s={search_term_string}\"},\"query-input\":{\"@type\":\"PropertyValueSpecification\",\"valueRequired\":true,\"valueName\":\"search_term_string\"}}],\"inLanguage\":\"es\"},{\"@type\":\"Organization\",\"@id\":\"https:\\\/\\\/zoo.org\\\/es\\\/#organization\",\"name\":\"Zool\u00f3gico Woodland Park\",\"url\":\"https:\\\/\\\/zoo.org\\\/es\\\/\",\"logo\":{\"@type\":\"ImageObject\",\"inLanguage\":\"es\",\"@id\":\"https:\\\/\\\/zoo.org\\\/es\\\/#\\\/schema\\\/logo\\\/image\\\/\",\"url\":\"https:\\\/\\\/zoo.org\\\/wp-content\\\/uploads\\\/2026\\\/01\\\/WPZ-Logo_white-SVG.svg?wsr\",\"contentUrl\":\"https:\\\/\\\/zoo.org\\\/wp-content\\\/uploads\\\/2026\\\/01\\\/WPZ-Logo_white-SVG.svg?wsr\",\"width\":288,\"height\":282,\"caption\":\"Zool\u00f3gico Woodland Park\"},\"image\":{\"@id\":\"https:\\\/\\\/zoo.org\\\/es\\\/#\\\/schema\\\/logo\\\/image\\\/\"}}]}<\/script>\n<!-- \/ Yoast SEO plugin. -->","yoast_head_json":{"title":"-","description":"Vea los puestos de voluntariado en Woodland Park Zoo, incluidos los roles de docente y embajador.","robots":{"index":"index","follow":"follow","max-snippet":"max-snippet:-1","max-image-preview":"max-image-preview:large","max-video-preview":"max-video-preview:-1"},"canonical":"https:\/\/zoo.org\/es\/voluntario\/puestos-de-voluntariado\/","og_locale":"es_ES","og_type":"article","og_title":"-","og_description":"Vea los puestos de voluntariado en Woodland Park Zoo, incluidos los roles de docente y embajador.","og_url":"https:\/\/zoo.org\/es\/voluntario\/puestos-de-voluntariado\/","og_site_name":"Zool\u00f3gico Woodland Park","article_modified_time":"2025-12-20T02:25:18+00:00","og_image":[{"width":800,"height":534,"url":"https:\/\/zoo.org\/wp-content\/uploads\/2025\/09\/RS33717_2017-Brew-at-Zoo-3-volunteer-web.jpg?wsr","type":"image\/jpeg"}],"twitter_card":"summary_large_image","schema":{"@context":"https:\/\/schema.org","@graph":[{"@type":"WebPage","@id":"https:\/\/zoo.org\/es\/voluntario\/puestos-de-voluntariado\/","url":"https:\/\/zoo.org\/es\/voluntario\/puestos-de-voluntariado\/","name":"-","isPartOf":{"@id":"https:\/\/zoo.org\/es\/#website"},"primaryImageOfPage":{"@id":"https:\/\/zoo.org\/es\/voluntario\/puestos-de-voluntariado\/#primaryimage"},"image":{"@id":"https:\/\/zoo.org\/es\/voluntario\/puestos-de-voluntariado\/#primaryimage"},"thumbnailUrl":"https:\/\/zoo.org\/wp-content\/uploads\/2025\/09\/RS33717_2017-Brew-at-Zoo-3-volunteer-web.jpg?wsr","datePublished":"2025-10-15T18:59:08+00:00","dateModified":"2025-12-20T02:25:18+00:00","description":"Vea los puestos de voluntariado en Woodland Park Zoo, incluidos los roles de docente y embajador.","breadcrumb":{"@id":"https:\/\/zoo.org\/es\/voluntario\/puestos-de-voluntariado\/#breadcrumb"},"inLanguage":"es","potentialAction":[{"@type":"ReadAction","target":["https:\/\/zoo.org\/es\/voluntario\/puestos-de-voluntariado\/"]}]},{"@type":"ImageObject","inLanguage":"es","@id":"https:\/\/zoo.org\/es\/voluntario\/puestos-de-voluntariado\/#primaryimage","url":"https:\/\/zoo.org\/wp-content\/uploads\/2025\/09\/RS33717_2017-Brew-at-Zoo-3-volunteer-web.jpg?wsr","contentUrl":"https:\/\/zoo.org\/wp-content\/uploads\/2025\/09\/RS33717_2017-Brew-at-Zoo-3-volunteer-web.jpg?wsr","width":800,"height":534,"caption":"Tres adultos sonrientes, dos mujeres y un hombre, est\u00e1n juntos al aire libre. Llevan camisetas marrones con el logotipo y las credenciales de \"Voluntarios del Zool\u00f3gico Woodland Park\", con \u00e1rboles y vegetaci\u00f3n al fondo."},{"@type":"BreadcrumbList","@id":"https:\/\/zoo.org\/es\/voluntario\/puestos-de-voluntariado\/#breadcrumb","itemListElement":[{"@type":"ListItem","position":1,"name":"Hogar","item":"https:\/\/zoo.org\/es\/"},{"@type":"ListItem","position":2,"name":"Voluntario","item":"https:\/\/zoo.org\/es\/voluntario\/"},{"@type":"ListItem","position":3,"name":"Puestos de voluntariado"}]},{"@type":"WebSite","@id":"https:\/\/zoo.org\/es\/#website","url":"https:\/\/zoo.org\/es\/","name":"Zool\u00f3gico Woodland Park","description":"El Zool\u00f3gico Woodland Park salva la vida silvestre e inspira a todos a hacer de la conservaci\u00f3n una prioridad en sus vidas.","publisher":{"@id":"https:\/\/zoo.org\/es\/#organization"},"potentialAction":[{"@type":"SearchAction","target":{"@type":"EntryPoint","urlTemplate":"https:\/\/zoo.org\/es\/?s={search_term_string}"},"query-input":{"@type":"PropertyValueSpecification","valueRequired":true,"valueName":"search_term_string"}}],"inLanguage":"es"},{"@type":"Organization","@id":"https:\/\/zoo.org\/es\/#organization","name":"Zool\u00f3gico Woodland Park","url":"https:\/\/zoo.org\/es\/","logo":{"@type":"ImageObject","inLanguage":"es","@id":"https:\/\/zoo.org\/es\/#\/schema\/logo\/image\/","url":"https:\/\/zoo.org\/wp-content\/uploads\/2026\/01\/WPZ-Logo_white-SVG.svg?wsr","contentUrl":"https:\/\/zoo.org\/wp-content\/uploads\/2026\/01\/WPZ-Logo_white-SVG.svg?wsr","width":288,"height":282,"caption":"Zool\u00f3gico Woodland Park"},"image":{"@id":"https:\/\/zoo.org\/es\/#\/schema\/logo\/image\/"}}]}},"taxonomy_info":[],"featured_image_src_large":["https:\/\/zoo.org\/wp-content\/uploads\/2025\/09\/RS33717_2017-Brew-at-Zoo-3-volunteer-web.jpg?wsr",800,534,false],"author_info":{"display_name":"jloughlin","author_link":"https:\/\/zoo.org\/es\/author\/jloughlin\/"},"comment_info":0,"_links":{"self":[{"href":"https:\/\/zoo.org\/es\/wp-json\/wp\/v2\/pages\/10206","targetHints":{"allow":["GET"]}}],"collection":[{"href":"https:\/\/zoo.org\/es\/wp-json\/wp\/v2\/pages"}],"about":[{"href":"https:\/\/zoo.org\/es\/wp-json\/wp\/v2\/types\/page"}],"author":[{"embeddable":true,"href":"https:\/\/zoo.org\/es\/wp-json\/wp\/v2\/users\/1"}],"replies":[{"embeddable":true,"href":"https:\/\/zoo.org\/es\/wp-json\/wp\/v2\/comments?post=10206"}],"version-history":[{"count":0,"href":"https:\/\/zoo.org\/es\/wp-json\/wp\/v2\/pages\/10206\/revisions"}],"up":[{"embeddable":true,"href":"https:\/\/zoo.org\/es\/wp-json\/wp\/v2\/pages\/10208"}],"wp:featuredmedia":[{"embeddable":true,"href":"https:\/\/zoo.org\/es\/wp-json\/wp\/v2\/media\/10207"}],"wp:attachment":[{"href":"https:\/\/zoo.org\/es\/wp-json\/wp\/v2\/media?parent=10206"}],"curies":[{"name":"wp","href":"https:\/\/api.w.org\/{rel}","templated":true}]}}