{"id":10208,"date":"2026-02-12T16:00:00","date_gmt":"2026-02-13T00:00:00","guid":{"rendered":"https:\/\/zoo.org\/voluntario\/"},"modified":"2026-02-18T09:23:33","modified_gmt":"2026-02-18T17:23:33","slug":"voluntario","status":"publish","type":"page","link":"https:\/\/zoo.org\/es\/voluntario\/","title":{"rendered":"Voluntario"},"content":{"rendered":"\n<div class=\"wp-block-cover alignfull hero\" style=\"margin-top:0;margin-bottom:0\"><img loading=\"lazy\" decoding=\"async\" width=\"1920\" height=\"400\" class=\"wp-block-cover__image-background wp-image-3493 size-full\" alt=\"\" src=\"https:\/\/zoo.org\/wp-content\/uploads\/2025\/08\/WPZ-Seattle-Aerial-Header-Image.jpg\" data-object-fit=\"cover\" srcset=\"https:\/\/zoo.org\/wp-content\/uploads\/2025\/08\/WPZ-Seattle-Aerial-Header-Image.jpg 1920w, https:\/\/zoo.org\/wp-content\/uploads\/2025\/08\/WPZ-Seattle-Aerial-Header-Image-300x63.jpg 300w, https:\/\/zoo.org\/wp-content\/uploads\/2025\/08\/WPZ-Seattle-Aerial-Header-Image-1024x213.jpg 1024w, https:\/\/zoo.org\/wp-content\/uploads\/2025\/08\/WPZ-Seattle-Aerial-Header-Image-768x160.jpg 768w, https:\/\/zoo.org\/wp-content\/uploads\/2025\/08\/WPZ-Seattle-Aerial-Header-Image-1536x320.jpg 1536w\" sizes=\"auto, (max-width: 1920px) 100vw, 1920px\" \/><span aria-hidden=\"true\" class=\"wp-block-cover__background has-background-dim-0 has-background-dim\" style=\"background-color:#393f38\"><\/span><div class=\"wp-block-cover__inner-container is-layout-constrained wp-block-cover-is-layout-constrained\">\n<p class=\"has-text-align-center has-large-font-size\"><\/p>\n<\/div><\/div>\n\n<div class=\"wp-block-group is-layout-constrained wp-block-group-is-layout-constrained\" style=\"margin-top:2em;margin-bottom:3em\">\n<h1 class=\"wp-block-heading has-text-align-center\" style=\"margin-top:0.65em;margin-bottom:0.275em\">VOLUNTARIO<\/h1>\n\n\n\n<p class=\"has-text-align-center has-palette-color-3-color has-text-color has-link-color wp-elements-0951ed38962c7c69174c630f93c74e14\" style=\"margin-bottom:1em;font-size:clamp(0.984em, 0.984rem + ((1vw - 0.2em) * 0.645), 1.5em);font-style:normal;font-weight:500;line-height:1.5\"><strong>Los voluntarios son el coraz\u00f3n de nuestra misi\u00f3n para salvar a los animales.<\/strong><\/p>\n<\/div>\n\n<div class=\"wp-block-group alignfull divider is-layout-constrained wp-block-group-is-layout-constrained\">\n<h2 class=\"wp-block-heading alignfull has-text-align-center\">Programa de Voluntariado<\/h2>\n<\/div>\n\n<h3 class=\"wp-block-heading\">Acerca del programa<\/h3>\n\n<h4 class=\"wp-block-heading\">Para personas mayores de 16 a\u00f1os<\/h4>\n<style>.kb-row-layout-wrap.wp-block-kadence-rowlayout.kb-row-layout-id18988_e3098c-72{margin-top:var(--global-kb-spacing-md, 2rem);margin-bottom:var(--global-kb-spacing-md, 2rem);}.kb-row-layout-id18988_e3098c-72 > .kt-row-column-wrap{align-content:start;}:where(.kb-row-layout-id18988_e3098c-72 > .kt-row-column-wrap) > .wp-block-kadence-column{justify-content:start;}.kb-row-layout-id18988_e3098c-72 > .kt-row-column-wrap{column-gap:var(--global-kb-gap-md, 2rem);row-gap:var(--global-kb-gap-md, 2rem);padding-top:0px;padding-right:0px;padding-bottom:0px;padding-left:0px;grid-template-columns:minmax(0, 1fr) minmax(0, 2fr);}.kb-row-layout-id18988_e3098c-72 > .kt-row-layout-overlay{opacity:0.30;}@media all and (max-width: 1024px){.kb-row-layout-id18988_e3098c-72 > .kt-row-column-wrap{grid-template-columns:minmax(0, 1fr) minmax(0, 2fr);}}@media all and (max-width: 767px){.kb-row-layout-id18988_e3098c-72 > .kt-row-column-wrap{grid-template-columns:minmax(0, 1fr);}}<\/style><div class=\"kb-row-layout-wrap kb-row-layout-id18988_e3098c-72 alignnone wp-block-kadence-rowlayout\"><div class=\"kt-row-column-wrap kt-has-2-columns kt-row-layout-right-golden kt-tab-layout-inherit kt-mobile-layout-row kt-row-valign-top\">\n<style>.kadence-column18988_3c4e75-c5 > .kt-inside-inner-col,.kadence-column18988_3c4e75-c5 > .kt-inside-inner-col:before{border-top-left-radius:0px;border-top-right-radius:0px;border-bottom-right-radius:0px;border-bottom-left-radius:0px;}.kadence-column18988_3c4e75-c5 > .kt-inside-inner-col{column-gap:var(--global-kb-gap-sm, 1rem);}.kadence-column18988_3c4e75-c5 > .kt-inside-inner-col{flex-direction:column;}.kadence-column18988_3c4e75-c5 > .kt-inside-inner-col > .aligncenter{width:100%;}.kadence-column18988_3c4e75-c5 > .kt-inside-inner-col:before{opacity:0.3;}.kadence-column18988_3c4e75-c5{position:relative;}@media all and (max-width: 1024px){.kadence-column18988_3c4e75-c5 > .kt-inside-inner-col{flex-direction:column;justify-content:center;}}@media all and (max-width: 767px){.kadence-column18988_3c4e75-c5 > .kt-inside-inner-col{flex-direction:column;justify-content:center;}}<\/style>\n<div class=\"wp-block-kadence-column kadence-column18988_3c4e75-c5\"><div class=\"kt-inside-inner-col\"><style>.kb-image18988_f853f5-aa .kb-image-has-overlay:after{opacity:0.3;}<\/style>\n<figure class=\"wp-block-kadence-image kb-image18988_f853f5-aa size-full\"><img loading=\"lazy\" decoding=\"async\" width=\"800\" height=\"534\" src=\"https:\/\/zoo.org\/wp-content\/uploads\/2025\/09\/RS33717_2017-Brew-at-Zoo-3-volunteer-web.jpg\" alt=\"Three smiling adults, two women and one man, stand close together outdoors. They are wearing brown shirts with \u201cWoodland Park Zoo Volunteer\u201d logos and name badges, with trees and greenery in the background.\" class=\"kb-img wp-image-5321\" srcset=\"https:\/\/zoo.org\/wp-content\/uploads\/2025\/09\/RS33717_2017-Brew-at-Zoo-3-volunteer-web.jpg 800w, https:\/\/zoo.org\/wp-content\/uploads\/2025\/09\/RS33717_2017-Brew-at-Zoo-3-volunteer-web-300x200.jpg 300w, https:\/\/zoo.org\/wp-content\/uploads\/2025\/09\/RS33717_2017-Brew-at-Zoo-3-volunteer-web-768x513.jpg 768w\" sizes=\"auto, (max-width: 800px) 100vw, 800px\" \/><\/figure>\n<\/div><\/div>\n\n\n<style>.kadence-column18988_1e770d-d9 > .kt-inside-inner-col{display:flex;}.kadence-column18988_1e770d-d9 > .kt-inside-inner-col,.kadence-column18988_1e770d-d9 > .kt-inside-inner-col:before{border-top-left-radius:0px;border-top-right-radius:0px;border-bottom-right-radius:0px;border-bottom-left-radius:0px;}.kadence-column18988_1e770d-d9 > .kt-inside-inner-col{column-gap:var(--global-kb-gap-sm, 1rem);}.kadence-column18988_1e770d-d9 > .kt-inside-inner-col{flex-direction:column;justify-content:center;}.kadence-column18988_1e770d-d9 > .kt-inside-inner-col > .aligncenter{width:100%;}.kt-row-column-wrap > .kadence-column18988_1e770d-d9{align-self:center;}.kt-inner-column-height-full:not(.kt-has-1-columns) > .wp-block-kadence-column.kadence-column18988_1e770d-d9{align-self:auto;}.kt-inner-column-height-full:not(.kt-has-1-columns) > .wp-block-kadence-column.kadence-column18988_1e770d-d9 > .kt-inside-inner-col{flex-direction:column;justify-content:center;}.kadence-column18988_1e770d-d9 > .kt-inside-inner-col:before{opacity:0.3;}.kadence-column18988_1e770d-d9{position:relative;}@media all and (max-width: 1024px){.kt-row-column-wrap > .kadence-column18988_1e770d-d9{align-self:center;}}@media all and (max-width: 1024px){.kt-inner-column-height-full:not(.kt-has-1-columns) > .wp-block-kadence-column.kadence-column18988_1e770d-d9{align-self:auto;}}@media all and (max-width: 1024px){.kt-inner-column-height-full:not(.kt-has-1-columns) > .wp-block-kadence-column.kadence-column18988_1e770d-d9 > .kt-inside-inner-col{flex-direction:column;justify-content:center;}}@media all and (max-width: 1024px){.kadence-column18988_1e770d-d9 > .kt-inside-inner-col{flex-direction:column;justify-content:center;}}@media all and (max-width: 767px){.kt-row-column-wrap > .kadence-column18988_1e770d-d9{align-self:center;}.kt-inner-column-height-full:not(.kt-has-1-columns) > .wp-block-kadence-column.kadence-column18988_1e770d-d9{align-self:auto;}.kt-inner-column-height-full:not(.kt-has-1-columns) > .wp-block-kadence-column.kadence-column18988_1e770d-d9 > .kt-inside-inner-col{flex-direction:column;justify-content:center;}.kadence-column18988_1e770d-d9 > .kt-inside-inner-col{flex-direction:column;justify-content:center;}}<\/style>\n<div class=\"wp-block-kadence-column kadence-column18988_1e770d-d9\"><div class=\"kt-inside-inner-col\">\n<p>Los voluntarios son embajadores del Zool\u00f3gico Woodland Park y una parte importante de nuestro equipo. Buscamos personas que se sientan entusiasmadas por colaborar con la misi\u00f3n del zool\u00f3gico de salvar la vida silvestre e inspirar a todos a priorizar la conservaci\u00f3n.<\/p>\n\n\n\n<p>El objetivo principal de nuestros voluntarios es interactuar con los visitantes del zool\u00f3gico ofreci\u00e9ndoles asistencia e informaci\u00f3n, facilitando experiencias extraordinarias y colaborando en diversos eventos especiales. Una vez en el programa, los voluntarios tambi\u00e9n tienen la oportunidad de postularse y entrevistarse para puestos en otras \u00e1reas operativas del zool\u00f3gico, como horticultura, educaci\u00f3n y puestos de liderazgo dentro del Programa de Voluntarios. <\/p>\n<\/div><\/div>\n\n<\/div><\/div>\n<p>Nuestro programa ofrece a todos los voluntarios la oportunidad de aprender continuamente sobre la conservaci\u00f3n y los animales, y de generar un impacto positivo a diario mediante su participaci\u00f3n activa en la comunidad del zool\u00f3gico. Si bien apoyamos a nuestros animales conectando con los visitantes y apoyando diversos aspectos del zool\u00f3gico, no contamos con programas que los involucren directamente. <\/p>\n\n<p><a href=\"http:\/\/www.volgistics.com\/vicnet\/12671\">Acceso actual de voluntarios de WPZ VIC<\/a><\/p>\n\n<div class=\"wp-block-group is-layout-constrained wp-block-group-is-layout-constrained\" style=\"margin-top:var(--wp--preset--spacing--60);margin-bottom:var(--wp--preset--spacing--60)\"><style>.kt-sc18988_bad132-44 .kt-sc-imgcol, .kt-sc18988_bad132-44 .kt-sc-textcol{min-height:345px;}.kt-sc18988_bad132-44 .kt-sc-imgcol{background-size:cover;background-image:url(https:\/\/zoo.org\/wp-content\/uploads\/2025\/09\/2022-Volunteer-Western-Pond-Turtle-Teen-Camps-21-JDL.jpg);}.kt-sc18988_bad132-44 .kt-sc-textcol{padding-top:1em;padding-right:1.5em;padding-bottom:1em;padding-left:1.5em;}@media all and (max-width: 767px){.kt-sc18988_bad132-44 .kt-sc-imgcol, .kt-sc18988_bad132-44 .kt-sc-textcol{min-height:275px;}}<\/style>\n<div class=\"aligncenter kt-sc18988_bad132-44 wp-block-kadence-splitcontent\"><div class=\"kt-split-content-wrap kt-sc-media-side-left\" style=\"grid-template-columns:32% auto\"><div class=\"kt-sc-imgcol kt-sc-imgcol-bg-cover kt-sc-img-side-left\"><\/div><div class=\"kt-sc-textcol kt-sc-text-valign-center kt-sc-text-halign-left\" style=\"background-color:var(--theme-palette-color-17, #E6E6E6)\"><div class=\"kt-sc-innter-col\"><style>.wp-block-kadence-advancedheading.kt-adv-heading18988_8a9519-6f, .wp-block-kadence-advancedheading.kt-adv-heading18988_8a9519-6f[data-kb-block=\"kb-adv-heading18988_8a9519-6f\"]{font-style:normal;}.wp-block-kadence-advancedheading.kt-adv-heading18988_8a9519-6f mark.kt-highlight, .wp-block-kadence-advancedheading.kt-adv-heading18988_8a9519-6f[data-kb-block=\"kb-adv-heading18988_8a9519-6f\"] mark.kt-highlight{font-style:normal;color:#f76a0c;-webkit-box-decoration-break:clone;box-decoration-break:clone;padding-top:0px;padding-right:0px;padding-bottom:0px;padding-left:0px;}.wp-block-kadence-advancedheading.kt-adv-heading18988_8a9519-6f img.kb-inline-image, .wp-block-kadence-advancedheading.kt-adv-heading18988_8a9519-6f[data-kb-block=\"kb-adv-heading18988_8a9519-6f\"] img.kb-inline-image{width:150px;vertical-align:baseline;}<\/style>\n<h3 class=\"kt-adv-heading18988_8a9519-6f wp-block-kadence-advancedheading\" data-kb-block=\"kb-adv-heading18988_8a9519-6f\">Programa de Voluntarios Embajadores Adolescentes<\/h3>\n\n\n<style>.wp-block-kadence-advancedheading.kt-adv-heading18988_f67ba4-b5, .wp-block-kadence-advancedheading.kt-adv-heading18988_f67ba4-b5[data-kb-block=\"kb-adv-heading18988_f67ba4-b5\"]{font-style:normal;}.wp-block-kadence-advancedheading.kt-adv-heading18988_f67ba4-b5 mark.kt-highlight, .wp-block-kadence-advancedheading.kt-adv-heading18988_f67ba4-b5[data-kb-block=\"kb-adv-heading18988_f67ba4-b5\"] mark.kt-highlight{font-style:normal;color:#f76a0c;-webkit-box-decoration-break:clone;box-decoration-break:clone;padding-top:0px;padding-right:0px;padding-bottom:0px;padding-left:0px;}.wp-block-kadence-advancedheading.kt-adv-heading18988_f67ba4-b5 img.kb-inline-image, .wp-block-kadence-advancedheading.kt-adv-heading18988_f67ba4-b5[data-kb-block=\"kb-adv-heading18988_f67ba4-b5\"] img.kb-inline-image{width:150px;vertical-align:baseline;}<\/style>\n<h4 class=\"kt-adv-heading18988_f67ba4-b5 wp-block-kadence-advancedheading\" data-kb-block=\"kb-adv-heading18988_f67ba4-b5\">Fechas: junio &#8211; septiembre<\/h4>\n\n\n\n<p style=\"margin-bottom:var(--wp--preset--spacing--40)\"><strong>Para estudiantes que ingresar\u00e1n al 10.\u00ba al 12.\u00ba grado en el oto\u00f1o de 2026<\/strong><\/p>\n\n\n\n<p style=\"margin-bottom:var(--wp--preset--spacing--40)\">\u00bfEst\u00e1 interesado en ser voluntario en el zool\u00f3gico y aprender m\u00e1s sobre carreras relacionadas con la conservaci\u00f3n durante sus vacaciones de verano?<\/p>\n\n\n\n<p style=\"margin-bottom:var(--wp--preset--spacing--40)\"><a href=\"https:\/\/zoo.org\/es\/voluntario\/programa-de-voluntariado-para-adolescentes\/\" type=\"page\" id=\"6453\">Obtenga m\u00e1s informaci\u00f3n sobre el Programa de Voluntarios Embajadores Adolescentes<\/a><\/p>\n<\/div><\/div><\/div><\/div>\n<\/div>\n\n<h3 class=\"wp-block-heading\">Requisitos del programa de voluntariado<\/h3>\n\n<p>El Programa de Voluntarios del Zool\u00f3gico Woodland Park requiere que las personas interesadas:<\/p>\n\n<ul class=\"wp-block-list\">\n<li>Tener al menos 16 a\u00f1os<\/li>\n\n\n\n<li>Demostrar compromiso con los m\u00e1s altos est\u00e1ndares de servicio al cliente.<\/li>\n\n\n\n<li>Tener entusiasmo por las personas, los animales y la conservaci\u00f3n.<\/li>\n\n\n\n<li>Comprometerse con el Programa de Voluntariado por un m\u00ednimo de un a\u00f1o<\/li>\n\n\n\n<li>Cumplir con el requisito m\u00ednimo de servicio de 70 horas por a\u00f1o<\/li>\n\n\n\n<li>Completar con \u00e9xito la capacitaci\u00f3n y tutor\u00eda de embajadores del zool\u00f3gico.<\/li>\n\n\n\n<li>Disponer de una forma confiable de acceder a Internet, ya que la mayor\u00eda de las comunicaciones se realizan por correo electr\u00f3nico y la programaci\u00f3n de los voluntarios se realiza en l\u00ednea.<\/li>\n<\/ul>\n\n<p><a href=\"https:\/\/zoo.org\/es\/voluntario\/puestos-de-voluntariado\/\">Lea m\u00e1s sobre la formaci\u00f3n, actividades y puestos de voluntariado.<\/a><\/p>\n\n<div class=\"wp-block-group has-palette-color-17-background-color has-background is-layout-constrained wp-block-group-is-layout-constrained\" style=\"margin-top:var(--wp--preset--spacing--60);margin-bottom:var(--wp--preset--spacing--60)\">\n<h3 class=\"wp-block-heading\">Obtenga m\u00e1s informaci\u00f3n y solicite nuestro programa de voluntariado<\/h3>\n\n\n\n<p>Gracias por su inter\u00e9s en ser voluntario en el Zool\u00f3gico Woodland Park. Aunque normalmente abrimos el reclutamiento de voluntarios en enero, <strong>no aceptaremos solicitudes en este momento.<\/strong> Por favor, vuelva a consultar esta p\u00e1gina para obtener informaci\u00f3n actualizada sobre cu\u00e1ndo estar\u00e1n disponibles las solicitudes en el futuro. <\/p>\n\n\n\n<p>Si desea recibir una notificaci\u00f3n cuando se reanude el reclutamiento, reg\u00edstrese aqu\u00ed para recibir actualizaciones por correo electr\u00f3nico:<\/p>\n\n\n\n<div class=\"wp-block-buttons is-content-justification-center is-layout-flex wp-container-core-buttons-is-layout-3d0b5f42 wp-block-buttons-is-layout-flex\" style=\"margin-top:var(--wp--preset--spacing--60);margin-bottom:var(--wp--preset--spacing--20)\">\n<div class=\"wp-block-button\"><a class=\"wp-block-button__link wp-element-button\" href=\"https:\/\/forms.office.com\/Pages\/ResponsePage.aspx?id=9ePsQyZH_0W0EigRLJJdsafT0q7vFEFLsM9xfRGK_ChURUtPRUsySklHVUUyUE9XTlA2NDFKUVlTSi4u\" target=\"_blank\" rel=\"noreferrer noopener\">Inscr\u00edbeme<\/a><\/div>\n<\/div>\n<\/div>\n\n<div class=\"wp-block-group alignfull divider is-layout-constrained wp-block-group-is-layout-constrained\">\n<h2 class=\"wp-block-heading alignfull has-text-align-center\">INFORMACI\u00d3N DEL CONTACTO<\/h2>\n<\/div>\n\n<h3 class=\"wp-block-heading\">Proyectos de servicios corporativos<\/h3>\n\n<p>Se aceptan grupos de voluntarios corporativos de forma limitada, env\u00ede un correo electr\u00f3nico <a href=\"mailto:corpengagement@zoo.org\">a corpengagement@zoo.org<\/a> para solicitar informaci\u00f3n.<\/p>\n\n<h3 class=\"wp-block-heading\">Cont\u00e1ctenos<\/h3>\n\n<h4 class=\"wp-block-heading\">Programa de voluntariado<\/h4>\n\n<p>Si no puede encontrar las respuestas a sus preguntas sobre el voluntariado o necesita ayuda adicional, comun\u00edquese con el personal del programa en <a href=\"mailto:volunteer@zoo.org\">volunteer@zoo.org<\/a> o al 206.548.2450 (se prefiere correo electr\u00f3nico).<\/p>\n","protected":false},"excerpt":{"rendered":"<p>VOLUNTARIO Los voluntarios son el coraz\u00f3n de nuestra misi\u00f3n para salvar a los animales. Programa de Voluntariado Acerca del programa Para personas mayores de 16 a\u00f1os Los voluntarios son embajadores [&hellip;]<\/p>\n","protected":false},"author":1,"featured_media":10207,"parent":0,"menu_order":0,"comment_status":"closed","ping_status":"closed","template":"","meta":{"_acf_changed":false,"_kad_blocks_custom_css":"","_kad_blocks_head_custom_js":"","_kad_blocks_body_custom_js":"","_kad_blocks_footer_custom_js":"","footnotes":""},"class_list":["post-10208","page","type-page","status-publish","has-post-thumbnail","hentry"],"blocksy_meta":[],"acf":[],"yoast_head":"<!-- This site is optimized with the Yoast SEO plugin v27.4 - https:\/\/yoast.com\/product\/yoast-seo-wordpress\/ -->\n<title>-<\/title>\n<meta name=\"description\" content=\"Ayude a salvar animales e inspire a los visitantes a aprender, cuidar y actuar. Programas de voluntariado para adultos y adolescentes de ZooCorps disponibles.\" \/>\n<meta name=\"robots\" content=\"index, follow, max-snippet:-1, max-image-preview:large, max-video-preview:-1\" \/>\n<link rel=\"canonical\" href=\"https:\/\/zoo.org\/es\/voluntario\/\" \/>\n<meta property=\"og:locale\" content=\"es_ES\" \/>\n<meta property=\"og:type\" content=\"article\" \/>\n<meta property=\"og:title\" content=\"-\" \/>\n<meta property=\"og:description\" content=\"Ayude a salvar animales e inspire a los visitantes a aprender, cuidar y actuar. Programas de voluntariado para adultos y adolescentes de ZooCorps disponibles.\" \/>\n<meta property=\"og:url\" content=\"https:\/\/zoo.org\/es\/voluntario\/\" \/>\n<meta property=\"og:site_name\" content=\"Zool\u00f3gico Woodland Park\" \/>\n<meta property=\"article:modified_time\" content=\"2026-02-18T17:23:33+00:00\" \/>\n<meta property=\"og:image\" content=\"https:\/\/zoo.org\/wp-content\/uploads\/2025\/09\/RS33717_2017-Brew-at-Zoo-3-volunteer-web.jpg?wsr\" \/>\n\t<meta property=\"og:image:width\" content=\"800\" \/>\n\t<meta property=\"og:image:height\" content=\"534\" \/>\n\t<meta property=\"og:image:type\" content=\"image\/jpeg\" \/>\n<meta name=\"twitter:card\" content=\"summary_large_image\" \/>\n<script type=\"application\/ld+json\" class=\"yoast-schema-graph\">{\"@context\":\"https:\\\/\\\/schema.org\",\"@graph\":[{\"@type\":\"WebPage\",\"@id\":\"https:\\\/\\\/zoo.org\\\/es\\\/voluntario\\\/\",\"url\":\"https:\\\/\\\/zoo.org\\\/es\\\/voluntario\\\/\",\"name\":\"-\",\"isPartOf\":{\"@id\":\"https:\\\/\\\/zoo.org\\\/es\\\/#website\"},\"primaryImageOfPage\":{\"@id\":\"https:\\\/\\\/zoo.org\\\/es\\\/voluntario\\\/#primaryimage\"},\"image\":{\"@id\":\"https:\\\/\\\/zoo.org\\\/es\\\/voluntario\\\/#primaryimage\"},\"thumbnailUrl\":\"https:\\\/\\\/zoo.org\\\/wp-content\\\/uploads\\\/2025\\\/09\\\/RS33717_2017-Brew-at-Zoo-3-volunteer-web.jpg?wsr\",\"datePublished\":\"2026-02-13T00:00:00+00:00\",\"dateModified\":\"2026-02-18T17:23:33+00:00\",\"description\":\"Ayude a salvar animales e inspire a los visitantes a aprender, cuidar y actuar. Programas de voluntariado para adultos y adolescentes de ZooCorps disponibles.\",\"breadcrumb\":{\"@id\":\"https:\\\/\\\/zoo.org\\\/es\\\/voluntario\\\/#breadcrumb\"},\"inLanguage\":\"es\",\"potentialAction\":[{\"@type\":\"ReadAction\",\"target\":[\"https:\\\/\\\/zoo.org\\\/es\\\/voluntario\\\/\"]}]},{\"@type\":\"ImageObject\",\"inLanguage\":\"es\",\"@id\":\"https:\\\/\\\/zoo.org\\\/es\\\/voluntario\\\/#primaryimage\",\"url\":\"https:\\\/\\\/zoo.org\\\/wp-content\\\/uploads\\\/2025\\\/09\\\/RS33717_2017-Brew-at-Zoo-3-volunteer-web.jpg?wsr\",\"contentUrl\":\"https:\\\/\\\/zoo.org\\\/wp-content\\\/uploads\\\/2025\\\/09\\\/RS33717_2017-Brew-at-Zoo-3-volunteer-web.jpg?wsr\",\"width\":800,\"height\":534,\"caption\":\"Tres adultos sonrientes, dos mujeres y un hombre, est\u00e1n juntos al aire libre. Llevan camisetas marrones con el logotipo y las credenciales de \\\"Voluntarios del Zool\u00f3gico Woodland Park\\\", con \u00e1rboles y vegetaci\u00f3n al fondo.\"},{\"@type\":\"BreadcrumbList\",\"@id\":\"https:\\\/\\\/zoo.org\\\/es\\\/voluntario\\\/#breadcrumb\",\"itemListElement\":[{\"@type\":\"ListItem\",\"position\":1,\"name\":\"Hogar\",\"item\":\"https:\\\/\\\/zoo.org\\\/es\\\/\"},{\"@type\":\"ListItem\",\"position\":2,\"name\":\"Voluntario\"}]},{\"@type\":\"WebSite\",\"@id\":\"https:\\\/\\\/zoo.org\\\/es\\\/#website\",\"url\":\"https:\\\/\\\/zoo.org\\\/es\\\/\",\"name\":\"Zool\u00f3gico Woodland Park\",\"description\":\"El Zool\u00f3gico Woodland Park salva la vida silvestre e inspira a todos a hacer de la conservaci\u00f3n una prioridad en sus vidas.\",\"publisher\":{\"@id\":\"https:\\\/\\\/zoo.org\\\/es\\\/#organization\"},\"potentialAction\":[{\"@type\":\"SearchAction\",\"target\":{\"@type\":\"EntryPoint\",\"urlTemplate\":\"https:\\\/\\\/zoo.org\\\/es\\\/?s={search_term_string}\"},\"query-input\":{\"@type\":\"PropertyValueSpecification\",\"valueRequired\":true,\"valueName\":\"search_term_string\"}}],\"inLanguage\":\"es\"},{\"@type\":\"Organization\",\"@id\":\"https:\\\/\\\/zoo.org\\\/es\\\/#organization\",\"name\":\"Zool\u00f3gico Woodland Park\",\"url\":\"https:\\\/\\\/zoo.org\\\/es\\\/\",\"logo\":{\"@type\":\"ImageObject\",\"inLanguage\":\"es\",\"@id\":\"https:\\\/\\\/zoo.org\\\/es\\\/#\\\/schema\\\/logo\\\/image\\\/\",\"url\":\"https:\\\/\\\/zoo.org\\\/wp-content\\\/uploads\\\/2026\\\/01\\\/WPZ-Logo_white-SVG.svg?wsr\",\"contentUrl\":\"https:\\\/\\\/zoo.org\\\/wp-content\\\/uploads\\\/2026\\\/01\\\/WPZ-Logo_white-SVG.svg?wsr\",\"width\":288,\"height\":282,\"caption\":\"Zool\u00f3gico Woodland Park\"},\"image\":{\"@id\":\"https:\\\/\\\/zoo.org\\\/es\\\/#\\\/schema\\\/logo\\\/image\\\/\"}}]}<\/script>\n<!-- \/ Yoast SEO plugin. -->","yoast_head_json":{"title":"-","description":"Ayude a salvar animales e inspire a los visitantes a aprender, cuidar y actuar. Programas de voluntariado para adultos y adolescentes de ZooCorps disponibles.","robots":{"index":"index","follow":"follow","max-snippet":"max-snippet:-1","max-image-preview":"max-image-preview:large","max-video-preview":"max-video-preview:-1"},"canonical":"https:\/\/zoo.org\/es\/voluntario\/","og_locale":"es_ES","og_type":"article","og_title":"-","og_description":"Ayude a salvar animales e inspire a los visitantes a aprender, cuidar y actuar. Programas de voluntariado para adultos y adolescentes de ZooCorps disponibles.","og_url":"https:\/\/zoo.org\/es\/voluntario\/","og_site_name":"Zool\u00f3gico Woodland Park","article_modified_time":"2026-02-18T17:23:33+00:00","og_image":[{"width":800,"height":534,"url":"https:\/\/zoo.org\/wp-content\/uploads\/2025\/09\/RS33717_2017-Brew-at-Zoo-3-volunteer-web.jpg?wsr","type":"image\/jpeg"}],"twitter_card":"summary_large_image","schema":{"@context":"https:\/\/schema.org","@graph":[{"@type":"WebPage","@id":"https:\/\/zoo.org\/es\/voluntario\/","url":"https:\/\/zoo.org\/es\/voluntario\/","name":"-","isPartOf":{"@id":"https:\/\/zoo.org\/es\/#website"},"primaryImageOfPage":{"@id":"https:\/\/zoo.org\/es\/voluntario\/#primaryimage"},"image":{"@id":"https:\/\/zoo.org\/es\/voluntario\/#primaryimage"},"thumbnailUrl":"https:\/\/zoo.org\/wp-content\/uploads\/2025\/09\/RS33717_2017-Brew-at-Zoo-3-volunteer-web.jpg?wsr","datePublished":"2026-02-13T00:00:00+00:00","dateModified":"2026-02-18T17:23:33+00:00","description":"Ayude a salvar animales e inspire a los visitantes a aprender, cuidar y actuar. Programas de voluntariado para adultos y adolescentes de ZooCorps disponibles.","breadcrumb":{"@id":"https:\/\/zoo.org\/es\/voluntario\/#breadcrumb"},"inLanguage":"es","potentialAction":[{"@type":"ReadAction","target":["https:\/\/zoo.org\/es\/voluntario\/"]}]},{"@type":"ImageObject","inLanguage":"es","@id":"https:\/\/zoo.org\/es\/voluntario\/#primaryimage","url":"https:\/\/zoo.org\/wp-content\/uploads\/2025\/09\/RS33717_2017-Brew-at-Zoo-3-volunteer-web.jpg?wsr","contentUrl":"https:\/\/zoo.org\/wp-content\/uploads\/2025\/09\/RS33717_2017-Brew-at-Zoo-3-volunteer-web.jpg?wsr","width":800,"height":534,"caption":"Tres adultos sonrientes, dos mujeres y un hombre, est\u00e1n juntos al aire libre. Llevan camisetas marrones con el logotipo y las credenciales de \"Voluntarios del Zool\u00f3gico Woodland Park\", con \u00e1rboles y vegetaci\u00f3n al fondo."},{"@type":"BreadcrumbList","@id":"https:\/\/zoo.org\/es\/voluntario\/#breadcrumb","itemListElement":[{"@type":"ListItem","position":1,"name":"Hogar","item":"https:\/\/zoo.org\/es\/"},{"@type":"ListItem","position":2,"name":"Voluntario"}]},{"@type":"WebSite","@id":"https:\/\/zoo.org\/es\/#website","url":"https:\/\/zoo.org\/es\/","name":"Zool\u00f3gico Woodland Park","description":"El Zool\u00f3gico Woodland Park salva la vida silvestre e inspira a todos a hacer de la conservaci\u00f3n una prioridad en sus vidas.","publisher":{"@id":"https:\/\/zoo.org\/es\/#organization"},"potentialAction":[{"@type":"SearchAction","target":{"@type":"EntryPoint","urlTemplate":"https:\/\/zoo.org\/es\/?s={search_term_string}"},"query-input":{"@type":"PropertyValueSpecification","valueRequired":true,"valueName":"search_term_string"}}],"inLanguage":"es"},{"@type":"Organization","@id":"https:\/\/zoo.org\/es\/#organization","name":"Zool\u00f3gico Woodland Park","url":"https:\/\/zoo.org\/es\/","logo":{"@type":"ImageObject","inLanguage":"es","@id":"https:\/\/zoo.org\/es\/#\/schema\/logo\/image\/","url":"https:\/\/zoo.org\/wp-content\/uploads\/2026\/01\/WPZ-Logo_white-SVG.svg?wsr","contentUrl":"https:\/\/zoo.org\/wp-content\/uploads\/2026\/01\/WPZ-Logo_white-SVG.svg?wsr","width":288,"height":282,"caption":"Zool\u00f3gico Woodland Park"},"image":{"@id":"https:\/\/zoo.org\/es\/#\/schema\/logo\/image\/"}}]}},"taxonomy_info":[],"featured_image_src_large":["https:\/\/zoo.org\/wp-content\/uploads\/2025\/09\/RS33717_2017-Brew-at-Zoo-3-volunteer-web.jpg?wsr",800,534,false],"author_info":{"display_name":"jloughlin","author_link":"https:\/\/zoo.org\/es\/author\/jloughlin\/"},"comment_info":0,"_links":{"self":[{"href":"https:\/\/zoo.org\/es\/wp-json\/wp\/v2\/pages\/10208","targetHints":{"allow":["GET"]}}],"collection":[{"href":"https:\/\/zoo.org\/es\/wp-json\/wp\/v2\/pages"}],"about":[{"href":"https:\/\/zoo.org\/es\/wp-json\/wp\/v2\/types\/page"}],"author":[{"embeddable":true,"href":"https:\/\/zoo.org\/es\/wp-json\/wp\/v2\/users\/1"}],"replies":[{"embeddable":true,"href":"https:\/\/zoo.org\/es\/wp-json\/wp\/v2\/comments?post=10208"}],"version-history":[{"count":0,"href":"https:\/\/zoo.org\/es\/wp-json\/wp\/v2\/pages\/10208\/revisions"}],"wp:featuredmedia":[{"embeddable":true,"href":"https:\/\/zoo.org\/es\/wp-json\/wp\/v2\/media\/10207"}],"wp:attachment":[{"href":"https:\/\/zoo.org\/es\/wp-json\/wp\/v2\/media?parent=10208"}],"curies":[{"name":"wp","href":"https:\/\/api.w.org\/{rel}","templated":true}]}}