{"id":10232,"date":"2025-10-15T14:02:31","date_gmt":"2025-10-15T21:02:31","guid":{"rendered":"https:\/\/zoo.org\/voluntario\/programa-de-voluntariado-para-adolescentes\/"},"modified":"2026-03-30T09:16:49","modified_gmt":"2026-03-30T16:16:49","slug":"programa-de-voluntariado-para-adolescentes","status":"publish","type":"page","link":"https:\/\/zoo.org\/es\/voluntario\/programa-de-voluntariado-para-adolescentes\/","title":{"rendered":"Programa de voluntariado para adolescentes"},"content":{"rendered":"\n<div class=\"wp-block-cover alignfull hero\" style=\"margin-top:0;margin-bottom:0\"><img loading=\"lazy\" decoding=\"async\" width=\"1920\" height=\"400\" class=\"wp-block-cover__image-background wp-image-3493 size-full\" alt=\"\" src=\"https:\/\/zoo.org\/wp-content\/uploads\/2025\/08\/WPZ-Seattle-Aerial-Header-Image.jpg\" data-object-fit=\"cover\" srcset=\"https:\/\/zoo.org\/wp-content\/uploads\/2025\/08\/WPZ-Seattle-Aerial-Header-Image.jpg 1920w, https:\/\/zoo.org\/wp-content\/uploads\/2025\/08\/WPZ-Seattle-Aerial-Header-Image-300x63.jpg 300w, https:\/\/zoo.org\/wp-content\/uploads\/2025\/08\/WPZ-Seattle-Aerial-Header-Image-1024x213.jpg 1024w, https:\/\/zoo.org\/wp-content\/uploads\/2025\/08\/WPZ-Seattle-Aerial-Header-Image-768x160.jpg 768w, https:\/\/zoo.org\/wp-content\/uploads\/2025\/08\/WPZ-Seattle-Aerial-Header-Image-1536x320.jpg 1536w\" sizes=\"auto, (max-width: 1920px) 100vw, 1920px\" \/><span aria-hidden=\"true\" class=\"wp-block-cover__background has-background-dim-0 has-background-dim\" style=\"background-color:#393f38\"><\/span><div class=\"wp-block-cover__inner-container is-layout-constrained wp-block-cover-is-layout-constrained\">\n<p class=\"has-text-align-center has-large-font-size\"><\/p>\n<\/div><\/div>\n\n<div class=\"wp-block-group is-layout-constrained wp-block-group-is-layout-constrained\" style=\"margin-top:2em;margin-bottom:3em\">\n<h1 class=\"wp-block-heading has-text-align-center\" style=\"margin-top:0.65em;margin-bottom:0.275em\">VOLUNTARIO<\/h1>\n\n\n\n<p class=\"has-text-align-center has-palette-color-3-color has-text-color has-link-color wp-elements-0951ed38962c7c69174c630f93c74e14\" style=\"margin-bottom:1em;font-size:clamp(0.984em, 0.984rem + ((1vw - 0.2em) * 0.645), 1.5em);font-style:normal;font-weight:500;line-height:1.5\"><strong>Los voluntarios son el coraz\u00f3n de nuestra misi\u00f3n para salvar a los animales.<\/strong><\/p>\n<\/div>\n\n<div class=\"wp-block-group alignfull divider is-layout-constrained wp-block-group-is-layout-constrained\">\n<h2 class=\"wp-block-heading alignfull has-text-align-center\">Programa de Embajadores Adolescentes<\/h2>\n<\/div>\n\n<h3 class=\"wp-block-heading\">\u00a1\u00danete al Programa de Voluntarios Embajadores Adolescentes 2026!<\/h3>\n\n<p>\u00bfEres un estudiante de preparatoria apasionado por la vida silvestre, la conservaci\u00f3n y el impacto positivo? \u00a1Solicita ahora el Programa de Voluntariado de Embajadores Adolescentes y forma parte de una vibrante comunidad de l\u00edderes en conservaci\u00f3n! <\/p>\n\n<p><strong>A trav\u00e9s de este programa los adolescentes podr\u00e1n:<\/strong><\/p>\n\n<ul class=\"wp-block-list\">\n<li>Haz amigos, participa en reuniones semanales con otros adolescentes para explorar carreras de conservaci\u00f3n y adquiere una valiosa experiencia en oratoria, liderazgo y trabajo en equipo.<\/li>\n\n\n\n<li>Involucre a las mentes j\u00f3venes en Zoomazium, el espacio de juegos naturales bajo techo del zool\u00f3gico, realizando voluntariado con audiencias de la primera infancia.<\/li>\n\n\n\n<li>Sea un embajador de los nuevos espacios de h\u00e1bitat del zool\u00f3gico e inspire a nuestros visitantes con historias sobre nuestros animales y lo que los visitantes pueden hacer para apoyar a los animales en la naturaleza.<\/li>\n\n\n\n<li>Conozca c\u00f3mo cuidamos y enriquecemos las vidas de los animales que viven en Woodland Park Zoo y compartamos nuestra historia con los visitantes.<\/li>\n\n\n\n<li>Recopilar datos de observaci\u00f3n cient\u00edfica para el zool\u00f3gico para ayudarnos a comprender los h\u00e1bitos diarios de nuestros animales y c\u00f3mo los perciben los visitantes.<\/li>\n\n\n\n<li>Observe las charlas de participaci\u00f3n de los guardianes y los hu\u00e9spedes para comprender mejor c\u00f3mo WPZ hace que la educaci\u00f3n sea universal para todos.<\/li>\n<\/ul>\n\n<p><em><strong>El cupo en este programa es limitado; este a\u00f1o contaremos con 15 J\u00f3venes Embajadores Voluntarios. Animamos a todos los j\u00f3venes interesados \u200b\u200ba postularse, independientemente de si este programa es su primer voluntariado o su primer puesto profesional. <\/strong><\/em><\/p>\n\n<p><strong>El Programa de Voluntariado de Embajadores Adolescentes est\u00e1 dise\u00f1ado para adolescentes que:<\/strong><\/p>\n\n<ul class=\"wp-block-list\">\n<li>Ama a los animales y quiere compartir su pasi\u00f3n por la vida salvaje.<\/li>\n\n\n\n<li>\u00bfQuieres conectarte con otros adolescentes que se preocupan por la conservaci\u00f3n?<\/li>\n\n\n\n<li>Est\u00e1n ansiosos por aprender m\u00e1s sobre conservaci\u00f3n y posibles carreras.<\/li>\n\n\n\n<li>Ambos estamos entusiasmados con este programa y emocionados de tener la oportunidad de desarrollar sus habilidades en liderazgo, trabajo en equipo y hablar en p\u00fablico. \u00a1No se requiere experiencia previa!<\/li>\n<\/ul>\n\n<div class=\"wp-block-group alignfull divider is-layout-constrained wp-block-group-is-layout-constrained\">\n<h2 class=\"wp-block-heading alignfull has-text-align-center\">Aplicaciones<\/h2>\n<\/div>\n\n<h3 class=\"wp-block-heading\"><strong>C\u00f3mo aplicar<\/strong><\/h3>\n\n<h4 class=\"wp-block-heading\">El plazo de solicitud ya ha finalizado.<\/h4>\n\n<div class=\"wp-block-columns is-layout-flex wp-container-core-columns-is-layout-45c10ec9 wp-block-columns-is-layout-flex\" style=\"margin-top:var(--wp--preset--spacing--60);margin-bottom:var(--wp--preset--spacing--60)\">\n<div class=\"wp-block-column has-palette-color-17-background-color has-background is-layout-flow wp-block-column-is-layout-flow\" style=\"padding-top:var(--wp--preset--spacing--50);padding-right:var(--wp--preset--spacing--50);padding-bottom:var(--wp--preset--spacing--50);padding-left:var(--wp--preset--spacing--50)\">\n<h4 class=\"wp-block-heading\" style=\"margin-bottom:1em\"><strong>Elegibilidad de la solicitud<\/strong><\/h4>\n\n\n\n<p><strong>Adolescentes que ingresar\u00e1n a los grados 10.\u00ba a 12.\u00ba en el oto\u00f1o de 2026<\/strong><\/p>\n\n\n\n<p>Complete el formulario de solicitud antes del viernes 27 de marzo a las 5:00 p. m. PST (ver a continuaci\u00f3n). <\/p>\n\n\n\n<p>Los solicitantes seleccionados ser\u00e1n invitados a una entrevista a mediados de abril.  <\/p>\n\n\n\n<p>Las decisiones finales se enviar\u00e1n a principios de mayo.<\/p>\n<\/div>\n\n\n\n<div class=\"wp-block-column has-palette-color-17-background-color has-background is-layout-flow wp-block-column-is-layout-flow\" style=\"padding-top:var(--wp--preset--spacing--50);padding-right:var(--wp--preset--spacing--50);padding-bottom:var(--wp--preset--spacing--50);padding-left:var(--wp--preset--spacing--50)\">\n<h4 class=\"wp-block-heading\" style=\"margin-bottom:1em\"><strong>Requisitos del programa<\/strong> <\/h4>\n\n\n\n<p><strong>Debe poder asistir al D\u00eda de Orientaci\u00f3n:<\/strong> viernes 26 de junio de 8:30 a. m. a 4:30 p. m. en el Zool\u00f3gico Woodland Park.<\/p>\n\n\n\n<p>Debe poder asistir al menos a siete reuniones\/celebraciones de cohorte (ver fechas a continuaci\u00f3n).<\/p>\n\n\n\n<p>Debe completar un total de 20 horas de turnos voluntarios entre el 29 de junio y el 6 de septiembre.<\/p>\n<\/div>\n\n\n\n<div class=\"wp-block-column has-palette-color-17-background-color has-background is-layout-flow wp-block-column-is-layout-flow\" style=\"padding-top:var(--wp--preset--spacing--50);padding-right:var(--wp--preset--spacing--50);padding-bottom:var(--wp--preset--spacing--50);padding-left:var(--wp--preset--spacing--50)\">\n<h4 class=\"wp-block-heading\" style=\"margin-bottom:1em\">Preguntas y respuestas virtuales<\/h4>\n\n\n\n<p>Hay tres preguntas y respuestas virtuales opcionales con el personal de WPZ para obtener m\u00e1s informaci\u00f3n sobre el programa y la aplicaci\u00f3n:  <\/p>\n\n\n\n<p>Viernes 6 de marzo <sup>16:00<\/sup> \u2013 17:00 horas<br\/> ( <a href=\"https:\/\/us02web.zoom.us\/meeting\/register\/klZOzJfcSyuOIQYiLtUnOA\" target=\"_blank\" rel=\"noreferrer noopener\">Registro<\/a> )<\/p>\n\n\n\n<p>Mi\u00e9rcoles <sup>11<\/sup> de marzo 16:00 \u2013 17:00 horas<br\/> ( <a href=\"https:\/\/us02web.zoom.us\/meeting\/register\/r-FeWkNrRpmgaVvWGAS1jQ\" target=\"_blank\" rel=\"noreferrer noopener\">Registro<\/a> )<\/p>\n\n\n\n<p>Lunes 15 de marzo <sup>16:00<\/sup> \u2013 17:00 horas<br\/> ( <a href=\"https:\/\/us02web.zoom.us\/meeting\/register\/4cKplKqFRtiGK1Nn_c1ODw\" target=\"_blank\" rel=\"noreferrer noopener\">Registro<\/a> )<\/p>\n<\/div>\n<\/div>\n\n<h3 class=\"wp-block-heading\"><strong>Fechas del programa<\/strong><\/h3>\n\n<p><strong>D\u00eda de orientaci\u00f3n<\/strong> : viernes 26 de junio de 8:30 a. m. a 4:30 p. m. en el zool\u00f3gico Woodland Park.  <\/p>\n\n<p><strong>Turnos de voluntariado<\/strong> : programaci\u00f3n flexible de turnos de voluntariado  <\/p>\n\n<p><strong>Junio \u200b\u200b\u2013 julio:<\/strong><br\/> Lunes \u2013 Viernes 10:00 am \u2013 4:00 pm  <\/p>\n\n<p><strong>Agosto \u2013 Septiembre:<\/strong><br\/> Lunes &#8211; Domingo 10:00 am \u2013 4:00 pm  <\/p>\n\n<p><strong>Reuniones de cohorte y celebraci\u00f3n de fin de programa:<\/strong> <\/p>\n\n<ul class=\"wp-block-list\">\n<li>Mi\u00e9rcoles 1 de julio 15:30 \u2013 18:30 horas<\/li>\n\n\n\n<li>Mi\u00e9rcoles 8 de julio 15:30 \u2013 18:30 horas<\/li>\n\n\n\n<li>Mi\u00e9rcoles 15 de julio 15:30 \u2013 18:30 horas<\/li>\n\n\n\n<li>Mi\u00e9rcoles 22 de julio 15:30 \u2013 18:30 horas<\/li>\n\n\n\n<li>Mi\u00e9rcoles 29 de julio 15:30 \u2013 18:30 horas<\/li>\n\n\n\n<li>Mi\u00e9rcoles 5 de agosto 15:30 \u2013 18:30 horas<\/li>\n\n\n\n<li>Mi\u00e9rcoles 12 de agosto 15:30 \u2013 18:30 horas<\/li>\n\n\n\n<li>Mi\u00e9rcoles 19 de agosto 15:30 \u2013 18:30 horas<\/li>\n\n\n\n<li>Mi\u00e9rcoles 26 de agosto 15:30 \u2013 18:30 horas<\/li>\n\n\n\n<li>Mi\u00e9rcoles 2 de septiembre 8:30 am \u2013 11:30 am<\/li>\n<\/ul>\n\n<div class=\"wp-block-group alignfull divider is-layout-constrained wp-block-group-is-layout-constrained\">\n<h2 class=\"wp-block-heading alignfull has-text-align-center\">Accesibilidad y adaptaciones<\/h2>\n<\/div>\n\n<div class=\"wp-block-group has-palette-color-17-background-color has-background is-layout-constrained wp-block-group-is-layout-constrained\">\n<h3 class=\"wp-block-heading\" style=\"margin-bottom:1em\">Fundaci\u00f3n Canopy para la Neurodiversidad<\/h3>\n\n\n\n<p>La Fundaci\u00f3n Canopy para la Neurodiversidad (CNF) es una organizaci\u00f3n que apoya a j\u00f3venes con identidad neurodivergente en el \u00e1mbito laboral, espec\u00edficamente a j\u00f3venes con TDAH o autismo. Gracias a una colaboraci\u00f3n con el Zool\u00f3gico Woodland Park, pueden brindar apoyo durante el proceso de solicitud y entrevista del Programa de Voluntarios Embajadores Adolescentes (TAVP) para candidatos que se identifican con autismo o TDAH. La CNF tambi\u00e9n brindar\u00e1 apoyo continuo durante el programa de voluntariado si el solicitante adolescente es aceptado en el TAVP.    <\/p>\n\n\n\n<p>Para obtener m\u00e1s informaci\u00f3n y comunicarse con CNF para obtener ayuda con su solicitud, abra esta <a href=\"https:\/\/drive.google.com\/file\/d\/1ufbrZyitvWFt3gmcbO01z7NmyMOVDkh1\/view?usp=drive_link\" target=\"_blank\" rel=\"noreferrer noopener\">hoja.<\/a>  <\/p>\n<\/div>\n\n<p>En el Zool\u00f3gico Woodland Park, nos comprometemos a crear un entorno que incluya y apoye plenamente a todas las personas, reconociendo las diversas necesidades de nuestra comunidad. Nos esforzamos por integrar a la perfecci\u00f3n la accesibilidad y las adaptaciones razonables en todos los aspectos de nuestros servicios, programas y oportunidades de empleo, garantizando que todos puedan participar plenamente y en igualdad de condiciones. <\/p>\n\n<p>Una forma de ayudar a todos los adolescentes a participar en este programa es ofrecer a todos los Voluntarios J\u00f3venes Embajadores activos un estipendio de $300 para el verano. Este estipendio tiene como objetivo reducir las barreras para el programa, como los costos de transporte, almuerzos, calzado cerrado, etc.   <\/p>\n\n<p>Para cualquier otra ayuda, informaci\u00f3n o apoyo que necesite para participar plenamente en el Programa de Voluntarios J\u00f3venes Embajadores, desde el proceso de solicitud hasta las entrevistas y dem\u00e1s, no dude en contactar al personal de WPZ en <a href=\"mailto:teenambassadors@zoo.org\" target=\"_blank\" rel=\"noreferrer noopener\">teenambassadors@zoo.org<\/a> . Estamos aqu\u00ed para garantizar que su experiencia sea lo m\u00e1s inclusiva y accesible posible.   <\/p>\n\n<h4 class=\"wp-block-heading\">\u00bfC\u00f3mo es ser un embajador adolescente?<\/h4>\n\n<p><strong>Escuche a nuestra cohorte 2025:<\/strong><\/p>\n\n<ul class=\"wp-block-list\">\n<li>\u00a1Me encant\u00f3 conectar con mis compa\u00f1eros! El ambiente era muy acogedor y me encant\u00f3 tener estas incre\u00edbles oportunidades de aprender.<\/li>\n\n\n\n<li>\u201cFue una gran experiencia que me ayud\u00f3 a conectar con los visitantes y ampliar mis conocimientos sobre la conservaci\u00f3n en el zool\u00f3gico\u201d.<\/li>\n\n\n\n<li>\u201c\u00a1Mis habilidades para hablar en p\u00fablico y para socializar definitivamente han mejorado en este programa!\u201d<\/li>\n\n\n\n<li>Fue una experiencia fant\u00e1stica. Aprend\u00ed much\u00edsimo y me ayud\u00f3 mucho a aprender m\u00e1s sobre la conservaci\u00f3n, el zool\u00f3gico y las oportunidades laborales o posibles trayectorias profesionales en el zool\u00f3gico. Este programa fue lo mejor de mis vacaciones de verano.<\/li>\n<\/ul>\n\n<p>A trav\u00e9s de este programa, los adolescentes tendr\u00e1n la oportunidad de aportar su voz para inspirar acciones de conservaci\u00f3n, conectar con los visitantes sobre la vida silvestre y la conservaci\u00f3n, y fomentar la comunidad con otros adolescentes. El Programa de Voluntarios Embajadores Adolescentes est\u00e1 dirigido a estudiantes de preparatoria que desean crear v\u00ednculos de empat\u00eda entre nuestros visitantes, los animales, el medio ambiente y las comunidades. <\/p>\n\n<div class=\"wp-block-group alignfull divider is-layout-constrained wp-block-group-is-layout-constrained\">\n<h2 class=\"wp-block-heading alignfull has-text-align-center\">INFORMACI\u00d3N DEL CONTACTO<\/h2>\n<\/div>\n\n<h3 class=\"wp-block-heading\">Proyectos de servicios corporativos<\/h3>\n\n<p>Se aceptan grupos de voluntarios corporativos de forma limitada, env\u00ede un correo electr\u00f3nico <a href=\"mailto:corpengagement@zoo.org\">a corpengagement@zoo.org<\/a> para solicitar informaci\u00f3n.<\/p>\n","protected":false},"excerpt":{"rendered":"<p>VOLUNTARIO Los voluntarios son el coraz\u00f3n de nuestra misi\u00f3n para salvar a los animales. Programa de Embajadores Adolescentes \u00a1\u00danete al Programa de Voluntarios Embajadores Adolescentes 2026! \u00bfEres un estudiante de [&hellip;]<\/p>\n","protected":false},"author":1,"featured_media":10234,"parent":10208,"menu_order":0,"comment_status":"closed","ping_status":"closed","template":"","meta":{"_acf_changed":false,"_kad_blocks_custom_css":"","_kad_blocks_head_custom_js":"","_kad_blocks_body_custom_js":"","_kad_blocks_footer_custom_js":"","footnotes":""},"class_list":["post-10232","page","type-page","status-publish","has-post-thumbnail","hentry"],"blocksy_meta":[],"acf":[],"yoast_head":"<!-- This site is optimized with the Yoast SEO plugin v27.3 - https:\/\/yoast.com\/product\/yoast-seo-wordpress\/ -->\n<title>-<\/title>\n<meta name=\"description\" content=\"Ayude a salvar animales e inspire a los visitantes a aprender, cuidar y actuar. Programas de voluntariado para adultos y adolescentes de ZooCorps disponibles.\" \/>\n<meta name=\"robots\" content=\"index, follow, max-snippet:-1, max-image-preview:large, max-video-preview:-1\" \/>\n<link rel=\"canonical\" href=\"https:\/\/zoo.org\/es\/voluntario\/programa-de-voluntariado-para-adolescentes\/\" \/>\n<meta property=\"og:locale\" content=\"es_ES\" \/>\n<meta property=\"og:type\" content=\"article\" \/>\n<meta property=\"og:title\" content=\"-\" \/>\n<meta property=\"og:description\" content=\"Ayude a salvar animales e inspire a los visitantes a aprender, cuidar y actuar. Programas de voluntariado para adultos y adolescentes de ZooCorps disponibles.\" \/>\n<meta property=\"og:url\" content=\"https:\/\/zoo.org\/es\/voluntario\/programa-de-voluntariado-para-adolescentes\/\" \/>\n<meta property=\"og:site_name\" content=\"Zool\u00f3gico Woodland Park\" \/>\n<meta property=\"article:modified_time\" content=\"2026-03-30T16:16:49+00:00\" \/>\n<meta property=\"og:image\" content=\"https:\/\/zoo.org\/wp-content\/uploads\/2025\/09\/2022-Volunteer-Western-Pond-Turtle-Teen-Camps-21-JDL.jpg?wsr\" \/>\n\t<meta property=\"og:image:width\" content=\"800\" \/>\n\t<meta property=\"og:image:height\" content=\"533\" \/>\n\t<meta property=\"og:image:type\" content=\"image\/jpeg\" \/>\n<meta name=\"twitter:card\" content=\"summary_large_image\" \/>\n<script type=\"application\/ld+json\" class=\"yoast-schema-graph\">{\"@context\":\"https:\\\/\\\/schema.org\",\"@graph\":[{\"@type\":\"WebPage\",\"@id\":\"https:\\\/\\\/zoo.org\\\/es\\\/voluntario\\\/programa-de-voluntariado-para-adolescentes\\\/\",\"url\":\"https:\\\/\\\/zoo.org\\\/es\\\/voluntario\\\/programa-de-voluntariado-para-adolescentes\\\/\",\"name\":\"-\",\"isPartOf\":{\"@id\":\"https:\\\/\\\/zoo.org\\\/es\\\/#website\"},\"primaryImageOfPage\":{\"@id\":\"https:\\\/\\\/zoo.org\\\/es\\\/voluntario\\\/programa-de-voluntariado-para-adolescentes\\\/#primaryimage\"},\"image\":{\"@id\":\"https:\\\/\\\/zoo.org\\\/es\\\/voluntario\\\/programa-de-voluntariado-para-adolescentes\\\/#primaryimage\"},\"thumbnailUrl\":\"https:\\\/\\\/zoo.org\\\/wp-content\\\/uploads\\\/2025\\\/09\\\/2022-Volunteer-Western-Pond-Turtle-Teen-Camps-21-JDL.jpg?wsr\",\"datePublished\":\"2025-10-15T21:02:31+00:00\",\"dateModified\":\"2026-03-30T16:16:49+00:00\",\"description\":\"Ayude a salvar animales e inspire a los visitantes a aprender, cuidar y actuar. Programas de voluntariado para adultos y adolescentes de ZooCorps disponibles.\",\"breadcrumb\":{\"@id\":\"https:\\\/\\\/zoo.org\\\/es\\\/voluntario\\\/programa-de-voluntariado-para-adolescentes\\\/#breadcrumb\"},\"inLanguage\":\"es\",\"potentialAction\":[{\"@type\":\"ReadAction\",\"target\":[\"https:\\\/\\\/zoo.org\\\/es\\\/voluntario\\\/programa-de-voluntariado-para-adolescentes\\\/\"]}]},{\"@type\":\"ImageObject\",\"inLanguage\":\"es\",\"@id\":\"https:\\\/\\\/zoo.org\\\/es\\\/voluntario\\\/programa-de-voluntariado-para-adolescentes\\\/#primaryimage\",\"url\":\"https:\\\/\\\/zoo.org\\\/wp-content\\\/uploads\\\/2025\\\/09\\\/2022-Volunteer-Western-Pond-Turtle-Teen-Camps-21-JDL.jpg?wsr\",\"contentUrl\":\"https:\\\/\\\/zoo.org\\\/wp-content\\\/uploads\\\/2025\\\/09\\\/2022-Volunteer-Western-Pond-Turtle-Teen-Camps-21-JDL.jpg?wsr\",\"width\":800,\"height\":533,\"caption\":\"COMUNICADO EN ARCHIVO: MARCA SIN USO DE PUBLICIDAD\"},{\"@type\":\"BreadcrumbList\",\"@id\":\"https:\\\/\\\/zoo.org\\\/es\\\/voluntario\\\/programa-de-voluntariado-para-adolescentes\\\/#breadcrumb\",\"itemListElement\":[{\"@type\":\"ListItem\",\"position\":1,\"name\":\"Hogar\",\"item\":\"https:\\\/\\\/zoo.org\\\/es\\\/\"},{\"@type\":\"ListItem\",\"position\":2,\"name\":\"Voluntario\",\"item\":\"https:\\\/\\\/zoo.org\\\/es\\\/voluntario\\\/\"},{\"@type\":\"ListItem\",\"position\":3,\"name\":\"Programa de voluntariado para adolescentes\"}]},{\"@type\":\"WebSite\",\"@id\":\"https:\\\/\\\/zoo.org\\\/es\\\/#website\",\"url\":\"https:\\\/\\\/zoo.org\\\/es\\\/\",\"name\":\"Zool\u00f3gico Woodland Park\",\"description\":\"El Zool\u00f3gico Woodland Park salva la vida silvestre e inspira a todos a hacer de la conservaci\u00f3n una prioridad en sus vidas.\",\"publisher\":{\"@id\":\"https:\\\/\\\/zoo.org\\\/es\\\/#organization\"},\"potentialAction\":[{\"@type\":\"SearchAction\",\"target\":{\"@type\":\"EntryPoint\",\"urlTemplate\":\"https:\\\/\\\/zoo.org\\\/es\\\/?s={search_term_string}\"},\"query-input\":{\"@type\":\"PropertyValueSpecification\",\"valueRequired\":true,\"valueName\":\"search_term_string\"}}],\"inLanguage\":\"es\"},{\"@type\":\"Organization\",\"@id\":\"https:\\\/\\\/zoo.org\\\/es\\\/#organization\",\"name\":\"Zool\u00f3gico Woodland Park\",\"url\":\"https:\\\/\\\/zoo.org\\\/es\\\/\",\"logo\":{\"@type\":\"ImageObject\",\"inLanguage\":\"es\",\"@id\":\"https:\\\/\\\/zoo.org\\\/es\\\/#\\\/schema\\\/logo\\\/image\\\/\",\"url\":\"https:\\\/\\\/zoo.org\\\/wp-content\\\/uploads\\\/2026\\\/01\\\/WPZ-Logo_white-SVG.svg?wsr\",\"contentUrl\":\"https:\\\/\\\/zoo.org\\\/wp-content\\\/uploads\\\/2026\\\/01\\\/WPZ-Logo_white-SVG.svg?wsr\",\"width\":288,\"height\":282,\"caption\":\"Zool\u00f3gico Woodland Park\"},\"image\":{\"@id\":\"https:\\\/\\\/zoo.org\\\/es\\\/#\\\/schema\\\/logo\\\/image\\\/\"}}]}<\/script>\n<!-- \/ Yoast SEO plugin. -->","yoast_head_json":{"title":"-","description":"Ayude a salvar animales e inspire a los visitantes a aprender, cuidar y actuar. Programas de voluntariado para adultos y adolescentes de ZooCorps disponibles.","robots":{"index":"index","follow":"follow","max-snippet":"max-snippet:-1","max-image-preview":"max-image-preview:large","max-video-preview":"max-video-preview:-1"},"canonical":"https:\/\/zoo.org\/es\/voluntario\/programa-de-voluntariado-para-adolescentes\/","og_locale":"es_ES","og_type":"article","og_title":"-","og_description":"Ayude a salvar animales e inspire a los visitantes a aprender, cuidar y actuar. Programas de voluntariado para adultos y adolescentes de ZooCorps disponibles.","og_url":"https:\/\/zoo.org\/es\/voluntario\/programa-de-voluntariado-para-adolescentes\/","og_site_name":"Zool\u00f3gico Woodland Park","article_modified_time":"2026-03-30T16:16:49+00:00","og_image":[{"width":800,"height":533,"url":"https:\/\/zoo.org\/wp-content\/uploads\/2025\/09\/2022-Volunteer-Western-Pond-Turtle-Teen-Camps-21-JDL.jpg?wsr","type":"image\/jpeg"}],"twitter_card":"summary_large_image","schema":{"@context":"https:\/\/schema.org","@graph":[{"@type":"WebPage","@id":"https:\/\/zoo.org\/es\/voluntario\/programa-de-voluntariado-para-adolescentes\/","url":"https:\/\/zoo.org\/es\/voluntario\/programa-de-voluntariado-para-adolescentes\/","name":"-","isPartOf":{"@id":"https:\/\/zoo.org\/es\/#website"},"primaryImageOfPage":{"@id":"https:\/\/zoo.org\/es\/voluntario\/programa-de-voluntariado-para-adolescentes\/#primaryimage"},"image":{"@id":"https:\/\/zoo.org\/es\/voluntario\/programa-de-voluntariado-para-adolescentes\/#primaryimage"},"thumbnailUrl":"https:\/\/zoo.org\/wp-content\/uploads\/2025\/09\/2022-Volunteer-Western-Pond-Turtle-Teen-Camps-21-JDL.jpg?wsr","datePublished":"2025-10-15T21:02:31+00:00","dateModified":"2026-03-30T16:16:49+00:00","description":"Ayude a salvar animales e inspire a los visitantes a aprender, cuidar y actuar. Programas de voluntariado para adultos y adolescentes de ZooCorps disponibles.","breadcrumb":{"@id":"https:\/\/zoo.org\/es\/voluntario\/programa-de-voluntariado-para-adolescentes\/#breadcrumb"},"inLanguage":"es","potentialAction":[{"@type":"ReadAction","target":["https:\/\/zoo.org\/es\/voluntario\/programa-de-voluntariado-para-adolescentes\/"]}]},{"@type":"ImageObject","inLanguage":"es","@id":"https:\/\/zoo.org\/es\/voluntario\/programa-de-voluntariado-para-adolescentes\/#primaryimage","url":"https:\/\/zoo.org\/wp-content\/uploads\/2025\/09\/2022-Volunteer-Western-Pond-Turtle-Teen-Camps-21-JDL.jpg?wsr","contentUrl":"https:\/\/zoo.org\/wp-content\/uploads\/2025\/09\/2022-Volunteer-Western-Pond-Turtle-Teen-Camps-21-JDL.jpg?wsr","width":800,"height":533,"caption":"COMUNICADO EN ARCHIVO: MARCA SIN USO DE PUBLICIDAD"},{"@type":"BreadcrumbList","@id":"https:\/\/zoo.org\/es\/voluntario\/programa-de-voluntariado-para-adolescentes\/#breadcrumb","itemListElement":[{"@type":"ListItem","position":1,"name":"Hogar","item":"https:\/\/zoo.org\/es\/"},{"@type":"ListItem","position":2,"name":"Voluntario","item":"https:\/\/zoo.org\/es\/voluntario\/"},{"@type":"ListItem","position":3,"name":"Programa de voluntariado para adolescentes"}]},{"@type":"WebSite","@id":"https:\/\/zoo.org\/es\/#website","url":"https:\/\/zoo.org\/es\/","name":"Zool\u00f3gico Woodland Park","description":"El Zool\u00f3gico Woodland Park salva la vida silvestre e inspira a todos a hacer de la conservaci\u00f3n una prioridad en sus vidas.","publisher":{"@id":"https:\/\/zoo.org\/es\/#organization"},"potentialAction":[{"@type":"SearchAction","target":{"@type":"EntryPoint","urlTemplate":"https:\/\/zoo.org\/es\/?s={search_term_string}"},"query-input":{"@type":"PropertyValueSpecification","valueRequired":true,"valueName":"search_term_string"}}],"inLanguage":"es"},{"@type":"Organization","@id":"https:\/\/zoo.org\/es\/#organization","name":"Zool\u00f3gico Woodland Park","url":"https:\/\/zoo.org\/es\/","logo":{"@type":"ImageObject","inLanguage":"es","@id":"https:\/\/zoo.org\/es\/#\/schema\/logo\/image\/","url":"https:\/\/zoo.org\/wp-content\/uploads\/2026\/01\/WPZ-Logo_white-SVG.svg?wsr","contentUrl":"https:\/\/zoo.org\/wp-content\/uploads\/2026\/01\/WPZ-Logo_white-SVG.svg?wsr","width":288,"height":282,"caption":"Zool\u00f3gico Woodland Park"},"image":{"@id":"https:\/\/zoo.org\/es\/#\/schema\/logo\/image\/"}}]}},"taxonomy_info":[],"featured_image_src_large":["https:\/\/zoo.org\/wp-content\/uploads\/2025\/09\/2022-Volunteer-Western-Pond-Turtle-Teen-Camps-21-JDL.jpg?wsr",800,533,false],"author_info":{"display_name":"jloughlin","author_link":"https:\/\/zoo.org\/es\/author\/jloughlin\/"},"comment_info":0,"_links":{"self":[{"href":"https:\/\/zoo.org\/es\/wp-json\/wp\/v2\/pages\/10232","targetHints":{"allow":["GET"]}}],"collection":[{"href":"https:\/\/zoo.org\/es\/wp-json\/wp\/v2\/pages"}],"about":[{"href":"https:\/\/zoo.org\/es\/wp-json\/wp\/v2\/types\/page"}],"author":[{"embeddable":true,"href":"https:\/\/zoo.org\/es\/wp-json\/wp\/v2\/users\/1"}],"replies":[{"embeddable":true,"href":"https:\/\/zoo.org\/es\/wp-json\/wp\/v2\/comments?post=10232"}],"version-history":[{"count":2,"href":"https:\/\/zoo.org\/es\/wp-json\/wp\/v2\/pages\/10232\/revisions"}],"predecessor-version":[{"id":23455,"href":"https:\/\/zoo.org\/es\/wp-json\/wp\/v2\/pages\/10232\/revisions\/23455"}],"up":[{"embeddable":true,"href":"https:\/\/zoo.org\/es\/wp-json\/wp\/v2\/pages\/10208"}],"wp:featuredmedia":[{"embeddable":true,"href":"https:\/\/zoo.org\/es\/wp-json\/wp\/v2\/media\/10234"}],"wp:attachment":[{"href":"https:\/\/zoo.org\/es\/wp-json\/wp\/v2\/media?parent=10232"}],"curies":[{"name":"wp","href":"https:\/\/api.w.org\/{rel}","templated":true}]}}