{"id":10233,"date":"2025-10-15T14:12:37","date_gmt":"2025-10-15T21:12:37","guid":{"rendered":"https:\/\/zoo.org\/tarjetas-de-regalo\/"},"modified":"2026-01-05T15:00:01","modified_gmt":"2026-01-05T23:00:01","slug":"tarjetas-de-regalo","status":"publish","type":"page","link":"https:\/\/zoo.org\/es\/tarjetas-de-regalo\/","title":{"rendered":"Tarjetas de regalo"},"content":{"rendered":"\n<div class=\"wp-block-cover alignfull hero\" style=\"margin-top:0;margin-bottom:0\"><img loading=\"lazy\" decoding=\"async\" width=\"1920\" height=\"400\" class=\"wp-block-cover__image-background wp-image-1062 size-full\" alt=\"\" src=\"https:\/\/zoo.org\/wp-content\/uploads\/2025\/05\/ASCO-Header-Image.jpg\" data-object-fit=\"cover\" srcset=\"https:\/\/zoo.org\/wp-content\/uploads\/2025\/05\/ASCO-Header-Image.jpg 1920w, https:\/\/zoo.org\/wp-content\/uploads\/2025\/05\/ASCO-Header-Image-300x63.jpg 300w, https:\/\/zoo.org\/wp-content\/uploads\/2025\/05\/ASCO-Header-Image-1024x213.jpg 1024w, https:\/\/zoo.org\/wp-content\/uploads\/2025\/05\/ASCO-Header-Image-768x160.jpg 768w, https:\/\/zoo.org\/wp-content\/uploads\/2025\/05\/ASCO-Header-Image-1536x320.jpg 1536w\" sizes=\"auto, (max-width: 1920px) 100vw, 1920px\" \/><span aria-hidden=\"true\" class=\"wp-block-cover__background has-background-dim-0 has-background-dim\" style=\"background-color:#797666\"><\/span><div class=\"wp-block-cover__inner-container is-layout-constrained wp-block-cover-is-layout-constrained\">\n<p class=\"has-text-align-center has-large-font-size\"><\/p>\n<\/div><\/div>\n\n<div class=\"wp-block-group is-layout-constrained wp-block-group-is-layout-constrained\" style=\"margin-top:2em;margin-bottom:3em\">\n<h1 class=\"wp-block-heading has-text-align-center\" style=\"margin-top:0.65em;margin-bottom:0.275em\">TARJETAS DE REGALO<\/h1>\n\n\n\n<p class=\"has-text-align-center has-palette-color-3-color has-text-color has-link-color wp-elements-0b3a2ccdb19c20822bfa325185402121\" style=\"margin-bottom:1em;font-size:clamp(0.984em, 0.984rem + ((1vw - 0.2em) * 0.645), 1.5em);font-style:normal;font-weight:500;line-height:1.5\"><strong>\u00a1Regale hoy el zool\u00f3gico Woodland Park!<\/strong><\/p>\n<\/div>\n\n<div class=\"wp-block-group alignfull divider is-layout-constrained wp-block-group-is-layout-constrained\">\n<h2 class=\"wp-block-heading alignfull has-text-align-center\">COMPRAR UNA TARJETA DE REGALO<\/h2>\n<\/div>\n\n<h3 class=\"wp-block-heading\">\u00a1Las tarjetas de regalo son un gran obsequio!<\/h3>\n\n<p>Se pueden usar para obtener una membres\u00eda, entradas diarias, en el ZooStore y en restaurantes selectos. Adem\u00e1s, las tarjetas de regalo nunca vencen. <\/p>\n\n<p>Hay un m\u00ednimo de $10 para todas las tarjetas de regalo. Consulte nuestros precios actuales <a href=\"https:\/\/zoo.org\/es\/hazte-miembro\/\">de membres\u00eda<\/a> y <a href=\"https:\/\/zoo.org\/es\/entradas-y-horarios\/\">admisi\u00f3n<\/a> o llame al 206.548.2425 para obtener m\u00e1s informaci\u00f3n. <\/p>\n\n<div class=\"wp-block-group has-palette-color-17-background-color has-background is-layout-constrained wp-block-group-is-layout-constrained\">\n<h3 class=\"wp-block-heading\">Tarjeta de regalo electr\u00f3nica<\/h3>\n\n\n\n<h4 class=\"wp-block-heading\">\u00a1Env\u00eda una tarjeta de regalo electr\u00f3nica y s\u00e9 ecol\u00f3gico!<\/h4>\n\n\n\n<p>\u00bfSab\u00edas que se desechan m\u00e1s de 2 mil millones de tarjetas de pl\u00e1stico al a\u00f1o? S\u00e9 sostenible y ayuda a prevenir los residuos pl\u00e1sticos comprando una tarjeta de regalo electr\u00f3nica. <\/p>\n\n\n\n<div class=\"wp-block-buttons is-layout-flex wp-block-buttons-is-layout-flex\" style=\"margin-top:var(--wp--preset--spacing--60);margin-bottom:var(--wp--preset--spacing--30)\">\n<div class=\"wp-block-button\"><a class=\"wp-block-button__link wp-element-button\" href=\"https:\/\/tickets.zoo.org\/events\/b282bc55-e0cf-44e3-7daa-210f5fd07cee?tg=6d42cba4-708f-1b5e-d409-8c482d8459a7&amp;_gl=1*1lpi5vt*_gcl_au*MjA5ODE4OTMzOC4xNzYwMzk2OTc2\" target=\"_blank\" rel=\"noreferrer noopener\">COMPRAR UNA TARJETA DE REGALO ELECTR\u00d3NICA<\/a><\/div>\n<\/div>\n<\/div>\n\n<h3 class=\"wp-block-heading\">\u00bfComprar una tarjeta de regalo para regalarle una membres\u00eda a alguien?<\/h3>\n\n<p>Si no tienes el correo electr\u00f3nico del destinatario de tu regalo, no est\u00e1s seguro de qu\u00e9 nivel de membres\u00eda comprar o quieres que la membres\u00eda comience en su primera visita en lugar de la fecha de compra, \u00a1mejor compra una tarjeta de regalo! Las tarjetas de regalo del zool\u00f3gico facilitan regalar una membres\u00eda y se pueden canjear en l\u00ednea, por tel\u00e9fono o en la taquilla. <\/p>\n","protected":false},"excerpt":{"rendered":"<p>TARJETAS DE REGALO \u00a1Regale hoy el zool\u00f3gico Woodland Park! COMPRAR UNA TARJETA DE REGALO \u00a1Las tarjetas de regalo son un gran obsequio! Se pueden usar para obtener una membres\u00eda, entradas [&hellip;]<\/p>\n","protected":false},"author":1,"featured_media":10235,"parent":0,"menu_order":0,"comment_status":"closed","ping_status":"closed","template":"","meta":{"_acf_changed":false,"_kad_blocks_custom_css":"","_kad_blocks_head_custom_js":"","_kad_blocks_body_custom_js":"","_kad_blocks_footer_custom_js":"","footnotes":""},"class_list":["post-10233","page","type-page","status-publish","has-post-thumbnail","hentry"],"blocksy_meta":[],"acf":[],"yoast_head":"<!-- This site is optimized with the Yoast SEO plugin v27.4 - https:\/\/yoast.com\/product\/yoast-seo-wordpress\/ -->\n<title>-<\/title>\n<meta name=\"description\" content=\"\u00a1Las tarjetas de regalo son un regalo genial! Se pueden usar para comprar membres\u00edas, entradas diarias, comprar en la ZooStore y en restaurantes selectos. Adem\u00e1s, nunca caducan.\" \/>\n<meta name=\"robots\" content=\"index, follow, max-snippet:-1, max-image-preview:large, max-video-preview:-1\" \/>\n<link rel=\"canonical\" href=\"https:\/\/zoo.org\/es\/tarjetas-de-regalo\/\" \/>\n<meta property=\"og:locale\" content=\"es_ES\" \/>\n<meta property=\"og:type\" content=\"article\" \/>\n<meta property=\"og:title\" content=\"-\" \/>\n<meta property=\"og:description\" content=\"\u00a1Las tarjetas de regalo son un regalo genial! Se pueden usar para comprar membres\u00edas, entradas diarias, comprar en la ZooStore y en restaurantes selectos. Adem\u00e1s, nunca caducan.\" \/>\n<meta property=\"og:url\" content=\"https:\/\/zoo.org\/es\/tarjetas-de-regalo\/\" \/>\n<meta property=\"og:site_name\" content=\"Zool\u00f3gico Woodland Park\" \/>\n<meta property=\"article:modified_time\" content=\"2026-01-05T23:00:01+00:00\" \/>\n<meta property=\"og:image\" content=\"https:\/\/zoo.org\/wp-content\/uploads\/2025\/08\/west-entrance.jpg?wsr\" \/>\n\t<meta property=\"og:image:width\" content=\"800\" \/>\n\t<meta property=\"og:image:height\" content=\"531\" \/>\n\t<meta property=\"og:image:type\" content=\"image\/jpeg\" \/>\n<meta name=\"twitter:card\" content=\"summary_large_image\" \/>\n<script type=\"application\/ld+json\" class=\"yoast-schema-graph\">{\"@context\":\"https:\\\/\\\/schema.org\",\"@graph\":[{\"@type\":\"WebPage\",\"@id\":\"https:\\\/\\\/zoo.org\\\/es\\\/tarjetas-de-regalo\\\/\",\"url\":\"https:\\\/\\\/zoo.org\\\/es\\\/tarjetas-de-regalo\\\/\",\"name\":\"-\",\"isPartOf\":{\"@id\":\"https:\\\/\\\/zoo.org\\\/es\\\/#website\"},\"primaryImageOfPage\":{\"@id\":\"https:\\\/\\\/zoo.org\\\/es\\\/tarjetas-de-regalo\\\/#primaryimage\"},\"image\":{\"@id\":\"https:\\\/\\\/zoo.org\\\/es\\\/tarjetas-de-regalo\\\/#primaryimage\"},\"thumbnailUrl\":\"https:\\\/\\\/zoo.org\\\/wp-content\\\/uploads\\\/2025\\\/08\\\/west-entrance.jpg?wsr\",\"datePublished\":\"2025-10-15T21:12:37+00:00\",\"dateModified\":\"2026-01-05T23:00:01+00:00\",\"description\":\"\u00a1Las tarjetas de regalo son un regalo genial! Se pueden usar para comprar membres\u00edas, entradas diarias, comprar en la ZooStore y en restaurantes selectos. Adem\u00e1s, nunca caducan.\",\"breadcrumb\":{\"@id\":\"https:\\\/\\\/zoo.org\\\/es\\\/tarjetas-de-regalo\\\/#breadcrumb\"},\"inLanguage\":\"es\",\"potentialAction\":[{\"@type\":\"ReadAction\",\"target\":[\"https:\\\/\\\/zoo.org\\\/es\\\/tarjetas-de-regalo\\\/\"]}]},{\"@type\":\"ImageObject\",\"inLanguage\":\"es\",\"@id\":\"https:\\\/\\\/zoo.org\\\/es\\\/tarjetas-de-regalo\\\/#primaryimage\",\"url\":\"https:\\\/\\\/zoo.org\\\/wp-content\\\/uploads\\\/2025\\\/08\\\/west-entrance.jpg?wsr\",\"contentUrl\":\"https:\\\/\\\/zoo.org\\\/wp-content\\\/uploads\\\/2025\\\/08\\\/west-entrance.jpg?wsr\",\"width\":800,\"height\":531,\"caption\":\"La gente camina y se re\u00fane afuera de la entrada del zool\u00f3gico en un d\u00eda soleado, con familias, ni\u00f1os y paseantes visibles; \u00e1rboles verdes y un edificio moderno en el fondo.\"},{\"@type\":\"BreadcrumbList\",\"@id\":\"https:\\\/\\\/zoo.org\\\/es\\\/tarjetas-de-regalo\\\/#breadcrumb\",\"itemListElement\":[{\"@type\":\"ListItem\",\"position\":1,\"name\":\"Hogar\",\"item\":\"https:\\\/\\\/zoo.org\\\/es\\\/\"},{\"@type\":\"ListItem\",\"position\":2,\"name\":\"Tarjetas de regalo\"}]},{\"@type\":\"WebSite\",\"@id\":\"https:\\\/\\\/zoo.org\\\/es\\\/#website\",\"url\":\"https:\\\/\\\/zoo.org\\\/es\\\/\",\"name\":\"Zool\u00f3gico Woodland Park\",\"description\":\"El Zool\u00f3gico Woodland Park salva la vida silvestre e inspira a todos a hacer de la conservaci\u00f3n una prioridad en sus vidas.\",\"publisher\":{\"@id\":\"https:\\\/\\\/zoo.org\\\/es\\\/#organization\"},\"potentialAction\":[{\"@type\":\"SearchAction\",\"target\":{\"@type\":\"EntryPoint\",\"urlTemplate\":\"https:\\\/\\\/zoo.org\\\/es\\\/?s={search_term_string}\"},\"query-input\":{\"@type\":\"PropertyValueSpecification\",\"valueRequired\":true,\"valueName\":\"search_term_string\"}}],\"inLanguage\":\"es\"},{\"@type\":\"Organization\",\"@id\":\"https:\\\/\\\/zoo.org\\\/es\\\/#organization\",\"name\":\"Zool\u00f3gico Woodland Park\",\"url\":\"https:\\\/\\\/zoo.org\\\/es\\\/\",\"logo\":{\"@type\":\"ImageObject\",\"inLanguage\":\"es\",\"@id\":\"https:\\\/\\\/zoo.org\\\/es\\\/#\\\/schema\\\/logo\\\/image\\\/\",\"url\":\"https:\\\/\\\/zoo.org\\\/wp-content\\\/uploads\\\/2026\\\/01\\\/WPZ-Logo_white-SVG.svg?wsr\",\"contentUrl\":\"https:\\\/\\\/zoo.org\\\/wp-content\\\/uploads\\\/2026\\\/01\\\/WPZ-Logo_white-SVG.svg?wsr\",\"width\":288,\"height\":282,\"caption\":\"Zool\u00f3gico Woodland Park\"},\"image\":{\"@id\":\"https:\\\/\\\/zoo.org\\\/es\\\/#\\\/schema\\\/logo\\\/image\\\/\"}}]}<\/script>\n<!-- \/ Yoast SEO plugin. -->","yoast_head_json":{"title":"-","description":"\u00a1Las tarjetas de regalo son un regalo genial! Se pueden usar para comprar membres\u00edas, entradas diarias, comprar en la ZooStore y en restaurantes selectos. Adem\u00e1s, nunca caducan.","robots":{"index":"index","follow":"follow","max-snippet":"max-snippet:-1","max-image-preview":"max-image-preview:large","max-video-preview":"max-video-preview:-1"},"canonical":"https:\/\/zoo.org\/es\/tarjetas-de-regalo\/","og_locale":"es_ES","og_type":"article","og_title":"-","og_description":"\u00a1Las tarjetas de regalo son un regalo genial! Se pueden usar para comprar membres\u00edas, entradas diarias, comprar en la ZooStore y en restaurantes selectos. Adem\u00e1s, nunca caducan.","og_url":"https:\/\/zoo.org\/es\/tarjetas-de-regalo\/","og_site_name":"Zool\u00f3gico Woodland Park","article_modified_time":"2026-01-05T23:00:01+00:00","og_image":[{"width":800,"height":531,"url":"https:\/\/zoo.org\/wp-content\/uploads\/2025\/08\/west-entrance.jpg?wsr","type":"image\/jpeg"}],"twitter_card":"summary_large_image","schema":{"@context":"https:\/\/schema.org","@graph":[{"@type":"WebPage","@id":"https:\/\/zoo.org\/es\/tarjetas-de-regalo\/","url":"https:\/\/zoo.org\/es\/tarjetas-de-regalo\/","name":"-","isPartOf":{"@id":"https:\/\/zoo.org\/es\/#website"},"primaryImageOfPage":{"@id":"https:\/\/zoo.org\/es\/tarjetas-de-regalo\/#primaryimage"},"image":{"@id":"https:\/\/zoo.org\/es\/tarjetas-de-regalo\/#primaryimage"},"thumbnailUrl":"https:\/\/zoo.org\/wp-content\/uploads\/2025\/08\/west-entrance.jpg?wsr","datePublished":"2025-10-15T21:12:37+00:00","dateModified":"2026-01-05T23:00:01+00:00","description":"\u00a1Las tarjetas de regalo son un regalo genial! Se pueden usar para comprar membres\u00edas, entradas diarias, comprar en la ZooStore y en restaurantes selectos. Adem\u00e1s, nunca caducan.","breadcrumb":{"@id":"https:\/\/zoo.org\/es\/tarjetas-de-regalo\/#breadcrumb"},"inLanguage":"es","potentialAction":[{"@type":"ReadAction","target":["https:\/\/zoo.org\/es\/tarjetas-de-regalo\/"]}]},{"@type":"ImageObject","inLanguage":"es","@id":"https:\/\/zoo.org\/es\/tarjetas-de-regalo\/#primaryimage","url":"https:\/\/zoo.org\/wp-content\/uploads\/2025\/08\/west-entrance.jpg?wsr","contentUrl":"https:\/\/zoo.org\/wp-content\/uploads\/2025\/08\/west-entrance.jpg?wsr","width":800,"height":531,"caption":"La gente camina y se re\u00fane afuera de la entrada del zool\u00f3gico en un d\u00eda soleado, con familias, ni\u00f1os y paseantes visibles; \u00e1rboles verdes y un edificio moderno en el fondo."},{"@type":"BreadcrumbList","@id":"https:\/\/zoo.org\/es\/tarjetas-de-regalo\/#breadcrumb","itemListElement":[{"@type":"ListItem","position":1,"name":"Hogar","item":"https:\/\/zoo.org\/es\/"},{"@type":"ListItem","position":2,"name":"Tarjetas de regalo"}]},{"@type":"WebSite","@id":"https:\/\/zoo.org\/es\/#website","url":"https:\/\/zoo.org\/es\/","name":"Zool\u00f3gico Woodland Park","description":"El Zool\u00f3gico Woodland Park salva la vida silvestre e inspira a todos a hacer de la conservaci\u00f3n una prioridad en sus vidas.","publisher":{"@id":"https:\/\/zoo.org\/es\/#organization"},"potentialAction":[{"@type":"SearchAction","target":{"@type":"EntryPoint","urlTemplate":"https:\/\/zoo.org\/es\/?s={search_term_string}"},"query-input":{"@type":"PropertyValueSpecification","valueRequired":true,"valueName":"search_term_string"}}],"inLanguage":"es"},{"@type":"Organization","@id":"https:\/\/zoo.org\/es\/#organization","name":"Zool\u00f3gico Woodland Park","url":"https:\/\/zoo.org\/es\/","logo":{"@type":"ImageObject","inLanguage":"es","@id":"https:\/\/zoo.org\/es\/#\/schema\/logo\/image\/","url":"https:\/\/zoo.org\/wp-content\/uploads\/2026\/01\/WPZ-Logo_white-SVG.svg?wsr","contentUrl":"https:\/\/zoo.org\/wp-content\/uploads\/2026\/01\/WPZ-Logo_white-SVG.svg?wsr","width":288,"height":282,"caption":"Zool\u00f3gico Woodland Park"},"image":{"@id":"https:\/\/zoo.org\/es\/#\/schema\/logo\/image\/"}}]}},"taxonomy_info":[],"featured_image_src_large":["https:\/\/zoo.org\/wp-content\/uploads\/2025\/08\/west-entrance.jpg?wsr",800,531,false],"author_info":{"display_name":"jloughlin","author_link":"https:\/\/zoo.org\/es\/author\/jloughlin\/"},"comment_info":0,"_links":{"self":[{"href":"https:\/\/zoo.org\/es\/wp-json\/wp\/v2\/pages\/10233","targetHints":{"allow":["GET"]}}],"collection":[{"href":"https:\/\/zoo.org\/es\/wp-json\/wp\/v2\/pages"}],"about":[{"href":"https:\/\/zoo.org\/es\/wp-json\/wp\/v2\/types\/page"}],"author":[{"embeddable":true,"href":"https:\/\/zoo.org\/es\/wp-json\/wp\/v2\/users\/1"}],"replies":[{"embeddable":true,"href":"https:\/\/zoo.org\/es\/wp-json\/wp\/v2\/comments?post=10233"}],"version-history":[{"count":0,"href":"https:\/\/zoo.org\/es\/wp-json\/wp\/v2\/pages\/10233\/revisions"}],"wp:featuredmedia":[{"embeddable":true,"href":"https:\/\/zoo.org\/es\/wp-json\/wp\/v2\/media\/10235"}],"wp:attachment":[{"href":"https:\/\/zoo.org\/es\/wp-json\/wp\/v2\/media?parent=10233"}],"curies":[{"name":"wp","href":"https:\/\/api.w.org\/{rel}","templated":true}]}}