{"id":10297,"date":"2025-10-16T11:06:14","date_gmt":"2025-10-16T18:06:14","guid":{"rendered":"https:\/\/zoo.org\/informes-y-finanzas\/"},"modified":"2026-03-16T11:41:59","modified_gmt":"2026-03-16T18:41:59","slug":"informes-y-finanzas","status":"publish","type":"page","link":"https:\/\/zoo.org\/es\/informes-y-finanzas\/","title":{"rendered":"Informes y Finanzas"},"content":{"rendered":"\n<div class=\"wp-block-cover alignfull hero\" style=\"margin-top:0;margin-bottom:0\"><img loading=\"lazy\" decoding=\"async\" width=\"1920\" height=\"400\" class=\"wp-block-cover__image-background wp-image-3493 size-full\" alt=\"\" src=\"https:\/\/zoo.org\/wp-content\/uploads\/2025\/08\/WPZ-Seattle-Aerial-Header-Image.jpg\" data-object-fit=\"cover\" srcset=\"https:\/\/zoo.org\/wp-content\/uploads\/2025\/08\/WPZ-Seattle-Aerial-Header-Image.jpg 1920w, https:\/\/zoo.org\/wp-content\/uploads\/2025\/08\/WPZ-Seattle-Aerial-Header-Image-300x63.jpg 300w, https:\/\/zoo.org\/wp-content\/uploads\/2025\/08\/WPZ-Seattle-Aerial-Header-Image-1024x213.jpg 1024w, https:\/\/zoo.org\/wp-content\/uploads\/2025\/08\/WPZ-Seattle-Aerial-Header-Image-768x160.jpg 768w, https:\/\/zoo.org\/wp-content\/uploads\/2025\/08\/WPZ-Seattle-Aerial-Header-Image-1536x320.jpg 1536w\" sizes=\"auto, (max-width: 1920px) 100vw, 1920px\" \/><span aria-hidden=\"true\" class=\"wp-block-cover__background has-background-dim-0 has-background-dim\" style=\"background-color:#393f38\"><\/span><div class=\"wp-block-cover__inner-container is-layout-constrained wp-block-cover-is-layout-constrained\">\n<p class=\"has-text-align-center has-large-font-size\"><\/p>\n<\/div><\/div>\n\n<div class=\"wp-block-group is-layout-constrained wp-block-group-is-layout-constrained\" style=\"margin-top:2em;margin-bottom:3em\">\n<h1 class=\"wp-block-heading has-text-align-center\" style=\"margin-top:0.65em;margin-bottom:0.275em\">INFORMES Y FINANZAS<\/h1>\n<\/div>\n\n<div class=\"wp-block-group alignfull divider is-layout-constrained wp-block-group-is-layout-constrained\">\n<h2 class=\"wp-block-heading alignfull has-text-align-center\">INFORMES RECIENTES<\/h2>\n<\/div>\n\n<h3 class=\"wp-block-heading\">Plan Anual 2026 para el Superintendente de Parques y Recreaci\u00f3n<\/h3>\n\n<p><a href=\"https:\/\/zoo.org\/wp-content\/uploads\/2025\/12\/WoodlandParkZoo-2026-Draft-Annual-Plan_For-Public-Comment.pdf\" target=\"_blank\" rel=\"noreferrer noopener\">Lea el Plan Anual de Parques 2026 (PDF).<\/a><\/p>\n\n<p>Este plan anual 2026 para el Zool\u00f3gico Woodland Park se presenta al Superintendente de Parques y Recreaci\u00f3n, seg\u00fan lo estipula el Acuerdo de Operaciones y Gesti\u00f3n del Zool\u00f3gico entre la Ciudad de Seattle y la Sociedad Zool\u00f3gica de Woodland Park. El objetivo del plan anual es destacar cualquier cambio importante en el programa, mejoras de capital u otros desarrollos clave para mejorar el zool\u00f3gico como un activo comunitario. <\/p>\n\n<h4 class=\"wp-block-heading\">Comentarios p\u00fablicos<\/h4>\n\n<p><strong>El periodo para presentar comentarios p\u00fablicos ha finalizado.<br\/><\/strong> Si tiene alguna pregunta o desea m\u00e1s informaci\u00f3n, puede ponerse en contacto con nosotros en <a href=\"mailto:zooinfo@zoo.org\">zooinfo@zoo.org<\/a> .<\/p>\n\n<div class=\"wp-block-group is-layout-constrained wp-block-group-is-layout-constrained\" style=\"margin-top:var(--wp--preset--spacing--60);margin-bottom:var(--wp--preset--spacing--60)\"><style>.kt-sc6577_198ab4-21 .kt-sc-imgcol, .kt-sc6577_198ab4-21 .kt-sc-textcol{min-height:245px;}.kt-sc6577_198ab4-21 .kt-sc-imgcol{background-size:cover;background-image:url(https:\/\/zoo.org\/wp-content\/uploads\/2025\/05\/2016_10-DDow-Mountain-Goat-5-web.jpg);}.kt-sc6577_198ab4-21 .kt-sc-textcol{padding-top:1em;padding-right:1.5em;padding-bottom:1em;padding-left:1.5em;}@media all and (max-width: 767px){.kt-sc6577_198ab4-21 .kt-sc-imgcol, .kt-sc6577_198ab4-21 .kt-sc-textcol{min-height:275px;}}<\/style>\n<div class=\"aligncenter kt-sc6577_198ab4-21 wp-block-kadence-splitcontent\"><div class=\"kt-split-content-wrap kt-sc-media-side-left\" style=\"grid-template-columns:32% auto\"><div class=\"kt-sc-imgcol kt-sc-imgcol-bg-cover kt-sc-img-side-left\"><\/div><div class=\"kt-sc-textcol kt-sc-text-valign-center kt-sc-text-halign-left\" style=\"background-color:var(--theme-palette-color-4, #125D21)\"><div class=\"kt-sc-innter-col\">\n<h3 class=\"wp-block-heading has-palette-color-1-color has-text-color has-link-color wp-elements-c55cdac852d831ad52cff5e8cb0ac9ae\">Informe de impacto 2024<\/h3>\n\n\n\n<p class=\"has-palette-color-14-color has-text-color has-link-color wp-elements-bc3edcc875e47e1b9d32833761bf2ca9\">Nos complace compartir nuestro Informe de Impacto 2024. Explore las formas en que su apoyo ayuda a nuestro zool\u00f3gico a transformar a personas de todas las edades en fuerzas poderosas para la naturaleza. \u00a1Gracias!  <\/p>\n\n\n\n<p class=\"has-palette-color-5-color has-text-color has-link-color wp-elements-915b4d59d0cc838f8e36842c19d25ac5\" style=\"margin-top:0;margin-bottom:0\"><a href=\"https:\/\/zoo.org\/es\/nuestro-impacto\/\">Lea el informe de impacto<\/a><\/p>\n<\/div><\/div><\/div><\/div>\n<\/div>\n\n<div class=\"wp-block-group is-layout-constrained wp-block-group-is-layout-constrained\" style=\"margin-top:var(--wp--preset--spacing--60);margin-bottom:var(--wp--preset--spacing--60)\"><style>.kt-sc6577_d14814-f3 .kt-sc-imgcol, .kt-sc6577_d14814-f3 .kt-sc-textcol{min-height:345px;}.kt-sc6577_d14814-f3 .kt-sc-imgcol{background-size:cover;background-image:url(https:\/\/zoo.org\/wp-content\/uploads\/2025\/08\/west-entrance.jpg);}.kt-sc6577_d14814-f3 .kt-sc-textcol{padding-top:1em;padding-right:1.5em;padding-bottom:1em;padding-left:1.5em;}@media all and (max-width: 767px){.kt-sc6577_d14814-f3 .kt-sc-imgcol, .kt-sc6577_d14814-f3 .kt-sc-textcol{min-height:275px;}}<\/style>\n<div class=\"aligncenter kt-sc6577_d14814-f3 wp-block-kadence-splitcontent\"><div class=\"kt-split-content-wrap kt-sc-media-side-left\" style=\"grid-template-columns:32% auto\"><div class=\"kt-sc-imgcol kt-sc-imgcol-bg-cover kt-sc-img-side-left\"><\/div><div class=\"kt-sc-textcol kt-sc-text-valign-center kt-sc-text-halign-left\" style=\"background-color:var(--theme-palette-color-17, #E6E6E6)\"><div class=\"kt-sc-innter-col\">\n<h3 class=\"wp-block-heading\">Plan Estrat\u00e9gico: 2018 &#8211; 2025<\/h3>\n\n\n\n<p>El Zool\u00f3gico Woodland Park est\u00e1 evolucionando para satisfacer las necesidades actuales y futuras, moldeando y personificando el prop\u00f3sito de los zool\u00f3gicos de conservaci\u00f3n en el siglo XXI. En un mundo de h\u00e1bitats cada vez m\u00e1s limitados y de adaptaci\u00f3n clim\u00e1tica para todos los animales, incluidos los humanos, debemos involucrar a millones de personas en un desaf\u00edo transformador: aprender a compartir los recursos finitos del planeta de forma sostenible con otras especies. <\/p>\n\n\n\n<p><a href=\"https:\/\/zoo.org\/es\/nuestra-mision\/\">Obtenga m\u00e1s informaci\u00f3n sobre el Plan Estrat\u00e9gico del Zool\u00f3gico de Woodland Park.<\/a><\/p>\n\n\n\n<p><a href=\"https:\/\/zoo.org\/wp-content\/uploads\/2025\/10\/Strat_Plan_2025-2030_Final_LowRes_6.20.25.pdf\" target=\"_blank\" rel=\"noreferrer noopener\">Lea el Plan Estrat\u00e9gico del Zool\u00f3gico de Woodland Park: 2018 &#8211; 2025<\/a><\/p>\n<\/div><\/div><\/div><\/div>\n<\/div>\n\n<div class=\"wp-block-group alignfull divider is-layout-constrained wp-block-group-is-layout-constrained\">\n<h2 class=\"wp-block-heading alignfull has-text-align-center\">FINANZAS<\/h2>\n<\/div>\n\n<p>Las finanzas del zool\u00f3gico comprenden tres \u00e1reas clave:<\/p>\n\n<ul class=\"wp-block-list\">\n<li>Ingresos obtenidos (admisiones, membres\u00edas, eventos comunitarios, etc.)<\/li>\n\n\n\n<li>Fuentes de financiaci\u00f3n p\u00fablica, incluidas la tasa de parques de la ciudad de Seattle y el condado de King<\/li>\n\n\n\n<li>Contribuciones privadas de particulares y fundaciones<\/li>\n<\/ul>\n\n<h4 class=\"wp-block-heading\">Descargar informes financieros<\/h4>\n\n<p><a href=\"https:\/\/zoo.org\/wp-content\/uploads\/2025\/10\/Woodland-Park-Zoological-Society-Dec23-AR-Final.pdf\" target=\"_blank\" rel=\"noreferrer noopener\">Estados financieros auditados (2023)<\/a><\/p>\n\n<p><a href=\"https:\/\/zoo.org\/wp-content\/uploads\/2025\/10\/WPZS-2023-Form-990-Public-Disclosure-Copy.pdf\" target=\"_blank\" rel=\"noreferrer noopener\">Formulario WPZ 990 (2023)<\/a><\/p>\n\n<p>Para obtener informaci\u00f3n adicional, comun\u00edquese con <a href=\"mailto:webkeeper@zoo.org\">webkeeper@zoo.org<\/a><\/p>\n","protected":false},"excerpt":{"rendered":"<p>INFORMES Y FINANZAS INFORMES RECIENTES Plan Anual 2026 para el Superintendente de Parques y Recreaci\u00f3n Lea el Plan Anual de Parques 2026 (PDF). Este plan anual 2026 para el Zool\u00f3gico [&hellip;]<\/p>\n","protected":false},"author":1,"featured_media":0,"parent":0,"menu_order":0,"comment_status":"closed","ping_status":"closed","template":"","meta":{"_acf_changed":false,"_kad_blocks_custom_css":"","_kad_blocks_head_custom_js":"","_kad_blocks_body_custom_js":"","_kad_blocks_footer_custom_js":"","footnotes":""},"class_list":["post-10297","page","type-page","status-publish","hentry"],"blocksy_meta":[],"acf":[],"yoast_head":"<!-- This site is optimized with the Yoast SEO plugin v27.3 - https:\/\/yoast.com\/product\/yoast-seo-wordpress\/ -->\n<title>-<\/title>\n<meta name=\"robots\" content=\"index, follow, max-snippet:-1, max-image-preview:large, max-video-preview:-1\" \/>\n<link rel=\"canonical\" href=\"https:\/\/zoo.org\/es\/informes-y-finanzas\/\" \/>\n<meta property=\"og:locale\" content=\"es_ES\" \/>\n<meta property=\"og:type\" content=\"article\" \/>\n<meta property=\"og:title\" content=\"-\" \/>\n<meta property=\"og:description\" content=\"INFORMES Y FINANZAS INFORMES RECIENTES Plan Anual 2026 para el Superintendente de Parques y Recreaci\u00f3n Lea el Plan Anual de Parques 2026 (PDF). Este plan anual 2026 para el Zool\u00f3gico [&hellip;]\" \/>\n<meta property=\"og:url\" content=\"https:\/\/zoo.org\/es\/informes-y-finanzas\/\" \/>\n<meta property=\"og:site_name\" content=\"Zool\u00f3gico Woodland Park\" \/>\n<meta property=\"article:modified_time\" content=\"2026-03-16T18:41:59+00:00\" \/>\n<meta property=\"og:image\" content=\"https:\/\/zoo.org\/wp-content\/uploads\/2025\/08\/WPZ-Seattle-Aerial-Header-Image.jpg?wsr\" \/>\n\t<meta property=\"og:image:width\" content=\"1920\" \/>\n\t<meta property=\"og:image:height\" content=\"400\" \/>\n\t<meta property=\"og:image:type\" content=\"image\/jpeg\" \/>\n<meta name=\"twitter:card\" content=\"summary_large_image\" \/>\n<script type=\"application\/ld+json\" class=\"yoast-schema-graph\">{\"@context\":\"https:\\\/\\\/schema.org\",\"@graph\":[{\"@type\":\"WebPage\",\"@id\":\"https:\\\/\\\/zoo.org\\\/es\\\/informes-y-finanzas\\\/\",\"url\":\"https:\\\/\\\/zoo.org\\\/es\\\/informes-y-finanzas\\\/\",\"name\":\"-\",\"isPartOf\":{\"@id\":\"https:\\\/\\\/zoo.org\\\/es\\\/#website\"},\"primaryImageOfPage\":{\"@id\":\"https:\\\/\\\/zoo.org\\\/es\\\/informes-y-finanzas\\\/#primaryimage\"},\"image\":{\"@id\":\"https:\\\/\\\/zoo.org\\\/es\\\/informes-y-finanzas\\\/#primaryimage\"},\"thumbnailUrl\":\"https:\\\/\\\/zoo.org\\\/wp-content\\\/uploads\\\/2025\\\/08\\\/WPZ-Seattle-Aerial-Header-Image.jpg\",\"datePublished\":\"2025-10-16T18:06:14+00:00\",\"dateModified\":\"2026-03-16T18:41:59+00:00\",\"breadcrumb\":{\"@id\":\"https:\\\/\\\/zoo.org\\\/es\\\/informes-y-finanzas\\\/#breadcrumb\"},\"inLanguage\":\"es\",\"potentialAction\":[{\"@type\":\"ReadAction\",\"target\":[\"https:\\\/\\\/zoo.org\\\/es\\\/informes-y-finanzas\\\/\"]}]},{\"@type\":\"ImageObject\",\"inLanguage\":\"es\",\"@id\":\"https:\\\/\\\/zoo.org\\\/es\\\/informes-y-finanzas\\\/#primaryimage\",\"url\":\"https:\\\/\\\/zoo.org\\\/wp-content\\\/uploads\\\/2025\\\/08\\\/WPZ-Seattle-Aerial-Header-Image.jpg\",\"contentUrl\":\"https:\\\/\\\/zoo.org\\\/wp-content\\\/uploads\\\/2025\\\/08\\\/WPZ-Seattle-Aerial-Header-Image.jpg\"},{\"@type\":\"BreadcrumbList\",\"@id\":\"https:\\\/\\\/zoo.org\\\/es\\\/informes-y-finanzas\\\/#breadcrumb\",\"itemListElement\":[{\"@type\":\"ListItem\",\"position\":1,\"name\":\"Hogar\",\"item\":\"https:\\\/\\\/zoo.org\\\/es\\\/\"},{\"@type\":\"ListItem\",\"position\":2,\"name\":\"Informes y Finanzas\"}]},{\"@type\":\"WebSite\",\"@id\":\"https:\\\/\\\/zoo.org\\\/es\\\/#website\",\"url\":\"https:\\\/\\\/zoo.org\\\/es\\\/\",\"name\":\"Zool\u00f3gico Woodland Park\",\"description\":\"El Zool\u00f3gico Woodland Park salva la vida silvestre e inspira a todos a hacer de la conservaci\u00f3n una prioridad en sus vidas.\",\"publisher\":{\"@id\":\"https:\\\/\\\/zoo.org\\\/es\\\/#organization\"},\"potentialAction\":[{\"@type\":\"SearchAction\",\"target\":{\"@type\":\"EntryPoint\",\"urlTemplate\":\"https:\\\/\\\/zoo.org\\\/es\\\/?s={search_term_string}\"},\"query-input\":{\"@type\":\"PropertyValueSpecification\",\"valueRequired\":true,\"valueName\":\"search_term_string\"}}],\"inLanguage\":\"es\"},{\"@type\":\"Organization\",\"@id\":\"https:\\\/\\\/zoo.org\\\/es\\\/#organization\",\"name\":\"Zool\u00f3gico Woodland Park\",\"url\":\"https:\\\/\\\/zoo.org\\\/es\\\/\",\"logo\":{\"@type\":\"ImageObject\",\"inLanguage\":\"es\",\"@id\":\"https:\\\/\\\/zoo.org\\\/es\\\/#\\\/schema\\\/logo\\\/image\\\/\",\"url\":\"https:\\\/\\\/zoo.org\\\/wp-content\\\/uploads\\\/2026\\\/01\\\/WPZ-Logo_white-SVG.svg?wsr\",\"contentUrl\":\"https:\\\/\\\/zoo.org\\\/wp-content\\\/uploads\\\/2026\\\/01\\\/WPZ-Logo_white-SVG.svg?wsr\",\"width\":288,\"height\":282,\"caption\":\"Zool\u00f3gico Woodland Park\"},\"image\":{\"@id\":\"https:\\\/\\\/zoo.org\\\/es\\\/#\\\/schema\\\/logo\\\/image\\\/\"}}]}<\/script>\n<!-- \/ Yoast SEO plugin. -->","yoast_head_json":{"title":"-","robots":{"index":"index","follow":"follow","max-snippet":"max-snippet:-1","max-image-preview":"max-image-preview:large","max-video-preview":"max-video-preview:-1"},"canonical":"https:\/\/zoo.org\/es\/informes-y-finanzas\/","og_locale":"es_ES","og_type":"article","og_title":"-","og_description":"INFORMES Y FINANZAS INFORMES RECIENTES Plan Anual 2026 para el Superintendente de Parques y Recreaci\u00f3n Lea el Plan Anual de Parques 2026 (PDF). Este plan anual 2026 para el Zool\u00f3gico [&hellip;]","og_url":"https:\/\/zoo.org\/es\/informes-y-finanzas\/","og_site_name":"Zool\u00f3gico Woodland Park","article_modified_time":"2026-03-16T18:41:59+00:00","og_image":[{"width":1920,"height":400,"url":"https:\/\/zoo.org\/wp-content\/uploads\/2025\/08\/WPZ-Seattle-Aerial-Header-Image.jpg?wsr","type":"image\/jpeg"}],"twitter_card":"summary_large_image","schema":{"@context":"https:\/\/schema.org","@graph":[{"@type":"WebPage","@id":"https:\/\/zoo.org\/es\/informes-y-finanzas\/","url":"https:\/\/zoo.org\/es\/informes-y-finanzas\/","name":"-","isPartOf":{"@id":"https:\/\/zoo.org\/es\/#website"},"primaryImageOfPage":{"@id":"https:\/\/zoo.org\/es\/informes-y-finanzas\/#primaryimage"},"image":{"@id":"https:\/\/zoo.org\/es\/informes-y-finanzas\/#primaryimage"},"thumbnailUrl":"https:\/\/zoo.org\/wp-content\/uploads\/2025\/08\/WPZ-Seattle-Aerial-Header-Image.jpg","datePublished":"2025-10-16T18:06:14+00:00","dateModified":"2026-03-16T18:41:59+00:00","breadcrumb":{"@id":"https:\/\/zoo.org\/es\/informes-y-finanzas\/#breadcrumb"},"inLanguage":"es","potentialAction":[{"@type":"ReadAction","target":["https:\/\/zoo.org\/es\/informes-y-finanzas\/"]}]},{"@type":"ImageObject","inLanguage":"es","@id":"https:\/\/zoo.org\/es\/informes-y-finanzas\/#primaryimage","url":"https:\/\/zoo.org\/wp-content\/uploads\/2025\/08\/WPZ-Seattle-Aerial-Header-Image.jpg","contentUrl":"https:\/\/zoo.org\/wp-content\/uploads\/2025\/08\/WPZ-Seattle-Aerial-Header-Image.jpg"},{"@type":"BreadcrumbList","@id":"https:\/\/zoo.org\/es\/informes-y-finanzas\/#breadcrumb","itemListElement":[{"@type":"ListItem","position":1,"name":"Hogar","item":"https:\/\/zoo.org\/es\/"},{"@type":"ListItem","position":2,"name":"Informes y Finanzas"}]},{"@type":"WebSite","@id":"https:\/\/zoo.org\/es\/#website","url":"https:\/\/zoo.org\/es\/","name":"Zool\u00f3gico Woodland Park","description":"El Zool\u00f3gico Woodland Park salva la vida silvestre e inspira a todos a hacer de la conservaci\u00f3n una prioridad en sus vidas.","publisher":{"@id":"https:\/\/zoo.org\/es\/#organization"},"potentialAction":[{"@type":"SearchAction","target":{"@type":"EntryPoint","urlTemplate":"https:\/\/zoo.org\/es\/?s={search_term_string}"},"query-input":{"@type":"PropertyValueSpecification","valueRequired":true,"valueName":"search_term_string"}}],"inLanguage":"es"},{"@type":"Organization","@id":"https:\/\/zoo.org\/es\/#organization","name":"Zool\u00f3gico Woodland Park","url":"https:\/\/zoo.org\/es\/","logo":{"@type":"ImageObject","inLanguage":"es","@id":"https:\/\/zoo.org\/es\/#\/schema\/logo\/image\/","url":"https:\/\/zoo.org\/wp-content\/uploads\/2026\/01\/WPZ-Logo_white-SVG.svg?wsr","contentUrl":"https:\/\/zoo.org\/wp-content\/uploads\/2026\/01\/WPZ-Logo_white-SVG.svg?wsr","width":288,"height":282,"caption":"Zool\u00f3gico Woodland Park"},"image":{"@id":"https:\/\/zoo.org\/es\/#\/schema\/logo\/image\/"}}]}},"taxonomy_info":[],"featured_image_src_large":false,"author_info":{"display_name":"jloughlin","author_link":"https:\/\/zoo.org\/es\/author\/jloughlin\/"},"comment_info":0,"_links":{"self":[{"href":"https:\/\/zoo.org\/es\/wp-json\/wp\/v2\/pages\/10297","targetHints":{"allow":["GET"]}}],"collection":[{"href":"https:\/\/zoo.org\/es\/wp-json\/wp\/v2\/pages"}],"about":[{"href":"https:\/\/zoo.org\/es\/wp-json\/wp\/v2\/types\/page"}],"author":[{"embeddable":true,"href":"https:\/\/zoo.org\/es\/wp-json\/wp\/v2\/users\/1"}],"replies":[{"embeddable":true,"href":"https:\/\/zoo.org\/es\/wp-json\/wp\/v2\/comments?post=10297"}],"version-history":[{"count":0,"href":"https:\/\/zoo.org\/es\/wp-json\/wp\/v2\/pages\/10297\/revisions"}],"wp:attachment":[{"href":"https:\/\/zoo.org\/es\/wp-json\/wp\/v2\/media?parent=10297"}],"curies":[{"name":"wp","href":"https:\/\/api.w.org\/{rel}","templated":true}]}}