{"id":10441,"date":"2025-10-07T15:22:21","date_gmt":"2025-10-07T22:22:21","guid":{"rendered":"https:\/\/zoo.org\/hazte-miembro\/zoologicos-y-acuarios-reciprocos\/"},"modified":"2026-01-05T15:02:11","modified_gmt":"2026-01-05T23:02:11","slug":"zoologicos-y-acuarios-reciprocos","status":"publish","type":"page","link":"https:\/\/zoo.org\/es\/hazte-miembro\/zoologicos-y-acuarios-reciprocos\/","title":{"rendered":"Zool\u00f3gicos y acuarios rec\u00edprocos"},"content":{"rendered":"\n<div class=\"wp-block-cover alignfull hero\" style=\"margin-top:0;margin-bottom:0\"><img loading=\"lazy\" decoding=\"async\" width=\"1920\" height=\"400\" class=\"wp-block-cover__image-background wp-image-1062 size-full\" alt=\"\" src=\"https:\/\/zoo.org\/wp-content\/uploads\/2025\/05\/ASCO-Header-Image.jpg\" data-object-fit=\"cover\" srcset=\"https:\/\/zoo.org\/wp-content\/uploads\/2025\/05\/ASCO-Header-Image.jpg 1920w, https:\/\/zoo.org\/wp-content\/uploads\/2025\/05\/ASCO-Header-Image-300x63.jpg 300w, https:\/\/zoo.org\/wp-content\/uploads\/2025\/05\/ASCO-Header-Image-1024x213.jpg 1024w, https:\/\/zoo.org\/wp-content\/uploads\/2025\/05\/ASCO-Header-Image-768x160.jpg 768w, https:\/\/zoo.org\/wp-content\/uploads\/2025\/05\/ASCO-Header-Image-1536x320.jpg 1536w\" sizes=\"auto, (max-width: 1920px) 100vw, 1920px\" \/><span aria-hidden=\"true\" class=\"wp-block-cover__background has-background-dim-0 has-background-dim\" style=\"background-color:#797666\"><\/span><div class=\"wp-block-cover__inner-container is-layout-constrained wp-block-cover-is-layout-constrained\">\n<p class=\"has-text-align-center has-large-font-size\"><\/p>\n<\/div><\/div>\n\n<div class=\"wp-block-group is-layout-constrained wp-block-group-is-layout-constrained\" style=\"margin-top:2em;margin-bottom:3em\">\n<h1 class=\"wp-block-heading has-text-align-center\" style=\"margin-top:0.65em;margin-bottom:0.275em\">ZOOL\u00d3GICOS Y ACUARIOS REC\u00cdPROCOS<\/h1>\n<\/div>\n\n<div class=\"wp-block-group alignfull divider is-layout-constrained wp-block-group-is-layout-constrained\">\n<h2 class=\"wp-block-heading alignfull has-text-align-center\">INTRODUCCI\u00d3N<\/h2>\n<\/div>\n\n<p><strong>\u00a1Los miembros del Zool\u00f3gico Woodland Park reciben entrada con descuento en m\u00e1s de 150 zool\u00f3gicos y acuarios en todo Estados Unidos!<\/strong><\/p>\n\n<h4 class=\"wp-block-heading\">Tenga en cuenta:<\/h4>\n\n<ul class=\"wp-block-list\">\n<li>El Zool\u00f3gico Woodland Park no tiene relaciones rec\u00edprocas con otros zool\u00f3gicos y acuarios del estado de Washington.<\/li>\n\n\n\n<li>El n\u00famero de visitantes admitidos con descuento puede variar seg\u00fan la instituci\u00f3n y no necesariamente coincide con el n\u00famero que cubre su membres\u00eda del Zool\u00f3gico Woodland Park. Llame con anticipaci\u00f3n para verificar. <\/li>\n\n\n\n<li>La reciprocidad se aplica \u00fanicamente a la entrada a las instalaciones principales en d\u00edas normales de funcionamiento y puede excluir exhibiciones o eventos que requieran una tarifa adicional.<\/li>\n\n\n\n<li>Recuerde llevar consigo un comprobante de su membres\u00eda del Zool\u00f3gico Woodland Park.<\/li>\n\n\n\n<li>El Zool\u00f3gico Woodland Park ofrece reciprocidad (entrada a mitad de precio) a los miembros de las instituciones participantes. El descuento se extiende a un m\u00e1ximo de dos adultos y a cualquier hijo\/nieto (de 3 a 18 a\u00f1os) cubierto por la membres\u00eda. Este descuento no se extiende a los beneficios para invitados asociados a la membres\u00eda. <\/li>\n\n\n\n<li>La lista y los descuentos asociados est\u00e1n sujetos a cambios sin previo aviso.<\/li>\n<\/ul>\n\n<div class=\"wp-block-group alignfull divider is-layout-constrained wp-block-group-is-layout-constrained\">\n<h2 class=\"wp-block-heading alignfull has-text-align-center\">ZOOL\u00d3GICOS Y ACUARIOS<\/h2>\n\n\n\n<p class=\"has-text-align-center\" style=\"margin-top:0.5em;margin-bottom:0.5em\"><strong>\u00daltima actualizaci\u00f3n: 15 de octubre de 2025<\/strong><\/p>\n<\/div>\n\n<div style=\"columns: 3 auto;\"><br\/><div class=\"columns\">\n<h4>ALABAMA<\/h4>\n<p>Zool\u00f3gico de Birmingham<\/p>\n<br\/><h4>ALASKA<\/h4>\n<p>Centro de vida marina de Alaska<\/p>\n<br\/><h4>ARIZONA<\/h4>\n<p>Zool\u00f3gico de Phoenix<br\/> Zool\u00f3gico del parque Reid<br\/> Acuario SEA LIFE de Arizona<\/p>\n<br\/><h4>Arkansas<\/h4>\n<p>Zool\u00f3gico de Little Rock<\/p>\n<br\/><h4>CALIFORNIA<\/h4>\n<p>Acuario marino de Cabrillo<br\/> Zool\u00f3gico de la Costa Central<br\/> CuriOdisea<br\/> Zool\u00f3gico Fresno Chaffee<br\/> Zool\u00f3gico Happy Hollow<br\/> Zool\u00f3gico de Los \u00c1ngeles<br\/> Zool\u00f3gico de Oakland<br\/> Zool\u00f3gico de Sacramento<br\/> Jard\u00edn zool\u00f3gico de San Francisco<br\/> Zool\u00f3gico de Santa Ana<br\/> Zool\u00f3gico de Santa B\u00e1rbara<br\/> Zool\u00f3gico Sequoia Park<\/p>\n<br\/><h4>CANAD\u00c1<\/h4>\n<p>Zool\u00f3gico del parque Assiniboine<br\/> Instituto Wilder\/Zool\u00f3gico de Calgary<br\/> Zool\u00f3gico de Granby<br\/> Zool\u00f3gico de Toronto<\/p>\n<br\/><h4>COLORADO<\/h4>\n<p>Zool\u00f3gico de Pueblo<br\/> Pabell\u00f3n de las Mariposas<\/p>\n<br\/><h4>CONNECTICUT<\/h4>\n<p>Zool\u00f3gico Beardsley de Connecticut<\/p>\n<br\/><h4>DELAWARE<\/h4>\n<p>Zool\u00f3gico Brandywine<\/p>\n<br\/><h4>FLORIDA<\/h4>\n<p>Zool\u00f3gico de Brevard<br\/> Museo Nacional de Conchas y Acuario Bailey-Matthews<br\/> Zool\u00f3gico y Jard\u00edn Bot\u00e1nico de Florida Central<br\/> El Acuario de Florida<br\/> Zool\u00f3gico y jardines de Jacksonville<br\/> Acuario marino Mote<br\/> Zool\u00f3gico de Palm Beach<br\/> Granja de caimanes de San Agust\u00edn<br\/> Acuarios SEA LIFE Orlando<br\/> Zool\u00f3gico de Miami<br\/> Zool\u00f3gico de Tampa en Lowry Park<br\/> Zool\u00f3gico educativo de Santa Fe College<\/p>\n<br\/><h4>GEORGIA<\/h4>\n<p>Zool\u00f3gico de Atlanta<\/p>\n<br\/><h4>IDAHO<\/h4>\n<p>Zool\u00f3gico de Idaho Falls en el parque Tautphaus<br\/> Zool\u00f3gico de Boise<\/p>\n<br\/><h4>ILLINOIS<\/h4>\n<p>Zool\u00f3gico de Cosley<br\/> Acuario John G. Shedd<br\/> Zool\u00f3gico del parque Lincoln<br\/> Zool\u00f3gico del parque Miller<br\/> Zool\u00f3gico de Peoria<br\/> Zool\u00f3gico Scovill<\/p>\n<br\/><h4>INDIANA<\/h4>\n<p>Zool\u00f3gico infantil de Fort Wayne<br\/> Zool\u00f3gico y jard\u00edn bot\u00e1nico Mesker Park<br\/> Potawatomi<\/p>\n<br\/><h4>IOWA<\/h4>\n<p>Zool\u00f3gico Blank Park<br\/> Museo y Acuario Nacional del R\u00edo Misisipi<\/p>\n<br\/><h4>KANSAS<\/h4>\n<p>Zool\u00f3gico David Traylor de Emporia<br\/> Zool\u00f3gico Hutchinson<br\/> Zool\u00f3gico Lee Richardson<br\/> Zool\u00f3gico de Rolling Hills<br\/> Zool\u00f3gico del condado de Sedgwick<br\/> Zool\u00f3gico del atardecer<br\/> Zool\u00f3gico de Topeka<\/p>\n<span style=\"break-after: column;\"><span style=\"break-after: column;\"><br\/><\/span><\/span>\n<h4>KENTUCKY<\/h4>\n<p>El zool\u00f3gico de Louisville<\/p>\n<span style=\"break-after: column;\"><span style=\"break-after: column;\"><br\/><\/span><\/span>\n<h4>LUISIANA<\/h4>\n<p>Zool\u00f3gico de Baton Rouge de BREC<\/p>\n<span style=\"break-after: column;\"><span style=\"break-after: column;\"><br\/><\/span><\/span>\n<h4>MARYLAND<\/h4>\n<p>El zool\u00f3gico de Maryland en Baltimore<\/p>\n<span style=\"break-after: column;\"><span style=\"break-after: column;\"><br\/><\/span><\/span>\n<h4>MASSACHUSETTS<\/h4>\n<p>Zool\u00f3gico del parque Buttonwood<br\/> Zool\u00f3gico del parque Capron<br\/> Zool\u00f3gico Franklin Park (Zool\u00f3gico de Nueva Inglaterra)<br\/> Zool\u00f3gico Walter D. Stone Memorial (Zool\u00f3gico de Nueva Inglaterra)<br\/> Museo de Ciencias<\/p>\n<span style=\"break-after: column;\"><span style=\"break-after: column;\"><br\/><\/span><\/span>\n<h4>MICHIGAN<\/h4>\n<p>Zool\u00f3gico del parque Binder<br\/> Zool\u00f3gico de Detroit<br\/> Jard\u00edn zool\u00f3gico John Ball<br\/> Jardines zool\u00f3gicos de Potter Park<br\/> Zool\u00f3gico infantil de Saginaw<br\/> Acuario SEA LIFE de Michigan<\/p>\n<span style=\"break-after: column;\"><span style=\"break-after: column;\"><br\/><\/span><\/span>\n<h4>MINNESOTA<\/h4>\n<p>Zool\u00f3gico y Conservatorio de Como Park<br\/> Zool\u00f3gico del Lago Superior<br\/> Jard\u00edn Zool\u00f3gico de Minnesota<\/p>\n<span style=\"break-after: column;\"><span style=\"break-after: column;\"><br\/><\/span><\/span>\n<h4>MISURI<\/h4>\n<p>Zool\u00f3gico del parque Dickerson<br\/> Centro de Lobos en Peligro de Extinci\u00f3n<br\/> Zool\u00f3gico y acuario de Kansas City<br\/> Zool\u00f3gico de San Luis<br\/> Acuario Sea Life de Kansas City<\/p>\n<span style=\"break-after: column;\"><span style=\"break-after: column;\"><br\/><\/span><\/span>\n<h4>MONTANA<\/h4>\n<p>Centro de descubrimiento de osos y lobos<br\/> Zool\u00f3gico de Montana<\/p>\n<span style=\"break-after: column;\"><span style=\"break-after: column;\"><br\/><\/span><\/span>\n<h4>NEBRASKA<\/h4>\n<p>Zool\u00f3gico infantil de Lincoln<br\/> Zool\u00f3gico y acuario Henry Doorly de Omaha<\/p>\n<span style=\"break-after: column;\"><span style=\"break-after: column;\"><br\/><\/span><\/span>\n<h4>NUEVA JERSEY<\/h4>\n<p>Parque y zool\u00f3gico del condado de Cape May<br\/> Zool\u00f3gico Turtle Back<\/p>\n<span style=\"break-after: column;\"><span style=\"break-after: column;\"><br\/><\/span><\/span>\n<h4>NUEVO M\u00c9JICO<\/h4>\n<p>Parque Biol\u00f3gico de Albuquerque<\/p>\n<span style=\"break-after: column;\"><span style=\"break-after: column;\"><br\/><\/span><\/span>\n<h4>NUEVA YORK<\/h4>\n<p>Acuario de Ni\u00e1gara<br\/> Zool\u00f3gico de Buffalo<br\/> Zool\u00f3gico Rosamond Gifford en Burnet Park<br\/> Zool\u00f3gico del parque Seneca<br\/> Zool\u00f3gico de Staten Island<br\/> Zool\u00f3gico Trevor-Lovejoy<br\/> Zool\u00f3gico de Utica<\/p>\n<span style=\"break-after: column;\"><span style=\"break-after: column;\"><br\/><\/span><\/span>\n<h4>CAROLINA DEL NORTE<\/h4>\n<p>Centro de Ciencias de Greensboro<br\/> Museo de la Vida y la Ciencia<br\/> Acuario de Carolina del Norte en Fort Fisher<br\/> Acuario de Carolina del Norte en Pine Knoll Shores<br\/> Acuario de Carolina del Norte en la isla Roanoke<br\/> Zool\u00f3gico de Carolina del Norte<br\/> Centro de Naturaleza del Oeste de Carolina del Norte<\/p>\n<span style=\"break-after: column;\"><span style=\"break-after: column;\"><br\/><\/span><\/span>\n<div style=\"-webkit-column-break-inside: avoid; page-break-inside: avoid; break-inside: avoid;\">\n<h4>DAKOTA DEL NORTE<\/h4>\n<p>Zool\u00f3gico de Dakota<br\/> Zool\u00f3gico del r\u00edo Rojo<br\/> Zool\u00f3gico del parque Roosevelt<\/p>\n<\/div>\n<span style=\"break-after: column;\"><span style=\"break-after: column;\"><br\/><\/span><\/span>\n<h4>OHIO<\/h4>\n<p>Parque zool\u00f3gico de Akron<br\/> Museo del Descubrimiento Boonshoft<br\/> Zool\u00f3gico y Jard\u00edn Bot\u00e1nico de Cincinnati<br\/> Zool\u00f3gico de Cleveland Metroparks<br\/> Zool\u00f3gico y Acuario de Columbus<br\/> El zool\u00f3gico de Toledo<br\/> Los salvajes<\/p>\n<span style=\"break-after: column;\"><span style=\"break-after: column;\"><br\/><\/span><\/span>\n<h4>OKLAHOMA<\/h4>\n<p>Zool\u00f3gico y Jard\u00edn Bot\u00e1nico de la Ciudad de Oklahoma<br\/> Zool\u00f3gico de Tulsa<\/p>\n<span style=\"break-after: column;\"><span style=\"break-after: column;\"><br\/><\/span><\/span>\n<h4>OREG\u00d3N<\/h4>\n<p>Zool\u00f3gico de Oreg\u00f3n<br\/> Safari de vida silvestre<\/p>\n<span style=\"break-after: column;\"><span style=\"break-after: column;\"><br\/><\/span><\/span>\n<h4>PENSILVANIA<\/h4>\n<p>Zool\u00f3gico del parque Elmwood<br\/> Zool\u00f3gico del valle de Lehigh<br\/> Aviario Nacional<br\/> Zool\u00f3gico de Filadelfia<br\/> Zool\u00f3gico y Acuario de Pittsburgh<br\/> ZOOAMERICA Parque de Vida Silvestre de Am\u00e9rica del Norte<\/p>\n<span style=\"break-after: column;\"><span style=\"break-after: column;\"><br\/><\/span><\/span>\n<h4>RHODE ISLAND<\/h4>\n<p>Zool\u00f3gico del parque Roger Williams<\/p>\n<span style=\"break-after: column;\"><span style=\"break-after: column;\"><br\/><\/span><\/span>\n<h4>CAROLINA DEL SUR<\/h4>\n<p>Zool\u00f3gico de Greenville<br\/> Zool\u00f3gico y jard\u00edn Riverbanks<\/p>\n<span style=\"break-after: column;\"><span style=\"break-after: column;\"><br\/><\/span><\/span>\n<h4>DAKOTA DEL SUR<\/h4>\n<p>Zool\u00f3gico de las Grandes Llanuras<\/p>\n<span style=\"break-after: column;\"><span style=\"break-after: column;\"><br\/><\/span><\/span>\n<h4>TENNESSE<\/h4>\n<p>Zool\u00f3gico de Chattanooga en Warner Park<br\/> El zool\u00f3gico de Memphis<br\/> Zool\u00f3gico de Nashville, Inc.<br\/> Zool\u00f3gico de Knoxville<\/p>\n<span style=\"break-after: column;\"><span style=\"break-after: column;\"><br\/><\/span><\/span>\n<h4>TEXAS<\/h4>\n<p>Jardines zool\u00f3gicos de Abilene<br\/> Zool\u00f3gico de Caldwell<br\/> Zool\u00f3gico del parque Cameron<br\/> Zool\u00f3gico de Dallas<br\/> Zool\u00f3gico de Fort Worth<br\/> Zool\u00f3gico Gladys Porter<br\/> Zool\u00f3gico de Houston<br\/> Sociedad Zool\u00f3gica de San Antonio<br\/> Acuario SEA LIFE Grapevine<br\/> Acuario Estatal de Texas<\/p>\n<span style=\"break-after: column;\"><span style=\"break-after: column;\"><br\/><\/span><\/span>\n<h4>UTAH<\/h4>\n<p>Aviario Tracy<br\/> Zool\u00f3gico Hogle de Utah<\/p>\n<span style=\"break-after: column;\"><span style=\"break-after: column;\"><br\/><\/span><\/span>\n<h4>VIRGINIA<\/h4>\n<p>Acuario y Centro de Ciencias Marinas de Virginia<br\/> Parque Zool\u00f3gico de Virginia<\/p>\n<span style=\"break-after: column;\"><span style=\"break-after: column;\"><br\/><\/span><\/span>\n<h4>Washington DC<\/h4>\n<p>Parque Zool\u00f3gico Nacional Smithsonian<\/p>\n<span style=\"break-after: column;\"><span style=\"break-after: column;\"><br\/><\/span><\/span>\n<h4>VIRGINIA OCCIDENTAL<\/h4>\n<p>El buen zool\u00f3gico de Oglebay<\/p>\n<span style=\"break-after: column;\"><span style=\"break-after: column;\"><br\/><\/span><\/span>\n<h4>WISCONSIN<\/h4>\n<p>Zool\u00f3gico Henry Vilas<br\/> Fundaci\u00f3n Internacional de la Gr\u00faa<br\/> Jardines zool\u00f3gicos del condado de Milwaukee<br\/> NUEVO zool\u00f3gico y parque de aventuras del noreste de Wisconsin<br\/> Jardines zool\u00f3gicos de Racine<\/p>\n<\/div>\n<\/div>\n","protected":false},"excerpt":{"rendered":"<p>ZOOL\u00d3GICOS Y ACUARIOS REC\u00cdPROCOS INTRODUCCI\u00d3N \u00a1Los miembros del Zool\u00f3gico Woodland Park reciben entrada con descuento en m\u00e1s de 150 zool\u00f3gicos y acuarios en todo Estados Unidos! Tenga en cuenta: ZOOL\u00d3GICOS [&hellip;]<\/p>\n","protected":false},"author":1,"featured_media":10442,"parent":10411,"menu_order":0,"comment_status":"closed","ping_status":"closed","template":"","meta":{"_acf_changed":false,"_kad_blocks_custom_css":"","_kad_blocks_head_custom_js":"","_kad_blocks_body_custom_js":"","_kad_blocks_footer_custom_js":"","footnotes":""},"class_list":["post-10441","page","type-page","status-publish","has-post-thumbnail","hentry"],"blocksy_meta":[],"acf":[],"yoast_head":"<!-- This site is optimized with the Yoast SEO plugin v27.4 - https:\/\/yoast.com\/product\/yoast-seo-wordpress\/ -->\n<title>-<\/title>\n<meta name=\"description\" content=\"Los miembros del Zool\u00f3gico Woodland Park disfrutan de descuentos rec\u00edprocos en otros zool\u00f3gicos y acuarios.\" \/>\n<meta name=\"robots\" content=\"index, follow, max-snippet:-1, max-image-preview:large, max-video-preview:-1\" \/>\n<link rel=\"canonical\" href=\"https:\/\/zoo.org\/es\/hazte-miembro\/zoologicos-y-acuarios-reciprocos\/\" \/>\n<meta property=\"og:locale\" content=\"es_ES\" \/>\n<meta property=\"og:type\" content=\"article\" \/>\n<meta property=\"og:title\" content=\"-\" \/>\n<meta property=\"og:description\" content=\"Los miembros del Zool\u00f3gico Woodland Park disfrutan de descuentos rec\u00edprocos en otros zool\u00f3gicos y acuarios.\" \/>\n<meta property=\"og:url\" content=\"https:\/\/zoo.org\/es\/hazte-miembro\/zoologicos-y-acuarios-reciprocos\/\" \/>\n<meta property=\"og:site_name\" content=\"Zool\u00f3gico Woodland Park\" \/>\n<meta property=\"article:modified_time\" content=\"2026-01-05T23:02:11+00:00\" \/>\n<meta property=\"og:image\" content=\"https:\/\/zoo.org\/wp-content\/uploads\/2025\/08\/RS33694_2017_-WPZ-AERIALS-2-web.jpg?wsr\" \/>\n\t<meta property=\"og:image:width\" content=\"940\" \/>\n\t<meta property=\"og:image:height\" content=\"627\" \/>\n\t<meta property=\"og:image:type\" content=\"image\/jpeg\" \/>\n<meta name=\"twitter:card\" content=\"summary_large_image\" \/>\n<script type=\"application\/ld+json\" class=\"yoast-schema-graph\">{\"@context\":\"https:\\\/\\\/schema.org\",\"@graph\":[{\"@type\":\"WebPage\",\"@id\":\"https:\\\/\\\/zoo.org\\\/es\\\/hazte-miembro\\\/zoologicos-y-acuarios-reciprocos\\\/\",\"url\":\"https:\\\/\\\/zoo.org\\\/es\\\/hazte-miembro\\\/zoologicos-y-acuarios-reciprocos\\\/\",\"name\":\"-\",\"isPartOf\":{\"@id\":\"https:\\\/\\\/zoo.org\\\/es\\\/#website\"},\"primaryImageOfPage\":{\"@id\":\"https:\\\/\\\/zoo.org\\\/es\\\/hazte-miembro\\\/zoologicos-y-acuarios-reciprocos\\\/#primaryimage\"},\"image\":{\"@id\":\"https:\\\/\\\/zoo.org\\\/es\\\/hazte-miembro\\\/zoologicos-y-acuarios-reciprocos\\\/#primaryimage\"},\"thumbnailUrl\":\"https:\\\/\\\/zoo.org\\\/wp-content\\\/uploads\\\/2025\\\/08\\\/RS33694_2017_-WPZ-AERIALS-2-web.jpg?wsr\",\"datePublished\":\"2025-10-07T22:22:21+00:00\",\"dateModified\":\"2026-01-05T23:02:11+00:00\",\"description\":\"Los miembros del Zool\u00f3gico Woodland Park disfrutan de descuentos rec\u00edprocos en otros zool\u00f3gicos y acuarios.\",\"breadcrumb\":{\"@id\":\"https:\\\/\\\/zoo.org\\\/es\\\/hazte-miembro\\\/zoologicos-y-acuarios-reciprocos\\\/#breadcrumb\"},\"inLanguage\":\"es\",\"potentialAction\":[{\"@type\":\"ReadAction\",\"target\":[\"https:\\\/\\\/zoo.org\\\/es\\\/hazte-miembro\\\/zoologicos-y-acuarios-reciprocos\\\/\"]}]},{\"@type\":\"ImageObject\",\"inLanguage\":\"es\",\"@id\":\"https:\\\/\\\/zoo.org\\\/es\\\/hazte-miembro\\\/zoologicos-y-acuarios-reciprocos\\\/#primaryimage\",\"url\":\"https:\\\/\\\/zoo.org\\\/wp-content\\\/uploads\\\/2025\\\/08\\\/RS33694_2017_-WPZ-AERIALS-2-web.jpg?wsr\",\"contentUrl\":\"https:\\\/\\\/zoo.org\\\/wp-content\\\/uploads\\\/2025\\\/08\\\/RS33694_2017_-WPZ-AERIALS-2-web.jpg?wsr\",\"width\":940,\"height\":627,\"caption\":\"Vista a\u00e9rea del zool\u00f3gico con densos \u00e1rboles verdes, rodeado de calles y edificios urbanos, con un gran lago y un extenso paisaje urbano en el fondo bajo un cielo despejado.\"},{\"@type\":\"BreadcrumbList\",\"@id\":\"https:\\\/\\\/zoo.org\\\/es\\\/hazte-miembro\\\/zoologicos-y-acuarios-reciprocos\\\/#breadcrumb\",\"itemListElement\":[{\"@type\":\"ListItem\",\"position\":1,\"name\":\"Hogar\",\"item\":\"https:\\\/\\\/zoo.org\\\/es\\\/\"},{\"@type\":\"ListItem\",\"position\":2,\"name\":\"Hazte miembro\",\"item\":\"https:\\\/\\\/zoo.org\\\/es\\\/hazte-miembro\\\/\"},{\"@type\":\"ListItem\",\"position\":3,\"name\":\"Zool\u00f3gicos y acuarios rec\u00edprocos\"}]},{\"@type\":\"WebSite\",\"@id\":\"https:\\\/\\\/zoo.org\\\/es\\\/#website\",\"url\":\"https:\\\/\\\/zoo.org\\\/es\\\/\",\"name\":\"Zool\u00f3gico Woodland Park\",\"description\":\"El Zool\u00f3gico Woodland Park salva la vida silvestre e inspira a todos a hacer de la conservaci\u00f3n una prioridad en sus vidas.\",\"publisher\":{\"@id\":\"https:\\\/\\\/zoo.org\\\/es\\\/#organization\"},\"potentialAction\":[{\"@type\":\"SearchAction\",\"target\":{\"@type\":\"EntryPoint\",\"urlTemplate\":\"https:\\\/\\\/zoo.org\\\/es\\\/?s={search_term_string}\"},\"query-input\":{\"@type\":\"PropertyValueSpecification\",\"valueRequired\":true,\"valueName\":\"search_term_string\"}}],\"inLanguage\":\"es\"},{\"@type\":\"Organization\",\"@id\":\"https:\\\/\\\/zoo.org\\\/es\\\/#organization\",\"name\":\"Zool\u00f3gico Woodland Park\",\"url\":\"https:\\\/\\\/zoo.org\\\/es\\\/\",\"logo\":{\"@type\":\"ImageObject\",\"inLanguage\":\"es\",\"@id\":\"https:\\\/\\\/zoo.org\\\/es\\\/#\\\/schema\\\/logo\\\/image\\\/\",\"url\":\"https:\\\/\\\/zoo.org\\\/wp-content\\\/uploads\\\/2026\\\/01\\\/WPZ-Logo_white-SVG.svg?wsr\",\"contentUrl\":\"https:\\\/\\\/zoo.org\\\/wp-content\\\/uploads\\\/2026\\\/01\\\/WPZ-Logo_white-SVG.svg?wsr\",\"width\":288,\"height\":282,\"caption\":\"Zool\u00f3gico Woodland Park\"},\"image\":{\"@id\":\"https:\\\/\\\/zoo.org\\\/es\\\/#\\\/schema\\\/logo\\\/image\\\/\"}}]}<\/script>\n<!-- \/ Yoast SEO plugin. -->","yoast_head_json":{"title":"-","description":"Los miembros del Zool\u00f3gico Woodland Park disfrutan de descuentos rec\u00edprocos en otros zool\u00f3gicos y acuarios.","robots":{"index":"index","follow":"follow","max-snippet":"max-snippet:-1","max-image-preview":"max-image-preview:large","max-video-preview":"max-video-preview:-1"},"canonical":"https:\/\/zoo.org\/es\/hazte-miembro\/zoologicos-y-acuarios-reciprocos\/","og_locale":"es_ES","og_type":"article","og_title":"-","og_description":"Los miembros del Zool\u00f3gico Woodland Park disfrutan de descuentos rec\u00edprocos en otros zool\u00f3gicos y acuarios.","og_url":"https:\/\/zoo.org\/es\/hazte-miembro\/zoologicos-y-acuarios-reciprocos\/","og_site_name":"Zool\u00f3gico Woodland Park","article_modified_time":"2026-01-05T23:02:11+00:00","og_image":[{"width":940,"height":627,"url":"https:\/\/zoo.org\/wp-content\/uploads\/2025\/08\/RS33694_2017_-WPZ-AERIALS-2-web.jpg?wsr","type":"image\/jpeg"}],"twitter_card":"summary_large_image","schema":{"@context":"https:\/\/schema.org","@graph":[{"@type":"WebPage","@id":"https:\/\/zoo.org\/es\/hazte-miembro\/zoologicos-y-acuarios-reciprocos\/","url":"https:\/\/zoo.org\/es\/hazte-miembro\/zoologicos-y-acuarios-reciprocos\/","name":"-","isPartOf":{"@id":"https:\/\/zoo.org\/es\/#website"},"primaryImageOfPage":{"@id":"https:\/\/zoo.org\/es\/hazte-miembro\/zoologicos-y-acuarios-reciprocos\/#primaryimage"},"image":{"@id":"https:\/\/zoo.org\/es\/hazte-miembro\/zoologicos-y-acuarios-reciprocos\/#primaryimage"},"thumbnailUrl":"https:\/\/zoo.org\/wp-content\/uploads\/2025\/08\/RS33694_2017_-WPZ-AERIALS-2-web.jpg?wsr","datePublished":"2025-10-07T22:22:21+00:00","dateModified":"2026-01-05T23:02:11+00:00","description":"Los miembros del Zool\u00f3gico Woodland Park disfrutan de descuentos rec\u00edprocos en otros zool\u00f3gicos y acuarios.","breadcrumb":{"@id":"https:\/\/zoo.org\/es\/hazte-miembro\/zoologicos-y-acuarios-reciprocos\/#breadcrumb"},"inLanguage":"es","potentialAction":[{"@type":"ReadAction","target":["https:\/\/zoo.org\/es\/hazte-miembro\/zoologicos-y-acuarios-reciprocos\/"]}]},{"@type":"ImageObject","inLanguage":"es","@id":"https:\/\/zoo.org\/es\/hazte-miembro\/zoologicos-y-acuarios-reciprocos\/#primaryimage","url":"https:\/\/zoo.org\/wp-content\/uploads\/2025\/08\/RS33694_2017_-WPZ-AERIALS-2-web.jpg?wsr","contentUrl":"https:\/\/zoo.org\/wp-content\/uploads\/2025\/08\/RS33694_2017_-WPZ-AERIALS-2-web.jpg?wsr","width":940,"height":627,"caption":"Vista a\u00e9rea del zool\u00f3gico con densos \u00e1rboles verdes, rodeado de calles y edificios urbanos, con un gran lago y un extenso paisaje urbano en el fondo bajo un cielo despejado."},{"@type":"BreadcrumbList","@id":"https:\/\/zoo.org\/es\/hazte-miembro\/zoologicos-y-acuarios-reciprocos\/#breadcrumb","itemListElement":[{"@type":"ListItem","position":1,"name":"Hogar","item":"https:\/\/zoo.org\/es\/"},{"@type":"ListItem","position":2,"name":"Hazte miembro","item":"https:\/\/zoo.org\/es\/hazte-miembro\/"},{"@type":"ListItem","position":3,"name":"Zool\u00f3gicos y acuarios rec\u00edprocos"}]},{"@type":"WebSite","@id":"https:\/\/zoo.org\/es\/#website","url":"https:\/\/zoo.org\/es\/","name":"Zool\u00f3gico Woodland Park","description":"El Zool\u00f3gico Woodland Park salva la vida silvestre e inspira a todos a hacer de la conservaci\u00f3n una prioridad en sus vidas.","publisher":{"@id":"https:\/\/zoo.org\/es\/#organization"},"potentialAction":[{"@type":"SearchAction","target":{"@type":"EntryPoint","urlTemplate":"https:\/\/zoo.org\/es\/?s={search_term_string}"},"query-input":{"@type":"PropertyValueSpecification","valueRequired":true,"valueName":"search_term_string"}}],"inLanguage":"es"},{"@type":"Organization","@id":"https:\/\/zoo.org\/es\/#organization","name":"Zool\u00f3gico Woodland Park","url":"https:\/\/zoo.org\/es\/","logo":{"@type":"ImageObject","inLanguage":"es","@id":"https:\/\/zoo.org\/es\/#\/schema\/logo\/image\/","url":"https:\/\/zoo.org\/wp-content\/uploads\/2026\/01\/WPZ-Logo_white-SVG.svg?wsr","contentUrl":"https:\/\/zoo.org\/wp-content\/uploads\/2026\/01\/WPZ-Logo_white-SVG.svg?wsr","width":288,"height":282,"caption":"Zool\u00f3gico Woodland Park"},"image":{"@id":"https:\/\/zoo.org\/es\/#\/schema\/logo\/image\/"}}]}},"taxonomy_info":[],"featured_image_src_large":["https:\/\/zoo.org\/wp-content\/uploads\/2025\/08\/RS33694_2017_-WPZ-AERIALS-2-web.jpg?wsr",940,627,false],"author_info":{"display_name":"jloughlin","author_link":"https:\/\/zoo.org\/es\/author\/jloughlin\/"},"comment_info":0,"_links":{"self":[{"href":"https:\/\/zoo.org\/es\/wp-json\/wp\/v2\/pages\/10441","targetHints":{"allow":["GET"]}}],"collection":[{"href":"https:\/\/zoo.org\/es\/wp-json\/wp\/v2\/pages"}],"about":[{"href":"https:\/\/zoo.org\/es\/wp-json\/wp\/v2\/types\/page"}],"author":[{"embeddable":true,"href":"https:\/\/zoo.org\/es\/wp-json\/wp\/v2\/users\/1"}],"replies":[{"embeddable":true,"href":"https:\/\/zoo.org\/es\/wp-json\/wp\/v2\/comments?post=10441"}],"version-history":[{"count":0,"href":"https:\/\/zoo.org\/es\/wp-json\/wp\/v2\/pages\/10441\/revisions"}],"up":[{"embeddable":true,"href":"https:\/\/zoo.org\/es\/wp-json\/wp\/v2\/pages\/10411"}],"wp:featuredmedia":[{"embeddable":true,"href":"https:\/\/zoo.org\/es\/wp-json\/wp\/v2\/media\/10442"}],"wp:attachment":[{"href":"https:\/\/zoo.org\/es\/wp-json\/wp\/v2\/media?parent=10441"}],"curies":[{"name":"wp","href":"https:\/\/api.w.org\/{rel}","templated":true}]}}