{"id":10444,"date":"2025-10-07T15:11:14","date_gmt":"2025-10-07T22:11:14","guid":{"rendered":"https:\/\/zoo.org\/hazte-miembro\/membresias-corporativas\/"},"modified":"2025-12-12T17:41:24","modified_gmt":"2025-12-13T01:41:24","slug":"membresias-corporativas","status":"publish","type":"page","link":"https:\/\/zoo.org\/es\/hazte-miembro\/membresias-corporativas\/","title":{"rendered":"Membres\u00edas corporativas"},"content":{"rendered":"\n<div class=\"wp-block-cover alignfull hero\" style=\"margin-top:0;margin-bottom:0\"><img loading=\"lazy\" decoding=\"async\" width=\"1920\" height=\"400\" class=\"wp-block-cover__image-background wp-image-1062 size-full\" alt=\"\" src=\"https:\/\/zoo.org\/wp-content\/uploads\/2025\/05\/ASCO-Header-Image.jpg\" data-object-fit=\"cover\" srcset=\"https:\/\/zoo.org\/wp-content\/uploads\/2025\/05\/ASCO-Header-Image.jpg 1920w, https:\/\/zoo.org\/wp-content\/uploads\/2025\/05\/ASCO-Header-Image-300x63.jpg 300w, https:\/\/zoo.org\/wp-content\/uploads\/2025\/05\/ASCO-Header-Image-1024x213.jpg 1024w, https:\/\/zoo.org\/wp-content\/uploads\/2025\/05\/ASCO-Header-Image-768x160.jpg 768w, https:\/\/zoo.org\/wp-content\/uploads\/2025\/05\/ASCO-Header-Image-1536x320.jpg 1536w\" sizes=\"auto, (max-width: 1920px) 100vw, 1920px\" \/><span aria-hidden=\"true\" class=\"wp-block-cover__background has-background-dim-0 has-background-dim\" style=\"background-color:#797666\"><\/span><div class=\"wp-block-cover__inner-container is-layout-constrained wp-block-cover-is-layout-constrained\">\n<p class=\"has-text-align-center has-large-font-size\"><\/p>\n<\/div><\/div>\n\n<div class=\"wp-block-group is-layout-constrained wp-block-group-is-layout-constrained\" style=\"margin-top:2em;margin-bottom:3em\">\n<h1 class=\"wp-block-heading has-text-align-center\" style=\"margin-top:0.65em;margin-bottom:0.275em\">MEMBRES\u00cdA CORPORATIVA<\/h1>\n<\/div>\n\n<div class=\"wp-block-group alignfull divider is-layout-constrained wp-block-group-is-layout-constrained\">\n<h2 class=\"wp-block-heading alignfull has-text-align-center\">UNA RECOMPENSA SALVAJE<\/h2>\n<\/div>\n\n<p>Ofrezca a su personal y clientes un a\u00f1o de aventuras salvajes <em>y<\/em> ayude a salvar animales y h\u00e1bitats silvestres. \u00danase al creciente n\u00famero de organizaciones que apoyan nuestra misi\u00f3n y aproveche las fant\u00e1sticas ventajas del zool\u00f3gico, como la entrada gratuita ilimitada. La membres\u00eda corporativa comienza desde tan solo $1,000. \u00a1Consulte los excelentes paquetes de beneficios a continuaci\u00f3n y \u00fanase hoy mismo!  <\/p>\n\n<p>Las membres\u00edas corporativas son pases anuales que pueden usarse para recompensar a empleados, entretener a clientes y conectar con socios comunitarios. Como beneficio econ\u00f3mico para empleados, una visita gratuita al zool\u00f3gico es una excelente manera de recompensar el trabajo duro. Adem\u00e1s, su empresa tambi\u00e9n recibir\u00e1 pases de invitado de un solo uso que puede entregar a sus clientes, proveedores externos o miembros de la junta directiva.  <\/p>\n\n<div class=\"wp-block-group alignfull divider is-layout-constrained wp-block-group-is-layout-constrained\">\n<h2 class=\"wp-block-heading alignfull has-text-align-center\">NIVELES DE MEMBRES\u00cdA<\/h2>\n<\/div>\n\n<div class=\"wp-block-columns is-layout-flex wp-container-core-columns-is-layout-bd8107d2 wp-block-columns-is-layout-flex\" style=\"margin-top:2.5em;margin-bottom:2.5em\">\n<div class=\"wp-block-column has-palette-color-17-background-color has-background is-layout-flow wp-container-core-column-is-layout-492b06a7 wp-block-column-is-layout-flow\" style=\"padding-top:25px;padding-right:25px;padding-bottom:25px;padding-left:25px\">\n<h3 class=\"wp-block-heading\">Asociado<\/h3>\n\n\n\n<h5 class=\"wp-block-heading\" style=\"margin-top:var(--wp--preset--spacing--40);margin-bottom:var(--wp--preset--spacing--40)\">Contribuci\u00f3n anual m\u00ednima de $1,000<\/h5>\n\n\n\n<ul class=\"wp-block-list\">\n<li><strong>Dos tarjetas de membres\u00eda corporativa<\/strong> , cada una de las cuales permite la entrada ilimitada a dos adultos y a los hijos y nietos del empleado (de 18 a\u00f1os o menos) durante un a\u00f1o.<\/li>\n\n\n\n<li><strong>Cinco<\/strong> pases de invitado de un solo uso<\/li>\n\n\n\n<li>Entradas con descuento para WildLanterns, nuestro festival de luces de invierno incre\u00edblemente popular<\/li>\n<\/ul>\n\n\n\n<div class=\"wp-block-buttons is-content-justification-center is-layout-flex wp-container-core-buttons-is-layout-ba9ea59f wp-block-buttons-is-layout-flex\" style=\"margin-top:var(--wp--preset--spacing--60)\">\n<div class=\"wp-block-button\"><a class=\"wp-block-button__link wp-element-button\" href=\"https:\/\/tickets.zoo.org\/events\/e6cc5012-d1e3-6c8e-253b-e1273f51105b?tg=1cb768c5-c35a-e022-9c19-ba9e101e0b6a&amp;_gl=1*1pvreon*_gcl_au*OTAxMDA5NDIuMTc1MjU5NTk2Nw..\" target=\"_blank\" rel=\"noreferrer noopener\">\u00daNETE O RENUEVA<\/a><\/div>\n<\/div>\n<\/div>\n\n\n\n<div class=\"wp-block-column has-palette-color-17-background-color has-background is-layout-flow wp-container-core-column-is-layout-492b06a7 wp-block-column-is-layout-flow\" style=\"padding-top:25px;padding-right:25px;padding-bottom:25px;padding-left:25px\">\n<h3 class=\"wp-block-heading\">Pareja<\/h3>\n\n\n\n<h5 class=\"wp-block-heading\" style=\"margin-top:var(--wp--preset--spacing--40);margin-bottom:var(--wp--preset--spacing--40)\">Contribuci\u00f3n anual m\u00ednima de $1,500<\/h5>\n\n\n\n<ul class=\"wp-block-list\">\n<li><strong>Cuatro tarjetas de membres\u00eda corporativa<\/strong> , cada una de las cuales permite la entrada ilimitada a dos adultos y a los hijos y nietos del empleado (de 18 a\u00f1os o menos) durante un a\u00f1o.<\/li>\n\n\n\n<li><strong>Diez<\/strong> pases de invitado de un solo uso<\/li>\n\n\n\n<li>Entradas con descuento para WildLanterns, nuestro festival de luces de invierno incre\u00edblemente popular<\/li>\n<\/ul>\n\n\n\n<div class=\"wp-block-buttons is-content-justification-center is-layout-flex wp-container-core-buttons-is-layout-ba9ea59f wp-block-buttons-is-layout-flex\" style=\"margin-top:var(--wp--preset--spacing--60)\">\n<div class=\"wp-block-button\"><a class=\"wp-block-button__link wp-element-button\" href=\"https:\/\/tickets.zoo.org\/events\/e6cc5012-d1e3-6c8e-253b-e1273f51105b?tg=41449675-6f16-a5d6-72d8-f5c9c63ecab8&amp;_gl=1*1pvreon*_gcl_au*OTAxMDA5NDIuMTc1MjU5NTk2Nw..\" target=\"_blank\" rel=\"noreferrer noopener\">\u00daNETE O RENUEVA<\/a><\/div>\n<\/div>\n<\/div>\n<\/div>\n\n<div class=\"wp-block-columns is-layout-flex wp-container-core-columns-is-layout-bd8107d2 wp-block-columns-is-layout-flex\" style=\"margin-top:2.5em;margin-bottom:2.5em\">\n<div class=\"wp-block-column has-palette-color-17-background-color has-background is-layout-flow wp-container-core-column-is-layout-492b06a7 wp-block-column-is-layout-flow\" style=\"padding-top:25px;padding-right:25px;padding-bottom:25px;padding-left:25px\">\n<h3 class=\"wp-block-heading\">Benefactor<\/h3>\n\n\n\n<h5 class=\"wp-block-heading\" style=\"margin-top:var(--wp--preset--spacing--40);margin-bottom:var(--wp--preset--spacing--40)\">Contribuci\u00f3n anual m\u00ednima de $2,500<\/h5>\n\n\n\n<ul class=\"wp-block-list\">\n<li><strong>Seis tarjetas de membres\u00eda corporativa<\/strong> , cada una de las cuales permite la entrada ilimitada a dos adultos y a los hijos y nietos del empleado (de 18 a\u00f1os o menos) durante un a\u00f1o.<\/li>\n\n\n\n<li><strong>Quince<\/strong> pases de invitado de un solo uso<\/li>\n\n\n\n<li>Entradas con descuento para WildLanterns, nuestro festival de luces de invierno incre\u00edblemente popular<\/li>\n\n\n\n<li><strong>Una membres\u00eda familiar de Conservation Partner<\/strong> (una membres\u00eda no transferible para una persona o familia espec\u00edfica, incluye beneficios adicionales)<\/li>\n\n\n\n<li>(\u00a1NUEVO!) $10 de descuento en membres\u00edas individuales para los empleados de su empresa<\/li>\n<\/ul>\n\n\n\n<div class=\"wp-block-buttons is-content-justification-center is-layout-flex wp-container-core-buttons-is-layout-ba9ea59f wp-block-buttons-is-layout-flex\" style=\"margin-top:var(--wp--preset--spacing--60)\">\n<div class=\"wp-block-button\"><a class=\"wp-block-button__link wp-element-button\" href=\"https:\/\/tickets.zoo.org\/events\/e6cc5012-d1e3-6c8e-253b-e1273f51105b?tg=b15d6ad2-a4a4-12f1-c716-e8f223e484d9&amp;_gl=1*1pvreon*_gcl_au*OTAxMDA5NDIuMTc1MjU5NTk2Nw..\" target=\"_blank\" rel=\"noreferrer noopener\">\u00daNETE O RENUEVA<\/a><\/div>\n<\/div>\n<\/div>\n\n\n\n<div class=\"wp-block-column has-palette-color-17-background-color has-background is-layout-flow wp-container-core-column-is-layout-492b06a7 wp-block-column-is-layout-flow\" style=\"padding-top:25px;padding-right:25px;padding-bottom:25px;padding-left:25px\">\n<h3 class=\"wp-block-heading\">Embajador<\/h3>\n\n\n\n<h5 class=\"wp-block-heading\" style=\"margin-top:var(--wp--preset--spacing--40);margin-bottom:var(--wp--preset--spacing--40)\">Contribuci\u00f3n anual m\u00ednima de $5,000<\/h5>\n\n\n\n<ul class=\"wp-block-list\">\n<li><strong>Ocho tarjetas de membres\u00eda corporativa<\/strong> , cada una de las cuales permite la entrada ilimitada a dos adultos y a los hijos y nietos del empleado (de 18 a\u00f1os o menos) durante un a\u00f1o.<\/li>\n\n\n\n<li><strong>Veinte<\/strong> pases de invitado de un solo uso<\/li>\n\n\n\n<li>Entradas con descuento para WildLanterns, nuestro festival de luces de invierno incre\u00edblemente popular<\/li>\n\n\n\n<li><strong>Dos membres\u00edas familiares de Conservation Partner<\/strong> (membres\u00edas no transferibles para personas o familias espec\u00edficas, incluyen beneficios adicionales)<\/li>\n\n\n\n<li>(\u00a1NUEVO!) $10 de descuento en membres\u00edas individuales para los empleados de su empresa<\/li>\n\n\n\n<li>(\u00a1NUEVO!) \u00a1Planifique un evento de servicio voluntario corporativo en el zool\u00f3gico! <br\/><em>Su evento de servicio para hasta 20 voluntarios ser\u00e1 priorizado entre docenas solicitadas anualmente.<\/em><\/li>\n<\/ul>\n\n\n\n<div class=\"wp-block-buttons is-content-justification-center is-layout-flex wp-container-core-buttons-is-layout-ba9ea59f wp-block-buttons-is-layout-flex\" style=\"margin-top:var(--wp--preset--spacing--60)\">\n<div class=\"wp-block-button\"><a class=\"wp-block-button__link wp-element-button\" href=\"https:\/\/tickets.zoo.org\/events\/e6cc5012-d1e3-6c8e-253b-e1273f51105b?tg=5822fe9f-5fba-921a-c965-1d7008ff2d26&amp;_gl=1*1pvreon*_gcl_au*OTAxMDA5NDIuMTc1MjU5NTk2Nw..\" target=\"_blank\" rel=\"noreferrer noopener\">\u00daNETE O RENUEVA<\/a><\/div>\n<\/div>\n<\/div>\n<\/div>\n\n<div class=\"wp-block-group alignfull divider is-layout-constrained wp-block-group-is-layout-constrained\">\n<h2 class=\"wp-block-heading alignfull has-text-align-center\">PREGUNTAS FRECUENTES<\/h2>\n<\/div>\n\n<h4 class=\"wp-block-heading\">\u00bfC\u00f3mo funcionan las tarjetas de membres\u00eda corporativa?<\/h4>\n\n<p>Cada nivel de membres\u00eda corporativa incluye una cantidad determinada de tarjetas que se pueden usar una vez al d\u00eda. Cada tarjeta cubre a dos adultos y a los hijos\/nietos de los empleados menores de 18 a\u00f1os. Para ingresar al zool\u00f3gico, traiga su tarjeta de membres\u00eda (o una copia escaneada) a cualquiera de las entradas.  <\/p>\n\n<h4 class=\"wp-block-heading\">\u00bfC\u00f3mo inicio sesi\u00f3n en nuestra cuenta de membres\u00eda corporativa en l\u00ednea?<\/h4>\n\n<p>Las cuentas en l\u00ednea para su membres\u00eda corporativa se crean autom\u00e1ticamente al registrarse. Para iniciar sesi\u00f3n, necesitar\u00e1 la direcci\u00f3n de correo electr\u00f3nico principal y el n\u00famero de membres\u00eda asociado a la cuenta. Si no encuentra esta informaci\u00f3n, env\u00ede un correo electr\u00f3nico a <a href=\"mailto:membership@zoo.org\">membership@zoo.org<\/a> .  <\/p>\n\n<h4 class=\"wp-block-heading\">\u00bfC\u00f3mo organizo un evento de voluntariado corporativo para mi organizaci\u00f3n?<\/h4>\n\n<p>Env\u00ede un correo electr\u00f3nico <a href=\"mailto:CorpEngagement@zoo.org\">a CorpEngagement@zoo.org<\/a> . Nuestro personal colaborar\u00e1 con usted para identificar una fecha y un proyecto que beneficie la misi\u00f3n del zool\u00f3gico y las necesidades de participaci\u00f3n de sus empleados. Se da prioridad a los miembros corporativos Embajadores. Los eventos de voluntariado deben planificarse con al menos seis semanas de anticipaci\u00f3n y dependen de la necesidad de personal del zool\u00f3gico.   <\/p>\n\n<h4 class=\"wp-block-heading\">\u00bfCu\u00e1les son algunos ejemplos de eventos de servicio voluntario en Woodland Park Zoo?<\/h4>\n\n<p>Los eventos de voluntariado corporativo est\u00e1n abiertos a adultos mayores de 18 a\u00f1os para ayudar al personal del zool\u00f3gico. Los proyectos t\u00edpicos incluyen asistencia en horticultura, cuidado de jardines que nutren y enriquecen a los animales del zool\u00f3gico, ayuda con las necesidades de paisajismo y cuidado de violetas en nuestro invernadero para apoyar el programa de repoblaci\u00f3n de la mariposa mancha plateada de Oreg\u00f3n; organizaci\u00f3n de eventos grandes y colaboraci\u00f3n con nuestro equipo de sostenibilidad para apoyar nuestros programas de compostaje y reciclaje de Zoo Doo. Los voluntarios tienen entrada gratuita el d\u00eda de su evento y los proyectos de servicio suelen durar de dos a tres horas. Para m\u00e1s informaci\u00f3n, escriba a <a href=\"mailto:CorpEngagement@zoo.org\">CorpEngagement@zoo.org<\/a> .   <\/p>\n","protected":false},"excerpt":{"rendered":"<p>MEMBRES\u00cdA CORPORATIVA UNA RECOMPENSA SALVAJE Ofrezca a su personal y clientes un a\u00f1o de aventuras salvajes y ayude a salvar animales y h\u00e1bitats silvestres. \u00danase al creciente n\u00famero de organizaciones [&hellip;]<\/p>\n","protected":false},"author":1,"featured_media":10442,"parent":10411,"menu_order":0,"comment_status":"closed","ping_status":"closed","template":"","meta":{"_acf_changed":false,"_kad_blocks_custom_css":"","_kad_blocks_head_custom_js":"","_kad_blocks_body_custom_js":"","_kad_blocks_footer_custom_js":"","footnotes":""},"class_list":["post-10444","page","type-page","status-publish","has-post-thumbnail","hentry"],"blocksy_meta":[],"acf":[],"yoast_head":"<!-- This site is optimized with the Yoast SEO plugin v27.4 - https:\/\/yoast.com\/product\/yoast-seo-wordpress\/ -->\n<title>-<\/title>\n<meta name=\"description\" content=\"Hazte socio corporativo del Zool\u00f3gico Woodland Park. Recompensa a tu personal, clientes, proveedores y a la junta directiva con una aventura salvaje.\" \/>\n<meta name=\"robots\" content=\"index, follow, max-snippet:-1, max-image-preview:large, max-video-preview:-1\" \/>\n<link rel=\"canonical\" href=\"https:\/\/zoo.org\/es\/hazte-miembro\/membresias-corporativas\/\" \/>\n<meta property=\"og:locale\" content=\"es_ES\" \/>\n<meta property=\"og:type\" content=\"article\" \/>\n<meta property=\"og:title\" content=\"-\" \/>\n<meta property=\"og:description\" content=\"Hazte socio corporativo del Zool\u00f3gico Woodland Park. Recompensa a tu personal, clientes, proveedores y a la junta directiva con una aventura salvaje.\" \/>\n<meta property=\"og:url\" content=\"https:\/\/zoo.org\/es\/hazte-miembro\/membresias-corporativas\/\" \/>\n<meta property=\"og:site_name\" content=\"Zool\u00f3gico Woodland Park\" \/>\n<meta property=\"article:modified_time\" content=\"2025-12-13T01:41:24+00:00\" \/>\n<meta property=\"og:image\" content=\"https:\/\/zoo.org\/wp-content\/uploads\/2025\/08\/RS33694_2017_-WPZ-AERIALS-2-web.jpg\" \/>\n\t<meta property=\"og:image:width\" content=\"940\" \/>\n\t<meta property=\"og:image:height\" content=\"627\" \/>\n\t<meta property=\"og:image:type\" content=\"image\/jpeg\" \/>\n<meta name=\"twitter:card\" content=\"summary_large_image\" \/>\n<script type=\"application\/ld+json\" class=\"yoast-schema-graph\">{\"@context\":\"https:\\\/\\\/schema.org\",\"@graph\":[{\"@type\":\"WebPage\",\"@id\":\"https:\\\/\\\/zoo.org\\\/es\\\/hazte-miembro\\\/membresias-corporativas\\\/\",\"url\":\"https:\\\/\\\/zoo.org\\\/es\\\/hazte-miembro\\\/membresias-corporativas\\\/\",\"name\":\"-\",\"isPartOf\":{\"@id\":\"https:\\\/\\\/zoo.org\\\/es\\\/#website\"},\"primaryImageOfPage\":{\"@id\":\"https:\\\/\\\/zoo.org\\\/es\\\/hazte-miembro\\\/membresias-corporativas\\\/#primaryimage\"},\"image\":{\"@id\":\"https:\\\/\\\/zoo.org\\\/es\\\/hazte-miembro\\\/membresias-corporativas\\\/#primaryimage\"},\"thumbnailUrl\":\"https:\\\/\\\/zoo.org\\\/wp-content\\\/uploads\\\/2025\\\/08\\\/RS33694_2017_-WPZ-AERIALS-2-web.jpg?wsr\",\"datePublished\":\"2025-10-07T22:11:14+00:00\",\"dateModified\":\"2025-12-13T01:41:24+00:00\",\"description\":\"Hazte socio corporativo del Zool\u00f3gico Woodland Park. Recompensa a tu personal, clientes, proveedores y a la junta directiva con una aventura salvaje.\",\"breadcrumb\":{\"@id\":\"https:\\\/\\\/zoo.org\\\/es\\\/hazte-miembro\\\/membresias-corporativas\\\/#breadcrumb\"},\"inLanguage\":\"es\",\"potentialAction\":[{\"@type\":\"ReadAction\",\"target\":[\"https:\\\/\\\/zoo.org\\\/es\\\/hazte-miembro\\\/membresias-corporativas\\\/\"]}]},{\"@type\":\"ImageObject\",\"inLanguage\":\"es\",\"@id\":\"https:\\\/\\\/zoo.org\\\/es\\\/hazte-miembro\\\/membresias-corporativas\\\/#primaryimage\",\"url\":\"https:\\\/\\\/zoo.org\\\/wp-content\\\/uploads\\\/2025\\\/08\\\/RS33694_2017_-WPZ-AERIALS-2-web.jpg?wsr\",\"contentUrl\":\"https:\\\/\\\/zoo.org\\\/wp-content\\\/uploads\\\/2025\\\/08\\\/RS33694_2017_-WPZ-AERIALS-2-web.jpg?wsr\",\"width\":940,\"height\":627,\"caption\":\"Vista a\u00e9rea del zool\u00f3gico con densos \u00e1rboles verdes, rodeado de calles y edificios urbanos, con un gran lago y un extenso paisaje urbano en el fondo bajo un cielo despejado.\"},{\"@type\":\"BreadcrumbList\",\"@id\":\"https:\\\/\\\/zoo.org\\\/es\\\/hazte-miembro\\\/membresias-corporativas\\\/#breadcrumb\",\"itemListElement\":[{\"@type\":\"ListItem\",\"position\":1,\"name\":\"Hogar\",\"item\":\"https:\\\/\\\/zoo.org\\\/es\\\/\"},{\"@type\":\"ListItem\",\"position\":2,\"name\":\"Hazte miembro\",\"item\":\"https:\\\/\\\/zoo.org\\\/es\\\/hazte-miembro\\\/\"},{\"@type\":\"ListItem\",\"position\":3,\"name\":\"Membres\u00edas corporativas\"}]},{\"@type\":\"WebSite\",\"@id\":\"https:\\\/\\\/zoo.org\\\/es\\\/#website\",\"url\":\"https:\\\/\\\/zoo.org\\\/es\\\/\",\"name\":\"Zool\u00f3gico Woodland Park\",\"description\":\"El Zool\u00f3gico Woodland Park salva la vida silvestre e inspira a todos a hacer de la conservaci\u00f3n una prioridad en sus vidas.\",\"publisher\":{\"@id\":\"https:\\\/\\\/zoo.org\\\/es\\\/#organization\"},\"potentialAction\":[{\"@type\":\"SearchAction\",\"target\":{\"@type\":\"EntryPoint\",\"urlTemplate\":\"https:\\\/\\\/zoo.org\\\/es\\\/?s={search_term_string}\"},\"query-input\":{\"@type\":\"PropertyValueSpecification\",\"valueRequired\":true,\"valueName\":\"search_term_string\"}}],\"inLanguage\":\"es\"},{\"@type\":\"Organization\",\"@id\":\"https:\\\/\\\/zoo.org\\\/es\\\/#organization\",\"name\":\"Zool\u00f3gico Woodland Park\",\"url\":\"https:\\\/\\\/zoo.org\\\/es\\\/\",\"logo\":{\"@type\":\"ImageObject\",\"inLanguage\":\"es\",\"@id\":\"https:\\\/\\\/zoo.org\\\/es\\\/#\\\/schema\\\/logo\\\/image\\\/\",\"url\":\"https:\\\/\\\/zoo.org\\\/wp-content\\\/uploads\\\/2026\\\/01\\\/WPZ-Logo_white-SVG.svg?wsr\",\"contentUrl\":\"https:\\\/\\\/zoo.org\\\/wp-content\\\/uploads\\\/2026\\\/01\\\/WPZ-Logo_white-SVG.svg?wsr\",\"width\":288,\"height\":282,\"caption\":\"Zool\u00f3gico Woodland Park\"},\"image\":{\"@id\":\"https:\\\/\\\/zoo.org\\\/es\\\/#\\\/schema\\\/logo\\\/image\\\/\"}}]}<\/script>\n<!-- \/ Yoast SEO plugin. -->","yoast_head_json":{"title":"-","description":"Hazte socio corporativo del Zool\u00f3gico Woodland Park. Recompensa a tu personal, clientes, proveedores y a la junta directiva con una aventura salvaje.","robots":{"index":"index","follow":"follow","max-snippet":"max-snippet:-1","max-image-preview":"max-image-preview:large","max-video-preview":"max-video-preview:-1"},"canonical":"https:\/\/zoo.org\/es\/hazte-miembro\/membresias-corporativas\/","og_locale":"es_ES","og_type":"article","og_title":"-","og_description":"Hazte socio corporativo del Zool\u00f3gico Woodland Park. Recompensa a tu personal, clientes, proveedores y a la junta directiva con una aventura salvaje.","og_url":"https:\/\/zoo.org\/es\/hazte-miembro\/membresias-corporativas\/","og_site_name":"Zool\u00f3gico Woodland Park","article_modified_time":"2025-12-13T01:41:24+00:00","og_image":[{"width":940,"height":627,"url":"https:\/\/zoo.org\/wp-content\/uploads\/2025\/08\/RS33694_2017_-WPZ-AERIALS-2-web.jpg","type":"image\/jpeg"}],"twitter_card":"summary_large_image","schema":{"@context":"https:\/\/schema.org","@graph":[{"@type":"WebPage","@id":"https:\/\/zoo.org\/es\/hazte-miembro\/membresias-corporativas\/","url":"https:\/\/zoo.org\/es\/hazte-miembro\/membresias-corporativas\/","name":"-","isPartOf":{"@id":"https:\/\/zoo.org\/es\/#website"},"primaryImageOfPage":{"@id":"https:\/\/zoo.org\/es\/hazte-miembro\/membresias-corporativas\/#primaryimage"},"image":{"@id":"https:\/\/zoo.org\/es\/hazte-miembro\/membresias-corporativas\/#primaryimage"},"thumbnailUrl":"https:\/\/zoo.org\/wp-content\/uploads\/2025\/08\/RS33694_2017_-WPZ-AERIALS-2-web.jpg?wsr","datePublished":"2025-10-07T22:11:14+00:00","dateModified":"2025-12-13T01:41:24+00:00","description":"Hazte socio corporativo del Zool\u00f3gico Woodland Park. Recompensa a tu personal, clientes, proveedores y a la junta directiva con una aventura salvaje.","breadcrumb":{"@id":"https:\/\/zoo.org\/es\/hazte-miembro\/membresias-corporativas\/#breadcrumb"},"inLanguage":"es","potentialAction":[{"@type":"ReadAction","target":["https:\/\/zoo.org\/es\/hazte-miembro\/membresias-corporativas\/"]}]},{"@type":"ImageObject","inLanguage":"es","@id":"https:\/\/zoo.org\/es\/hazte-miembro\/membresias-corporativas\/#primaryimage","url":"https:\/\/zoo.org\/wp-content\/uploads\/2025\/08\/RS33694_2017_-WPZ-AERIALS-2-web.jpg?wsr","contentUrl":"https:\/\/zoo.org\/wp-content\/uploads\/2025\/08\/RS33694_2017_-WPZ-AERIALS-2-web.jpg?wsr","width":940,"height":627,"caption":"Vista a\u00e9rea del zool\u00f3gico con densos \u00e1rboles verdes, rodeado de calles y edificios urbanos, con un gran lago y un extenso paisaje urbano en el fondo bajo un cielo despejado."},{"@type":"BreadcrumbList","@id":"https:\/\/zoo.org\/es\/hazte-miembro\/membresias-corporativas\/#breadcrumb","itemListElement":[{"@type":"ListItem","position":1,"name":"Hogar","item":"https:\/\/zoo.org\/es\/"},{"@type":"ListItem","position":2,"name":"Hazte miembro","item":"https:\/\/zoo.org\/es\/hazte-miembro\/"},{"@type":"ListItem","position":3,"name":"Membres\u00edas corporativas"}]},{"@type":"WebSite","@id":"https:\/\/zoo.org\/es\/#website","url":"https:\/\/zoo.org\/es\/","name":"Zool\u00f3gico Woodland Park","description":"El Zool\u00f3gico Woodland Park salva la vida silvestre e inspira a todos a hacer de la conservaci\u00f3n una prioridad en sus vidas.","publisher":{"@id":"https:\/\/zoo.org\/es\/#organization"},"potentialAction":[{"@type":"SearchAction","target":{"@type":"EntryPoint","urlTemplate":"https:\/\/zoo.org\/es\/?s={search_term_string}"},"query-input":{"@type":"PropertyValueSpecification","valueRequired":true,"valueName":"search_term_string"}}],"inLanguage":"es"},{"@type":"Organization","@id":"https:\/\/zoo.org\/es\/#organization","name":"Zool\u00f3gico Woodland Park","url":"https:\/\/zoo.org\/es\/","logo":{"@type":"ImageObject","inLanguage":"es","@id":"https:\/\/zoo.org\/es\/#\/schema\/logo\/image\/","url":"https:\/\/zoo.org\/wp-content\/uploads\/2026\/01\/WPZ-Logo_white-SVG.svg?wsr","contentUrl":"https:\/\/zoo.org\/wp-content\/uploads\/2026\/01\/WPZ-Logo_white-SVG.svg?wsr","width":288,"height":282,"caption":"Zool\u00f3gico Woodland Park"},"image":{"@id":"https:\/\/zoo.org\/es\/#\/schema\/logo\/image\/"}}]}},"taxonomy_info":[],"featured_image_src_large":["https:\/\/zoo.org\/wp-content\/uploads\/2025\/08\/RS33694_2017_-WPZ-AERIALS-2-web.jpg?wsr",940,627,false],"author_info":{"display_name":"jloughlin","author_link":"https:\/\/zoo.org\/es\/author\/jloughlin\/"},"comment_info":0,"_links":{"self":[{"href":"https:\/\/zoo.org\/es\/wp-json\/wp\/v2\/pages\/10444","targetHints":{"allow":["GET"]}}],"collection":[{"href":"https:\/\/zoo.org\/es\/wp-json\/wp\/v2\/pages"}],"about":[{"href":"https:\/\/zoo.org\/es\/wp-json\/wp\/v2\/types\/page"}],"author":[{"embeddable":true,"href":"https:\/\/zoo.org\/es\/wp-json\/wp\/v2\/users\/1"}],"replies":[{"embeddable":true,"href":"https:\/\/zoo.org\/es\/wp-json\/wp\/v2\/comments?post=10444"}],"version-history":[{"count":0,"href":"https:\/\/zoo.org\/es\/wp-json\/wp\/v2\/pages\/10444\/revisions"}],"up":[{"embeddable":true,"href":"https:\/\/zoo.org\/es\/wp-json\/wp\/v2\/pages\/10411"}],"wp:featuredmedia":[{"embeddable":true,"href":"https:\/\/zoo.org\/es\/wp-json\/wp\/v2\/media\/10442"}],"wp:attachment":[{"href":"https:\/\/zoo.org\/es\/wp-json\/wp\/v2\/media?parent=10444"}],"curies":[{"name":"wp","href":"https:\/\/api.w.org\/{rel}","templated":true}]}}