{"id":10494,"date":"2026-02-01T00:01:00","date_gmt":"2026-02-01T08:01:00","guid":{"rendered":"https:\/\/zoo.org\/adopta-un-animal\/especial-para-padres-de-zoo\/"},"modified":"2026-03-02T09:16:57","modified_gmt":"2026-03-02T17:16:57","slug":"especial-para-padres-de-zoo","status":"publish","type":"page","link":"https:\/\/zoo.org\/es\/adopta-un-animal\/especial-para-padres-de-zoo\/","title":{"rendered":"Especial para padres de Zoo"},"content":{"rendered":"\n<div class=\"wp-block-cover alignfull is-light hero\" style=\"margin-top:0;margin-bottom:0\"><img loading=\"lazy\" decoding=\"async\" width=\"1920\" height=\"400\" class=\"wp-block-cover__image-background wp-image-3496 size-full\" alt=\"\" src=\"https:\/\/zoo.org\/wp-content\/uploads\/2025\/08\/ZooParent-Header-Image-2.jpg\" data-object-fit=\"cover\" srcset=\"https:\/\/zoo.org\/wp-content\/uploads\/2025\/08\/ZooParent-Header-Image-2.jpg 1920w, https:\/\/zoo.org\/wp-content\/uploads\/2025\/08\/ZooParent-Header-Image-2-300x63.jpg 300w, https:\/\/zoo.org\/wp-content\/uploads\/2025\/08\/ZooParent-Header-Image-2-1024x213.jpg 1024w, https:\/\/zoo.org\/wp-content\/uploads\/2025\/08\/ZooParent-Header-Image-2-768x160.jpg 768w, https:\/\/zoo.org\/wp-content\/uploads\/2025\/08\/ZooParent-Header-Image-2-1536x320.jpg 1536w\" sizes=\"auto, (max-width: 1920px) 100vw, 1920px\" \/><span aria-hidden=\"true\" class=\"wp-block-cover__background has-background-dim-0 has-background-dim\" style=\"background-color:#cd9468\"><\/span><div class=\"wp-block-cover__inner-container is-layout-constrained wp-block-cover-is-layout-constrained\">\n<p class=\"has-text-align-center has-large-font-size\"><\/p>\n<\/div><\/div>\n\n<div class=\"wp-block-group is-layout-constrained wp-block-group-is-layout-constrained\" style=\"margin-top:2em;margin-bottom:3em\">\n<h1 class=\"wp-block-heading has-text-align-center\" style=\"margin-top:0.65em;margin-bottom:0.275em\">PADRE DE ZOO<\/h1>\n\n\n\n<p class=\"has-text-align-center has-palette-color-3-color has-text-color has-link-color wp-elements-4d1d19e506294a089458c03c52540966\" style=\"margin-bottom:1em;font-size:clamp(0.984em, 0.984rem + ((1vw - 0.2em) * 0.645), 1.5em);font-style:normal;font-weight:500;line-height:1.5\"><strong>Adopta un animal y muestra tu apoyo a la vida silvestre.<\/strong><\/p>\n<\/div>\n\n<div class=\"wp-block-group alignfull divider is-layout-constrained wp-block-group-is-layout-constrained\">\n<h2 class=\"wp-block-heading alignfull has-text-align-center\">COMIENZA TU ADOPCI\u00d3N<\/h2>\n<\/div>\n\n<h3 class=\"wp-block-heading\">Oferta especial de adopci\u00f3n de leones | $75<\/h3>\n\n<h4 class=\"wp-block-heading\">Disponible hasta el 30 de abril de 2026<\/h4>\n\n<p>Demuestra tu amor por los leones esta primavera con nuestra promoci\u00f3n de adopci\u00f3n de leones de ZooParent. Tu adopci\u00f3n tambi\u00e9n ayuda a los animales del zool\u00f3gico y de todo el mundo. <\/p>\n<style>.kb-row-layout-wrap.wp-block-kadence-rowlayout.kb-row-layout-id6027_ad182c-49{margin-top:var(--global-kb-spacing-md, 2rem);margin-bottom:var(--global-kb-spacing-md, 2rem);}.kb-row-layout-id6027_ad182c-49 > .kt-row-column-wrap{align-content:start;}:where(.kb-row-layout-id6027_ad182c-49 > .kt-row-column-wrap) > .wp-block-kadence-column{justify-content:start;}.kb-row-layout-id6027_ad182c-49 > .kt-row-column-wrap{column-gap:var(--global-kb-gap-md, 2rem);row-gap:var(--global-kb-gap-md, 2rem);padding-top:0px;padding-right:0px;padding-bottom:0px;padding-left:0px;grid-template-columns:minmax(0, 1fr) minmax(0, 2fr);}.kb-row-layout-id6027_ad182c-49 > .kt-row-layout-overlay{opacity:0.30;}@media all and (max-width: 1024px){.kb-row-layout-id6027_ad182c-49 > .kt-row-column-wrap{grid-template-columns:minmax(0, 1fr) minmax(0, 2fr);}}@media all and (max-width: 767px){.kb-row-layout-id6027_ad182c-49 > .kt-row-column-wrap{grid-template-columns:minmax(0, 1fr);}}<\/style><div class=\"kb-row-layout-wrap kb-row-layout-id6027_ad182c-49 alignnone wp-block-kadence-rowlayout\"><div class=\"kt-row-column-wrap kt-has-2-columns kt-row-layout-right-golden kt-tab-layout-inherit kt-mobile-layout-row kt-row-valign-top\">\n<style>.kadence-column6027_13bc16-e7 > .kt-inside-inner-col,.kadence-column6027_13bc16-e7 > .kt-inside-inner-col:before{border-top-left-radius:0px;border-top-right-radius:0px;border-bottom-right-radius:0px;border-bottom-left-radius:0px;}.kadence-column6027_13bc16-e7 > .kt-inside-inner-col{column-gap:var(--global-kb-gap-sm, 1rem);}.kadence-column6027_13bc16-e7 > .kt-inside-inner-col{flex-direction:column;}.kadence-column6027_13bc16-e7 > .kt-inside-inner-col > .aligncenter{width:100%;}.kadence-column6027_13bc16-e7 > .kt-inside-inner-col:before{opacity:0.3;}.kadence-column6027_13bc16-e7{position:relative;}@media all and (max-width: 1024px){.kadence-column6027_13bc16-e7 > .kt-inside-inner-col{flex-direction:column;justify-content:center;}}@media all and (max-width: 767px){.kadence-column6027_13bc16-e7 > .kt-inside-inner-col{flex-direction:column;justify-content:center;}}<\/style>\n<div class=\"wp-block-kadence-column kadence-column6027_13bc16-e7\"><div class=\"kt-inside-inner-col\"><style>.kb-image6027_ea9d13-ef .kb-image-has-overlay:after{opacity:0.3;}<\/style>\n<figure class=\"wp-block-kadence-image kb-image6027_ea9d13-ef size-full\"><img loading=\"lazy\" decoding=\"async\" width=\"800\" height=\"533\" src=\"https:\/\/zoo.org\/wp-content\/uploads\/2026\/01\/2025-African-lion-Tandie-Ilanga-01449_ohi.jpg\" alt=\"A male lion with a thick mane nuzzles closely with a lioness, both lying on the grass in a natural, dry grassy habitat. The lioness has her eyes closed, appearing calm and affectionate.\" class=\"kb-img wp-image-16972\" srcset=\"https:\/\/zoo.org\/wp-content\/uploads\/2026\/01\/2025-African-lion-Tandie-Ilanga-01449_ohi.jpg 800w, https:\/\/zoo.org\/wp-content\/uploads\/2026\/01\/2025-African-lion-Tandie-Ilanga-01449_ohi-300x200.jpg 300w, https:\/\/zoo.org\/wp-content\/uploads\/2026\/01\/2025-African-lion-Tandie-Ilanga-01449_ohi-150x100.jpg 150w, https:\/\/zoo.org\/wp-content\/uploads\/2026\/01\/2025-African-lion-Tandie-Ilanga-01449_ohi-768x512.jpg 768w\" sizes=\"auto, (max-width: 800px) 100vw, 800px\" \/><\/figure>\n\n\n\n<p><em>(El peluche real puede variar.)<\/em><\/p>\n<\/div><\/div>\n\n\n<style>.kadence-column6027_a15352-ae > .kt-inside-inner-col{display:flex;}.kadence-column6027_a15352-ae > .kt-inside-inner-col,.kadence-column6027_a15352-ae > .kt-inside-inner-col:before{border-top-left-radius:0px;border-top-right-radius:0px;border-bottom-right-radius:0px;border-bottom-left-radius:0px;}.kadence-column6027_a15352-ae > .kt-inside-inner-col{column-gap:var(--global-kb-gap-sm, 1rem);}.kadence-column6027_a15352-ae > .kt-inside-inner-col{flex-direction:column;justify-content:center;}.kadence-column6027_a15352-ae > .kt-inside-inner-col > .aligncenter{width:100%;}.kt-row-column-wrap > .kadence-column6027_a15352-ae{align-self:center;}.kt-inner-column-height-full:not(.kt-has-1-columns) > .wp-block-kadence-column.kadence-column6027_a15352-ae{align-self:auto;}.kt-inner-column-height-full:not(.kt-has-1-columns) > .wp-block-kadence-column.kadence-column6027_a15352-ae > .kt-inside-inner-col{flex-direction:column;justify-content:center;}.kadence-column6027_a15352-ae > .kt-inside-inner-col:before{opacity:0.3;}.kadence-column6027_a15352-ae{position:relative;}@media all and (max-width: 1024px){.kt-row-column-wrap > .kadence-column6027_a15352-ae{align-self:center;}}@media all and (max-width: 1024px){.kt-inner-column-height-full:not(.kt-has-1-columns) > .wp-block-kadence-column.kadence-column6027_a15352-ae{align-self:auto;}}@media all and (max-width: 1024px){.kt-inner-column-height-full:not(.kt-has-1-columns) > .wp-block-kadence-column.kadence-column6027_a15352-ae > .kt-inside-inner-col{flex-direction:column;justify-content:center;}}@media all and (max-width: 1024px){.kadence-column6027_a15352-ae > .kt-inside-inner-col{flex-direction:column;justify-content:center;}}@media all and (max-width: 767px){.kt-row-column-wrap > .kadence-column6027_a15352-ae{align-self:center;}.kt-inner-column-height-full:not(.kt-has-1-columns) > .wp-block-kadence-column.kadence-column6027_a15352-ae{align-self:auto;}.kt-inner-column-height-full:not(.kt-has-1-columns) > .wp-block-kadence-column.kadence-column6027_a15352-ae > .kt-inside-inner-col{flex-direction:column;justify-content:center;}.kadence-column6027_a15352-ae > .kt-inside-inner-col{flex-direction:column;justify-content:center;}}<\/style>\n<div class=\"wp-block-kadence-column kadence-column6027_a15352-ae\"><div class=\"kt-inside-inner-col\">\n<h4 class=\"wp-block-heading\">Su paquete de adopci\u00f3n incluye:<\/h4>\n\n\n\n<ul class=\"wp-block-list\">\n<li>Un le\u00f3n de peluche<\/li>\n\n\n\n<li>Certificado de adopci\u00f3n<\/li>\n\n\n\n<li>Hoja informativa sobre animales<\/li>\n\n\n\n<li>Fotograf\u00eda en color<\/li>\n\n\n\n<li>Adhesivo para ventana de ZooParent<\/li>\n\n\n\n<li>Reconocimiento en l\u00ednea por un a\u00f1o<\/li>\n<\/ul>\n<\/div><\/div>\n\n<\/div><\/div>\n<p>\u00a1O mejore su regalo a $110 y reciba 2 pases de admisi\u00f3n \u00fanicos para venir a ver a los cachorros este verano, y su nombre en el cartel de reconocimiento de ZooParent en las instalaciones del zool\u00f3gico en la primavera de 2027! *<\/p>\n\n<p style=\"margin-bottom:var(--wp--preset--spacing--50)\"><em>*Cartel de reconocimiento actualizado en primavera con los donantes del a\u00f1o calendario anterior.<\/em><\/p>\n\n<center>\n<div id=\"zooparent-special\"><\/div>\n<\/center>\n\n<h3 class=\"wp-block-heading\">Detalles de env\u00edo<\/h3>\n\n<h4 class=\"wp-block-heading\">Tenga en cuenta que los kits de ZooParent solo se pueden enviar por correo dentro de EE. UU. y Canad\u00e1.<\/h4>\n\n<p>Todos los paquetes de ZooParent se env\u00edan dentro de una semana a partir de la fecha del pedido. Dependiendo de la disponibilidad, el peluche real puede variar. Las adopciones de $100 o m\u00e1s no son totalmente deducibles de impuestos: visite <a href=\"https:\/\/zoo.org\/es\/formas-de-donar\/#supportFAQ\">zoo.org\/givingfaq<\/a> para obtener m\u00e1s informaci\u00f3n.<\/p>\n","protected":false},"excerpt":{"rendered":"<p>PADRE DE ZOO Adopta un animal y muestra tu apoyo a la vida silvestre. COMIENZA TU ADOPCI\u00d3N Oferta especial de adopci\u00f3n de leones | $75 Disponible hasta el 30 de [&hellip;]<\/p>\n","protected":false},"author":1,"featured_media":18352,"parent":10466,"menu_order":0,"comment_status":"closed","ping_status":"closed","template":"","meta":{"_acf_changed":false,"_kad_blocks_custom_css":"","_kad_blocks_head_custom_js":"","_kad_blocks_body_custom_js":"","_kad_blocks_footer_custom_js":"","footnotes":""},"class_list":["post-10494","page","type-page","status-publish","has-post-thumbnail","hentry"],"blocksy_meta":[],"acf":[],"yoast_head":"<!-- This site is optimized with the Yoast SEO plugin v27.4 - https:\/\/yoast.com\/product\/yoast-seo-wordpress\/ -->\n<title>-<\/title>\n<meta name=\"description\" content=\"Convi\u00e9rtete en ZooParent y adopta un animal. Es un regalo ideal para los amantes de los animales.\" \/>\n<meta name=\"robots\" content=\"index, follow, max-snippet:-1, max-image-preview:large, max-video-preview:-1\" \/>\n<link rel=\"canonical\" href=\"https:\/\/zoo.org\/es\/adopta-un-animal\/especial-para-padres-de-zoo\/\" \/>\n<meta property=\"og:locale\" content=\"es_ES\" \/>\n<meta property=\"og:type\" content=\"article\" \/>\n<meta property=\"og:title\" content=\"-\" \/>\n<meta property=\"og:description\" content=\"Convi\u00e9rtete en ZooParent y adopta un animal. Es un regalo ideal para los amantes de los animales.\" \/>\n<meta property=\"og:url\" content=\"https:\/\/zoo.org\/es\/adopta-un-animal\/especial-para-padres-de-zoo\/\" \/>\n<meta property=\"og:site_name\" content=\"Zool\u00f3gico Woodland Park\" \/>\n<meta property=\"article:modified_time\" content=\"2026-03-02T17:16:57+00:00\" \/>\n<meta property=\"og:image\" content=\"https:\/\/zoo.org\/wp-content\/uploads\/2025\/11\/DDow_July-27-2015-penguin.jpg?wsr\" \/>\n\t<meta property=\"og:image:width\" content=\"800\" \/>\n\t<meta property=\"og:image:height\" content=\"533\" \/>\n\t<meta property=\"og:image:type\" content=\"image\/jpeg\" \/>\n<meta name=\"twitter:card\" content=\"summary_large_image\" \/>\n<script type=\"application\/ld+json\" class=\"yoast-schema-graph\">{\"@context\":\"https:\\\/\\\/schema.org\",\"@graph\":[{\"@type\":\"WebPage\",\"@id\":\"https:\\\/\\\/zoo.org\\\/es\\\/adopta-un-animal\\\/especial-para-padres-de-zoo\\\/\",\"url\":\"https:\\\/\\\/zoo.org\\\/es\\\/adopta-un-animal\\\/especial-para-padres-de-zoo\\\/\",\"name\":\"-\",\"isPartOf\":{\"@id\":\"https:\\\/\\\/zoo.org\\\/es\\\/#website\"},\"primaryImageOfPage\":{\"@id\":\"https:\\\/\\\/zoo.org\\\/es\\\/adopta-un-animal\\\/especial-para-padres-de-zoo\\\/#primaryimage\"},\"image\":{\"@id\":\"https:\\\/\\\/zoo.org\\\/es\\\/adopta-un-animal\\\/especial-para-padres-de-zoo\\\/#primaryimage\"},\"thumbnailUrl\":\"https:\\\/\\\/zoo.org\\\/wp-content\\\/uploads\\\/2025\\\/11\\\/DDow_July-27-2015-penguin.jpg?wsr\",\"datePublished\":\"2026-02-01T08:01:00+00:00\",\"dateModified\":\"2026-03-02T17:16:57+00:00\",\"description\":\"Convi\u00e9rtete en ZooParent y adopta un animal. Es un regalo ideal para los amantes de los animales.\",\"breadcrumb\":{\"@id\":\"https:\\\/\\\/zoo.org\\\/es\\\/adopta-un-animal\\\/especial-para-padres-de-zoo\\\/#breadcrumb\"},\"inLanguage\":\"es\",\"potentialAction\":[{\"@type\":\"ReadAction\",\"target\":[\"https:\\\/\\\/zoo.org\\\/es\\\/adopta-un-animal\\\/especial-para-padres-de-zoo\\\/\"]}]},{\"@type\":\"ImageObject\",\"inLanguage\":\"es\",\"@id\":\"https:\\\/\\\/zoo.org\\\/es\\\/adopta-un-animal\\\/especial-para-padres-de-zoo\\\/#primaryimage\",\"url\":\"https:\\\/\\\/zoo.org\\\/wp-content\\\/uploads\\\/2025\\\/11\\\/DDow_July-27-2015-penguin.jpg?wsr\",\"contentUrl\":\"https:\\\/\\\/zoo.org\\\/wp-content\\\/uploads\\\/2025\\\/11\\\/DDow_July-27-2015-penguin.jpg?wsr\",\"width\":800,\"height\":533,\"caption\":\"Primer plano de un ping\u00fcino de Humboldt con marcas detalladas en la cara y el pico, mirando ligeramente hacia la izquierda. El fondo est\u00e1 borroso y oscuro, lo que resalta sus rasgos.\"},{\"@type\":\"BreadcrumbList\",\"@id\":\"https:\\\/\\\/zoo.org\\\/es\\\/adopta-un-animal\\\/especial-para-padres-de-zoo\\\/#breadcrumb\",\"itemListElement\":[{\"@type\":\"ListItem\",\"position\":1,\"name\":\"Hogar\",\"item\":\"https:\\\/\\\/zoo.org\\\/es\\\/\"},{\"@type\":\"ListItem\",\"position\":2,\"name\":\"Adopta un animal\",\"item\":\"https:\\\/\\\/zoo.org\\\/es\\\/adopta-un-animal\\\/\"},{\"@type\":\"ListItem\",\"position\":3,\"name\":\"Especial para padres de Zoo\"}]},{\"@type\":\"WebSite\",\"@id\":\"https:\\\/\\\/zoo.org\\\/es\\\/#website\",\"url\":\"https:\\\/\\\/zoo.org\\\/es\\\/\",\"name\":\"Zool\u00f3gico Woodland Park\",\"description\":\"El Zool\u00f3gico Woodland Park salva la vida silvestre e inspira a todos a hacer de la conservaci\u00f3n una prioridad en sus vidas.\",\"publisher\":{\"@id\":\"https:\\\/\\\/zoo.org\\\/es\\\/#organization\"},\"potentialAction\":[{\"@type\":\"SearchAction\",\"target\":{\"@type\":\"EntryPoint\",\"urlTemplate\":\"https:\\\/\\\/zoo.org\\\/es\\\/?s={search_term_string}\"},\"query-input\":{\"@type\":\"PropertyValueSpecification\",\"valueRequired\":true,\"valueName\":\"search_term_string\"}}],\"inLanguage\":\"es\"},{\"@type\":\"Organization\",\"@id\":\"https:\\\/\\\/zoo.org\\\/es\\\/#organization\",\"name\":\"Zool\u00f3gico Woodland Park\",\"url\":\"https:\\\/\\\/zoo.org\\\/es\\\/\",\"logo\":{\"@type\":\"ImageObject\",\"inLanguage\":\"es\",\"@id\":\"https:\\\/\\\/zoo.org\\\/es\\\/#\\\/schema\\\/logo\\\/image\\\/\",\"url\":\"https:\\\/\\\/zoo.org\\\/wp-content\\\/uploads\\\/2026\\\/01\\\/WPZ-Logo_white-SVG.svg?wsr\",\"contentUrl\":\"https:\\\/\\\/zoo.org\\\/wp-content\\\/uploads\\\/2026\\\/01\\\/WPZ-Logo_white-SVG.svg?wsr\",\"width\":288,\"height\":282,\"caption\":\"Zool\u00f3gico Woodland Park\"},\"image\":{\"@id\":\"https:\\\/\\\/zoo.org\\\/es\\\/#\\\/schema\\\/logo\\\/image\\\/\"}}]}<\/script>\n<!-- \/ Yoast SEO plugin. -->","yoast_head_json":{"title":"-","description":"Convi\u00e9rtete en ZooParent y adopta un animal. Es un regalo ideal para los amantes de los animales.","robots":{"index":"index","follow":"follow","max-snippet":"max-snippet:-1","max-image-preview":"max-image-preview:large","max-video-preview":"max-video-preview:-1"},"canonical":"https:\/\/zoo.org\/es\/adopta-un-animal\/especial-para-padres-de-zoo\/","og_locale":"es_ES","og_type":"article","og_title":"-","og_description":"Convi\u00e9rtete en ZooParent y adopta un animal. Es un regalo ideal para los amantes de los animales.","og_url":"https:\/\/zoo.org\/es\/adopta-un-animal\/especial-para-padres-de-zoo\/","og_site_name":"Zool\u00f3gico Woodland Park","article_modified_time":"2026-03-02T17:16:57+00:00","og_image":[{"width":800,"height":533,"url":"https:\/\/zoo.org\/wp-content\/uploads\/2025\/11\/DDow_July-27-2015-penguin.jpg?wsr","type":"image\/jpeg"}],"twitter_card":"summary_large_image","schema":{"@context":"https:\/\/schema.org","@graph":[{"@type":"WebPage","@id":"https:\/\/zoo.org\/es\/adopta-un-animal\/especial-para-padres-de-zoo\/","url":"https:\/\/zoo.org\/es\/adopta-un-animal\/especial-para-padres-de-zoo\/","name":"-","isPartOf":{"@id":"https:\/\/zoo.org\/es\/#website"},"primaryImageOfPage":{"@id":"https:\/\/zoo.org\/es\/adopta-un-animal\/especial-para-padres-de-zoo\/#primaryimage"},"image":{"@id":"https:\/\/zoo.org\/es\/adopta-un-animal\/especial-para-padres-de-zoo\/#primaryimage"},"thumbnailUrl":"https:\/\/zoo.org\/wp-content\/uploads\/2025\/11\/DDow_July-27-2015-penguin.jpg?wsr","datePublished":"2026-02-01T08:01:00+00:00","dateModified":"2026-03-02T17:16:57+00:00","description":"Convi\u00e9rtete en ZooParent y adopta un animal. Es un regalo ideal para los amantes de los animales.","breadcrumb":{"@id":"https:\/\/zoo.org\/es\/adopta-un-animal\/especial-para-padres-de-zoo\/#breadcrumb"},"inLanguage":"es","potentialAction":[{"@type":"ReadAction","target":["https:\/\/zoo.org\/es\/adopta-un-animal\/especial-para-padres-de-zoo\/"]}]},{"@type":"ImageObject","inLanguage":"es","@id":"https:\/\/zoo.org\/es\/adopta-un-animal\/especial-para-padres-de-zoo\/#primaryimage","url":"https:\/\/zoo.org\/wp-content\/uploads\/2025\/11\/DDow_July-27-2015-penguin.jpg?wsr","contentUrl":"https:\/\/zoo.org\/wp-content\/uploads\/2025\/11\/DDow_July-27-2015-penguin.jpg?wsr","width":800,"height":533,"caption":"Primer plano de un ping\u00fcino de Humboldt con marcas detalladas en la cara y el pico, mirando ligeramente hacia la izquierda. El fondo est\u00e1 borroso y oscuro, lo que resalta sus rasgos."},{"@type":"BreadcrumbList","@id":"https:\/\/zoo.org\/es\/adopta-un-animal\/especial-para-padres-de-zoo\/#breadcrumb","itemListElement":[{"@type":"ListItem","position":1,"name":"Hogar","item":"https:\/\/zoo.org\/es\/"},{"@type":"ListItem","position":2,"name":"Adopta un animal","item":"https:\/\/zoo.org\/es\/adopta-un-animal\/"},{"@type":"ListItem","position":3,"name":"Especial para padres de Zoo"}]},{"@type":"WebSite","@id":"https:\/\/zoo.org\/es\/#website","url":"https:\/\/zoo.org\/es\/","name":"Zool\u00f3gico Woodland Park","description":"El Zool\u00f3gico Woodland Park salva la vida silvestre e inspira a todos a hacer de la conservaci\u00f3n una prioridad en sus vidas.","publisher":{"@id":"https:\/\/zoo.org\/es\/#organization"},"potentialAction":[{"@type":"SearchAction","target":{"@type":"EntryPoint","urlTemplate":"https:\/\/zoo.org\/es\/?s={search_term_string}"},"query-input":{"@type":"PropertyValueSpecification","valueRequired":true,"valueName":"search_term_string"}}],"inLanguage":"es"},{"@type":"Organization","@id":"https:\/\/zoo.org\/es\/#organization","name":"Zool\u00f3gico Woodland Park","url":"https:\/\/zoo.org\/es\/","logo":{"@type":"ImageObject","inLanguage":"es","@id":"https:\/\/zoo.org\/es\/#\/schema\/logo\/image\/","url":"https:\/\/zoo.org\/wp-content\/uploads\/2026\/01\/WPZ-Logo_white-SVG.svg?wsr","contentUrl":"https:\/\/zoo.org\/wp-content\/uploads\/2026\/01\/WPZ-Logo_white-SVG.svg?wsr","width":288,"height":282,"caption":"Zool\u00f3gico Woodland Park"},"image":{"@id":"https:\/\/zoo.org\/es\/#\/schema\/logo\/image\/"}}]}},"taxonomy_info":[],"featured_image_src_large":["https:\/\/zoo.org\/wp-content\/uploads\/2025\/11\/DDow_July-27-2015-penguin.jpg?wsr",800,533,false],"author_info":{"display_name":"jloughlin","author_link":"https:\/\/zoo.org\/es\/author\/jloughlin\/"},"comment_info":0,"_links":{"self":[{"href":"https:\/\/zoo.org\/es\/wp-json\/wp\/v2\/pages\/10494","targetHints":{"allow":["GET"]}}],"collection":[{"href":"https:\/\/zoo.org\/es\/wp-json\/wp\/v2\/pages"}],"about":[{"href":"https:\/\/zoo.org\/es\/wp-json\/wp\/v2\/types\/page"}],"author":[{"embeddable":true,"href":"https:\/\/zoo.org\/es\/wp-json\/wp\/v2\/users\/1"}],"replies":[{"embeddable":true,"href":"https:\/\/zoo.org\/es\/wp-json\/wp\/v2\/comments?post=10494"}],"version-history":[{"count":0,"href":"https:\/\/zoo.org\/es\/wp-json\/wp\/v2\/pages\/10494\/revisions"}],"up":[{"embeddable":true,"href":"https:\/\/zoo.org\/es\/wp-json\/wp\/v2\/pages\/10466"}],"wp:featuredmedia":[{"embeddable":true,"href":"https:\/\/zoo.org\/es\/wp-json\/wp\/v2\/media\/18352"}],"wp:attachment":[{"href":"https:\/\/zoo.org\/es\/wp-json\/wp\/v2\/media?parent=10494"}],"curies":[{"name":"wp","href":"https:\/\/api.w.org\/{rel}","templated":true}]}}