{"id":10549,"date":"2025-10-09T10:56:19","date_gmt":"2025-10-09T17:56:19","guid":{"rendered":"https:\/\/zoo.org\/adopta-un-animal\/reconocimiento-en-linea-de-zooparent\/"},"modified":"2026-04-06T09:59:54","modified_gmt":"2026-04-06T16:59:54","slug":"reconocimiento-en-linea-de-zooparent","status":"publish","type":"page","link":"https:\/\/zoo.org\/es\/adopta-un-animal\/reconocimiento-en-linea-de-zooparent\/","title":{"rendered":"Reconocimiento en l\u00ednea de Zooparent"},"content":{"rendered":"\n<div class=\"wp-block-cover alignfull is-light hero\" style=\"margin-top:0;margin-bottom:0\"><img loading=\"lazy\" decoding=\"async\" width=\"1920\" height=\"400\" class=\"wp-block-cover__image-background wp-image-3496 size-full\" alt=\"\" src=\"https:\/\/zoo.org\/wp-content\/uploads\/2025\/08\/ZooParent-Header-Image-2.jpg\" data-object-fit=\"cover\" srcset=\"https:\/\/zoo.org\/wp-content\/uploads\/2025\/08\/ZooParent-Header-Image-2.jpg 1920w, https:\/\/zoo.org\/wp-content\/uploads\/2025\/08\/ZooParent-Header-Image-2-300x63.jpg 300w, https:\/\/zoo.org\/wp-content\/uploads\/2025\/08\/ZooParent-Header-Image-2-1024x213.jpg 1024w, https:\/\/zoo.org\/wp-content\/uploads\/2025\/08\/ZooParent-Header-Image-2-768x160.jpg 768w, https:\/\/zoo.org\/wp-content\/uploads\/2025\/08\/ZooParent-Header-Image-2-1536x320.jpg 1536w\" sizes=\"auto, (max-width: 1920px) 100vw, 1920px\" \/><span aria-hidden=\"true\" class=\"wp-block-cover__background has-background-dim-0 has-background-dim\" style=\"background-color:#cd9468\"><\/span><div class=\"wp-block-cover__inner-container is-layout-constrained wp-block-cover-is-layout-constrained\">\n<p class=\"has-text-align-center has-large-font-size\"><\/p>\n<\/div><\/div>\n\n<div class=\"wp-block-group is-layout-constrained wp-block-group-is-layout-constrained\" style=\"margin-top:2em;margin-bottom:3em\">\n<h1 class=\"wp-block-heading has-text-align-center\" style=\"margin-top:0.65em;margin-bottom:0.275em\">PADRE DE ZOO<\/h1>\n\n\n\n<p class=\"has-text-align-center has-palette-color-3-color has-text-color has-link-color wp-elements-4d1d19e506294a089458c03c52540966\" style=\"margin-bottom:1em;font-size:clamp(0.984em, 0.984rem + ((1vw - 0.2em) * 0.645), 1.5em);font-style:normal;font-weight:500;line-height:1.5\"><strong>Adopta un animal y muestra tu apoyo a la vida silvestre.<\/strong><\/p>\n<\/div>\n\n<div class=\"wp-block-group alignfull divider is-layout-constrained wp-block-group-is-layout-constrained\">\n<h2 class=\"wp-block-heading alignfull has-text-align-center\">RECONOCIMIENTO EN L\u00cdNEA<\/h2>\n<\/div>\n\n<p><strong>\u00a1Gracias a estos ZooParents que adoptaron animales del zool\u00f3gico Woodland Park el a\u00f1o pasado!<\/strong><\/p>\n\n<br\/><div style=\"columns: 4 11em;\">\n<h3>Marzo de 2026<\/h3>\n<p>Julia Bean<br\/> Betty Modery<br\/> Lily Simcoe<br\/> Alder \u00c9l<br\/> Marie Crawford<br\/> Simona Baum<br\/> Flautista<\/p>\n\n<h3>Febrero de 2026<\/h3>\n<p>Coreen Scott-Stearn<br\/> Alison Kubala<br\/> Timmy y Anya Perrenoud<br\/> Max Peacock<br\/> Ceili Banasik<br\/> Carrie Hartmann<br\/> Brad Smith<br\/> Walt Greenwood<br\/> Jack Gossett<br\/> Ava Goedhard<\/p>\n\n<h3>Enero de 2026<\/h3>\n<p>Eleanor Bean<br\/> Wenwen<br\/> Kaemon Cornish<br\/> Gaffi<br\/> Emilia Willis<br\/> Anthony Cordova<br\/> Calvin Engstrom<br\/> Cern\u00edcalo de Savannah<br\/> Maeve Richter<\/p>\n\n<h3>Diciembre de 2025<\/h3>\n<p>Elena Zumbado<br\/>Kyle Cleland<br\/>Kayla Althauser<br\/>Callan Kutzke<br\/>Birju Patel<br\/>Beckett Swan<br\/>Milo Swan<br\/>Winston Zhang<br\/>Jackson Dennis<br\/>Wyatt Smith<br\/>Wesley Smith<br\/>Hugo Bloomenfarm<br\/>Zoey McQuaide<br\/>Phoebe Remillard<br\/>Declan Remillard<br\/>Harrison Whittum<br\/>Charlie Graham<br\/>Stella Remillard<br\/>Evelyn Whittum<br\/>Calvin Whittum<br\/>Lillian Whittum<br\/>Heather Anstead<br\/>Willow Pace<br\/>Harper Fay Woltjen<br\/>Antonio Ciocca<br\/>Jessica Yuen<br\/>Harrison y Faye McDaniel<br\/>Stephen Lennon<br\/>Maggie Sibert<br\/>Jessie Siebert<br\/>Elsa Siebert<br\/>Dave y Francy Hastie<br\/>Ramona Best<br\/>Stephan Boyd<br\/>Emma Boyd<br\/>Liam Boyd<br\/>Caleb Boyd<br\/>Max Nall<br\/>Nainoa Nall<br\/>John Wooten<br\/>Sean Boyd<br\/>Marissa Marcello<br\/>Demond Bowe<br\/>Rob Hermann<br\/>Cari Hermann<br\/>Will Hermann<br\/>Alex Hermann<br\/>Tyler Reinhard<br\/>Mullen Boyd<br\/>Jayden Yoppolo<br\/>Diane Nardi<br\/>Mar\u00eda Howell<br\/>Reed Cahill<br\/>Hiedra<br\/>Michelle Pounds<br\/>Samantha Pounds<br\/>Cassidy Radtke<br\/>William J. Wolf (Jim Wolf &#8211; destinatario)<br\/>Erik Nodelman<br\/>Jack Rosenthal<br\/>August Daniels<br\/>Solei Daniels<br\/>La familia Whitson<br\/>Larry Greenberg<br\/>Kristin\u00e9 Reeves<br\/>Jos\u00e9 Zenoni<br\/>Grupo de marcas registradas de Starbucks<br\/>Jessica Yuen<br\/>Martha Lee Fleming<br\/>Stella Flatley<br\/>Bertie Hammar<br\/>Lynn Myhra<br\/>Marabel Carroll Beichman Potts<br\/>Nora Ghiglione<br\/>Charlie Smith-Wilbanks<br\/>Mae Smith-Wilbanks<br\/>Gidget<br\/>Valerie Armstrong<br\/>Cristina T. Paz<br\/>Robin Lund<br\/>En memoria de Eleanor y Robert Rooney<br\/>El Justin Brooks<br\/>Matt Snyder<br\/>Lucas Mart\u00edn<br\/>Los ni\u00f1os<br\/>Familia Melillo<br\/>Jae<br\/>Kristin Fellows<br\/>Michael McGrane<br\/>Steve Heflin<br\/>Jan McGrane<br\/>Nan Davis<br\/>Mateo Oh<\/p>\n\n<h3>Noviembre de 2025<\/h3>\n<p>Dra. Amanda Buduris<br\/> Alex y Anna<br\/> V. Hilby<br\/> Alex Lennon<br\/> Adrien Tardif-Coopersmith<br\/> Destino Banceu<br\/> Nora Kehlenbeck<br\/> Ellen MacNary<br\/> Ari Ledbetter<br\/> Teagan Miller<br\/> Matvei Ivanov<br\/> Morgan K. Brown<\/p>\n\n<h3>Octubre de 2025<\/h3>\n<p>Benji Cooper<br\/> Braden Altman<br\/> Chris Hoff<br\/> Lauri Ellis<br\/> Matthew Ellis<br\/> Maya Watt<br\/> Sean Burden<br\/> Regata Viraj<\/p>\n\n<h3>Septiembre de 2025<\/h3>\n<p>Bethany Guldi<br\/> Joel Searles<br\/> Colinas de Taylor<br\/> Elly Williams<br\/> Wyatt Williams<br\/> Finley Oberbarnscheidt<br\/> Los estudiantes de Mary Rose Walker-Lieberman<\/p>\n<h3>Agosto de 2025<\/h3>\n<p>Clara<br\/> Leonor<br\/> Elizabeth Postovoit<br\/> Leland White<br\/> Estefan\u00eda<br\/> Thomas O&#8217;Neil<\/p>\n<h3>Julio de 2025<\/h3>\n<p>Cristina Her<br\/> Isaac Hope<br\/> Jessica Cerullo<br\/> Kayme Clark<br\/> Laura Bartholdt<br\/> Onee Hedeen<br\/> Riley Zielinski<br\/> Rita M. Paz<br\/> Sarah Ferguson<br\/> Sof\u00eda<br\/> Susan Keefer<br\/> Zilla R. Burke<\/p>\n<h3>Junio de 2025<\/h3>\n<p>Spencer Bennett<br\/> Scarlett Duke<br\/> Christine Brauch<br\/> Linnea Ottosson<br\/> Jeana Clinger<br\/> Ariadna Benopoulou<br\/> Cormac Fosberry<br\/> Abel Hulderson<br\/> Cassie Peek<br\/> Lars Pedersen<br\/> Evelin Schauwers<br\/> Madison Holm<\/p>\n<h3>Mayo de 2025<\/h3>\n<p>Anita Steele<br\/> Enslie S<br\/> Evelyn Kettle<br\/> Jane K.<br\/> Clase de tej\u00f3n de miel de cicuta de JSL<br\/> Livvy S<br\/> Lynne Tucker<br\/> Margaret N<br\/> Melani Winsor<br\/> Selah C<\/p>\n<\/div>\n","protected":false},"excerpt":{"rendered":"<p>PADRE DE ZOO Adopta un animal y muestra tu apoyo a la vida silvestre. RECONOCIMIENTO EN L\u00cdNEA \u00a1Gracias a estos ZooParents que adoptaron animales del zool\u00f3gico Woodland Park el a\u00f1o [&hellip;]<\/p>\n","protected":false},"author":1,"featured_media":10495,"parent":10466,"menu_order":0,"comment_status":"closed","ping_status":"closed","template":"","meta":{"_acf_changed":false,"_kad_blocks_custom_css":"","_kad_blocks_head_custom_js":"","_kad_blocks_body_custom_js":"","_kad_blocks_footer_custom_js":"","footnotes":""},"class_list":["post-10549","page","type-page","status-publish","has-post-thumbnail","hentry"],"blocksy_meta":[],"acf":[],"yoast_head":"<!-- This site is optimized with the Yoast SEO plugin v27.3 - https:\/\/yoast.com\/product\/yoast-seo-wordpress\/ -->\n<title>-<\/title>\n<meta name=\"description\" content=\"\u00a1Gracias a estos ZooParents que adoptaron animales del zool\u00f3gico Woodland Park el a\u00f1o pasado!\" \/>\n<meta name=\"robots\" content=\"index, follow, max-snippet:-1, max-image-preview:large, max-video-preview:-1\" \/>\n<link rel=\"canonical\" href=\"https:\/\/zoo.org\/es\/adopta-un-animal\/reconocimiento-en-linea-de-zooparent\/\" \/>\n<meta property=\"og:locale\" content=\"es_ES\" \/>\n<meta property=\"og:type\" content=\"article\" \/>\n<meta property=\"og:title\" content=\"-\" \/>\n<meta property=\"og:description\" content=\"\u00a1Gracias a estos ZooParents que adoptaron animales del zool\u00f3gico Woodland Park el a\u00f1o pasado!\" \/>\n<meta property=\"og:url\" content=\"https:\/\/zoo.org\/es\/adopta-un-animal\/reconocimiento-en-linea-de-zooparent\/\" \/>\n<meta property=\"og:site_name\" content=\"Zool\u00f3gico Woodland Park\" \/>\n<meta property=\"article:modified_time\" content=\"2026-04-06T16:59:54+00:00\" \/>\n<meta property=\"og:image\" content=\"https:\/\/zoo.org\/wp-content\/uploads\/2025\/10\/RS27596_2015-03-06RHawk005TigerPlush-ohi.jpg?wsr\" \/>\n\t<meta property=\"og:image:width\" content=\"800\" \/>\n\t<meta property=\"og:image:height\" content=\"530\" \/>\n\t<meta property=\"og:image:type\" content=\"image\/jpeg\" \/>\n<meta name=\"twitter:card\" content=\"summary_large_image\" \/>\n<script type=\"application\/ld+json\" class=\"yoast-schema-graph\">{\"@context\":\"https:\\\/\\\/schema.org\",\"@graph\":[{\"@type\":\"WebPage\",\"@id\":\"https:\\\/\\\/zoo.org\\\/es\\\/adopta-un-animal\\\/reconocimiento-en-linea-de-zooparent\\\/\",\"url\":\"https:\\\/\\\/zoo.org\\\/es\\\/adopta-un-animal\\\/reconocimiento-en-linea-de-zooparent\\\/\",\"name\":\"-\",\"isPartOf\":{\"@id\":\"https:\\\/\\\/zoo.org\\\/es\\\/#website\"},\"primaryImageOfPage\":{\"@id\":\"https:\\\/\\\/zoo.org\\\/es\\\/adopta-un-animal\\\/reconocimiento-en-linea-de-zooparent\\\/#primaryimage\"},\"image\":{\"@id\":\"https:\\\/\\\/zoo.org\\\/es\\\/adopta-un-animal\\\/reconocimiento-en-linea-de-zooparent\\\/#primaryimage\"},\"thumbnailUrl\":\"https:\\\/\\\/zoo.org\\\/wp-content\\\/uploads\\\/2025\\\/10\\\/RS27596_2015-03-06RHawk005TigerPlush-ohi.jpg?wsr\",\"datePublished\":\"2025-10-09T17:56:19+00:00\",\"dateModified\":\"2026-04-06T16:59:54+00:00\",\"description\":\"\u00a1Gracias a estos ZooParents que adoptaron animales del zool\u00f3gico Woodland Park el a\u00f1o pasado!\",\"breadcrumb\":{\"@id\":\"https:\\\/\\\/zoo.org\\\/es\\\/adopta-un-animal\\\/reconocimiento-en-linea-de-zooparent\\\/#breadcrumb\"},\"inLanguage\":\"es\",\"potentialAction\":[{\"@type\":\"ReadAction\",\"target\":[\"https:\\\/\\\/zoo.org\\\/es\\\/adopta-un-animal\\\/reconocimiento-en-linea-de-zooparent\\\/\"]}]},{\"@type\":\"ImageObject\",\"inLanguage\":\"es\",\"@id\":\"https:\\\/\\\/zoo.org\\\/es\\\/adopta-un-animal\\\/reconocimiento-en-linea-de-zooparent\\\/#primaryimage\",\"url\":\"https:\\\/\\\/zoo.org\\\/wp-content\\\/uploads\\\/2025\\\/10\\\/RS27596_2015-03-06RHawk005TigerPlush-ohi.jpg?wsr\",\"contentUrl\":\"https:\\\/\\\/zoo.org\\\/wp-content\\\/uploads\\\/2025\\\/10\\\/RS27596_2015-03-06RHawk005TigerPlush-ohi.jpg?wsr\",\"width\":800,\"height\":530,\"caption\":\"tigre de peluche, peluche, juguete, animal de peluche\"},{\"@type\":\"BreadcrumbList\",\"@id\":\"https:\\\/\\\/zoo.org\\\/es\\\/adopta-un-animal\\\/reconocimiento-en-linea-de-zooparent\\\/#breadcrumb\",\"itemListElement\":[{\"@type\":\"ListItem\",\"position\":1,\"name\":\"Hogar\",\"item\":\"https:\\\/\\\/zoo.org\\\/es\\\/\"},{\"@type\":\"ListItem\",\"position\":2,\"name\":\"Adopta un animal\",\"item\":\"https:\\\/\\\/zoo.org\\\/es\\\/adopta-un-animal\\\/\"},{\"@type\":\"ListItem\",\"position\":3,\"name\":\"Reconocimiento en l\u00ednea de Zooparent\"}]},{\"@type\":\"WebSite\",\"@id\":\"https:\\\/\\\/zoo.org\\\/es\\\/#website\",\"url\":\"https:\\\/\\\/zoo.org\\\/es\\\/\",\"name\":\"Zool\u00f3gico Woodland Park\",\"description\":\"El Zool\u00f3gico Woodland Park salva la vida silvestre e inspira a todos a hacer de la conservaci\u00f3n una prioridad en sus vidas.\",\"publisher\":{\"@id\":\"https:\\\/\\\/zoo.org\\\/es\\\/#organization\"},\"potentialAction\":[{\"@type\":\"SearchAction\",\"target\":{\"@type\":\"EntryPoint\",\"urlTemplate\":\"https:\\\/\\\/zoo.org\\\/es\\\/?s={search_term_string}\"},\"query-input\":{\"@type\":\"PropertyValueSpecification\",\"valueRequired\":true,\"valueName\":\"search_term_string\"}}],\"inLanguage\":\"es\"},{\"@type\":\"Organization\",\"@id\":\"https:\\\/\\\/zoo.org\\\/es\\\/#organization\",\"name\":\"Zool\u00f3gico Woodland Park\",\"url\":\"https:\\\/\\\/zoo.org\\\/es\\\/\",\"logo\":{\"@type\":\"ImageObject\",\"inLanguage\":\"es\",\"@id\":\"https:\\\/\\\/zoo.org\\\/es\\\/#\\\/schema\\\/logo\\\/image\\\/\",\"url\":\"https:\\\/\\\/zoo.org\\\/wp-content\\\/uploads\\\/2026\\\/01\\\/WPZ-Logo_white-SVG.svg?wsr\",\"contentUrl\":\"https:\\\/\\\/zoo.org\\\/wp-content\\\/uploads\\\/2026\\\/01\\\/WPZ-Logo_white-SVG.svg?wsr\",\"width\":288,\"height\":282,\"caption\":\"Zool\u00f3gico Woodland Park\"},\"image\":{\"@id\":\"https:\\\/\\\/zoo.org\\\/es\\\/#\\\/schema\\\/logo\\\/image\\\/\"}}]}<\/script>\n<!-- \/ Yoast SEO plugin. -->","yoast_head_json":{"title":"-","description":"\u00a1Gracias a estos ZooParents que adoptaron animales del zool\u00f3gico Woodland Park el a\u00f1o pasado!","robots":{"index":"index","follow":"follow","max-snippet":"max-snippet:-1","max-image-preview":"max-image-preview:large","max-video-preview":"max-video-preview:-1"},"canonical":"https:\/\/zoo.org\/es\/adopta-un-animal\/reconocimiento-en-linea-de-zooparent\/","og_locale":"es_ES","og_type":"article","og_title":"-","og_description":"\u00a1Gracias a estos ZooParents que adoptaron animales del zool\u00f3gico Woodland Park el a\u00f1o pasado!","og_url":"https:\/\/zoo.org\/es\/adopta-un-animal\/reconocimiento-en-linea-de-zooparent\/","og_site_name":"Zool\u00f3gico Woodland Park","article_modified_time":"2026-04-06T16:59:54+00:00","og_image":[{"width":800,"height":530,"url":"https:\/\/zoo.org\/wp-content\/uploads\/2025\/10\/RS27596_2015-03-06RHawk005TigerPlush-ohi.jpg?wsr","type":"image\/jpeg"}],"twitter_card":"summary_large_image","schema":{"@context":"https:\/\/schema.org","@graph":[{"@type":"WebPage","@id":"https:\/\/zoo.org\/es\/adopta-un-animal\/reconocimiento-en-linea-de-zooparent\/","url":"https:\/\/zoo.org\/es\/adopta-un-animal\/reconocimiento-en-linea-de-zooparent\/","name":"-","isPartOf":{"@id":"https:\/\/zoo.org\/es\/#website"},"primaryImageOfPage":{"@id":"https:\/\/zoo.org\/es\/adopta-un-animal\/reconocimiento-en-linea-de-zooparent\/#primaryimage"},"image":{"@id":"https:\/\/zoo.org\/es\/adopta-un-animal\/reconocimiento-en-linea-de-zooparent\/#primaryimage"},"thumbnailUrl":"https:\/\/zoo.org\/wp-content\/uploads\/2025\/10\/RS27596_2015-03-06RHawk005TigerPlush-ohi.jpg?wsr","datePublished":"2025-10-09T17:56:19+00:00","dateModified":"2026-04-06T16:59:54+00:00","description":"\u00a1Gracias a estos ZooParents que adoptaron animales del zool\u00f3gico Woodland Park el a\u00f1o pasado!","breadcrumb":{"@id":"https:\/\/zoo.org\/es\/adopta-un-animal\/reconocimiento-en-linea-de-zooparent\/#breadcrumb"},"inLanguage":"es","potentialAction":[{"@type":"ReadAction","target":["https:\/\/zoo.org\/es\/adopta-un-animal\/reconocimiento-en-linea-de-zooparent\/"]}]},{"@type":"ImageObject","inLanguage":"es","@id":"https:\/\/zoo.org\/es\/adopta-un-animal\/reconocimiento-en-linea-de-zooparent\/#primaryimage","url":"https:\/\/zoo.org\/wp-content\/uploads\/2025\/10\/RS27596_2015-03-06RHawk005TigerPlush-ohi.jpg?wsr","contentUrl":"https:\/\/zoo.org\/wp-content\/uploads\/2025\/10\/RS27596_2015-03-06RHawk005TigerPlush-ohi.jpg?wsr","width":800,"height":530,"caption":"tigre de peluche, peluche, juguete, animal de peluche"},{"@type":"BreadcrumbList","@id":"https:\/\/zoo.org\/es\/adopta-un-animal\/reconocimiento-en-linea-de-zooparent\/#breadcrumb","itemListElement":[{"@type":"ListItem","position":1,"name":"Hogar","item":"https:\/\/zoo.org\/es\/"},{"@type":"ListItem","position":2,"name":"Adopta un animal","item":"https:\/\/zoo.org\/es\/adopta-un-animal\/"},{"@type":"ListItem","position":3,"name":"Reconocimiento en l\u00ednea de Zooparent"}]},{"@type":"WebSite","@id":"https:\/\/zoo.org\/es\/#website","url":"https:\/\/zoo.org\/es\/","name":"Zool\u00f3gico Woodland Park","description":"El Zool\u00f3gico Woodland Park salva la vida silvestre e inspira a todos a hacer de la conservaci\u00f3n una prioridad en sus vidas.","publisher":{"@id":"https:\/\/zoo.org\/es\/#organization"},"potentialAction":[{"@type":"SearchAction","target":{"@type":"EntryPoint","urlTemplate":"https:\/\/zoo.org\/es\/?s={search_term_string}"},"query-input":{"@type":"PropertyValueSpecification","valueRequired":true,"valueName":"search_term_string"}}],"inLanguage":"es"},{"@type":"Organization","@id":"https:\/\/zoo.org\/es\/#organization","name":"Zool\u00f3gico Woodland Park","url":"https:\/\/zoo.org\/es\/","logo":{"@type":"ImageObject","inLanguage":"es","@id":"https:\/\/zoo.org\/es\/#\/schema\/logo\/image\/","url":"https:\/\/zoo.org\/wp-content\/uploads\/2026\/01\/WPZ-Logo_white-SVG.svg?wsr","contentUrl":"https:\/\/zoo.org\/wp-content\/uploads\/2026\/01\/WPZ-Logo_white-SVG.svg?wsr","width":288,"height":282,"caption":"Zool\u00f3gico Woodland Park"},"image":{"@id":"https:\/\/zoo.org\/es\/#\/schema\/logo\/image\/"}}]}},"taxonomy_info":[],"featured_image_src_large":["https:\/\/zoo.org\/wp-content\/uploads\/2025\/10\/RS27596_2015-03-06RHawk005TigerPlush-ohi.jpg?wsr",800,530,false],"author_info":{"display_name":"jloughlin","author_link":"https:\/\/zoo.org\/es\/author\/jloughlin\/"},"comment_info":0,"_links":{"self":[{"href":"https:\/\/zoo.org\/es\/wp-json\/wp\/v2\/pages\/10549","targetHints":{"allow":["GET"]}}],"collection":[{"href":"https:\/\/zoo.org\/es\/wp-json\/wp\/v2\/pages"}],"about":[{"href":"https:\/\/zoo.org\/es\/wp-json\/wp\/v2\/types\/page"}],"author":[{"embeddable":true,"href":"https:\/\/zoo.org\/es\/wp-json\/wp\/v2\/users\/1"}],"replies":[{"embeddable":true,"href":"https:\/\/zoo.org\/es\/wp-json\/wp\/v2\/comments?post=10549"}],"version-history":[{"count":2,"href":"https:\/\/zoo.org\/es\/wp-json\/wp\/v2\/pages\/10549\/revisions"}],"predecessor-version":[{"id":24832,"href":"https:\/\/zoo.org\/es\/wp-json\/wp\/v2\/pages\/10549\/revisions\/24832"}],"up":[{"embeddable":true,"href":"https:\/\/zoo.org\/es\/wp-json\/wp\/v2\/pages\/10466"}],"wp:featuredmedia":[{"embeddable":true,"href":"https:\/\/zoo.org\/es\/wp-json\/wp\/v2\/media\/10495"}],"wp:attachment":[{"href":"https:\/\/zoo.org\/es\/wp-json\/wp\/v2\/media?parent=10549"}],"curies":[{"name":"wp","href":"https:\/\/api.w.org\/{rel}","templated":true}]}}