{"id":10598,"date":"2025-09-22T15:19:28","date_gmt":"2025-09-22T22:19:28","guid":{"rendered":"https:\/\/zoo.org\/asistencia-financiera\/"},"modified":"2025-12-19T18:21:02","modified_gmt":"2025-12-20T02:21:02","slug":"asistencia-financiera","status":"publish","type":"page","link":"https:\/\/zoo.org\/es\/excursiones\/asistencia-financiera\/","title":{"rendered":"Asistencia financiera"},"content":{"rendered":"\n<div class=\"wp-block-cover alignfull is-light hero\" style=\"margin-top:0;margin-bottom:0\"><img loading=\"lazy\" decoding=\"async\" width=\"1920\" height=\"400\" class=\"wp-block-cover__image-background wp-image-3487 size-full\" alt=\"\" src=\"https:\/\/zoo.org\/wp-content\/uploads\/2025\/08\/Support-Header-Image2.jpg\" data-object-fit=\"cover\" srcset=\"https:\/\/zoo.org\/wp-content\/uploads\/2025\/08\/Support-Header-Image2.jpg 1920w, https:\/\/zoo.org\/wp-content\/uploads\/2025\/08\/Support-Header-Image2-300x63.jpg 300w, https:\/\/zoo.org\/wp-content\/uploads\/2025\/08\/Support-Header-Image2-1024x213.jpg 1024w, https:\/\/zoo.org\/wp-content\/uploads\/2025\/08\/Support-Header-Image2-768x160.jpg 768w, https:\/\/zoo.org\/wp-content\/uploads\/2025\/08\/Support-Header-Image2-1536x320.jpg 1536w\" sizes=\"auto, (max-width: 1920px) 100vw, 1920px\" \/><span aria-hidden=\"true\" class=\"wp-block-cover__background has-background-dim-0 has-background-dim\" style=\"background-color:#999692\"><\/span><div class=\"wp-block-cover__inner-container is-layout-constrained wp-block-cover-is-layout-constrained\">\n<p class=\"has-text-align-center has-large-font-size\"><\/p>\n<\/div><\/div>\n\n<div class=\"wp-block-group is-layout-constrained wp-block-group-is-layout-constrained\" style=\"margin-top:2em;margin-bottom:3em\">\n<h1 class=\"wp-block-heading has-text-align-center\" style=\"margin-top:0.65em;margin-bottom:0.275em\">ASISTENCIA FINANCIERA<\/h1>\n\n\n\n<p class=\"has-text-align-center has-palette-color-3-color has-text-color has-link-color wp-elements-497e0c1c4b98db3715dcbf2f2abb1a34\" style=\"margin-bottom:1em;font-size:clamp(0.984em, 0.984rem + ((1vw - 0.2em) * 0.645), 1.5em);font-style:normal;font-weight:500;line-height:1.5\"><strong>Informaci\u00f3n de asistencia financiera para excursiones al zool\u00f3gico<\/strong><\/p>\n<\/div>\n\n<div class=\"wp-block-group alignfull divider is-layout-constrained wp-block-group-is-layout-constrained\">\n<h2 class=\"wp-block-heading alignfull has-text-align-center\">ELEGIBILIDAD<\/h2>\n<\/div>\n\n<p>El Zool\u00f3gico Woodland Park ofrece dos opciones de asistencia financiera: el Fondo de Impuestos de Escuela a Zool\u00f3gico y el Programa para Personas de Bajos Ingresos de Washington (WALI) para excursiones escolares. Por favor, revise los requisitos de elegibilidad para ambas opciones, ya que algunas escuelas\/grupos pueden ser elegibles para cualquiera de ellas.   <\/p>\n\n<div class=\"wp-block-group alignfull divider is-layout-constrained wp-block-group-is-layout-constrained\">\n<h2 class=\"wp-block-heading alignfull has-text-align-center\">Opciones de asistencia financiera<\/h2>\n<\/div>\n\n<h3 class=\"wp-block-heading\">Opci\u00f3n 1: Impuesto de la escuela al zool\u00f3gico<\/h3>\n\n<h4 class=\"wp-block-heading\">Escuelas del condado de King<\/h4>\n\n<h4 class=\"wp-block-heading\">Ofrecido: Septiembre &#8211; Junio<\/h4>\n\n<p>Gracias a la renovaci\u00f3n de la tasa de parques del condado de King de 2019, podemos ofrecer fondos de la tasa de la escuela al zool\u00f3gico a las escuelas elegibles dentro del condado de King.<\/p>\n\n<h4 class=\"wp-block-heading\">Elegibilidad<\/h4>\n\n<ul class=\"wp-block-list\">\n<li>Escuelas (preescolar a 12.\u00ba grado) en el condado de King con un 30 % o m\u00e1s de sus estudiantes recibiendo almuerzos gratuitos o a precio reducido, o un nivel comparable de beca <a href=\"https:\/\/reportcard.ospi.k12.wa.us\/\" target=\"_blank\" rel=\"noreferrer noopener\">seg\u00fan <strong>OSPI<\/strong><\/a> .<\/li>\n\n\n\n<li>Programas preescolares de Seattle, Early Head Start, Head Start y ECEAP en el condado de King.<\/li>\n\n\n\n<li>Escuelas privadas en el condado de King con 30% o m\u00e1s de sus estudiantes becados (la documentaci\u00f3n debe presentarse a WPZ).<\/li>\n<\/ul>\n\n<h4 class=\"wp-block-heading\">Los grupos clasificados reciben<\/h4>\n\n<ul class=\"wp-block-list\">\n<li>Entrada gratuita para todos los estudiantes.<\/li>\n\n\n\n<li>Entrada gratuita para 1 acompa\u00f1ante adulto (educadores y padres\/tutores) por cada 4 estudiantes.<br\/> La entrada para acompa\u00f1antes que superen la proporci\u00f3n 1:4 debe pagarse por adelantado para calificar para la tarifa educativa.<br\/> <strong>Nota: No incluya asistentes 1:1 ni paraeducadores en su recuento de acompa\u00f1antes. Los asistentes 1:1, etc., siempre reciben entrada gratuita.<\/strong><\/li>\n\n\n\n<li><a href=\"https:\/\/zoo.org\/wp-content\/uploads\/2025\/12\/School-to-Zoo-Bus-Reimbursement.pdf\" target=\"_blank\" rel=\"noreferrer noopener\">Subsidio de reembolso de autob\u00fas: haga clic aqu\u00ed para obtener el formulario de reembolso.<\/a><\/li>\n<\/ul>\n\n<div class=\"wp-block-buttons is-content-justification-center is-layout-flex wp-container-core-buttons-is-layout-48d0e691 wp-block-buttons-is-layout-flex\" style=\"margin-top:var(--wp--preset--spacing--60);margin-bottom:var(--wp--preset--spacing--60)\">\n<div class=\"wp-block-button\"><a class=\"wp-block-button__link wp-element-button\" href=\"https:\/\/tickets.zoo.org\/events\/ec232cf0-1e27-dc56-0b7d-086f60d56b41?tg=6d1dc2c3-0c09-54e4-51c0-aeb035c9be57&amp;_gl=1*1199oty*_gcl_au*NDk4NzQ2MDU2LjE3NTY4MzE2MTY.\" target=\"_blank\" rel=\"noreferrer noopener\">Inscripci\u00f3n de la escuela al zool\u00f3gico<\/a><\/div>\n<\/div>\n\n<h3 class=\"wp-block-heading\">Opci\u00f3n 2: Ingresos bajos de Washington (WALI)<\/h3>\n\n<h4 class=\"wp-block-heading\">Escuelas del estado de Washington (fuera del condado de King)<\/h4>\n\n<h4 class=\"wp-block-heading\">Ofrecido: Todo el a\u00f1o<\/h4>\n\n<p>El programa Washington Low Income (WALI) del zool\u00f3gico Woodland Park Zoo se dedica a hacer que el zool\u00f3gico sea m\u00e1s accesible para los ni\u00f1os y familias de bajos ingresos, en riesgo o desfavorecidos en nuestra comunidad compartida.<br\/><\/p>\n\n<h4 class=\"wp-block-heading\">Elegibilidad<\/h4>\n\n<ul class=\"wp-block-list\">\n<li>Escuelas (preescolar a 12.\u00ba grado) en el estado de Washington con un 30 % o m\u00e1s de sus estudiantes recibiendo almuerzos gratuitos o a precio reducido, o un nivel comparable de beca seg\u00fan <a href=\"http:\/\/reportcard.ospi.k12.wa.us\/summary.aspx?groupLevel=District&amp;schoolId=1&amp;reportLevel=State&amp;yrs=2015-16&amp;year=2015-16\" target=\"_blank\" rel=\"noreferrer noopener\"><strong>OSPI<\/strong><\/a> .<\/li>\n\n\n\n<li>Programa preescolar de Seattle, Early Head Start, Head Start y ECEAP en el estado de Washington.<\/li>\n\n\n\n<li>Escuelas privadas en el estado de Washington con 30% o m\u00e1s de sus estudiantes becados (la documentaci\u00f3n debe presentarse a WPZ).<\/li>\n<\/ul>\n\n<h4 class=\"wp-block-heading\">Los grupos clasificados reciben<\/h4>\n\n<ul class=\"wp-block-list\">\n<li>Entrada gratuita para todos los estudiantes.<\/li>\n\n\n\n<li>Entrada gratuita para 1 acompa\u00f1ante adulto (educadores y padres\/tutores) por cada 4 estudiantes.<br\/> La entrada para acompa\u00f1antes que superen la proporci\u00f3n 1:4 debe pagarse por adelantado para calificar para la tarifa educativa.<br\/> <strong>Nota: No incluya asistentes 1:1 ni paraeducadores en su recuento de acompa\u00f1antes. Los asistentes 1:1, etc., siempre reciben entrada gratuita.<\/strong><\/li>\n<\/ul>\n\n<div class=\"wp-block-buttons is-content-justification-center is-layout-flex wp-container-core-buttons-is-layout-48d0e691 wp-block-buttons-is-layout-flex\" style=\"margin-top:var(--wp--preset--spacing--60);margin-bottom:var(--wp--preset--spacing--60)\">\n<div class=\"wp-block-button\"><a class=\"wp-block-button__link wp-element-button\" href=\"https:\/\/tickets.zoo.org\/events\/ec232cf0-1e27-dc56-0b7d-086f60d56b41?tg=b3c591d7-c07d-c749-0753-d348809622b5&amp;_gl=1*39zcic*_gcl_au*NDk4NzQ2MDU2LjE3NTY4MzE2MTY.\" target=\"_blank\" rel=\"noreferrer noopener\">Registro WALI<\/a><\/div>\n<\/div>\n","protected":false},"excerpt":{"rendered":"<p>ASISTENCIA FINANCIERA Informaci\u00f3n de asistencia financiera para excursiones al zool\u00f3gico ELEGIBILIDAD El Zool\u00f3gico Woodland Park ofrece dos opciones de asistencia financiera: el Fondo de Impuestos de Escuela a Zool\u00f3gico y [&hellip;]<\/p>\n","protected":false},"author":1,"featured_media":10600,"parent":11139,"menu_order":0,"comment_status":"closed","ping_status":"closed","template":"","meta":{"_acf_changed":false,"_kad_blocks_custom_css":"","_kad_blocks_head_custom_js":"","_kad_blocks_body_custom_js":"","_kad_blocks_footer_custom_js":"","footnotes":""},"class_list":["post-10598","page","type-page","status-publish","has-post-thumbnail","hentry"],"blocksy_meta":[],"acf":[],"yoast_head":"<!-- This site is optimized with the Yoast SEO plugin v27.4 - https:\/\/yoast.com\/product\/yoast-seo-wordpress\/ -->\n<title>-<\/title>\n<meta name=\"description\" content=\"Reserve una excursi\u00f3n al zool\u00f3gico Woodland Park para su escuela, clase o programa, incluidos recursos de educaci\u00f3n en el hogar.\" \/>\n<meta name=\"robots\" content=\"index, follow, max-snippet:-1, max-image-preview:large, max-video-preview:-1\" \/>\n<link rel=\"canonical\" href=\"https:\/\/zoo.org\/es\/excursiones\/asistencia-financiera\/\" \/>\n<meta property=\"og:locale\" content=\"es_ES\" \/>\n<meta property=\"og:type\" content=\"article\" \/>\n<meta property=\"og:title\" content=\"-\" \/>\n<meta property=\"og:description\" content=\"Reserve una excursi\u00f3n al zool\u00f3gico Woodland Park para su escuela, clase o programa, incluidos recursos de educaci\u00f3n en el hogar.\" \/>\n<meta property=\"og:url\" content=\"https:\/\/zoo.org\/es\/excursiones\/asistencia-financiera\/\" \/>\n<meta property=\"og:site_name\" content=\"Zool\u00f3gico Woodland Park\" \/>\n<meta property=\"article:modified_time\" content=\"2025-12-20T02:21:02+00:00\" \/>\n<meta property=\"og:image\" content=\"https:\/\/zoo.org\/wp-content\/uploads\/2025\/09\/peacock-kids.jpg?wsr\" \/>\n\t<meta property=\"og:image:width\" content=\"800\" \/>\n\t<meta property=\"og:image:height\" content=\"533\" \/>\n\t<meta property=\"og:image:type\" content=\"image\/jpeg\" \/>\n<meta name=\"twitter:card\" content=\"summary_large_image\" \/>\n<script type=\"application\/ld+json\" class=\"yoast-schema-graph\">{\"@context\":\"https:\\\/\\\/schema.org\",\"@graph\":[{\"@type\":\"WebPage\",\"@id\":\"https:\\\/\\\/zoo.org\\\/es\\\/excursiones\\\/asistencia-financiera\\\/\",\"url\":\"https:\\\/\\\/zoo.org\\\/es\\\/excursiones\\\/asistencia-financiera\\\/\",\"name\":\"-\",\"isPartOf\":{\"@id\":\"https:\\\/\\\/zoo.org\\\/es\\\/#website\"},\"primaryImageOfPage\":{\"@id\":\"https:\\\/\\\/zoo.org\\\/es\\\/excursiones\\\/asistencia-financiera\\\/#primaryimage\"},\"image\":{\"@id\":\"https:\\\/\\\/zoo.org\\\/es\\\/excursiones\\\/asistencia-financiera\\\/#primaryimage\"},\"thumbnailUrl\":\"https:\\\/\\\/zoo.org\\\/wp-content\\\/uploads\\\/2025\\\/09\\\/peacock-kids.jpg?wsr\",\"datePublished\":\"2025-09-22T22:19:28+00:00\",\"dateModified\":\"2025-12-20T02:21:02+00:00\",\"description\":\"Reserve una excursi\u00f3n al zool\u00f3gico Woodland Park para su escuela, clase o programa, incluidos recursos de educaci\u00f3n en el hogar.\",\"breadcrumb\":{\"@id\":\"https:\\\/\\\/zoo.org\\\/es\\\/excursiones\\\/asistencia-financiera\\\/#breadcrumb\"},\"inLanguage\":\"es\",\"potentialAction\":[{\"@type\":\"ReadAction\",\"target\":[\"https:\\\/\\\/zoo.org\\\/es\\\/excursiones\\\/asistencia-financiera\\\/\"]}]},{\"@type\":\"ImageObject\",\"inLanguage\":\"es\",\"@id\":\"https:\\\/\\\/zoo.org\\\/es\\\/excursiones\\\/asistencia-financiera\\\/#primaryimage\",\"url\":\"https:\\\/\\\/zoo.org\\\/wp-content\\\/uploads\\\/2025\\\/09\\\/peacock-kids.jpg?wsr\",\"contentUrl\":\"https:\\\/\\\/zoo.org\\\/wp-content\\\/uploads\\\/2025\\\/09\\\/peacock-kids.jpg?wsr\",\"width\":800,\"height\":533,\"caption\":\"Pavo real con las plumas desplegadas, visitantes del zool\u00f3gico, ni\u00f1os\"},{\"@type\":\"BreadcrumbList\",\"@id\":\"https:\\\/\\\/zoo.org\\\/es\\\/excursiones\\\/asistencia-financiera\\\/#breadcrumb\",\"itemListElement\":[{\"@type\":\"ListItem\",\"position\":1,\"name\":\"Hogar\",\"item\":\"https:\\\/\\\/zoo.org\\\/es\\\/\"},{\"@type\":\"ListItem\",\"position\":2,\"name\":\"Excursiones\",\"item\":\"https:\\\/\\\/zoo.org\\\/es\\\/excursiones\\\/\"},{\"@type\":\"ListItem\",\"position\":3,\"name\":\"Asistencia financiera\"}]},{\"@type\":\"WebSite\",\"@id\":\"https:\\\/\\\/zoo.org\\\/es\\\/#website\",\"url\":\"https:\\\/\\\/zoo.org\\\/es\\\/\",\"name\":\"Zool\u00f3gico Woodland Park\",\"description\":\"El Zool\u00f3gico Woodland Park salva la vida silvestre e inspira a todos a hacer de la conservaci\u00f3n una prioridad en sus vidas.\",\"publisher\":{\"@id\":\"https:\\\/\\\/zoo.org\\\/es\\\/#organization\"},\"potentialAction\":[{\"@type\":\"SearchAction\",\"target\":{\"@type\":\"EntryPoint\",\"urlTemplate\":\"https:\\\/\\\/zoo.org\\\/es\\\/?s={search_term_string}\"},\"query-input\":{\"@type\":\"PropertyValueSpecification\",\"valueRequired\":true,\"valueName\":\"search_term_string\"}}],\"inLanguage\":\"es\"},{\"@type\":\"Organization\",\"@id\":\"https:\\\/\\\/zoo.org\\\/es\\\/#organization\",\"name\":\"Zool\u00f3gico Woodland Park\",\"url\":\"https:\\\/\\\/zoo.org\\\/es\\\/\",\"logo\":{\"@type\":\"ImageObject\",\"inLanguage\":\"es\",\"@id\":\"https:\\\/\\\/zoo.org\\\/es\\\/#\\\/schema\\\/logo\\\/image\\\/\",\"url\":\"https:\\\/\\\/zoo.org\\\/wp-content\\\/uploads\\\/2026\\\/01\\\/WPZ-Logo_white-SVG.svg?wsr\",\"contentUrl\":\"https:\\\/\\\/zoo.org\\\/wp-content\\\/uploads\\\/2026\\\/01\\\/WPZ-Logo_white-SVG.svg?wsr\",\"width\":288,\"height\":282,\"caption\":\"Zool\u00f3gico Woodland Park\"},\"image\":{\"@id\":\"https:\\\/\\\/zoo.org\\\/es\\\/#\\\/schema\\\/logo\\\/image\\\/\"}}]}<\/script>\n<!-- \/ Yoast SEO plugin. -->","yoast_head_json":{"title":"-","description":"Reserve una excursi\u00f3n al zool\u00f3gico Woodland Park para su escuela, clase o programa, incluidos recursos de educaci\u00f3n en el hogar.","robots":{"index":"index","follow":"follow","max-snippet":"max-snippet:-1","max-image-preview":"max-image-preview:large","max-video-preview":"max-video-preview:-1"},"canonical":"https:\/\/zoo.org\/es\/excursiones\/asistencia-financiera\/","og_locale":"es_ES","og_type":"article","og_title":"-","og_description":"Reserve una excursi\u00f3n al zool\u00f3gico Woodland Park para su escuela, clase o programa, incluidos recursos de educaci\u00f3n en el hogar.","og_url":"https:\/\/zoo.org\/es\/excursiones\/asistencia-financiera\/","og_site_name":"Zool\u00f3gico Woodland Park","article_modified_time":"2025-12-20T02:21:02+00:00","og_image":[{"width":800,"height":533,"url":"https:\/\/zoo.org\/wp-content\/uploads\/2025\/09\/peacock-kids.jpg?wsr","type":"image\/jpeg"}],"twitter_card":"summary_large_image","schema":{"@context":"https:\/\/schema.org","@graph":[{"@type":"WebPage","@id":"https:\/\/zoo.org\/es\/excursiones\/asistencia-financiera\/","url":"https:\/\/zoo.org\/es\/excursiones\/asistencia-financiera\/","name":"-","isPartOf":{"@id":"https:\/\/zoo.org\/es\/#website"},"primaryImageOfPage":{"@id":"https:\/\/zoo.org\/es\/excursiones\/asistencia-financiera\/#primaryimage"},"image":{"@id":"https:\/\/zoo.org\/es\/excursiones\/asistencia-financiera\/#primaryimage"},"thumbnailUrl":"https:\/\/zoo.org\/wp-content\/uploads\/2025\/09\/peacock-kids.jpg?wsr","datePublished":"2025-09-22T22:19:28+00:00","dateModified":"2025-12-20T02:21:02+00:00","description":"Reserve una excursi\u00f3n al zool\u00f3gico Woodland Park para su escuela, clase o programa, incluidos recursos de educaci\u00f3n en el hogar.","breadcrumb":{"@id":"https:\/\/zoo.org\/es\/excursiones\/asistencia-financiera\/#breadcrumb"},"inLanguage":"es","potentialAction":[{"@type":"ReadAction","target":["https:\/\/zoo.org\/es\/excursiones\/asistencia-financiera\/"]}]},{"@type":"ImageObject","inLanguage":"es","@id":"https:\/\/zoo.org\/es\/excursiones\/asistencia-financiera\/#primaryimage","url":"https:\/\/zoo.org\/wp-content\/uploads\/2025\/09\/peacock-kids.jpg?wsr","contentUrl":"https:\/\/zoo.org\/wp-content\/uploads\/2025\/09\/peacock-kids.jpg?wsr","width":800,"height":533,"caption":"Pavo real con las plumas desplegadas, visitantes del zool\u00f3gico, ni\u00f1os"},{"@type":"BreadcrumbList","@id":"https:\/\/zoo.org\/es\/excursiones\/asistencia-financiera\/#breadcrumb","itemListElement":[{"@type":"ListItem","position":1,"name":"Hogar","item":"https:\/\/zoo.org\/es\/"},{"@type":"ListItem","position":2,"name":"Excursiones","item":"https:\/\/zoo.org\/es\/excursiones\/"},{"@type":"ListItem","position":3,"name":"Asistencia financiera"}]},{"@type":"WebSite","@id":"https:\/\/zoo.org\/es\/#website","url":"https:\/\/zoo.org\/es\/","name":"Zool\u00f3gico Woodland Park","description":"El Zool\u00f3gico Woodland Park salva la vida silvestre e inspira a todos a hacer de la conservaci\u00f3n una prioridad en sus vidas.","publisher":{"@id":"https:\/\/zoo.org\/es\/#organization"},"potentialAction":[{"@type":"SearchAction","target":{"@type":"EntryPoint","urlTemplate":"https:\/\/zoo.org\/es\/?s={search_term_string}"},"query-input":{"@type":"PropertyValueSpecification","valueRequired":true,"valueName":"search_term_string"}}],"inLanguage":"es"},{"@type":"Organization","@id":"https:\/\/zoo.org\/es\/#organization","name":"Zool\u00f3gico Woodland Park","url":"https:\/\/zoo.org\/es\/","logo":{"@type":"ImageObject","inLanguage":"es","@id":"https:\/\/zoo.org\/es\/#\/schema\/logo\/image\/","url":"https:\/\/zoo.org\/wp-content\/uploads\/2026\/01\/WPZ-Logo_white-SVG.svg?wsr","contentUrl":"https:\/\/zoo.org\/wp-content\/uploads\/2026\/01\/WPZ-Logo_white-SVG.svg?wsr","width":288,"height":282,"caption":"Zool\u00f3gico Woodland Park"},"image":{"@id":"https:\/\/zoo.org\/es\/#\/schema\/logo\/image\/"}}]}},"taxonomy_info":[],"featured_image_src_large":["https:\/\/zoo.org\/wp-content\/uploads\/2025\/09\/peacock-kids.jpg?wsr",800,533,false],"author_info":{"display_name":"jloughlin","author_link":"https:\/\/zoo.org\/es\/author\/jloughlin\/"},"comment_info":0,"_links":{"self":[{"href":"https:\/\/zoo.org\/es\/wp-json\/wp\/v2\/pages\/10598","targetHints":{"allow":["GET"]}}],"collection":[{"href":"https:\/\/zoo.org\/es\/wp-json\/wp\/v2\/pages"}],"about":[{"href":"https:\/\/zoo.org\/es\/wp-json\/wp\/v2\/types\/page"}],"author":[{"embeddable":true,"href":"https:\/\/zoo.org\/es\/wp-json\/wp\/v2\/users\/1"}],"replies":[{"embeddable":true,"href":"https:\/\/zoo.org\/es\/wp-json\/wp\/v2\/comments?post=10598"}],"version-history":[{"count":0,"href":"https:\/\/zoo.org\/es\/wp-json\/wp\/v2\/pages\/10598\/revisions"}],"up":[{"embeddable":true,"href":"https:\/\/zoo.org\/es\/wp-json\/wp\/v2\/pages\/11139"}],"wp:featuredmedia":[{"embeddable":true,"href":"https:\/\/zoo.org\/es\/wp-json\/wp\/v2\/media\/10600"}],"wp:attachment":[{"href":"https:\/\/zoo.org\/es\/wp-json\/wp\/v2\/media?parent=10598"}],"curies":[{"name":"wp","href":"https:\/\/api.w.org\/{rel}","templated":true}]}}