{"id":10641,"date":"2025-09-22T16:05:03","date_gmt":"2025-09-22T23:05:03","guid":{"rendered":"https:\/\/zoo.org\/campamento-de-tortugas-de-estanque\/"},"modified":"2026-02-05T15:47:36","modified_gmt":"2026-02-05T23:47:36","slug":"campamento-de-tortugas-de-estanque","status":"publish","type":"page","link":"https:\/\/zoo.org\/es\/campamentos\/campamento-de-tortugas-de-estanque\/","title":{"rendered":"Campamento de tortugas de estanque"},"content":{"rendered":"\n<div class=\"wp-block-cover alignfull is-light hero\" style=\"margin-top:0;margin-bottom:0\"><img loading=\"lazy\" decoding=\"async\" width=\"1920\" height=\"400\" class=\"wp-block-cover__image-background wp-image-3487 size-full\" alt=\"\" src=\"https:\/\/zoo.org\/wp-content\/uploads\/2025\/08\/Support-Header-Image2.jpg\" data-object-fit=\"cover\" srcset=\"https:\/\/zoo.org\/wp-content\/uploads\/2025\/08\/Support-Header-Image2.jpg 1920w, https:\/\/zoo.org\/wp-content\/uploads\/2025\/08\/Support-Header-Image2-300x63.jpg 300w, https:\/\/zoo.org\/wp-content\/uploads\/2025\/08\/Support-Header-Image2-1024x213.jpg 1024w, https:\/\/zoo.org\/wp-content\/uploads\/2025\/08\/Support-Header-Image2-768x160.jpg 768w, https:\/\/zoo.org\/wp-content\/uploads\/2025\/08\/Support-Header-Image2-1536x320.jpg 1536w\" sizes=\"auto, (max-width: 1920px) 100vw, 1920px\" \/><span aria-hidden=\"true\" class=\"wp-block-cover__background has-background-dim-0 has-background-dim\" style=\"background-color:#999692\"><\/span><div class=\"wp-block-cover__inner-container is-layout-constrained wp-block-cover-is-layout-constrained\">\n<p class=\"has-text-align-center has-large-font-size\"><\/p>\n<\/div><\/div>\n\n<div class=\"wp-block-group is-layout-constrained wp-block-group-is-layout-constrained\" style=\"margin-top:2em;margin-bottom:3em\">\n<h1 class=\"wp-block-heading has-text-align-center\" style=\"margin-top:0.65em;margin-bottom:0.275em\">Tortugas de estanque<\/h1>\n\n\n\n<p class=\"has-text-align-center has-palette-color-3-color has-text-color has-link-color wp-elements-7e353a9aa8d26286818f254fa5252d8c\" style=\"margin-bottom:1em;font-size:clamp(0.984em, 0.984rem + ((1vw - 0.2em) * 0.645), 1.5em);font-style:normal;font-weight:500;line-height:1.5\"><strong>Campamento de d\u00eda completo para ni\u00f1os de 5 a 6 a\u00f1os<\/strong><\/p>\n<\/div>\n\n<div class=\"wp-block-group alignfull divider is-layout-constrained wp-block-group-is-layout-constrained\">\n<h2 class=\"wp-block-heading alignfull has-text-align-center\">DETALLES<\/h2>\n<\/div>\n\n<div class=\"wp-block-group has-palette-color-17-background-color has-background is-layout-constrained wp-block-group-is-layout-constrained\" style=\"margin-top:var(--wp--preset--spacing--60);margin-bottom:var(--wp--preset--spacing--60)\">\n<h3 class=\"wp-block-heading\">\u00danase a la lista de espera<\/h3>\n\n\n\n<p>\u00a1Gracias por su inter\u00e9s en nuestros campamentos de verano! Si el campamento de su elecci\u00f3n est\u00e1 agotado, inscr\u00edbase en la lista de espera seleccionando el bot\u00f3n \u00abInscribirse en campamentos\u00bb a continuaci\u00f3n. Una vez que haya una plaza disponible, recibir\u00e1 un mensaje autom\u00e1tico para completar su inscripci\u00f3n.  <\/p>\n<\/div>\n\n<h3 class=\"wp-block-heading\">Campamento de verano<\/h3>\n\n<p>En los grupos de Tortugas de Estanque, los ni\u00f1os descubren animales por todo el zool\u00f3gico, desarrollando habilidades como la empat\u00eda, la colaboraci\u00f3n entre compa\u00f1eros, la atenci\u00f3n plena y la investigaci\u00f3n cient\u00edfica. Una rutina diaria prepara a los campistas para el \u00e9xito escolar, incluyendo el c\u00edrculo matutino, refrigerios, almuerzos y descansos para ir al ba\u00f1o. La flexibilidad de la rutina permite a los instructores centrarse en las necesidades e intereses inmediatos de los campistas, convirtiendo cada d\u00eda en una nueva aventura.  <\/p>\n\n<div class=\"wp-block-group alignfull divider is-layout-constrained wp-block-group-is-layout-constrained\">\n<h2 class=\"wp-block-heading alignfull has-text-align-center\">Temas<\/h2>\n<\/div>\n\n<div class=\"wp-block-group is-layout-constrained wp-block-group-is-layout-constrained\" style=\"margin-top:var(--wp--preset--spacing--60);margin-bottom:var(--wp--preset--spacing--60)\"><style>.kt-sc5402_a5a54c-1c .kt-sc-imgcol, .kt-sc5402_a5a54c-1c .kt-sc-textcol{min-height:245px;}.kt-sc5402_a5a54c-1c .kt-sc-imgcol{background-size:cover;background-image:url(https:\/\/zoo.org\/wp-content\/uploads\/2025\/08\/RS33877_2-17_12_14-RT-lemur-1-ohi.jpg);}.kt-sc5402_a5a54c-1c .kt-sc-textcol{padding-top:1em;padding-right:1.5em;padding-bottom:1em;padding-left:1.5em;}@media all and (max-width: 767px){.kt-sc5402_a5a54c-1c .kt-sc-imgcol, .kt-sc5402_a5a54c-1c .kt-sc-textcol{min-height:275px;}}<\/style>\n<div class=\"aligncenter kt-sc5402_a5a54c-1c wp-block-kadence-splitcontent\"><div class=\"kt-split-content-wrap kt-sc-media-side-left\" style=\"grid-template-columns:32% auto\"><div class=\"kt-sc-imgcol kt-sc-imgcol-bg-cover kt-sc-img-side-left\"><\/div><div class=\"kt-sc-textcol kt-sc-text-valign-center kt-sc-text-halign-left\" style=\"background-color:var(--theme-palette-color-17, #E6E6E6)\"><div class=\"kt-sc-innter-col\">\n<h3 class=\"wp-block-heading\"><br\/>Travesuras de animales<\/h3>\n\n\n\n<p>Desde beb\u00e9s monos saltando hasta cr\u00edas de nutria saltando y cachorros de tigre acechando, el juego es el pasatiempo de ni\u00f1os de todas las especies. En este divertido campamento, los peque\u00f1os amantes de los animales jugar\u00e1n, har\u00e1n manualidades y disfrutar\u00e1n de historias que les mostrar\u00e1n la perspectiva de los animales de todo el mundo. <\/p>\n<\/div><\/div><\/div><\/div>\n<\/div>\n\n<div class=\"wp-block-group is-layout-constrained wp-block-group-is-layout-constrained\" style=\"margin-top:var(--wp--preset--spacing--60);margin-bottom:var(--wp--preset--spacing--60)\"><style>.kt-sc5402_000ea8-d2 .kt-sc-imgcol, .kt-sc5402_000ea8-d2 .kt-sc-textcol{min-height:245px;}.kt-sc5402_000ea8-d2 .kt-sc-imgcol{background-size:cover;background-image:url(https:\/\/zoo.org\/wp-content\/uploads\/2025\/08\/2019_08_08-pond-turtle-release-JDL-web.jpg);}.kt-sc5402_000ea8-d2 .kt-sc-textcol{padding-top:1em;padding-right:1.5em;padding-bottom:1em;padding-left:1.5em;}@media all and (max-width: 767px){.kt-sc5402_000ea8-d2 .kt-sc-imgcol, .kt-sc5402_000ea8-d2 .kt-sc-textcol{min-height:275px;}}<\/style>\n<div class=\"aligncenter kt-sc5402_000ea8-d2 wp-block-kadence-splitcontent\"><div class=\"kt-split-content-wrap kt-sc-media-side-left\" style=\"grid-template-columns:32% auto\"><div class=\"kt-sc-imgcol kt-sc-imgcol-bg-cover kt-sc-img-side-left\"><\/div><div class=\"kt-sc-textcol kt-sc-text-valign-center kt-sc-text-halign-left\" style=\"background-color:var(--theme-palette-color-17, #E6E6E6)\"><div class=\"kt-sc-innter-col\">\n<h3 class=\"wp-block-heading\">Comodidades para las criaturas<\/h3>\n\n\n\n<p>\u00bfQu\u00e9 necesitan los animales para mantenerse sanos? Cada especie es diferente, \u00a1pero todos tenemos mucho en com\u00fan! A trav\u00e9s de historias, observaci\u00f3n y juegos imaginativos, los campistas descubrir\u00e1n qu\u00e9 necesitan los animales para mantenerse sanos y c\u00f3mo la mayor\u00eda de esas necesidades son similares a las nuestras.  <\/p>\n<\/div><\/div><\/div><\/div>\n<\/div>\n\n<div class=\"wp-block-group alignfull divider is-layout-constrained wp-block-group-is-layout-constrained\">\n<h2 class=\"wp-block-heading alignfull has-text-align-center\">REGISTRO<\/h2>\n<\/div>\n\n<div class=\"wp-block-buttons is-content-justification-center is-layout-flex wp-container-core-buttons-is-layout-48d0e691 wp-block-buttons-is-layout-flex\" style=\"margin-top:var(--wp--preset--spacing--60);margin-bottom:var(--wp--preset--spacing--60)\">\n<div class=\"wp-block-button\"><a class=\"wp-block-button__link wp-element-button\" href=\"https:\/\/www.ultracamp.com\/info\/upcomingSessions.aspx?idCamp=1084&amp;campCode=WPZ&amp;lnkSubCategory1=Pond+Turtle\" target=\"_blank\" rel=\"noreferrer noopener\">INSCR\u00cdBETE EN LOS CAMPAMENTOS<\/a><\/div>\n\n\n\n<div class=\"wp-block-button\"><a class=\"wp-block-button__link wp-element-button\" href=\"https:\/\/zoo.org\/wp-content\/uploads\/2026\/01\/Camp-Schedule-2026.pdf\" target=\"_blank\" rel=\"noreferrer noopener\">Horarios y precios del campamento<\/a><\/div>\n<\/div>\n\n<div class=\"wp-block-columns is-layout-flex wp-container-core-columns-is-layout-e4af1a5e wp-block-columns-is-layout-flex\" style=\"margin-top:var(--wp--preset--spacing--50);margin-bottom:var(--wp--preset--spacing--50)\">\n<div class=\"wp-block-column has-palette-color-17-background-color has-background is-layout-flow wp-container-core-column-is-layout-492b06a7 wp-block-column-is-layout-flow\" style=\"padding-top:25px;padding-right:25px;padding-bottom:25px;padding-left:25px\">\n<h3 class=\"wp-block-heading\" style=\"margin-bottom:1em\">Informaci\u00f3n adicional del campamento<\/h3>\n\n\n\n<p style=\"margin-bottom:1em\">Descubra c\u00f3mo es un d\u00eda en el campamento, consulte nuestras preguntas frecuentes, lea nuestra Gu\u00eda para padres y m\u00e1s.<\/p>\n\n\n\n<p style=\"margin-bottom:1em\"><a href=\"https:\/\/zoo.org\/es\/campamentos\/informacion-adicional-del-campamento\/\"><strong>Obtenga m\u00e1s informaci\u00f3n sobre c\u00f3mo participar en el campamento<\/strong><\/a><\/p>\n<\/div>\n\n\n\n<div class=\"wp-block-column has-palette-color-17-background-color has-background is-layout-flow wp-container-core-column-is-layout-492b06a7 wp-block-column-is-layout-flow\" style=\"padding-top:25px;padding-right:25px;padding-bottom:25px;padding-left:25px\">\n<h3 class=\"wp-block-heading\" style=\"margin-bottom:1em\">Informaci\u00f3n de registro<\/h3>\n\n\n\n<p style=\"margin-bottom:1em\">Aprenda c\u00f3mo registrarse para campamentos, cuidados extendidos y becas.<\/p>\n\n\n\n<p style=\"margin-bottom:1em\"><a href=\"https:\/\/zoo.org\/es\/campamentos\/inscripcion-a-campamentos\/\">Obtenga m\u00e1s informaci\u00f3n sobre el registro<\/a><\/p>\n<\/div>\n<\/div>\n\n<div class=\"wp-block-columns is-layout-flex wp-container-core-columns-is-layout-e4af1a5e wp-block-columns-is-layout-flex\" style=\"margin-top:var(--wp--preset--spacing--50);margin-bottom:var(--wp--preset--spacing--50)\">\n<div class=\"wp-block-column has-palette-color-17-background-color has-background is-layout-flow wp-container-core-column-is-layout-492b06a7 wp-block-column-is-layout-flow\" style=\"padding-top:25px;padding-right:25px;padding-bottom:25px;padding-left:25px\">\n<h3 class=\"wp-block-heading\" style=\"margin-bottom:1em\">Seguridad y pol\u00edticas del campamento<\/h3>\n\n\n\n<p style=\"margin-bottom:1em\">Encuentre informaci\u00f3n sobre la seguridad del campamento y las pol\u00edticas del programa del zool\u00f3gico, incluyendo c\u00f3digos para ni\u00f1os, cancelaci\u00f3n o modificaci\u00f3n, plan para mal tiempo, listas de espera y solicitudes de grupos.   <\/p>\n\n\n\n<p style=\"margin-bottom:1em\"><a href=\"https:\/\/zoo.org\/es\/campamentos\/seguridad-y-politicas-del-campamento\/\">Visita la p\u00e1gina de Seguridad y Pol\u00edticas<\/a><\/p>\n<\/div>\n\n\n\n<div class=\"wp-block-column has-palette-color-17-background-color has-background is-layout-flow wp-container-core-column-is-layout-492b06a7 wp-block-column-is-layout-flow\" style=\"padding-top:25px;padding-right:25px;padding-bottom:25px;padding-left:25px\">\n<h3 class=\"wp-block-heading\" style=\"margin-bottom:1em\">Alojamiento e inclusi\u00f3n<\/h3>\n\n\n\n<p style=\"margin-bottom:1em\">Explore c\u00f3mo se ven la accesibilidad y la inclusi\u00f3n en el campamento a trav\u00e9s de preguntas frecuentes y recursos adicionales.  <\/p>\n\n\n\n<p style=\"margin-bottom:1em\"><a href=\"https:\/\/zoo.org\/es\/campamentos\/accesibilidad-del-campamento\/\"><strong>Aprenda sobre accesibilidad e inclusi\u00f3n en el campamento.<\/strong><\/a><\/p>\n<\/div>\n<\/div>\n\n<h3 class=\"wp-block-heading\">Cancelaci\u00f3n y modificaci\u00f3n de la inscripci\u00f3n al campamento<\/h3>\n\n<p><strong>Todos los programas requieren una tarifa no reembolsable de $50 que no se devolver\u00e1 independientemente de la fecha de cancelaci\u00f3n o modificaci\u00f3n.  <\/strong>A continuaci\u00f3n se muestran plazos de corte importantes adicionales para cancelaciones o modificaciones.<\/p>\n\n<ul class=\"wp-block-list\">\n<li>No se emitir\u00e1n reembolsos despu\u00e9s del 1 de junio.<\/li>\n\n\n\n<li>Despu\u00e9s del 1 de junio a las 9:00 a. m., no se reembolsar\u00e1n las cuotas del programa en caso de modificaci\u00f3n o cancelaci\u00f3n de su inscripci\u00f3n. Esto incluye, entre otras, las cuotas b\u00e1sicas, las cuotas no reembolsables y las cuotas de inscripci\u00f3n, as\u00ed como la atenci\u00f3n extendida. <\/li>\n\n\n\n<li>Modificaciones y cancelaciones podr\u00e1n realizarse hasta el 1 de junio.<\/li>\n\n\n\n<li>No se emitir\u00e1n reembolsos, recuperaciones ni cr\u00e9ditos por d\u00edas o semanas de campamento perdidos debido a enfermedad, conflictos de programaci\u00f3n o violaci\u00f3n de las pol\u00edticas del campamento.  <\/li>\n<\/ul>\n\n<h3 class=\"wp-block-heading\">\u00bfPreguntas?<\/h3>\n\n<p>Si tiene preguntas adicionales o necesita ayuda, cont\u00e1ctenos en <a href=\"mailto:camps@zoo.org\" target=\"_blank\" rel=\"noreferrer noopener\">camps@zoo.org<\/a> .<\/p>\n","protected":false},"excerpt":{"rendered":"<p>Tortugas de estanque Campamento de d\u00eda completo para ni\u00f1os de 5 a 6 a\u00f1os DETALLES Campamento de verano En los grupos de Tortugas de Estanque, los ni\u00f1os descubren animales por [&hellip;]<\/p>\n","protected":false},"author":1,"featured_media":10597,"parent":10595,"menu_order":0,"comment_status":"closed","ping_status":"closed","template":"","meta":{"_acf_changed":false,"_kad_blocks_custom_css":"","_kad_blocks_head_custom_js":"","_kad_blocks_body_custom_js":"","_kad_blocks_footer_custom_js":"","footnotes":""},"class_list":["post-10641","page","type-page","status-publish","has-post-thumbnail","hentry"],"blocksy_meta":[],"acf":[],"yoast_head":"<!-- This site is optimized with the Yoast SEO plugin v27.4 - https:\/\/yoast.com\/product\/yoast-seo-wordpress\/ -->\n<title>-<\/title>\n<meta name=\"description\" content=\"Para los m\u00e1s peque\u00f1os que ingresan al jard\u00edn de infantes, llene su verano con diversi\u00f3n de campamento en Woodland Park Zoo.\" \/>\n<meta name=\"robots\" content=\"index, follow, max-snippet:-1, max-image-preview:large, max-video-preview:-1\" \/>\n<link rel=\"canonical\" href=\"https:\/\/zoo.org\/es\/campamentos\/campamento-de-tortugas-de-estanque\/\" \/>\n<meta property=\"og:locale\" content=\"es_ES\" \/>\n<meta property=\"og:type\" content=\"article\" \/>\n<meta property=\"og:title\" content=\"-\" \/>\n<meta property=\"og:description\" content=\"Para los m\u00e1s peque\u00f1os que ingresan al jard\u00edn de infantes, llene su verano con diversi\u00f3n de campamento en Woodland Park Zoo.\" \/>\n<meta property=\"og:url\" content=\"https:\/\/zoo.org\/es\/campamentos\/campamento-de-tortugas-de-estanque\/\" \/>\n<meta property=\"og:site_name\" content=\"Zool\u00f3gico Woodland Park\" \/>\n<meta property=\"article:modified_time\" content=\"2026-02-05T23:47:36+00:00\" \/>\n<meta property=\"og:image\" content=\"https:\/\/zoo.org\/wp-content\/uploads\/2025\/09\/2014-08-14RHawk386SummerCamps.jpg?wsr\" \/>\n\t<meta property=\"og:image:width\" content=\"800\" \/>\n\t<meta property=\"og:image:height\" content=\"530\" \/>\n\t<meta property=\"og:image:type\" content=\"image\/jpeg\" \/>\n<meta name=\"twitter:card\" content=\"summary_large_image\" \/>\n<script type=\"application\/ld+json\" class=\"yoast-schema-graph\">{\"@context\":\"https:\\\/\\\/schema.org\",\"@graph\":[{\"@type\":\"WebPage\",\"@id\":\"https:\\\/\\\/zoo.org\\\/es\\\/campamentos\\\/campamento-de-tortugas-de-estanque\\\/\",\"url\":\"https:\\\/\\\/zoo.org\\\/es\\\/campamentos\\\/campamento-de-tortugas-de-estanque\\\/\",\"name\":\"-\",\"isPartOf\":{\"@id\":\"https:\\\/\\\/zoo.org\\\/es\\\/#website\"},\"primaryImageOfPage\":{\"@id\":\"https:\\\/\\\/zoo.org\\\/es\\\/campamentos\\\/campamento-de-tortugas-de-estanque\\\/#primaryimage\"},\"image\":{\"@id\":\"https:\\\/\\\/zoo.org\\\/es\\\/campamentos\\\/campamento-de-tortugas-de-estanque\\\/#primaryimage\"},\"thumbnailUrl\":\"https:\\\/\\\/zoo.org\\\/wp-content\\\/uploads\\\/2025\\\/09\\\/2014-08-14RHawk386SummerCamps.jpg?wsr\",\"datePublished\":\"2025-09-22T23:05:03+00:00\",\"dateModified\":\"2026-02-05T23:47:36+00:00\",\"description\":\"Para los m\u00e1s peque\u00f1os que ingresan al jard\u00edn de infantes, llene su verano con diversi\u00f3n de campamento en Woodland Park Zoo.\",\"breadcrumb\":{\"@id\":\"https:\\\/\\\/zoo.org\\\/es\\\/campamentos\\\/campamento-de-tortugas-de-estanque\\\/#breadcrumb\"},\"inLanguage\":\"es\",\"potentialAction\":[{\"@type\":\"ReadAction\",\"target\":[\"https:\\\/\\\/zoo.org\\\/es\\\/campamentos\\\/campamento-de-tortugas-de-estanque\\\/\"]}]},{\"@type\":\"ImageObject\",\"inLanguage\":\"es\",\"@id\":\"https:\\\/\\\/zoo.org\\\/es\\\/campamentos\\\/campamento-de-tortugas-de-estanque\\\/#primaryimage\",\"url\":\"https:\\\/\\\/zoo.org\\\/wp-content\\\/uploads\\\/2025\\\/09\\\/2014-08-14RHawk386SummerCamps.jpg?wsr\",\"contentUrl\":\"https:\\\/\\\/zoo.org\\\/wp-content\\\/uploads\\\/2025\\\/09\\\/2014-08-14RHawk386SummerCamps.jpg?wsr\",\"width\":800,\"height\":530,\"caption\":\"Un grupo de ni\u00f1os y adultos, la mayor\u00eda con camisetas amarillas iguales, juegan y caminan por una pasarela de madera rodeada de \u00e1rboles y acantilados rocosos en un d\u00eda soleado. Un ni\u00f1o al frente salta con entusiasmo.\"},{\"@type\":\"BreadcrumbList\",\"@id\":\"https:\\\/\\\/zoo.org\\\/es\\\/campamentos\\\/campamento-de-tortugas-de-estanque\\\/#breadcrumb\",\"itemListElement\":[{\"@type\":\"ListItem\",\"position\":1,\"name\":\"Hogar\",\"item\":\"https:\\\/\\\/zoo.org\\\/es\\\/\"},{\"@type\":\"ListItem\",\"position\":2,\"name\":\"Campamentos\",\"item\":\"https:\\\/\\\/zoo.org\\\/es\\\/campamentos\\\/\"},{\"@type\":\"ListItem\",\"position\":3,\"name\":\"Campamento de tortugas de estanque\"}]},{\"@type\":\"WebSite\",\"@id\":\"https:\\\/\\\/zoo.org\\\/es\\\/#website\",\"url\":\"https:\\\/\\\/zoo.org\\\/es\\\/\",\"name\":\"Zool\u00f3gico Woodland Park\",\"description\":\"El Zool\u00f3gico Woodland Park salva la vida silvestre e inspira a todos a hacer de la conservaci\u00f3n una prioridad en sus vidas.\",\"publisher\":{\"@id\":\"https:\\\/\\\/zoo.org\\\/es\\\/#organization\"},\"potentialAction\":[{\"@type\":\"SearchAction\",\"target\":{\"@type\":\"EntryPoint\",\"urlTemplate\":\"https:\\\/\\\/zoo.org\\\/es\\\/?s={search_term_string}\"},\"query-input\":{\"@type\":\"PropertyValueSpecification\",\"valueRequired\":true,\"valueName\":\"search_term_string\"}}],\"inLanguage\":\"es\"},{\"@type\":\"Organization\",\"@id\":\"https:\\\/\\\/zoo.org\\\/es\\\/#organization\",\"name\":\"Zool\u00f3gico Woodland Park\",\"url\":\"https:\\\/\\\/zoo.org\\\/es\\\/\",\"logo\":{\"@type\":\"ImageObject\",\"inLanguage\":\"es\",\"@id\":\"https:\\\/\\\/zoo.org\\\/es\\\/#\\\/schema\\\/logo\\\/image\\\/\",\"url\":\"https:\\\/\\\/zoo.org\\\/wp-content\\\/uploads\\\/2026\\\/01\\\/WPZ-Logo_white-SVG.svg?wsr\",\"contentUrl\":\"https:\\\/\\\/zoo.org\\\/wp-content\\\/uploads\\\/2026\\\/01\\\/WPZ-Logo_white-SVG.svg?wsr\",\"width\":288,\"height\":282,\"caption\":\"Zool\u00f3gico Woodland Park\"},\"image\":{\"@id\":\"https:\\\/\\\/zoo.org\\\/es\\\/#\\\/schema\\\/logo\\\/image\\\/\"}}]}<\/script>\n<!-- \/ Yoast SEO plugin. -->","yoast_head_json":{"title":"-","description":"Para los m\u00e1s peque\u00f1os que ingresan al jard\u00edn de infantes, llene su verano con diversi\u00f3n de campamento en Woodland Park Zoo.","robots":{"index":"index","follow":"follow","max-snippet":"max-snippet:-1","max-image-preview":"max-image-preview:large","max-video-preview":"max-video-preview:-1"},"canonical":"https:\/\/zoo.org\/es\/campamentos\/campamento-de-tortugas-de-estanque\/","og_locale":"es_ES","og_type":"article","og_title":"-","og_description":"Para los m\u00e1s peque\u00f1os que ingresan al jard\u00edn de infantes, llene su verano con diversi\u00f3n de campamento en Woodland Park Zoo.","og_url":"https:\/\/zoo.org\/es\/campamentos\/campamento-de-tortugas-de-estanque\/","og_site_name":"Zool\u00f3gico Woodland Park","article_modified_time":"2026-02-05T23:47:36+00:00","og_image":[{"width":800,"height":530,"url":"https:\/\/zoo.org\/wp-content\/uploads\/2025\/09\/2014-08-14RHawk386SummerCamps.jpg?wsr","type":"image\/jpeg"}],"twitter_card":"summary_large_image","schema":{"@context":"https:\/\/schema.org","@graph":[{"@type":"WebPage","@id":"https:\/\/zoo.org\/es\/campamentos\/campamento-de-tortugas-de-estanque\/","url":"https:\/\/zoo.org\/es\/campamentos\/campamento-de-tortugas-de-estanque\/","name":"-","isPartOf":{"@id":"https:\/\/zoo.org\/es\/#website"},"primaryImageOfPage":{"@id":"https:\/\/zoo.org\/es\/campamentos\/campamento-de-tortugas-de-estanque\/#primaryimage"},"image":{"@id":"https:\/\/zoo.org\/es\/campamentos\/campamento-de-tortugas-de-estanque\/#primaryimage"},"thumbnailUrl":"https:\/\/zoo.org\/wp-content\/uploads\/2025\/09\/2014-08-14RHawk386SummerCamps.jpg?wsr","datePublished":"2025-09-22T23:05:03+00:00","dateModified":"2026-02-05T23:47:36+00:00","description":"Para los m\u00e1s peque\u00f1os que ingresan al jard\u00edn de infantes, llene su verano con diversi\u00f3n de campamento en Woodland Park Zoo.","breadcrumb":{"@id":"https:\/\/zoo.org\/es\/campamentos\/campamento-de-tortugas-de-estanque\/#breadcrumb"},"inLanguage":"es","potentialAction":[{"@type":"ReadAction","target":["https:\/\/zoo.org\/es\/campamentos\/campamento-de-tortugas-de-estanque\/"]}]},{"@type":"ImageObject","inLanguage":"es","@id":"https:\/\/zoo.org\/es\/campamentos\/campamento-de-tortugas-de-estanque\/#primaryimage","url":"https:\/\/zoo.org\/wp-content\/uploads\/2025\/09\/2014-08-14RHawk386SummerCamps.jpg?wsr","contentUrl":"https:\/\/zoo.org\/wp-content\/uploads\/2025\/09\/2014-08-14RHawk386SummerCamps.jpg?wsr","width":800,"height":530,"caption":"Un grupo de ni\u00f1os y adultos, la mayor\u00eda con camisetas amarillas iguales, juegan y caminan por una pasarela de madera rodeada de \u00e1rboles y acantilados rocosos en un d\u00eda soleado. Un ni\u00f1o al frente salta con entusiasmo."},{"@type":"BreadcrumbList","@id":"https:\/\/zoo.org\/es\/campamentos\/campamento-de-tortugas-de-estanque\/#breadcrumb","itemListElement":[{"@type":"ListItem","position":1,"name":"Hogar","item":"https:\/\/zoo.org\/es\/"},{"@type":"ListItem","position":2,"name":"Campamentos","item":"https:\/\/zoo.org\/es\/campamentos\/"},{"@type":"ListItem","position":3,"name":"Campamento de tortugas de estanque"}]},{"@type":"WebSite","@id":"https:\/\/zoo.org\/es\/#website","url":"https:\/\/zoo.org\/es\/","name":"Zool\u00f3gico Woodland Park","description":"El Zool\u00f3gico Woodland Park salva la vida silvestre e inspira a todos a hacer de la conservaci\u00f3n una prioridad en sus vidas.","publisher":{"@id":"https:\/\/zoo.org\/es\/#organization"},"potentialAction":[{"@type":"SearchAction","target":{"@type":"EntryPoint","urlTemplate":"https:\/\/zoo.org\/es\/?s={search_term_string}"},"query-input":{"@type":"PropertyValueSpecification","valueRequired":true,"valueName":"search_term_string"}}],"inLanguage":"es"},{"@type":"Organization","@id":"https:\/\/zoo.org\/es\/#organization","name":"Zool\u00f3gico Woodland Park","url":"https:\/\/zoo.org\/es\/","logo":{"@type":"ImageObject","inLanguage":"es","@id":"https:\/\/zoo.org\/es\/#\/schema\/logo\/image\/","url":"https:\/\/zoo.org\/wp-content\/uploads\/2026\/01\/WPZ-Logo_white-SVG.svg?wsr","contentUrl":"https:\/\/zoo.org\/wp-content\/uploads\/2026\/01\/WPZ-Logo_white-SVG.svg?wsr","width":288,"height":282,"caption":"Zool\u00f3gico Woodland Park"},"image":{"@id":"https:\/\/zoo.org\/es\/#\/schema\/logo\/image\/"}}]}},"taxonomy_info":[],"featured_image_src_large":["https:\/\/zoo.org\/wp-content\/uploads\/2025\/09\/2014-08-14RHawk386SummerCamps.jpg?wsr",800,530,false],"author_info":{"display_name":"jloughlin","author_link":"https:\/\/zoo.org\/es\/author\/jloughlin\/"},"comment_info":0,"_links":{"self":[{"href":"https:\/\/zoo.org\/es\/wp-json\/wp\/v2\/pages\/10641","targetHints":{"allow":["GET"]}}],"collection":[{"href":"https:\/\/zoo.org\/es\/wp-json\/wp\/v2\/pages"}],"about":[{"href":"https:\/\/zoo.org\/es\/wp-json\/wp\/v2\/types\/page"}],"author":[{"embeddable":true,"href":"https:\/\/zoo.org\/es\/wp-json\/wp\/v2\/users\/1"}],"replies":[{"embeddable":true,"href":"https:\/\/zoo.org\/es\/wp-json\/wp\/v2\/comments?post=10641"}],"version-history":[{"count":0,"href":"https:\/\/zoo.org\/es\/wp-json\/wp\/v2\/pages\/10641\/revisions"}],"up":[{"embeddable":true,"href":"https:\/\/zoo.org\/es\/wp-json\/wp\/v2\/pages\/10595"}],"wp:featuredmedia":[{"embeddable":true,"href":"https:\/\/zoo.org\/es\/wp-json\/wp\/v2\/media\/10597"}],"wp:attachment":[{"href":"https:\/\/zoo.org\/es\/wp-json\/wp\/v2\/media?parent=10641"}],"curies":[{"name":"wp","href":"https:\/\/api.w.org\/{rel}","templated":true}]}}