{"id":10701,"date":"2025-09-23T15:25:09","date_gmt":"2025-09-23T22:25:09","guid":{"rendered":"https:\/\/zoo.org\/inscripcion-a-campamentos\/"},"modified":"2026-02-23T12:18:46","modified_gmt":"2026-02-23T20:18:46","slug":"inscripcion-a-campamentos","status":"publish","type":"page","link":"https:\/\/zoo.org\/es\/campamentos\/inscripcion-a-campamentos\/","title":{"rendered":"Inscripci\u00f3n a campamentos"},"content":{"rendered":"\n<div class=\"wp-block-cover alignfull is-light hero\" style=\"margin-top:0;margin-bottom:0\"><img loading=\"lazy\" decoding=\"async\" width=\"1920\" height=\"400\" class=\"wp-block-cover__image-background wp-image-3487 size-full\" alt=\"\" src=\"https:\/\/zoo.org\/wp-content\/uploads\/2025\/08\/Support-Header-Image2.jpg\" data-object-fit=\"cover\" srcset=\"https:\/\/zoo.org\/wp-content\/uploads\/2025\/08\/Support-Header-Image2.jpg 1920w, https:\/\/zoo.org\/wp-content\/uploads\/2025\/08\/Support-Header-Image2-300x63.jpg 300w, https:\/\/zoo.org\/wp-content\/uploads\/2025\/08\/Support-Header-Image2-1024x213.jpg 1024w, https:\/\/zoo.org\/wp-content\/uploads\/2025\/08\/Support-Header-Image2-768x160.jpg 768w, https:\/\/zoo.org\/wp-content\/uploads\/2025\/08\/Support-Header-Image2-1536x320.jpg 1536w\" sizes=\"auto, (max-width: 1920px) 100vw, 1920px\" \/><span aria-hidden=\"true\" class=\"wp-block-cover__background has-background-dim-0 has-background-dim\" style=\"background-color:#999692\"><\/span><div class=\"wp-block-cover__inner-container is-layout-constrained wp-block-cover-is-layout-constrained\">\n<p class=\"has-text-align-center has-large-font-size\"><\/p>\n<\/div><\/div>\n\n<div class=\"wp-block-group is-layout-constrained wp-block-group-is-layout-constrained\" style=\"margin-top:2em;margin-bottom:3em\">\n<h1 class=\"wp-block-heading has-text-align-center\" style=\"margin-top:0.65em;margin-bottom:0.275em\">REGISTRO<\/h1>\n\n\n\n<p class=\"has-text-align-center has-palette-color-3-color has-text-color has-link-color wp-elements-e21ad027e1f050b3bdf80022548a7cb5\" style=\"margin-bottom:1em;font-size:clamp(0.984em, 0.984rem + ((1vw - 0.2em) * 0.645), 1.5em);font-style:normal;font-weight:500;line-height:1.5\"><strong>Informaci\u00f3n sobre inscripci\u00f3n al campamento, atenci\u00f3n extendida y becas.<\/strong><\/p>\n<\/div>\n\n<div class=\"wp-block-group alignfull divider is-layout-constrained wp-block-group-is-layout-constrained\">\n<h2 class=\"wp-block-heading alignfull has-text-align-center\">REGISTRO<\/h2>\n<\/div>\n\n<div class=\"wp-block-group has-palette-color-17-background-color has-background is-layout-constrained wp-block-group-is-layout-constrained\" style=\"margin-top:var(--wp--preset--spacing--60);margin-bottom:var(--wp--preset--spacing--60)\">\n<h3 class=\"wp-block-heading\">\u00danase a la lista de espera<\/h3>\n\n\n\n<p>\u00a1Gracias por su inter\u00e9s en nuestros campamentos de verano! Si el campamento de su elecci\u00f3n est\u00e1 agotado, inscr\u00edbase en la lista de espera seleccionando el bot\u00f3n \u00abInscribirse en campamentos\u00bb a continuaci\u00f3n. Una vez que haya una plaza disponible, recibir\u00e1 un mensaje autom\u00e1tico para completar su inscripci\u00f3n.  <\/p>\n<\/div>\n\n<div class=\"wp-block-buttons is-content-justification-center is-layout-flex wp-container-core-buttons-is-layout-48d0e691 wp-block-buttons-is-layout-flex\" style=\"margin-top:var(--wp--preset--spacing--60);margin-bottom:var(--wp--preset--spacing--60)\">\n<div class=\"wp-block-button\"><a class=\"wp-block-button__link wp-element-button\" href=\"https:\/\/www.ultracamp.com\/info\/upcomingSessions.aspx?idCamp=1084&amp;campCode=WPZ&amp;lnkCategory=Summer+Camp\" target=\"_blank\" rel=\"noreferrer noopener\">INSCR\u00cdBETE EN LOS CAMPAMENTOS<\/a><\/div>\n\n\n\n<div class=\"wp-block-button\"><a class=\"wp-block-button__link wp-element-button\" href=\"https:\/\/zoo.org\/wp-content\/uploads\/2026\/01\/Camp-Schedule-2026.pdf\" target=\"_blank\" rel=\"noreferrer noopener\">Horarios y precios del campamento<\/a><\/div>\n<\/div>\n\n<h3 class=\"wp-block-heading\">\u00bfPreguntas?<\/h3>\n\n<p>Si tiene preguntas adicionales o necesita ayuda, cont\u00e1ctenos en <a href=\"mailto:camps@zoo.org\" target=\"_blank\" rel=\"noreferrer noopener\">camps@zoo.org<\/a> .<\/p>\n\n<div class=\"wp-block-group alignfull divider is-layout-constrained wp-block-group-is-layout-constrained\">\n<h2 class=\"wp-block-heading alignfull has-text-align-center\">SOLICITUDES DE BECAS<\/h2>\n<\/div>\n\n<h3 class=\"wp-block-heading\">Becas de campamento<\/h3>\n\n<p><strong>Gracias por su inter\u00e9s en nuestro programa de campamento de verano. Lamentablemente, ya se han agotado los fondos disponibles para becas. <\/strong><\/p>\n\n<p>No dude en comunicarse con nosotros a <a href=\"correo a:%20camps@zoo.org\" target=\"_blank\" rel=\"noreferrer noopener\">camps@zoo.org<\/a> si tiene alguna pregunta.<\/p>\n\n<div class=\"wp-block-group alignfull divider is-layout-constrained wp-block-group-is-layout-constrained\">\n<h2 class=\"wp-block-heading alignfull has-text-align-center\">CUIDADO EXTENDIDO<\/h2>\n<\/div>\n\n<h3 class=\"wp-block-heading\">Programa de atenci\u00f3n extendida<\/h3>\n\n<p>La entrada y salida de los animales de cuidado prolongado se realizar\u00e1 al norte del estacionamiento Flamingo, en una entrada peatonal con personal, justo despu\u00e9s de la torre de agua. Esta es una entrada externa al zool\u00f3gico que permite un acceso r\u00e1pido a nuestro edificio Zoomazium, donde se ofrece el cuidado prolongado. <\/p>\n\n<p>La entrada al Flamingo Lot est\u00e1 en la esquina de 50th y Phinney.<\/p>\n\n<p><strong>Cuidado extendido matutino*: 8:00 a. m. a 9:00 a. m., martes a viernes<\/strong><br\/> <strong>Cuidado extendido por la tarde: 3:30 p. m. a 5:30 p. m., de lunes a viernes<\/strong><br\/><br\/> <strong>Costo:<\/strong> $60 por cuidado extendido por la ma\u00f1ana*, $120 por cuidado extendido por la tarde<strong> <\/strong><\/p>\n\n<p><strong>*\u00bfPor qu\u00e9 no se ofrece cuidado extendido por la ma\u00f1ana los lunes durante el campamento de verano?  <\/strong>Dado que el primer d\u00eda de la semana del campamento es un per\u00edodo de preparaci\u00f3n intenso para el personal, no podemos dejar a los campistas antes de hora los lunes. Disculpen las molestias. <\/p>\n\n<h3 class=\"wp-block-heading\">Agregar atenci\u00f3n extendida<\/h3>\n\n<p>Las opciones de Cuidado Extendido est\u00e1n disponibles durante el proceso de registro en l\u00ednea, pero pueden a\u00f1adirse en cualquier momento. Se recomienda preinscribirse para Cuidado Extendido, ya que el cupo es limitado. <\/p>\n\n<p>Si ya ha registrado a su hijo para el campamento, puede agregar Cuidado Extendido iniciando sesi\u00f3n en su <a href=\"https:\/\/www.ultracamp.com\/clientlogin.aspx?idCamp=1084&amp;campCode=WPZ\" target=\"_blank\" rel=\"noreferrer noopener\">cuenta UltraCamp<\/a> y editando su reserva.<\/p>\n\n<h3 class=\"wp-block-heading\">Cancelaci\u00f3n y modificaci\u00f3n de la atenci\u00f3n prolongada<\/h3>\n\n<p>Si hay espacio disponible, se puede agregar atenci\u00f3n extendida antes de la fecha de inicio de la sesi\u00f3n.<\/p>\n\n<p><strong>Todos los programas requieren una tarifa no reembolsable de $50 que no se devolver\u00e1 independientemente de la fecha de cancelaci\u00f3n o modificaci\u00f3n.  <\/strong>A continuaci\u00f3n se muestran plazos de corte importantes adicionales para cancelaciones o modificaciones.<\/p>\n\n<ul class=\"wp-block-list\">\n<li>No se emitir\u00e1n reembolsos despu\u00e9s del 1 de junio.<\/li>\n\n\n\n<li>  Despu\u00e9s del 1 de junio a las 9:00 a. m. PST, no se reembolsar\u00e1n las cuotas del programa en caso de modificaci\u00f3n o cancelaci\u00f3n de su inscripci\u00f3n. Esto incluye, entre otras, las cuotas b\u00e1sicas, las cuotas no reembolsables y las cuotas de inscripci\u00f3n, as\u00ed como la atenci\u00f3n extendida.  <\/li>\n\n\n\n<li>Modificaciones y cancelaciones podr\u00e1n realizarse hasta el 1 de junio.<\/li>\n\n\n\n<li>No se emitir\u00e1n reembolsos, recuperaciones ni cr\u00e9ditos por d\u00edas o semanas de campamento perdidos debido a enfermedad, conflictos de programaci\u00f3n o violaci\u00f3n de las pol\u00edticas del campamento.  <\/li>\n\n\n\n<li>No se emitir\u00e1n reembolsos, recuperaciones ni cr\u00e9ditos por d\u00edas o semanas de campamento perdidos debido a enfermedad, conflictos de programaci\u00f3n o violaci\u00f3n de las pol\u00edticas del campamento.  <\/li>\n<\/ul>\n\n<p><a href=\"https:\/\/zoo.org\/es\/campamentos\/seguridad-y-politicas-del-campamento\/\">Para obtener informaci\u00f3n sobre los cargos por pagos atrasados \u200b\u200bde atenci\u00f3n extendida, visite nuestra p\u00e1gina de Pol\u00edticas y seguridad.<\/a> <\/p>\n","protected":false},"excerpt":{"rendered":"<p>REGISTRO Informaci\u00f3n sobre inscripci\u00f3n al campamento, atenci\u00f3n extendida y becas. REGISTRO \u00bfPreguntas? Si tiene preguntas adicionales o necesita ayuda, cont\u00e1ctenos en camps@zoo.org . SOLICITUDES DE BECAS Becas de campamento Gracias [&hellip;]<\/p>\n","protected":false},"author":1,"featured_media":10597,"parent":10595,"menu_order":0,"comment_status":"closed","ping_status":"closed","template":"","meta":{"_acf_changed":false,"_kad_blocks_custom_css":"","_kad_blocks_head_custom_js":"","_kad_blocks_body_custom_js":"","_kad_blocks_footer_custom_js":"","footnotes":""},"class_list":["post-10701","page","type-page","status-publish","has-post-thumbnail","hentry"],"blocksy_meta":[],"acf":[],"yoast_head":"<!-- This site is optimized with the Yoast SEO plugin v27.4 - https:\/\/yoast.com\/product\/yoast-seo-wordpress\/ -->\n<title>-<\/title>\n<meta name=\"description\" content=\"Inscripci\u00f3n para campamentos de verano en Woodland Park Zoo.\" \/>\n<meta name=\"robots\" content=\"index, follow, max-snippet:-1, max-image-preview:large, max-video-preview:-1\" \/>\n<link rel=\"canonical\" href=\"https:\/\/zoo.org\/es\/campamentos\/inscripcion-a-campamentos\/\" \/>\n<meta property=\"og:locale\" content=\"es_ES\" \/>\n<meta property=\"og:type\" content=\"article\" \/>\n<meta property=\"og:title\" content=\"-\" \/>\n<meta property=\"og:description\" content=\"Inscripci\u00f3n para campamentos de verano en Woodland Park Zoo.\" \/>\n<meta property=\"og:url\" content=\"https:\/\/zoo.org\/es\/campamentos\/inscripcion-a-campamentos\/\" \/>\n<meta property=\"og:site_name\" content=\"Zool\u00f3gico Woodland Park\" \/>\n<meta property=\"article:modified_time\" content=\"2026-02-23T20:18:46+00:00\" \/>\n<meta property=\"og:image\" content=\"https:\/\/zoo.org\/wp-content\/uploads\/2025\/09\/2014-08-14RHawk386SummerCamps.jpg?wsr\" \/>\n\t<meta property=\"og:image:width\" content=\"800\" \/>\n\t<meta property=\"og:image:height\" content=\"530\" \/>\n\t<meta property=\"og:image:type\" content=\"image\/jpeg\" \/>\n<meta name=\"twitter:card\" content=\"summary_large_image\" \/>\n<script type=\"application\/ld+json\" class=\"yoast-schema-graph\">{\"@context\":\"https:\\\/\\\/schema.org\",\"@graph\":[{\"@type\":\"WebPage\",\"@id\":\"https:\\\/\\\/zoo.org\\\/es\\\/campamentos\\\/inscripcion-a-campamentos\\\/\",\"url\":\"https:\\\/\\\/zoo.org\\\/es\\\/campamentos\\\/inscripcion-a-campamentos\\\/\",\"name\":\"-\",\"isPartOf\":{\"@id\":\"https:\\\/\\\/zoo.org\\\/es\\\/#website\"},\"primaryImageOfPage\":{\"@id\":\"https:\\\/\\\/zoo.org\\\/es\\\/campamentos\\\/inscripcion-a-campamentos\\\/#primaryimage\"},\"image\":{\"@id\":\"https:\\\/\\\/zoo.org\\\/es\\\/campamentos\\\/inscripcion-a-campamentos\\\/#primaryimage\"},\"thumbnailUrl\":\"https:\\\/\\\/zoo.org\\\/wp-content\\\/uploads\\\/2025\\\/09\\\/2014-08-14RHawk386SummerCamps.jpg?wsr\",\"datePublished\":\"2025-09-23T22:25:09+00:00\",\"dateModified\":\"2026-02-23T20:18:46+00:00\",\"description\":\"Inscripci\u00f3n para campamentos de verano en Woodland Park Zoo.\",\"breadcrumb\":{\"@id\":\"https:\\\/\\\/zoo.org\\\/es\\\/campamentos\\\/inscripcion-a-campamentos\\\/#breadcrumb\"},\"inLanguage\":\"es\",\"potentialAction\":[{\"@type\":\"ReadAction\",\"target\":[\"https:\\\/\\\/zoo.org\\\/es\\\/campamentos\\\/inscripcion-a-campamentos\\\/\"]}]},{\"@type\":\"ImageObject\",\"inLanguage\":\"es\",\"@id\":\"https:\\\/\\\/zoo.org\\\/es\\\/campamentos\\\/inscripcion-a-campamentos\\\/#primaryimage\",\"url\":\"https:\\\/\\\/zoo.org\\\/wp-content\\\/uploads\\\/2025\\\/09\\\/2014-08-14RHawk386SummerCamps.jpg?wsr\",\"contentUrl\":\"https:\\\/\\\/zoo.org\\\/wp-content\\\/uploads\\\/2025\\\/09\\\/2014-08-14RHawk386SummerCamps.jpg?wsr\",\"width\":800,\"height\":530,\"caption\":\"Un grupo de ni\u00f1os y adultos, la mayor\u00eda con camisetas amarillas iguales, juegan y caminan por una pasarela de madera rodeada de \u00e1rboles y acantilados rocosos en un d\u00eda soleado. Un ni\u00f1o al frente salta con entusiasmo.\"},{\"@type\":\"BreadcrumbList\",\"@id\":\"https:\\\/\\\/zoo.org\\\/es\\\/campamentos\\\/inscripcion-a-campamentos\\\/#breadcrumb\",\"itemListElement\":[{\"@type\":\"ListItem\",\"position\":1,\"name\":\"Hogar\",\"item\":\"https:\\\/\\\/zoo.org\\\/es\\\/\"},{\"@type\":\"ListItem\",\"position\":2,\"name\":\"Campamentos\",\"item\":\"https:\\\/\\\/zoo.org\\\/es\\\/campamentos\\\/\"},{\"@type\":\"ListItem\",\"position\":3,\"name\":\"Inscripci\u00f3n a campamentos\"}]},{\"@type\":\"WebSite\",\"@id\":\"https:\\\/\\\/zoo.org\\\/es\\\/#website\",\"url\":\"https:\\\/\\\/zoo.org\\\/es\\\/\",\"name\":\"Zool\u00f3gico Woodland Park\",\"description\":\"El Zool\u00f3gico Woodland Park salva la vida silvestre e inspira a todos a hacer de la conservaci\u00f3n una prioridad en sus vidas.\",\"publisher\":{\"@id\":\"https:\\\/\\\/zoo.org\\\/es\\\/#organization\"},\"potentialAction\":[{\"@type\":\"SearchAction\",\"target\":{\"@type\":\"EntryPoint\",\"urlTemplate\":\"https:\\\/\\\/zoo.org\\\/es\\\/?s={search_term_string}\"},\"query-input\":{\"@type\":\"PropertyValueSpecification\",\"valueRequired\":true,\"valueName\":\"search_term_string\"}}],\"inLanguage\":\"es\"},{\"@type\":\"Organization\",\"@id\":\"https:\\\/\\\/zoo.org\\\/es\\\/#organization\",\"name\":\"Zool\u00f3gico Woodland Park\",\"url\":\"https:\\\/\\\/zoo.org\\\/es\\\/\",\"logo\":{\"@type\":\"ImageObject\",\"inLanguage\":\"es\",\"@id\":\"https:\\\/\\\/zoo.org\\\/es\\\/#\\\/schema\\\/logo\\\/image\\\/\",\"url\":\"https:\\\/\\\/zoo.org\\\/wp-content\\\/uploads\\\/2026\\\/01\\\/WPZ-Logo_white-SVG.svg?wsr\",\"contentUrl\":\"https:\\\/\\\/zoo.org\\\/wp-content\\\/uploads\\\/2026\\\/01\\\/WPZ-Logo_white-SVG.svg?wsr\",\"width\":288,\"height\":282,\"caption\":\"Zool\u00f3gico Woodland Park\"},\"image\":{\"@id\":\"https:\\\/\\\/zoo.org\\\/es\\\/#\\\/schema\\\/logo\\\/image\\\/\"}}]}<\/script>\n<!-- \/ Yoast SEO plugin. -->","yoast_head_json":{"title":"-","description":"Inscripci\u00f3n para campamentos de verano en Woodland Park Zoo.","robots":{"index":"index","follow":"follow","max-snippet":"max-snippet:-1","max-image-preview":"max-image-preview:large","max-video-preview":"max-video-preview:-1"},"canonical":"https:\/\/zoo.org\/es\/campamentos\/inscripcion-a-campamentos\/","og_locale":"es_ES","og_type":"article","og_title":"-","og_description":"Inscripci\u00f3n para campamentos de verano en Woodland Park Zoo.","og_url":"https:\/\/zoo.org\/es\/campamentos\/inscripcion-a-campamentos\/","og_site_name":"Zool\u00f3gico Woodland Park","article_modified_time":"2026-02-23T20:18:46+00:00","og_image":[{"width":800,"height":530,"url":"https:\/\/zoo.org\/wp-content\/uploads\/2025\/09\/2014-08-14RHawk386SummerCamps.jpg?wsr","type":"image\/jpeg"}],"twitter_card":"summary_large_image","schema":{"@context":"https:\/\/schema.org","@graph":[{"@type":"WebPage","@id":"https:\/\/zoo.org\/es\/campamentos\/inscripcion-a-campamentos\/","url":"https:\/\/zoo.org\/es\/campamentos\/inscripcion-a-campamentos\/","name":"-","isPartOf":{"@id":"https:\/\/zoo.org\/es\/#website"},"primaryImageOfPage":{"@id":"https:\/\/zoo.org\/es\/campamentos\/inscripcion-a-campamentos\/#primaryimage"},"image":{"@id":"https:\/\/zoo.org\/es\/campamentos\/inscripcion-a-campamentos\/#primaryimage"},"thumbnailUrl":"https:\/\/zoo.org\/wp-content\/uploads\/2025\/09\/2014-08-14RHawk386SummerCamps.jpg?wsr","datePublished":"2025-09-23T22:25:09+00:00","dateModified":"2026-02-23T20:18:46+00:00","description":"Inscripci\u00f3n para campamentos de verano en Woodland Park Zoo.","breadcrumb":{"@id":"https:\/\/zoo.org\/es\/campamentos\/inscripcion-a-campamentos\/#breadcrumb"},"inLanguage":"es","potentialAction":[{"@type":"ReadAction","target":["https:\/\/zoo.org\/es\/campamentos\/inscripcion-a-campamentos\/"]}]},{"@type":"ImageObject","inLanguage":"es","@id":"https:\/\/zoo.org\/es\/campamentos\/inscripcion-a-campamentos\/#primaryimage","url":"https:\/\/zoo.org\/wp-content\/uploads\/2025\/09\/2014-08-14RHawk386SummerCamps.jpg?wsr","contentUrl":"https:\/\/zoo.org\/wp-content\/uploads\/2025\/09\/2014-08-14RHawk386SummerCamps.jpg?wsr","width":800,"height":530,"caption":"Un grupo de ni\u00f1os y adultos, la mayor\u00eda con camisetas amarillas iguales, juegan y caminan por una pasarela de madera rodeada de \u00e1rboles y acantilados rocosos en un d\u00eda soleado. Un ni\u00f1o al frente salta con entusiasmo."},{"@type":"BreadcrumbList","@id":"https:\/\/zoo.org\/es\/campamentos\/inscripcion-a-campamentos\/#breadcrumb","itemListElement":[{"@type":"ListItem","position":1,"name":"Hogar","item":"https:\/\/zoo.org\/es\/"},{"@type":"ListItem","position":2,"name":"Campamentos","item":"https:\/\/zoo.org\/es\/campamentos\/"},{"@type":"ListItem","position":3,"name":"Inscripci\u00f3n a campamentos"}]},{"@type":"WebSite","@id":"https:\/\/zoo.org\/es\/#website","url":"https:\/\/zoo.org\/es\/","name":"Zool\u00f3gico Woodland Park","description":"El Zool\u00f3gico Woodland Park salva la vida silvestre e inspira a todos a hacer de la conservaci\u00f3n una prioridad en sus vidas.","publisher":{"@id":"https:\/\/zoo.org\/es\/#organization"},"potentialAction":[{"@type":"SearchAction","target":{"@type":"EntryPoint","urlTemplate":"https:\/\/zoo.org\/es\/?s={search_term_string}"},"query-input":{"@type":"PropertyValueSpecification","valueRequired":true,"valueName":"search_term_string"}}],"inLanguage":"es"},{"@type":"Organization","@id":"https:\/\/zoo.org\/es\/#organization","name":"Zool\u00f3gico Woodland Park","url":"https:\/\/zoo.org\/es\/","logo":{"@type":"ImageObject","inLanguage":"es","@id":"https:\/\/zoo.org\/es\/#\/schema\/logo\/image\/","url":"https:\/\/zoo.org\/wp-content\/uploads\/2026\/01\/WPZ-Logo_white-SVG.svg?wsr","contentUrl":"https:\/\/zoo.org\/wp-content\/uploads\/2026\/01\/WPZ-Logo_white-SVG.svg?wsr","width":288,"height":282,"caption":"Zool\u00f3gico Woodland Park"},"image":{"@id":"https:\/\/zoo.org\/es\/#\/schema\/logo\/image\/"}}]}},"taxonomy_info":[],"featured_image_src_large":["https:\/\/zoo.org\/wp-content\/uploads\/2025\/09\/2014-08-14RHawk386SummerCamps.jpg?wsr",800,530,false],"author_info":{"display_name":"jloughlin","author_link":"https:\/\/zoo.org\/es\/author\/jloughlin\/"},"comment_info":0,"_links":{"self":[{"href":"https:\/\/zoo.org\/es\/wp-json\/wp\/v2\/pages\/10701","targetHints":{"allow":["GET"]}}],"collection":[{"href":"https:\/\/zoo.org\/es\/wp-json\/wp\/v2\/pages"}],"about":[{"href":"https:\/\/zoo.org\/es\/wp-json\/wp\/v2\/types\/page"}],"author":[{"embeddable":true,"href":"https:\/\/zoo.org\/es\/wp-json\/wp\/v2\/users\/1"}],"replies":[{"embeddable":true,"href":"https:\/\/zoo.org\/es\/wp-json\/wp\/v2\/comments?post=10701"}],"version-history":[{"count":0,"href":"https:\/\/zoo.org\/es\/wp-json\/wp\/v2\/pages\/10701\/revisions"}],"up":[{"embeddable":true,"href":"https:\/\/zoo.org\/es\/wp-json\/wp\/v2\/pages\/10595"}],"wp:featuredmedia":[{"embeddable":true,"href":"https:\/\/zoo.org\/es\/wp-json\/wp\/v2\/media\/10597"}],"wp:attachment":[{"href":"https:\/\/zoo.org\/es\/wp-json\/wp\/v2\/media?parent=10701"}],"curies":[{"name":"wp","href":"https:\/\/api.w.org\/{rel}","templated":true}]}}