{"id":10721,"date":"2025-09-23T15:30:07","date_gmt":"2025-09-23T22:30:07","guid":{"rendered":"https:\/\/zoo.org\/seguridad-y-politicas-del-campamento\/"},"modified":"2026-01-29T09:36:09","modified_gmt":"2026-01-29T17:36:09","slug":"seguridad-y-politicas-del-campamento","status":"publish","type":"page","link":"https:\/\/zoo.org\/es\/campamentos\/seguridad-y-politicas-del-campamento\/","title":{"rendered":"Seguridad y pol\u00edticas del campamento"},"content":{"rendered":"\n<div class=\"wp-block-cover alignfull is-light hero\" style=\"margin-top:0;margin-bottom:0\"><img loading=\"lazy\" decoding=\"async\" width=\"1920\" height=\"400\" class=\"wp-block-cover__image-background wp-image-3487 size-full\" alt=\"\" src=\"https:\/\/zoo.org\/wp-content\/uploads\/2025\/08\/Support-Header-Image2.jpg\" data-object-fit=\"cover\" srcset=\"https:\/\/zoo.org\/wp-content\/uploads\/2025\/08\/Support-Header-Image2.jpg 1920w, https:\/\/zoo.org\/wp-content\/uploads\/2025\/08\/Support-Header-Image2-300x63.jpg 300w, https:\/\/zoo.org\/wp-content\/uploads\/2025\/08\/Support-Header-Image2-1024x213.jpg 1024w, https:\/\/zoo.org\/wp-content\/uploads\/2025\/08\/Support-Header-Image2-768x160.jpg 768w, https:\/\/zoo.org\/wp-content\/uploads\/2025\/08\/Support-Header-Image2-1536x320.jpg 1536w\" sizes=\"auto, (max-width: 1920px) 100vw, 1920px\" \/><span aria-hidden=\"true\" class=\"wp-block-cover__background has-background-dim-0 has-background-dim\" style=\"background-color:#999692\"><\/span><div class=\"wp-block-cover__inner-container is-layout-constrained wp-block-cover-is-layout-constrained\">\n<p class=\"has-text-align-center has-large-font-size\"><\/p>\n<\/div><\/div>\n\n<div class=\"wp-block-group is-layout-constrained wp-block-group-is-layout-constrained\" style=\"margin-top:2em;margin-bottom:3em\">\n<h1 class=\"wp-block-heading has-text-align-center\" style=\"margin-top:0.65em;margin-bottom:0.275em\">SEGURIDAD Y POL\u00cdTICAS DE LOS CAMPAMENTOS<\/h1>\n\n\n\n<p class=\"has-text-align-center has-palette-color-3-color has-text-color has-link-color wp-elements-2cf9df939f32f6173f1816d33a3c60e8\" style=\"margin-bottom:1em;font-size:clamp(0.984em, 0.984rem + ((1vw - 0.2em) * 0.645), 1.5em);font-style:normal;font-weight:500;line-height:1.5\"><strong>Informaci\u00f3n sobre los detalles de las Pol\u00edticas de Seguridad de los Campamentos<\/strong><\/p>\n<\/div>\n\n<div class=\"wp-block-group alignfull divider is-layout-constrained wp-block-group-is-layout-constrained\">\n<h2 class=\"wp-block-heading alignfull has-text-align-center\">POL\u00cdTICAS Y SEGURIDAD<\/h2>\n<\/div>\n\n<h3 class=\"wp-block-heading\">Cancelaci\u00f3n y modificaci\u00f3n de la inscripci\u00f3n al campamento<\/h3>\n\n<p><strong>Todos los programas requieren una tarifa no reembolsable de $50 que no se devolver\u00e1 independientemente de la fecha de cancelaci\u00f3n o modificaci\u00f3n.  <\/strong>A continuaci\u00f3n se muestran plazos de corte importantes adicionales para cancelaciones o modificaciones.<\/p>\n\n<ul class=\"wp-block-list\">\n<li>No se emitir\u00e1n reembolsos despu\u00e9s del 1 de junio.<\/li>\n\n\n\n<li>Despu\u00e9s del 1 de junio a las 9:00 a. m. PST, no se reembolsar\u00e1n las cuotas del programa en caso de modificaci\u00f3n o cancelaci\u00f3n de su inscripci\u00f3n. Esto incluye, entre otras, las cuotas b\u00e1sicas, las cuotas no reembolsables y las cuotas de inscripci\u00f3n, as\u00ed como la atenci\u00f3n extendida.  <\/li>\n\n\n\n<li>Modificaciones y cancelaciones podr\u00e1n realizarse hasta el 1 de junio.<\/li>\n\n\n\n<li>No se emitir\u00e1n reembolsos, recuperaciones ni cr\u00e9ditos por d\u00edas o semanas de campamento perdidos debido a enfermedad, conflictos de programaci\u00f3n o violaci\u00f3n de las pol\u00edticas del campamento.  <\/li>\n<\/ul>\n\n<h3 class=\"wp-block-heading\">Cargos por pagos atrasados  <\/h3>\n\n<p>Por favor, aseg\u00farese de llegar puntual a recoger a su hijo. Si se retrasa, se le cobrar\u00e1 un recargo por demora.   <a href=\"https:\/\/www.ultracamp.com\/payment.aspx?idCamp=1084&amp;campCode=WPZ&amp;action=paymentOnly\" target=\"_blank\" rel=\"noreferrer noopener\"><strong>Esta tarifa se agregar\u00e1 a tu cuenta UltraCamp para que puedas pagarla en l\u00ednea.<\/strong><\/a>  Utilizaremos el reloj del tel\u00e9fono celular del campamento para determinar los cargos por pagos atrasados.<\/p>\n\n<ul class=\"wp-block-list\">\n<li><strong>Cargos por retraso en el campamento (para todos los programas del campamento)<\/strong> : si llega 5 minutos o m\u00e1s tarde a la recogida <strong>, se le cobrar\u00e1 un cargo de $5.00 por minuto hasta su llegada.<\/strong><\/li>\n\n\n\n<li><strong>Cargos por retraso en el programa de Cuidado Extendido:<\/strong> El programa termina a las 5:30 p. m. Si llega despu\u00e9s de las 5:30 p. m., se le cobrar\u00e1 un cargo de $5.00 por minuto. <\/li>\n<\/ul>\n\n<h3 class=\"wp-block-heading\">Informaci\u00f3n de la lista de espera<\/h3>\n\n<p>Si la sesi\u00f3n de campamento de su preferencia est\u00e1 completa, puede <strong>inscribirse en l\u00ednea en nuestra lista de espera<\/strong> . Si hay cupo disponible, nuestro sistema de lista de espera enviar\u00e1 ofertas autom\u00e1ticamente y tendr\u00e1 un tiempo limitado para aceptar o rechazar su plaza. <\/p>\n\n<h3 class=\"wp-block-heading\">Solicitud de amistad  <\/h3>\n\n<p>Durante la inscripci\u00f3n, pueden <strong>solicitar una agrupaci\u00f3n conjunta.<\/strong> Para ser ubicados juntos, ambos campistas deben estar en el mismo programa y tener su cuenta de UltraCamp registrada. Si bien hacemos todo lo posible por respetar su preferencia de agrupaci\u00f3n, <strong>tenga en cuenta que nunca podemos garantizar que los ni\u00f1os sean agrupados juntos.<\/strong> <\/p>\n\n<h3 class=\"wp-block-heading\">C\u00f3digos para ni\u00f1os<\/h3>\n\n<p>Consideramos el sistema Kid Code como vital para garantizar la seguridad de todos los ni\u00f1os en el campamento. Gracias de antemano por respetar esta pol\u00edtica y al personal que la hace cumplir. <\/p>\n\n<ul class=\"wp-block-list\">\n<li>Al inscribir a su hijo\/a en el campamento, se le pedir\u00e1 que cree un C\u00f3digo de Ni\u00f1o. Este es un c\u00f3digo secreto que solo conocen los adultos autorizados para recogerlo\/a. El personal solo entregar\u00e1 a un ni\u00f1o\/a a un adulto que proporcione el C\u00f3digo de Ni\u00f1o correcto. En lugar del C\u00f3digo de Ni\u00f1o, tambi\u00e9n podemos aceptar una identificaci\u00f3n oficial v\u00e1lida del adulto que inscribi\u00f3 a su hijo\/a o de cualquiera de las personas indicadas como contactos de emergencia.     <\/li>\n\n\n\n<li>Si una persona llega a recoger a su hijo sin saber el C\u00f3digo del ni\u00f1o, o si el ni\u00f1o dice el C\u00f3digo del ni\u00f1o en voz alta frente a un adulto que llega antes de retirarlo, necesitaremos comunicarnos con usted o con una persona que figure como contacto de emergencia para obtener permiso antes de poder entregarle a su hijo.<\/li>\n\n\n\n<li>Por razones de seguridad, no podemos entregar c\u00f3digos infantiles por tel\u00e9fono si se olvidan. Sin embargo, podemos confirmar si el c\u00f3digo que nos proporciona es correcto. Tambi\u00e9n podemos record\u00e1rselo al dejar a su hijo\/a al inicio del campamento.  <\/li>\n\n\n\n<li>Tambi\u00e9n puedes consultar el C\u00f3digo del Ni\u00f1o, as\u00ed como las solicitudes de compa\u00f1eros, tallas de camiseta y alojamiento en tu cuenta de UltraCamp. <a href=\"https:\/\/zoo.org\/wp-content\/uploads\/2026\/01\/Tutorial-Edit-Reservation-Information.pdf\" target=\"_blank\" rel=\"noreferrer noopener\">Accede a tu cuenta del campamento aqu\u00ed<\/a> .<\/li>\n<\/ul>\n\n<h4 class=\"wp-block-heading\"><br\/>Pautas del C\u00f3digo Infantil<\/h4>\n\n<ul class=\"wp-block-list\">\n<li>Seleccione un c\u00f3digo o frase de una o dos palabras, preferiblemente en ingl\u00e9s.<\/li>\n\n\n\n<li>Por razones de seguridad, nunca utilice el nombre de un ni\u00f1o, un apodo o el nombre de un padre como C\u00f3digo del Ni\u00f1o (el nombre de una mascota, etc. est\u00e1 bien).<\/li>\n\n\n\n<li>Por favor, no le diga a su hijo su C\u00f3digo Infantil, o si lo hace, expl\u00edquele la importancia de mantenerlo en secreto y no decirlo en voz alta mientras est\u00e9 en el campamento.<\/li>\n<\/ul>\n\n<h3 class=\"wp-block-heading\">COVID-19<\/h3>\n\n<p>Seguiremos las directrices vigentes del Departamento de Salud del Estado de Washington. Para consultar las directrices actuales, <a href=\"https:\/\/doh.wa.gov\/emergencies\/covid-19\/isolation-and-quarantine-covid-19\" target=\"_blank\" rel=\"noreferrer noopener\">haga clic aqu\u00ed<\/a> . Para obtener m\u00e1s informaci\u00f3n sobre las directrices para escuelas y guarder\u00edas, visite el <a href=\"https:\/\/doh.wa.gov\/emergencies\/covid-19\/resources-and-recommendations\" target=\"_blank\" rel=\"noreferrer noopener\">sitio web del Departamento de Salud del Estado de Washington<\/a> .  <\/p>\n\n<h3 class=\"wp-block-heading\">Plan para inclemencias del tiempo  <\/h3>\n\n<p>Los l\u00edderes del zool\u00f3gico monitorear\u00e1n los d\u00edas de calor intenso y los eventos de mala calidad del aire, y tomar\u00e1n las medidas necesarias para garantizar la seguridad de los campistas y el personal en caso de mal tiempo. Estas medidas pueden incluir, entre otras, comunicarse con el personal y los cuidadores de los campistas, reducir las actividades intensas al aire libre, trasladar el campamento al interior y cancelarlo. Entendemos que las familias decidan mantener a los campistas en casa durante el mal tiempo. Tenga en cuenta que no ofrecemos reembolsos a menos que el Zool\u00f3gico Woodland Park lo cancele.     <\/p>\n\n<h3 class=\"wp-block-heading\">Pol\u00edticas de seguridad infantil<\/h3>\n\n<p>El Zool\u00f3gico Woodland Park se compromete a brindar una experiencia segura y saludable para los ni\u00f1os. Para garantizar la seguridad de los campistas, todo el personal del campamento ha sido sometido a una verificaci\u00f3n de antecedentes y est\u00e1 capacitado en primeros auxilios y pol\u00edticas de seguridad. Contamos con un equipo de t\u00e9cnicos en emergencias m\u00e9dicas en el Zool\u00f3gico Woodland Park para atender cualquier necesidad de primeros auxilios que pueda surgir.  <\/p>\n\n<p><strong>El personal est\u00e1 capacitado para crear un entorno de apoyo haciendo lo siguiente:<\/strong><\/p>\n\n<ul class=\"wp-block-list\">\n<li>Utilizando un tono de voz tranquilo y respetuoso, un lenguaje positivo, expresiones faciales que coincidan con el estado de \u00e1nimo del ni\u00f1o y validando sus sentimientos.<\/li>\n\n\n\n<li>Utilizar t\u00e9cnicas de orientaci\u00f3n para ayudar a adaptarse a las rutinas y actividades del campamento, incluido el entrenamiento, el modelado de roles, la redirecci\u00f3n y el establecimiento de expectativas.<\/li>\n\n\n\n<li>Ofrecer oportunidades de elecci\u00f3n y aprendizaje dirigido por los ni\u00f1os.<\/li>\n\n\n\n<li>Fomentar la interacci\u00f3n positiva entre los ni\u00f1os ofreciendo actividades colaborativas y modelando habilidades sociales.<\/li>\n\n\n\n<li>Usando los pronombres del joven o su nombre preferido.<\/li>\n<\/ul>\n\n<h3 class=\"wp-block-heading\">Pol\u00edtica de Respeto y Conducta<\/h3>\n\n<p>En nuestros campamentos zool\u00f3gicos, priorizamos la seguridad y el bienestar de nuestros campistas, personal y animales. Para mantener un ambiente positivo e inclusivo, no se tolerar\u00e1n los siguientes comportamientos inapropiados, ni por parte de los campistas ni de sus cuidadores. <\/p>\n\n<ul class=\"wp-block-list\">\n<li>Lenguaje grosero o agresivo<\/li>\n\n\n\n<li>Actos o amenazas de violencia<\/li>\n\n\n\n<li>Insultos basados en la identidad (por ejemplo, raza, g\u00e9nero, capacidad, religi\u00f3n o antecedentes)<\/li>\n\n\n\n<li>Acoso o intimidaci\u00f3n persistente<\/li>\n<\/ul>\n\n<p>Nos reservamos el derecho de despedir a los campistas cuyo comportamiento, o el de sus cuidadores, consideremos que ha violado esta pol\u00edtica.<\/p>\n\n<h3 class=\"wp-block-heading\">\u00bfPreguntas?<\/h3>\n\n<p>Si tiene preguntas adicionales o necesita ayuda, cont\u00e1ctenos en <a href=\"mailto:camps@zoo.org\" target=\"_blank\" rel=\"noreferrer noopener\">camps@zoo.org<\/a> .<\/p>\n","protected":false},"excerpt":{"rendered":"<p>SEGURIDAD Y POL\u00cdTICAS DE LOS CAMPAMENTOS Informaci\u00f3n sobre los detalles de las Pol\u00edticas de Seguridad de los Campamentos POL\u00cdTICAS Y SEGURIDAD Cancelaci\u00f3n y modificaci\u00f3n de la inscripci\u00f3n al campamento Todos [&hellip;]<\/p>\n","protected":false},"author":1,"featured_media":10597,"parent":10595,"menu_order":0,"comment_status":"closed","ping_status":"closed","template":"","meta":{"_acf_changed":false,"_kad_blocks_custom_css":"","_kad_blocks_head_custom_js":"","_kad_blocks_body_custom_js":"","_kad_blocks_footer_custom_js":"","footnotes":""},"class_list":["post-10721","page","type-page","status-publish","has-post-thumbnail","hentry"],"blocksy_meta":[],"acf":[],"yoast_head":"<!-- This site is optimized with the Yoast SEO plugin v27.4 - https:\/\/yoast.com\/product\/yoast-seo-wordpress\/ -->\n<title>-<\/title>\n<meta name=\"description\" content=\"El zool\u00f3gico Woodland Park ofrece el campamento de d\u00eda m\u00e1s salvaje para estudiantes j\u00f3venes en la regi\u00f3n de Puget Sound.\" \/>\n<meta name=\"robots\" content=\"index, follow, max-snippet:-1, max-image-preview:large, max-video-preview:-1\" \/>\n<link rel=\"canonical\" href=\"https:\/\/zoo.org\/es\/campamentos\/seguridad-y-politicas-del-campamento\/\" \/>\n<meta property=\"og:locale\" content=\"es_ES\" \/>\n<meta property=\"og:type\" content=\"article\" \/>\n<meta property=\"og:title\" content=\"-\" \/>\n<meta property=\"og:description\" content=\"El zool\u00f3gico Woodland Park ofrece el campamento de d\u00eda m\u00e1s salvaje para estudiantes j\u00f3venes en la regi\u00f3n de Puget Sound.\" \/>\n<meta property=\"og:url\" content=\"https:\/\/zoo.org\/es\/campamentos\/seguridad-y-politicas-del-campamento\/\" \/>\n<meta property=\"og:site_name\" content=\"Zool\u00f3gico Woodland Park\" \/>\n<meta property=\"article:modified_time\" content=\"2026-01-29T17:36:09+00:00\" \/>\n<meta property=\"og:image\" content=\"https:\/\/zoo.org\/wp-content\/uploads\/2025\/09\/2014-08-14RHawk386SummerCamps.jpg?wsr\" \/>\n\t<meta property=\"og:image:width\" content=\"800\" \/>\n\t<meta property=\"og:image:height\" content=\"530\" \/>\n\t<meta property=\"og:image:type\" content=\"image\/jpeg\" \/>\n<meta name=\"twitter:card\" content=\"summary_large_image\" \/>\n<script type=\"application\/ld+json\" class=\"yoast-schema-graph\">{\"@context\":\"https:\\\/\\\/schema.org\",\"@graph\":[{\"@type\":\"WebPage\",\"@id\":\"https:\\\/\\\/zoo.org\\\/es\\\/campamentos\\\/seguridad-y-politicas-del-campamento\\\/\",\"url\":\"https:\\\/\\\/zoo.org\\\/es\\\/campamentos\\\/seguridad-y-politicas-del-campamento\\\/\",\"name\":\"-\",\"isPartOf\":{\"@id\":\"https:\\\/\\\/zoo.org\\\/es\\\/#website\"},\"primaryImageOfPage\":{\"@id\":\"https:\\\/\\\/zoo.org\\\/es\\\/campamentos\\\/seguridad-y-politicas-del-campamento\\\/#primaryimage\"},\"image\":{\"@id\":\"https:\\\/\\\/zoo.org\\\/es\\\/campamentos\\\/seguridad-y-politicas-del-campamento\\\/#primaryimage\"},\"thumbnailUrl\":\"https:\\\/\\\/zoo.org\\\/wp-content\\\/uploads\\\/2025\\\/09\\\/2014-08-14RHawk386SummerCamps.jpg?wsr\",\"datePublished\":\"2025-09-23T22:30:07+00:00\",\"dateModified\":\"2026-01-29T17:36:09+00:00\",\"description\":\"El zool\u00f3gico Woodland Park ofrece el campamento de d\u00eda m\u00e1s salvaje para estudiantes j\u00f3venes en la regi\u00f3n de Puget Sound.\",\"breadcrumb\":{\"@id\":\"https:\\\/\\\/zoo.org\\\/es\\\/campamentos\\\/seguridad-y-politicas-del-campamento\\\/#breadcrumb\"},\"inLanguage\":\"es\",\"potentialAction\":[{\"@type\":\"ReadAction\",\"target\":[\"https:\\\/\\\/zoo.org\\\/es\\\/campamentos\\\/seguridad-y-politicas-del-campamento\\\/\"]}]},{\"@type\":\"ImageObject\",\"inLanguage\":\"es\",\"@id\":\"https:\\\/\\\/zoo.org\\\/es\\\/campamentos\\\/seguridad-y-politicas-del-campamento\\\/#primaryimage\",\"url\":\"https:\\\/\\\/zoo.org\\\/wp-content\\\/uploads\\\/2025\\\/09\\\/2014-08-14RHawk386SummerCamps.jpg?wsr\",\"contentUrl\":\"https:\\\/\\\/zoo.org\\\/wp-content\\\/uploads\\\/2025\\\/09\\\/2014-08-14RHawk386SummerCamps.jpg?wsr\",\"width\":800,\"height\":530,\"caption\":\"Un grupo de ni\u00f1os y adultos, la mayor\u00eda con camisetas amarillas iguales, juegan y caminan por una pasarela de madera rodeada de \u00e1rboles y acantilados rocosos en un d\u00eda soleado. Un ni\u00f1o al frente salta con entusiasmo.\"},{\"@type\":\"BreadcrumbList\",\"@id\":\"https:\\\/\\\/zoo.org\\\/es\\\/campamentos\\\/seguridad-y-politicas-del-campamento\\\/#breadcrumb\",\"itemListElement\":[{\"@type\":\"ListItem\",\"position\":1,\"name\":\"Hogar\",\"item\":\"https:\\\/\\\/zoo.org\\\/es\\\/\"},{\"@type\":\"ListItem\",\"position\":2,\"name\":\"Campamentos\",\"item\":\"https:\\\/\\\/zoo.org\\\/es\\\/campamentos\\\/\"},{\"@type\":\"ListItem\",\"position\":3,\"name\":\"Seguridad y pol\u00edticas del campamento\"}]},{\"@type\":\"WebSite\",\"@id\":\"https:\\\/\\\/zoo.org\\\/es\\\/#website\",\"url\":\"https:\\\/\\\/zoo.org\\\/es\\\/\",\"name\":\"Zool\u00f3gico Woodland Park\",\"description\":\"El Zool\u00f3gico Woodland Park salva la vida silvestre e inspira a todos a hacer de la conservaci\u00f3n una prioridad en sus vidas.\",\"publisher\":{\"@id\":\"https:\\\/\\\/zoo.org\\\/es\\\/#organization\"},\"potentialAction\":[{\"@type\":\"SearchAction\",\"target\":{\"@type\":\"EntryPoint\",\"urlTemplate\":\"https:\\\/\\\/zoo.org\\\/es\\\/?s={search_term_string}\"},\"query-input\":{\"@type\":\"PropertyValueSpecification\",\"valueRequired\":true,\"valueName\":\"search_term_string\"}}],\"inLanguage\":\"es\"},{\"@type\":\"Organization\",\"@id\":\"https:\\\/\\\/zoo.org\\\/es\\\/#organization\",\"name\":\"Zool\u00f3gico Woodland Park\",\"url\":\"https:\\\/\\\/zoo.org\\\/es\\\/\",\"logo\":{\"@type\":\"ImageObject\",\"inLanguage\":\"es\",\"@id\":\"https:\\\/\\\/zoo.org\\\/es\\\/#\\\/schema\\\/logo\\\/image\\\/\",\"url\":\"https:\\\/\\\/zoo.org\\\/wp-content\\\/uploads\\\/2026\\\/01\\\/WPZ-Logo_white-SVG.svg?wsr\",\"contentUrl\":\"https:\\\/\\\/zoo.org\\\/wp-content\\\/uploads\\\/2026\\\/01\\\/WPZ-Logo_white-SVG.svg?wsr\",\"width\":288,\"height\":282,\"caption\":\"Zool\u00f3gico Woodland Park\"},\"image\":{\"@id\":\"https:\\\/\\\/zoo.org\\\/es\\\/#\\\/schema\\\/logo\\\/image\\\/\"}}]}<\/script>\n<!-- \/ Yoast SEO plugin. -->","yoast_head_json":{"title":"-","description":"El zool\u00f3gico Woodland Park ofrece el campamento de d\u00eda m\u00e1s salvaje para estudiantes j\u00f3venes en la regi\u00f3n de Puget Sound.","robots":{"index":"index","follow":"follow","max-snippet":"max-snippet:-1","max-image-preview":"max-image-preview:large","max-video-preview":"max-video-preview:-1"},"canonical":"https:\/\/zoo.org\/es\/campamentos\/seguridad-y-politicas-del-campamento\/","og_locale":"es_ES","og_type":"article","og_title":"-","og_description":"El zool\u00f3gico Woodland Park ofrece el campamento de d\u00eda m\u00e1s salvaje para estudiantes j\u00f3venes en la regi\u00f3n de Puget Sound.","og_url":"https:\/\/zoo.org\/es\/campamentos\/seguridad-y-politicas-del-campamento\/","og_site_name":"Zool\u00f3gico Woodland Park","article_modified_time":"2026-01-29T17:36:09+00:00","og_image":[{"width":800,"height":530,"url":"https:\/\/zoo.org\/wp-content\/uploads\/2025\/09\/2014-08-14RHawk386SummerCamps.jpg?wsr","type":"image\/jpeg"}],"twitter_card":"summary_large_image","schema":{"@context":"https:\/\/schema.org","@graph":[{"@type":"WebPage","@id":"https:\/\/zoo.org\/es\/campamentos\/seguridad-y-politicas-del-campamento\/","url":"https:\/\/zoo.org\/es\/campamentos\/seguridad-y-politicas-del-campamento\/","name":"-","isPartOf":{"@id":"https:\/\/zoo.org\/es\/#website"},"primaryImageOfPage":{"@id":"https:\/\/zoo.org\/es\/campamentos\/seguridad-y-politicas-del-campamento\/#primaryimage"},"image":{"@id":"https:\/\/zoo.org\/es\/campamentos\/seguridad-y-politicas-del-campamento\/#primaryimage"},"thumbnailUrl":"https:\/\/zoo.org\/wp-content\/uploads\/2025\/09\/2014-08-14RHawk386SummerCamps.jpg?wsr","datePublished":"2025-09-23T22:30:07+00:00","dateModified":"2026-01-29T17:36:09+00:00","description":"El zool\u00f3gico Woodland Park ofrece el campamento de d\u00eda m\u00e1s salvaje para estudiantes j\u00f3venes en la regi\u00f3n de Puget Sound.","breadcrumb":{"@id":"https:\/\/zoo.org\/es\/campamentos\/seguridad-y-politicas-del-campamento\/#breadcrumb"},"inLanguage":"es","potentialAction":[{"@type":"ReadAction","target":["https:\/\/zoo.org\/es\/campamentos\/seguridad-y-politicas-del-campamento\/"]}]},{"@type":"ImageObject","inLanguage":"es","@id":"https:\/\/zoo.org\/es\/campamentos\/seguridad-y-politicas-del-campamento\/#primaryimage","url":"https:\/\/zoo.org\/wp-content\/uploads\/2025\/09\/2014-08-14RHawk386SummerCamps.jpg?wsr","contentUrl":"https:\/\/zoo.org\/wp-content\/uploads\/2025\/09\/2014-08-14RHawk386SummerCamps.jpg?wsr","width":800,"height":530,"caption":"Un grupo de ni\u00f1os y adultos, la mayor\u00eda con camisetas amarillas iguales, juegan y caminan por una pasarela de madera rodeada de \u00e1rboles y acantilados rocosos en un d\u00eda soleado. Un ni\u00f1o al frente salta con entusiasmo."},{"@type":"BreadcrumbList","@id":"https:\/\/zoo.org\/es\/campamentos\/seguridad-y-politicas-del-campamento\/#breadcrumb","itemListElement":[{"@type":"ListItem","position":1,"name":"Hogar","item":"https:\/\/zoo.org\/es\/"},{"@type":"ListItem","position":2,"name":"Campamentos","item":"https:\/\/zoo.org\/es\/campamentos\/"},{"@type":"ListItem","position":3,"name":"Seguridad y pol\u00edticas del campamento"}]},{"@type":"WebSite","@id":"https:\/\/zoo.org\/es\/#website","url":"https:\/\/zoo.org\/es\/","name":"Zool\u00f3gico Woodland Park","description":"El Zool\u00f3gico Woodland Park salva la vida silvestre e inspira a todos a hacer de la conservaci\u00f3n una prioridad en sus vidas.","publisher":{"@id":"https:\/\/zoo.org\/es\/#organization"},"potentialAction":[{"@type":"SearchAction","target":{"@type":"EntryPoint","urlTemplate":"https:\/\/zoo.org\/es\/?s={search_term_string}"},"query-input":{"@type":"PropertyValueSpecification","valueRequired":true,"valueName":"search_term_string"}}],"inLanguage":"es"},{"@type":"Organization","@id":"https:\/\/zoo.org\/es\/#organization","name":"Zool\u00f3gico Woodland Park","url":"https:\/\/zoo.org\/es\/","logo":{"@type":"ImageObject","inLanguage":"es","@id":"https:\/\/zoo.org\/es\/#\/schema\/logo\/image\/","url":"https:\/\/zoo.org\/wp-content\/uploads\/2026\/01\/WPZ-Logo_white-SVG.svg?wsr","contentUrl":"https:\/\/zoo.org\/wp-content\/uploads\/2026\/01\/WPZ-Logo_white-SVG.svg?wsr","width":288,"height":282,"caption":"Zool\u00f3gico Woodland Park"},"image":{"@id":"https:\/\/zoo.org\/es\/#\/schema\/logo\/image\/"}}]}},"taxonomy_info":[],"featured_image_src_large":["https:\/\/zoo.org\/wp-content\/uploads\/2025\/09\/2014-08-14RHawk386SummerCamps.jpg?wsr",800,530,false],"author_info":{"display_name":"jloughlin","author_link":"https:\/\/zoo.org\/es\/author\/jloughlin\/"},"comment_info":0,"_links":{"self":[{"href":"https:\/\/zoo.org\/es\/wp-json\/wp\/v2\/pages\/10721","targetHints":{"allow":["GET"]}}],"collection":[{"href":"https:\/\/zoo.org\/es\/wp-json\/wp\/v2\/pages"}],"about":[{"href":"https:\/\/zoo.org\/es\/wp-json\/wp\/v2\/types\/page"}],"author":[{"embeddable":true,"href":"https:\/\/zoo.org\/es\/wp-json\/wp\/v2\/users\/1"}],"replies":[{"embeddable":true,"href":"https:\/\/zoo.org\/es\/wp-json\/wp\/v2\/comments?post=10721"}],"version-history":[{"count":0,"href":"https:\/\/zoo.org\/es\/wp-json\/wp\/v2\/pages\/10721\/revisions"}],"up":[{"embeddable":true,"href":"https:\/\/zoo.org\/es\/wp-json\/wp\/v2\/pages\/10595"}],"wp:featuredmedia":[{"embeddable":true,"href":"https:\/\/zoo.org\/es\/wp-json\/wp\/v2\/media\/10597"}],"wp:attachment":[{"href":"https:\/\/zoo.org\/es\/wp-json\/wp\/v2\/media?parent=10721"}],"curies":[{"name":"wp","href":"https:\/\/api.w.org\/{rel}","templated":true}]}}