{"id":10742,"date":"2025-09-23T15:58:05","date_gmt":"2025-09-23T22:58:05","guid":{"rendered":"https:\/\/zoo.org\/programas-y-clases\/"},"modified":"2026-01-26T10:13:26","modified_gmt":"2026-01-26T18:13:26","slug":"programas-y-clases","status":"publish","type":"page","link":"https:\/\/zoo.org\/es\/programas-y-clases\/","title":{"rendered":"Programas y clases"},"content":{"rendered":"\n<div class=\"wp-block-cover alignfull is-light hero\" style=\"margin-top:0;margin-bottom:0\"><img loading=\"lazy\" decoding=\"async\" width=\"1920\" height=\"400\" class=\"wp-block-cover__image-background wp-image-3487 size-full\" alt=\"\" src=\"https:\/\/zoo.org\/wp-content\/uploads\/2025\/08\/Support-Header-Image2.jpg\" data-object-fit=\"cover\" srcset=\"https:\/\/zoo.org\/wp-content\/uploads\/2025\/08\/Support-Header-Image2.jpg 1920w, https:\/\/zoo.org\/wp-content\/uploads\/2025\/08\/Support-Header-Image2-300x63.jpg 300w, https:\/\/zoo.org\/wp-content\/uploads\/2025\/08\/Support-Header-Image2-1024x213.jpg 1024w, https:\/\/zoo.org\/wp-content\/uploads\/2025\/08\/Support-Header-Image2-768x160.jpg 768w, https:\/\/zoo.org\/wp-content\/uploads\/2025\/08\/Support-Header-Image2-1536x320.jpg 1536w\" sizes=\"auto, (max-width: 1920px) 100vw, 1920px\" \/><span aria-hidden=\"true\" class=\"wp-block-cover__background has-background-dim-0 has-background-dim\" style=\"background-color:#999692\"><\/span><div class=\"wp-block-cover__inner-container is-layout-constrained wp-block-cover-is-layout-constrained\">\n<p class=\"has-text-align-center has-large-font-size\"><\/p>\n<\/div><\/div>\n\n<div class=\"wp-block-group is-layout-constrained wp-block-group-is-layout-constrained\" style=\"margin-top:2em;margin-bottom:3em\">\n<h1 class=\"wp-block-heading has-text-align-center\" style=\"margin-top:0.65em;margin-bottom:0.275em\">Programas y clases<\/h1>\n\n\n\n<p class=\"has-text-align-center has-palette-color-3-color has-text-color has-link-color wp-elements-77609333a708b49f27cb60f789b97b60\" style=\"margin-bottom:1em;font-size:clamp(0.984em, 0.984rem + ((1vw - 0.2em) * 0.645), 1.5em);font-style:normal;font-weight:500;line-height:1.5\"><strong><strong>PROGRAMAS PARA TODOS<\/strong><\/strong><\/p>\n\n\n\n<p class=\"has-text-align-center has-palette-color-3-color has-text-color has-link-color wp-elements-d67e60024424e182723139a12a129d8d\" style=\"margin-bottom:1em;font-size:clamp(0.984em, 0.984rem + ((1vw - 0.2em) * 0.645), 1.5em);line-height:1.5\">Explora programas y clases para estudiantes de todas las edades.<\/p>\n<\/div>\n\n<div class=\"wp-block-group alignfull divider is-layout-constrained wp-block-group-is-layout-constrained\">\n<h2 class=\"wp-block-heading alignfull has-text-align-center\">PROGRAMAS PARA J\u00d3VENES<\/h2>\n<\/div>\n\n<div class=\"wp-block-group is-layout-constrained wp-block-group-is-layout-constrained\"><style>.kt-sc5446_9b4ab1-36 .kt-sc-imgcol, .kt-sc5446_9b4ab1-36 .kt-sc-textcol{min-height:345px;}.kt-sc5446_9b4ab1-36 .kt-sc-imgcol{background-size:cover;background-image:url(https:\/\/zoo.org\/wp-content\/uploads\/2025\/09\/2016-Otter-Spotter-Zoo-Corp-2.jpg);}.kt-sc5446_9b4ab1-36 .kt-sc-textcol{padding-top:1em;padding-right:1.5em;padding-bottom:1em;padding-left:1.5em;}@media all and (max-width: 767px){.kt-sc5446_9b4ab1-36 .kt-sc-imgcol, .kt-sc5446_9b4ab1-36 .kt-sc-textcol{min-height:275px;}}<\/style>\n<div class=\"aligncenter kt-sc5446_9b4ab1-36 wp-block-kadence-splitcontent\"><div class=\"kt-split-content-wrap kt-sc-media-side-left\" style=\"grid-template-columns:32% auto\"><div class=\"kt-sc-imgcol kt-sc-imgcol-bg-cover kt-sc-img-side-left\"><\/div><div class=\"kt-sc-textcol kt-sc-text-valign-center kt-sc-text-halign-left\" style=\"background-color:var(--theme-palette-color-17, #E6E6E6)\"><div class=\"kt-sc-innter-col\">\n<h3 class=\"wp-block-heading\">Programas para adolescentes<\/h3>\n\n\n\n<h4 class=\"wp-block-heading\">Oportunidades para estudiantes de secundaria<\/h4>\n\n\n\n<p>Desde clases hasta exploraciones profesionales, \u00a1nuestros j\u00f3venes obtienen una mirada al zool\u00f3gico!<\/p>\n\n\n\n<p><a href=\"https:\/\/zoo.org\/es\/programas-y-clases\/programas-para-adolescentes\/\">Obtenga m\u00e1s informaci\u00f3n sobre nuestros programas para adolescentes<\/a><\/p>\n<\/div><\/div><\/div><\/div>\n<\/div>\n\n<div class=\"wp-block-group alignfull divider is-layout-constrained wp-block-group-is-layout-constrained\">\n<h2 class=\"wp-block-heading alignfull has-text-align-center\">PROGRAMAS PARA ADULTOS<\/h2>\n<\/div>\n\n<div class=\"wp-block-group is-layout-constrained wp-block-group-is-layout-constrained\" style=\"margin-top:var(--wp--preset--spacing--60);margin-bottom:var(--wp--preset--spacing--60)\"><style>.kt-sc5446_9fc166-97 .kt-sc-imgcol, .kt-sc5446_9fc166-97 .kt-sc-textcol{min-height:345px;}.kt-sc5446_9fc166-97 .kt-sc-imgcol{background-size:cover;background-image:url(https:\/\/zoo.org\/wp-content\/uploads\/2025\/09\/RS37031_2019-Women-of-Color-Leading-Change-7-ovi.jpg);}.kt-sc5446_9fc166-97 .kt-sc-textcol{padding-top:1em;padding-right:1.5em;padding-bottom:1em;padding-left:1.5em;}@media all and (max-width: 767px){.kt-sc5446_9fc166-97 .kt-sc-imgcol, .kt-sc5446_9fc166-97 .kt-sc-textcol{min-height:275px;}}<\/style>\n<div class=\"aligncenter kt-sc5446_9fc166-97 wp-block-kadence-splitcontent\"><div class=\"kt-split-content-wrap kt-sc-media-side-left\" style=\"grid-template-columns:32% auto\"><div class=\"kt-sc-imgcol kt-sc-imgcol-bg-cover kt-sc-img-side-left\"><\/div><div class=\"kt-sc-textcol kt-sc-text-valign-center kt-sc-text-halign-left\" style=\"background-color:var(--theme-palette-color-17, #E6E6E6)\"><div class=\"kt-sc-innter-col\">\n<h3 class=\"wp-block-heading\">Programas para adultos<\/h3>\n\n\n\n<h4 class=\"wp-block-heading\">Cursos y clases para p\u00fablico adulto<\/h4>\n\n\n\n<p>\u00a1Ofreciendo una oportunidad para que los adultos se diviertan en el zool\u00f3gico!<\/p>\n\n\n\n<p><a href=\"https:\/\/zoo.org\/es\/programas-y-clases\/programas-para-adultos\/\">Obtenga m\u00e1s informaci\u00f3n sobre nuestros programas para adultos<\/a><\/p>\n<\/div><\/div><\/div><\/div>\n<\/div>\n\n<div class=\"wp-block-group is-layout-constrained wp-block-group-is-layout-constrained\" style=\"margin-top:var(--wp--preset--spacing--60);margin-bottom:var(--wp--preset--spacing--60)\"><style>.kt-sc5446_7f5eba-5d .kt-sc-imgcol, .kt-sc5446_7f5eba-5d .kt-sc-textcol{min-height:345px;}.kt-sc5446_7f5eba-5d .kt-sc-imgcol{background-size:cover;background-image:url(https:\/\/zoo.org\/wp-content\/uploads\/2025\/09\/aip-teachers-1.jpg);}.kt-sc5446_7f5eba-5d .kt-sc-textcol{padding-top:1em;padding-right:1.5em;padding-bottom:1em;padding-left:1.5em;}@media all and (max-width: 767px){.kt-sc5446_7f5eba-5d .kt-sc-imgcol, .kt-sc5446_7f5eba-5d .kt-sc-textcol{min-height:275px;}}<\/style>\n<div class=\"aligncenter kt-sc5446_7f5eba-5d wp-block-kadence-splitcontent\"><div class=\"kt-split-content-wrap kt-sc-media-side-left\" style=\"grid-template-columns:32% auto\"><div class=\"kt-sc-imgcol kt-sc-imgcol-bg-cover kt-sc-img-side-left\"><\/div><div class=\"kt-sc-textcol kt-sc-text-valign-center kt-sc-text-halign-left\" style=\"background-color:var(--theme-palette-color-17, #E6E6E6)\"><div class=\"kt-sc-innter-col\">\n<h3 class=\"wp-block-heading\">Programa de Investigaci\u00f3n Avanzada<\/h3>\n\n\n\n<h4 class=\"wp-block-heading\">\u00a1Insp\u00edrate en el zool\u00f3gico y obt\u00e9n tu maestr\u00eda en la Universidad de Miami!<\/h4>\n\n\n\n<p>Abierto a solicitantes con licenciatura, el AIP est\u00e1 dise\u00f1ado para estudiantes de diversos or\u00edgenes y etapas profesionales. Los estudiantes adaptan su trayectoria acad\u00e9mica a sus intereses en campos como la conservaci\u00f3n comunitaria, la educaci\u00f3n basada en la indagaci\u00f3n, el cuidado y el bienestar animal, el cambio clim\u00e1tico, la ecolog\u00eda urbana, las relaciones entre el ser humano y la naturaleza, la restauraci\u00f3n ambiental y la participaci\u00f3n ciudadana en la ciencia. <\/p>\n\n\n\n<p><a href=\"https:\/\/zoo.org\/es\/programa-de-maestria\/\">Obtenga m\u00e1s informaci\u00f3n sobre el Programa de Investigaci\u00f3n Avanzada<\/a><\/p>\n<\/div><\/div><\/div><\/div>\n<\/div>\n\n<div class=\"wp-block-group is-layout-constrained wp-block-group-is-layout-constrained\" style=\"margin-top:var(--wp--preset--spacing--60);margin-bottom:var(--wp--preset--spacing--60)\"><style>.kt-sc5446_a8d5c8-bf .kt-sc-imgcol, .kt-sc5446_a8d5c8-bf .kt-sc-textcol{min-height:345px;}.kt-sc5446_a8d5c8-bf .kt-sc-imgcol{background-size:cover;background-image:url(https:\/\/zoo.org\/wp-content\/uploads\/2025\/08\/Zoo-Amphibian-Field-Trip-2012-Stan-Milkowski-web.jpg);}.kt-sc5446_a8d5c8-bf .kt-sc-textcol{padding-top:1em;padding-right:1.5em;padding-bottom:1em;padding-left:1.5em;}@media all and (max-width: 767px){.kt-sc5446_a8d5c8-bf .kt-sc-imgcol, .kt-sc5446_a8d5c8-bf .kt-sc-textcol{min-height:275px;}}<\/style>\n<div class=\"aligncenter kt-sc5446_a8d5c8-bf wp-block-kadence-splitcontent\"><div class=\"kt-split-content-wrap kt-sc-media-side-left\" style=\"grid-template-columns:32% auto\"><div class=\"kt-sc-imgcol kt-sc-imgcol-bg-cover kt-sc-img-side-left\"><\/div><div class=\"kt-sc-textcol kt-sc-text-valign-center kt-sc-text-halign-left\" style=\"background-color:var(--theme-palette-color-17, #E6E6E6)\"><div class=\"kt-sc-innter-col\">\n<h3 class=\"wp-block-heading\">Programas de ciencia comunitaria<\/h3>\n\n\n\n<h4 class=\"wp-block-heading\">Comunidades locales que contribuyen a la conservaci\u00f3n global<\/h4>\n\n\n\n<p>\u00a1Inf\u00f3rmese sobre las oportunidades para ser voluntario y participar directamente en la ciencia de la conservaci\u00f3n en sus comunidades!<\/p>\n\n\n\n<p><a href=\"https:\/\/zoo.org\/es\/ciencia-comunitaria\/\">Obtenga m\u00e1s informaci\u00f3n sobre los programas de ciencia comunitaria<\/a><\/p>\n<\/div><\/div><\/div><\/div>\n<\/div>\n\n<div class=\"wp-block-group is-layout-constrained wp-block-group-is-layout-constrained\" style=\"margin-top:var(--wp--preset--spacing--60);margin-bottom:var(--wp--preset--spacing--60)\"><style>.kt-sc5446_b12f48-94 .kt-sc-imgcol, .kt-sc5446_b12f48-94 .kt-sc-textcol{min-height:345px;}.kt-sc5446_b12f48-94 .kt-sc-imgcol{background-size:cover;background-image:url(https:\/\/zoo.org\/wp-content\/uploads\/2025\/09\/2022_02_15-Senior-Walkers-6-JDL.jpg);}.kt-sc5446_b12f48-94 .kt-sc-textcol{padding-top:1em;padding-right:1.5em;padding-bottom:1em;padding-left:1.5em;}@media all and (max-width: 767px){.kt-sc5446_b12f48-94 .kt-sc-imgcol, .kt-sc5446_b12f48-94 .kt-sc-textcol{min-height:275px;}}<\/style>\n<div class=\"aligncenter kt-sc5446_b12f48-94 wp-block-kadence-splitcontent\"><div class=\"kt-split-content-wrap kt-sc-media-side-left\" style=\"grid-template-columns:32% auto\"><div class=\"kt-sc-imgcol kt-sc-imgcol-bg-cover kt-sc-img-side-left\"><\/div><div class=\"kt-sc-textcol kt-sc-text-valign-center kt-sc-text-halign-left\" style=\"background-color:var(--theme-palette-color-17, #E6E6E6)\"><div class=\"kt-sc-innter-col\">\n<h3 class=\"wp-block-heading\">Caminantes mayores del zool\u00f3gico<\/h3>\n\n\n\n<h4 class=\"wp-block-heading\">Un programa de caminata social autoguiado<\/h4>\n\n\n\n<p>Dise\u00f1ado especialmente para personas mayores de 55 a\u00f1os, \u00a1este programa te permite recorrer el zool\u00f3gico y moverte!<\/p>\n\n\n\n<p><a href=\"https:\/\/zoo.org\/es\/caminantes-mayores-del-zoologico\/\">Obtenga m\u00e1s informaci\u00f3n sobre Senior Zoo Walkers<\/a><\/p>\n<\/div><\/div><\/div><\/div>\n<\/div>\n\n<h3 class=\"wp-block-heading\">Contacto<\/h3>\n\n<p>Si tiene preguntas adicionales o necesita ayuda con respecto a las ofertas de campamentos, comun\u00edquese con nosotros a <a href=\"mailto:camps@zoo.org\">camps@zoo.org<\/a><\/p>\n","protected":false},"excerpt":{"rendered":"<p>Programas y clases PROGRAMAS PARA TODOS Explora programas y clases para estudiantes de todas las edades. PROGRAMAS PARA J\u00d3VENES PROGRAMAS PARA ADULTOS Contacto Si tiene preguntas adicionales o necesita ayuda [&hellip;]<\/p>\n","protected":false},"author":1,"featured_media":10743,"parent":0,"menu_order":0,"comment_status":"closed","ping_status":"closed","template":"","meta":{"_acf_changed":false,"_kad_blocks_custom_css":"","_kad_blocks_head_custom_js":"","_kad_blocks_body_custom_js":"","_kad_blocks_footer_custom_js":"","footnotes":""},"class_list":["post-10742","page","type-page","status-publish","has-post-thumbnail","hentry"],"blocksy_meta":[],"acf":[],"yoast_head":"<!-- This site is optimized with the Yoast SEO plugin v27.4 - https:\/\/yoast.com\/product\/yoast-seo-wordpress\/ -->\n<title>-<\/title>\n<meta name=\"description\" content=\"El zool\u00f3gico Woodland Park ofrece programas y clases para todas las edades, desde ni\u00f1os peque\u00f1os hasta adolescentes, familias con ni\u00f1os hasta personas mayores.\" \/>\n<meta name=\"robots\" content=\"index, follow, max-snippet:-1, max-image-preview:large, max-video-preview:-1\" \/>\n<link rel=\"canonical\" href=\"https:\/\/zoo.org\/es\/programas-y-clases\/\" \/>\n<meta property=\"og:locale\" content=\"es_ES\" \/>\n<meta property=\"og:type\" content=\"article\" \/>\n<meta property=\"og:title\" content=\"-\" \/>\n<meta property=\"og:description\" content=\"El zool\u00f3gico Woodland Park ofrece programas y clases para todas las edades, desde ni\u00f1os peque\u00f1os hasta adolescentes, familias con ni\u00f1os hasta personas mayores.\" \/>\n<meta property=\"og:url\" content=\"https:\/\/zoo.org\/es\/programas-y-clases\/\" \/>\n<meta property=\"og:site_name\" content=\"Zool\u00f3gico Woodland Park\" \/>\n<meta property=\"article:modified_time\" content=\"2026-01-26T18:13:26+00:00\" \/>\n<meta property=\"og:image\" content=\"https:\/\/zoo.org\/wp-content\/uploads\/2025\/09\/2016-Otter-Spotter-Zoo-Corp-4.jpg?wsr\" \/>\n\t<meta property=\"og:image:width\" content=\"800\" \/>\n\t<meta property=\"og:image:height\" content=\"533\" \/>\n\t<meta property=\"og:image:type\" content=\"image\/jpeg\" \/>\n<meta name=\"twitter:card\" content=\"summary_large_image\" \/>\n<script type=\"application\/ld+json\" class=\"yoast-schema-graph\">{\"@context\":\"https:\\\/\\\/schema.org\",\"@graph\":[{\"@type\":\"WebPage\",\"@id\":\"https:\\\/\\\/zoo.org\\\/es\\\/programas-y-clases\\\/\",\"url\":\"https:\\\/\\\/zoo.org\\\/es\\\/programas-y-clases\\\/\",\"name\":\"-\",\"isPartOf\":{\"@id\":\"https:\\\/\\\/zoo.org\\\/es\\\/#website\"},\"primaryImageOfPage\":{\"@id\":\"https:\\\/\\\/zoo.org\\\/es\\\/programas-y-clases\\\/#primaryimage\"},\"image\":{\"@id\":\"https:\\\/\\\/zoo.org\\\/es\\\/programas-y-clases\\\/#primaryimage\"},\"thumbnailUrl\":\"https:\\\/\\\/zoo.org\\\/wp-content\\\/uploads\\\/2025\\\/09\\\/2016-Otter-Spotter-Zoo-Corp-4.jpg?wsr\",\"datePublished\":\"2025-09-23T22:58:05+00:00\",\"dateModified\":\"2026-01-26T18:13:26+00:00\",\"description\":\"El zool\u00f3gico Woodland Park ofrece programas y clases para todas las edades, desde ni\u00f1os peque\u00f1os hasta adolescentes, familias con ni\u00f1os hasta personas mayores.\",\"breadcrumb\":{\"@id\":\"https:\\\/\\\/zoo.org\\\/es\\\/programas-y-clases\\\/#breadcrumb\"},\"inLanguage\":\"es\",\"potentialAction\":[{\"@type\":\"ReadAction\",\"target\":[\"https:\\\/\\\/zoo.org\\\/es\\\/programas-y-clases\\\/\"]}]},{\"@type\":\"ImageObject\",\"inLanguage\":\"es\",\"@id\":\"https:\\\/\\\/zoo.org\\\/es\\\/programas-y-clases\\\/#primaryimage\",\"url\":\"https:\\\/\\\/zoo.org\\\/wp-content\\\/uploads\\\/2025\\\/09\\\/2016-Otter-Spotter-Zoo-Corp-4.jpg?wsr\",\"contentUrl\":\"https:\\\/\\\/zoo.org\\\/wp-content\\\/uploads\\\/2025\\\/09\\\/2016-Otter-Spotter-Zoo-Corp-4.jpg?wsr\",\"width\":800,\"height\":533,\"caption\":\"Un grupo de j\u00f3venes en un espacio cerrado, dos al frente mirando y usando una tableta juntos, mientras otros al fondo tambi\u00e9n trabajan con tabletas. Llevan camisas y chaquetas azules.\"},{\"@type\":\"BreadcrumbList\",\"@id\":\"https:\\\/\\\/zoo.org\\\/es\\\/programas-y-clases\\\/#breadcrumb\",\"itemListElement\":[{\"@type\":\"ListItem\",\"position\":1,\"name\":\"Hogar\",\"item\":\"https:\\\/\\\/zoo.org\\\/es\\\/\"},{\"@type\":\"ListItem\",\"position\":2,\"name\":\"Programas y clases\"}]},{\"@type\":\"WebSite\",\"@id\":\"https:\\\/\\\/zoo.org\\\/es\\\/#website\",\"url\":\"https:\\\/\\\/zoo.org\\\/es\\\/\",\"name\":\"Zool\u00f3gico Woodland Park\",\"description\":\"El Zool\u00f3gico Woodland Park salva la vida silvestre e inspira a todos a hacer de la conservaci\u00f3n una prioridad en sus vidas.\",\"publisher\":{\"@id\":\"https:\\\/\\\/zoo.org\\\/es\\\/#organization\"},\"potentialAction\":[{\"@type\":\"SearchAction\",\"target\":{\"@type\":\"EntryPoint\",\"urlTemplate\":\"https:\\\/\\\/zoo.org\\\/es\\\/?s={search_term_string}\"},\"query-input\":{\"@type\":\"PropertyValueSpecification\",\"valueRequired\":true,\"valueName\":\"search_term_string\"}}],\"inLanguage\":\"es\"},{\"@type\":\"Organization\",\"@id\":\"https:\\\/\\\/zoo.org\\\/es\\\/#organization\",\"name\":\"Zool\u00f3gico Woodland Park\",\"url\":\"https:\\\/\\\/zoo.org\\\/es\\\/\",\"logo\":{\"@type\":\"ImageObject\",\"inLanguage\":\"es\",\"@id\":\"https:\\\/\\\/zoo.org\\\/es\\\/#\\\/schema\\\/logo\\\/image\\\/\",\"url\":\"https:\\\/\\\/zoo.org\\\/wp-content\\\/uploads\\\/2026\\\/01\\\/WPZ-Logo_white-SVG.svg?wsr\",\"contentUrl\":\"https:\\\/\\\/zoo.org\\\/wp-content\\\/uploads\\\/2026\\\/01\\\/WPZ-Logo_white-SVG.svg?wsr\",\"width\":288,\"height\":282,\"caption\":\"Zool\u00f3gico Woodland Park\"},\"image\":{\"@id\":\"https:\\\/\\\/zoo.org\\\/es\\\/#\\\/schema\\\/logo\\\/image\\\/\"}}]}<\/script>\n<!-- \/ Yoast SEO plugin. -->","yoast_head_json":{"title":"-","description":"El zool\u00f3gico Woodland Park ofrece programas y clases para todas las edades, desde ni\u00f1os peque\u00f1os hasta adolescentes, familias con ni\u00f1os hasta personas mayores.","robots":{"index":"index","follow":"follow","max-snippet":"max-snippet:-1","max-image-preview":"max-image-preview:large","max-video-preview":"max-video-preview:-1"},"canonical":"https:\/\/zoo.org\/es\/programas-y-clases\/","og_locale":"es_ES","og_type":"article","og_title":"-","og_description":"El zool\u00f3gico Woodland Park ofrece programas y clases para todas las edades, desde ni\u00f1os peque\u00f1os hasta adolescentes, familias con ni\u00f1os hasta personas mayores.","og_url":"https:\/\/zoo.org\/es\/programas-y-clases\/","og_site_name":"Zool\u00f3gico Woodland Park","article_modified_time":"2026-01-26T18:13:26+00:00","og_image":[{"width":800,"height":533,"url":"https:\/\/zoo.org\/wp-content\/uploads\/2025\/09\/2016-Otter-Spotter-Zoo-Corp-4.jpg?wsr","type":"image\/jpeg"}],"twitter_card":"summary_large_image","schema":{"@context":"https:\/\/schema.org","@graph":[{"@type":"WebPage","@id":"https:\/\/zoo.org\/es\/programas-y-clases\/","url":"https:\/\/zoo.org\/es\/programas-y-clases\/","name":"-","isPartOf":{"@id":"https:\/\/zoo.org\/es\/#website"},"primaryImageOfPage":{"@id":"https:\/\/zoo.org\/es\/programas-y-clases\/#primaryimage"},"image":{"@id":"https:\/\/zoo.org\/es\/programas-y-clases\/#primaryimage"},"thumbnailUrl":"https:\/\/zoo.org\/wp-content\/uploads\/2025\/09\/2016-Otter-Spotter-Zoo-Corp-4.jpg?wsr","datePublished":"2025-09-23T22:58:05+00:00","dateModified":"2026-01-26T18:13:26+00:00","description":"El zool\u00f3gico Woodland Park ofrece programas y clases para todas las edades, desde ni\u00f1os peque\u00f1os hasta adolescentes, familias con ni\u00f1os hasta personas mayores.","breadcrumb":{"@id":"https:\/\/zoo.org\/es\/programas-y-clases\/#breadcrumb"},"inLanguage":"es","potentialAction":[{"@type":"ReadAction","target":["https:\/\/zoo.org\/es\/programas-y-clases\/"]}]},{"@type":"ImageObject","inLanguage":"es","@id":"https:\/\/zoo.org\/es\/programas-y-clases\/#primaryimage","url":"https:\/\/zoo.org\/wp-content\/uploads\/2025\/09\/2016-Otter-Spotter-Zoo-Corp-4.jpg?wsr","contentUrl":"https:\/\/zoo.org\/wp-content\/uploads\/2025\/09\/2016-Otter-Spotter-Zoo-Corp-4.jpg?wsr","width":800,"height":533,"caption":"Un grupo de j\u00f3venes en un espacio cerrado, dos al frente mirando y usando una tableta juntos, mientras otros al fondo tambi\u00e9n trabajan con tabletas. Llevan camisas y chaquetas azules."},{"@type":"BreadcrumbList","@id":"https:\/\/zoo.org\/es\/programas-y-clases\/#breadcrumb","itemListElement":[{"@type":"ListItem","position":1,"name":"Hogar","item":"https:\/\/zoo.org\/es\/"},{"@type":"ListItem","position":2,"name":"Programas y clases"}]},{"@type":"WebSite","@id":"https:\/\/zoo.org\/es\/#website","url":"https:\/\/zoo.org\/es\/","name":"Zool\u00f3gico Woodland Park","description":"El Zool\u00f3gico Woodland Park salva la vida silvestre e inspira a todos a hacer de la conservaci\u00f3n una prioridad en sus vidas.","publisher":{"@id":"https:\/\/zoo.org\/es\/#organization"},"potentialAction":[{"@type":"SearchAction","target":{"@type":"EntryPoint","urlTemplate":"https:\/\/zoo.org\/es\/?s={search_term_string}"},"query-input":{"@type":"PropertyValueSpecification","valueRequired":true,"valueName":"search_term_string"}}],"inLanguage":"es"},{"@type":"Organization","@id":"https:\/\/zoo.org\/es\/#organization","name":"Zool\u00f3gico Woodland Park","url":"https:\/\/zoo.org\/es\/","logo":{"@type":"ImageObject","inLanguage":"es","@id":"https:\/\/zoo.org\/es\/#\/schema\/logo\/image\/","url":"https:\/\/zoo.org\/wp-content\/uploads\/2026\/01\/WPZ-Logo_white-SVG.svg?wsr","contentUrl":"https:\/\/zoo.org\/wp-content\/uploads\/2026\/01\/WPZ-Logo_white-SVG.svg?wsr","width":288,"height":282,"caption":"Zool\u00f3gico Woodland Park"},"image":{"@id":"https:\/\/zoo.org\/es\/#\/schema\/logo\/image\/"}}]}},"taxonomy_info":[],"featured_image_src_large":["https:\/\/zoo.org\/wp-content\/uploads\/2025\/09\/2016-Otter-Spotter-Zoo-Corp-4.jpg?wsr",800,533,false],"author_info":{"display_name":"jloughlin","author_link":"https:\/\/zoo.org\/es\/author\/jloughlin\/"},"comment_info":0,"_links":{"self":[{"href":"https:\/\/zoo.org\/es\/wp-json\/wp\/v2\/pages\/10742","targetHints":{"allow":["GET"]}}],"collection":[{"href":"https:\/\/zoo.org\/es\/wp-json\/wp\/v2\/pages"}],"about":[{"href":"https:\/\/zoo.org\/es\/wp-json\/wp\/v2\/types\/page"}],"author":[{"embeddable":true,"href":"https:\/\/zoo.org\/es\/wp-json\/wp\/v2\/users\/1"}],"replies":[{"embeddable":true,"href":"https:\/\/zoo.org\/es\/wp-json\/wp\/v2\/comments?post=10742"}],"version-history":[{"count":0,"href":"https:\/\/zoo.org\/es\/wp-json\/wp\/v2\/pages\/10742\/revisions"}],"wp:featuredmedia":[{"embeddable":true,"href":"https:\/\/zoo.org\/es\/wp-json\/wp\/v2\/media\/10743"}],"wp:attachment":[{"href":"https:\/\/zoo.org\/es\/wp-json\/wp\/v2\/media?parent=10742"}],"curies":[{"name":"wp","href":"https:\/\/api.w.org\/{rel}","templated":true}]}}