{"id":10794,"date":"2025-09-12T15:58:09","date_gmt":"2025-09-12T22:58:09","guid":{"rendered":"https:\/\/zoo.org\/reutilizacion-audaz\/"},"modified":"2025-12-12T17:42:54","modified_gmt":"2025-12-13T01:42:54","slug":"reutilizacion-audaz","status":"publish","type":"page","link":"https:\/\/zoo.org\/es\/reutilizacion-audaz\/","title":{"rendered":"Reutilizaci\u00f3n audaz"},"content":{"rendered":"\n<div class=\"wp-block-cover alignfull is-light hero\" style=\"margin-top:0;margin-bottom:0\"><img loading=\"lazy\" decoding=\"async\" width=\"1920\" height=\"400\" class=\"wp-block-cover__image-background wp-image-3472 size-full\" alt=\"\" src=\"https:\/\/zoo.org\/wp-content\/uploads\/2025\/08\/Pond-Turtle-Header-Image3.jpg\" data-object-fit=\"cover\" srcset=\"https:\/\/zoo.org\/wp-content\/uploads\/2025\/08\/Pond-Turtle-Header-Image3.jpg 1920w, https:\/\/zoo.org\/wp-content\/uploads\/2025\/08\/Pond-Turtle-Header-Image3-300x63.jpg 300w, https:\/\/zoo.org\/wp-content\/uploads\/2025\/08\/Pond-Turtle-Header-Image3-1024x213.jpg 1024w, https:\/\/zoo.org\/wp-content\/uploads\/2025\/08\/Pond-Turtle-Header-Image3-768x160.jpg 768w, https:\/\/zoo.org\/wp-content\/uploads\/2025\/08\/Pond-Turtle-Header-Image3-1536x320.jpg 1536w\" sizes=\"auto, (max-width: 1920px) 100vw, 1920px\" \/><span aria-hidden=\"true\" class=\"wp-block-cover__background has-background-dim-0 has-background-dim\" style=\"background-color:#888a81\"><\/span><div class=\"wp-block-cover__inner-container is-layout-constrained wp-block-cover-is-layout-constrained\">\n<p class=\"has-text-align-center has-large-font-size\"><\/p>\n<\/div><\/div>\n\n<div class=\"wp-block-group is-layout-constrained wp-block-group-is-layout-constrained\" style=\"margin-top:2em;margin-bottom:3em\">\n<h1 class=\"wp-block-heading has-text-align-center\" style=\"margin-top:0.65em;margin-bottom:0.275em\">Reutilizaci\u00f3n audaz<\/h1>\n<\/div>\n\n<div class=\"wp-block-group alignfull divider is-layout-constrained wp-block-group-is-layout-constrained\">\n<h2 class=\"wp-block-heading alignfull has-text-align-center\">Programa de vasos retornables<\/h2>\n<\/div>\n\n<p>Mientras construimos un futuro mejor para la vida silvestre y las personas, Woodland Park Zoo y su socio hotelero, Levy, est\u00e1n emocionados de anunciar una nueva asociaci\u00f3n con Bold Reuse que lanzar\u00e1 un nuevo programa de vasos retornables como otro paso sustentable m\u00e1s cerca de terminar con los art\u00edculos de un solo uso en el zool\u00f3gico.<\/p>\n<style>.kb-row-layout-wrap.wp-block-kadence-rowlayout.kb-row-layout-id4771_4ad0dd-e9{margin-top:var(--global-kb-spacing-md, 2rem);margin-bottom:var(--global-kb-spacing-xl, 4rem);}.kb-row-layout-id4771_4ad0dd-e9 > .kt-row-column-wrap{align-content:start;}:where(.kb-row-layout-id4771_4ad0dd-e9 > .kt-row-column-wrap) > .wp-block-kadence-column{justify-content:start;}.kb-row-layout-id4771_4ad0dd-e9 > .kt-row-column-wrap{column-gap:var(--global-kb-gap-md, 2rem);row-gap:var(--global-kb-gap-md, 2rem);padding-top:0px;padding-right:0px;padding-bottom:0px;padding-left:0px;grid-template-columns:minmax(0, calc(25% - ((var(--global-kb-gap-md, 2rem) * 1 )\/2)))minmax(0, calc(75% - ((var(--global-kb-gap-md, 2rem) * 1 )\/2)));}.kb-row-layout-id4771_4ad0dd-e9 > .kt-row-layout-overlay{opacity:0.30;}@media all and (max-width: 1024px){.kb-row-layout-id4771_4ad0dd-e9 > .kt-row-column-wrap{grid-template-columns:minmax(0, 1fr) minmax(0, 2fr);}}@media all and (max-width: 767px){.kb-row-layout-id4771_4ad0dd-e9 > .kt-row-column-wrap{grid-template-columns:minmax(0, 1fr);}}<\/style><div class=\"kb-row-layout-wrap kb-row-layout-id4771_4ad0dd-e9 alignnone wp-block-kadence-rowlayout\"><div class=\"kt-row-column-wrap kt-has-2-columns kt-row-layout-right-golden kt-tab-layout-inherit kt-mobile-layout-row kt-row-valign-top\">\n<style>.kadence-column4771_8713bc-25 > .kt-inside-inner-col,.kadence-column4771_8713bc-25 > .kt-inside-inner-col:before{border-top-left-radius:0px;border-top-right-radius:0px;border-bottom-right-radius:0px;border-bottom-left-radius:0px;}.kadence-column4771_8713bc-25 > .kt-inside-inner-col{column-gap:var(--global-kb-gap-sm, 1rem);}.kadence-column4771_8713bc-25 > .kt-inside-inner-col{flex-direction:column;}.kadence-column4771_8713bc-25 > .kt-inside-inner-col > .aligncenter{width:100%;}.kadence-column4771_8713bc-25 > .kt-inside-inner-col:before{opacity:0.3;}.kadence-column4771_8713bc-25{position:relative;}@media all and (max-width: 1024px){.kadence-column4771_8713bc-25 > .kt-inside-inner-col{flex-direction:column;justify-content:center;}}@media all and (max-width: 767px){.kadence-column4771_8713bc-25 > .kt-inside-inner-col{flex-direction:column;justify-content:center;}}<\/style>\n<div class=\"wp-block-kadence-column kadence-column4771_8713bc-25\"><div class=\"kt-inside-inner-col\"><style>.kb-image4771_46bfb0-15 .kb-image-has-overlay:after{opacity:0.3;}<\/style>\n<figure class=\"wp-block-kadence-image kb-image4771_46bfb0-15 size-full\"><img loading=\"lazy\" decoding=\"async\" width=\"533\" height=\"800\" src=\"https:\/\/zoo.org\/wp-content\/uploads\/2025\/09\/Bold-Reuse-Cup.jpg\" alt=\"Un vaso de pl\u00e1stico con una funda verde con la etiqueta \"D\u00c9VAME PARA REUTILIZAR\" se encuentra sobre una superficie con un fondo amarillo difuminado. El vaso lleva la etiqueta \"Propiedad del Zool\u00f3gico Woodland Park\" y \"No lo lleve a casa\".\" class=\"kb-img wp-image-4772\" srcset=\"https:\/\/zoo.org\/wp-content\/uploads\/2025\/09\/Bold-Reuse-Cup.jpg 533w, https:\/\/zoo.org\/wp-content\/uploads\/2025\/09\/Bold-Reuse-Cup-200x300.jpg 200w\" sizes=\"auto, (max-width: 533px) 100vw, 533px\" \/><\/figure>\n<\/div><\/div>\n\n\n<style>.kadence-column4771_454371-0f > .kt-inside-inner-col{display:flex;}.kadence-column4771_454371-0f > .kt-inside-inner-col,.kadence-column4771_454371-0f > .kt-inside-inner-col:before{border-top-left-radius:0px;border-top-right-radius:0px;border-bottom-right-radius:0px;border-bottom-left-radius:0px;}.kadence-column4771_454371-0f > .kt-inside-inner-col{column-gap:var(--global-kb-gap-sm, 1rem);}.kadence-column4771_454371-0f > .kt-inside-inner-col{flex-direction:column;justify-content:center;}.kadence-column4771_454371-0f > .kt-inside-inner-col > .aligncenter{width:100%;}.kt-row-column-wrap > .kadence-column4771_454371-0f{align-self:center;}.kt-inner-column-height-full:not(.kt-has-1-columns) > .wp-block-kadence-column.kadence-column4771_454371-0f{align-self:auto;}.kt-inner-column-height-full:not(.kt-has-1-columns) > .wp-block-kadence-column.kadence-column4771_454371-0f > .kt-inside-inner-col{flex-direction:column;justify-content:center;}.kadence-column4771_454371-0f > .kt-inside-inner-col:before{opacity:0.3;}.kadence-column4771_454371-0f{position:relative;}@media all and (max-width: 1024px){.kt-row-column-wrap > .kadence-column4771_454371-0f{align-self:center;}}@media all and (max-width: 1024px){.kt-inner-column-height-full:not(.kt-has-1-columns) > .wp-block-kadence-column.kadence-column4771_454371-0f{align-self:auto;}}@media all and (max-width: 1024px){.kt-inner-column-height-full:not(.kt-has-1-columns) > .wp-block-kadence-column.kadence-column4771_454371-0f > .kt-inside-inner-col{flex-direction:column;justify-content:center;}}@media all and (max-width: 1024px){.kadence-column4771_454371-0f > .kt-inside-inner-col{flex-direction:column;justify-content:center;}}@media all and (max-width: 767px){.kt-row-column-wrap > .kadence-column4771_454371-0f{align-self:center;}.kt-inner-column-height-full:not(.kt-has-1-columns) > .wp-block-kadence-column.kadence-column4771_454371-0f{align-self:auto;}.kt-inner-column-height-full:not(.kt-has-1-columns) > .wp-block-kadence-column.kadence-column4771_454371-0f > .kt-inside-inner-col{flex-direction:column;justify-content:center;}.kadence-column4771_454371-0f > .kt-inside-inner-col{flex-direction:column;justify-content:center;}}<\/style>\n<div class=\"wp-block-kadence-column kadence-column4771_454371-0f\"><div class=\"kt-inside-inner-col\">\n<h3 class=\"wp-block-heading\">\u00bfQu\u00e9 pueden esperar los visitantes del zool\u00f3gico?<\/h3>\n\n\n\n<p>\u00a1Es muy sencillo! Todas las bebidas fr\u00edas que se compran en el zool\u00f3gico ahora se sirven en vasos retornables y resistentes. Despu\u00e9s de que los visitantes terminen de beber, tirar\u00e1n sus vasos retornables en los nuevos contenedores, donde Bold clasificar\u00e1 y desinfectar\u00e1 los vasos reutilizables para reducir los pl\u00e1sticos de un solo uso.  <\/p>\n\n\n\n<p>En 2018, el Zool\u00f3gico Woodland Park elimin\u00f3 la venta de pl\u00e1sticos de un solo uso para todas sus bebidas, incluyendo agua, jugos y refrescos, y las reemplaz\u00f3 con bebidas enlatadas. La eliminaci\u00f3n de la venta de todas las botellas de pl\u00e1stico de un solo uso para bebidas evita que aproximadamente 120,000 botellas de pl\u00e1stico ingresen al sistema de residuos anualmente y reduce aproximadamente 2,500 libras de residuos pl\u00e1sticos en el zool\u00f3gico. Hace m\u00e1s de tres d\u00e9cadas, el zool\u00f3gico elimin\u00f3 las pajitas de pl\u00e1stico de sus instalaciones.  <\/p>\n<\/div><\/div>\n\n<\/div><\/div>\n<p class=\"has-text-align-center has-palette-color-2-color has-text-color has-link-color wp-elements-1c811707a0545c98acda87209201cf8a\" style=\"font-size:clamp(1.039em, 1.039rem + ((1vw - 0.2em) * 0.701), 1.6em);line-height:1.3\"><strong><em>Nuestras nuevas iniciativas en el Zool\u00f3gico Woodland Park para cambiar a vasos reutilizables y pronto ser totalmente reutilizables ayudar\u00e1n a nuestra regi\u00f3n a adoptar un estilo de vida sostenible. Nuestras acciones sobre el terreno est\u00e1n teniendo un impacto positivo en nuestra comunidad y seguimos avanzando para consolidarnos como un zool\u00f3gico sostenible l\u00edder en el pa\u00eds.<\/em><\/strong><\/p>\n\n<p class=\"has-text-align-center has-palette-color-2-color has-text-color has-link-color wp-elements-7d2359b2acbe5122d10355e0eac0deda\" style=\"font-size:clamp(1.039em, 1.039rem + ((1vw - 0.2em) * 0.701), 1.6em);\"><strong><em>David Van Gelder, Director de Operaciones de Levy<\/em><\/strong><\/p>\n\n<div class=\"wp-block-group alignfull divider is-layout-constrained wp-block-group-is-layout-constrained\">\n<h2 class=\"wp-block-heading alignfull has-text-align-center\">Reducir los residuos pl\u00e1sticos<\/h2>\n<\/div>\n\n<h3 class=\"wp-block-heading\">\u00a1Necesitamos tu ayuda para que nuestros objetivos de cero residuos sean un \u00e9xito!<\/h3>\n<style>.kb-row-layout-wrap.wp-block-kadence-rowlayout.kb-row-layout-id4771_2b0ddb-f6{margin-top:var(--global-kb-spacing-md, 2rem);margin-bottom:var(--global-kb-spacing-md, 2rem);}.kb-row-layout-id4771_2b0ddb-f6 > .kt-row-column-wrap{align-content:start;}:where(.kb-row-layout-id4771_2b0ddb-f6 > .kt-row-column-wrap) > .wp-block-kadence-column{justify-content:start;}.kb-row-layout-id4771_2b0ddb-f6 > .kt-row-column-wrap{column-gap:var(--global-kb-gap-md, 2rem);row-gap:var(--global-kb-gap-md, 2rem);padding-top:0px;padding-right:0px;padding-bottom:0px;padding-left:0px;grid-template-columns:minmax(0, calc(35% - ((var(--global-kb-gap-md, 2rem) * 1 )\/2)))minmax(0, calc(65% - ((var(--global-kb-gap-md, 2rem) * 1 )\/2)));}.kb-row-layout-id4771_2b0ddb-f6 > .kt-row-layout-overlay{opacity:0.30;}@media all and (max-width: 1024px){.kb-row-layout-id4771_2b0ddb-f6 > .kt-row-column-wrap{grid-template-columns:minmax(0, 1fr) minmax(0, 2fr);}}@media all and (max-width: 767px){.kb-row-layout-id4771_2b0ddb-f6 > .kt-row-column-wrap{grid-template-columns:minmax(0, 1fr);}}<\/style><div class=\"kb-row-layout-wrap kb-row-layout-id4771_2b0ddb-f6 alignnone wp-block-kadence-rowlayout\"><div class=\"kt-row-column-wrap kt-has-2-columns kt-row-layout-right-golden kt-tab-layout-inherit kt-mobile-layout-row kt-row-valign-top\">\n<style>.kadence-column4771_add724-4c > .kt-inside-inner-col,.kadence-column4771_add724-4c > .kt-inside-inner-col:before{border-top-left-radius:0px;border-top-right-radius:0px;border-bottom-right-radius:0px;border-bottom-left-radius:0px;}.kadence-column4771_add724-4c > .kt-inside-inner-col{column-gap:var(--global-kb-gap-sm, 1rem);}.kadence-column4771_add724-4c > .kt-inside-inner-col{flex-direction:column;}.kadence-column4771_add724-4c > .kt-inside-inner-col > .aligncenter{width:100%;}.kadence-column4771_add724-4c > .kt-inside-inner-col:before{opacity:0.3;}.kadence-column4771_add724-4c{position:relative;}@media all and (max-width: 1024px){.kadence-column4771_add724-4c > .kt-inside-inner-col{flex-direction:column;justify-content:center;}}@media all and (max-width: 767px){.kadence-column4771_add724-4c > .kt-inside-inner-col{flex-direction:column;justify-content:center;}}<\/style>\n<div class=\"wp-block-kadence-column kadence-column4771_add724-4c\"><div class=\"kt-inside-inner-col\"><style>.kb-image4771_7b1f08-34 .kb-image-has-overlay:after{opacity:0.3;}<\/style>\n<figure class=\"wp-block-kadence-image kb-image4771_7b1f08-34 size-full\"><img loading=\"lazy\" decoding=\"async\" width=\"800\" height=\"533\" src=\"https:\/\/zoo.org\/wp-content\/uploads\/2025\/09\/Bold-Reuse-cerro-3-web.jpg\" alt=\"Un cartel en un contenedor negro dice: \u201c\u00a1DEVUELVA LOS VASOS REUTILIZABLES AQU\u00cd!\u201d con im\u00e1genes de dos vasos reutilizables e instrucciones para devolverlos para su reutilizaci\u00f3n, colocados al aire libre con vegetaci\u00f3n de fondo.\" class=\"kb-img wp-image-4704\" srcset=\"https:\/\/zoo.org\/wp-content\/uploads\/2025\/09\/Bold-Reuse-cerro-3-web.jpg 800w, https:\/\/zoo.org\/wp-content\/uploads\/2025\/09\/Bold-Reuse-cerro-3-web-300x200.jpg 300w, https:\/\/zoo.org\/wp-content\/uploads\/2025\/09\/Bold-Reuse-cerro-3-web-768x512.jpg 768w\" sizes=\"auto, (max-width: 800px) 100vw, 800px\" \/><\/figure>\n<\/div><\/div>\n\n\n<style>.kadence-column4771_78273f-c8 > .kt-inside-inner-col{display:flex;}.kadence-column4771_78273f-c8 > .kt-inside-inner-col,.kadence-column4771_78273f-c8 > .kt-inside-inner-col:before{border-top-left-radius:0px;border-top-right-radius:0px;border-bottom-right-radius:0px;border-bottom-left-radius:0px;}.kadence-column4771_78273f-c8 > .kt-inside-inner-col{column-gap:var(--global-kb-gap-sm, 1rem);}.kadence-column4771_78273f-c8 > .kt-inside-inner-col{flex-direction:column;justify-content:center;}.kadence-column4771_78273f-c8 > .kt-inside-inner-col > .aligncenter{width:100%;}.kt-row-column-wrap > .kadence-column4771_78273f-c8{align-self:center;}.kt-inner-column-height-full:not(.kt-has-1-columns) > .wp-block-kadence-column.kadence-column4771_78273f-c8{align-self:auto;}.kt-inner-column-height-full:not(.kt-has-1-columns) > .wp-block-kadence-column.kadence-column4771_78273f-c8 > .kt-inside-inner-col{flex-direction:column;justify-content:center;}.kadence-column4771_78273f-c8 > .kt-inside-inner-col:before{opacity:0.3;}.kadence-column4771_78273f-c8{position:relative;}@media all and (max-width: 1024px){.kt-row-column-wrap > .kadence-column4771_78273f-c8{align-self:center;}}@media all and (max-width: 1024px){.kt-inner-column-height-full:not(.kt-has-1-columns) > .wp-block-kadence-column.kadence-column4771_78273f-c8{align-self:auto;}}@media all and (max-width: 1024px){.kt-inner-column-height-full:not(.kt-has-1-columns) > .wp-block-kadence-column.kadence-column4771_78273f-c8 > .kt-inside-inner-col{flex-direction:column;justify-content:center;}}@media all and (max-width: 1024px){.kadence-column4771_78273f-c8 > .kt-inside-inner-col{flex-direction:column;justify-content:center;}}@media all and (max-width: 767px){.kt-row-column-wrap > .kadence-column4771_78273f-c8{align-self:center;}.kt-inner-column-height-full:not(.kt-has-1-columns) > .wp-block-kadence-column.kadence-column4771_78273f-c8{align-self:auto;}.kt-inner-column-height-full:not(.kt-has-1-columns) > .wp-block-kadence-column.kadence-column4771_78273f-c8 > .kt-inside-inner-col{flex-direction:column;justify-content:center;}.kadence-column4771_78273f-c8 > .kt-inside-inner-col{flex-direction:column;justify-content:center;}}<\/style>\n<div class=\"wp-block-kadence-column kadence-column4771_78273f-c8\"><div class=\"kt-inside-inner-col\">\n<p><strong>Esto es lo que puedes hacer:<\/strong><\/p>\n\n\n\n<ul class=\"wp-block-list\">\n<li>Devuelva los vasos en los recipientes designados alrededor del zool\u00f3gico etiquetados como \u00abBold Reuse\u00bb en verde brillante.<\/li>\n\n\n\n<li>\u00a1Uy! \u00bfTrajiste un vaso Bold Reuse a casa? \u00a1No hay problema! D\u00e9jalo en las entradas de la Puerta Sur, la Puerta Oeste o en la recepci\u00f3n de CWC.   <\/li>\n\n\n\n<li>Traiga una botella de agua reutilizable y ll\u00e9nela en nuestras estaciones de servicio gratuitas.<\/li>\n\n\n\n<li>Ten cuidado con lo que llevas al zool\u00f3gico. \u00bfPuedes cambiar una bolsa de un solo uso por una reutilizable? \u00a1Todo cuenta!  <\/li>\n<\/ul>\n\n\n\n<p><a href=\"https:\/\/www.boldreuse.com\/reuse-at-woodland-park-zoo\/\" target=\"_blank\" rel=\"noreferrer noopener\">Obtenga m\u00e1s informaci\u00f3n sobre Bold Reuse en el zool\u00f3gico<\/a><\/p>\n<\/div><\/div>\n\n<\/div><\/div>\n<p><\/p>\n","protected":false},"excerpt":{"rendered":"<p>Reutilizaci\u00f3n audaz Programa de vasos retornables Mientras construimos un futuro mejor para la vida silvestre y las personas, Woodland Park Zoo y su socio hotelero, Levy, est\u00e1n emocionados de anunciar [&hellip;]<\/p>\n","protected":false},"author":1,"featured_media":0,"parent":0,"menu_order":0,"comment_status":"closed","ping_status":"closed","template":"","meta":{"_acf_changed":false,"_kad_blocks_custom_css":"","_kad_blocks_head_custom_js":"","_kad_blocks_body_custom_js":"","_kad_blocks_footer_custom_js":"","footnotes":""},"class_list":["post-10794","page","type-page","status-publish","hentry"],"blocksy_meta":[],"acf":[],"yoast_head":"<!-- This site is optimized with the Yoast SEO plugin v27.3 - https:\/\/yoast.com\/product\/yoast-seo-wordpress\/ -->\n<title>-<\/title>\n<meta name=\"robots\" content=\"index, follow, max-snippet:-1, max-image-preview:large, max-video-preview:-1\" \/>\n<link rel=\"canonical\" href=\"https:\/\/zoo.org\/es\/reutilizacion-audaz\/\" \/>\n<meta property=\"og:locale\" content=\"es_ES\" \/>\n<meta property=\"og:type\" content=\"article\" \/>\n<meta property=\"og:title\" content=\"-\" \/>\n<meta property=\"og:description\" content=\"Reutilizaci\u00f3n audaz Programa de vasos retornables Mientras construimos un futuro mejor para la vida silvestre y las personas, Woodland Park Zoo y su socio hotelero, Levy, est\u00e1n emocionados de anunciar [&hellip;]\" \/>\n<meta property=\"og:url\" content=\"https:\/\/zoo.org\/es\/reutilizacion-audaz\/\" \/>\n<meta property=\"og:site_name\" content=\"Zool\u00f3gico Woodland Park\" \/>\n<meta property=\"article:modified_time\" content=\"2025-12-13T01:42:54+00:00\" \/>\n<meta property=\"og:image\" content=\"https:\/\/zoo.org\/wp-content\/uploads\/2025\/08\/Pond-Turtle-Header-Image3.jpg?wsr\" \/>\n\t<meta property=\"og:image:width\" content=\"1920\" \/>\n\t<meta property=\"og:image:height\" content=\"400\" \/>\n\t<meta property=\"og:image:type\" content=\"image\/jpeg\" \/>\n<meta name=\"twitter:card\" content=\"summary_large_image\" \/>\n<script type=\"application\/ld+json\" class=\"yoast-schema-graph\">{\"@context\":\"https:\\\/\\\/schema.org\",\"@graph\":[{\"@type\":\"WebPage\",\"@id\":\"https:\\\/\\\/zoo.org\\\/es\\\/reutilizacion-audaz\\\/\",\"url\":\"https:\\\/\\\/zoo.org\\\/es\\\/reutilizacion-audaz\\\/\",\"name\":\"-\",\"isPartOf\":{\"@id\":\"https:\\\/\\\/zoo.org\\\/es\\\/#website\"},\"primaryImageOfPage\":{\"@id\":\"https:\\\/\\\/zoo.org\\\/es\\\/reutilizacion-audaz\\\/#primaryimage\"},\"image\":{\"@id\":\"https:\\\/\\\/zoo.org\\\/es\\\/reutilizacion-audaz\\\/#primaryimage\"},\"thumbnailUrl\":\"https:\\\/\\\/zoo.org\\\/wp-content\\\/uploads\\\/2025\\\/08\\\/Pond-Turtle-Header-Image3.jpg\",\"datePublished\":\"2025-09-12T22:58:09+00:00\",\"dateModified\":\"2025-12-13T01:42:54+00:00\",\"breadcrumb\":{\"@id\":\"https:\\\/\\\/zoo.org\\\/es\\\/reutilizacion-audaz\\\/#breadcrumb\"},\"inLanguage\":\"es\",\"potentialAction\":[{\"@type\":\"ReadAction\",\"target\":[\"https:\\\/\\\/zoo.org\\\/es\\\/reutilizacion-audaz\\\/\"]}]},{\"@type\":\"ImageObject\",\"inLanguage\":\"es\",\"@id\":\"https:\\\/\\\/zoo.org\\\/es\\\/reutilizacion-audaz\\\/#primaryimage\",\"url\":\"https:\\\/\\\/zoo.org\\\/wp-content\\\/uploads\\\/2025\\\/08\\\/Pond-Turtle-Header-Image3.jpg\",\"contentUrl\":\"https:\\\/\\\/zoo.org\\\/wp-content\\\/uploads\\\/2025\\\/08\\\/Pond-Turtle-Header-Image3.jpg\"},{\"@type\":\"BreadcrumbList\",\"@id\":\"https:\\\/\\\/zoo.org\\\/es\\\/reutilizacion-audaz\\\/#breadcrumb\",\"itemListElement\":[{\"@type\":\"ListItem\",\"position\":1,\"name\":\"Hogar\",\"item\":\"https:\\\/\\\/zoo.org\\\/es\\\/\"},{\"@type\":\"ListItem\",\"position\":2,\"name\":\"Reutilizaci\u00f3n audaz\"}]},{\"@type\":\"WebSite\",\"@id\":\"https:\\\/\\\/zoo.org\\\/es\\\/#website\",\"url\":\"https:\\\/\\\/zoo.org\\\/es\\\/\",\"name\":\"Zool\u00f3gico Woodland Park\",\"description\":\"El Zool\u00f3gico Woodland Park salva la vida silvestre e inspira a todos a hacer de la conservaci\u00f3n una prioridad en sus vidas.\",\"publisher\":{\"@id\":\"https:\\\/\\\/zoo.org\\\/es\\\/#organization\"},\"potentialAction\":[{\"@type\":\"SearchAction\",\"target\":{\"@type\":\"EntryPoint\",\"urlTemplate\":\"https:\\\/\\\/zoo.org\\\/es\\\/?s={search_term_string}\"},\"query-input\":{\"@type\":\"PropertyValueSpecification\",\"valueRequired\":true,\"valueName\":\"search_term_string\"}}],\"inLanguage\":\"es\"},{\"@type\":\"Organization\",\"@id\":\"https:\\\/\\\/zoo.org\\\/es\\\/#organization\",\"name\":\"Zool\u00f3gico Woodland Park\",\"url\":\"https:\\\/\\\/zoo.org\\\/es\\\/\",\"logo\":{\"@type\":\"ImageObject\",\"inLanguage\":\"es\",\"@id\":\"https:\\\/\\\/zoo.org\\\/es\\\/#\\\/schema\\\/logo\\\/image\\\/\",\"url\":\"https:\\\/\\\/zoo.org\\\/wp-content\\\/uploads\\\/2026\\\/01\\\/WPZ-Logo_white-SVG.svg?wsr\",\"contentUrl\":\"https:\\\/\\\/zoo.org\\\/wp-content\\\/uploads\\\/2026\\\/01\\\/WPZ-Logo_white-SVG.svg?wsr\",\"width\":288,\"height\":282,\"caption\":\"Zool\u00f3gico Woodland Park\"},\"image\":{\"@id\":\"https:\\\/\\\/zoo.org\\\/es\\\/#\\\/schema\\\/logo\\\/image\\\/\"}}]}<\/script>\n<!-- \/ Yoast SEO plugin. -->","yoast_head_json":{"title":"-","robots":{"index":"index","follow":"follow","max-snippet":"max-snippet:-1","max-image-preview":"max-image-preview:large","max-video-preview":"max-video-preview:-1"},"canonical":"https:\/\/zoo.org\/es\/reutilizacion-audaz\/","og_locale":"es_ES","og_type":"article","og_title":"-","og_description":"Reutilizaci\u00f3n audaz Programa de vasos retornables Mientras construimos un futuro mejor para la vida silvestre y las personas, Woodland Park Zoo y su socio hotelero, Levy, est\u00e1n emocionados de anunciar [&hellip;]","og_url":"https:\/\/zoo.org\/es\/reutilizacion-audaz\/","og_site_name":"Zool\u00f3gico Woodland Park","article_modified_time":"2025-12-13T01:42:54+00:00","og_image":[{"width":1920,"height":400,"url":"https:\/\/zoo.org\/wp-content\/uploads\/2025\/08\/Pond-Turtle-Header-Image3.jpg?wsr","type":"image\/jpeg"}],"twitter_card":"summary_large_image","schema":{"@context":"https:\/\/schema.org","@graph":[{"@type":"WebPage","@id":"https:\/\/zoo.org\/es\/reutilizacion-audaz\/","url":"https:\/\/zoo.org\/es\/reutilizacion-audaz\/","name":"-","isPartOf":{"@id":"https:\/\/zoo.org\/es\/#website"},"primaryImageOfPage":{"@id":"https:\/\/zoo.org\/es\/reutilizacion-audaz\/#primaryimage"},"image":{"@id":"https:\/\/zoo.org\/es\/reutilizacion-audaz\/#primaryimage"},"thumbnailUrl":"https:\/\/zoo.org\/wp-content\/uploads\/2025\/08\/Pond-Turtle-Header-Image3.jpg","datePublished":"2025-09-12T22:58:09+00:00","dateModified":"2025-12-13T01:42:54+00:00","breadcrumb":{"@id":"https:\/\/zoo.org\/es\/reutilizacion-audaz\/#breadcrumb"},"inLanguage":"es","potentialAction":[{"@type":"ReadAction","target":["https:\/\/zoo.org\/es\/reutilizacion-audaz\/"]}]},{"@type":"ImageObject","inLanguage":"es","@id":"https:\/\/zoo.org\/es\/reutilizacion-audaz\/#primaryimage","url":"https:\/\/zoo.org\/wp-content\/uploads\/2025\/08\/Pond-Turtle-Header-Image3.jpg","contentUrl":"https:\/\/zoo.org\/wp-content\/uploads\/2025\/08\/Pond-Turtle-Header-Image3.jpg"},{"@type":"BreadcrumbList","@id":"https:\/\/zoo.org\/es\/reutilizacion-audaz\/#breadcrumb","itemListElement":[{"@type":"ListItem","position":1,"name":"Hogar","item":"https:\/\/zoo.org\/es\/"},{"@type":"ListItem","position":2,"name":"Reutilizaci\u00f3n audaz"}]},{"@type":"WebSite","@id":"https:\/\/zoo.org\/es\/#website","url":"https:\/\/zoo.org\/es\/","name":"Zool\u00f3gico Woodland Park","description":"El Zool\u00f3gico Woodland Park salva la vida silvestre e inspira a todos a hacer de la conservaci\u00f3n una prioridad en sus vidas.","publisher":{"@id":"https:\/\/zoo.org\/es\/#organization"},"potentialAction":[{"@type":"SearchAction","target":{"@type":"EntryPoint","urlTemplate":"https:\/\/zoo.org\/es\/?s={search_term_string}"},"query-input":{"@type":"PropertyValueSpecification","valueRequired":true,"valueName":"search_term_string"}}],"inLanguage":"es"},{"@type":"Organization","@id":"https:\/\/zoo.org\/es\/#organization","name":"Zool\u00f3gico Woodland Park","url":"https:\/\/zoo.org\/es\/","logo":{"@type":"ImageObject","inLanguage":"es","@id":"https:\/\/zoo.org\/es\/#\/schema\/logo\/image\/","url":"https:\/\/zoo.org\/wp-content\/uploads\/2026\/01\/WPZ-Logo_white-SVG.svg?wsr","contentUrl":"https:\/\/zoo.org\/wp-content\/uploads\/2026\/01\/WPZ-Logo_white-SVG.svg?wsr","width":288,"height":282,"caption":"Zool\u00f3gico Woodland Park"},"image":{"@id":"https:\/\/zoo.org\/es\/#\/schema\/logo\/image\/"}}]}},"taxonomy_info":[],"featured_image_src_large":false,"author_info":{"display_name":"jloughlin","author_link":"https:\/\/zoo.org\/es\/author\/jloughlin\/"},"comment_info":0,"_links":{"self":[{"href":"https:\/\/zoo.org\/es\/wp-json\/wp\/v2\/pages\/10794","targetHints":{"allow":["GET"]}}],"collection":[{"href":"https:\/\/zoo.org\/es\/wp-json\/wp\/v2\/pages"}],"about":[{"href":"https:\/\/zoo.org\/es\/wp-json\/wp\/v2\/types\/page"}],"author":[{"embeddable":true,"href":"https:\/\/zoo.org\/es\/wp-json\/wp\/v2\/users\/1"}],"replies":[{"embeddable":true,"href":"https:\/\/zoo.org\/es\/wp-json\/wp\/v2\/comments?post=10794"}],"version-history":[{"count":0,"href":"https:\/\/zoo.org\/es\/wp-json\/wp\/v2\/pages\/10794\/revisions"}],"wp:attachment":[{"href":"https:\/\/zoo.org\/es\/wp-json\/wp\/v2\/media?parent=10794"}],"curies":[{"name":"wp","href":"https:\/\/api.w.org\/{rel}","templated":true}]}}