{"id":10804,"date":"2025-09-12T16:07:36","date_gmt":"2025-09-12T23:07:36","guid":{"rendered":"https:\/\/zoo.org\/preguntas-frecuentes-sobre-eco-cell\/"},"modified":"2025-12-12T17:46:41","modified_gmt":"2025-12-13T01:46:41","slug":"preguntas-frecuentes-sobre-eco-cell","status":"publish","type":"page","link":"https:\/\/zoo.org\/es\/zoologico-sostenible\/preguntas-frecuentes-sobre-eco-cell\/","title":{"rendered":"Preguntas frecuentes sobre Eco-CELL"},"content":{"rendered":"\n<div class=\"wp-block-cover alignfull is-light hero\" style=\"margin-top:0;margin-bottom:0\"><img loading=\"lazy\" decoding=\"async\" width=\"1920\" height=\"400\" class=\"wp-block-cover__image-background wp-image-3472 size-full\" alt=\"\" src=\"https:\/\/zoo.org\/wp-content\/uploads\/2025\/08\/Pond-Turtle-Header-Image3.jpg\" data-object-fit=\"cover\" srcset=\"https:\/\/zoo.org\/wp-content\/uploads\/2025\/08\/Pond-Turtle-Header-Image3.jpg 1920w, https:\/\/zoo.org\/wp-content\/uploads\/2025\/08\/Pond-Turtle-Header-Image3-300x63.jpg 300w, https:\/\/zoo.org\/wp-content\/uploads\/2025\/08\/Pond-Turtle-Header-Image3-1024x213.jpg 1024w, https:\/\/zoo.org\/wp-content\/uploads\/2025\/08\/Pond-Turtle-Header-Image3-768x160.jpg 768w, https:\/\/zoo.org\/wp-content\/uploads\/2025\/08\/Pond-Turtle-Header-Image3-1536x320.jpg 1536w\" sizes=\"auto, (max-width: 1920px) 100vw, 1920px\" \/><span aria-hidden=\"true\" class=\"wp-block-cover__background has-background-dim-0 has-background-dim\" style=\"background-color:#888a81\"><\/span><div class=\"wp-block-cover__inner-container is-layout-constrained wp-block-cover-is-layout-constrained\">\n<p class=\"has-text-align-center has-large-font-size\"><\/p>\n<\/div><\/div>\n\n<div class=\"wp-block-group is-layout-constrained wp-block-group-is-layout-constrained\" style=\"margin-top:2em;margin-bottom:3em\">\n<h1 class=\"wp-block-heading has-text-align-center\" style=\"margin-top:0.65em;margin-bottom:0.275em\">ECO-CELL<\/h1>\n\n\n\n<p class=\"has-text-align-center has-palette-color-3-color has-text-color has-link-color wp-elements-9a504e3004146b896f9a655f76d9b109\" style=\"margin-bottom:1em;font-size:clamp(0.984em, 0.984rem + ((1vw - 0.2em) * 0.645), 1.5em);font-style:normal;font-weight:500;line-height:1.5\"><strong>\u00a1Reciclar tel\u00e9fonos celulares ayuda a salvar gorilas!<\/strong><\/p>\n<\/div>\n\n<div class=\"wp-block-group alignfull divider is-layout-constrained wp-block-group-is-layout-constrained\">\n<h2 class=\"wp-block-heading alignfull has-text-align-center\">PREGUNTAS FRECUENTES<\/h2>\n<\/div>\n\n<h3 class=\"wp-block-heading\">Preguntas y respuestas sobre el reciclaje de ECO-CELL<\/h3>\n\n<h4 class=\"wp-block-heading\">\u00bfQu\u00e9 es el programa de reciclaje ECO-CELL?<\/h4>\n\n<p>El programa de reciclaje ECO-CELL ayuda a reducir la demanda de colt\u00e1n, un mineral utilizado para prolongar la vida \u00fatil de las bater\u00edas de tel\u00e9fonos y otros dispositivos port\u00e1tiles. Las minas de colt\u00e1n en la Rep\u00fablica Democr\u00e1tica del Congo destruyen h\u00e1bitats forestales cruciales para especies en peligro de extinci\u00f3n, como el gorila occidental de llanura. <\/p>\n\n<h4 class=\"wp-block-heading\">\u00bfQu\u00e9 puedo reciclar a trav\u00e9s de ECO-CELL?<\/h4>\n\n<p>Tel\u00e9fonos celulares, tel\u00e9fonos inteligentes, iPods, iPads, tabletas, adaptadores, cargadores, reproductores MP3, sistemas de juegos port\u00e1tiles y los accesorios que vienen con ellos.<\/p>\n\n<h4 class=\"wp-block-heading\">\u00bfC\u00f3mo ayuda?<\/h4>\n\n<p>Los dispositivos electr\u00f3nicos port\u00e1tiles contienen colt\u00e1n, un material que se encuentra en grandes cantidades en el Congo, hogar de gorilas en peligro cr\u00edtico de extinci\u00f3n. Los mineros de colt\u00e1n suelen matar a los gorilas para acceder f\u00e1cilmente a su h\u00e1bitat y con frecuencia emplean a ni\u00f1os en la miner\u00eda. Naciones Unidas ha informado que la poblaci\u00f3n de gorilas de las tierras bajas orientales en ocho parques nacionales del Congo ha disminuido un 90 % en los \u00faltimos cinco a\u00f1os. Al reciclar sus dispositivos electr\u00f3nicos port\u00e1tiles y reutilizar el colt\u00e1n, reduce la demanda de colt\u00e1n reci\u00e9n extra\u00eddo, salva a los gorilas y frena las violaciones de derechos humanos en zonas de conflicto.   <\/p>\n\n<h4 class=\"wp-block-heading\">\u00bfC\u00f3mo estoy invirtiendo en conservaci\u00f3n?<\/h4>\n\n<p>\u00a1Est\u00e1s a punto de generar un doble impacto! El Zool\u00f3gico Woodland Park env\u00eda dispositivos electr\u00f3nicos port\u00e1tiles a ECO-CELL, una empresa familiar de Louisville, Kentucky, para su reacondicionamiento o reciclaje. ECO-CELL paga entre $0.25 y $15 por cada dispositivo electr\u00f3nico. Al reciclar a trav\u00e9s de este programa, est\u00e1s: 1) reduciendo la demanda de materiales v\u00edrgenes de la miner\u00eda y 2) cada d\u00f3lar recibido de ECO-CELL se destina directamente a la conservaci\u00f3n de gorilas a trav\u00e9s del Proyecto Gorila Mondika o el Fondo Gorila Dian Fossey.     <\/p>\n\n<h4 class=\"wp-block-heading\">\u00bfEs deducible de impuestos?<\/h4>\n\n<p>S\u00ed. Una donaci\u00f3n realizada por una empresa o particular directamente al zool\u00f3gico se considera deducible de impuestos. Dado que el zool\u00f3gico no puede ofrecer asesoramiento fiscal, se solicita a cada empresa que determine el valor de su propia donaci\u00f3n.<br\/> La carta de impuestos que recibir\u00e1 dir\u00e1 \u00abGracias por la donaci\u00f3n de ## tel\u00e9fonos celulares\u00bb. Depender\u00e1 de usted, como empresa, y del IRS determinar el valor de su donaci\u00f3n.     <\/p>\n\n<p><em>Excepci\u00f3n:<\/em> si un empleado le dona a usted (la empresa) un dispositivo electr\u00f3nico port\u00e1til, y su empresa hace la donaci\u00f3n al zool\u00f3gico, no es deducible de impuestos para el empleado original porque la donaci\u00f3n no se hizo directamente a una organizaci\u00f3n sin fines de lucro.<\/p>\n\n<h4 class=\"wp-block-heading\">\u00bfC\u00f3mo podemos escalar esto para mi negocio?<\/h4>\n\n<p><strong>Si es un particular,<\/strong> puede depositar sus dispositivos electr\u00f3nicos en cualquiera de los tres contenedores de donaciones del Zool\u00f3gico Woodland Park. Hay un contenedor ubicado afuera de cada una de las dos entradas y otro cerca del h\u00e1bitat de los gorilas dentro del zool\u00f3gico. <\/p>\n\n<p><strong>Si tiene una peque\u00f1a empresa,<\/strong> podemos organizar la recogida peri\u00f3dica de los art\u00edculos (probablemente trimestralmente, dependiendo del tama\u00f1o de la empresa y la cantidad de art\u00edculos recolectados) y su transporte al zool\u00f3gico para incluirlo en el env\u00edo general a ECO-CELL. Puede donar sus dispositivos electr\u00f3nicos personales o colocar contenedores para que los clientes los recojan. <\/p>\n\n<p><strong>Si su empresa es grande<\/strong> , podemos gestionar el env\u00edo de sus dispositivos electr\u00f3nicos port\u00e1tiles directamente a ECO-CELL en nombre del Zool\u00f3gico Woodland Park. ECO-CELL se encarga del env\u00edo y el reembolso se destinar\u00e1 directamente al zool\u00f3gico para la conservaci\u00f3n de los gorilas. Por favor, considere reciclar los tel\u00e9fonos celulares proporcionados por la empresa a sus empleados cuando sean retirados de circulaci\u00f3n.  <\/p>\n\n<h4 class=\"wp-block-heading\">\u00bfQu\u00e9 debo tener en cuenta antes de donar?<\/h4>\n\n<p>Hay dos cosas que debe hacer antes de donar sus dispositivos electr\u00f3nicos port\u00e1tiles, especialmente tel\u00e9fonos celulares. Primero, retire las tarjetas SIM o SD. Segundo, limpie el tel\u00e9fono. ECO-CELL no borra los datos de los tel\u00e9fonos que recibe.   <\/p>\n\n<p>Si est\u00e1 recolectando dispositivos electr\u00f3nicos port\u00e1tiles para donarlos al zool\u00f3gico o enviarlos a ECO-CELL en nuestro nombre, deber\u00e1 colocar sus contenedores de recolecci\u00f3n en un lugar seguro y monitorearlos para evitar robos.<\/p>\n\n<h4 class=\"wp-block-heading\">\u00bfPuedo obtener m\u00e1s si revendo o intercambio mi tel\u00e9fono?  <\/h4>\n\n<p>S\u00ed. Pero adem\u00e1s de proteger a los gorilas y sus h\u00e1bitats, aqu\u00ed tienes algunas razones por las que tu tel\u00e9fono reciclado puede tener un impacto mayor que su valor de intercambio: <\/p>\n\n<ul class=\"wp-block-list\">\n<li>Los dispositivos electr\u00f3nicos port\u00e1tiles contienen diversos metales preciosos, cobre y pl\u00e1sticos. El reciclaje no solo conserva estos materiales, sino que tambi\u00e9n reduce las emisiones de gases de efecto invernadero que se producen durante la fabricaci\u00f3n y la extracci\u00f3n y el procesamiento de materiales v\u00edrgenes. <\/li>\n\n\n\n<li>Reciclar un solo tel\u00e9fono celular ahorra suficiente energ\u00eda para alimentar una computadora port\u00e1til durante 44 horas.<\/li>\n\n\n\n<li>Si reciclemos los 130 millones de tel\u00e9fonos celulares que se desechan anualmente en Estados Unidos, podr\u00edamos ahorrar suficiente energ\u00eda para abastecer a m\u00e1s de 24.000 hogares durante un a\u00f1o.<\/li>\n\n\n\n<li>Por cada mill\u00f3n de tel\u00e9fonos celulares reciclados, se puede recuperar lo siguiente:\n<ul class=\"wp-block-list\">\n<li>75 libras de oro<\/li>\n\n\n\n<li>772 libras de plata<\/li>\n\n\n\n<li>33 libras de paladio<\/li>\n\n\n\n<li>35.274 libras de cobre<\/li>\n\n\n\n<li>El esta\u00f1o, el zinc y el platino tambi\u00e9n se pueden reutilizar.<\/li>\n<\/ul>\n<\/li>\n\n\n\n<li>Los tel\u00e9fonos celulares y otros dispositivos electr\u00f3nicos tambi\u00e9n contienen materiales peligrosos como plomo, mercurio, cadmio, ars\u00e9nico y retardantes de llama bromados. Si se desechan en vertederos, estos materiales pueden contaminar el aire, el suelo y las aguas subterr\u00e1neas. <\/li>\n<\/ul>\n","protected":false},"excerpt":{"rendered":"<p>ECO-CELL \u00a1Reciclar tel\u00e9fonos celulares ayuda a salvar gorilas! PREGUNTAS FRECUENTES Preguntas y respuestas sobre el reciclaje de ECO-CELL \u00bfQu\u00e9 es el programa de reciclaje ECO-CELL? El programa de reciclaje ECO-CELL [&hellip;]<\/p>\n","protected":false},"author":1,"featured_media":0,"parent":11780,"menu_order":0,"comment_status":"closed","ping_status":"closed","template":"","meta":{"_acf_changed":false,"_kad_blocks_custom_css":"","_kad_blocks_head_custom_js":"","_kad_blocks_body_custom_js":"","_kad_blocks_footer_custom_js":"","footnotes":""},"class_list":["post-10804","page","type-page","status-publish","hentry"],"blocksy_meta":[],"acf":[],"yoast_head":"<!-- This site is optimized with the Yoast SEO plugin v27.4 - https:\/\/yoast.com\/product\/yoast-seo-wordpress\/ -->\n<title>-<\/title>\n<meta name=\"robots\" content=\"index, follow, max-snippet:-1, max-image-preview:large, max-video-preview:-1\" \/>\n<link rel=\"canonical\" href=\"https:\/\/zoo.org\/es\/zoologico-sostenible\/preguntas-frecuentes-sobre-eco-cell\/\" \/>\n<meta property=\"og:locale\" content=\"es_ES\" \/>\n<meta property=\"og:type\" content=\"article\" \/>\n<meta property=\"og:title\" content=\"-\" \/>\n<meta property=\"og:description\" content=\"ECO-CELL \u00a1Reciclar tel\u00e9fonos celulares ayuda a salvar gorilas! PREGUNTAS FRECUENTES Preguntas y respuestas sobre el reciclaje de ECO-CELL \u00bfQu\u00e9 es el programa de reciclaje ECO-CELL? El programa de reciclaje ECO-CELL [&hellip;]\" \/>\n<meta property=\"og:url\" content=\"https:\/\/zoo.org\/es\/zoologico-sostenible\/preguntas-frecuentes-sobre-eco-cell\/\" \/>\n<meta property=\"og:site_name\" content=\"Zool\u00f3gico Woodland Park\" \/>\n<meta property=\"article:modified_time\" content=\"2025-12-13T01:46:41+00:00\" \/>\n<meta property=\"og:image\" content=\"https:\/\/zoo.org\/wp-content\/uploads\/2025\/08\/Pond-Turtle-Header-Image3.jpg?wsr\" \/>\n\t<meta property=\"og:image:width\" content=\"1920\" \/>\n\t<meta property=\"og:image:height\" content=\"400\" \/>\n\t<meta property=\"og:image:type\" content=\"image\/jpeg\" \/>\n<meta name=\"twitter:card\" content=\"summary_large_image\" \/>\n<script type=\"application\/ld+json\" class=\"yoast-schema-graph\">{\"@context\":\"https:\\\/\\\/schema.org\",\"@graph\":[{\"@type\":\"WebPage\",\"@id\":\"https:\\\/\\\/zoo.org\\\/es\\\/zoologico-sostenible\\\/preguntas-frecuentes-sobre-eco-cell\\\/\",\"url\":\"https:\\\/\\\/zoo.org\\\/es\\\/zoologico-sostenible\\\/preguntas-frecuentes-sobre-eco-cell\\\/\",\"name\":\"-\",\"isPartOf\":{\"@id\":\"https:\\\/\\\/zoo.org\\\/es\\\/#website\"},\"primaryImageOfPage\":{\"@id\":\"https:\\\/\\\/zoo.org\\\/es\\\/zoologico-sostenible\\\/preguntas-frecuentes-sobre-eco-cell\\\/#primaryimage\"},\"image\":{\"@id\":\"https:\\\/\\\/zoo.org\\\/es\\\/zoologico-sostenible\\\/preguntas-frecuentes-sobre-eco-cell\\\/#primaryimage\"},\"thumbnailUrl\":\"https:\\\/\\\/zoo.org\\\/wp-content\\\/uploads\\\/2025\\\/08\\\/Pond-Turtle-Header-Image3.jpg\",\"datePublished\":\"2025-09-12T23:07:36+00:00\",\"dateModified\":\"2025-12-13T01:46:41+00:00\",\"breadcrumb\":{\"@id\":\"https:\\\/\\\/zoo.org\\\/es\\\/zoologico-sostenible\\\/preguntas-frecuentes-sobre-eco-cell\\\/#breadcrumb\"},\"inLanguage\":\"es\",\"potentialAction\":[{\"@type\":\"ReadAction\",\"target\":[\"https:\\\/\\\/zoo.org\\\/es\\\/zoologico-sostenible\\\/preguntas-frecuentes-sobre-eco-cell\\\/\"]}]},{\"@type\":\"ImageObject\",\"inLanguage\":\"es\",\"@id\":\"https:\\\/\\\/zoo.org\\\/es\\\/zoologico-sostenible\\\/preguntas-frecuentes-sobre-eco-cell\\\/#primaryimage\",\"url\":\"https:\\\/\\\/zoo.org\\\/wp-content\\\/uploads\\\/2025\\\/08\\\/Pond-Turtle-Header-Image3.jpg\",\"contentUrl\":\"https:\\\/\\\/zoo.org\\\/wp-content\\\/uploads\\\/2025\\\/08\\\/Pond-Turtle-Header-Image3.jpg\"},{\"@type\":\"BreadcrumbList\",\"@id\":\"https:\\\/\\\/zoo.org\\\/es\\\/zoologico-sostenible\\\/preguntas-frecuentes-sobre-eco-cell\\\/#breadcrumb\",\"itemListElement\":[{\"@type\":\"ListItem\",\"position\":1,\"name\":\"Hogar\",\"item\":\"https:\\\/\\\/zoo.org\\\/es\\\/\"},{\"@type\":\"ListItem\",\"position\":2,\"name\":\"Zool\u00f3gico sostenible\",\"item\":\"https:\\\/\\\/zoo.org\\\/es\\\/zoologico-sostenible\\\/\"},{\"@type\":\"ListItem\",\"position\":3,\"name\":\"Preguntas frecuentes sobre Eco-CELL\"}]},{\"@type\":\"WebSite\",\"@id\":\"https:\\\/\\\/zoo.org\\\/es\\\/#website\",\"url\":\"https:\\\/\\\/zoo.org\\\/es\\\/\",\"name\":\"Zool\u00f3gico Woodland Park\",\"description\":\"El Zool\u00f3gico Woodland Park salva la vida silvestre e inspira a todos a hacer de la conservaci\u00f3n una prioridad en sus vidas.\",\"publisher\":{\"@id\":\"https:\\\/\\\/zoo.org\\\/es\\\/#organization\"},\"potentialAction\":[{\"@type\":\"SearchAction\",\"target\":{\"@type\":\"EntryPoint\",\"urlTemplate\":\"https:\\\/\\\/zoo.org\\\/es\\\/?s={search_term_string}\"},\"query-input\":{\"@type\":\"PropertyValueSpecification\",\"valueRequired\":true,\"valueName\":\"search_term_string\"}}],\"inLanguage\":\"es\"},{\"@type\":\"Organization\",\"@id\":\"https:\\\/\\\/zoo.org\\\/es\\\/#organization\",\"name\":\"Zool\u00f3gico Woodland Park\",\"url\":\"https:\\\/\\\/zoo.org\\\/es\\\/\",\"logo\":{\"@type\":\"ImageObject\",\"inLanguage\":\"es\",\"@id\":\"https:\\\/\\\/zoo.org\\\/es\\\/#\\\/schema\\\/logo\\\/image\\\/\",\"url\":\"https:\\\/\\\/zoo.org\\\/wp-content\\\/uploads\\\/2026\\\/01\\\/WPZ-Logo_white-SVG.svg?wsr\",\"contentUrl\":\"https:\\\/\\\/zoo.org\\\/wp-content\\\/uploads\\\/2026\\\/01\\\/WPZ-Logo_white-SVG.svg?wsr\",\"width\":288,\"height\":282,\"caption\":\"Zool\u00f3gico Woodland Park\"},\"image\":{\"@id\":\"https:\\\/\\\/zoo.org\\\/es\\\/#\\\/schema\\\/logo\\\/image\\\/\"}}]}<\/script>\n<!-- \/ Yoast SEO plugin. -->","yoast_head_json":{"title":"-","robots":{"index":"index","follow":"follow","max-snippet":"max-snippet:-1","max-image-preview":"max-image-preview:large","max-video-preview":"max-video-preview:-1"},"canonical":"https:\/\/zoo.org\/es\/zoologico-sostenible\/preguntas-frecuentes-sobre-eco-cell\/","og_locale":"es_ES","og_type":"article","og_title":"-","og_description":"ECO-CELL \u00a1Reciclar tel\u00e9fonos celulares ayuda a salvar gorilas! PREGUNTAS FRECUENTES Preguntas y respuestas sobre el reciclaje de ECO-CELL \u00bfQu\u00e9 es el programa de reciclaje ECO-CELL? El programa de reciclaje ECO-CELL [&hellip;]","og_url":"https:\/\/zoo.org\/es\/zoologico-sostenible\/preguntas-frecuentes-sobre-eco-cell\/","og_site_name":"Zool\u00f3gico Woodland Park","article_modified_time":"2025-12-13T01:46:41+00:00","og_image":[{"width":1920,"height":400,"url":"https:\/\/zoo.org\/wp-content\/uploads\/2025\/08\/Pond-Turtle-Header-Image3.jpg?wsr","type":"image\/jpeg"}],"twitter_card":"summary_large_image","schema":{"@context":"https:\/\/schema.org","@graph":[{"@type":"WebPage","@id":"https:\/\/zoo.org\/es\/zoologico-sostenible\/preguntas-frecuentes-sobre-eco-cell\/","url":"https:\/\/zoo.org\/es\/zoologico-sostenible\/preguntas-frecuentes-sobre-eco-cell\/","name":"-","isPartOf":{"@id":"https:\/\/zoo.org\/es\/#website"},"primaryImageOfPage":{"@id":"https:\/\/zoo.org\/es\/zoologico-sostenible\/preguntas-frecuentes-sobre-eco-cell\/#primaryimage"},"image":{"@id":"https:\/\/zoo.org\/es\/zoologico-sostenible\/preguntas-frecuentes-sobre-eco-cell\/#primaryimage"},"thumbnailUrl":"https:\/\/zoo.org\/wp-content\/uploads\/2025\/08\/Pond-Turtle-Header-Image3.jpg","datePublished":"2025-09-12T23:07:36+00:00","dateModified":"2025-12-13T01:46:41+00:00","breadcrumb":{"@id":"https:\/\/zoo.org\/es\/zoologico-sostenible\/preguntas-frecuentes-sobre-eco-cell\/#breadcrumb"},"inLanguage":"es","potentialAction":[{"@type":"ReadAction","target":["https:\/\/zoo.org\/es\/zoologico-sostenible\/preguntas-frecuentes-sobre-eco-cell\/"]}]},{"@type":"ImageObject","inLanguage":"es","@id":"https:\/\/zoo.org\/es\/zoologico-sostenible\/preguntas-frecuentes-sobre-eco-cell\/#primaryimage","url":"https:\/\/zoo.org\/wp-content\/uploads\/2025\/08\/Pond-Turtle-Header-Image3.jpg","contentUrl":"https:\/\/zoo.org\/wp-content\/uploads\/2025\/08\/Pond-Turtle-Header-Image3.jpg"},{"@type":"BreadcrumbList","@id":"https:\/\/zoo.org\/es\/zoologico-sostenible\/preguntas-frecuentes-sobre-eco-cell\/#breadcrumb","itemListElement":[{"@type":"ListItem","position":1,"name":"Hogar","item":"https:\/\/zoo.org\/es\/"},{"@type":"ListItem","position":2,"name":"Zool\u00f3gico sostenible","item":"https:\/\/zoo.org\/es\/zoologico-sostenible\/"},{"@type":"ListItem","position":3,"name":"Preguntas frecuentes sobre Eco-CELL"}]},{"@type":"WebSite","@id":"https:\/\/zoo.org\/es\/#website","url":"https:\/\/zoo.org\/es\/","name":"Zool\u00f3gico Woodland Park","description":"El Zool\u00f3gico Woodland Park salva la vida silvestre e inspira a todos a hacer de la conservaci\u00f3n una prioridad en sus vidas.","publisher":{"@id":"https:\/\/zoo.org\/es\/#organization"},"potentialAction":[{"@type":"SearchAction","target":{"@type":"EntryPoint","urlTemplate":"https:\/\/zoo.org\/es\/?s={search_term_string}"},"query-input":{"@type":"PropertyValueSpecification","valueRequired":true,"valueName":"search_term_string"}}],"inLanguage":"es"},{"@type":"Organization","@id":"https:\/\/zoo.org\/es\/#organization","name":"Zool\u00f3gico Woodland Park","url":"https:\/\/zoo.org\/es\/","logo":{"@type":"ImageObject","inLanguage":"es","@id":"https:\/\/zoo.org\/es\/#\/schema\/logo\/image\/","url":"https:\/\/zoo.org\/wp-content\/uploads\/2026\/01\/WPZ-Logo_white-SVG.svg?wsr","contentUrl":"https:\/\/zoo.org\/wp-content\/uploads\/2026\/01\/WPZ-Logo_white-SVG.svg?wsr","width":288,"height":282,"caption":"Zool\u00f3gico Woodland Park"},"image":{"@id":"https:\/\/zoo.org\/es\/#\/schema\/logo\/image\/"}}]}},"taxonomy_info":[],"featured_image_src_large":false,"author_info":{"display_name":"jloughlin","author_link":"https:\/\/zoo.org\/es\/author\/jloughlin\/"},"comment_info":0,"_links":{"self":[{"href":"https:\/\/zoo.org\/es\/wp-json\/wp\/v2\/pages\/10804","targetHints":{"allow":["GET"]}}],"collection":[{"href":"https:\/\/zoo.org\/es\/wp-json\/wp\/v2\/pages"}],"about":[{"href":"https:\/\/zoo.org\/es\/wp-json\/wp\/v2\/types\/page"}],"author":[{"embeddable":true,"href":"https:\/\/zoo.org\/es\/wp-json\/wp\/v2\/users\/1"}],"replies":[{"embeddable":true,"href":"https:\/\/zoo.org\/es\/wp-json\/wp\/v2\/comments?post=10804"}],"version-history":[{"count":0,"href":"https:\/\/zoo.org\/es\/wp-json\/wp\/v2\/pages\/10804\/revisions"}],"up":[{"embeddable":true,"href":"https:\/\/zoo.org\/es\/wp-json\/wp\/v2\/pages\/11780"}],"wp:attachment":[{"href":"https:\/\/zoo.org\/es\/wp-json\/wp\/v2\/media?parent=10804"}],"curies":[{"name":"wp","href":"https:\/\/api.w.org\/{rel}","templated":true}]}}