{"id":10900,"date":"2025-09-16T15:30:02","date_gmt":"2025-09-16T22:30:02","guid":{"rendered":"https:\/\/zoo.org\/accesibilidad-de-zootunes\/"},"modified":"2026-03-24T10:39:36","modified_gmt":"2026-03-24T17:39:36","slug":"accesibilidad-de-zootunes","status":"publish","type":"page","link":"https:\/\/zoo.org\/es\/zootune\/accesibilidad-de-zootunes\/","title":{"rendered":"Accesibilidad de Zootunes"},"content":{"rendered":"\n<div class=\"wp-block-cover alignfull hero\" style=\"margin-top:0;margin-bottom:0\"><img loading=\"lazy\" decoding=\"async\" width=\"1920\" height=\"400\" class=\"wp-block-cover__image-background wp-image-4895 size-full\" alt=\"A large crowd gathers on a grassy lawn for an outdoor concert, sitting on blankets and chairs in front of a stage surrounded by trees and greenery on a sunny day.\" src=\"https:\/\/zoo.org\/wp-content\/uploads\/2025\/09\/Zootunes-Aerial-Header-Image.jpg\" data-object-fit=\"cover\" srcset=\"https:\/\/zoo.org\/wp-content\/uploads\/2025\/09\/Zootunes-Aerial-Header-Image.jpg 1920w, https:\/\/zoo.org\/wp-content\/uploads\/2025\/09\/Zootunes-Aerial-Header-Image-300x63.jpg 300w, https:\/\/zoo.org\/wp-content\/uploads\/2025\/09\/Zootunes-Aerial-Header-Image-1024x213.jpg 1024w, https:\/\/zoo.org\/wp-content\/uploads\/2025\/09\/Zootunes-Aerial-Header-Image-768x160.jpg 768w, https:\/\/zoo.org\/wp-content\/uploads\/2025\/09\/Zootunes-Aerial-Header-Image-1536x320.jpg 1536w\" sizes=\"auto, (max-width: 1920px) 100vw, 1920px\" \/><span aria-hidden=\"true\" class=\"wp-block-cover__background has-background-dim-0 has-background-dim\" style=\"background-color:#585132\"><\/span><div class=\"wp-block-cover__inner-container is-layout-constrained wp-block-cover-is-layout-constrained\">\n<p class=\"has-text-align-center has-large-font-size\"><\/p>\n<\/div><\/div>\n\n<div class=\"wp-block-group is-layout-constrained wp-block-group-is-layout-constrained\" style=\"margin-top:2em;margin-bottom:3em\">\n<h1 class=\"wp-block-heading has-text-align-center\" style=\"margin-top:0.65em;margin-bottom:0.275em\">Zootunes de BECU<\/h1>\n\n\n\n<p class=\"has-text-align-center has-palette-color-3-color has-text-color has-link-color wp-elements-b6763ec3d260c120e5d5f5195d25c802\" style=\"margin-bottom:1em;font-size:clamp(0.984em, 0.984rem + ((1vw - 0.2em) * 0.645), 1.5em);font-style:normal;font-weight:500;line-height:1.5\"><strong>Presentado por Carter Subaru<\/strong><\/p>\n<\/div>\n\n<div class=\"wp-block-group alignfull divider is-layout-constrained wp-block-group-is-layout-constrained\">\n<h2 class=\"wp-block-heading alignfull has-text-align-center\">ACCESIBILIDAD<\/h2>\n\n\n\n<p class=\"has-text-align-center\" style=\"margin-top:0.5em;margin-bottom:0.5em\"><strong>ACCESO PARA PERSONAS CON DISCAPACIDAD<\/strong><\/p>\n<\/div>\n\n<h3 class=\"wp-block-heading\">Venta de entradas<\/h3>\n\n<p>Hay un n\u00famero limitado de entradas ADA disponibles por orden de llegada. Todas las entradas solo se pueden comprar en l\u00ednea.<\/p>\n\n<p><a href=\"https:\/\/www.etix.com\/ticket\/v\/20006\/woodland-park-zoo\" target=\"_blank\" rel=\"noreferrer noopener\">Comprar entradas<\/a><\/p>\n\n<h3 class=\"wp-block-heading\" style=\"margin-bottom:1em\">Aparcamiento<\/h3>\n\n<p>Los hu\u00e9spedes con una placa o cartel de discapacidad estatal pueden estacionarse en el \u00e1rea designada en estacionamientos seleccionados por orden de llegada. El lote m\u00e1s cercano al lugar del concierto es el Penguin Lot en Phinney Ave. Calle 55 N. y N.<\/p>\n\n<p>Los lugares de estacionamiento ADA se llenan r\u00e1pidamente, por lo que los invitados tambi\u00e9n pueden usar el estacionamiento de Otter para dejar a personas con discapacidades o cualquier persona que no pueda caminar desde el \u00e1rea de estacionamiento hasta el lugar.<\/p>\n\n<p>El personal y los voluntarios est\u00e1n disponibles para ayudar con preguntas e indicaciones en cualquier momento.<\/p>\n\n<p>Habr\u00e1 un n\u00famero limitado de plazas disponibles para reservar con antelaci\u00f3n en nuestro Lote Otter y en nuestro Lote Flamingo antes de los conciertos. Se publicar\u00e1 m\u00e1s informaci\u00f3n al respecto cuando se acerque la fecha de los conciertos. Tambi\u00e9n recibir\u00e1 informaci\u00f3n en el correo electr\u00f3nico \u00abInformaci\u00f3n previa a cada concierto\u00bb.  <\/p>\n\n<p>Los visitantes tambi\u00e9n pueden optar por estacionar en los estacionamientos del zool\u00f3gico, convenientemente ubicados. El costo es de $15 (m\u00e1s impuestos y cargos) para estacionar en todos los estacionamientos no reservados. <\/p>\n\n<p><strong>Si decide estacionarse en los vecindarios circundantes, por favor, respete las leyes de estacionamiento de Seattle y deje 1,5 metros de distancia a cada lado de las entradas. Por favor, sea cort\u00e9s con nuestros vecinos despu\u00e9s del concierto, minimizando el ruido. Y lo m\u00e1s importante, si bloquea la entrada de alguien, ser\u00e1 remolcado.  <\/strong><\/p>\n\n<h3 class=\"wp-block-heading\" style=\"margin-bottom:1em\">Ubicaci\u00f3n de los asientos<\/h3>\n\n<p>El \u00e1rea reservada ADA est\u00e1 ubicada en el lado oeste de la pradera.<\/p>\n\n<ul class=\"wp-block-list\">\n<li>Tenga en cuenta que en esta secci\u00f3n no se proporcionan sillas.<\/li>\n\n\n\n<li>Todas las sillas son bienvenidas en la secci\u00f3n ADA.<\/li>\n\n\n\n<li>Si prefiere no sentarse en el \u00e1rea designada para personas con discapacidades, puede sentarse en cualquier lugar del prado en una silla con respaldo bajo o una manta o en el \u00e1rea designada para sillas con respaldo alto en la parte posterior del prado.<\/li>\n<\/ul>\n","protected":false},"excerpt":{"rendered":"<p>Zootunes de BECU Presentado por Carter Subaru ACCESIBILIDAD ACCESO PARA PERSONAS CON DISCAPACIDAD Venta de entradas Hay un n\u00famero limitado de entradas ADA disponibles por orden de llegada. Todas las [&hellip;]<\/p>\n","protected":false},"author":1,"featured_media":0,"parent":12379,"menu_order":0,"comment_status":"closed","ping_status":"closed","template":"","meta":{"_acf_changed":false,"_kad_blocks_custom_css":"","_kad_blocks_head_custom_js":"","_kad_blocks_body_custom_js":"","_kad_blocks_footer_custom_js":"","footnotes":""},"class_list":["post-10900","page","type-page","status-publish","hentry"],"blocksy_meta":[],"acf":[],"yoast_head":"<!-- This site is optimized with the Yoast SEO plugin v27.4 - https:\/\/yoast.com\/product\/yoast-seo-wordpress\/ -->\n<title>-<\/title>\n<meta name=\"robots\" content=\"index, follow, max-snippet:-1, max-image-preview:large, max-video-preview:-1\" \/>\n<link rel=\"canonical\" href=\"https:\/\/zoo.org\/es\/zootune\/accesibilidad-de-zootunes\/\" \/>\n<meta property=\"og:locale\" content=\"es_ES\" \/>\n<meta property=\"og:type\" content=\"article\" \/>\n<meta property=\"og:title\" content=\"-\" \/>\n<meta property=\"og:description\" content=\"Zootunes de BECU Presentado por Carter Subaru ACCESIBILIDAD ACCESO PARA PERSONAS CON DISCAPACIDAD Venta de entradas Hay un n\u00famero limitado de entradas ADA disponibles por orden de llegada. Todas las [&hellip;]\" \/>\n<meta property=\"og:url\" content=\"https:\/\/zoo.org\/es\/zootune\/accesibilidad-de-zootunes\/\" \/>\n<meta property=\"og:site_name\" content=\"Zool\u00f3gico Woodland Park\" \/>\n<meta property=\"article:modified_time\" content=\"2026-03-24T17:39:36+00:00\" \/>\n<meta property=\"og:image\" content=\"https:\/\/zoo.org\/wp-content\/uploads\/2025\/09\/Zootunes-Aerial-Header-Image.jpg?wsr\" \/>\n\t<meta property=\"og:image:width\" content=\"1920\" \/>\n\t<meta property=\"og:image:height\" content=\"400\" \/>\n\t<meta property=\"og:image:type\" content=\"image\/jpeg\" \/>\n<meta name=\"twitter:card\" content=\"summary_large_image\" \/>\n<script type=\"application\/ld+json\" class=\"yoast-schema-graph\">{\"@context\":\"https:\\\/\\\/schema.org\",\"@graph\":[{\"@type\":\"WebPage\",\"@id\":\"https:\\\/\\\/zoo.org\\\/es\\\/zootune\\\/accesibilidad-de-zootunes\\\/\",\"url\":\"https:\\\/\\\/zoo.org\\\/es\\\/zootune\\\/accesibilidad-de-zootunes\\\/\",\"name\":\"-\",\"isPartOf\":{\"@id\":\"https:\\\/\\\/zoo.org\\\/es\\\/#website\"},\"primaryImageOfPage\":{\"@id\":\"https:\\\/\\\/zoo.org\\\/es\\\/zootune\\\/accesibilidad-de-zootunes\\\/#primaryimage\"},\"image\":{\"@id\":\"https:\\\/\\\/zoo.org\\\/es\\\/zootune\\\/accesibilidad-de-zootunes\\\/#primaryimage\"},\"thumbnailUrl\":\"https:\\\/\\\/zoo.org\\\/wp-content\\\/uploads\\\/2025\\\/09\\\/Zootunes-Aerial-Header-Image.jpg\",\"datePublished\":\"2025-09-16T22:30:02+00:00\",\"dateModified\":\"2026-03-24T17:39:36+00:00\",\"breadcrumb\":{\"@id\":\"https:\\\/\\\/zoo.org\\\/es\\\/zootune\\\/accesibilidad-de-zootunes\\\/#breadcrumb\"},\"inLanguage\":\"es\",\"potentialAction\":[{\"@type\":\"ReadAction\",\"target\":[\"https:\\\/\\\/zoo.org\\\/es\\\/zootune\\\/accesibilidad-de-zootunes\\\/\"]}]},{\"@type\":\"ImageObject\",\"inLanguage\":\"es\",\"@id\":\"https:\\\/\\\/zoo.org\\\/es\\\/zootune\\\/accesibilidad-de-zootunes\\\/#primaryimage\",\"url\":\"https:\\\/\\\/zoo.org\\\/wp-content\\\/uploads\\\/2025\\\/09\\\/Zootunes-Aerial-Header-Image.jpg\",\"contentUrl\":\"https:\\\/\\\/zoo.org\\\/wp-content\\\/uploads\\\/2025\\\/09\\\/Zootunes-Aerial-Header-Image.jpg\"},{\"@type\":\"BreadcrumbList\",\"@id\":\"https:\\\/\\\/zoo.org\\\/es\\\/zootune\\\/accesibilidad-de-zootunes\\\/#breadcrumb\",\"itemListElement\":[{\"@type\":\"ListItem\",\"position\":1,\"name\":\"Hogar\",\"item\":\"https:\\\/\\\/zoo.org\\\/es\\\/\"},{\"@type\":\"ListItem\",\"position\":2,\"name\":\"Zootune\",\"item\":\"https:\\\/\\\/zoo.org\\\/es\\\/zootune\\\/\"},{\"@type\":\"ListItem\",\"position\":3,\"name\":\"Accesibilidad de Zootunes\"}]},{\"@type\":\"WebSite\",\"@id\":\"https:\\\/\\\/zoo.org\\\/es\\\/#website\",\"url\":\"https:\\\/\\\/zoo.org\\\/es\\\/\",\"name\":\"Zool\u00f3gico Woodland Park\",\"description\":\"El Zool\u00f3gico Woodland Park salva la vida silvestre e inspira a todos a hacer de la conservaci\u00f3n una prioridad en sus vidas.\",\"publisher\":{\"@id\":\"https:\\\/\\\/zoo.org\\\/es\\\/#organization\"},\"potentialAction\":[{\"@type\":\"SearchAction\",\"target\":{\"@type\":\"EntryPoint\",\"urlTemplate\":\"https:\\\/\\\/zoo.org\\\/es\\\/?s={search_term_string}\"},\"query-input\":{\"@type\":\"PropertyValueSpecification\",\"valueRequired\":true,\"valueName\":\"search_term_string\"}}],\"inLanguage\":\"es\"},{\"@type\":\"Organization\",\"@id\":\"https:\\\/\\\/zoo.org\\\/es\\\/#organization\",\"name\":\"Zool\u00f3gico Woodland Park\",\"url\":\"https:\\\/\\\/zoo.org\\\/es\\\/\",\"logo\":{\"@type\":\"ImageObject\",\"inLanguage\":\"es\",\"@id\":\"https:\\\/\\\/zoo.org\\\/es\\\/#\\\/schema\\\/logo\\\/image\\\/\",\"url\":\"https:\\\/\\\/zoo.org\\\/wp-content\\\/uploads\\\/2026\\\/01\\\/WPZ-Logo_white-SVG.svg?wsr\",\"contentUrl\":\"https:\\\/\\\/zoo.org\\\/wp-content\\\/uploads\\\/2026\\\/01\\\/WPZ-Logo_white-SVG.svg?wsr\",\"width\":288,\"height\":282,\"caption\":\"Zool\u00f3gico Woodland Park\"},\"image\":{\"@id\":\"https:\\\/\\\/zoo.org\\\/es\\\/#\\\/schema\\\/logo\\\/image\\\/\"}}]}<\/script>\n<!-- \/ Yoast SEO plugin. -->","yoast_head_json":{"title":"-","robots":{"index":"index","follow":"follow","max-snippet":"max-snippet:-1","max-image-preview":"max-image-preview:large","max-video-preview":"max-video-preview:-1"},"canonical":"https:\/\/zoo.org\/es\/zootune\/accesibilidad-de-zootunes\/","og_locale":"es_ES","og_type":"article","og_title":"-","og_description":"Zootunes de BECU Presentado por Carter Subaru ACCESIBILIDAD ACCESO PARA PERSONAS CON DISCAPACIDAD Venta de entradas Hay un n\u00famero limitado de entradas ADA disponibles por orden de llegada. Todas las [&hellip;]","og_url":"https:\/\/zoo.org\/es\/zootune\/accesibilidad-de-zootunes\/","og_site_name":"Zool\u00f3gico Woodland Park","article_modified_time":"2026-03-24T17:39:36+00:00","og_image":[{"width":1920,"height":400,"url":"https:\/\/zoo.org\/wp-content\/uploads\/2025\/09\/Zootunes-Aerial-Header-Image.jpg?wsr","type":"image\/jpeg"}],"twitter_card":"summary_large_image","schema":{"@context":"https:\/\/schema.org","@graph":[{"@type":"WebPage","@id":"https:\/\/zoo.org\/es\/zootune\/accesibilidad-de-zootunes\/","url":"https:\/\/zoo.org\/es\/zootune\/accesibilidad-de-zootunes\/","name":"-","isPartOf":{"@id":"https:\/\/zoo.org\/es\/#website"},"primaryImageOfPage":{"@id":"https:\/\/zoo.org\/es\/zootune\/accesibilidad-de-zootunes\/#primaryimage"},"image":{"@id":"https:\/\/zoo.org\/es\/zootune\/accesibilidad-de-zootunes\/#primaryimage"},"thumbnailUrl":"https:\/\/zoo.org\/wp-content\/uploads\/2025\/09\/Zootunes-Aerial-Header-Image.jpg","datePublished":"2025-09-16T22:30:02+00:00","dateModified":"2026-03-24T17:39:36+00:00","breadcrumb":{"@id":"https:\/\/zoo.org\/es\/zootune\/accesibilidad-de-zootunes\/#breadcrumb"},"inLanguage":"es","potentialAction":[{"@type":"ReadAction","target":["https:\/\/zoo.org\/es\/zootune\/accesibilidad-de-zootunes\/"]}]},{"@type":"ImageObject","inLanguage":"es","@id":"https:\/\/zoo.org\/es\/zootune\/accesibilidad-de-zootunes\/#primaryimage","url":"https:\/\/zoo.org\/wp-content\/uploads\/2025\/09\/Zootunes-Aerial-Header-Image.jpg","contentUrl":"https:\/\/zoo.org\/wp-content\/uploads\/2025\/09\/Zootunes-Aerial-Header-Image.jpg"},{"@type":"BreadcrumbList","@id":"https:\/\/zoo.org\/es\/zootune\/accesibilidad-de-zootunes\/#breadcrumb","itemListElement":[{"@type":"ListItem","position":1,"name":"Hogar","item":"https:\/\/zoo.org\/es\/"},{"@type":"ListItem","position":2,"name":"Zootune","item":"https:\/\/zoo.org\/es\/zootune\/"},{"@type":"ListItem","position":3,"name":"Accesibilidad de Zootunes"}]},{"@type":"WebSite","@id":"https:\/\/zoo.org\/es\/#website","url":"https:\/\/zoo.org\/es\/","name":"Zool\u00f3gico Woodland Park","description":"El Zool\u00f3gico Woodland Park salva la vida silvestre e inspira a todos a hacer de la conservaci\u00f3n una prioridad en sus vidas.","publisher":{"@id":"https:\/\/zoo.org\/es\/#organization"},"potentialAction":[{"@type":"SearchAction","target":{"@type":"EntryPoint","urlTemplate":"https:\/\/zoo.org\/es\/?s={search_term_string}"},"query-input":{"@type":"PropertyValueSpecification","valueRequired":true,"valueName":"search_term_string"}}],"inLanguage":"es"},{"@type":"Organization","@id":"https:\/\/zoo.org\/es\/#organization","name":"Zool\u00f3gico Woodland Park","url":"https:\/\/zoo.org\/es\/","logo":{"@type":"ImageObject","inLanguage":"es","@id":"https:\/\/zoo.org\/es\/#\/schema\/logo\/image\/","url":"https:\/\/zoo.org\/wp-content\/uploads\/2026\/01\/WPZ-Logo_white-SVG.svg?wsr","contentUrl":"https:\/\/zoo.org\/wp-content\/uploads\/2026\/01\/WPZ-Logo_white-SVG.svg?wsr","width":288,"height":282,"caption":"Zool\u00f3gico Woodland Park"},"image":{"@id":"https:\/\/zoo.org\/es\/#\/schema\/logo\/image\/"}}]}},"taxonomy_info":[],"featured_image_src_large":false,"author_info":{"display_name":"jloughlin","author_link":"https:\/\/zoo.org\/es\/author\/jloughlin\/"},"comment_info":0,"_links":{"self":[{"href":"https:\/\/zoo.org\/es\/wp-json\/wp\/v2\/pages\/10900","targetHints":{"allow":["GET"]}}],"collection":[{"href":"https:\/\/zoo.org\/es\/wp-json\/wp\/v2\/pages"}],"about":[{"href":"https:\/\/zoo.org\/es\/wp-json\/wp\/v2\/types\/page"}],"author":[{"embeddable":true,"href":"https:\/\/zoo.org\/es\/wp-json\/wp\/v2\/users\/1"}],"replies":[{"embeddable":true,"href":"https:\/\/zoo.org\/es\/wp-json\/wp\/v2\/comments?post=10900"}],"version-history":[{"count":0,"href":"https:\/\/zoo.org\/es\/wp-json\/wp\/v2\/pages\/10900\/revisions"}],"up":[{"embeddable":true,"href":"https:\/\/zoo.org\/es\/wp-json\/wp\/v2\/pages\/12379"}],"wp:attachment":[{"href":"https:\/\/zoo.org\/es\/wp-json\/wp\/v2\/media?parent=10900"}],"curies":[{"name":"wp","href":"https:\/\/api.w.org\/{rel}","templated":true}]}}