{"id":10907,"date":"2025-09-16T15:24:14","date_gmt":"2025-09-16T22:24:14","guid":{"rendered":"https:\/\/zoo.org\/politicas-del-lugar\/"},"modified":"2026-03-24T10:40:25","modified_gmt":"2026-03-24T17:40:25","slug":"politicas-del-lugar","status":"publish","type":"page","link":"https:\/\/zoo.org\/es\/zootune\/politicas-del-lugar\/","title":{"rendered":"Pol\u00edticas del recinto de Zootunes"},"content":{"rendered":"\n<div class=\"wp-block-cover alignfull hero\" style=\"margin-top:0;margin-bottom:0\"><img loading=\"lazy\" decoding=\"async\" width=\"1920\" height=\"400\" class=\"wp-block-cover__image-background wp-image-4895 size-full\" alt=\"A large crowd gathers on a grassy lawn for an outdoor concert, sitting on blankets and chairs in front of a stage surrounded by trees and greenery on a sunny day.\" src=\"https:\/\/zoo.org\/wp-content\/uploads\/2025\/09\/Zootunes-Aerial-Header-Image.jpg\" data-object-fit=\"cover\" srcset=\"https:\/\/zoo.org\/wp-content\/uploads\/2025\/09\/Zootunes-Aerial-Header-Image.jpg 1920w, https:\/\/zoo.org\/wp-content\/uploads\/2025\/09\/Zootunes-Aerial-Header-Image-300x63.jpg 300w, https:\/\/zoo.org\/wp-content\/uploads\/2025\/09\/Zootunes-Aerial-Header-Image-1024x213.jpg 1024w, https:\/\/zoo.org\/wp-content\/uploads\/2025\/09\/Zootunes-Aerial-Header-Image-768x160.jpg 768w, https:\/\/zoo.org\/wp-content\/uploads\/2025\/09\/Zootunes-Aerial-Header-Image-1536x320.jpg 1536w\" sizes=\"auto, (max-width: 1920px) 100vw, 1920px\" \/><span aria-hidden=\"true\" class=\"wp-block-cover__background has-background-dim-0 has-background-dim\" style=\"background-color:#585132\"><\/span><div class=\"wp-block-cover__inner-container is-layout-constrained wp-block-cover-is-layout-constrained\">\n<p class=\"has-text-align-center has-large-font-size\"><\/p>\n<\/div><\/div>\n\n<div class=\"wp-block-group is-layout-constrained wp-block-group-is-layout-constrained\" style=\"margin-top:2em;margin-bottom:3em\">\n<h1 class=\"wp-block-heading has-text-align-center\" style=\"margin-top:0.65em;margin-bottom:0.275em\">Zootunes de BECU<\/h1>\n\n\n\n<p class=\"has-text-align-center has-palette-color-3-color has-text-color has-link-color wp-elements-b6763ec3d260c120e5d5f5195d25c802\" style=\"margin-bottom:1em;font-size:clamp(0.984em, 0.984rem + ((1vw - 0.2em) * 0.645), 1.5em);font-style:normal;font-weight:500;line-height:1.5\"><strong>Presentado por Carter Subaru<\/strong><\/p>\n<\/div>\n\n<div class=\"wp-block-group alignfull divider is-layout-constrained wp-block-group-is-layout-constrained\">\n<h2 class=\"wp-block-heading alignfull has-text-align-center\">Indicaciones para llegar<\/h2>\n<\/div>\n\n<p>Encuentre las mejores opciones de transporte para usted y su equipo: desde estacionamiento en el lugar en nuestros estacionamientos hasta informaci\u00f3n sobre viajes compartidos y autobuses, queremos que disfrute de su evento desde el momento en que llega.<\/p>\n\n<p><strong>El zool\u00f3gico cuenta con varios estacionamientos disponibles para conciertos. En orden de proximidad a la entrada oeste: <\/strong><\/p>\n\n<ul class=\"wp-block-list\">\n<li>Lote de ping\u00fcinos en Phinney Ave. N. y N. 55th St. <\/li>\n\n\n\n<li>Lotes Bear and Otter en N. 59th St. y Evanston Ave. (Se puede acceder al lote Otter desde los lotes Bear y Penguin).<\/li>\n\n\n\n<li>Lote Flamingo en la intersecci\u00f3n de N. 50th St. y Phinney Ave. N. <\/li>\n\n\n\n<li>Lote Lion en la intersecci\u00f3n de N. 50th St. y Fremont Ave. N. <\/li>\n<\/ul>\n\n<p><strong>NOTA:<\/strong> Se puede acceder a la entrada oeste a trav\u00e9s de los estacionamientos Otter y Penguin. Se puede acceder al estacionamiento Otter a trav\u00e9s del estacionamiento Penguin en Phinney Ave N. o del estacionamiento Bear en N. 59th Street. <\/p>\n\n<p><strong>Si decide estacionarse en los vecindarios circundantes, por favor, respete las leyes de estacionamiento de Seattle y deje 1,5 metros de distancia a cada lado de las entradas. Por favor, sea cort\u00e9s con nuestros vecinos despu\u00e9s del concierto, minimizando el ruido. Y lo m\u00e1s importante, si bloquea la entrada de alguien, ser\u00e1 remolcado.  <\/strong><\/p>\n\n<p><em>*Hay estacionamiento adicional en Lower Woodland Park en N. 50th y Aurora Ave. N., aproximadamente a 0,1 milla de la entrada sur. <\/em><\/p>\n\n<div class=\"wp-block-group alignfull divider is-layout-constrained wp-block-group-is-layout-constrained\">\n<h2 class=\"wp-block-heading alignfull has-text-align-center\">APARCAMIENTO<\/h2>\n<\/div>\n\n<p>Se aceptar\u00e1n pagos electr\u00f3nicos a trav\u00e9s de la aplicaci\u00f3n de estacionamiento. La aplicaci\u00f3n PayByPhone est\u00e1 disponible en la App Store para iPhone y en Google Play para Android. Los hu\u00e9spedes tambi\u00e9n pueden pagar en el establecimiento visitando <a href=\"https:\/\/www.PayByPhone.com\" target=\"_blank\" rel=\"noreferrer noopener\">www.PayByPhone.com<\/a> o llamando al (888) 515-7275. Se recomienda encarecidamente el pago electr\u00f3nico.   <\/p>\n\n<p>Si no puede descargar la aplicaci\u00f3n, puede pagar en la entrada oeste. Anote su n\u00famero de matr\u00edcula para asegurarse de que su veh\u00edculo quede registrado como \u00abpagado\u00bb. <\/p>\n\n<p>Los asistentes con una placa o permiso de conducir estatal para personas con discapacidad pueden estacionarse en el \u00e1rea designada en estacionamientos seleccionados, por orden de llegada. El estacionamiento m\u00e1s cercano al recinto del concierto es el Penguin Lot, ubicado en Phinney Ave. N. y N. 55th St.  <\/p>\n\n<p>Los lugares de estacionamiento ADA se llenan r\u00e1pidamente, por lo que los invitados tambi\u00e9n pueden usar el estacionamiento de Otter para dejar a personas con discapacidades o cualquier persona que no pueda caminar desde el \u00e1rea de estacionamiento hasta el lugar.<\/p>\n\n<p>El personal y los voluntarios est\u00e1n disponibles para ayudar con preguntas e instrucciones en cualquier momento.<\/p>\n\n<h3 class=\"wp-block-heading\">\u00a1Estacionamiento Premium ahora disponible!<\/h3>\n\n<p>Evite la b\u00fasqueda de estacionamiento y reserve un lugar en uno de nuestros <a href=\"https:\/\/eventpass.justpark.com\/woodland-park-zoo-parking\/listings\/events\" target=\"_blank\" rel=\"noreferrer noopener\">lotes Premium JustPark<\/a> :<\/p>\n\n<p>Habr\u00e1 estacionamiento reservado en algunos lugares de Otter Lot, Penguin Lot y Flamingo Lot. Habr\u00e1 m\u00e1s informaci\u00f3n disponible m\u00e1s cerca de nuestro primer concierto de ZooTunes. <\/p>\n\n<p><em>Reserve su espacio con anticipaci\u00f3n aqu\u00ed o pague el mismo d\u00eda, seg\u00fan disponibilidad.<\/em><\/p>\n\n<h3 class=\"wp-block-heading\">Estacionamiento est\u00e1ndar<\/h3>\n\n<p>Los visitantes tambi\u00e9n pueden optar por estacionar en los estacionamientos del zool\u00f3gico, convenientemente ubicados. El costo es de $15 (m\u00e1s impuestos y cargos) para estacionar en todos los estacionamientos no reservados. <\/p>\n\n<p><em>No se permite estacionar durante la noche en los estacionamientos del zool\u00f3gico. Estacionamiento para autobuses y casas rodantes solo en el estacionamiento de los Leones.<\/em><\/p>\n\n<h3 class=\"wp-block-heading\">Estaciones de carga para veh\u00edculos el\u00e9ctricos<\/h3>\n\n<p>Hay cuatro cargadores Eluminocity en el estacionamiento Otter, junto a la entrada oeste, y dos en el estacionamiento Lion, junto a la entrada sur. Se aplican tarifas de estacionamiento y carga. <\/p>\n\n<div class=\"wp-block-columns is-layout-flex wp-container-core-columns-is-layout-bd8107d2 wp-block-columns-is-layout-flex\" style=\"margin-top:2.5em;margin-bottom:2.5em\">\n<div class=\"wp-block-column has-palette-color-17-background-color has-background is-layout-flow wp-container-core-column-is-layout-492b06a7 wp-block-column-is-layout-flow\" style=\"padding-top:25px;padding-right:25px;padding-bottom:25px;padding-left:25px\">\n<h4 class=\"wp-block-heading\" style=\"margin-bottom:1em\">En bicicleta<\/h4>\n\n\n\n<p style=\"margin-bottom:1em\">Hay estacionamiento cubierto limitado para bicicletas disponible en la entrada oeste del zool\u00f3gico.<\/p>\n<\/div>\n\n\n\n<div class=\"wp-block-column has-palette-color-17-background-color has-background is-layout-flow wp-container-core-column-is-layout-492b06a7 wp-block-column-is-layout-flow\" style=\"padding-top:25px;padding-right:25px;padding-bottom:25px;padding-left:25px\">\n<h4 class=\"wp-block-heading\" style=\"margin-bottom:1em\">Por Tr\u00e1nsito<\/h4>\n\n\n\n<p style=\"margin-bottom:1em\">Tome el Metro Bus #5 en direcci\u00f3n norte o sur hasta Phinney Ave. N. y N. 55th St. para llegar a la entrada oeste. <\/p>\n<\/div>\n<\/div>\n\n<p>Para cualquier otra pregunta, env\u00ede un correo electr\u00f3nico a <a href=\"mailto:concerts@zoo.org\">concerts@zoo.org<\/a><\/p>\n","protected":false},"excerpt":{"rendered":"<p>Zootunes de BECU Presentado por Carter Subaru Indicaciones para llegar Encuentre las mejores opciones de transporte para usted y su equipo: desde estacionamiento en el lugar en nuestros estacionamientos hasta [&hellip;]<\/p>\n","protected":false},"author":1,"featured_media":0,"parent":12379,"menu_order":0,"comment_status":"closed","ping_status":"closed","template":"","meta":{"_acf_changed":false,"_kad_blocks_custom_css":"","_kad_blocks_head_custom_js":"","_kad_blocks_body_custom_js":"","_kad_blocks_footer_custom_js":"","footnotes":""},"class_list":["post-10907","page","type-page","status-publish","hentry"],"blocksy_meta":[],"acf":[],"yoast_head":"<!-- This site is optimized with the Yoast SEO plugin v27.4 - https:\/\/yoast.com\/product\/yoast-seo-wordpress\/ -->\n<title>-<\/title>\n<meta name=\"description\" content=\"BECU ZooTunes presentado por Carter Subaru, serie de conciertos al aire libre de verano en el zool\u00f3gico Woodland Park en Seattle.\" \/>\n<meta name=\"robots\" content=\"index, follow, max-snippet:-1, max-image-preview:large, max-video-preview:-1\" \/>\n<link rel=\"canonical\" href=\"https:\/\/zoo.org\/es\/zootune\/politicas-del-lugar\/\" \/>\n<meta property=\"og:locale\" content=\"es_ES\" \/>\n<meta property=\"og:type\" content=\"article\" \/>\n<meta property=\"og:title\" content=\"-\" \/>\n<meta property=\"og:description\" content=\"BECU ZooTunes presentado por Carter Subaru, serie de conciertos al aire libre de verano en el zool\u00f3gico Woodland Park en Seattle.\" \/>\n<meta property=\"og:url\" content=\"https:\/\/zoo.org\/es\/zootune\/politicas-del-lugar\/\" \/>\n<meta property=\"og:site_name\" content=\"Zool\u00f3gico Woodland Park\" \/>\n<meta property=\"article:modified_time\" content=\"2026-03-24T17:40:25+00:00\" \/>\n<meta property=\"og:image\" content=\"https:\/\/zoo.org\/wp-content\/uploads\/2025\/09\/Zootunes-Aerial-Header-Image.jpg?wsr\" \/>\n\t<meta property=\"og:image:width\" content=\"1920\" \/>\n\t<meta property=\"og:image:height\" content=\"400\" \/>\n\t<meta property=\"og:image:type\" content=\"image\/jpeg\" \/>\n<meta name=\"twitter:card\" content=\"summary_large_image\" \/>\n<script type=\"application\/ld+json\" class=\"yoast-schema-graph\">{\"@context\":\"https:\\\/\\\/schema.org\",\"@graph\":[{\"@type\":\"WebPage\",\"@id\":\"https:\\\/\\\/zoo.org\\\/es\\\/zootune\\\/politicas-del-lugar\\\/\",\"url\":\"https:\\\/\\\/zoo.org\\\/es\\\/zootune\\\/politicas-del-lugar\\\/\",\"name\":\"-\",\"isPartOf\":{\"@id\":\"https:\\\/\\\/zoo.org\\\/es\\\/#website\"},\"primaryImageOfPage\":{\"@id\":\"https:\\\/\\\/zoo.org\\\/es\\\/zootune\\\/politicas-del-lugar\\\/#primaryimage\"},\"image\":{\"@id\":\"https:\\\/\\\/zoo.org\\\/es\\\/zootune\\\/politicas-del-lugar\\\/#primaryimage\"},\"thumbnailUrl\":\"https:\\\/\\\/zoo.org\\\/wp-content\\\/uploads\\\/2025\\\/09\\\/Zootunes-Aerial-Header-Image.jpg\",\"datePublished\":\"2025-09-16T22:24:14+00:00\",\"dateModified\":\"2026-03-24T17:40:25+00:00\",\"description\":\"BECU ZooTunes presentado por Carter Subaru, serie de conciertos al aire libre de verano en el zool\u00f3gico Woodland Park en Seattle.\",\"breadcrumb\":{\"@id\":\"https:\\\/\\\/zoo.org\\\/es\\\/zootune\\\/politicas-del-lugar\\\/#breadcrumb\"},\"inLanguage\":\"es\",\"potentialAction\":[{\"@type\":\"ReadAction\",\"target\":[\"https:\\\/\\\/zoo.org\\\/es\\\/zootune\\\/politicas-del-lugar\\\/\"]}]},{\"@type\":\"ImageObject\",\"inLanguage\":\"es\",\"@id\":\"https:\\\/\\\/zoo.org\\\/es\\\/zootune\\\/politicas-del-lugar\\\/#primaryimage\",\"url\":\"https:\\\/\\\/zoo.org\\\/wp-content\\\/uploads\\\/2025\\\/09\\\/Zootunes-Aerial-Header-Image.jpg\",\"contentUrl\":\"https:\\\/\\\/zoo.org\\\/wp-content\\\/uploads\\\/2025\\\/09\\\/Zootunes-Aerial-Header-Image.jpg\"},{\"@type\":\"BreadcrumbList\",\"@id\":\"https:\\\/\\\/zoo.org\\\/es\\\/zootune\\\/politicas-del-lugar\\\/#breadcrumb\",\"itemListElement\":[{\"@type\":\"ListItem\",\"position\":1,\"name\":\"Hogar\",\"item\":\"https:\\\/\\\/zoo.org\\\/es\\\/\"},{\"@type\":\"ListItem\",\"position\":2,\"name\":\"Zootune\",\"item\":\"https:\\\/\\\/zoo.org\\\/es\\\/zootune\\\/\"},{\"@type\":\"ListItem\",\"position\":3,\"name\":\"Pol\u00edticas del recinto de Zootunes\"}]},{\"@type\":\"WebSite\",\"@id\":\"https:\\\/\\\/zoo.org\\\/es\\\/#website\",\"url\":\"https:\\\/\\\/zoo.org\\\/es\\\/\",\"name\":\"Zool\u00f3gico Woodland Park\",\"description\":\"El Zool\u00f3gico Woodland Park salva la vida silvestre e inspira a todos a hacer de la conservaci\u00f3n una prioridad en sus vidas.\",\"publisher\":{\"@id\":\"https:\\\/\\\/zoo.org\\\/es\\\/#organization\"},\"potentialAction\":[{\"@type\":\"SearchAction\",\"target\":{\"@type\":\"EntryPoint\",\"urlTemplate\":\"https:\\\/\\\/zoo.org\\\/es\\\/?s={search_term_string}\"},\"query-input\":{\"@type\":\"PropertyValueSpecification\",\"valueRequired\":true,\"valueName\":\"search_term_string\"}}],\"inLanguage\":\"es\"},{\"@type\":\"Organization\",\"@id\":\"https:\\\/\\\/zoo.org\\\/es\\\/#organization\",\"name\":\"Zool\u00f3gico Woodland Park\",\"url\":\"https:\\\/\\\/zoo.org\\\/es\\\/\",\"logo\":{\"@type\":\"ImageObject\",\"inLanguage\":\"es\",\"@id\":\"https:\\\/\\\/zoo.org\\\/es\\\/#\\\/schema\\\/logo\\\/image\\\/\",\"url\":\"https:\\\/\\\/zoo.org\\\/wp-content\\\/uploads\\\/2026\\\/01\\\/WPZ-Logo_white-SVG.svg?wsr\",\"contentUrl\":\"https:\\\/\\\/zoo.org\\\/wp-content\\\/uploads\\\/2026\\\/01\\\/WPZ-Logo_white-SVG.svg?wsr\",\"width\":288,\"height\":282,\"caption\":\"Zool\u00f3gico Woodland Park\"},\"image\":{\"@id\":\"https:\\\/\\\/zoo.org\\\/es\\\/#\\\/schema\\\/logo\\\/image\\\/\"}}]}<\/script>\n<!-- \/ Yoast SEO plugin. -->","yoast_head_json":{"title":"-","description":"BECU ZooTunes presentado por Carter Subaru, serie de conciertos al aire libre de verano en el zool\u00f3gico Woodland Park en Seattle.","robots":{"index":"index","follow":"follow","max-snippet":"max-snippet:-1","max-image-preview":"max-image-preview:large","max-video-preview":"max-video-preview:-1"},"canonical":"https:\/\/zoo.org\/es\/zootune\/politicas-del-lugar\/","og_locale":"es_ES","og_type":"article","og_title":"-","og_description":"BECU ZooTunes presentado por Carter Subaru, serie de conciertos al aire libre de verano en el zool\u00f3gico Woodland Park en Seattle.","og_url":"https:\/\/zoo.org\/es\/zootune\/politicas-del-lugar\/","og_site_name":"Zool\u00f3gico Woodland Park","article_modified_time":"2026-03-24T17:40:25+00:00","og_image":[{"width":1920,"height":400,"url":"https:\/\/zoo.org\/wp-content\/uploads\/2025\/09\/Zootunes-Aerial-Header-Image.jpg?wsr","type":"image\/jpeg"}],"twitter_card":"summary_large_image","schema":{"@context":"https:\/\/schema.org","@graph":[{"@type":"WebPage","@id":"https:\/\/zoo.org\/es\/zootune\/politicas-del-lugar\/","url":"https:\/\/zoo.org\/es\/zootune\/politicas-del-lugar\/","name":"-","isPartOf":{"@id":"https:\/\/zoo.org\/es\/#website"},"primaryImageOfPage":{"@id":"https:\/\/zoo.org\/es\/zootune\/politicas-del-lugar\/#primaryimage"},"image":{"@id":"https:\/\/zoo.org\/es\/zootune\/politicas-del-lugar\/#primaryimage"},"thumbnailUrl":"https:\/\/zoo.org\/wp-content\/uploads\/2025\/09\/Zootunes-Aerial-Header-Image.jpg","datePublished":"2025-09-16T22:24:14+00:00","dateModified":"2026-03-24T17:40:25+00:00","description":"BECU ZooTunes presentado por Carter Subaru, serie de conciertos al aire libre de verano en el zool\u00f3gico Woodland Park en Seattle.","breadcrumb":{"@id":"https:\/\/zoo.org\/es\/zootune\/politicas-del-lugar\/#breadcrumb"},"inLanguage":"es","potentialAction":[{"@type":"ReadAction","target":["https:\/\/zoo.org\/es\/zootune\/politicas-del-lugar\/"]}]},{"@type":"ImageObject","inLanguage":"es","@id":"https:\/\/zoo.org\/es\/zootune\/politicas-del-lugar\/#primaryimage","url":"https:\/\/zoo.org\/wp-content\/uploads\/2025\/09\/Zootunes-Aerial-Header-Image.jpg","contentUrl":"https:\/\/zoo.org\/wp-content\/uploads\/2025\/09\/Zootunes-Aerial-Header-Image.jpg"},{"@type":"BreadcrumbList","@id":"https:\/\/zoo.org\/es\/zootune\/politicas-del-lugar\/#breadcrumb","itemListElement":[{"@type":"ListItem","position":1,"name":"Hogar","item":"https:\/\/zoo.org\/es\/"},{"@type":"ListItem","position":2,"name":"Zootune","item":"https:\/\/zoo.org\/es\/zootune\/"},{"@type":"ListItem","position":3,"name":"Pol\u00edticas del recinto de Zootunes"}]},{"@type":"WebSite","@id":"https:\/\/zoo.org\/es\/#website","url":"https:\/\/zoo.org\/es\/","name":"Zool\u00f3gico Woodland Park","description":"El Zool\u00f3gico Woodland Park salva la vida silvestre e inspira a todos a hacer de la conservaci\u00f3n una prioridad en sus vidas.","publisher":{"@id":"https:\/\/zoo.org\/es\/#organization"},"potentialAction":[{"@type":"SearchAction","target":{"@type":"EntryPoint","urlTemplate":"https:\/\/zoo.org\/es\/?s={search_term_string}"},"query-input":{"@type":"PropertyValueSpecification","valueRequired":true,"valueName":"search_term_string"}}],"inLanguage":"es"},{"@type":"Organization","@id":"https:\/\/zoo.org\/es\/#organization","name":"Zool\u00f3gico Woodland Park","url":"https:\/\/zoo.org\/es\/","logo":{"@type":"ImageObject","inLanguage":"es","@id":"https:\/\/zoo.org\/es\/#\/schema\/logo\/image\/","url":"https:\/\/zoo.org\/wp-content\/uploads\/2026\/01\/WPZ-Logo_white-SVG.svg?wsr","contentUrl":"https:\/\/zoo.org\/wp-content\/uploads\/2026\/01\/WPZ-Logo_white-SVG.svg?wsr","width":288,"height":282,"caption":"Zool\u00f3gico Woodland Park"},"image":{"@id":"https:\/\/zoo.org\/es\/#\/schema\/logo\/image\/"}}]}},"taxonomy_info":[],"featured_image_src_large":false,"author_info":{"display_name":"jloughlin","author_link":"https:\/\/zoo.org\/es\/author\/jloughlin\/"},"comment_info":0,"_links":{"self":[{"href":"https:\/\/zoo.org\/es\/wp-json\/wp\/v2\/pages\/10907","targetHints":{"allow":["GET"]}}],"collection":[{"href":"https:\/\/zoo.org\/es\/wp-json\/wp\/v2\/pages"}],"about":[{"href":"https:\/\/zoo.org\/es\/wp-json\/wp\/v2\/types\/page"}],"author":[{"embeddable":true,"href":"https:\/\/zoo.org\/es\/wp-json\/wp\/v2\/users\/1"}],"replies":[{"embeddable":true,"href":"https:\/\/zoo.org\/es\/wp-json\/wp\/v2\/comments?post=10907"}],"version-history":[{"count":0,"href":"https:\/\/zoo.org\/es\/wp-json\/wp\/v2\/pages\/10907\/revisions"}],"up":[{"embeddable":true,"href":"https:\/\/zoo.org\/es\/wp-json\/wp\/v2\/pages\/12379"}],"wp:attachment":[{"href":"https:\/\/zoo.org\/es\/wp-json\/wp\/v2\/media?parent=10907"}],"curies":[{"name":"wp","href":"https:\/\/api.w.org\/{rel}","templated":true}]}}