{"id":10923,"date":"2025-09-16T15:35:33","date_gmt":"2025-09-16T22:35:33","guid":{"rendered":"https:\/\/zoo.org\/comedia\/"},"modified":"2026-03-27T10:00:50","modified_gmt":"2026-03-27T17:00:50","slug":"comedia","status":"publish","type":"page","link":"https:\/\/zoo.org\/es\/zootune\/comedia\/","title":{"rendered":"Comedia"},"content":{"rendered":"\n<div class=\"wp-block-cover alignfull hero\" style=\"margin-top:0;margin-bottom:0\"><img loading=\"lazy\" decoding=\"async\" width=\"1920\" height=\"400\" class=\"wp-block-cover__image-background wp-image-4895 size-full\" alt=\"A large crowd gathers on a grassy lawn for an outdoor concert, sitting on blankets and chairs in front of a stage surrounded by trees and greenery on a sunny day.\" src=\"https:\/\/zoo.org\/wp-content\/uploads\/2025\/09\/Zootunes-Aerial-Header-Image.jpg\" data-object-fit=\"cover\" srcset=\"https:\/\/zoo.org\/wp-content\/uploads\/2025\/09\/Zootunes-Aerial-Header-Image.jpg 1920w, https:\/\/zoo.org\/wp-content\/uploads\/2025\/09\/Zootunes-Aerial-Header-Image-300x63.jpg 300w, https:\/\/zoo.org\/wp-content\/uploads\/2025\/09\/Zootunes-Aerial-Header-Image-1024x213.jpg 1024w, https:\/\/zoo.org\/wp-content\/uploads\/2025\/09\/Zootunes-Aerial-Header-Image-768x160.jpg 768w, https:\/\/zoo.org\/wp-content\/uploads\/2025\/09\/Zootunes-Aerial-Header-Image-1536x320.jpg 1536w\" sizes=\"auto, (max-width: 1920px) 100vw, 1920px\" \/><span aria-hidden=\"true\" class=\"wp-block-cover__background has-background-dim-0 has-background-dim\" style=\"background-color:#585132\"><\/span><div class=\"wp-block-cover__inner-container is-layout-constrained wp-block-cover-is-layout-constrained\">\n<p class=\"has-text-align-center has-large-font-size\"><\/p>\n<\/div><\/div>\n\n<div class=\"wp-block-group is-layout-constrained wp-block-group-is-layout-constrained\" style=\"margin-top:2em;margin-bottom:3em\">\n<h1 class=\"wp-block-heading has-text-align-center\" style=\"margin-top:0.65em;margin-bottom:0.275em\">Zootunes de BECU<\/h1>\n\n\n\n<p class=\"has-text-align-center has-palette-color-3-color has-text-color has-link-color wp-elements-b6763ec3d260c120e5d5f5195d25c802\" style=\"margin-bottom:1em;font-size:clamp(0.984em, 0.984rem + ((1vw - 0.2em) * 0.645), 1.5em);font-style:normal;font-weight:500;line-height:1.5\"><strong>Presentado por Carter Subaru<\/strong><\/p>\n<\/div>\n\n<div class=\"wp-block-group alignfull divider is-layout-constrained wp-block-group-is-layout-constrained\">\n<h2 class=\"wp-block-heading alignfull has-text-align-center\">Comedia para la conservaci\u00f3n<\/h2>\n\n\n\n<p class=\"has-text-align-center\" style=\"margin-top:0.5em;margin-bottom:0.5em\"><strong>Las puertas abren a las 17:30 y los espect\u00e1culos comienzan a las 19:00.<\/strong><\/p>\n<\/div>\n\n<h3 class=\"wp-block-heading\">R\u00edete a carcajadas en el zool\u00f3gico de Woodland Park.<\/h3>\n\n<h4 class=\"wp-block-heading\"><strong>\u00a1Disfruta de la comedia en vivo en uno de los espacios al aire libre m\u00e1s emblem\u00e1ticos de Seattle!<\/strong><\/h4>\n\n<p>Es una noche inolvidable de comedia a favor de la conservaci\u00f3n, en un entorno que no encontrar\u00e1s en ning\u00fan otro lugar. Cada boleto vendido apoya el excepcional cuidado animal del zool\u00f3gico, programas educativos galardonados y m\u00e1s de 30 esfuerzos de conservaci\u00f3n locales y globales.<\/p>\n\n<div style=\"height:30px\" aria-hidden=\"true\" class=\"wp-block-spacer\"><\/div>\n<style>.kt-sc4894_c34de1-11 .kt-sc-imgcol, .kt-sc4894_c34de1-11 .kt-sc-textcol{min-height:450px;}.kt-sc4894_c34de1-11 .kt-sc-imgcol{background-size:cover;background-image:url(https:\/\/zoo.org\/wp-content\/uploads\/2026\/03\/Tig-Web-Icon-web.jpg);}.kt-sc4894_c34de1-11 .kt-sc-textcol{padding-top:24px;padding-right:24px;padding-bottom:24px;padding-left:24px;margin-top:2em;margin-right:-3em;margin-bottom:2em;margin-left:0em;}@media all and (max-width: 767px){.kt-sc4894_c34de1-11 .kt-sc-imgcol, .kt-sc4894_c34de1-11 .kt-sc-textcol{min-height:450px;}.kt-sc4894_c34de1-11 .kt-sc-textcol{margin-top:-3em;margin-right:0.8em;margin-bottom:0em;margin-left:0.8em;}}<\/style>\n<div class=\"aligncenter kt-sc4894_c34de1-11 wp-block-kadence-splitcontent\"><div class=\"kt-split-content-wrap kt-sc-media-side-right\" style=\"grid-template-columns:auto 50%\"><div class=\"kt-sc-imgcol kt-sc-imgcol-bg-cover kt-sc-img-side-right\"><\/div><div class=\"kt-sc-textcol kt-sc-text-valign-center kt-sc-text-halign-center\" style=\"background-color:var(--theme-palette-color-17, #E6E6E6)\"><div class=\"kt-sc-innter-col\"><style>.wp-block-kadence-advancedheading.kt-adv-heading4894_01dcc8-36, .wp-block-kadence-advancedheading.kt-adv-heading4894_01dcc8-36[data-kb-block=\"kb-adv-heading4894_01dcc8-36\"]{font-style:normal;}.wp-block-kadence-advancedheading.kt-adv-heading4894_01dcc8-36 mark.kt-highlight, .wp-block-kadence-advancedheading.kt-adv-heading4894_01dcc8-36[data-kb-block=\"kb-adv-heading4894_01dcc8-36\"] mark.kt-highlight{font-style:normal;color:#f76a0c;-webkit-box-decoration-break:clone;box-decoration-break:clone;padding-top:0px;padding-right:0px;padding-bottom:0px;padding-left:0px;}.wp-block-kadence-advancedheading.kt-adv-heading4894_01dcc8-36 img.kb-inline-image, .wp-block-kadence-advancedheading.kt-adv-heading4894_01dcc8-36[data-kb-block=\"kb-adv-heading4894_01dcc8-36\"] img.kb-inline-image{width:150px;vertical-align:baseline;}<\/style>\n<h2 class=\"kt-adv-heading4894_01dcc8-36 wp-block-kadence-advancedheading\" data-kb-block=\"kb-adv-heading4894_01dcc8-36\">Tig Notaro<\/h2>\n\n\n<style>.wp-block-kadence-advancedheading.kt-adv-heading4894_d4af8f-58, .wp-block-kadence-advancedheading.kt-adv-heading4894_d4af8f-58[data-kb-block=\"kb-adv-heading4894_d4af8f-58\"]{margin-bottom:0px;font-style:normal;}.wp-block-kadence-advancedheading.kt-adv-heading4894_d4af8f-58 mark.kt-highlight, .wp-block-kadence-advancedheading.kt-adv-heading4894_d4af8f-58[data-kb-block=\"kb-adv-heading4894_d4af8f-58\"] mark.kt-highlight{font-style:normal;color:#f76a0c;-webkit-box-decoration-break:clone;box-decoration-break:clone;padding-top:0px;padding-right:0px;padding-bottom:0px;padding-left:0px;}.wp-block-kadence-advancedheading.kt-adv-heading4894_d4af8f-58 img.kb-inline-image, .wp-block-kadence-advancedheading.kt-adv-heading4894_d4af8f-58[data-kb-block=\"kb-adv-heading4894_d4af8f-58\"] img.kb-inline-image{width:150px;vertical-align:baseline;}<\/style>\n<h3 class=\"kt-adv-heading4894_d4af8f-58 wp-block-kadence-advancedheading\" data-kb-block=\"kb-adv-heading4894_d4af8f-58\">De la nada<\/h3>\n\n\n\n<p><strong>S\u00e1bado, 13 de junio<\/strong><\/p>\n\n\n\n<p>Acomp\u00e1\u00f1anos en una noche divertid\u00edsima con la aclamada comediante, escritora y actriz Tig Notaro, quien nos trae su singular y agudo ingenio al zool\u00f3gico de Woodland Park como parte de su gira \u00abOut of Nowhere\u00bb. Conocida por su humor inexpresivo, sus historias inolvidables y su habilidad para convertir lo inesperado en algo hilarantemente cercano, Tig se ha convertido en una de las voces m\u00e1s singulares de la comedia. <\/p>\n\n\n\n<div class=\"wp-block-buttons is-content-justification-center is-layout-flex wp-container-core-buttons-is-layout-a6d9f191 wp-block-buttons-is-layout-flex\" style=\"margin-top:var(--wp--preset--spacing--40);margin-bottom:var(--wp--preset--spacing--40)\">\n<div class=\"wp-block-button\"><a class=\"wp-block-button__link wp-element-button\" href=\"https:\/\/www.etix.com\/ticket\/p\/75590426\/tig-notaro-seattle-woodland-park-zoo\" target=\"_blank\" rel=\"noreferrer noopener\">COMPRAR ENTRADAS<\/a><\/div>\n<\/div>\n\n\n\n<p><a href=\"https:\/\/www.etix.com\/ticket\/p\/99883433\/tig-notaro-addonzoocuterie-board-seattle-woodland-park-zoo\" target=\"_blank\" rel=\"noreferrer noopener\">A\u00f1adir un tablero de Zoocuterie<\/a><\/p>\n<\/div><\/div><\/div><\/div>\n\n<div style=\"height:30px\" aria-hidden=\"true\" class=\"wp-block-spacer\"><\/div>\n\n<div class=\"wp-block-buttons is-content-justification-center is-layout-flex wp-container-core-buttons-is-layout-a89b3969 wp-block-buttons-is-layout-flex\">\n<div class=\"wp-block-button\"><a class=\"wp-block-button__link wp-element-button\" href=\"https:\/\/zoo.org\/es\/zootune\/preguntas-frecuentes-sobre-zootunes\/\">Preguntas frecuentes<\/a><\/div>\n<\/div>\n","protected":false},"excerpt":{"rendered":"<p>Zootunes de BECU Presentado por Carter Subaru Comedia para la conservaci\u00f3n Las puertas abren a las 17:30 y los espect\u00e1culos comienzan a las 19:00. R\u00edete a carcajadas en el zool\u00f3gico [&hellip;]<\/p>\n","protected":false},"author":1,"featured_media":21273,"parent":12379,"menu_order":0,"comment_status":"closed","ping_status":"closed","template":"","meta":{"_acf_changed":false,"_kad_blocks_custom_css":"","_kad_blocks_head_custom_js":"","_kad_blocks_body_custom_js":"","_kad_blocks_footer_custom_js":"","footnotes":""},"class_list":["post-10923","page","type-page","status-publish","has-post-thumbnail","hentry"],"blocksy_meta":[],"acf":[],"yoast_head":"<!-- This site is optimized with the Yoast SEO plugin v27.3 - https:\/\/yoast.com\/product\/yoast-seo-wordpress\/ -->\n<title>-<\/title>\n<meta name=\"description\" content=\"\u00a1Disfruta de la comedia en vivo en uno de los espacios al aire libre m\u00e1s emblem\u00e1ticos de Seattle!\" \/>\n<meta name=\"robots\" content=\"index, follow, max-snippet:-1, max-image-preview:large, max-video-preview:-1\" \/>\n<link rel=\"canonical\" href=\"https:\/\/zoo.org\/es\/zootune\/comedia\/\" \/>\n<meta property=\"og:locale\" content=\"es_ES\" \/>\n<meta property=\"og:type\" content=\"article\" \/>\n<meta property=\"og:title\" content=\"-\" \/>\n<meta property=\"og:description\" content=\"\u00a1Disfruta de la comedia en vivo en uno de los espacios al aire libre m\u00e1s emblem\u00e1ticos de Seattle!\" \/>\n<meta property=\"og:url\" content=\"https:\/\/zoo.org\/es\/zootune\/comedia\/\" \/>\n<meta property=\"og:site_name\" content=\"Zool\u00f3gico Woodland Park\" \/>\n<meta property=\"article:modified_time\" content=\"2026-03-27T17:00:50+00:00\" \/>\n<meta property=\"og:image\" content=\"https:\/\/zoo.org\/wp-content\/uploads\/2026\/03\/Tig-Web-Icon-web.jpg?wsr\" \/>\n\t<meta property=\"og:image:width\" content=\"800\" \/>\n\t<meta property=\"og:image:height\" content=\"533\" \/>\n\t<meta property=\"og:image:type\" content=\"image\/jpeg\" \/>\n<meta name=\"twitter:card\" content=\"summary_large_image\" \/>\n<script type=\"application\/ld+json\" class=\"yoast-schema-graph\">{\"@context\":\"https:\\\/\\\/schema.org\",\"@graph\":[{\"@type\":\"WebPage\",\"@id\":\"https:\\\/\\\/zoo.org\\\/es\\\/zootune\\\/comedia\\\/\",\"url\":\"https:\\\/\\\/zoo.org\\\/es\\\/zootune\\\/comedia\\\/\",\"name\":\"-\",\"isPartOf\":{\"@id\":\"https:\\\/\\\/zoo.org\\\/es\\\/#website\"},\"primaryImageOfPage\":{\"@id\":\"https:\\\/\\\/zoo.org\\\/es\\\/zootune\\\/comedia\\\/#primaryimage\"},\"image\":{\"@id\":\"https:\\\/\\\/zoo.org\\\/es\\\/zootune\\\/comedia\\\/#primaryimage\"},\"thumbnailUrl\":\"https:\\\/\\\/zoo.org\\\/wp-content\\\/uploads\\\/2026\\\/03\\\/Tig-Web-Icon-web.jpg?wsr\",\"datePublished\":\"2025-09-16T22:35:33+00:00\",\"dateModified\":\"2026-03-27T17:00:50+00:00\",\"description\":\"\u00a1Disfruta de la comedia en vivo en uno de los espacios al aire libre m\u00e1s emblem\u00e1ticos de Seattle!\",\"breadcrumb\":{\"@id\":\"https:\\\/\\\/zoo.org\\\/es\\\/zootune\\\/comedia\\\/#breadcrumb\"},\"inLanguage\":\"es\",\"potentialAction\":[{\"@type\":\"ReadAction\",\"target\":[\"https:\\\/\\\/zoo.org\\\/es\\\/zootune\\\/comedia\\\/\"]}]},{\"@type\":\"ImageObject\",\"inLanguage\":\"es\",\"@id\":\"https:\\\/\\\/zoo.org\\\/es\\\/zootune\\\/comedia\\\/#primaryimage\",\"url\":\"https:\\\/\\\/zoo.org\\\/wp-content\\\/uploads\\\/2026\\\/03\\\/Tig-Web-Icon-web.jpg?wsr\",\"contentUrl\":\"https:\\\/\\\/zoo.org\\\/wp-content\\\/uploads\\\/2026\\\/03\\\/Tig-Web-Icon-web.jpg?wsr\",\"width\":800,\"height\":533,\"caption\":\"Una persona que sostiene un micr\u00f3fono gesticula expresivamente mientras act\u00faa en el escenario, iluminado con una dram\u00e1tica luz azul y violeta.\"},{\"@type\":\"BreadcrumbList\",\"@id\":\"https:\\\/\\\/zoo.org\\\/es\\\/zootune\\\/comedia\\\/#breadcrumb\",\"itemListElement\":[{\"@type\":\"ListItem\",\"position\":1,\"name\":\"Hogar\",\"item\":\"https:\\\/\\\/zoo.org\\\/es\\\/\"},{\"@type\":\"ListItem\",\"position\":2,\"name\":\"Zootune\",\"item\":\"https:\\\/\\\/zoo.org\\\/es\\\/zootune\\\/\"},{\"@type\":\"ListItem\",\"position\":3,\"name\":\"Comedia\"}]},{\"@type\":\"WebSite\",\"@id\":\"https:\\\/\\\/zoo.org\\\/es\\\/#website\",\"url\":\"https:\\\/\\\/zoo.org\\\/es\\\/\",\"name\":\"Zool\u00f3gico Woodland Park\",\"description\":\"El Zool\u00f3gico Woodland Park salva la vida silvestre e inspira a todos a hacer de la conservaci\u00f3n una prioridad en sus vidas.\",\"publisher\":{\"@id\":\"https:\\\/\\\/zoo.org\\\/es\\\/#organization\"},\"potentialAction\":[{\"@type\":\"SearchAction\",\"target\":{\"@type\":\"EntryPoint\",\"urlTemplate\":\"https:\\\/\\\/zoo.org\\\/es\\\/?s={search_term_string}\"},\"query-input\":{\"@type\":\"PropertyValueSpecification\",\"valueRequired\":true,\"valueName\":\"search_term_string\"}}],\"inLanguage\":\"es\"},{\"@type\":\"Organization\",\"@id\":\"https:\\\/\\\/zoo.org\\\/es\\\/#organization\",\"name\":\"Zool\u00f3gico Woodland Park\",\"url\":\"https:\\\/\\\/zoo.org\\\/es\\\/\",\"logo\":{\"@type\":\"ImageObject\",\"inLanguage\":\"es\",\"@id\":\"https:\\\/\\\/zoo.org\\\/es\\\/#\\\/schema\\\/logo\\\/image\\\/\",\"url\":\"https:\\\/\\\/zoo.org\\\/wp-content\\\/uploads\\\/2026\\\/01\\\/WPZ-Logo_white-SVG.svg?wsr\",\"contentUrl\":\"https:\\\/\\\/zoo.org\\\/wp-content\\\/uploads\\\/2026\\\/01\\\/WPZ-Logo_white-SVG.svg?wsr\",\"width\":288,\"height\":282,\"caption\":\"Zool\u00f3gico Woodland Park\"},\"image\":{\"@id\":\"https:\\\/\\\/zoo.org\\\/es\\\/#\\\/schema\\\/logo\\\/image\\\/\"}}]}<\/script>\n<!-- \/ Yoast SEO plugin. -->","yoast_head_json":{"title":"-","description":"\u00a1Disfruta de la comedia en vivo en uno de los espacios al aire libre m\u00e1s emblem\u00e1ticos de Seattle!","robots":{"index":"index","follow":"follow","max-snippet":"max-snippet:-1","max-image-preview":"max-image-preview:large","max-video-preview":"max-video-preview:-1"},"canonical":"https:\/\/zoo.org\/es\/zootune\/comedia\/","og_locale":"es_ES","og_type":"article","og_title":"-","og_description":"\u00a1Disfruta de la comedia en vivo en uno de los espacios al aire libre m\u00e1s emblem\u00e1ticos de Seattle!","og_url":"https:\/\/zoo.org\/es\/zootune\/comedia\/","og_site_name":"Zool\u00f3gico Woodland Park","article_modified_time":"2026-03-27T17:00:50+00:00","og_image":[{"width":800,"height":533,"url":"https:\/\/zoo.org\/wp-content\/uploads\/2026\/03\/Tig-Web-Icon-web.jpg?wsr","type":"image\/jpeg"}],"twitter_card":"summary_large_image","schema":{"@context":"https:\/\/schema.org","@graph":[{"@type":"WebPage","@id":"https:\/\/zoo.org\/es\/zootune\/comedia\/","url":"https:\/\/zoo.org\/es\/zootune\/comedia\/","name":"-","isPartOf":{"@id":"https:\/\/zoo.org\/es\/#website"},"primaryImageOfPage":{"@id":"https:\/\/zoo.org\/es\/zootune\/comedia\/#primaryimage"},"image":{"@id":"https:\/\/zoo.org\/es\/zootune\/comedia\/#primaryimage"},"thumbnailUrl":"https:\/\/zoo.org\/wp-content\/uploads\/2026\/03\/Tig-Web-Icon-web.jpg?wsr","datePublished":"2025-09-16T22:35:33+00:00","dateModified":"2026-03-27T17:00:50+00:00","description":"\u00a1Disfruta de la comedia en vivo en uno de los espacios al aire libre m\u00e1s emblem\u00e1ticos de Seattle!","breadcrumb":{"@id":"https:\/\/zoo.org\/es\/zootune\/comedia\/#breadcrumb"},"inLanguage":"es","potentialAction":[{"@type":"ReadAction","target":["https:\/\/zoo.org\/es\/zootune\/comedia\/"]}]},{"@type":"ImageObject","inLanguage":"es","@id":"https:\/\/zoo.org\/es\/zootune\/comedia\/#primaryimage","url":"https:\/\/zoo.org\/wp-content\/uploads\/2026\/03\/Tig-Web-Icon-web.jpg?wsr","contentUrl":"https:\/\/zoo.org\/wp-content\/uploads\/2026\/03\/Tig-Web-Icon-web.jpg?wsr","width":800,"height":533,"caption":"Una persona que sostiene un micr\u00f3fono gesticula expresivamente mientras act\u00faa en el escenario, iluminado con una dram\u00e1tica luz azul y violeta."},{"@type":"BreadcrumbList","@id":"https:\/\/zoo.org\/es\/zootune\/comedia\/#breadcrumb","itemListElement":[{"@type":"ListItem","position":1,"name":"Hogar","item":"https:\/\/zoo.org\/es\/"},{"@type":"ListItem","position":2,"name":"Zootune","item":"https:\/\/zoo.org\/es\/zootune\/"},{"@type":"ListItem","position":3,"name":"Comedia"}]},{"@type":"WebSite","@id":"https:\/\/zoo.org\/es\/#website","url":"https:\/\/zoo.org\/es\/","name":"Zool\u00f3gico Woodland Park","description":"El Zool\u00f3gico Woodland Park salva la vida silvestre e inspira a todos a hacer de la conservaci\u00f3n una prioridad en sus vidas.","publisher":{"@id":"https:\/\/zoo.org\/es\/#organization"},"potentialAction":[{"@type":"SearchAction","target":{"@type":"EntryPoint","urlTemplate":"https:\/\/zoo.org\/es\/?s={search_term_string}"},"query-input":{"@type":"PropertyValueSpecification","valueRequired":true,"valueName":"search_term_string"}}],"inLanguage":"es"},{"@type":"Organization","@id":"https:\/\/zoo.org\/es\/#organization","name":"Zool\u00f3gico Woodland Park","url":"https:\/\/zoo.org\/es\/","logo":{"@type":"ImageObject","inLanguage":"es","@id":"https:\/\/zoo.org\/es\/#\/schema\/logo\/image\/","url":"https:\/\/zoo.org\/wp-content\/uploads\/2026\/01\/WPZ-Logo_white-SVG.svg?wsr","contentUrl":"https:\/\/zoo.org\/wp-content\/uploads\/2026\/01\/WPZ-Logo_white-SVG.svg?wsr","width":288,"height":282,"caption":"Zool\u00f3gico Woodland Park"},"image":{"@id":"https:\/\/zoo.org\/es\/#\/schema\/logo\/image\/"}}]}},"taxonomy_info":[],"featured_image_src_large":["https:\/\/zoo.org\/wp-content\/uploads\/2026\/03\/Tig-Web-Icon-web.jpg?wsr",800,533,false],"author_info":{"display_name":"jloughlin","author_link":"https:\/\/zoo.org\/es\/author\/jloughlin\/"},"comment_info":0,"_links":{"self":[{"href":"https:\/\/zoo.org\/es\/wp-json\/wp\/v2\/pages\/10923","targetHints":{"allow":["GET"]}}],"collection":[{"href":"https:\/\/zoo.org\/es\/wp-json\/wp\/v2\/pages"}],"about":[{"href":"https:\/\/zoo.org\/es\/wp-json\/wp\/v2\/types\/page"}],"author":[{"embeddable":true,"href":"https:\/\/zoo.org\/es\/wp-json\/wp\/v2\/users\/1"}],"replies":[{"embeddable":true,"href":"https:\/\/zoo.org\/es\/wp-json\/wp\/v2\/comments?post=10923"}],"version-history":[{"count":5,"href":"https:\/\/zoo.org\/es\/wp-json\/wp\/v2\/pages\/10923\/revisions"}],"predecessor-version":[{"id":23391,"href":"https:\/\/zoo.org\/es\/wp-json\/wp\/v2\/pages\/10923\/revisions\/23391"}],"up":[{"embeddable":true,"href":"https:\/\/zoo.org\/es\/wp-json\/wp\/v2\/pages\/12379"}],"wp:featuredmedia":[{"embeddable":true,"href":"https:\/\/zoo.org\/es\/wp-json\/wp\/v2\/media\/21273"}],"wp:attachment":[{"href":"https:\/\/zoo.org\/es\/wp-json\/wp\/v2\/media?parent=10923"}],"curies":[{"name":"wp","href":"https:\/\/api.w.org\/{rel}","templated":true}]}}