{"id":10924,"date":"2025-09-16T15:48:12","date_gmt":"2025-09-16T22:48:12","guid":{"rendered":"https:\/\/zoo.org\/terminos-y-servicios-de-suites\/"},"modified":"2026-02-26T12:36:04","modified_gmt":"2026-02-26T20:36:04","slug":"terminos-y-servicios-de-suites","status":"publish","type":"page","link":"https:\/\/zoo.org\/es\/zootune\/suites-zootunes\/terminos-y-servicios-de-suites\/","title":{"rendered":"T\u00e9rminos y servicios de Suites"},"content":{"rendered":"\n<div class=\"wp-block-cover alignfull hero-event\" style=\"margin-top:0;margin-bottom:0\"><img loading=\"lazy\" decoding=\"async\" width=\"1920\" height=\"600\" class=\"wp-block-cover__image-background wp-image-19586 size-full\" alt=\"Colorful abstract design with a yellow wolf howling on the right, surrounded by vibrant circular shapes, yellow and green flowers, and leaves, set against a teal background with ample empty space on the left.\" src=\"https:\/\/zoo.org\/wp-content\/uploads\/2026\/02\/Zootunes-Header-Graphic-1920x600-web.jpg\" data-object-fit=\"cover\" srcset=\"https:\/\/zoo.org\/wp-content\/uploads\/2026\/02\/Zootunes-Header-Graphic-1920x600-web.jpg 1920w, https:\/\/zoo.org\/wp-content\/uploads\/2026\/02\/Zootunes-Header-Graphic-1920x600-web-300x94.jpg 300w, https:\/\/zoo.org\/wp-content\/uploads\/2026\/02\/Zootunes-Header-Graphic-1920x600-web-1024x320.jpg 1024w, https:\/\/zoo.org\/wp-content\/uploads\/2026\/02\/Zootunes-Header-Graphic-1920x600-web-150x47.jpg 150w, https:\/\/zoo.org\/wp-content\/uploads\/2026\/02\/Zootunes-Header-Graphic-1920x600-web-768x240.jpg 768w, https:\/\/zoo.org\/wp-content\/uploads\/2026\/02\/Zootunes-Header-Graphic-1920x600-web-1536x480.jpg 1536w\" sizes=\"auto, (max-width: 1920px) 100vw, 1920px\" \/><span aria-hidden=\"true\" class=\"wp-block-cover__background has-background-dim-0 has-background-dim\" style=\"background-color:#598880\"><\/span><div class=\"wp-block-cover__inner-container is-layout-constrained wp-block-cover-is-layout-constrained\"><style>.kb-image4903_18be6a-03.kb-image-is-ratio-size, .kb-image4903_18be6a-03 .kb-image-is-ratio-size{max-width:700px;width:100%;}.wp-block-kadence-column > .kt-inside-inner-col > .kb-image4903_18be6a-03.kb-image-is-ratio-size, .wp-block-kadence-column > .kt-inside-inner-col > .kb-image4903_18be6a-03 .kb-image-is-ratio-size{align-self:unset;}.kb-image4903_18be6a-03 figure{max-width:700px;}.kb-image4903_18be6a-03 .image-is-svg, .kb-image4903_18be6a-03 .image-is-svg img{width:100%;}.kb-image4903_18be6a-03 .kb-image-has-overlay:after{opacity:0.3;}@media all and (max-width: 767px){.kb-image4903_18be6a-03.kb-image-is-ratio-size, .kb-image4903_18be6a-03 .kb-image-is-ratio-size{max-width:260px;width:100%;}.kb-image4903_18be6a-03 figure{max-width:260px;}}<\/style>\n<div class=\"wp-block-kadence-image kb-image4903_18be6a-03\"><figure class=\"aligncenter size-full\"><img loading=\"lazy\" decoding=\"async\" width=\"852\" height=\"260\" src=\"https:\/\/zoo.org\/wp-content\/uploads\/2026\/02\/ZooTunes-logo.png\" alt=\"Logo for BECU ZooTunes presented by Carter Subaru, with BECU in yellow and ZooTunes presented by Carter Subaru in white on a light gray background.\" class=\"kb-img wp-image-19273\" srcset=\"https:\/\/zoo.org\/wp-content\/uploads\/2026\/02\/ZooTunes-logo.png 852w, https:\/\/zoo.org\/wp-content\/uploads\/2026\/02\/ZooTunes-logo-300x92.png 300w, https:\/\/zoo.org\/wp-content\/uploads\/2026\/02\/ZooTunes-logo-150x46.png 150w, https:\/\/zoo.org\/wp-content\/uploads\/2026\/02\/ZooTunes-logo-768x234.png 768w\" sizes=\"auto, (max-width: 852px) 100vw, 852px\" \/><\/figure><\/div>\n<\/div><\/div>\n\n<div class=\"wp-block-group is-layout-constrained wp-block-group-is-layout-constrained\" style=\"margin-top:2em;margin-bottom:3em\">\n<h1 class=\"wp-block-heading has-text-align-center\" style=\"margin-top:0.65em;margin-bottom:0.275em\">Suites ZooTunes<\/h1>\n\n\n\n<p class=\"has-text-align-center has-palette-color-3-color has-text-color has-link-color wp-elements-c220a447652a2e0dbf0532d8fda637b4\" style=\"margin-bottom:1em;font-size:clamp(0.984em, 0.984rem + ((1vw - 0.2em) * 0.645), 1.5em);font-style:normal;font-weight:500;line-height:1.5\"><strong><strong>T\u00e9rminos y servicios<\/strong><\/strong><\/p>\n<\/div>\n\n<div class=\"wp-block-group alignfull divider is-layout-constrained wp-block-group-is-layout-constrained\">\n<h2 class=\"wp-block-heading alignfull has-text-align-center\">ENTRADAS, ENTRADA Y ESTACIONAMIENTO<\/h2>\n<\/div>\n\n<p>Este acuerdo de T\u00e9rminos y Servicios rige todas las compras de suites premium para los conciertos de ZooTunes en el Zool\u00f3gico Woodland Park. Al reservar y comprar una suite, usted acepta los t\u00e9rminos que se describen a continuaci\u00f3n. <\/p>\n\n<h3 class=\"wp-block-heading\">Entradas<\/h3>\n\n<p>Todos los eventos se celebran con lluvia o sol. TODAS LAS VENTAS SON FINALES. No se ofrecer\u00e1n reembolsos, cambios ni vales por lluvia debido al mal tiempo u otras circunstancias.  <\/p>\n\n<p><strong>Cada compra de ZooTunes Suite incluye:<\/strong><\/p>\n\n<ul class=\"wp-block-list\">\n<li>Dos (2) pases de estacionamiento reservados<\/li>\n\n\n\n<li>Asientos y acceso para ocho (8) invitados en la suite.<\/li>\n\n\n\n<li>Su elecci\u00f3n de uno de nuestros <a href=\"https:\/\/zoo.org\/wp-content\/uploads\/2026\/02\/2026-ZooTunes-Suite-Menu.pdf\" type=\"attachment\" id=\"19021\" target=\"_blank\" rel=\"noreferrer noopener\">paquetes de alimentos premium<\/a> (preseleccionados al momento de la reserva), consulte SERVICIO DE ALIMENTOS Y BEBIDAS a continuaci\u00f3n para obtener m\u00e1s informaci\u00f3n.<\/li>\n\n\n\n<li>Bebidas para comprar con un servidor dedicado.<\/li>\n<\/ul>\n\n<p>Los paquetes de suite no son reembolsables ni transferibles a otra fecha. Se pueden considerar transferencias a otra persona con al menos 72 horas de anticipaci\u00f3n, contactando a <a href=\"mailto:concerts@zoo.org\">concerts@zoo.org<\/a> . <\/p>\n\n<p>Los titulares de suites son los \u00fanicos responsables de distribuir las entradas a sus invitados. Las entradas electr\u00f3nicas se enviar\u00e1n tres (3) d\u00edas antes del evento al correo electr\u00f3nico proporcionado al realizar la reserva. <\/p>\n\n<h3 class=\"wp-block-heading\">Entrada<\/h3>\n\n<p>El acceso a la suite comienza a las 16:30 h por la fila de clientes. No se permitir\u00e1 el acceso anticipado. <\/p>\n\n<p>Las entradas para el concierto de ZooTunes no incluyen la entrada general al zool\u00f3gico. Si los hu\u00e9spedes de la suite desean visitar el zool\u00f3gico antes del concierto, deber\u00e1n reservar con antelaci\u00f3n entradas adicionales para la entrada general. <\/p>\n\n<p>Los ni\u00f1os menores de 2 a\u00f1os entran gratis acompa\u00f1ados de un adulto con boleto en la suite. Los ni\u00f1os mayores de 3 a\u00f1os requieren boleto de tarifa completa y cuentan para el aforo m\u00e1ximo de 12 personas en la suite. <\/p>\n\n<p>Todos los ni\u00f1os deben estar acompa\u00f1ados por un adulto en todo momento dentro de la suite.<\/p>\n\n<h3 class=\"wp-block-heading\">Aparcamiento<\/h3>\n\n<p>Los dos espacios de estacionamiento reservados para el titular de la suite estar\u00e1n ubicados en el lote Otter, en el estacionamiento peque\u00f1o m\u00e1s cercano a la entrada. El apellido del titular de la suite estar\u00e1 marcado en el letrero de estacionamiento. <\/p>\n\n<div class=\"wp-block-group alignfull divider is-layout-constrained wp-block-group-is-layout-constrained\">\n<h2 class=\"wp-block-heading alignfull has-text-align-center\">SERVICIO DE COMIDAS Y BEBIDAS<\/h2>\n<\/div>\n\n<p>El servicio de alimentos y bebidas se brinda de 17:00 a 20:00 horas dentro del \u00e1rea de suites.<\/p>\n\n<p>Todos los servicios de alimentos y bebidas son proporcionados exclusivamente por Levy Restaurantes.<\/p>\n\n<p>Se permite servir y consumir alcohol \u00fanicamente dentro del \u00e1rea designada para el evento ZooTunes. El servicio de alcohol cumple con las regulaciones de la Comisi\u00f3n de Licores del Estado de Washington. Se requiere una identificaci\u00f3n v\u00e1lida para el servicio. Levy Restaurants se reserva el derecho a:   <\/p>\n\n<ul class=\"wp-block-list\">\n<li>Negar el servicio a cualquier hu\u00e9sped ebrio<\/li>\n\n\n\n<li>Hacer cumplir la contenci\u00f3n de bebidas dentro del \u00e1rea del evento.<\/li>\n\n\n\n<li>Pida a los visitantes que violen las pol\u00edticas sobre alcohol que abandonen las instalaciones del zool\u00f3gico.<\/li>\n<\/ul>\n\n<p>Su suite incluye un (1) paquete de comida preseleccionado para todos los hu\u00e9spedes. Bebidas disponibles a la venta con un camarero exclusivo. <\/p>\n\n<p>Los paquetes disponibles son:<\/p>\n\n<ul class=\"wp-block-list\">\n<li>Paquete #1: Parrilla Mediterr\u00e1nea<\/li>\n\n\n\n<li>Paquete #2: Taquer\u00eda<\/li>\n\n\n\n<li>Paquete n.\u00b0 3: Zoocuento Zen<\/li>\n<\/ul>\n\n<p>Una vez seleccionados, los paquetes de alimentos no se pueden cambiar ni sustituir. Todos incluyen una variedad de art\u00edculos que pueden adaptarse a restricciones diet\u00e9ticas comunes (opciones sin gluten, sin l\u00e1cteos, vegetarianas y sin frutos secos). <\/p>\n\n<div class=\"wp-block-group alignfull divider is-layout-constrained wp-block-group-is-layout-constrained\">\n<h2 class=\"wp-block-heading alignfull has-text-align-center\">POL\u00cdTICAS DEL LUGAR<\/h2>\n<\/div>\n\n<h3 class=\"wp-block-heading\">De fumar<\/h3>\n\n<p>El Zool\u00f3gico Woodland Park es una instalaci\u00f3n para no fumadores, incluido el uso de cigarrillos electr\u00f3nicos y vaporizadores.<\/p>\n\n<h3 class=\"wp-block-heading\">Accesibilidad ADA<\/h3>\n\n<p>El zool\u00f3gico es totalmente accesible para personas con discapacidad. Si necesita adaptaciones especiales, como acceso para silla de ruedas, comun\u00edquese con Bramble &amp; Wood Events con antelaci\u00f3n. Hay estacionamiento adaptado para personas con discapacidad disponible en cada lote del zool\u00f3gico, pero no est\u00e1 garantizado.  <\/p>\n\n<h3 class=\"wp-block-heading\">Pol\u00edtica de cancelaci\u00f3n<\/h3>\n\n<p>Las compras de paquetes ZooTunes no son reembolsables. En el improbable caso de que el Zool\u00f3gico Woodland Park cancele oficialmente un concierto, los reembolsos de las entradas solo se podr\u00e1n emitir en el punto de compra original. <\/p>\n\n<h3 class=\"wp-block-heading\">Pago y aceptaci\u00f3n<\/h3>\n\n<p>Las reservas de suites se confirman al recibir este acuerdo y el pago total, no reembolsable, en la fecha de vencimiento indicada durante la reserva. Se requiere pago por adelantado para todas las experiencias de suites premium. <\/p>\n\n<p>Al ingresar su informaci\u00f3n de pago, usted reconoce y acepta estos T\u00e9rminos y Servicios como vinculantes para su reserva de ZooTunes Suite.<\/p>\n\n<h3 class=\"wp-block-heading\">Cont\u00e1ctenos<\/h3>\n\n<p>Para cualquier pregunta, por favor contactar: <a href=\"mailto:concerts@zoo.org\">\u200b\u200bconcerts@zoo.org<\/a><\/p>\n\n<p>\u00a1Gracias por elegir la experiencia ZooTunes Suite en Woodland Park Zoo!<\/p>\n\n<p><\/p>\n","protected":false},"excerpt":{"rendered":"<p>Suites ZooTunes T\u00e9rminos y servicios ENTRADAS, ENTRADA Y ESTACIONAMIENTO Este acuerdo de T\u00e9rminos y Servicios rige todas las compras de suites premium para los conciertos de ZooTunes en el Zool\u00f3gico [&hellip;]<\/p>\n","protected":false},"author":1,"featured_media":0,"parent":19457,"menu_order":0,"comment_status":"closed","ping_status":"closed","template":"","meta":{"_acf_changed":false,"_kad_blocks_custom_css":"","_kad_blocks_head_custom_js":"","_kad_blocks_body_custom_js":"","_kad_blocks_footer_custom_js":"","footnotes":""},"class_list":["post-10924","page","type-page","status-publish","hentry"],"blocksy_meta":[],"acf":[],"yoast_head":"<!-- This site is optimized with the Yoast SEO plugin v27.3 - https:\/\/yoast.com\/product\/yoast-seo-wordpress\/ -->\n<title>-<\/title>\n<meta name=\"robots\" content=\"index, follow, max-snippet:-1, max-image-preview:large, max-video-preview:-1\" \/>\n<link rel=\"canonical\" href=\"https:\/\/zoo.org\/es\/zootune\/suites-zootunes\/terminos-y-servicios-de-suites\/\" \/>\n<meta property=\"og:locale\" content=\"es_ES\" \/>\n<meta property=\"og:type\" content=\"article\" \/>\n<meta property=\"og:title\" content=\"-\" \/>\n<meta property=\"og:description\" content=\"Suites ZooTunes T\u00e9rminos y servicios ENTRADAS, ENTRADA Y ESTACIONAMIENTO Este acuerdo de T\u00e9rminos y Servicios rige todas las compras de suites premium para los conciertos de ZooTunes en el Zool\u00f3gico [&hellip;]\" \/>\n<meta property=\"og:url\" content=\"https:\/\/zoo.org\/es\/zootune\/suites-zootunes\/terminos-y-servicios-de-suites\/\" \/>\n<meta property=\"og:site_name\" content=\"Zool\u00f3gico Woodland Park\" \/>\n<meta property=\"article:modified_time\" content=\"2026-02-26T20:36:04+00:00\" \/>\n<meta property=\"og:image\" content=\"https:\/\/zoo.org\/wp-content\/uploads\/2026\/02\/Zootunes-Header-Graphic-1920x600-web.jpg?wsr\" \/>\n\t<meta property=\"og:image:width\" content=\"1920\" \/>\n\t<meta property=\"og:image:height\" content=\"600\" \/>\n\t<meta property=\"og:image:type\" content=\"image\/jpeg\" \/>\n<meta name=\"twitter:card\" content=\"summary_large_image\" \/>\n<script type=\"application\/ld+json\" class=\"yoast-schema-graph\">{\"@context\":\"https:\\\/\\\/schema.org\",\"@graph\":[{\"@type\":\"WebPage\",\"@id\":\"https:\\\/\\\/zoo.org\\\/es\\\/zootune\\\/suites-zootunes\\\/terminos-y-servicios-de-suites\\\/\",\"url\":\"https:\\\/\\\/zoo.org\\\/es\\\/zootune\\\/suites-zootunes\\\/terminos-y-servicios-de-suites\\\/\",\"name\":\"-\",\"isPartOf\":{\"@id\":\"https:\\\/\\\/zoo.org\\\/es\\\/#website\"},\"primaryImageOfPage\":{\"@id\":\"https:\\\/\\\/zoo.org\\\/es\\\/zootune\\\/suites-zootunes\\\/terminos-y-servicios-de-suites\\\/#primaryimage\"},\"image\":{\"@id\":\"https:\\\/\\\/zoo.org\\\/es\\\/zootune\\\/suites-zootunes\\\/terminos-y-servicios-de-suites\\\/#primaryimage\"},\"thumbnailUrl\":\"https:\\\/\\\/zoo.org\\\/wp-content\\\/uploads\\\/2026\\\/02\\\/Zootunes-Header-Graphic-1920x600-web.jpg\",\"datePublished\":\"2025-09-16T22:48:12+00:00\",\"dateModified\":\"2026-02-26T20:36:04+00:00\",\"breadcrumb\":{\"@id\":\"https:\\\/\\\/zoo.org\\\/es\\\/zootune\\\/suites-zootunes\\\/terminos-y-servicios-de-suites\\\/#breadcrumb\"},\"inLanguage\":\"es\",\"potentialAction\":[{\"@type\":\"ReadAction\",\"target\":[\"https:\\\/\\\/zoo.org\\\/es\\\/zootune\\\/suites-zootunes\\\/terminos-y-servicios-de-suites\\\/\"]}]},{\"@type\":\"ImageObject\",\"inLanguage\":\"es\",\"@id\":\"https:\\\/\\\/zoo.org\\\/es\\\/zootune\\\/suites-zootunes\\\/terminos-y-servicios-de-suites\\\/#primaryimage\",\"url\":\"https:\\\/\\\/zoo.org\\\/wp-content\\\/uploads\\\/2026\\\/02\\\/Zootunes-Header-Graphic-1920x600-web.jpg\",\"contentUrl\":\"https:\\\/\\\/zoo.org\\\/wp-content\\\/uploads\\\/2026\\\/02\\\/Zootunes-Header-Graphic-1920x600-web.jpg\"},{\"@type\":\"BreadcrumbList\",\"@id\":\"https:\\\/\\\/zoo.org\\\/es\\\/zootune\\\/suites-zootunes\\\/terminos-y-servicios-de-suites\\\/#breadcrumb\",\"itemListElement\":[{\"@type\":\"ListItem\",\"position\":1,\"name\":\"Hogar\",\"item\":\"https:\\\/\\\/zoo.org\\\/es\\\/\"},{\"@type\":\"ListItem\",\"position\":2,\"name\":\"Zootune\",\"item\":\"https:\\\/\\\/zoo.org\\\/es\\\/zootune\\\/\"},{\"@type\":\"ListItem\",\"position\":3,\"name\":\"Suites ZooTunes\",\"item\":\"https:\\\/\\\/zoo.org\\\/es\\\/zootune\\\/suites-zootunes\\\/\"},{\"@type\":\"ListItem\",\"position\":4,\"name\":\"T\u00e9rminos y servicios de Suites\"}]},{\"@type\":\"WebSite\",\"@id\":\"https:\\\/\\\/zoo.org\\\/es\\\/#website\",\"url\":\"https:\\\/\\\/zoo.org\\\/es\\\/\",\"name\":\"Zool\u00f3gico Woodland Park\",\"description\":\"El Zool\u00f3gico Woodland Park salva la vida silvestre e inspira a todos a hacer de la conservaci\u00f3n una prioridad en sus vidas.\",\"publisher\":{\"@id\":\"https:\\\/\\\/zoo.org\\\/es\\\/#organization\"},\"potentialAction\":[{\"@type\":\"SearchAction\",\"target\":{\"@type\":\"EntryPoint\",\"urlTemplate\":\"https:\\\/\\\/zoo.org\\\/es\\\/?s={search_term_string}\"},\"query-input\":{\"@type\":\"PropertyValueSpecification\",\"valueRequired\":true,\"valueName\":\"search_term_string\"}}],\"inLanguage\":\"es\"},{\"@type\":\"Organization\",\"@id\":\"https:\\\/\\\/zoo.org\\\/es\\\/#organization\",\"name\":\"Zool\u00f3gico Woodland Park\",\"url\":\"https:\\\/\\\/zoo.org\\\/es\\\/\",\"logo\":{\"@type\":\"ImageObject\",\"inLanguage\":\"es\",\"@id\":\"https:\\\/\\\/zoo.org\\\/es\\\/#\\\/schema\\\/logo\\\/image\\\/\",\"url\":\"https:\\\/\\\/zoo.org\\\/wp-content\\\/uploads\\\/2026\\\/01\\\/WPZ-Logo_white-SVG.svg?wsr\",\"contentUrl\":\"https:\\\/\\\/zoo.org\\\/wp-content\\\/uploads\\\/2026\\\/01\\\/WPZ-Logo_white-SVG.svg?wsr\",\"width\":288,\"height\":282,\"caption\":\"Zool\u00f3gico Woodland Park\"},\"image\":{\"@id\":\"https:\\\/\\\/zoo.org\\\/es\\\/#\\\/schema\\\/logo\\\/image\\\/\"}}]}<\/script>\n<!-- \/ Yoast SEO plugin. -->","yoast_head_json":{"title":"-","robots":{"index":"index","follow":"follow","max-snippet":"max-snippet:-1","max-image-preview":"max-image-preview:large","max-video-preview":"max-video-preview:-1"},"canonical":"https:\/\/zoo.org\/es\/zootune\/suites-zootunes\/terminos-y-servicios-de-suites\/","og_locale":"es_ES","og_type":"article","og_title":"-","og_description":"Suites ZooTunes T\u00e9rminos y servicios ENTRADAS, ENTRADA Y ESTACIONAMIENTO Este acuerdo de T\u00e9rminos y Servicios rige todas las compras de suites premium para los conciertos de ZooTunes en el Zool\u00f3gico [&hellip;]","og_url":"https:\/\/zoo.org\/es\/zootune\/suites-zootunes\/terminos-y-servicios-de-suites\/","og_site_name":"Zool\u00f3gico Woodland Park","article_modified_time":"2026-02-26T20:36:04+00:00","og_image":[{"width":1920,"height":600,"url":"https:\/\/zoo.org\/wp-content\/uploads\/2026\/02\/Zootunes-Header-Graphic-1920x600-web.jpg?wsr","type":"image\/jpeg"}],"twitter_card":"summary_large_image","schema":{"@context":"https:\/\/schema.org","@graph":[{"@type":"WebPage","@id":"https:\/\/zoo.org\/es\/zootune\/suites-zootunes\/terminos-y-servicios-de-suites\/","url":"https:\/\/zoo.org\/es\/zootune\/suites-zootunes\/terminos-y-servicios-de-suites\/","name":"-","isPartOf":{"@id":"https:\/\/zoo.org\/es\/#website"},"primaryImageOfPage":{"@id":"https:\/\/zoo.org\/es\/zootune\/suites-zootunes\/terminos-y-servicios-de-suites\/#primaryimage"},"image":{"@id":"https:\/\/zoo.org\/es\/zootune\/suites-zootunes\/terminos-y-servicios-de-suites\/#primaryimage"},"thumbnailUrl":"https:\/\/zoo.org\/wp-content\/uploads\/2026\/02\/Zootunes-Header-Graphic-1920x600-web.jpg","datePublished":"2025-09-16T22:48:12+00:00","dateModified":"2026-02-26T20:36:04+00:00","breadcrumb":{"@id":"https:\/\/zoo.org\/es\/zootune\/suites-zootunes\/terminos-y-servicios-de-suites\/#breadcrumb"},"inLanguage":"es","potentialAction":[{"@type":"ReadAction","target":["https:\/\/zoo.org\/es\/zootune\/suites-zootunes\/terminos-y-servicios-de-suites\/"]}]},{"@type":"ImageObject","inLanguage":"es","@id":"https:\/\/zoo.org\/es\/zootune\/suites-zootunes\/terminos-y-servicios-de-suites\/#primaryimage","url":"https:\/\/zoo.org\/wp-content\/uploads\/2026\/02\/Zootunes-Header-Graphic-1920x600-web.jpg","contentUrl":"https:\/\/zoo.org\/wp-content\/uploads\/2026\/02\/Zootunes-Header-Graphic-1920x600-web.jpg"},{"@type":"BreadcrumbList","@id":"https:\/\/zoo.org\/es\/zootune\/suites-zootunes\/terminos-y-servicios-de-suites\/#breadcrumb","itemListElement":[{"@type":"ListItem","position":1,"name":"Hogar","item":"https:\/\/zoo.org\/es\/"},{"@type":"ListItem","position":2,"name":"Zootune","item":"https:\/\/zoo.org\/es\/zootune\/"},{"@type":"ListItem","position":3,"name":"Suites ZooTunes","item":"https:\/\/zoo.org\/es\/zootune\/suites-zootunes\/"},{"@type":"ListItem","position":4,"name":"T\u00e9rminos y servicios de Suites"}]},{"@type":"WebSite","@id":"https:\/\/zoo.org\/es\/#website","url":"https:\/\/zoo.org\/es\/","name":"Zool\u00f3gico Woodland Park","description":"El Zool\u00f3gico Woodland Park salva la vida silvestre e inspira a todos a hacer de la conservaci\u00f3n una prioridad en sus vidas.","publisher":{"@id":"https:\/\/zoo.org\/es\/#organization"},"potentialAction":[{"@type":"SearchAction","target":{"@type":"EntryPoint","urlTemplate":"https:\/\/zoo.org\/es\/?s={search_term_string}"},"query-input":{"@type":"PropertyValueSpecification","valueRequired":true,"valueName":"search_term_string"}}],"inLanguage":"es"},{"@type":"Organization","@id":"https:\/\/zoo.org\/es\/#organization","name":"Zool\u00f3gico Woodland Park","url":"https:\/\/zoo.org\/es\/","logo":{"@type":"ImageObject","inLanguage":"es","@id":"https:\/\/zoo.org\/es\/#\/schema\/logo\/image\/","url":"https:\/\/zoo.org\/wp-content\/uploads\/2026\/01\/WPZ-Logo_white-SVG.svg?wsr","contentUrl":"https:\/\/zoo.org\/wp-content\/uploads\/2026\/01\/WPZ-Logo_white-SVG.svg?wsr","width":288,"height":282,"caption":"Zool\u00f3gico Woodland Park"},"image":{"@id":"https:\/\/zoo.org\/es\/#\/schema\/logo\/image\/"}}]}},"taxonomy_info":[],"featured_image_src_large":false,"author_info":{"display_name":"jloughlin","author_link":"https:\/\/zoo.org\/es\/author\/jloughlin\/"},"comment_info":0,"_links":{"self":[{"href":"https:\/\/zoo.org\/es\/wp-json\/wp\/v2\/pages\/10924","targetHints":{"allow":["GET"]}}],"collection":[{"href":"https:\/\/zoo.org\/es\/wp-json\/wp\/v2\/pages"}],"about":[{"href":"https:\/\/zoo.org\/es\/wp-json\/wp\/v2\/types\/page"}],"author":[{"embeddable":true,"href":"https:\/\/zoo.org\/es\/wp-json\/wp\/v2\/users\/1"}],"replies":[{"embeddable":true,"href":"https:\/\/zoo.org\/es\/wp-json\/wp\/v2\/comments?post=10924"}],"version-history":[{"count":0,"href":"https:\/\/zoo.org\/es\/wp-json\/wp\/v2\/pages\/10924\/revisions"}],"up":[{"embeddable":true,"href":"https:\/\/zoo.org\/es\/wp-json\/wp\/v2\/pages\/19457"}],"wp:attachment":[{"href":"https:\/\/zoo.org\/es\/wp-json\/wp\/v2\/media?parent=10924"}],"curies":[{"name":"wp","href":"https:\/\/api.w.org\/{rel}","templated":true}]}}