{"id":10946,"date":"2025-09-16T15:53:04","date_gmt":"2025-09-16T22:53:04","guid":{"rendered":"https:\/\/zoo.org\/pastando-en-el-zoologico\/"},"modified":"2026-03-27T08:54:49","modified_gmt":"2026-03-27T15:54:49","slug":"pastando-en-el-zoologico","status":"publish","type":"page","link":"https:\/\/zoo.org\/es\/pastando-en-el-zoologico\/","title":{"rendered":"Pastando en el zool\u00f3gico"},"content":{"rendered":"\n<div class=\"wp-block-cover alignfull is-light hero\" style=\"margin-top:0;margin-bottom:0\"><img loading=\"lazy\" decoding=\"async\" width=\"1920\" height=\"400\" class=\"wp-block-cover__image-background wp-image-4908 size-full\" alt=\"\" src=\"https:\/\/zoo.org\/wp-content\/uploads\/2025\/09\/grazing-at-the-zoo-header-image2.jpg\" data-object-fit=\"cover\" srcset=\"https:\/\/zoo.org\/wp-content\/uploads\/2025\/09\/grazing-at-the-zoo-header-image2.jpg 1920w, https:\/\/zoo.org\/wp-content\/uploads\/2025\/09\/grazing-at-the-zoo-header-image2-300x63.jpg 300w, https:\/\/zoo.org\/wp-content\/uploads\/2025\/09\/grazing-at-the-zoo-header-image2-1024x213.jpg 1024w, https:\/\/zoo.org\/wp-content\/uploads\/2025\/09\/grazing-at-the-zoo-header-image2-768x160.jpg 768w, https:\/\/zoo.org\/wp-content\/uploads\/2025\/09\/grazing-at-the-zoo-header-image2-1536x320.jpg 1536w\" sizes=\"auto, (max-width: 1920px) 100vw, 1920px\" \/><span aria-hidden=\"true\" class=\"wp-block-cover__background has-background-dim-0 has-background-dim\" style=\"background-color:#c0aa9b\"><\/span><div class=\"wp-block-cover__inner-container is-layout-constrained wp-block-cover-is-layout-constrained\">\n<p class=\"has-text-align-center has-large-font-size\"><\/p>\n<\/div><\/div>\n\n<div class=\"wp-block-group is-layout-constrained wp-block-group-is-layout-constrained\" style=\"margin-top:2em;margin-bottom:3em\">\n<h1 class=\"wp-block-heading has-text-align-center\" style=\"margin-top:0.65em;margin-bottom:0.275em\">Pastando en el zool\u00f3gico<\/h1>\n<\/div>\n\n<div class=\"wp-block-group alignfull divider is-layout-constrained wp-block-group-is-layout-constrained\">\n<h2 class=\"wp-block-heading alignfull has-text-align-center\">Disfruta del lado salvaje de la gastronom\u00eda<\/h2>\n<\/div>\n\n<p><strong>Grazing at the Zoo regresa al Zool\u00f3gico Woodland Park como una serie \u00fanica de comidas y bebidas que combina deliciosos sabores con experiencias inmersivas en el zool\u00f3gico.<\/strong><\/p>\n\n<p>Desde elegantes t\u00e9s de la tarde hasta originales desayunos con panqueques, celebraciones del D\u00eda del Padre y espectaculares brunchs, cada evento ofrece una oportunidad \u00fanica para disfrutar de men\u00fas tem\u00e1ticos mientras conectas con la vida silvestre y las iniciativas de conservaci\u00f3n. Ya sea brindando entre las flores, tomando un caf\u00e9 junto a la fauna o disfrutando de tu primera comida del d\u00eda junto a los ping\u00fcinos, estas exclusivas reuniones te invitan a vivir el zool\u00f3gico como nunca antes. <\/p>\n\n<div class=\"wp-block-group is-layout-constrained wp-block-group-is-layout-constrained\" style=\"margin-top:var(--wp--preset--spacing--60);margin-bottom:var(--wp--preset--spacing--60)\"><style>.kt-sc4906_6adf6d-c7 .kt-sc-imgcol, .kt-sc4906_6adf6d-c7 .kt-sc-textcol{min-height:245px;}.kt-sc4906_6adf6d-c7 .kt-sc-imgcol{background-size:cover;background-image:url(https:\/\/zoo.org\/wp-content\/uploads\/2026\/03\/Rise-Dine-37_phi.jpg);}.kt-sc4906_6adf6d-c7 .kt-sc-textcol{padding-top:1em;padding-right:1.5em;padding-bottom:1em;padding-left:1.5em;}@media all and (max-width: 767px){.kt-sc4906_6adf6d-c7 .kt-sc-imgcol, .kt-sc4906_6adf6d-c7 .kt-sc-textcol{min-height:275px;}}<\/style>\n<div class=\"aligncenter kt-sc4906_6adf6d-c7 wp-block-kadence-splitcontent\"><div class=\"kt-split-content-wrap kt-sc-media-side-left\" style=\"grid-template-columns:32% auto\"><div class=\"kt-sc-imgcol kt-sc-imgcol-bg-cover kt-sc-img-side-left\"><\/div><div class=\"kt-sc-textcol kt-sc-text-valign-center kt-sc-text-halign-left\" style=\"background-color:var(--theme-palette-color-17, #E6E6E6)\"><div class=\"kt-sc-innter-col\"><style>.wp-block-kadence-advancedheading.kt-adv-heading4906_92e9cc-31, .wp-block-kadence-advancedheading.kt-adv-heading4906_92e9cc-31[data-kb-block=\"kb-adv-heading4906_92e9cc-31\"]{font-style:normal;}.wp-block-kadence-advancedheading.kt-adv-heading4906_92e9cc-31 mark.kt-highlight, .wp-block-kadence-advancedheading.kt-adv-heading4906_92e9cc-31[data-kb-block=\"kb-adv-heading4906_92e9cc-31\"] mark.kt-highlight{font-style:normal;color:#f76a0c;-webkit-box-decoration-break:clone;box-decoration-break:clone;padding-top:0px;padding-right:0px;padding-bottom:0px;padding-left:0px;}.wp-block-kadence-advancedheading.kt-adv-heading4906_92e9cc-31 img.kb-inline-image, .wp-block-kadence-advancedheading.kt-adv-heading4906_92e9cc-31[data-kb-block=\"kb-adv-heading4906_92e9cc-31\"] img.kb-inline-image{width:150px;vertical-align:baseline;}<\/style>\n<h3 class=\"kt-adv-heading4906_92e9cc-31 wp-block-kadence-advancedheading\" data-kb-block=\"kb-adv-heading4906_92e9cc-31\">Lev\u00e1ntate y cena<\/h3>\n\n\n\n<p class=\"has-palette-color-3-color has-text-color has-link-color wp-elements-8ab9f19523bf556e67fdfb7c483454fe\" style=\"margin-bottom:var(--wp--preset--spacing--30)\"><strong>\u00a1AGOTADO!<\/strong><\/p>\n\n\n\n<p style=\"margin-bottom:var(--wp--preset--spacing--40)\">\u00a1Despi\u00e9rtate temprano y disfruta de una comida en compa\u00f1\u00eda de algunos de los animales m\u00e1s esquivos del mundo, y s\u00e9 de los primeros en poner un pie en nuestra flamante exhibici\u00f3n Forest Trailhead!<\/p>\n\n\n\n<p style=\"margin-top:0;margin-bottom:0\"><a href=\"https:\/\/zoo.org\/es\/pastando-en-el-zoologico\/levantate-y-cena\/\" type=\"page\" id=\"20775\">M\u00e1s informaci\u00f3n<\/a><\/p>\n<\/div><\/div><\/div><\/div>\n<\/div>\n\n<div class=\"wp-block-group is-layout-constrained wp-block-group-is-layout-constrained\" style=\"margin-top:var(--wp--preset--spacing--60);margin-bottom:var(--wp--preset--spacing--60)\"><style>.kt-sc4906_8972c9-45 .kt-sc-imgcol, .kt-sc4906_8972c9-45 .kt-sc-textcol{min-height:245px;}.kt-sc4906_8972c9-45 .kt-sc-imgcol{background-size:cover;background-image:url(https:\/\/zoo.org\/wp-content\/uploads\/2025\/07\/2025_Grazing-at-the-zoo-21_web.jpg);}.kt-sc4906_8972c9-45 .kt-sc-textcol{padding-top:1em;padding-right:1.5em;padding-bottom:1em;padding-left:1.5em;}@media all and (max-width: 767px){.kt-sc4906_8972c9-45 .kt-sc-imgcol, .kt-sc4906_8972c9-45 .kt-sc-textcol{min-height:275px;}}<\/style>\n<div class=\"aligncenter kt-sc4906_8972c9-45 wp-block-kadence-splitcontent\"><div class=\"kt-split-content-wrap kt-sc-media-side-left\" style=\"grid-template-columns:32% auto\"><div class=\"kt-sc-imgcol kt-sc-imgcol-bg-cover kt-sc-img-side-left\"><\/div><div class=\"kt-sc-textcol kt-sc-text-valign-center kt-sc-text-halign-left\" style=\"background-color:var(--theme-palette-color-17, #E6E6E6)\"><div class=\"kt-sc-innter-col\"><style>.wp-block-kadence-advancedheading.kt-adv-heading4906_e2a6c7-02, .wp-block-kadence-advancedheading.kt-adv-heading4906_e2a6c7-02[data-kb-block=\"kb-adv-heading4906_e2a6c7-02\"]{font-style:normal;}.wp-block-kadence-advancedheading.kt-adv-heading4906_e2a6c7-02 mark.kt-highlight, .wp-block-kadence-advancedheading.kt-adv-heading4906_e2a6c7-02[data-kb-block=\"kb-adv-heading4906_e2a6c7-02\"] mark.kt-highlight{font-style:normal;color:#f76a0c;-webkit-box-decoration-break:clone;box-decoration-break:clone;padding-top:0px;padding-right:0px;padding-bottom:0px;padding-left:0px;}.wp-block-kadence-advancedheading.kt-adv-heading4906_e2a6c7-02 img.kb-inline-image, .wp-block-kadence-advancedheading.kt-adv-heading4906_e2a6c7-02[data-kb-block=\"kb-adv-heading4906_e2a6c7-02\"] img.kb-inline-image{width:150px;vertical-align:baseline;}<\/style>\n<h3 class=\"kt-adv-heading4906_e2a6c7-02 wp-block-kadence-advancedheading\" data-kb-block=\"kb-adv-heading4906_e2a6c7-02\">T\u00e9 de la tarde<\/h3>\n\n\n\n<p style=\"margin-bottom:var(--wp--preset--spacing--40)\">Beba, rel\u00e1jese y disfrute de la belleza del Microsoft Pollinator Patio en esta elegante experiencia de t\u00e9 de la tarde.<\/p>\n\n\n\n<p style=\"margin-top:0;margin-bottom:0\"><a href=\"https:\/\/zoo.org\/es\/pastando-en-el-zoologico\/te-de-la-tarde\/\" type=\"page\" id=\"20714\">M\u00e1s informaci\u00f3n<\/a><\/p>\n<\/div><\/div><\/div><\/div>\n<\/div>\n\n<div class=\"wp-block-group is-layout-constrained wp-block-group-is-layout-constrained\" style=\"margin-top:var(--wp--preset--spacing--60);margin-bottom:var(--wp--preset--spacing--60)\"><style>.kt-sc4906_ea935d-20 .kt-sc-imgcol, .kt-sc4906_ea935d-20 .kt-sc-textcol{min-height:245px;}.kt-sc4906_ea935d-20 .kt-sc-imgcol{background-size:cover;background-image:url(https:\/\/zoo.org\/wp-content\/uploads\/2025\/09\/pancakes4.jpg);}.kt-sc4906_ea935d-20 .kt-sc-textcol{padding-top:1em;padding-right:1.5em;padding-bottom:1em;padding-left:1.5em;}@media all and (max-width: 767px){.kt-sc4906_ea935d-20 .kt-sc-imgcol, .kt-sc4906_ea935d-20 .kt-sc-textcol{min-height:275px;}}<\/style>\n<div class=\"aligncenter kt-sc4906_ea935d-20 wp-block-kadence-splitcontent\"><div class=\"kt-split-content-wrap kt-sc-media-side-left\" style=\"grid-template-columns:32% auto\"><div class=\"kt-sc-imgcol kt-sc-imgcol-bg-cover kt-sc-img-side-left\"><\/div><div class=\"kt-sc-textcol kt-sc-text-valign-center kt-sc-text-halign-left\" style=\"background-color:var(--theme-palette-color-17, #E6E6E6)\"><div class=\"kt-sc-innter-col\"><style>.wp-block-kadence-advancedheading.kt-adv-heading4906_7c9e30-d8, .wp-block-kadence-advancedheading.kt-adv-heading4906_7c9e30-d8[data-kb-block=\"kb-adv-heading4906_7c9e30-d8\"]{font-style:normal;}.wp-block-kadence-advancedheading.kt-adv-heading4906_7c9e30-d8 mark.kt-highlight, .wp-block-kadence-advancedheading.kt-adv-heading4906_7c9e30-d8[data-kb-block=\"kb-adv-heading4906_7c9e30-d8\"] mark.kt-highlight{font-style:normal;color:#f76a0c;-webkit-box-decoration-break:clone;box-decoration-break:clone;padding-top:0px;padding-right:0px;padding-bottom:0px;padding-left:0px;}.wp-block-kadence-advancedheading.kt-adv-heading4906_7c9e30-d8 img.kb-inline-image, .wp-block-kadence-advancedheading.kt-adv-heading4906_7c9e30-d8[data-kb-block=\"kb-adv-heading4906_7c9e30-d8\"] img.kb-inline-image{width:150px;vertical-align:baseline;}<\/style>\n<h3 class=\"kt-adv-heading4906_7c9e30-d8 wp-block-kadence-advancedheading\" data-kb-block=\"kb-adv-heading4906_7c9e30-d8\">Panqueques con ping\u00fcinos<\/h3>\n\n\n\n<p style=\"margin-bottom:var(--wp--preset--spacing--40)\">Disfrute de una deliciosa variedad de esponjosos panqueques, frutas frescas y sabrosos aderezos, todo con una vista de primera fila de la exhibici\u00f3n de ping\u00fcinos de Humboldt.<\/p>\n\n\n\n<p style=\"margin-top:0;margin-bottom:0\"><a href=\"https:\/\/zoo.org\/es\/pastando-en-el-zoologico\/panqueques-con-pinguinos\/\" type=\"page\" id=\"20716\">M\u00e1s informaci\u00f3n<\/a><\/p>\n<\/div><\/div><\/div><\/div>\n<\/div>\n\n<div class=\"wp-block-group is-layout-constrained wp-block-group-is-layout-constrained\" style=\"margin-top:var(--wp--preset--spacing--60);margin-bottom:var(--wp--preset--spacing--60)\"><style>.kt-sc4906_69eb62-0e .kt-sc-imgcol, .kt-sc4906_69eb62-0e .kt-sc-textcol{min-height:245px;}.kt-sc4906_69eb62-0e .kt-sc-imgcol{background-size:cover;background-image:url(https:\/\/zoo.org\/wp-content\/uploads\/2025\/07\/Pappa-Bear-Brunch.jpg);}.kt-sc4906_69eb62-0e .kt-sc-textcol{padding-top:1em;padding-right:1.5em;padding-bottom:1em;padding-left:1.5em;}@media all and (max-width: 767px){.kt-sc4906_69eb62-0e .kt-sc-imgcol, .kt-sc4906_69eb62-0e .kt-sc-textcol{min-height:275px;}}<\/style>\n<div class=\"aligncenter kt-sc4906_69eb62-0e wp-block-kadence-splitcontent\"><div class=\"kt-split-content-wrap kt-sc-media-side-left\" style=\"grid-template-columns:32% auto\"><div class=\"kt-sc-imgcol kt-sc-imgcol-bg-cover kt-sc-img-side-left\"><\/div><div class=\"kt-sc-textcol kt-sc-text-valign-center kt-sc-text-halign-left\" style=\"background-color:var(--theme-palette-color-17, #E6E6E6)\"><div class=\"kt-sc-innter-col\"><style>.wp-block-kadence-advancedheading.kt-adv-heading4906_bab9bd-b9, .wp-block-kadence-advancedheading.kt-adv-heading4906_bab9bd-b9[data-kb-block=\"kb-adv-heading4906_bab9bd-b9\"]{font-style:normal;}.wp-block-kadence-advancedheading.kt-adv-heading4906_bab9bd-b9 mark.kt-highlight, .wp-block-kadence-advancedheading.kt-adv-heading4906_bab9bd-b9[data-kb-block=\"kb-adv-heading4906_bab9bd-b9\"] mark.kt-highlight{font-style:normal;color:#f76a0c;-webkit-box-decoration-break:clone;box-decoration-break:clone;padding-top:0px;padding-right:0px;padding-bottom:0px;padding-left:0px;}.wp-block-kadence-advancedheading.kt-adv-heading4906_bab9bd-b9 img.kb-inline-image, .wp-block-kadence-advancedheading.kt-adv-heading4906_bab9bd-b9[data-kb-block=\"kb-adv-heading4906_bab9bd-b9\"] img.kb-inline-image{width:150px;vertical-align:baseline;}<\/style>\n<h3 class=\"kt-adv-heading4906_bab9bd-b9 wp-block-kadence-advancedheading\" data-kb-block=\"kb-adv-heading4906_bab9bd-b9\">Brunch de Pap\u00e1 Oso<\/h3>\n\n\n\n<p class=\"has-palette-color-3-color has-text-color has-link-color wp-elements-8ab9f19523bf556e67fdfb7c483454fe\" style=\"margin-bottom:var(--wp--preset--spacing--30)\"><strong>\u00a1AGOTADO!<\/strong><\/p>\n\n\n\n<p style=\"margin-bottom:var(--wp--preset--spacing--40)\">\u00a1Celebre el D\u00eda del Padre con una experiencia de brunch muy especial!<\/p>\n\n\n\n<p style=\"margin-top:0;margin-bottom:0\"><a href=\"https:\/\/zoo.org\/es\/pastando-en-el-zoologico\/brunch-de-pappa-bear\/\" type=\"page\" id=\"20718\">M\u00e1s informaci\u00f3n<\/a><\/p>\n<\/div><\/div><\/div><\/div>\n<\/div>\n\n<div class=\"wp-block-group is-layout-constrained wp-block-group-is-layout-constrained\" style=\"margin-top:var(--wp--preset--spacing--60);margin-bottom:var(--wp--preset--spacing--60)\"><style>.kt-sc4906_a31fb6-b0 .kt-sc-imgcol, .kt-sc4906_a31fb6-b0 .kt-sc-textcol{min-height:245px;}.kt-sc4906_a31fb6-b0 .kt-sc-imgcol{background-size:cover;background-image:url(https:\/\/zoo.org\/wp-content\/uploads\/2025\/09\/Brunch3.jpg);}.kt-sc4906_a31fb6-b0 .kt-sc-textcol{padding-top:1em;padding-right:1.5em;padding-bottom:1em;padding-left:1.5em;}@media all and (max-width: 767px){.kt-sc4906_a31fb6-b0 .kt-sc-imgcol, .kt-sc4906_a31fb6-b0 .kt-sc-textcol{min-height:275px;}}<\/style>\n<div class=\"aligncenter kt-sc4906_a31fb6-b0 wp-block-kadence-splitcontent\"><div class=\"kt-split-content-wrap kt-sc-media-side-left\" style=\"grid-template-columns:32% auto\"><div class=\"kt-sc-imgcol kt-sc-imgcol-bg-cover kt-sc-img-side-left\"><\/div><div class=\"kt-sc-textcol kt-sc-text-valign-center kt-sc-text-halign-left\" style=\"background-color:var(--theme-palette-color-17, #E6E6E6)\"><div class=\"kt-sc-innter-col\"><style>.wp-block-kadence-advancedheading.kt-adv-heading4906_25efc5-c6, .wp-block-kadence-advancedheading.kt-adv-heading4906_25efc5-c6[data-kb-block=\"kb-adv-heading4906_25efc5-c6\"]{font-style:normal;}.wp-block-kadence-advancedheading.kt-adv-heading4906_25efc5-c6 mark.kt-highlight, .wp-block-kadence-advancedheading.kt-adv-heading4906_25efc5-c6[data-kb-block=\"kb-adv-heading4906_25efc5-c6\"] mark.kt-highlight{font-style:normal;color:#f76a0c;-webkit-box-decoration-break:clone;box-decoration-break:clone;padding-top:0px;padding-right:0px;padding-bottom:0px;padding-left:0px;}.wp-block-kadence-advancedheading.kt-adv-heading4906_25efc5-c6 img.kb-inline-image, .wp-block-kadence-advancedheading.kt-adv-heading4906_25efc5-c6[data-kb-block=\"kb-adv-heading4906_25efc5-c6\"] img.kb-inline-image{width:150px;vertical-align:baseline;}<\/style>\n<h3 class=\"kt-adv-heading4906_25efc5-c6 wp-block-kadence-advancedheading\" data-kb-block=\"kb-adv-heading4906_25efc5-c6\">Club de brunch<\/h3>\n\n\n\n<p style=\"margin-bottom:var(--wp--preset--spacing--40)\">Disfrute de un brunch por el zool\u00f3gico con esta deliciosa experiencia gastron\u00f3mica ambientada en uno de los espacios m\u00e1s pintorescos del zool\u00f3gico.<\/p>\n\n\n\n<p style=\"margin-top:0;margin-bottom:0\"><a href=\"https:\/\/zoo.org\/es\/pastando-en-el-zoologico\/club-de-brunch\/\" type=\"page\" id=\"20720\">M\u00e1s informaci\u00f3n<\/a><\/p>\n<\/div><\/div><\/div><\/div>\n<\/div>\n","protected":false},"excerpt":{"rendered":"<p>Pastando en el zool\u00f3gico Disfruta del lado salvaje de la gastronom\u00eda Grazing at the Zoo regresa al Zool\u00f3gico Woodland Park como una serie \u00fanica de comidas y bebidas que combina [&hellip;]<\/p>\n","protected":false},"author":1,"featured_media":10947,"parent":0,"menu_order":0,"comment_status":"closed","ping_status":"closed","template":"","meta":{"_acf_changed":false,"_kad_blocks_custom_css":"","_kad_blocks_head_custom_js":"","_kad_blocks_body_custom_js":"","_kad_blocks_footer_custom_js":"","footnotes":""},"class_list":["post-10946","page","type-page","status-publish","has-post-thumbnail","hentry"],"blocksy_meta":[],"acf":[],"yoast_head":"<!-- This site is optimized with the Yoast SEO plugin v27.4 - https:\/\/yoast.com\/product\/yoast-seo-wordpress\/ -->\n<title>-<\/title>\n<meta name=\"description\" content=\"Disfrute del lado salvaje de cenar en Grazing at the Zoo, una nueva serie de eventos de comida y bebida que combina deliciosos sabores con experiencias inmersivas en el zool\u00f3gico.\" \/>\n<meta name=\"robots\" content=\"index, follow, max-snippet:-1, max-image-preview:large, max-video-preview:-1\" \/>\n<link rel=\"canonical\" href=\"https:\/\/zoo.org\/es\/pastando-en-el-zoologico\/\" \/>\n<meta property=\"og:locale\" content=\"es_ES\" \/>\n<meta property=\"og:type\" content=\"article\" \/>\n<meta property=\"og:title\" content=\"-\" \/>\n<meta property=\"og:description\" content=\"Disfrute del lado salvaje de cenar en Grazing at the Zoo, una nueva serie de eventos de comida y bebida que combina deliciosos sabores con experiencias inmersivas en el zool\u00f3gico.\" \/>\n<meta property=\"og:url\" content=\"https:\/\/zoo.org\/es\/pastando-en-el-zoologico\/\" \/>\n<meta property=\"og:site_name\" content=\"Zool\u00f3gico Woodland Park\" \/>\n<meta property=\"article:modified_time\" content=\"2026-03-27T15:54:49+00:00\" \/>\n<meta property=\"og:image\" content=\"https:\/\/zoo.org\/wp-content\/uploads\/2025\/07\/Pappa-Bear-Brunch3.jpg?wsr\" \/>\n\t<meta property=\"og:image:width\" content=\"800\" \/>\n\t<meta property=\"og:image:height\" content=\"533\" \/>\n\t<meta property=\"og:image:type\" content=\"image\/jpeg\" \/>\n<meta name=\"twitter:card\" content=\"summary_large_image\" \/>\n<script type=\"application\/ld+json\" class=\"yoast-schema-graph\">{\"@context\":\"https:\\\/\\\/schema.org\",\"@graph\":[{\"@type\":\"WebPage\",\"@id\":\"https:\\\/\\\/zoo.org\\\/es\\\/pastando-en-el-zoologico\\\/\",\"url\":\"https:\\\/\\\/zoo.org\\\/es\\\/pastando-en-el-zoologico\\\/\",\"name\":\"-\",\"isPartOf\":{\"@id\":\"https:\\\/\\\/zoo.org\\\/es\\\/#website\"},\"primaryImageOfPage\":{\"@id\":\"https:\\\/\\\/zoo.org\\\/es\\\/pastando-en-el-zoologico\\\/#primaryimage\"},\"image\":{\"@id\":\"https:\\\/\\\/zoo.org\\\/es\\\/pastando-en-el-zoologico\\\/#primaryimage\"},\"thumbnailUrl\":\"https:\\\/\\\/zoo.org\\\/wp-content\\\/uploads\\\/2025\\\/07\\\/Pappa-Bear-Brunch3.jpg?wsr\",\"datePublished\":\"2025-09-16T22:53:04+00:00\",\"dateModified\":\"2026-03-27T15:54:49+00:00\",\"description\":\"Disfrute del lado salvaje de cenar en Grazing at the Zoo, una nueva serie de eventos de comida y bebida que combina deliciosos sabores con experiencias inmersivas en el zool\u00f3gico.\",\"breadcrumb\":{\"@id\":\"https:\\\/\\\/zoo.org\\\/es\\\/pastando-en-el-zoologico\\\/#breadcrumb\"},\"inLanguage\":\"es\",\"potentialAction\":[{\"@type\":\"ReadAction\",\"target\":[\"https:\\\/\\\/zoo.org\\\/es\\\/pastando-en-el-zoologico\\\/\"]}]},{\"@type\":\"ImageObject\",\"inLanguage\":\"es\",\"@id\":\"https:\\\/\\\/zoo.org\\\/es\\\/pastando-en-el-zoologico\\\/#primaryimage\",\"url\":\"https:\\\/\\\/zoo.org\\\/wp-content\\\/uploads\\\/2025\\\/07\\\/Pappa-Bear-Brunch3.jpg?wsr\",\"contentUrl\":\"https:\\\/\\\/zoo.org\\\/wp-content\\\/uploads\\\/2025\\\/07\\\/Pappa-Bear-Brunch3.jpg?wsr\",\"width\":800,\"height\":533,\"caption\":\"Una mesa de desayuno con caf\u00e9, jugo de naranja, un Bloody Mary y un plato de tocino, huevos y fruta est\u00e1 dispuesta al aire libre, con un oso pardo parado en el fondo cubierto de hierba.\"},{\"@type\":\"BreadcrumbList\",\"@id\":\"https:\\\/\\\/zoo.org\\\/es\\\/pastando-en-el-zoologico\\\/#breadcrumb\",\"itemListElement\":[{\"@type\":\"ListItem\",\"position\":1,\"name\":\"Hogar\",\"item\":\"https:\\\/\\\/zoo.org\\\/es\\\/\"},{\"@type\":\"ListItem\",\"position\":2,\"name\":\"Pastando en el zool\u00f3gico\"}]},{\"@type\":\"WebSite\",\"@id\":\"https:\\\/\\\/zoo.org\\\/es\\\/#website\",\"url\":\"https:\\\/\\\/zoo.org\\\/es\\\/\",\"name\":\"Zool\u00f3gico Woodland Park\",\"description\":\"El Zool\u00f3gico Woodland Park salva la vida silvestre e inspira a todos a hacer de la conservaci\u00f3n una prioridad en sus vidas.\",\"publisher\":{\"@id\":\"https:\\\/\\\/zoo.org\\\/es\\\/#organization\"},\"potentialAction\":[{\"@type\":\"SearchAction\",\"target\":{\"@type\":\"EntryPoint\",\"urlTemplate\":\"https:\\\/\\\/zoo.org\\\/es\\\/?s={search_term_string}\"},\"query-input\":{\"@type\":\"PropertyValueSpecification\",\"valueRequired\":true,\"valueName\":\"search_term_string\"}}],\"inLanguage\":\"es\"},{\"@type\":\"Organization\",\"@id\":\"https:\\\/\\\/zoo.org\\\/es\\\/#organization\",\"name\":\"Zool\u00f3gico Woodland Park\",\"url\":\"https:\\\/\\\/zoo.org\\\/es\\\/\",\"logo\":{\"@type\":\"ImageObject\",\"inLanguage\":\"es\",\"@id\":\"https:\\\/\\\/zoo.org\\\/es\\\/#\\\/schema\\\/logo\\\/image\\\/\",\"url\":\"https:\\\/\\\/zoo.org\\\/wp-content\\\/uploads\\\/2026\\\/01\\\/WPZ-Logo_white-SVG.svg?wsr\",\"contentUrl\":\"https:\\\/\\\/zoo.org\\\/wp-content\\\/uploads\\\/2026\\\/01\\\/WPZ-Logo_white-SVG.svg?wsr\",\"width\":288,\"height\":282,\"caption\":\"Zool\u00f3gico Woodland Park\"},\"image\":{\"@id\":\"https:\\\/\\\/zoo.org\\\/es\\\/#\\\/schema\\\/logo\\\/image\\\/\"}}]}<\/script>\n<!-- \/ Yoast SEO plugin. -->","yoast_head_json":{"title":"-","description":"Disfrute del lado salvaje de cenar en Grazing at the Zoo, una nueva serie de eventos de comida y bebida que combina deliciosos sabores con experiencias inmersivas en el zool\u00f3gico.","robots":{"index":"index","follow":"follow","max-snippet":"max-snippet:-1","max-image-preview":"max-image-preview:large","max-video-preview":"max-video-preview:-1"},"canonical":"https:\/\/zoo.org\/es\/pastando-en-el-zoologico\/","og_locale":"es_ES","og_type":"article","og_title":"-","og_description":"Disfrute del lado salvaje de cenar en Grazing at the Zoo, una nueva serie de eventos de comida y bebida que combina deliciosos sabores con experiencias inmersivas en el zool\u00f3gico.","og_url":"https:\/\/zoo.org\/es\/pastando-en-el-zoologico\/","og_site_name":"Zool\u00f3gico Woodland Park","article_modified_time":"2026-03-27T15:54:49+00:00","og_image":[{"width":800,"height":533,"url":"https:\/\/zoo.org\/wp-content\/uploads\/2025\/07\/Pappa-Bear-Brunch3.jpg?wsr","type":"image\/jpeg"}],"twitter_card":"summary_large_image","schema":{"@context":"https:\/\/schema.org","@graph":[{"@type":"WebPage","@id":"https:\/\/zoo.org\/es\/pastando-en-el-zoologico\/","url":"https:\/\/zoo.org\/es\/pastando-en-el-zoologico\/","name":"-","isPartOf":{"@id":"https:\/\/zoo.org\/es\/#website"},"primaryImageOfPage":{"@id":"https:\/\/zoo.org\/es\/pastando-en-el-zoologico\/#primaryimage"},"image":{"@id":"https:\/\/zoo.org\/es\/pastando-en-el-zoologico\/#primaryimage"},"thumbnailUrl":"https:\/\/zoo.org\/wp-content\/uploads\/2025\/07\/Pappa-Bear-Brunch3.jpg?wsr","datePublished":"2025-09-16T22:53:04+00:00","dateModified":"2026-03-27T15:54:49+00:00","description":"Disfrute del lado salvaje de cenar en Grazing at the Zoo, una nueva serie de eventos de comida y bebida que combina deliciosos sabores con experiencias inmersivas en el zool\u00f3gico.","breadcrumb":{"@id":"https:\/\/zoo.org\/es\/pastando-en-el-zoologico\/#breadcrumb"},"inLanguage":"es","potentialAction":[{"@type":"ReadAction","target":["https:\/\/zoo.org\/es\/pastando-en-el-zoologico\/"]}]},{"@type":"ImageObject","inLanguage":"es","@id":"https:\/\/zoo.org\/es\/pastando-en-el-zoologico\/#primaryimage","url":"https:\/\/zoo.org\/wp-content\/uploads\/2025\/07\/Pappa-Bear-Brunch3.jpg?wsr","contentUrl":"https:\/\/zoo.org\/wp-content\/uploads\/2025\/07\/Pappa-Bear-Brunch3.jpg?wsr","width":800,"height":533,"caption":"Una mesa de desayuno con caf\u00e9, jugo de naranja, un Bloody Mary y un plato de tocino, huevos y fruta est\u00e1 dispuesta al aire libre, con un oso pardo parado en el fondo cubierto de hierba."},{"@type":"BreadcrumbList","@id":"https:\/\/zoo.org\/es\/pastando-en-el-zoologico\/#breadcrumb","itemListElement":[{"@type":"ListItem","position":1,"name":"Hogar","item":"https:\/\/zoo.org\/es\/"},{"@type":"ListItem","position":2,"name":"Pastando en el zool\u00f3gico"}]},{"@type":"WebSite","@id":"https:\/\/zoo.org\/es\/#website","url":"https:\/\/zoo.org\/es\/","name":"Zool\u00f3gico Woodland Park","description":"El Zool\u00f3gico Woodland Park salva la vida silvestre e inspira a todos a hacer de la conservaci\u00f3n una prioridad en sus vidas.","publisher":{"@id":"https:\/\/zoo.org\/es\/#organization"},"potentialAction":[{"@type":"SearchAction","target":{"@type":"EntryPoint","urlTemplate":"https:\/\/zoo.org\/es\/?s={search_term_string}"},"query-input":{"@type":"PropertyValueSpecification","valueRequired":true,"valueName":"search_term_string"}}],"inLanguage":"es"},{"@type":"Organization","@id":"https:\/\/zoo.org\/es\/#organization","name":"Zool\u00f3gico Woodland Park","url":"https:\/\/zoo.org\/es\/","logo":{"@type":"ImageObject","inLanguage":"es","@id":"https:\/\/zoo.org\/es\/#\/schema\/logo\/image\/","url":"https:\/\/zoo.org\/wp-content\/uploads\/2026\/01\/WPZ-Logo_white-SVG.svg?wsr","contentUrl":"https:\/\/zoo.org\/wp-content\/uploads\/2026\/01\/WPZ-Logo_white-SVG.svg?wsr","width":288,"height":282,"caption":"Zool\u00f3gico Woodland Park"},"image":{"@id":"https:\/\/zoo.org\/es\/#\/schema\/logo\/image\/"}}]}},"taxonomy_info":[],"featured_image_src_large":["https:\/\/zoo.org\/wp-content\/uploads\/2025\/07\/Pappa-Bear-Brunch3.jpg?wsr",800,533,false],"author_info":{"display_name":"jloughlin","author_link":"https:\/\/zoo.org\/es\/author\/jloughlin\/"},"comment_info":0,"_links":{"self":[{"href":"https:\/\/zoo.org\/es\/wp-json\/wp\/v2\/pages\/10946","targetHints":{"allow":["GET"]}}],"collection":[{"href":"https:\/\/zoo.org\/es\/wp-json\/wp\/v2\/pages"}],"about":[{"href":"https:\/\/zoo.org\/es\/wp-json\/wp\/v2\/types\/page"}],"author":[{"embeddable":true,"href":"https:\/\/zoo.org\/es\/wp-json\/wp\/v2\/users\/1"}],"replies":[{"embeddable":true,"href":"https:\/\/zoo.org\/es\/wp-json\/wp\/v2\/comments?post=10946"}],"version-history":[{"count":0,"href":"https:\/\/zoo.org\/es\/wp-json\/wp\/v2\/pages\/10946\/revisions"}],"wp:featuredmedia":[{"embeddable":true,"href":"https:\/\/zoo.org\/es\/wp-json\/wp\/v2\/media\/10947"}],"wp:attachment":[{"href":"https:\/\/zoo.org\/es\/wp-json\/wp\/v2\/media?parent=10946"}],"curies":[{"name":"wp","href":"https:\/\/api.w.org\/{rel}","templated":true}]}}