{"id":11032,"date":"2025-09-17T10:58:53","date_gmt":"2025-09-17T17:58:53","guid":{"rendered":"https:\/\/zoo.org\/zoomersion\/"},"modified":"2026-02-02T16:55:35","modified_gmt":"2026-02-03T00:55:35","slug":"zoomersion","status":"publish","type":"page","link":"https:\/\/zoo.org\/es\/zoomersion\/","title":{"rendered":"Zoomersi\u00f3n"},"content":{"rendered":"\n<div class=\"wp-block-cover alignfull is-light hero\" style=\"margin-top:0;margin-bottom:0\"><img loading=\"lazy\" decoding=\"async\" width=\"1920\" height=\"400\" class=\"wp-block-cover__image-background wp-image-4968 size-full\" alt=\"\" src=\"https:\/\/zoo.org\/wp-content\/uploads\/2025\/09\/Zoomersion-VR-Header-Image.jpg\" data-object-fit=\"cover\" srcset=\"https:\/\/zoo.org\/wp-content\/uploads\/2025\/09\/Zoomersion-VR-Header-Image.jpg 1920w, https:\/\/zoo.org\/wp-content\/uploads\/2025\/09\/Zoomersion-VR-Header-Image-300x63.jpg 300w, https:\/\/zoo.org\/wp-content\/uploads\/2025\/09\/Zoomersion-VR-Header-Image-1024x213.jpg 1024w, https:\/\/zoo.org\/wp-content\/uploads\/2025\/09\/Zoomersion-VR-Header-Image-768x160.jpg 768w, https:\/\/zoo.org\/wp-content\/uploads\/2025\/09\/Zoomersion-VR-Header-Image-1536x320.jpg 1536w\" sizes=\"auto, (max-width: 1920px) 100vw, 1920px\" \/><span aria-hidden=\"true\" class=\"wp-block-cover__background has-background-dim-0 has-background-dim\" style=\"background-color:#aaadb4\"><\/span><div class=\"wp-block-cover__inner-container is-layout-constrained wp-block-cover-is-layout-constrained\">\n<p class=\"has-text-align-center has-large-font-size\"><\/p>\n<\/div><\/div>\n\n<div class=\"wp-block-group is-layout-constrained wp-block-group-is-layout-constrained\" style=\"margin-top:2em;margin-bottom:3em\">\n<h1 class=\"wp-block-heading has-text-align-center\" style=\"margin-top:0.65em;margin-bottom:0.275em\">Zoomersi\u00f3n<\/h1>\n\n\n\n<p class=\"has-text-align-center has-palette-color-3-color has-text-color has-link-color wp-elements-edc11349002c138f2663c8e9550338af\" style=\"margin-bottom:1em;font-size:clamp(0.984em, 0.984rem + ((1vw - 0.2em) * 0.645), 1.5em);font-style:normal;font-weight:500;line-height:1.5\"><strong>10:00 a. m. \u2013 3:00 p. m.<\/strong><\/p>\n<\/div>\n\n<div class=\"wp-block-group alignfull divider is-layout-constrained wp-block-group-is-layout-constrained\">\n<h2 class=\"wp-block-heading alignfull has-text-align-center\">Experiencia de realidad virtual<\/h2>\n<\/div>\n\n<h4 class=\"wp-block-heading\">\u00a1\u00danase a los realizadores de documentales ganadores del premio Emmy mientras lo llevan a un viaje incre\u00edble!<\/h4>\n\n<p><strong>Costo: $10 adem\u00e1s de la entrada al zool\u00f3gico; miembros $8<\/strong><\/p>\n\n<p>Prep\u00e1rate para una aventura virtual inolvidable que te transportar\u00e1 directamente a la acci\u00f3n de algunos de los momentos m\u00e1s salvajes del mundo. Estas experiencias ofrecen la combinaci\u00f3n perfecta de emoci\u00f3n, descubrimiento y aprendizaje. <\/p>\n\n<p><em>*Recomendaci\u00f3n de altura m\u00ednima: 35\u201d<\/em><\/p>\n\n<div class=\"wp-block-buttons is-content-justification-center is-layout-flex wp-container-core-buttons-is-layout-48d0e691 wp-block-buttons-is-layout-flex\" style=\"margin-top:var(--wp--preset--spacing--60);margin-bottom:var(--wp--preset--spacing--60)\">\n<div class=\"wp-block-button\"><a class=\"wp-block-button__link wp-element-button\" href=\"https:\/\/tickets.zoo.org\/events\/01965edf-144e-5e67-55f2-eaf515cb7d86?_gl=1*x5lwuy*_gcl_au*OTAxMDA5NDIuMTc1MjU5NTk2Nw..\" target=\"_blank\" rel=\"noreferrer noopener\">COMPRAR ENTRADAS<\/a><\/div>\n<\/div>\n\n<div class=\"wp-block-group alignfull divider is-layout-constrained wp-block-group-is-layout-constrained\">\n<h2 class=\"wp-block-heading alignfull has-text-align-center\">Ahora en reproducci\u00f3n<\/h2>\n<\/div>\n\n<div class=\"wp-block-group is-layout-constrained wp-block-group-is-layout-constrained\"><style>.kt-sc4967_9fbb6a-50 .kt-sc-imgcol, .kt-sc4967_9fbb6a-50 .kt-sc-textcol{min-height:245px;}.kt-sc4967_9fbb6a-50 .kt-sc-imgcol{background-size:cover;background-image:url(https:\/\/zoo.org\/wp-content\/uploads\/2025\/09\/SHARK-DIVE-ENGLISH-EMAIL-INSET-IMAGE-800x533-web.jpg);}.kt-sc4967_9fbb6a-50 .kt-sc-textcol{padding-top:1em;padding-right:1.5em;padding-bottom:1em;padding-left:1.5em;}@media all and (max-width: 767px){.kt-sc4967_9fbb6a-50 .kt-sc-imgcol, .kt-sc4967_9fbb6a-50 .kt-sc-textcol{min-height:275px;}}<\/style>\n<div class=\"aligncenter kt-sc4967_9fbb6a-50 wp-block-kadence-splitcontent\"><div class=\"kt-split-content-wrap kt-sc-media-side-left\" style=\"grid-template-columns:32% auto\"><div class=\"kt-sc-imgcol kt-sc-imgcol-bg-cover kt-sc-img-side-left\"><\/div><div class=\"kt-sc-textcol kt-sc-text-valign-center kt-sc-text-halign-left\" style=\"background-color:var(--theme-palette-color-17, #E6E6E6)\"><div class=\"kt-sc-innter-col\">\n<h3 class=\"wp-block-heading\">Buceo con tiburones<\/h3>\n\n\n\n<p>Experimente los intrincados comportamientos de los tiburones tigre y martillo m\u00e1s cerca que nunca en esta impresionante aventura en las aguas cristalinas de las Bahamas.<\/p>\n<\/div><\/div><\/div><\/div>\n<\/div>\n\n<div class=\"wp-block-group is-layout-constrained wp-block-group-is-layout-constrained\"><style>.kt-sc4967_5dd99a-d0 .kt-sc-imgcol, .kt-sc4967_5dd99a-d0 .kt-sc-textcol{min-height:345px;}.kt-sc4967_5dd99a-d0 .kt-sc-imgcol{background-size:cover;background-image:url(https:\/\/zoo.org\/wp-content\/uploads\/2025\/09\/THE-GREAT-MIGRATION-ENGLISH-EMAIL-INSET-IMAGE-800x533-1.jpg);}.kt-sc4967_5dd99a-d0 .kt-sc-textcol{padding-top:1em;padding-right:1.5em;padding-bottom:1em;padding-left:1.5em;}@media all and (max-width: 767px){.kt-sc4967_5dd99a-d0 .kt-sc-imgcol, .kt-sc4967_5dd99a-d0 .kt-sc-textcol{min-height:275px;}}<\/style>\n<div class=\"aligncenter kt-sc4967_5dd99a-d0 wp-block-kadence-splitcontent\"><div class=\"kt-split-content-wrap kt-sc-media-side-left\" style=\"grid-template-columns:32% auto\"><div class=\"kt-sc-imgcol kt-sc-imgcol-bg-cover kt-sc-img-side-left\"><\/div><div class=\"kt-sc-textcol kt-sc-text-valign-center kt-sc-text-halign-left\" style=\"background-color:var(--theme-palette-color-17, #E6E6E6)\"><div class=\"kt-sc-innter-col\">\n<h3 class=\"wp-block-heading\">La Gran Migraci\u00f3n<\/h3>\n\n\n\n<p>Cada a\u00f1o, millones de \u00f1us, cebras y ant\u00edlopes recorren las amplias praderas del este de \u00c1frica en un recorrido circular continuo en busca de pastos frescos y agua, deteni\u00e9ndose s\u00f3lo unos meses cuando las hembras est\u00e1n dando a luz.<\/p>\n\n\n\n<p>En el camino, cientos de miles de miembros de la manada caen presa de depredadores acechantes, incluidos leones, cocodrilos, guepardos y hienas.<\/p>\n<\/div><\/div><\/div><\/div>\n<\/div>\n\n<div class=\"wp-block-group is-layout-constrained wp-block-group-is-layout-constrained\"><style>.kt-sc4967_3f97c4-ce .kt-sc-imgcol, .kt-sc4967_3f97c4-ce .kt-sc-textcol{min-height:345px;}.kt-sc4967_3f97c4-ce .kt-sc-imgcol{background-size:cover;background-image:url(https:\/\/zoo.org\/wp-content\/uploads\/2025\/09\/DINOSAUR-EVOLUTION-ENGLISH-EMAIL-800-533.jpg);}.kt-sc4967_3f97c4-ce .kt-sc-textcol{padding-top:1em;padding-right:1.5em;padding-bottom:1em;padding-left:1.5em;}@media all and (max-width: 767px){.kt-sc4967_3f97c4-ce .kt-sc-imgcol, .kt-sc4967_3f97c4-ce .kt-sc-textcol{min-height:275px;}}<\/style>\n<div class=\"aligncenter kt-sc4967_3f97c4-ce wp-block-kadence-splitcontent\"><div class=\"kt-split-content-wrap kt-sc-media-side-left\" style=\"grid-template-columns:32% auto\"><div class=\"kt-sc-imgcol kt-sc-imgcol-bg-cover kt-sc-img-side-left\"><\/div><div class=\"kt-sc-textcol kt-sc-text-valign-center kt-sc-text-halign-left\" style=\"background-color:var(--theme-palette-color-17, #E6E6E6)\"><div class=\"kt-sc-innter-col\">\n<h3 class=\"wp-block-heading\">Evoluci\u00f3n de los dinosaurios<\/h3>\n\n\n\n<p>Retrocede 66 millones de a\u00f1os y viaja a trav\u00e9s del cap\u00edtulo final de la era de los dinosaurios en Dinosaur Evolution, una emocionante experiencia inmersiva que da vida al mundo Cret\u00e1cico. Observa a las aves rapaces emplumadas cazando, a los gigantes acorazados defendiendo su territorio y al poderoso T. rex en la cima de la cadena alimentaria. Pero ni siquiera estas criaturas perfectamente evolucionadas pudieron escapar de la extinci\u00f3n m\u00e1s devastadora de la Tierra. Impresionantes im\u00e1genes y ciencia de vanguardia revelan c\u00f3mo la evoluci\u00f3n molde\u00f3 a los dinosaurios y c\u00f3mo las aves, sus descendientes modernos, contin\u00faan su legado. Es una aventura prehist\u00f3rica que inspirar\u00e1 a la pr\u00f3xima generaci\u00f3n de paleont\u00f3logos y conservacionistas.    <\/p>\n<\/div><\/div><\/div><\/div>\n<\/div>\n\n<div class=\"wp-block-group is-layout-constrained wp-block-group-is-layout-constrained\"><style>.kt-sc4967_5bde42-ca .kt-sc-imgcol, .kt-sc4967_5bde42-ca .kt-sc-textcol{min-height:345px;}.kt-sc4967_5bde42-ca .kt-sc-imgcol{background-size:cover;background-image:url(https:\/\/zoo.org\/wp-content\/uploads\/2025\/09\/GORILLA-TREK-ENGLISH-DIGITAL-SCREEN-800x533-1.jpg);}.kt-sc4967_5bde42-ca .kt-sc-textcol{padding-top:1em;padding-right:1.5em;padding-bottom:1em;padding-left:1.5em;}@media all and (max-width: 767px){.kt-sc4967_5bde42-ca .kt-sc-imgcol, .kt-sc4967_5bde42-ca .kt-sc-textcol{min-height:275px;}}<\/style>\n<div class=\"aligncenter kt-sc4967_5bde42-ca wp-block-kadence-splitcontent\"><div class=\"kt-split-content-wrap kt-sc-media-side-left\" style=\"grid-template-columns:32% auto\"><div class=\"kt-sc-imgcol kt-sc-imgcol-bg-cover kt-sc-img-side-left\"><\/div><div class=\"kt-sc-textcol kt-sc-text-valign-center kt-sc-text-halign-left\" style=\"background-color:var(--theme-palette-color-17, #E6E6E6)\"><div class=\"kt-sc-innter-col\">\n<h3 class=\"wp-block-heading\">Gorilla Trek<\/h3>\n\n\n\n<p>Viaje a los volcanes extintos de Ruanda, en \u00c1frica central. Acompa\u00f1e a la primat\u00f3loga de renombre mundial, la Dra. Tara Stoinski, directora ejecutiva del Fondo Dian Fossey para Gorilas, a una caminata de 3.000 metros de altura para visitar a una extraordinaria familia de gorilas de monta\u00f1a. Presencie por primera vez en realidad virtual 3D la singular din\u00e1mica familiar que enfrenta a un gorila de monta\u00f1a de espalda plateada contra otro por el control de la familia. Quedan poco m\u00e1s de mil gorilas de monta\u00f1a en el mundo y es fundamental estudiar el comportamiento de estos asombrosos animales para ayudar a salvarlos de la extinci\u00f3n.   <\/p>\n<\/div><\/div><\/div><\/div>\n<\/div>\n","protected":false},"excerpt":{"rendered":"<p>Zoomersi\u00f3n 10:00 a. m. \u2013 3:00 p. m. Experiencia de realidad virtual \u00a1\u00danase a los realizadores de documentales ganadores del premio Emmy mientras lo llevan a un viaje incre\u00edble! Costo: [&hellip;]<\/p>\n","protected":false},"author":1,"featured_media":11033,"parent":0,"menu_order":0,"comment_status":"closed","ping_status":"closed","template":"","meta":{"_acf_changed":false,"_kad_blocks_custom_css":"","_kad_blocks_head_custom_js":"","_kad_blocks_body_custom_js":"","_kad_blocks_footer_custom_js":"","footnotes":""},"class_list":["post-11032","page","type-page","status-publish","has-post-thumbnail","hentry"],"blocksy_meta":[],"acf":[],"yoast_head":"<!-- This site is optimized with the Yoast SEO plugin v27.4 - https:\/\/yoast.com\/product\/yoast-seo-wordpress\/ -->\n<title>-<\/title>\n<meta name=\"description\" content=\"Zoomersion es la experiencia cinematogr\u00e1fica de inmersi\u00f3n en la vida salvaje de Immotion, \u201cLa Gran Migraci\u00f3n\u201d, un viaje y espect\u00e1culo \u00e9pico de vida salvaje.\" \/>\n<meta name=\"robots\" content=\"index, follow, max-snippet:-1, max-image-preview:large, max-video-preview:-1\" \/>\n<link rel=\"canonical\" href=\"https:\/\/zoo.org\/es\/zoomersion\/\" \/>\n<meta property=\"og:locale\" content=\"es_ES\" \/>\n<meta property=\"og:type\" content=\"article\" \/>\n<meta property=\"og:title\" content=\"-\" \/>\n<meta property=\"og:description\" content=\"Zoomersion es la experiencia cinematogr\u00e1fica de inmersi\u00f3n en la vida salvaje de Immotion, \u201cLa Gran Migraci\u00f3n\u201d, un viaje y espect\u00e1culo \u00e9pico de vida salvaje.\" \/>\n<meta property=\"og:url\" content=\"https:\/\/zoo.org\/es\/zoomersion\/\" \/>\n<meta property=\"og:site_name\" content=\"Zool\u00f3gico Woodland Park\" \/>\n<meta property=\"article:modified_time\" content=\"2026-02-03T00:55:35+00:00\" \/>\n<meta property=\"og:image\" content=\"https:\/\/zoo.org\/wp-content\/uploads\/2025\/09\/THE-GREAT-MIGRATION-ENGLISH-EMAIL-INSET-IMAGE-800x533-1.jpg?wsr\" \/>\n\t<meta property=\"og:image:width\" content=\"800\" \/>\n\t<meta property=\"og:image:height\" content=\"533\" \/>\n\t<meta property=\"og:image:type\" content=\"image\/jpeg\" \/>\n<meta name=\"twitter:card\" content=\"summary_large_image\" \/>\n<script type=\"application\/ld+json\" class=\"yoast-schema-graph\">{\"@context\":\"https:\\\/\\\/schema.org\",\"@graph\":[{\"@type\":\"WebPage\",\"@id\":\"https:\\\/\\\/zoo.org\\\/es\\\/zoomersion\\\/\",\"url\":\"https:\\\/\\\/zoo.org\\\/es\\\/zoomersion\\\/\",\"name\":\"-\",\"isPartOf\":{\"@id\":\"https:\\\/\\\/zoo.org\\\/es\\\/#website\"},\"primaryImageOfPage\":{\"@id\":\"https:\\\/\\\/zoo.org\\\/es\\\/zoomersion\\\/#primaryimage\"},\"image\":{\"@id\":\"https:\\\/\\\/zoo.org\\\/es\\\/zoomersion\\\/#primaryimage\"},\"thumbnailUrl\":\"https:\\\/\\\/zoo.org\\\/wp-content\\\/uploads\\\/2025\\\/09\\\/THE-GREAT-MIGRATION-ENGLISH-EMAIL-INSET-IMAGE-800x533-1.jpg?wsr\",\"datePublished\":\"2025-09-17T17:58:53+00:00\",\"dateModified\":\"2026-02-03T00:55:35+00:00\",\"description\":\"Zoomersion es la experiencia cinematogr\u00e1fica de inmersi\u00f3n en la vida salvaje de Immotion, \u201cLa Gran Migraci\u00f3n\u201d, un viaje y espect\u00e1culo \u00e9pico de vida salvaje.\",\"breadcrumb\":{\"@id\":\"https:\\\/\\\/zoo.org\\\/es\\\/zoomersion\\\/#breadcrumb\"},\"inLanguage\":\"es\",\"potentialAction\":[{\"@type\":\"ReadAction\",\"target\":[\"https:\\\/\\\/zoo.org\\\/es\\\/zoomersion\\\/\"]}]},{\"@type\":\"ImageObject\",\"inLanguage\":\"es\",\"@id\":\"https:\\\/\\\/zoo.org\\\/es\\\/zoomersion\\\/#primaryimage\",\"url\":\"https:\\\/\\\/zoo.org\\\/wp-content\\\/uploads\\\/2025\\\/09\\\/THE-GREAT-MIGRATION-ENGLISH-EMAIL-INSET-IMAGE-800x533-1.jpg?wsr\",\"contentUrl\":\"https:\\\/\\\/zoo.org\\\/wp-content\\\/uploads\\\/2025\\\/09\\\/THE-GREAT-MIGRATION-ENGLISH-EMAIL-INSET-IMAGE-800x533-1.jpg?wsr\",\"width\":800,\"height\":533,\"caption\":\"Un grupo de animales africanos, entre ellos un le\u00f3n, jirafas, un rinoceronte, una cebra y un ant\u00edlope, se re\u00fanen con un \u00f1u gigante al fondo y un \u00e1rbol de la sabana al atardecer. El texto dice \u00abLa Gran Migraci\u00f3n\u00bb.\"},{\"@type\":\"BreadcrumbList\",\"@id\":\"https:\\\/\\\/zoo.org\\\/es\\\/zoomersion\\\/#breadcrumb\",\"itemListElement\":[{\"@type\":\"ListItem\",\"position\":1,\"name\":\"Hogar\",\"item\":\"https:\\\/\\\/zoo.org\\\/es\\\/\"},{\"@type\":\"ListItem\",\"position\":2,\"name\":\"Zoomersi\u00f3n\"}]},{\"@type\":\"WebSite\",\"@id\":\"https:\\\/\\\/zoo.org\\\/es\\\/#website\",\"url\":\"https:\\\/\\\/zoo.org\\\/es\\\/\",\"name\":\"Zool\u00f3gico Woodland Park\",\"description\":\"El Zool\u00f3gico Woodland Park salva la vida silvestre e inspira a todos a hacer de la conservaci\u00f3n una prioridad en sus vidas.\",\"publisher\":{\"@id\":\"https:\\\/\\\/zoo.org\\\/es\\\/#organization\"},\"potentialAction\":[{\"@type\":\"SearchAction\",\"target\":{\"@type\":\"EntryPoint\",\"urlTemplate\":\"https:\\\/\\\/zoo.org\\\/es\\\/?s={search_term_string}\"},\"query-input\":{\"@type\":\"PropertyValueSpecification\",\"valueRequired\":true,\"valueName\":\"search_term_string\"}}],\"inLanguage\":\"es\"},{\"@type\":\"Organization\",\"@id\":\"https:\\\/\\\/zoo.org\\\/es\\\/#organization\",\"name\":\"Zool\u00f3gico Woodland Park\",\"url\":\"https:\\\/\\\/zoo.org\\\/es\\\/\",\"logo\":{\"@type\":\"ImageObject\",\"inLanguage\":\"es\",\"@id\":\"https:\\\/\\\/zoo.org\\\/es\\\/#\\\/schema\\\/logo\\\/image\\\/\",\"url\":\"https:\\\/\\\/zoo.org\\\/wp-content\\\/uploads\\\/2026\\\/01\\\/WPZ-Logo_white-SVG.svg?wsr\",\"contentUrl\":\"https:\\\/\\\/zoo.org\\\/wp-content\\\/uploads\\\/2026\\\/01\\\/WPZ-Logo_white-SVG.svg?wsr\",\"width\":288,\"height\":282,\"caption\":\"Zool\u00f3gico Woodland Park\"},\"image\":{\"@id\":\"https:\\\/\\\/zoo.org\\\/es\\\/#\\\/schema\\\/logo\\\/image\\\/\"}}]}<\/script>\n<!-- \/ Yoast SEO plugin. -->","yoast_head_json":{"title":"-","description":"Zoomersion es la experiencia cinematogr\u00e1fica de inmersi\u00f3n en la vida salvaje de Immotion, \u201cLa Gran Migraci\u00f3n\u201d, un viaje y espect\u00e1culo \u00e9pico de vida salvaje.","robots":{"index":"index","follow":"follow","max-snippet":"max-snippet:-1","max-image-preview":"max-image-preview:large","max-video-preview":"max-video-preview:-1"},"canonical":"https:\/\/zoo.org\/es\/zoomersion\/","og_locale":"es_ES","og_type":"article","og_title":"-","og_description":"Zoomersion es la experiencia cinematogr\u00e1fica de inmersi\u00f3n en la vida salvaje de Immotion, \u201cLa Gran Migraci\u00f3n\u201d, un viaje y espect\u00e1culo \u00e9pico de vida salvaje.","og_url":"https:\/\/zoo.org\/es\/zoomersion\/","og_site_name":"Zool\u00f3gico Woodland Park","article_modified_time":"2026-02-03T00:55:35+00:00","og_image":[{"width":800,"height":533,"url":"https:\/\/zoo.org\/wp-content\/uploads\/2025\/09\/THE-GREAT-MIGRATION-ENGLISH-EMAIL-INSET-IMAGE-800x533-1.jpg?wsr","type":"image\/jpeg"}],"twitter_card":"summary_large_image","schema":{"@context":"https:\/\/schema.org","@graph":[{"@type":"WebPage","@id":"https:\/\/zoo.org\/es\/zoomersion\/","url":"https:\/\/zoo.org\/es\/zoomersion\/","name":"-","isPartOf":{"@id":"https:\/\/zoo.org\/es\/#website"},"primaryImageOfPage":{"@id":"https:\/\/zoo.org\/es\/zoomersion\/#primaryimage"},"image":{"@id":"https:\/\/zoo.org\/es\/zoomersion\/#primaryimage"},"thumbnailUrl":"https:\/\/zoo.org\/wp-content\/uploads\/2025\/09\/THE-GREAT-MIGRATION-ENGLISH-EMAIL-INSET-IMAGE-800x533-1.jpg?wsr","datePublished":"2025-09-17T17:58:53+00:00","dateModified":"2026-02-03T00:55:35+00:00","description":"Zoomersion es la experiencia cinematogr\u00e1fica de inmersi\u00f3n en la vida salvaje de Immotion, \u201cLa Gran Migraci\u00f3n\u201d, un viaje y espect\u00e1culo \u00e9pico de vida salvaje.","breadcrumb":{"@id":"https:\/\/zoo.org\/es\/zoomersion\/#breadcrumb"},"inLanguage":"es","potentialAction":[{"@type":"ReadAction","target":["https:\/\/zoo.org\/es\/zoomersion\/"]}]},{"@type":"ImageObject","inLanguage":"es","@id":"https:\/\/zoo.org\/es\/zoomersion\/#primaryimage","url":"https:\/\/zoo.org\/wp-content\/uploads\/2025\/09\/THE-GREAT-MIGRATION-ENGLISH-EMAIL-INSET-IMAGE-800x533-1.jpg?wsr","contentUrl":"https:\/\/zoo.org\/wp-content\/uploads\/2025\/09\/THE-GREAT-MIGRATION-ENGLISH-EMAIL-INSET-IMAGE-800x533-1.jpg?wsr","width":800,"height":533,"caption":"Un grupo de animales africanos, entre ellos un le\u00f3n, jirafas, un rinoceronte, una cebra y un ant\u00edlope, se re\u00fanen con un \u00f1u gigante al fondo y un \u00e1rbol de la sabana al atardecer. El texto dice \u00abLa Gran Migraci\u00f3n\u00bb."},{"@type":"BreadcrumbList","@id":"https:\/\/zoo.org\/es\/zoomersion\/#breadcrumb","itemListElement":[{"@type":"ListItem","position":1,"name":"Hogar","item":"https:\/\/zoo.org\/es\/"},{"@type":"ListItem","position":2,"name":"Zoomersi\u00f3n"}]},{"@type":"WebSite","@id":"https:\/\/zoo.org\/es\/#website","url":"https:\/\/zoo.org\/es\/","name":"Zool\u00f3gico Woodland Park","description":"El Zool\u00f3gico Woodland Park salva la vida silvestre e inspira a todos a hacer de la conservaci\u00f3n una prioridad en sus vidas.","publisher":{"@id":"https:\/\/zoo.org\/es\/#organization"},"potentialAction":[{"@type":"SearchAction","target":{"@type":"EntryPoint","urlTemplate":"https:\/\/zoo.org\/es\/?s={search_term_string}"},"query-input":{"@type":"PropertyValueSpecification","valueRequired":true,"valueName":"search_term_string"}}],"inLanguage":"es"},{"@type":"Organization","@id":"https:\/\/zoo.org\/es\/#organization","name":"Zool\u00f3gico Woodland Park","url":"https:\/\/zoo.org\/es\/","logo":{"@type":"ImageObject","inLanguage":"es","@id":"https:\/\/zoo.org\/es\/#\/schema\/logo\/image\/","url":"https:\/\/zoo.org\/wp-content\/uploads\/2026\/01\/WPZ-Logo_white-SVG.svg?wsr","contentUrl":"https:\/\/zoo.org\/wp-content\/uploads\/2026\/01\/WPZ-Logo_white-SVG.svg?wsr","width":288,"height":282,"caption":"Zool\u00f3gico Woodland Park"},"image":{"@id":"https:\/\/zoo.org\/es\/#\/schema\/logo\/image\/"}}]}},"taxonomy_info":[],"featured_image_src_large":["https:\/\/zoo.org\/wp-content\/uploads\/2025\/09\/THE-GREAT-MIGRATION-ENGLISH-EMAIL-INSET-IMAGE-800x533-1.jpg?wsr",800,533,false],"author_info":{"display_name":"jloughlin","author_link":"https:\/\/zoo.org\/es\/author\/jloughlin\/"},"comment_info":0,"_links":{"self":[{"href":"https:\/\/zoo.org\/es\/wp-json\/wp\/v2\/pages\/11032","targetHints":{"allow":["GET"]}}],"collection":[{"href":"https:\/\/zoo.org\/es\/wp-json\/wp\/v2\/pages"}],"about":[{"href":"https:\/\/zoo.org\/es\/wp-json\/wp\/v2\/types\/page"}],"author":[{"embeddable":true,"href":"https:\/\/zoo.org\/es\/wp-json\/wp\/v2\/users\/1"}],"replies":[{"embeddable":true,"href":"https:\/\/zoo.org\/es\/wp-json\/wp\/v2\/comments?post=11032"}],"version-history":[{"count":0,"href":"https:\/\/zoo.org\/es\/wp-json\/wp\/v2\/pages\/11032\/revisions"}],"wp:featuredmedia":[{"embeddable":true,"href":"https:\/\/zoo.org\/es\/wp-json\/wp\/v2\/media\/11033"}],"wp:attachment":[{"href":"https:\/\/zoo.org\/es\/wp-json\/wp\/v2\/media?parent=11032"}],"curies":[{"name":"wp","href":"https:\/\/api.w.org\/{rel}","templated":true}]}}