{"id":11035,"date":"2025-09-17T11:28:21","date_gmt":"2025-09-17T18:28:21","guid":{"rendered":"https:\/\/zoo.org\/un-encuentro-con-la-naturaleza\/"},"modified":"2026-03-16T09:07:54","modified_gmt":"2026-03-16T16:07:54","slug":"un-encuentro-con-la-naturaleza","status":"publish","type":"page","link":"https:\/\/zoo.org\/es\/un-encuentro-con-la-naturaleza\/","title":{"rendered":"Un encuentro con la naturaleza"},"content":{"rendered":"\n<div class=\"wp-block-cover alignfull is-light hero\" style=\"margin-top:0;margin-bottom:0\"><img loading=\"lazy\" decoding=\"async\" width=\"1920\" height=\"400\" class=\"wp-block-cover__image-background wp-image-2523 size-full\" alt=\"\" src=\"https:\/\/zoo.org\/wp-content\/uploads\/2025\/07\/Brush-with-Nature-header-image4.jpg\" data-object-fit=\"cover\" srcset=\"https:\/\/zoo.org\/wp-content\/uploads\/2025\/07\/Brush-with-Nature-header-image4.jpg 1920w, https:\/\/zoo.org\/wp-content\/uploads\/2025\/07\/Brush-with-Nature-header-image4-300x63.jpg 300w, https:\/\/zoo.org\/wp-content\/uploads\/2025\/07\/Brush-with-Nature-header-image4-1024x213.jpg 1024w, https:\/\/zoo.org\/wp-content\/uploads\/2025\/07\/Brush-with-Nature-header-image4-150x31.jpg 150w, https:\/\/zoo.org\/wp-content\/uploads\/2025\/07\/Brush-with-Nature-header-image4-768x160.jpg 768w, https:\/\/zoo.org\/wp-content\/uploads\/2025\/07\/Brush-with-Nature-header-image4-1536x320.jpg 1536w\" sizes=\"auto, (max-width: 1920px) 100vw, 1920px\" \/><span aria-hidden=\"true\" class=\"wp-block-cover__background has-background-dim-0 has-background-dim\" style=\"background-color:#b76f63\"><\/span><div class=\"wp-block-cover__inner-container is-layout-constrained wp-block-cover-is-layout-constrained\">\n<p class=\"has-text-align-center has-large-font-size\"><\/p>\n<\/div><\/div>\n\n<div class=\"wp-block-group is-layout-constrained wp-block-group-is-layout-constrained\" style=\"margin-top:2em;margin-bottom:3em\">\n<h1 class=\"wp-block-heading has-text-align-center\" style=\"margin-top:0.65em;margin-bottom:0.275em\">UN ROCE CON LA NATURALEZA<\/h1>\n<\/div>\n\n<div class=\"wp-block-group alignfull divider is-layout-constrained wp-block-group-is-layout-constrained\">\n<h2 class=\"wp-block-heading alignfull has-text-align-center\">Libera a tu artista interior<\/h2>\n<\/div>\n\n<h3 class=\"wp-block-heading\">Una serie de arte \u00fanica<\/h3>\n\n<h4 class=\"wp-block-heading\">Combinando la creatividad con la belleza del mundo natural.<\/h4>\n\n<p>Un Pincel con la Naturaleza invita a artistas de todos los niveles a dar rienda suelta a su creatividad rodeados de impresionantes paisajes en lugares emblem\u00e1ticos del Zool\u00f3gico Woodland Park. Esta singular serie art\u00edstica combina creatividad y conservaci\u00f3n, ofreciendo experiencias creativas guiadas a trav\u00e9s de clases para toda la familia y sesiones especiales para mayores de 21 a\u00f1os dise\u00f1adas exclusivamente para adultos. Desde principiantes hasta artistas emergentes, hay algo para todos. Celebra la vida silvestre a trav\u00e9s del arte y vive el zool\u00f3gico de una forma completamente nueva.   <\/p>\n\n<div class=\"wp-block-group is-layout-constrained wp-block-group-is-layout-constrained\" style=\"margin-top:var(--wp--preset--spacing--60)\"><style>.kt-sc4977_fff1c5-d6 .kt-sc-imgcol, .kt-sc4977_fff1c5-d6 .kt-sc-textcol{min-height:345px;}.kt-sc4977_fff1c5-d6 .kt-sc-imgcol{background-size:cover;background-image:url(https:\/\/zoo.org\/wp-content\/uploads\/2025\/07\/Brush-with-Nature-painting-web.jpg);}.kt-sc4977_fff1c5-d6 .kt-sc-textcol{padding-top:1em;padding-right:1.5em;padding-bottom:1em;padding-left:1.5em;}@media all and (max-width: 767px){.kt-sc4977_fff1c5-d6 .kt-sc-imgcol, .kt-sc4977_fff1c5-d6 .kt-sc-textcol{min-height:275px;}}<\/style>\n<div class=\"aligncenter kt-sc4977_fff1c5-d6 wp-block-kadence-splitcontent\"><div class=\"kt-split-content-wrap kt-sc-media-side-left\" style=\"grid-template-columns:32% auto\"><div class=\"kt-sc-imgcol kt-sc-imgcol-bg-cover kt-sc-img-side-left\"><\/div><div class=\"kt-sc-textcol kt-sc-text-valign-center kt-sc-text-halign-left\" style=\"background-color:var(--theme-palette-color-17, #E6E6E6)\"><div class=\"kt-sc-innter-col\">\n<h3 class=\"wp-block-heading\">Informaci\u00f3n de entradas<\/h3>\n\n\n\n<p><strong>\u00bfYa sabes qu\u00e9 sesi\u00f3n quieres? \u00a1Compra tus entradas ya! <\/strong><\/p>\n\n\n\n<div class=\"wp-block-buttons is-layout-flex wp-block-buttons-is-layout-flex\" style=\"margin-top:var(--wp--preset--spacing--50);margin-bottom:var(--wp--preset--spacing--50)\">\n<div class=\"wp-block-button\"><a class=\"wp-block-button__link wp-element-button\" href=\"https:\/\/tickets.zoo.org\/events\/019572ef-4268-3e7a-84ce-7205b7492301\" target=\"_blank\" rel=\"noreferrer noopener\">COMPRAR ENTRADAS<\/a><\/div>\n\n\n\n<div class=\"wp-block-button\"><a class=\"wp-block-button__link wp-element-button\" href=\"https:\/\/tickets.zoo.org\/events\/446bde91-bbc4-ab89-4c44-8d62736868c0\" target=\"_blank\" rel=\"noreferrer noopener\">Compra entradas para mayores de 21 a\u00f1os.<\/a><\/div>\n<\/div>\n\n\n\n<p><em>La reprogramaci\u00f3n de entradas debe realizarse dos semanas antes del evento programado. No se realizan reembolsos. Si el zool\u00f3gico cancela un evento, emitiremos reembolsos o reprogramaremos las entradas.  <\/em><\/p>\n<\/div><\/div><\/div><\/div>\n<\/div>\n\n<div class=\"wp-block-group is-layout-constrained wp-block-group-is-layout-constrained\"><style>.kt-sc4977_590737-f7 .kt-sc-imgcol, .kt-sc4977_590737-f7 .kt-sc-textcol{min-height:345px;}.kt-sc4977_590737-f7 .kt-sc-imgcol{background-size:cover;background-image:url(https:\/\/zoo.org\/wp-content\/uploads\/2025\/07\/Brush-with-Nature-2025-7-web.jpg);}.kt-sc4977_590737-f7 .kt-sc-textcol{padding-top:1em;padding-right:1.5em;padding-bottom:1em;padding-left:1.5em;}@media all and (max-width: 767px){.kt-sc4977_590737-f7 .kt-sc-imgcol, .kt-sc4977_590737-f7 .kt-sc-textcol{min-height:275px;}}<\/style>\n<div class=\"aligncenter kt-sc4977_590737-f7 wp-block-kadence-splitcontent\"><div class=\"kt-split-content-wrap kt-sc-media-side-left\" style=\"grid-template-columns:32% auto\"><div class=\"kt-sc-imgcol kt-sc-imgcol-bg-cover kt-sc-img-side-left\"><\/div><div class=\"kt-sc-textcol kt-sc-text-valign-center kt-sc-text-halign-left\" style=\"background-color:var(--theme-palette-color-17, #E6E6E6)\"><div class=\"kt-sc-innter-col\">\n<h3 class=\"wp-block-heading\">Conozca a los artistas<\/h3>\n\n\n\n<p><strong>El tema de la pintura cambiar\u00e1 con cada evento, centr\u00e1ndose en temas del zool\u00f3gico o de la naturaleza.<\/strong><\/p>\n\n\n\n<p>Conozca m\u00e1s sobre los artistas y explore las sesiones disponibles. Todas las sesiones en el zool\u00f3gico se realizar\u00e1n en \u00e1reas cubiertas. <\/p>\n\n\n\n<div class=\"wp-block-buttons is-layout-flex wp-block-buttons-is-layout-flex\">\n<div class=\"wp-block-button\"><a class=\"wp-block-button__link wp-element-button\" href=\"https:\/\/zoo.org\/es\/un-encuentro-con-la-naturaleza\/conoce-a-los-artistas\/\">Ver sesiones<\/a><\/div>\n<\/div>\n<\/div><\/div><\/div><\/div>\n<\/div>\n\n<div class=\"wp-block-group alignfull divider is-layout-constrained wp-block-group-is-layout-constrained\">\n<h2 class=\"wp-block-heading alignfull has-text-align-center\">DETALLES DEL EVENTO<\/h2>\n<\/div>\n\n<div class=\"wp-block-columns is-layout-flex wp-container-core-columns-is-layout-bd8107d2 wp-block-columns-is-layout-flex\" style=\"margin-top:2.5em;margin-bottom:2.5em\">\n<div class=\"wp-block-column has-palette-color-17-background-color has-background is-layout-flow wp-container-core-column-is-layout-492b06a7 wp-block-column-is-layout-flow\" style=\"padding-top:25px;padding-right:25px;padding-bottom:25px;padding-left:25px\">\n<h4 class=\"wp-block-heading has-text-align-center\" style=\"margin-bottom:1em\">Entradas para todas las edades de $75 a $85<\/h4>\n\n\n\n<p class=\"has-text-align-center\" style=\"margin-top:0;margin-bottom:0\"><em>El precio var\u00eda seg\u00fan la sesi\u00f3n (incluye tarifas)<\/em><\/p>\n<\/div>\n\n\n\n<div class=\"wp-block-column has-palette-color-17-background-color has-background is-layout-flow wp-container-core-column-is-layout-492b06a7 wp-block-column-is-layout-flow\" style=\"padding-top:25px;padding-right:25px;padding-bottom:25px;padding-left:25px\">\n<h4 class=\"wp-block-heading has-text-align-center\" style=\"margin-bottom:1em\">Entradas para mayores de 21 a\u00f1os: $75 &#8211; $85<\/h4>\n\n\n\n<p class=\"has-text-align-center\" style=\"margin-top:0;margin-bottom:0\"><em>El precio var\u00eda seg\u00fan la sesi\u00f3n (incluye tarifas)<\/em><\/p>\n<\/div>\n<\/div>\n\n<div class=\"wp-block-columns is-layout-flex wp-container-core-columns-is-layout-28f84493 wp-block-columns-is-layout-flex\">\n<div class=\"wp-block-column is-layout-flow wp-block-column-is-layout-flow\">\n<h4 class=\"wp-block-heading\">Las entradas para todas las edades incluyen<\/h4>\n\n\n\n<ul class=\"wp-block-list\">\n<li>Snacks y bebidas no alcoh\u00f3licas disponibles para comprar.<\/li>\n\n\n\n<li>Entrada al zool\u00f3gico<\/li>\n\n\n\n<li>Materiales de arte<\/li>\n\n\n\n<li>Estacionamiento con descuento<\/li>\n<\/ul>\n<\/div>\n\n\n\n<div class=\"wp-block-column is-layout-flow wp-block-column-is-layout-flow\">\n<h4 class=\"wp-block-heading\">Las entradas para mayores de 21 a\u00f1os incluyen<\/h4>\n\n\n\n<ul class=\"wp-block-list\">\n<li>Se pueden comprar aperitivos y alcohol.<\/li>\n\n\n\n<li>Entrada al zool\u00f3gico (para utilizar en una fecha posterior)<\/li>\n\n\n\n<li>Materiales de arte<\/li>\n\n\n\n<li>Estacionamiento con descuento<\/li>\n<\/ul>\n<\/div>\n<\/div>\n\n<div class=\"wp-block-buttons is-content-justification-center is-layout-flex wp-container-core-buttons-is-layout-c4ad7725 wp-block-buttons-is-layout-flex\" style=\"margin-top:var(--wp--preset--spacing--60);margin-bottom:var(--wp--preset--spacing--60);padding-top:0;padding-bottom:0\">\n<div class=\"wp-block-button\"><a class=\"wp-block-button__link wp-element-button\" href=\"https:\/\/zoo.org\/es\/un-encuentro-con-la-naturaleza\/preguntas-frecuentes-sobre-un-encuentro-con-la-naturaleza\/\">PREGUNTAS FRECUENTES<\/a><\/div>\n<\/div>\n","protected":false},"excerpt":{"rendered":"<p>UN ROCE CON LA NATURALEZA Libera a tu artista interior Una serie de arte \u00fanica Combinando la creatividad con la belleza del mundo natural. Un Pincel con la Naturaleza invita [&hellip;]<\/p>\n","protected":false},"author":1,"featured_media":21073,"parent":0,"menu_order":0,"comment_status":"closed","ping_status":"closed","template":"","meta":{"_acf_changed":false,"_kad_blocks_custom_css":"","_kad_blocks_head_custom_js":"","_kad_blocks_body_custom_js":"","_kad_blocks_footer_custom_js":"","footnotes":""},"class_list":["post-11035","page","type-page","status-publish","has-post-thumbnail","hentry"],"blocksy_meta":[],"acf":[],"yoast_head":"<!-- This site is optimized with the Yoast SEO plugin v27.4 - https:\/\/yoast.com\/product\/yoast-seo-wordpress\/ -->\n<title>-<\/title>\n<meta name=\"description\" content=\"Una serie de eventos &quot;Pinta y bebe&quot;. Combinando la creatividad con la belleza de la naturaleza.\" \/>\n<meta name=\"robots\" content=\"index, follow, max-snippet:-1, max-image-preview:large, max-video-preview:-1\" \/>\n<link rel=\"canonical\" href=\"https:\/\/zoo.org\/es\/un-encuentro-con-la-naturaleza\/\" \/>\n<meta property=\"og:locale\" content=\"es_ES\" \/>\n<meta property=\"og:type\" content=\"article\" \/>\n<meta property=\"og:title\" content=\"-\" \/>\n<meta property=\"og:description\" content=\"Una serie de eventos &quot;Pinta y bebe&quot;. Combinando la creatividad con la belleza de la naturaleza.\" \/>\n<meta property=\"og:url\" content=\"https:\/\/zoo.org\/es\/un-encuentro-con-la-naturaleza\/\" \/>\n<meta property=\"og:site_name\" content=\"Zool\u00f3gico Woodland Park\" \/>\n<meta property=\"article:modified_time\" content=\"2026-03-16T16:07:54+00:00\" \/>\n<meta property=\"og:image\" content=\"https:\/\/zoo.org\/wp-content\/uploads\/2025\/07\/Brush-with-Nature-2025-3-web.jpg?wsr\" \/>\n\t<meta property=\"og:image:width\" content=\"800\" \/>\n\t<meta property=\"og:image:height\" content=\"533\" \/>\n\t<meta property=\"og:image:type\" content=\"image\/jpeg\" \/>\n<meta name=\"twitter:card\" content=\"summary_large_image\" \/>\n<script type=\"application\/ld+json\" class=\"yoast-schema-graph\">{\"@context\":\"https:\\\/\\\/schema.org\",\"@graph\":[{\"@type\":\"WebPage\",\"@id\":\"https:\\\/\\\/zoo.org\\\/es\\\/un-encuentro-con-la-naturaleza\\\/\",\"url\":\"https:\\\/\\\/zoo.org\\\/es\\\/un-encuentro-con-la-naturaleza\\\/\",\"name\":\"-\",\"isPartOf\":{\"@id\":\"https:\\\/\\\/zoo.org\\\/es\\\/#website\"},\"primaryImageOfPage\":{\"@id\":\"https:\\\/\\\/zoo.org\\\/es\\\/un-encuentro-con-la-naturaleza\\\/#primaryimage\"},\"image\":{\"@id\":\"https:\\\/\\\/zoo.org\\\/es\\\/un-encuentro-con-la-naturaleza\\\/#primaryimage\"},\"thumbnailUrl\":\"https:\\\/\\\/zoo.org\\\/wp-content\\\/uploads\\\/2025\\\/07\\\/Brush-with-Nature-2025-3-web.jpg?wsr\",\"datePublished\":\"2025-09-17T18:28:21+00:00\",\"dateModified\":\"2026-03-16T16:07:54+00:00\",\"description\":\"Una serie de eventos \\\"Pinta y bebe\\\". Combinando la creatividad con la belleza de la naturaleza.\",\"breadcrumb\":{\"@id\":\"https:\\\/\\\/zoo.org\\\/es\\\/un-encuentro-con-la-naturaleza\\\/#breadcrumb\"},\"inLanguage\":\"es\",\"potentialAction\":[{\"@type\":\"ReadAction\",\"target\":[\"https:\\\/\\\/zoo.org\\\/es\\\/un-encuentro-con-la-naturaleza\\\/\"]}]},{\"@type\":\"ImageObject\",\"inLanguage\":\"es\",\"@id\":\"https:\\\/\\\/zoo.org\\\/es\\\/un-encuentro-con-la-naturaleza\\\/#primaryimage\",\"url\":\"https:\\\/\\\/zoo.org\\\/wp-content\\\/uploads\\\/2025\\\/07\\\/Brush-with-Nature-2025-3-web.jpg?wsr\",\"contentUrl\":\"https:\\\/\\\/zoo.org\\\/wp-content\\\/uploads\\\/2025\\\/07\\\/Brush-with-Nature-2025-3-web.jpg?wsr\",\"width\":800,\"height\":533,\"caption\":\"Una persona pinta un ping\u00fcino en un lienzo colocado sobre un caballete al aire libre. Otras pinturas coloridas y materiales de arte est\u00e1n dispuestos sobre la mesa, con paredes rocosas y el cielo visible al fondo.\"},{\"@type\":\"BreadcrumbList\",\"@id\":\"https:\\\/\\\/zoo.org\\\/es\\\/un-encuentro-con-la-naturaleza\\\/#breadcrumb\",\"itemListElement\":[{\"@type\":\"ListItem\",\"position\":1,\"name\":\"Hogar\",\"item\":\"https:\\\/\\\/zoo.org\\\/es\\\/\"},{\"@type\":\"ListItem\",\"position\":2,\"name\":\"Un encuentro con la naturaleza\"}]},{\"@type\":\"WebSite\",\"@id\":\"https:\\\/\\\/zoo.org\\\/es\\\/#website\",\"url\":\"https:\\\/\\\/zoo.org\\\/es\\\/\",\"name\":\"Zool\u00f3gico Woodland Park\",\"description\":\"El Zool\u00f3gico Woodland Park salva la vida silvestre e inspira a todos a hacer de la conservaci\u00f3n una prioridad en sus vidas.\",\"publisher\":{\"@id\":\"https:\\\/\\\/zoo.org\\\/es\\\/#organization\"},\"potentialAction\":[{\"@type\":\"SearchAction\",\"target\":{\"@type\":\"EntryPoint\",\"urlTemplate\":\"https:\\\/\\\/zoo.org\\\/es\\\/?s={search_term_string}\"},\"query-input\":{\"@type\":\"PropertyValueSpecification\",\"valueRequired\":true,\"valueName\":\"search_term_string\"}}],\"inLanguage\":\"es\"},{\"@type\":\"Organization\",\"@id\":\"https:\\\/\\\/zoo.org\\\/es\\\/#organization\",\"name\":\"Zool\u00f3gico Woodland Park\",\"url\":\"https:\\\/\\\/zoo.org\\\/es\\\/\",\"logo\":{\"@type\":\"ImageObject\",\"inLanguage\":\"es\",\"@id\":\"https:\\\/\\\/zoo.org\\\/es\\\/#\\\/schema\\\/logo\\\/image\\\/\",\"url\":\"https:\\\/\\\/zoo.org\\\/wp-content\\\/uploads\\\/2026\\\/01\\\/WPZ-Logo_white-SVG.svg?wsr\",\"contentUrl\":\"https:\\\/\\\/zoo.org\\\/wp-content\\\/uploads\\\/2026\\\/01\\\/WPZ-Logo_white-SVG.svg?wsr\",\"width\":288,\"height\":282,\"caption\":\"Zool\u00f3gico Woodland Park\"},\"image\":{\"@id\":\"https:\\\/\\\/zoo.org\\\/es\\\/#\\\/schema\\\/logo\\\/image\\\/\"}}]}<\/script>\n<!-- \/ Yoast SEO plugin. -->","yoast_head_json":{"title":"-","description":"Una serie de eventos \"Pinta y bebe\". Combinando la creatividad con la belleza de la naturaleza.","robots":{"index":"index","follow":"follow","max-snippet":"max-snippet:-1","max-image-preview":"max-image-preview:large","max-video-preview":"max-video-preview:-1"},"canonical":"https:\/\/zoo.org\/es\/un-encuentro-con-la-naturaleza\/","og_locale":"es_ES","og_type":"article","og_title":"-","og_description":"Una serie de eventos \"Pinta y bebe\". Combinando la creatividad con la belleza de la naturaleza.","og_url":"https:\/\/zoo.org\/es\/un-encuentro-con-la-naturaleza\/","og_site_name":"Zool\u00f3gico Woodland Park","article_modified_time":"2026-03-16T16:07:54+00:00","og_image":[{"width":800,"height":533,"url":"https:\/\/zoo.org\/wp-content\/uploads\/2025\/07\/Brush-with-Nature-2025-3-web.jpg?wsr","type":"image\/jpeg"}],"twitter_card":"summary_large_image","schema":{"@context":"https:\/\/schema.org","@graph":[{"@type":"WebPage","@id":"https:\/\/zoo.org\/es\/un-encuentro-con-la-naturaleza\/","url":"https:\/\/zoo.org\/es\/un-encuentro-con-la-naturaleza\/","name":"-","isPartOf":{"@id":"https:\/\/zoo.org\/es\/#website"},"primaryImageOfPage":{"@id":"https:\/\/zoo.org\/es\/un-encuentro-con-la-naturaleza\/#primaryimage"},"image":{"@id":"https:\/\/zoo.org\/es\/un-encuentro-con-la-naturaleza\/#primaryimage"},"thumbnailUrl":"https:\/\/zoo.org\/wp-content\/uploads\/2025\/07\/Brush-with-Nature-2025-3-web.jpg?wsr","datePublished":"2025-09-17T18:28:21+00:00","dateModified":"2026-03-16T16:07:54+00:00","description":"Una serie de eventos \"Pinta y bebe\". Combinando la creatividad con la belleza de la naturaleza.","breadcrumb":{"@id":"https:\/\/zoo.org\/es\/un-encuentro-con-la-naturaleza\/#breadcrumb"},"inLanguage":"es","potentialAction":[{"@type":"ReadAction","target":["https:\/\/zoo.org\/es\/un-encuentro-con-la-naturaleza\/"]}]},{"@type":"ImageObject","inLanguage":"es","@id":"https:\/\/zoo.org\/es\/un-encuentro-con-la-naturaleza\/#primaryimage","url":"https:\/\/zoo.org\/wp-content\/uploads\/2025\/07\/Brush-with-Nature-2025-3-web.jpg?wsr","contentUrl":"https:\/\/zoo.org\/wp-content\/uploads\/2025\/07\/Brush-with-Nature-2025-3-web.jpg?wsr","width":800,"height":533,"caption":"Una persona pinta un ping\u00fcino en un lienzo colocado sobre un caballete al aire libre. Otras pinturas coloridas y materiales de arte est\u00e1n dispuestos sobre la mesa, con paredes rocosas y el cielo visible al fondo."},{"@type":"BreadcrumbList","@id":"https:\/\/zoo.org\/es\/un-encuentro-con-la-naturaleza\/#breadcrumb","itemListElement":[{"@type":"ListItem","position":1,"name":"Hogar","item":"https:\/\/zoo.org\/es\/"},{"@type":"ListItem","position":2,"name":"Un encuentro con la naturaleza"}]},{"@type":"WebSite","@id":"https:\/\/zoo.org\/es\/#website","url":"https:\/\/zoo.org\/es\/","name":"Zool\u00f3gico Woodland Park","description":"El Zool\u00f3gico Woodland Park salva la vida silvestre e inspira a todos a hacer de la conservaci\u00f3n una prioridad en sus vidas.","publisher":{"@id":"https:\/\/zoo.org\/es\/#organization"},"potentialAction":[{"@type":"SearchAction","target":{"@type":"EntryPoint","urlTemplate":"https:\/\/zoo.org\/es\/?s={search_term_string}"},"query-input":{"@type":"PropertyValueSpecification","valueRequired":true,"valueName":"search_term_string"}}],"inLanguage":"es"},{"@type":"Organization","@id":"https:\/\/zoo.org\/es\/#organization","name":"Zool\u00f3gico Woodland Park","url":"https:\/\/zoo.org\/es\/","logo":{"@type":"ImageObject","inLanguage":"es","@id":"https:\/\/zoo.org\/es\/#\/schema\/logo\/image\/","url":"https:\/\/zoo.org\/wp-content\/uploads\/2026\/01\/WPZ-Logo_white-SVG.svg?wsr","contentUrl":"https:\/\/zoo.org\/wp-content\/uploads\/2026\/01\/WPZ-Logo_white-SVG.svg?wsr","width":288,"height":282,"caption":"Zool\u00f3gico Woodland Park"},"image":{"@id":"https:\/\/zoo.org\/es\/#\/schema\/logo\/image\/"}}]}},"taxonomy_info":[],"featured_image_src_large":["https:\/\/zoo.org\/wp-content\/uploads\/2025\/07\/Brush-with-Nature-2025-3-web.jpg?wsr",800,533,false],"author_info":{"display_name":"jloughlin","author_link":"https:\/\/zoo.org\/es\/author\/jloughlin\/"},"comment_info":0,"_links":{"self":[{"href":"https:\/\/zoo.org\/es\/wp-json\/wp\/v2\/pages\/11035","targetHints":{"allow":["GET"]}}],"collection":[{"href":"https:\/\/zoo.org\/es\/wp-json\/wp\/v2\/pages"}],"about":[{"href":"https:\/\/zoo.org\/es\/wp-json\/wp\/v2\/types\/page"}],"author":[{"embeddable":true,"href":"https:\/\/zoo.org\/es\/wp-json\/wp\/v2\/users\/1"}],"replies":[{"embeddable":true,"href":"https:\/\/zoo.org\/es\/wp-json\/wp\/v2\/comments?post=11035"}],"version-history":[{"count":0,"href":"https:\/\/zoo.org\/es\/wp-json\/wp\/v2\/pages\/11035\/revisions"}],"wp:featuredmedia":[{"embeddable":true,"href":"https:\/\/zoo.org\/es\/wp-json\/wp\/v2\/media\/21073"}],"wp:attachment":[{"href":"https:\/\/zoo.org\/es\/wp-json\/wp\/v2\/media?parent=11035"}],"curies":[{"name":"wp","href":"https:\/\/api.w.org\/{rel}","templated":true}]}}