{"id":11060,"date":"2025-09-17T12:05:28","date_gmt":"2025-09-17T19:05:28","guid":{"rendered":"https:\/\/zoo.org\/un-encuentro-con-la-naturaleza\/preguntas-frecuentes-sobre-un-encuentro-con-la-naturaleza\/"},"modified":"2026-03-11T15:41:13","modified_gmt":"2026-03-11T22:41:13","slug":"preguntas-frecuentes-sobre-un-encuentro-con-la-naturaleza","status":"publish","type":"page","link":"https:\/\/zoo.org\/es\/un-encuentro-con-la-naturaleza\/preguntas-frecuentes-sobre-un-encuentro-con-la-naturaleza\/","title":{"rendered":"Preguntas frecuentes sobre Un encuentro con la naturaleza"},"content":{"rendered":"\n<div class=\"wp-block-cover alignfull is-light hero\" style=\"margin-top:0;margin-bottom:0\"><img loading=\"lazy\" decoding=\"async\" width=\"1920\" height=\"400\" class=\"wp-block-cover__image-background wp-image-2523 size-full\" alt=\"\" src=\"https:\/\/zoo.org\/wp-content\/uploads\/2025\/07\/Brush-with-Nature-header-image4.jpg\" data-object-fit=\"cover\" srcset=\"https:\/\/zoo.org\/wp-content\/uploads\/2025\/07\/Brush-with-Nature-header-image4.jpg 1920w, https:\/\/zoo.org\/wp-content\/uploads\/2025\/07\/Brush-with-Nature-header-image4-300x63.jpg 300w, https:\/\/zoo.org\/wp-content\/uploads\/2025\/07\/Brush-with-Nature-header-image4-1024x213.jpg 1024w, https:\/\/zoo.org\/wp-content\/uploads\/2025\/07\/Brush-with-Nature-header-image4-150x31.jpg 150w, https:\/\/zoo.org\/wp-content\/uploads\/2025\/07\/Brush-with-Nature-header-image4-768x160.jpg 768w, https:\/\/zoo.org\/wp-content\/uploads\/2025\/07\/Brush-with-Nature-header-image4-1536x320.jpg 1536w\" sizes=\"auto, (max-width: 1920px) 100vw, 1920px\" \/><span aria-hidden=\"true\" class=\"wp-block-cover__background has-background-dim-0 has-background-dim\" style=\"background-color:#b76f63\"><\/span><div class=\"wp-block-cover__inner-container is-layout-constrained wp-block-cover-is-layout-constrained\">\n<p class=\"has-text-align-center has-large-font-size\"><\/p>\n<\/div><\/div>\n\n<div class=\"wp-block-group is-layout-constrained wp-block-group-is-layout-constrained\" style=\"margin-top:2em;margin-bottom:3em\">\n<h1 class=\"wp-block-heading has-text-align-center\" style=\"margin-top:0.65em;margin-bottom:0.275em\">UN ROCE CON LA NATURALEZA<\/h1>\n<\/div>\n\n<div class=\"wp-block-group alignfull divider is-layout-constrained wp-block-group-is-layout-constrained\">\n<h2 class=\"wp-block-heading alignfull has-text-align-center\">PREGUNTAS FRECUENTES<\/h2>\n<\/div>\n\n<h4 class=\"wp-block-heading\">\u00bfQu\u00e9 incluye mi billete?<\/h4>\n\n<p>Las entradas para todas las edades incluyen la entrada al zool\u00f3gico y materiales de arte.<\/p>\n\n<p>Las entradas para mayores de 21 a\u00f1os incluyen entrada al zool\u00f3gico para usar en una futura visita y materiales de arte.<\/p>\n\n<h4 class=\"wp-block-heading\">\u00bfDonde se realiza el evento?<\/h4>\n\n<p>Cada sesi\u00f3n se lleva a cabo en una ubicaci\u00f3n \u00fanica del Zool\u00f3gico Woodland Park. Consulta el calendario de eventos para conocer las fechas y ubicaciones espec\u00edficas. Las ubicaciones est\u00e1n sujetas a cambios sin previo aviso.  <\/p>\n\n<h4 class=\"wp-block-heading\">\u00bfQu\u00e9 me pongo?<\/h4>\n\n<p>Por favor, vengan con ropa que no les importe mancharse con pintura. Les proporcionaremos delantales para cubrir la ropa, pero algunas clases usar\u00e1n pintura acr\u00edlica y otras, al \u00f3leo, y a veces pintar al \u00f3leo puede ser un poco sucio cuando empiezas a concentrarte. <\/p>\n\n<h4 class=\"wp-block-heading\">\u00bfCuanto dura cada evento?<\/h4>\n\n<p>Cada sesi\u00f3n no dura m\u00e1s de tres horas y la instrucci\u00f3n de pintura dura entre 1,5 y 2 horas.<\/p>\n\n<h4 class=\"wp-block-heading\">\u00bfPuedo comprar entradas el d\u00eda del evento?<\/h4>\n\n<p>Los boletos deben comprarse en l\u00ednea al menos 24 horas antes de la clase para garantizar que tengamos todos los suministros para todos.<\/p>\n\n<h4 class=\"wp-block-heading\">\u00bfEste evento es apto para ni\u00f1os?<\/h4>\n\n<p>\u00a1S\u00ed! Ofrecemos clases dise\u00f1adas para que disfruten todas las edades. Si bien los ni\u00f1os m\u00e1s peque\u00f1os son bienvenidos, observamos que los ni\u00f1os de 5 a\u00f1os o m\u00e1s suelen estar m\u00e1s motivados y participar plenamente en la experiencia art\u00edstica.  <\/p>\n\n<h4 class=\"wp-block-heading\">\u00bfQu\u00e9 vamos a pintar?<\/h4>\n\n<p>El tema de la pintura cambia con cada sesi\u00f3n, centr\u00e1ndose en temas del zool\u00f3gico y la naturaleza.<\/p>\n\n<h4 class=\"wp-block-heading\">\u00bfLos art\u00edculos est\u00e1n disponibles para comprar en el evento solo en efectivo o aceptan tarjetas de cr\u00e9dito?<\/h4>\n\n<p>Todas las compras se realizan \u00fanicamente con tarjeta.<\/p>\n\n<h4 class=\"wp-block-heading\">\u00bfD\u00f3nde aparco? \u00bfCu\u00e1nto cuesta el aparcamiento? <\/h4>\n\n<p>El estacionamiento para estos eventos se encuentra en los lotes del zool\u00f3gico ubicados a lo largo de Phinney Avenue N. y N. 59th Street, y el lote accesible en N. 50th y Fremont Ave. N. <\/p>\n\n<p>Hay quioscos de pago en cada estacionamiento. El estacionamiento cuesta $10 por d\u00eda (m\u00e1s impuestos y cargos) en cualquiera de los estacionamientos del Zool\u00f3gico Woodland Park. <\/p>\n\n<p>Hay estacionamiento para discapacitados disponible en todos los lotes del zool\u00f3gico.<\/p>\n\n<p>Si debe estacionar en las calles que rodean el zool\u00f3gico, sea cort\u00e9s y no bloquee las entradas.<\/p>\n\n<h4 class=\"wp-block-heading\">\u00bfPuedo obtener un reembolso o reprogramar mi boleto?<\/h4>\n\n<p>La reprogramaci\u00f3n de entradas debe realizarse dos semanas antes del evento programado. No se realizan reembolsos. Si el zool\u00f3gico cancela un evento, emitiremos reembolsos o reprogramaremos las entradas.<\/p>\n\n<h4 class=\"wp-block-heading\">\u00bfHabr\u00e1 comida disponible en el evento?<\/h4>\n\n<p>Se podr\u00e1n comprar refrescos y alimentos.<\/p>\n\n<h4 class=\"wp-block-heading\">\u00bfPuedo traer mis propias bebidas o snacks?<\/h4>\n\n<p>No se permite el ingreso de alimentos ni bebidas del exterior. Sin embargo, se podr\u00e1n comprar refrigerios y comida. <\/p>\n\n<h4 class=\"wp-block-heading\">\u00bfSe podr\u00e1 comprar alcohol?<\/h4>\n\n<p>S\u00ed, se podr\u00e1n comprar bebidas alcoh\u00f3licas, pero solo durante las clases para mayores de 21 a\u00f1os.<\/p>\n\n<h4 class=\"wp-block-heading\">\u00bfQu\u00e9 pasa si llueve?<\/h4>\n\n<p>Todas las sesiones se llevan a cabo en \u00e1reas cubiertas para garantizar una experiencia c\u00f3moda, llueva o truene.<\/p>\n\n<h4 class=\"wp-block-heading\">\u00bfEl evento es accesible?<\/h4>\n\n<p>\u00a1S\u00ed! Todas las ubicaciones del evento son accesibles para sillas de ruedas. Si tiene necesidades espec\u00edficas de accesibilidad, cont\u00e1ctenos con anticipaci\u00f3n a <a href=\"mailto:zooinfo@zoo.org\">zooinfo@zoo.org<\/a> . <\/p>\n","protected":false},"excerpt":{"rendered":"<p>UN ROCE CON LA NATURALEZA PREGUNTAS FRECUENTES \u00bfQu\u00e9 incluye mi billete? Las entradas para todas las edades incluyen la entrada al zool\u00f3gico y materiales de arte. Las entradas para mayores [&hellip;]<\/p>\n","protected":false},"author":1,"featured_media":11036,"parent":11035,"menu_order":0,"comment_status":"closed","ping_status":"closed","template":"","meta":{"_acf_changed":false,"_kad_blocks_custom_css":"","_kad_blocks_head_custom_js":"","_kad_blocks_body_custom_js":"","_kad_blocks_footer_custom_js":"","footnotes":""},"class_list":["post-11060","page","type-page","status-publish","has-post-thumbnail","hentry"],"blocksy_meta":[],"acf":[],"yoast_head":"<!-- This site is optimized with the Yoast SEO plugin v27.4 - https:\/\/yoast.com\/product\/yoast-seo-wordpress\/ -->\n<title>-<\/title>\n<meta name=\"description\" content=\"Experimente los mejores vinos boutique del noroeste en Woodland Park Zoo con el evento de vinos Tasting Flight.\" \/>\n<meta name=\"robots\" content=\"index, follow, max-snippet:-1, max-image-preview:large, max-video-preview:-1\" \/>\n<link rel=\"canonical\" href=\"https:\/\/zoo.org\/es\/un-encuentro-con-la-naturaleza\/preguntas-frecuentes-sobre-un-encuentro-con-la-naturaleza\/\" \/>\n<meta property=\"og:locale\" content=\"es_ES\" \/>\n<meta property=\"og:type\" content=\"article\" \/>\n<meta property=\"og:title\" content=\"-\" \/>\n<meta property=\"og:description\" content=\"Experimente los mejores vinos boutique del noroeste en Woodland Park Zoo con el evento de vinos Tasting Flight.\" \/>\n<meta property=\"og:url\" content=\"https:\/\/zoo.org\/es\/un-encuentro-con-la-naturaleza\/preguntas-frecuentes-sobre-un-encuentro-con-la-naturaleza\/\" \/>\n<meta property=\"og:site_name\" content=\"Zool\u00f3gico Woodland Park\" \/>\n<meta property=\"article:modified_time\" content=\"2026-03-11T22:41:13+00:00\" \/>\n<meta property=\"og:image\" content=\"https:\/\/zoo.org\/wp-content\/uploads\/2025\/07\/Angeline-Shrike.jpg?wsr\" \/>\n\t<meta property=\"og:image:width\" content=\"800\" \/>\n\t<meta property=\"og:image:height\" content=\"533\" \/>\n\t<meta property=\"og:image:type\" content=\"image\/jpeg\" \/>\n<meta name=\"twitter:card\" content=\"summary_large_image\" \/>\n<script type=\"application\/ld+json\" class=\"yoast-schema-graph\">{\"@context\":\"https:\\\/\\\/schema.org\",\"@graph\":[{\"@type\":\"WebPage\",\"@id\":\"https:\\\/\\\/zoo.org\\\/es\\\/un-encuentro-con-la-naturaleza\\\/preguntas-frecuentes-sobre-un-encuentro-con-la-naturaleza\\\/\",\"url\":\"https:\\\/\\\/zoo.org\\\/es\\\/un-encuentro-con-la-naturaleza\\\/preguntas-frecuentes-sobre-un-encuentro-con-la-naturaleza\\\/\",\"name\":\"-\",\"isPartOf\":{\"@id\":\"https:\\\/\\\/zoo.org\\\/es\\\/#website\"},\"primaryImageOfPage\":{\"@id\":\"https:\\\/\\\/zoo.org\\\/es\\\/un-encuentro-con-la-naturaleza\\\/preguntas-frecuentes-sobre-un-encuentro-con-la-naturaleza\\\/#primaryimage\"},\"image\":{\"@id\":\"https:\\\/\\\/zoo.org\\\/es\\\/un-encuentro-con-la-naturaleza\\\/preguntas-frecuentes-sobre-un-encuentro-con-la-naturaleza\\\/#primaryimage\"},\"thumbnailUrl\":\"https:\\\/\\\/zoo.org\\\/wp-content\\\/uploads\\\/2025\\\/07\\\/Angeline-Shrike.jpg?wsr\",\"datePublished\":\"2025-09-17T19:05:28+00:00\",\"dateModified\":\"2026-03-11T22:41:13+00:00\",\"description\":\"Experimente los mejores vinos boutique del noroeste en Woodland Park Zoo con el evento de vinos Tasting Flight.\",\"breadcrumb\":{\"@id\":\"https:\\\/\\\/zoo.org\\\/es\\\/un-encuentro-con-la-naturaleza\\\/preguntas-frecuentes-sobre-un-encuentro-con-la-naturaleza\\\/#breadcrumb\"},\"inLanguage\":\"es\",\"potentialAction\":[{\"@type\":\"ReadAction\",\"target\":[\"https:\\\/\\\/zoo.org\\\/es\\\/un-encuentro-con-la-naturaleza\\\/preguntas-frecuentes-sobre-un-encuentro-con-la-naturaleza\\\/\"]}]},{\"@type\":\"ImageObject\",\"inLanguage\":\"es\",\"@id\":\"https:\\\/\\\/zoo.org\\\/es\\\/un-encuentro-con-la-naturaleza\\\/preguntas-frecuentes-sobre-un-encuentro-con-la-naturaleza\\\/#primaryimage\",\"url\":\"https:\\\/\\\/zoo.org\\\/wp-content\\\/uploads\\\/2025\\\/07\\\/Angeline-Shrike.jpg?wsr\",\"contentUrl\":\"https:\\\/\\\/zoo.org\\\/wp-content\\\/uploads\\\/2025\\\/07\\\/Angeline-Shrike.jpg?wsr\",\"width\":800,\"height\":533,\"caption\":\"Pintura de un oso pardo de pie sobre una superficie rocosa, con un fondo amarillo y gris apagado. El oso aparece de perfil, mirando hacia la izquierda. Las pinceladas le dan a la imagen un aspecto texturizado e impresionista.\"},{\"@type\":\"BreadcrumbList\",\"@id\":\"https:\\\/\\\/zoo.org\\\/es\\\/un-encuentro-con-la-naturaleza\\\/preguntas-frecuentes-sobre-un-encuentro-con-la-naturaleza\\\/#breadcrumb\",\"itemListElement\":[{\"@type\":\"ListItem\",\"position\":1,\"name\":\"Hogar\",\"item\":\"https:\\\/\\\/zoo.org\\\/es\\\/\"},{\"@type\":\"ListItem\",\"position\":2,\"name\":\"Un encuentro con la naturaleza\",\"item\":\"https:\\\/\\\/zoo.org\\\/es\\\/un-encuentro-con-la-naturaleza\\\/\"},{\"@type\":\"ListItem\",\"position\":3,\"name\":\"Preguntas frecuentes sobre Un encuentro con la naturaleza\"}]},{\"@type\":\"WebSite\",\"@id\":\"https:\\\/\\\/zoo.org\\\/es\\\/#website\",\"url\":\"https:\\\/\\\/zoo.org\\\/es\\\/\",\"name\":\"Zool\u00f3gico Woodland Park\",\"description\":\"El Zool\u00f3gico Woodland Park salva la vida silvestre e inspira a todos a hacer de la conservaci\u00f3n una prioridad en sus vidas.\",\"publisher\":{\"@id\":\"https:\\\/\\\/zoo.org\\\/es\\\/#organization\"},\"potentialAction\":[{\"@type\":\"SearchAction\",\"target\":{\"@type\":\"EntryPoint\",\"urlTemplate\":\"https:\\\/\\\/zoo.org\\\/es\\\/?s={search_term_string}\"},\"query-input\":{\"@type\":\"PropertyValueSpecification\",\"valueRequired\":true,\"valueName\":\"search_term_string\"}}],\"inLanguage\":\"es\"},{\"@type\":\"Organization\",\"@id\":\"https:\\\/\\\/zoo.org\\\/es\\\/#organization\",\"name\":\"Zool\u00f3gico Woodland Park\",\"url\":\"https:\\\/\\\/zoo.org\\\/es\\\/\",\"logo\":{\"@type\":\"ImageObject\",\"inLanguage\":\"es\",\"@id\":\"https:\\\/\\\/zoo.org\\\/es\\\/#\\\/schema\\\/logo\\\/image\\\/\",\"url\":\"https:\\\/\\\/zoo.org\\\/wp-content\\\/uploads\\\/2026\\\/01\\\/WPZ-Logo_white-SVG.svg?wsr\",\"contentUrl\":\"https:\\\/\\\/zoo.org\\\/wp-content\\\/uploads\\\/2026\\\/01\\\/WPZ-Logo_white-SVG.svg?wsr\",\"width\":288,\"height\":282,\"caption\":\"Zool\u00f3gico Woodland Park\"},\"image\":{\"@id\":\"https:\\\/\\\/zoo.org\\\/es\\\/#\\\/schema\\\/logo\\\/image\\\/\"}}]}<\/script>\n<!-- \/ Yoast SEO plugin. -->","yoast_head_json":{"title":"-","description":"Experimente los mejores vinos boutique del noroeste en Woodland Park Zoo con el evento de vinos Tasting Flight.","robots":{"index":"index","follow":"follow","max-snippet":"max-snippet:-1","max-image-preview":"max-image-preview:large","max-video-preview":"max-video-preview:-1"},"canonical":"https:\/\/zoo.org\/es\/un-encuentro-con-la-naturaleza\/preguntas-frecuentes-sobre-un-encuentro-con-la-naturaleza\/","og_locale":"es_ES","og_type":"article","og_title":"-","og_description":"Experimente los mejores vinos boutique del noroeste en Woodland Park Zoo con el evento de vinos Tasting Flight.","og_url":"https:\/\/zoo.org\/es\/un-encuentro-con-la-naturaleza\/preguntas-frecuentes-sobre-un-encuentro-con-la-naturaleza\/","og_site_name":"Zool\u00f3gico Woodland Park","article_modified_time":"2026-03-11T22:41:13+00:00","og_image":[{"width":800,"height":533,"url":"https:\/\/zoo.org\/wp-content\/uploads\/2025\/07\/Angeline-Shrike.jpg?wsr","type":"image\/jpeg"}],"twitter_card":"summary_large_image","schema":{"@context":"https:\/\/schema.org","@graph":[{"@type":"WebPage","@id":"https:\/\/zoo.org\/es\/un-encuentro-con-la-naturaleza\/preguntas-frecuentes-sobre-un-encuentro-con-la-naturaleza\/","url":"https:\/\/zoo.org\/es\/un-encuentro-con-la-naturaleza\/preguntas-frecuentes-sobre-un-encuentro-con-la-naturaleza\/","name":"-","isPartOf":{"@id":"https:\/\/zoo.org\/es\/#website"},"primaryImageOfPage":{"@id":"https:\/\/zoo.org\/es\/un-encuentro-con-la-naturaleza\/preguntas-frecuentes-sobre-un-encuentro-con-la-naturaleza\/#primaryimage"},"image":{"@id":"https:\/\/zoo.org\/es\/un-encuentro-con-la-naturaleza\/preguntas-frecuentes-sobre-un-encuentro-con-la-naturaleza\/#primaryimage"},"thumbnailUrl":"https:\/\/zoo.org\/wp-content\/uploads\/2025\/07\/Angeline-Shrike.jpg?wsr","datePublished":"2025-09-17T19:05:28+00:00","dateModified":"2026-03-11T22:41:13+00:00","description":"Experimente los mejores vinos boutique del noroeste en Woodland Park Zoo con el evento de vinos Tasting Flight.","breadcrumb":{"@id":"https:\/\/zoo.org\/es\/un-encuentro-con-la-naturaleza\/preguntas-frecuentes-sobre-un-encuentro-con-la-naturaleza\/#breadcrumb"},"inLanguage":"es","potentialAction":[{"@type":"ReadAction","target":["https:\/\/zoo.org\/es\/un-encuentro-con-la-naturaleza\/preguntas-frecuentes-sobre-un-encuentro-con-la-naturaleza\/"]}]},{"@type":"ImageObject","inLanguage":"es","@id":"https:\/\/zoo.org\/es\/un-encuentro-con-la-naturaleza\/preguntas-frecuentes-sobre-un-encuentro-con-la-naturaleza\/#primaryimage","url":"https:\/\/zoo.org\/wp-content\/uploads\/2025\/07\/Angeline-Shrike.jpg?wsr","contentUrl":"https:\/\/zoo.org\/wp-content\/uploads\/2025\/07\/Angeline-Shrike.jpg?wsr","width":800,"height":533,"caption":"Pintura de un oso pardo de pie sobre una superficie rocosa, con un fondo amarillo y gris apagado. El oso aparece de perfil, mirando hacia la izquierda. Las pinceladas le dan a la imagen un aspecto texturizado e impresionista."},{"@type":"BreadcrumbList","@id":"https:\/\/zoo.org\/es\/un-encuentro-con-la-naturaleza\/preguntas-frecuentes-sobre-un-encuentro-con-la-naturaleza\/#breadcrumb","itemListElement":[{"@type":"ListItem","position":1,"name":"Hogar","item":"https:\/\/zoo.org\/es\/"},{"@type":"ListItem","position":2,"name":"Un encuentro con la naturaleza","item":"https:\/\/zoo.org\/es\/un-encuentro-con-la-naturaleza\/"},{"@type":"ListItem","position":3,"name":"Preguntas frecuentes sobre Un encuentro con la naturaleza"}]},{"@type":"WebSite","@id":"https:\/\/zoo.org\/es\/#website","url":"https:\/\/zoo.org\/es\/","name":"Zool\u00f3gico Woodland Park","description":"El Zool\u00f3gico Woodland Park salva la vida silvestre e inspira a todos a hacer de la conservaci\u00f3n una prioridad en sus vidas.","publisher":{"@id":"https:\/\/zoo.org\/es\/#organization"},"potentialAction":[{"@type":"SearchAction","target":{"@type":"EntryPoint","urlTemplate":"https:\/\/zoo.org\/es\/?s={search_term_string}"},"query-input":{"@type":"PropertyValueSpecification","valueRequired":true,"valueName":"search_term_string"}}],"inLanguage":"es"},{"@type":"Organization","@id":"https:\/\/zoo.org\/es\/#organization","name":"Zool\u00f3gico Woodland Park","url":"https:\/\/zoo.org\/es\/","logo":{"@type":"ImageObject","inLanguage":"es","@id":"https:\/\/zoo.org\/es\/#\/schema\/logo\/image\/","url":"https:\/\/zoo.org\/wp-content\/uploads\/2026\/01\/WPZ-Logo_white-SVG.svg?wsr","contentUrl":"https:\/\/zoo.org\/wp-content\/uploads\/2026\/01\/WPZ-Logo_white-SVG.svg?wsr","width":288,"height":282,"caption":"Zool\u00f3gico Woodland Park"},"image":{"@id":"https:\/\/zoo.org\/es\/#\/schema\/logo\/image\/"}}]}},"taxonomy_info":[],"featured_image_src_large":["https:\/\/zoo.org\/wp-content\/uploads\/2025\/07\/Angeline-Shrike.jpg?wsr",800,533,false],"author_info":{"display_name":"jloughlin","author_link":"https:\/\/zoo.org\/es\/author\/jloughlin\/"},"comment_info":0,"_links":{"self":[{"href":"https:\/\/zoo.org\/es\/wp-json\/wp\/v2\/pages\/11060","targetHints":{"allow":["GET"]}}],"collection":[{"href":"https:\/\/zoo.org\/es\/wp-json\/wp\/v2\/pages"}],"about":[{"href":"https:\/\/zoo.org\/es\/wp-json\/wp\/v2\/types\/page"}],"author":[{"embeddable":true,"href":"https:\/\/zoo.org\/es\/wp-json\/wp\/v2\/users\/1"}],"replies":[{"embeddable":true,"href":"https:\/\/zoo.org\/es\/wp-json\/wp\/v2\/comments?post=11060"}],"version-history":[{"count":0,"href":"https:\/\/zoo.org\/es\/wp-json\/wp\/v2\/pages\/11060\/revisions"}],"up":[{"embeddable":true,"href":"https:\/\/zoo.org\/es\/wp-json\/wp\/v2\/pages\/11035"}],"wp:featuredmedia":[{"embeddable":true,"href":"https:\/\/zoo.org\/es\/wp-json\/wp\/v2\/media\/11036"}],"wp:attachment":[{"href":"https:\/\/zoo.org\/es\/wp-json\/wp\/v2\/media?parent=11060"}],"curies":[{"name":"wp","href":"https:\/\/api.w.org\/{rel}","templated":true}]}}