{"id":11337,"date":"2025-09-09T14:46:50","date_gmt":"2025-09-09T21:46:50","guid":{"rendered":"https:\/\/zoo.org\/proyecto-carnivoro-urbano-silvestre\/"},"modified":"2025-12-19T18:23:42","modified_gmt":"2025-12-20T02:23:42","slug":"proyecto-carnivoro-urbano-silvestre","status":"publish","type":"page","link":"https:\/\/zoo.org\/es\/proyecto-carnivoro-urbano-silvestre\/","title":{"rendered":"Proyecto Carn\u00edvoro Urbano-Silvestre"},"content":{"rendered":"\n<div class=\"wp-block-cover alignfull hero\" style=\"margin-top:0;margin-bottom:0\"><img loading=\"lazy\" decoding=\"async\" width=\"1920\" height=\"400\" class=\"wp-block-cover__image-background wp-image-3463 size-full\" alt=\"\" src=\"https:\/\/zoo.org\/wp-content\/uploads\/2025\/08\/LNW-Cascades-Aerials-Header-Image.jpg\" data-object-fit=\"cover\" srcset=\"https:\/\/zoo.org\/wp-content\/uploads\/2025\/08\/LNW-Cascades-Aerials-Header-Image.jpg 1920w, https:\/\/zoo.org\/wp-content\/uploads\/2025\/08\/LNW-Cascades-Aerials-Header-Image-300x63.jpg 300w, https:\/\/zoo.org\/wp-content\/uploads\/2025\/08\/LNW-Cascades-Aerials-Header-Image-1024x213.jpg 1024w, https:\/\/zoo.org\/wp-content\/uploads\/2025\/08\/LNW-Cascades-Aerials-Header-Image-768x160.jpg 768w, https:\/\/zoo.org\/wp-content\/uploads\/2025\/08\/LNW-Cascades-Aerials-Header-Image-1536x320.jpg 1536w\" sizes=\"auto, (max-width: 1920px) 100vw, 1920px\" \/><span aria-hidden=\"true\" class=\"wp-block-cover__background has-background-dim-0 has-background-dim\" style=\"background-color:#745f3c\"><\/span><div class=\"wp-block-cover__inner-container is-layout-constrained wp-block-cover-is-layout-constrained\">\n<p class=\"has-text-align-center has-large-font-size\"><\/p>\n<\/div><\/div>\n\n<div class=\"wp-block-group is-layout-constrained wp-block-group-is-layout-constrained\" style=\"margin-top:2em;margin-bottom:3em\">\n<h1 class=\"wp-block-heading has-text-align-center\" style=\"margin-top:0.65em;margin-bottom:0.275em\">PROYECTO CARN\u00cdVORO URBANO-SILVESTRE<\/h1>\n<\/div>\n\n<div class=\"wp-block-group alignfull divider is-layout-constrained wp-block-group-is-layout-constrained\">\n<h2 class=\"wp-block-heading alignfull has-text-align-center\">SOBRE EL PROYECTO<\/h2>\n<\/div>\n\n<div class=\"wp-block-group is-layout-constrained wp-block-group-is-layout-constrained\" style=\"margin-top:var(--wp--preset--spacing--60);margin-bottom:var(--wp--preset--spacing--60)\"><style>.kt-sc4388_f2939c-4e .kt-sc-imgcol, .kt-sc4388_f2939c-4e .kt-sc-textcol{min-height:345px;}.kt-sc4388_f2939c-4e .kt-sc-imgcol{background-size:cover;background-image:url(https:\/\/zoo.org\/wp-content\/uploads\/2025\/09\/SUCP-Coyote2-Photo-courtesy-of-Seattle-Urban-Carnivore-Project-WPZ-and-Seattle-University-web.jpg);}.kt-sc4388_f2939c-4e .kt-sc-textcol{padding-top:1em;padding-right:1.5em;padding-bottom:1em;padding-left:1.5em;}@media all and (max-width: 767px){.kt-sc4388_f2939c-4e .kt-sc-imgcol, .kt-sc4388_f2939c-4e .kt-sc-textcol{min-height:275px;}}<\/style>\n<div class=\"aligncenter kt-sc4388_f2939c-4e wp-block-kadence-splitcontent\"><div class=\"kt-split-content-wrap kt-sc-media-side-left\" style=\"grid-template-columns:32% auto\"><div class=\"kt-sc-imgcol kt-sc-imgcol-bg-cover kt-sc-img-side-left\"><\/div><div class=\"kt-sc-textcol kt-sc-text-valign-center kt-sc-text-halign-left\" style=\"background-color:var(--theme-palette-color-17, #E6E6E6)\"><div class=\"kt-sc-innter-col\">\n<h3 class=\"wp-block-heading\">Observador de carn\u00edvoros<\/h3>\n\n\n\n<p>Miles de residentes del \u00e1rea de Seattle ya se han unido al movimiento para descubrir la vida silvestre que los rodea registrando sus avistamientos de carn\u00edvoros. \u00a1Visite <a href=\"https:\/\/www.carnivorespotter.org\/\" target=\"_blank\" rel=\"noreferrer noopener\">Carnivore Spotter<\/a> ahora para reportar sus avistamientos locales de carn\u00edvoros y explorarlos en todo Seattle! <\/p>\n\n\n\n<div class=\"wp-block-buttons is-layout-flex wp-block-buttons-is-layout-flex\" style=\"margin-top:var(--wp--preset--spacing--40);margin-bottom:var(--wp--preset--spacing--40)\">\n<div class=\"wp-block-button\"><a class=\"wp-block-button__link wp-element-button\" href=\"https:\/\/www.carnivorespotter.org\/\" target=\"_blank\" rel=\"noreferrer noopener\">Observador de carn\u00edvoros<\/a><\/div>\n<\/div>\n\n\n\n<p><em>Para obtener la mejor experiencia, utilice Carnivore Spotter en Chrome o Firefox.<\/em><\/p>\n<\/div><\/div><\/div><\/div>\n<\/div>\n\n<h4 class=\"wp-block-heading\">El Proyecto Carn\u00edvoro Urbano-Silvestre se ha completado con \u00e9xito<\/h4>\n\n<p>Siga el trabajo continuo sobre carn\u00edvoros urbanos y silvestres del Zool\u00f3gico Woodland Park a trav\u00e9s del <a href=\"https:\/\/zoo.org\/es\/proyecto-carnivoro-urbano-de-seattle\/\">Proyecto Carn\u00edvoros Urbanos de Seattle<\/a> .<\/p>\n\n<p><a href=\"https:\/\/digital.lib.washington.edu\/researchworks\/items\/614455e8-871b-444a-b377-e5ff13659768\" target=\"_blank\" rel=\"noreferrer noopener\">Consulte la tesis de Michael Havrda para obtener m\u00e1s informaci\u00f3n.<\/a><\/p>\n\n<h3 class=\"wp-block-heading\">Los humanos y los carn\u00edvoros pueden coexistir en el oeste de Washington<\/h3>\n\n<p>El Proyecto de Carn\u00edvoros Urbanos y Silvestres de Washington explora maneras de promover la coexistencia entre humanos y carn\u00edvoros en los condados de King y Snohomish. En una colaboraci\u00f3n entre el Zool\u00f3gico Woodland Park y la Facultad de Ciencias Ambientales y Forestales de la Universidad de Washington (UW), la investigaci\u00f3n explora c\u00f3mo los carn\u00edvoros responden a la urbanizaci\u00f3n y la actividad humana mediante el estudio de d\u00f3nde y cu\u00e1ndo se encuentran y qu\u00e9 sucede en el sistema cuando los carn\u00edvoros \u00e1pice est\u00e1n ausentes. El Dr. Robert Long, cient\u00edfico s\u00e9nior en conservaci\u00f3n del Zool\u00f3gico Woodland Park, supervisa el proyecto para el zool\u00f3gico, y el estudiante de posgrado de la UW, Michael Havrda, coordina y realiza la investigaci\u00f3n sobre el terreno. El Sr. Havrda cuenta con la asesor\u00eda de Aaron Wirsing, PhD, del Laboratorio de Ecolog\u00eda de Depredadores de la Facultad de Ciencias Ambientales y Forestales de la UW.   <\/p>\n<style>.kb-row-layout-wrap.wp-block-kadence-rowlayout.kb-row-layout-id4388_dc9b80-b0{margin-top:var(--global-kb-spacing-lg, 3rem);margin-bottom:var(--global-kb-spacing-md, 2rem);}.kb-row-layout-id4388_dc9b80-b0 > .kt-row-column-wrap{align-content:start;}:where(.kb-row-layout-id4388_dc9b80-b0 > .kt-row-column-wrap) > .wp-block-kadence-column{justify-content:start;}.kb-row-layout-id4388_dc9b80-b0 > .kt-row-column-wrap{column-gap:var(--global-kb-gap-md, 2rem);row-gap:var(--global-kb-gap-md, 2rem);padding-top:0px;padding-right:0px;padding-bottom:0px;padding-left:0px;grid-template-columns:minmax(0, 1fr) minmax(0, 2fr);}.kb-row-layout-id4388_dc9b80-b0 > .kt-row-layout-overlay{opacity:0.30;}@media all and (max-width: 1024px){.kb-row-layout-id4388_dc9b80-b0 > .kt-row-column-wrap{grid-template-columns:minmax(0, 1fr) minmax(0, 2fr);}}@media all and (max-width: 767px){.kb-row-layout-id4388_dc9b80-b0 > .kt-row-column-wrap{grid-template-columns:minmax(0, 1fr);}}<\/style><div class=\"kb-row-layout-wrap kb-row-layout-id4388_dc9b80-b0 alignnone wp-block-kadence-rowlayout\"><div class=\"kt-row-column-wrap kt-has-2-columns kt-row-layout-right-golden kt-tab-layout-inherit kt-mobile-layout-row kt-row-valign-top\">\n<style>.kadence-column4388_4b02cd-30 > .kt-inside-inner-col,.kadence-column4388_4b02cd-30 > .kt-inside-inner-col:before{border-top-left-radius:0px;border-top-right-radius:0px;border-bottom-right-radius:0px;border-bottom-left-radius:0px;}.kadence-column4388_4b02cd-30 > .kt-inside-inner-col{column-gap:var(--global-kb-gap-sm, 1rem);}.kadence-column4388_4b02cd-30 > .kt-inside-inner-col{flex-direction:column;}.kadence-column4388_4b02cd-30 > .kt-inside-inner-col > .aligncenter{width:100%;}.kadence-column4388_4b02cd-30 > .kt-inside-inner-col:before{opacity:0.3;}.kadence-column4388_4b02cd-30{position:relative;}@media all and (max-width: 1024px){.kadence-column4388_4b02cd-30 > .kt-inside-inner-col{flex-direction:column;justify-content:center;}}@media all and (max-width: 767px){.kadence-column4388_4b02cd-30 > .kt-inside-inner-col{flex-direction:column;justify-content:center;}}<\/style>\n<div class=\"wp-block-kadence-column kadence-column4388_4b02cd-30\"><div class=\"kt-inside-inner-col\"><style>.kb-image4388_440f7c-09 .kb-image-has-overlay:after{opacity:0.3;}<\/style>\n<figure class=\"wp-block-kadence-image kb-image4388_440f7c-09 size-full\"><img loading=\"lazy\" decoding=\"async\" width=\"800\" height=\"533\" src=\"https:\/\/zoo.org\/wp-content\/uploads\/2025\/09\/nw-carnivores-lynx-trailcam.jpg\" alt=\"Un lince canadiense de pelaje espeso camina por una zona boscosa con \u00e1rboles verdes, hierba y ramas ca\u00eddas en el suelo.\" class=\"kb-img wp-image-4266\" srcset=\"https:\/\/zoo.org\/wp-content\/uploads\/2025\/09\/nw-carnivores-lynx-trailcam.jpg 800w, https:\/\/zoo.org\/wp-content\/uploads\/2025\/09\/nw-carnivores-lynx-trailcam-300x200.jpg 300w, https:\/\/zoo.org\/wp-content\/uploads\/2025\/09\/nw-carnivores-lynx-trailcam-768x512.jpg 768w\" sizes=\"auto, (max-width: 800px) 100vw, 800px\" \/><\/figure>\n<\/div><\/div>\n\n\n<style>.kadence-column4388_13495d-56 > .kt-inside-inner-col{display:flex;}.kadence-column4388_13495d-56 > .kt-inside-inner-col,.kadence-column4388_13495d-56 > .kt-inside-inner-col:before{border-top-left-radius:0px;border-top-right-radius:0px;border-bottom-right-radius:0px;border-bottom-left-radius:0px;}.kadence-column4388_13495d-56 > .kt-inside-inner-col{column-gap:var(--global-kb-gap-sm, 1rem);}.kadence-column4388_13495d-56 > .kt-inside-inner-col{flex-direction:column;justify-content:center;}.kadence-column4388_13495d-56 > .kt-inside-inner-col > .aligncenter{width:100%;}.kt-row-column-wrap > .kadence-column4388_13495d-56{align-self:center;}.kt-inner-column-height-full:not(.kt-has-1-columns) > .wp-block-kadence-column.kadence-column4388_13495d-56{align-self:auto;}.kt-inner-column-height-full:not(.kt-has-1-columns) > .wp-block-kadence-column.kadence-column4388_13495d-56 > .kt-inside-inner-col{flex-direction:column;justify-content:center;}.kadence-column4388_13495d-56 > .kt-inside-inner-col:before{opacity:0.3;}.kadence-column4388_13495d-56{position:relative;}@media all and (max-width: 1024px){.kt-row-column-wrap > .kadence-column4388_13495d-56{align-self:center;}}@media all and (max-width: 1024px){.kt-inner-column-height-full:not(.kt-has-1-columns) > .wp-block-kadence-column.kadence-column4388_13495d-56{align-self:auto;}}@media all and (max-width: 1024px){.kt-inner-column-height-full:not(.kt-has-1-columns) > .wp-block-kadence-column.kadence-column4388_13495d-56 > .kt-inside-inner-col{flex-direction:column;justify-content:center;}}@media all and (max-width: 1024px){.kadence-column4388_13495d-56 > .kt-inside-inner-col{flex-direction:column;justify-content:center;}}@media all and (max-width: 767px){.kt-row-column-wrap > .kadence-column4388_13495d-56{align-self:center;}.kt-inner-column-height-full:not(.kt-has-1-columns) > .wp-block-kadence-column.kadence-column4388_13495d-56{align-self:auto;}.kt-inner-column-height-full:not(.kt-has-1-columns) > .wp-block-kadence-column.kadence-column4388_13495d-56 > .kt-inside-inner-col{flex-direction:column;justify-content:center;}.kadence-column4388_13495d-56 > .kt-inside-inner-col{flex-direction:column;justify-content:center;}}<\/style>\n<div class=\"wp-block-kadence-column kadence-column4388_13495d-56\"><div class=\"kt-inside-inner-col\">\n<h3 class=\"wp-block-heading\">Especies focales<\/h3>\n\n\n\n<ul class=\"wp-block-list\">\n<li>Pumas ( <em>Puma concolor<\/em> )<\/li>\n\n\n\n<li>Osos negros ( <em>Ursus americanus<\/em> )<\/li>\n\n\n\n<li>Linces rojos ( <em>Lynx rufus<\/em> )<\/li>\n\n\n\n<li>Coyotes ( <em>Canis latrans<\/em> )<\/li>\n\n\n\n<li>Mapaches ( <em>Procyon lotor<\/em> )<\/li>\n\n\n\n<li>Zarig\u00fceyas ( <em>Didelphis virginiana<\/em> )<\/li>\n<\/ul>\n<\/div><\/div>\n\n<\/div><\/div>\n<p>A medida que la urbanizaci\u00f3n contin\u00faa aumentando, la investigaci\u00f3n sobre las especies que se encuentran dentro del gradiente urbano-silvestre ayuda a sentar las bases para la planificaci\u00f3n del uso del suelo, la educaci\u00f3n p\u00fablica, la divulgaci\u00f3n y la conservaci\u00f3n. Estudiamos 180 ubicaciones a lo largo de un gradiente de intensidad de desarrollo humano, desde lo urbano hasta lo silvestre, en los condados de King y Snohomish. Instalamos c\u00e1maras activadas por movimiento en parches de bosque en terrenos federales, estatales y municipales, y en los patios traseros de 27 propietarios particulares que se ofrecieron como voluntarios para participar en el estudio. A lo largo de un a\u00f1o, nuestras c\u00e1maras fotografiaron a m\u00e1s de 1500 coyotes, 466 linces rojos, 214 osos negros, 271 mapaches, 169 zarig\u00fceyas y 31 pumas. Actualmente, estamos analizando todos los datos recopilados para determinar c\u00f3mo factores como la densidad de edificaciones, la disponibilidad de espacios verdes y el nivel de presencia humana afectan a las comunidades locales de carn\u00edvoros.    <\/p>\n\n<h3 class=\"wp-block-heading\">\u00bfPor qu\u00e9 carn\u00edvoros?<\/h3>\n\n<p>Los carn\u00edvoros son particularmente vulnerables al estr\u00e9s generado por la urbanizaci\u00f3n debido a sus amplias \u00e1reas de distribuci\u00f3n, baja densidad de poblaci\u00f3n y tasa de reproducci\u00f3n, y alto nivel de persecuci\u00f3n humana. A medida que se desarrolla un mayor h\u00e1bitat natural, los carn\u00edvoros se ver\u00e1n cada vez m\u00e1s obligados a utilizar \u00e1reas urbanizadas, lo que someter\u00e1 a estas poblaciones a un estr\u00e9s a\u00fan mayor y aumentar\u00e1 el riesgo de conflictos entre humanos y fauna silvestre. Dado que los carn\u00edvoros proporcionan diversos servicios ecosist\u00e9micos esenciales para el mantenimiento de ecosistemas saludables, el Proyecto de Carn\u00edvoros Urbanos y Silvestres de Washington busca comprender qu\u00e9 factores contribuyen a su persistencia en \u00e1reas urbanizadas, aumentar la seguridad p\u00fablica y promover una coexistencia exitosa.  <\/p>\n","protected":false},"excerpt":{"rendered":"<p>PROYECTO CARN\u00cdVORO URBANO-SILVESTRE SOBRE EL PROYECTO El Proyecto Carn\u00edvoro Urbano-Silvestre se ha completado con \u00e9xito Siga el trabajo continuo sobre carn\u00edvoros urbanos y silvestres del Zool\u00f3gico Woodland Park a trav\u00e9s [&hellip;]<\/p>\n","protected":false},"author":1,"featured_media":11276,"parent":0,"menu_order":0,"comment_status":"closed","ping_status":"closed","template":"","meta":{"_acf_changed":false,"_kad_blocks_custom_css":"","_kad_blocks_head_custom_js":"","_kad_blocks_body_custom_js":"","_kad_blocks_footer_custom_js":"","footnotes":""},"class_list":["post-11337","page","type-page","status-publish","has-post-thumbnail","hentry"],"blocksy_meta":[],"acf":[],"yoast_head":"<!-- This site is optimized with the Yoast SEO plugin v27.4 - https:\/\/yoast.com\/product\/yoast-seo-wordpress\/ -->\n<title>-<\/title>\n<meta name=\"description\" content=\"El Proyecto Carn\u00edvoro Urbano-Silvestre de Washington re\u00fane a investigadores del Zool\u00f3gico Woodland Park y de la Universidad de Washington para estudiar la actividad carn\u00edvora en el condado de King.\" \/>\n<meta name=\"robots\" content=\"index, follow, max-snippet:-1, max-image-preview:large, max-video-preview:-1\" \/>\n<link rel=\"canonical\" href=\"https:\/\/zoo.org\/es\/proyecto-carnivoro-urbano-silvestre\/\" \/>\n<meta property=\"og:locale\" content=\"es_ES\" \/>\n<meta property=\"og:type\" content=\"article\" \/>\n<meta property=\"og:title\" content=\"-\" \/>\n<meta property=\"og:description\" content=\"El Proyecto Carn\u00edvoro Urbano-Silvestre de Washington re\u00fane a investigadores del Zool\u00f3gico Woodland Park y de la Universidad de Washington para estudiar la actividad carn\u00edvora en el condado de King.\" \/>\n<meta property=\"og:url\" content=\"https:\/\/zoo.org\/es\/proyecto-carnivoro-urbano-silvestre\/\" \/>\n<meta property=\"og:site_name\" content=\"Zool\u00f3gico Woodland Park\" \/>\n<meta property=\"article:modified_time\" content=\"2025-12-20T02:23:42+00:00\" \/>\n<meta property=\"og:image\" content=\"https:\/\/zoo.org\/wp-content\/uploads\/2025\/09\/SUCP-Coyote-Photo-courtesy-of-Seattle-Urban-Carnivore-Project-WPZ-and-Seattle-University-web.jpg?wsr\" \/>\n\t<meta property=\"og:image:width\" content=\"800\" \/>\n\t<meta property=\"og:image:height\" content=\"533\" \/>\n\t<meta property=\"og:image:type\" content=\"image\/jpeg\" \/>\n<meta name=\"twitter:card\" content=\"summary_large_image\" \/>\n<script type=\"application\/ld+json\" class=\"yoast-schema-graph\">{\"@context\":\"https:\\\/\\\/schema.org\",\"@graph\":[{\"@type\":\"WebPage\",\"@id\":\"https:\\\/\\\/zoo.org\\\/es\\\/proyecto-carnivoro-urbano-silvestre\\\/\",\"url\":\"https:\\\/\\\/zoo.org\\\/es\\\/proyecto-carnivoro-urbano-silvestre\\\/\",\"name\":\"-\",\"isPartOf\":{\"@id\":\"https:\\\/\\\/zoo.org\\\/es\\\/#website\"},\"primaryImageOfPage\":{\"@id\":\"https:\\\/\\\/zoo.org\\\/es\\\/proyecto-carnivoro-urbano-silvestre\\\/#primaryimage\"},\"image\":{\"@id\":\"https:\\\/\\\/zoo.org\\\/es\\\/proyecto-carnivoro-urbano-silvestre\\\/#primaryimage\"},\"thumbnailUrl\":\"https:\\\/\\\/zoo.org\\\/wp-content\\\/uploads\\\/2025\\\/09\\\/SUCP-Coyote-Photo-courtesy-of-Seattle-Urban-Carnivore-Project-WPZ-and-Seattle-University-web.jpg?wsr\",\"datePublished\":\"2025-09-09T21:46:50+00:00\",\"dateModified\":\"2025-12-20T02:23:42+00:00\",\"description\":\"El Proyecto Carn\u00edvoro Urbano-Silvestre de Washington re\u00fane a investigadores del Zool\u00f3gico Woodland Park y de la Universidad de Washington para estudiar la actividad carn\u00edvora en el condado de King.\",\"breadcrumb\":{\"@id\":\"https:\\\/\\\/zoo.org\\\/es\\\/proyecto-carnivoro-urbano-silvestre\\\/#breadcrumb\"},\"inLanguage\":\"es\",\"potentialAction\":[{\"@type\":\"ReadAction\",\"target\":[\"https:\\\/\\\/zoo.org\\\/es\\\/proyecto-carnivoro-urbano-silvestre\\\/\"]}]},{\"@type\":\"ImageObject\",\"inLanguage\":\"es\",\"@id\":\"https:\\\/\\\/zoo.org\\\/es\\\/proyecto-carnivoro-urbano-silvestre\\\/#primaryimage\",\"url\":\"https:\\\/\\\/zoo.org\\\/wp-content\\\/uploads\\\/2025\\\/09\\\/SUCP-Coyote-Photo-courtesy-of-Seattle-Urban-Carnivore-Project-WPZ-and-Seattle-University-web.jpg?wsr\",\"contentUrl\":\"https:\\\/\\\/zoo.org\\\/wp-content\\\/uploads\\\/2025\\\/09\\\/SUCP-Coyote-Photo-courtesy-of-Seattle-Urban-Carnivore-Project-WPZ-and-Seattle-University-web.jpg?wsr\",\"width\":800,\"height\":533,\"caption\":\"Un coyote se sienta en el suelo del bosque rodeado de plantas y \u00e1rboles verdes, mirando directamente a la c\u00e1mara.\"},{\"@type\":\"BreadcrumbList\",\"@id\":\"https:\\\/\\\/zoo.org\\\/es\\\/proyecto-carnivoro-urbano-silvestre\\\/#breadcrumb\",\"itemListElement\":[{\"@type\":\"ListItem\",\"position\":1,\"name\":\"Hogar\",\"item\":\"https:\\\/\\\/zoo.org\\\/es\\\/\"},{\"@type\":\"ListItem\",\"position\":2,\"name\":\"Proyecto Carn\u00edvoro Urbano-Silvestre\"}]},{\"@type\":\"WebSite\",\"@id\":\"https:\\\/\\\/zoo.org\\\/es\\\/#website\",\"url\":\"https:\\\/\\\/zoo.org\\\/es\\\/\",\"name\":\"Zool\u00f3gico Woodland Park\",\"description\":\"El Zool\u00f3gico Woodland Park salva la vida silvestre e inspira a todos a hacer de la conservaci\u00f3n una prioridad en sus vidas.\",\"publisher\":{\"@id\":\"https:\\\/\\\/zoo.org\\\/es\\\/#organization\"},\"potentialAction\":[{\"@type\":\"SearchAction\",\"target\":{\"@type\":\"EntryPoint\",\"urlTemplate\":\"https:\\\/\\\/zoo.org\\\/es\\\/?s={search_term_string}\"},\"query-input\":{\"@type\":\"PropertyValueSpecification\",\"valueRequired\":true,\"valueName\":\"search_term_string\"}}],\"inLanguage\":\"es\"},{\"@type\":\"Organization\",\"@id\":\"https:\\\/\\\/zoo.org\\\/es\\\/#organization\",\"name\":\"Zool\u00f3gico Woodland Park\",\"url\":\"https:\\\/\\\/zoo.org\\\/es\\\/\",\"logo\":{\"@type\":\"ImageObject\",\"inLanguage\":\"es\",\"@id\":\"https:\\\/\\\/zoo.org\\\/es\\\/#\\\/schema\\\/logo\\\/image\\\/\",\"url\":\"https:\\\/\\\/zoo.org\\\/wp-content\\\/uploads\\\/2026\\\/01\\\/WPZ-Logo_white-SVG.svg?wsr\",\"contentUrl\":\"https:\\\/\\\/zoo.org\\\/wp-content\\\/uploads\\\/2026\\\/01\\\/WPZ-Logo_white-SVG.svg?wsr\",\"width\":288,\"height\":282,\"caption\":\"Zool\u00f3gico Woodland Park\"},\"image\":{\"@id\":\"https:\\\/\\\/zoo.org\\\/es\\\/#\\\/schema\\\/logo\\\/image\\\/\"}}]}<\/script>\n<!-- \/ Yoast SEO plugin. -->","yoast_head_json":{"title":"-","description":"El Proyecto Carn\u00edvoro Urbano-Silvestre de Washington re\u00fane a investigadores del Zool\u00f3gico Woodland Park y de la Universidad de Washington para estudiar la actividad carn\u00edvora en el condado de King.","robots":{"index":"index","follow":"follow","max-snippet":"max-snippet:-1","max-image-preview":"max-image-preview:large","max-video-preview":"max-video-preview:-1"},"canonical":"https:\/\/zoo.org\/es\/proyecto-carnivoro-urbano-silvestre\/","og_locale":"es_ES","og_type":"article","og_title":"-","og_description":"El Proyecto Carn\u00edvoro Urbano-Silvestre de Washington re\u00fane a investigadores del Zool\u00f3gico Woodland Park y de la Universidad de Washington para estudiar la actividad carn\u00edvora en el condado de King.","og_url":"https:\/\/zoo.org\/es\/proyecto-carnivoro-urbano-silvestre\/","og_site_name":"Zool\u00f3gico Woodland Park","article_modified_time":"2025-12-20T02:23:42+00:00","og_image":[{"width":800,"height":533,"url":"https:\/\/zoo.org\/wp-content\/uploads\/2025\/09\/SUCP-Coyote-Photo-courtesy-of-Seattle-Urban-Carnivore-Project-WPZ-and-Seattle-University-web.jpg?wsr","type":"image\/jpeg"}],"twitter_card":"summary_large_image","schema":{"@context":"https:\/\/schema.org","@graph":[{"@type":"WebPage","@id":"https:\/\/zoo.org\/es\/proyecto-carnivoro-urbano-silvestre\/","url":"https:\/\/zoo.org\/es\/proyecto-carnivoro-urbano-silvestre\/","name":"-","isPartOf":{"@id":"https:\/\/zoo.org\/es\/#website"},"primaryImageOfPage":{"@id":"https:\/\/zoo.org\/es\/proyecto-carnivoro-urbano-silvestre\/#primaryimage"},"image":{"@id":"https:\/\/zoo.org\/es\/proyecto-carnivoro-urbano-silvestre\/#primaryimage"},"thumbnailUrl":"https:\/\/zoo.org\/wp-content\/uploads\/2025\/09\/SUCP-Coyote-Photo-courtesy-of-Seattle-Urban-Carnivore-Project-WPZ-and-Seattle-University-web.jpg?wsr","datePublished":"2025-09-09T21:46:50+00:00","dateModified":"2025-12-20T02:23:42+00:00","description":"El Proyecto Carn\u00edvoro Urbano-Silvestre de Washington re\u00fane a investigadores del Zool\u00f3gico Woodland Park y de la Universidad de Washington para estudiar la actividad carn\u00edvora en el condado de King.","breadcrumb":{"@id":"https:\/\/zoo.org\/es\/proyecto-carnivoro-urbano-silvestre\/#breadcrumb"},"inLanguage":"es","potentialAction":[{"@type":"ReadAction","target":["https:\/\/zoo.org\/es\/proyecto-carnivoro-urbano-silvestre\/"]}]},{"@type":"ImageObject","inLanguage":"es","@id":"https:\/\/zoo.org\/es\/proyecto-carnivoro-urbano-silvestre\/#primaryimage","url":"https:\/\/zoo.org\/wp-content\/uploads\/2025\/09\/SUCP-Coyote-Photo-courtesy-of-Seattle-Urban-Carnivore-Project-WPZ-and-Seattle-University-web.jpg?wsr","contentUrl":"https:\/\/zoo.org\/wp-content\/uploads\/2025\/09\/SUCP-Coyote-Photo-courtesy-of-Seattle-Urban-Carnivore-Project-WPZ-and-Seattle-University-web.jpg?wsr","width":800,"height":533,"caption":"Un coyote se sienta en el suelo del bosque rodeado de plantas y \u00e1rboles verdes, mirando directamente a la c\u00e1mara."},{"@type":"BreadcrumbList","@id":"https:\/\/zoo.org\/es\/proyecto-carnivoro-urbano-silvestre\/#breadcrumb","itemListElement":[{"@type":"ListItem","position":1,"name":"Hogar","item":"https:\/\/zoo.org\/es\/"},{"@type":"ListItem","position":2,"name":"Proyecto Carn\u00edvoro Urbano-Silvestre"}]},{"@type":"WebSite","@id":"https:\/\/zoo.org\/es\/#website","url":"https:\/\/zoo.org\/es\/","name":"Zool\u00f3gico Woodland Park","description":"El Zool\u00f3gico Woodland Park salva la vida silvestre e inspira a todos a hacer de la conservaci\u00f3n una prioridad en sus vidas.","publisher":{"@id":"https:\/\/zoo.org\/es\/#organization"},"potentialAction":[{"@type":"SearchAction","target":{"@type":"EntryPoint","urlTemplate":"https:\/\/zoo.org\/es\/?s={search_term_string}"},"query-input":{"@type":"PropertyValueSpecification","valueRequired":true,"valueName":"search_term_string"}}],"inLanguage":"es"},{"@type":"Organization","@id":"https:\/\/zoo.org\/es\/#organization","name":"Zool\u00f3gico Woodland Park","url":"https:\/\/zoo.org\/es\/","logo":{"@type":"ImageObject","inLanguage":"es","@id":"https:\/\/zoo.org\/es\/#\/schema\/logo\/image\/","url":"https:\/\/zoo.org\/wp-content\/uploads\/2026\/01\/WPZ-Logo_white-SVG.svg?wsr","contentUrl":"https:\/\/zoo.org\/wp-content\/uploads\/2026\/01\/WPZ-Logo_white-SVG.svg?wsr","width":288,"height":282,"caption":"Zool\u00f3gico Woodland Park"},"image":{"@id":"https:\/\/zoo.org\/es\/#\/schema\/logo\/image\/"}}]}},"taxonomy_info":[],"featured_image_src_large":["https:\/\/zoo.org\/wp-content\/uploads\/2025\/09\/SUCP-Coyote-Photo-courtesy-of-Seattle-Urban-Carnivore-Project-WPZ-and-Seattle-University-web.jpg?wsr",800,533,false],"author_info":{"display_name":"jloughlin","author_link":"https:\/\/zoo.org\/es\/author\/jloughlin\/"},"comment_info":0,"_links":{"self":[{"href":"https:\/\/zoo.org\/es\/wp-json\/wp\/v2\/pages\/11337","targetHints":{"allow":["GET"]}}],"collection":[{"href":"https:\/\/zoo.org\/es\/wp-json\/wp\/v2\/pages"}],"about":[{"href":"https:\/\/zoo.org\/es\/wp-json\/wp\/v2\/types\/page"}],"author":[{"embeddable":true,"href":"https:\/\/zoo.org\/es\/wp-json\/wp\/v2\/users\/1"}],"replies":[{"embeddable":true,"href":"https:\/\/zoo.org\/es\/wp-json\/wp\/v2\/comments?post=11337"}],"version-history":[{"count":0,"href":"https:\/\/zoo.org\/es\/wp-json\/wp\/v2\/pages\/11337\/revisions"}],"wp:featuredmedia":[{"embeddable":true,"href":"https:\/\/zoo.org\/es\/wp-json\/wp\/v2\/media\/11276"}],"wp:attachment":[{"href":"https:\/\/zoo.org\/es\/wp-json\/wp\/v2\/media?parent=11337"}],"curies":[{"name":"wp","href":"https:\/\/api.w.org\/{rel}","templated":true}]}}