{"id":11357,"date":"2025-09-09T14:55:38","date_gmt":"2025-09-09T21:55:38","guid":{"rendered":"https:\/\/zoo.org\/observador-de-nutrias\/"},"modified":"2025-12-12T17:45:14","modified_gmt":"2025-12-13T01:45:14","slug":"observador-de-nutrias","status":"publish","type":"page","link":"https:\/\/zoo.org\/es\/observador-de-nutrias\/","title":{"rendered":"Observador de nutrias"},"content":{"rendered":"\n<div class=\"wp-block-cover alignfull is-light hero\" style=\"margin-top:0;margin-bottom:0\"><img loading=\"lazy\" decoding=\"async\" width=\"1920\" height=\"400\" class=\"wp-block-cover__image-background wp-image-3476 size-full\" alt=\"\" src=\"https:\/\/zoo.org\/wp-content\/uploads\/2025\/08\/River-Otter-Header-Image2.jpg\" data-object-fit=\"cover\" srcset=\"https:\/\/zoo.org\/wp-content\/uploads\/2025\/08\/River-Otter-Header-Image2.jpg 1920w, https:\/\/zoo.org\/wp-content\/uploads\/2025\/08\/River-Otter-Header-Image2-300x63.jpg 300w, https:\/\/zoo.org\/wp-content\/uploads\/2025\/08\/River-Otter-Header-Image2-1024x213.jpg 1024w, https:\/\/zoo.org\/wp-content\/uploads\/2025\/08\/River-Otter-Header-Image2-768x160.jpg 768w, https:\/\/zoo.org\/wp-content\/uploads\/2025\/08\/River-Otter-Header-Image2-1536x320.jpg 1536w\" sizes=\"auto, (max-width: 1920px) 100vw, 1920px\" \/><span aria-hidden=\"true\" class=\"wp-block-cover__background has-background-dim-0 has-background-dim\" style=\"background-color:#979f84\"><\/span><div class=\"wp-block-cover__inner-container is-layout-constrained wp-block-cover-is-layout-constrained\">\n<p class=\"has-text-align-center has-large-font-size\"><\/p>\n<\/div><\/div>\n\n<div class=\"wp-block-group is-layout-constrained wp-block-group-is-layout-constrained\" style=\"margin-top:2em;margin-bottom:3em\">\n<h1 class=\"wp-block-heading has-text-align-center\" style=\"margin-top:0.65em;margin-bottom:0.275em\">OBSERVADOR DE NUTRIAS<\/h1>\n\n\n\n<p class=\"has-text-align-center has-palette-color-3-color has-text-color has-link-color wp-elements-a69e221b74bd3edc6dafcf81464c4f3d\" style=\"margin-bottom:1em;font-size:clamp(0.984em, 0.984rem + ((1vw - 0.2em) * 0.645), 1.5em);font-style:normal;font-weight:500;line-height:1.5\">El proyecto de nutrias del Zool\u00f3gico Woodland Park ha concluido, pero le invitamos a continuar enviando avistamientos de nutrias en nuestro nuevo sitio Carnivore Spotter.<\/p>\n<\/div>\n\n<div class=\"wp-block-group alignfull divider is-layout-constrained wp-block-group-is-layout-constrained\">\n<h2 class=\"wp-block-heading alignfull has-text-align-center\">SOBRE EL PROYECTO<\/h2>\n<\/div>\n\n<div class=\"wp-block-group is-layout-constrained wp-block-group-is-layout-constrained\" style=\"margin-top:var(--wp--preset--spacing--60);margin-bottom:var(--wp--preset--spacing--60)\"><style>.kt-sc4392_dcf69d-05 .kt-sc-imgcol, .kt-sc4392_dcf69d-05 .kt-sc-textcol{min-height:345px;}.kt-sc4392_dcf69d-05 .kt-sc-imgcol{background-size:cover;background-image:url(https:\/\/zoo.org\/wp-content\/uploads\/2025\/09\/SUCP-Coyote2-Photo-courtesy-of-Seattle-Urban-Carnivore-Project-WPZ-and-Seattle-University-web.jpg);}.kt-sc4392_dcf69d-05 .kt-sc-textcol{padding-top:1em;padding-right:1.5em;padding-bottom:1em;padding-left:1.5em;}@media all and (max-width: 767px){.kt-sc4392_dcf69d-05 .kt-sc-imgcol, .kt-sc4392_dcf69d-05 .kt-sc-textcol{min-height:275px;}}<\/style>\n<div class=\"aligncenter kt-sc4392_dcf69d-05 wp-block-kadence-splitcontent\"><div class=\"kt-split-content-wrap kt-sc-media-side-left\" style=\"grid-template-columns:32% auto\"><div class=\"kt-sc-imgcol kt-sc-imgcol-bg-cover kt-sc-img-side-left\"><\/div><div class=\"kt-sc-textcol kt-sc-text-valign-center kt-sc-text-halign-left\" style=\"background-color:var(--theme-palette-color-17, #E6E6E6)\"><div class=\"kt-sc-innter-col\">\n<h3 class=\"wp-block-heading\">Observador de carn\u00edvoros<\/h3>\n\n\n\n<p>Miles de residentes del \u00e1rea de Seattle ya se han unido al movimiento para descubrir la vida silvestre que los rodea registrando sus avistamientos de carn\u00edvoros. \u00a1Visite <a href=\"https:\/\/www.carnivorespotter.org\/\" target=\"_blank\" rel=\"noreferrer noopener\">Carnivore Spotter<\/a> ahora para reportar sus avistamientos locales de carn\u00edvoros y explorarlos en todo Seattle! <\/p>\n\n\n\n<div class=\"wp-block-buttons is-layout-flex wp-block-buttons-is-layout-flex\" style=\"margin-top:var(--wp--preset--spacing--40);margin-bottom:var(--wp--preset--spacing--40)\">\n<div class=\"wp-block-button\"><a class=\"wp-block-button__link wp-element-button\" href=\"https:\/\/www.carnivorespotter.org\/\" target=\"_blank\" rel=\"noreferrer noopener\">Observador de carn\u00edvoros<\/a><\/div>\n<\/div>\n\n\n\n<p><em>Para obtener la mejor experiencia, utilice Carnivore Spotter en Chrome o Firefox.<\/em><\/p>\n<\/div><\/div><\/div><\/div>\n<\/div>\n\n<h4 class=\"wp-block-heading\">Este proyecto se ha completado con \u00e9xito.<\/h4>\n\n<p>De 2016 a 2019, el Zool\u00f3gico Woodland Park particip\u00f3 en un proyecto de investigaci\u00f3n sobre nutrias de r\u00edo en el condado de King. Les solicitamos su ayuda para reportar avistamientos de nutrias en la regi\u00f3n. \u00a1Gracias por enviar m\u00e1s de 1100 avistamientos a Otter Spotter! Sus avistamientos e informaci\u00f3n hicieron de Otter Spotter un gran \u00e9xito y apoyaron una valiosa investigaci\u00f3n sobre la ecolog\u00eda y la salud ambiental de las nutrias de r\u00edo. Aunque nuestro proyecto sobre nutrias ha concluido, pueden explorar los avistamientos de nutrias reportados a Otter Spotter entre abril de 2016 y julio de 2019 en el mapa a continuaci\u00f3n. Vean m\u00e1s resultados del proyecto de investigaci\u00f3n sobre nutrias de r\u00edo a continuaci\u00f3n.     <\/p>\n\n<h3 class=\"wp-block-heading\">Consejos y etiqueta para avistar nutrias<\/h3>\n\n<ul class=\"wp-block-list\">\n<li>Respete todas las se\u00f1ales publicadas y los l\u00edmites de propiedad al observar nutrias.<\/li>\n\n\n\n<li>Si ve una nutria, obs\u00e9rvela desde una distancia prudencial. No se acerque ni la moleste. <\/li>\n\n\n\n<li>Tome s\u00f3lo fotograf\u00edas y notas, nunca recursos o materiales del \u00e1rea de su avistamiento.<\/li>\n\n\n\n<li>Est\u00e9 atento a su entorno y mant\u00e9ngase seguro, especialmente cuando navegue por v\u00edas fluviales o \u00e1reas con baja visibilidad.<\/li>\n\n\n\n<li>Est\u00e9 preparado con equipo \u00fatil que incluya binoculares, c\u00e1mara y\/o cuaderno y bol\u00edgrafo para registrar observaciones y un detector o aplicaci\u00f3n de GPS.<\/li>\n\n\n\n<li>\u00bfNo est\u00e1s seguro de si has visto una nutria de r\u00edo o una nutria marina? Usa estos <a href=\"http:\/\/www.seattleaquarium.org\/document.doc?id=1661\" target=\"_blank\" rel=\"noreferrer noopener\">\u00fatiles consejos del Acuario de Seattle<\/a> para distinguirlas. <\/li>\n\n\n\n<li>Las nutrias de r\u00edo pueden confundirse con otras especies de fauna local. Consulta nuestra <a href=\"https:\/\/www.zoo.org\/document.doc?id=2342\" target=\"_blank\" rel=\"noreferrer noopener\">gu\u00eda de mam\u00edferos semiacu\u00e1ticos<\/a> para ayudarte a identificarlas. <\/li>\n<\/ul>\n\n<h3 class=\"wp-block-heading\">Centinelas de la Salud Ecol\u00f3gica: Acerca del Proyecto de Investigaci\u00f3n<\/h3>\n\n<p>El r\u00edo Green fluye desde las tierras silvestres no desarrolladas de Washington a trav\u00e9s de zonas cada vez m\u00e1s urbanizadas para convertirse en el r\u00edo Duwamish, el principal corredor industrial de Seattle desde principios del siglo XX. A lo largo de sus m\u00e1s de 148 kil\u00f3metros de recorrido, un mam\u00edfero que habita en el r\u00edo puede servir como un indicador elocuente del estado de esta importante v\u00eda fluvial: la nutria de r\u00edo norteamericana. <\/p>\n\n<p>La v\u00eda fluvial del Bajo Duwamish (LDW), los \u00faltimos 8 kil\u00f3metros del r\u00edo hasta su desembocadura en el estrecho de Puget, tiene una historia compleja y un futuro desafiante. La Agencia de Protecci\u00f3n Ambiental de EE. UU. ha identificado la LDW como un sitio Superfund para la remediaci\u00f3n ambiental en respuesta a la exposici\u00f3n prolongada a contaminantes industriales y la urgente preocupaci\u00f3n por los niveles de contaminantes. <\/p>\n\n<p>El estudio de las tendencias poblacionales de las nutrias de r\u00edo y los contaminantes presentes en sus excrementos a lo largo del r\u00edo Green-Duwamish ayud\u00f3 a establecer una base de referencia sobre la carga contaminante en diversas condiciones, incluyendo el estado de contaminaci\u00f3n actual del LDW. Estos datos emp\u00edricos pueden contribuir a la elaboraci\u00f3n de estudios a largo plazo y a definir estrategias de conservaci\u00f3n a medida que contin\u00faan las labores de remediaci\u00f3n en el sitio Superfund. <\/p>\n\n<p><a href=\"https:\/\/link.springer.com\/article\/10.1007\/s10661-022-10272-9\" target=\"_blank\" rel=\"noreferrer noopener\">Ver los resultados \u2013 Art\u00edculo publicado<\/a><\/p>\n\n<p><a href=\"https:\/\/www.zoo.org\/document.doc?id=2609\" target=\"_blank\" rel=\"noreferrer noopener\">Ver los resultados &#8211; P\u00f3ster<\/a><\/p>\n\n<p><a href=\"https:\/\/www.zoo.org\/document.doc?id=2610\" target=\"_blank\" rel=\"noreferrer noopener\">Ver los resultados &#8211; Resumen de una p\u00e1gina<\/a><\/p>\n","protected":false},"excerpt":{"rendered":"<p>OBSERVADOR DE NUTRIAS El proyecto de nutrias del Zool\u00f3gico Woodland Park ha concluido, pero le invitamos a continuar enviando avistamientos de nutrias en nuestro nuevo sitio Carnivore Spotter. SOBRE EL [&hellip;]<\/p>\n","protected":false},"author":1,"featured_media":0,"parent":0,"menu_order":0,"comment_status":"closed","ping_status":"closed","template":"","meta":{"_acf_changed":false,"_kad_blocks_custom_css":"","_kad_blocks_head_custom_js":"","_kad_blocks_body_custom_js":"","_kad_blocks_footer_custom_js":"","footnotes":""},"class_list":["post-11357","page","type-page","status-publish","hentry"],"blocksy_meta":[],"acf":[],"yoast_head":"<!-- This site is optimized with the Yoast SEO plugin v27.3 - https:\/\/yoast.com\/product\/yoast-seo-wordpress\/ -->\n<title>-<\/title>\n<meta name=\"description\" content=\"Env\u00ede sus avistamientos a Otter Spotter para ayudar al Zool\u00f3gico Woodland Park a rastrear nutrias de r\u00edo en todo el estado de Washington.\" \/>\n<meta name=\"robots\" content=\"index, follow, max-snippet:-1, max-image-preview:large, max-video-preview:-1\" \/>\n<link rel=\"canonical\" href=\"https:\/\/zoo.org\/es\/observador-de-nutrias\/\" \/>\n<meta property=\"og:locale\" content=\"es_ES\" \/>\n<meta property=\"og:type\" content=\"article\" \/>\n<meta property=\"og:title\" content=\"-\" \/>\n<meta property=\"og:description\" content=\"Env\u00ede sus avistamientos a Otter Spotter para ayudar al Zool\u00f3gico Woodland Park a rastrear nutrias de r\u00edo en todo el estado de Washington.\" \/>\n<meta property=\"og:url\" content=\"https:\/\/zoo.org\/es\/observador-de-nutrias\/\" \/>\n<meta property=\"og:site_name\" content=\"Zool\u00f3gico Woodland Park\" \/>\n<meta property=\"article:modified_time\" content=\"2025-12-13T01:45:14+00:00\" \/>\n<meta property=\"og:image\" content=\"https:\/\/zoo.org\/wp-content\/uploads\/2025\/08\/River-Otter-Header-Image2.jpg?wsr\" \/>\n\t<meta property=\"og:image:width\" content=\"1920\" \/>\n\t<meta property=\"og:image:height\" content=\"400\" \/>\n\t<meta property=\"og:image:type\" content=\"image\/jpeg\" \/>\n<meta name=\"twitter:card\" content=\"summary_large_image\" \/>\n<script type=\"application\/ld+json\" class=\"yoast-schema-graph\">{\"@context\":\"https:\\\/\\\/schema.org\",\"@graph\":[{\"@type\":\"WebPage\",\"@id\":\"https:\\\/\\\/zoo.org\\\/es\\\/observador-de-nutrias\\\/\",\"url\":\"https:\\\/\\\/zoo.org\\\/es\\\/observador-de-nutrias\\\/\",\"name\":\"-\",\"isPartOf\":{\"@id\":\"https:\\\/\\\/zoo.org\\\/es\\\/#website\"},\"primaryImageOfPage\":{\"@id\":\"https:\\\/\\\/zoo.org\\\/es\\\/observador-de-nutrias\\\/#primaryimage\"},\"image\":{\"@id\":\"https:\\\/\\\/zoo.org\\\/es\\\/observador-de-nutrias\\\/#primaryimage\"},\"thumbnailUrl\":\"https:\\\/\\\/zoo.org\\\/wp-content\\\/uploads\\\/2025\\\/08\\\/River-Otter-Header-Image2.jpg\",\"datePublished\":\"2025-09-09T21:55:38+00:00\",\"dateModified\":\"2025-12-13T01:45:14+00:00\",\"description\":\"Env\u00ede sus avistamientos a Otter Spotter para ayudar al Zool\u00f3gico Woodland Park a rastrear nutrias de r\u00edo en todo el estado de Washington.\",\"breadcrumb\":{\"@id\":\"https:\\\/\\\/zoo.org\\\/es\\\/observador-de-nutrias\\\/#breadcrumb\"},\"inLanguage\":\"es\",\"potentialAction\":[{\"@type\":\"ReadAction\",\"target\":[\"https:\\\/\\\/zoo.org\\\/es\\\/observador-de-nutrias\\\/\"]}]},{\"@type\":\"ImageObject\",\"inLanguage\":\"es\",\"@id\":\"https:\\\/\\\/zoo.org\\\/es\\\/observador-de-nutrias\\\/#primaryimage\",\"url\":\"https:\\\/\\\/zoo.org\\\/wp-content\\\/uploads\\\/2025\\\/08\\\/River-Otter-Header-Image2.jpg\",\"contentUrl\":\"https:\\\/\\\/zoo.org\\\/wp-content\\\/uploads\\\/2025\\\/08\\\/River-Otter-Header-Image2.jpg\"},{\"@type\":\"BreadcrumbList\",\"@id\":\"https:\\\/\\\/zoo.org\\\/es\\\/observador-de-nutrias\\\/#breadcrumb\",\"itemListElement\":[{\"@type\":\"ListItem\",\"position\":1,\"name\":\"Hogar\",\"item\":\"https:\\\/\\\/zoo.org\\\/es\\\/\"},{\"@type\":\"ListItem\",\"position\":2,\"name\":\"Observador de nutrias\"}]},{\"@type\":\"WebSite\",\"@id\":\"https:\\\/\\\/zoo.org\\\/es\\\/#website\",\"url\":\"https:\\\/\\\/zoo.org\\\/es\\\/\",\"name\":\"Zool\u00f3gico Woodland Park\",\"description\":\"El Zool\u00f3gico Woodland Park salva la vida silvestre e inspira a todos a hacer de la conservaci\u00f3n una prioridad en sus vidas.\",\"publisher\":{\"@id\":\"https:\\\/\\\/zoo.org\\\/es\\\/#organization\"},\"potentialAction\":[{\"@type\":\"SearchAction\",\"target\":{\"@type\":\"EntryPoint\",\"urlTemplate\":\"https:\\\/\\\/zoo.org\\\/es\\\/?s={search_term_string}\"},\"query-input\":{\"@type\":\"PropertyValueSpecification\",\"valueRequired\":true,\"valueName\":\"search_term_string\"}}],\"inLanguage\":\"es\"},{\"@type\":\"Organization\",\"@id\":\"https:\\\/\\\/zoo.org\\\/es\\\/#organization\",\"name\":\"Zool\u00f3gico Woodland Park\",\"url\":\"https:\\\/\\\/zoo.org\\\/es\\\/\",\"logo\":{\"@type\":\"ImageObject\",\"inLanguage\":\"es\",\"@id\":\"https:\\\/\\\/zoo.org\\\/es\\\/#\\\/schema\\\/logo\\\/image\\\/\",\"url\":\"https:\\\/\\\/zoo.org\\\/wp-content\\\/uploads\\\/2026\\\/01\\\/WPZ-Logo_white-SVG.svg?wsr\",\"contentUrl\":\"https:\\\/\\\/zoo.org\\\/wp-content\\\/uploads\\\/2026\\\/01\\\/WPZ-Logo_white-SVG.svg?wsr\",\"width\":288,\"height\":282,\"caption\":\"Zool\u00f3gico Woodland Park\"},\"image\":{\"@id\":\"https:\\\/\\\/zoo.org\\\/es\\\/#\\\/schema\\\/logo\\\/image\\\/\"}}]}<\/script>\n<!-- \/ Yoast SEO plugin. -->","yoast_head_json":{"title":"-","description":"Env\u00ede sus avistamientos a Otter Spotter para ayudar al Zool\u00f3gico Woodland Park a rastrear nutrias de r\u00edo en todo el estado de Washington.","robots":{"index":"index","follow":"follow","max-snippet":"max-snippet:-1","max-image-preview":"max-image-preview:large","max-video-preview":"max-video-preview:-1"},"canonical":"https:\/\/zoo.org\/es\/observador-de-nutrias\/","og_locale":"es_ES","og_type":"article","og_title":"-","og_description":"Env\u00ede sus avistamientos a Otter Spotter para ayudar al Zool\u00f3gico Woodland Park a rastrear nutrias de r\u00edo en todo el estado de Washington.","og_url":"https:\/\/zoo.org\/es\/observador-de-nutrias\/","og_site_name":"Zool\u00f3gico Woodland Park","article_modified_time":"2025-12-13T01:45:14+00:00","og_image":[{"width":1920,"height":400,"url":"https:\/\/zoo.org\/wp-content\/uploads\/2025\/08\/River-Otter-Header-Image2.jpg?wsr","type":"image\/jpeg"}],"twitter_card":"summary_large_image","schema":{"@context":"https:\/\/schema.org","@graph":[{"@type":"WebPage","@id":"https:\/\/zoo.org\/es\/observador-de-nutrias\/","url":"https:\/\/zoo.org\/es\/observador-de-nutrias\/","name":"-","isPartOf":{"@id":"https:\/\/zoo.org\/es\/#website"},"primaryImageOfPage":{"@id":"https:\/\/zoo.org\/es\/observador-de-nutrias\/#primaryimage"},"image":{"@id":"https:\/\/zoo.org\/es\/observador-de-nutrias\/#primaryimage"},"thumbnailUrl":"https:\/\/zoo.org\/wp-content\/uploads\/2025\/08\/River-Otter-Header-Image2.jpg","datePublished":"2025-09-09T21:55:38+00:00","dateModified":"2025-12-13T01:45:14+00:00","description":"Env\u00ede sus avistamientos a Otter Spotter para ayudar al Zool\u00f3gico Woodland Park a rastrear nutrias de r\u00edo en todo el estado de Washington.","breadcrumb":{"@id":"https:\/\/zoo.org\/es\/observador-de-nutrias\/#breadcrumb"},"inLanguage":"es","potentialAction":[{"@type":"ReadAction","target":["https:\/\/zoo.org\/es\/observador-de-nutrias\/"]}]},{"@type":"ImageObject","inLanguage":"es","@id":"https:\/\/zoo.org\/es\/observador-de-nutrias\/#primaryimage","url":"https:\/\/zoo.org\/wp-content\/uploads\/2025\/08\/River-Otter-Header-Image2.jpg","contentUrl":"https:\/\/zoo.org\/wp-content\/uploads\/2025\/08\/River-Otter-Header-Image2.jpg"},{"@type":"BreadcrumbList","@id":"https:\/\/zoo.org\/es\/observador-de-nutrias\/#breadcrumb","itemListElement":[{"@type":"ListItem","position":1,"name":"Hogar","item":"https:\/\/zoo.org\/es\/"},{"@type":"ListItem","position":2,"name":"Observador de nutrias"}]},{"@type":"WebSite","@id":"https:\/\/zoo.org\/es\/#website","url":"https:\/\/zoo.org\/es\/","name":"Zool\u00f3gico Woodland Park","description":"El Zool\u00f3gico Woodland Park salva la vida silvestre e inspira a todos a hacer de la conservaci\u00f3n una prioridad en sus vidas.","publisher":{"@id":"https:\/\/zoo.org\/es\/#organization"},"potentialAction":[{"@type":"SearchAction","target":{"@type":"EntryPoint","urlTemplate":"https:\/\/zoo.org\/es\/?s={search_term_string}"},"query-input":{"@type":"PropertyValueSpecification","valueRequired":true,"valueName":"search_term_string"}}],"inLanguage":"es"},{"@type":"Organization","@id":"https:\/\/zoo.org\/es\/#organization","name":"Zool\u00f3gico Woodland Park","url":"https:\/\/zoo.org\/es\/","logo":{"@type":"ImageObject","inLanguage":"es","@id":"https:\/\/zoo.org\/es\/#\/schema\/logo\/image\/","url":"https:\/\/zoo.org\/wp-content\/uploads\/2026\/01\/WPZ-Logo_white-SVG.svg?wsr","contentUrl":"https:\/\/zoo.org\/wp-content\/uploads\/2026\/01\/WPZ-Logo_white-SVG.svg?wsr","width":288,"height":282,"caption":"Zool\u00f3gico Woodland Park"},"image":{"@id":"https:\/\/zoo.org\/es\/#\/schema\/logo\/image\/"}}]}},"taxonomy_info":[],"featured_image_src_large":false,"author_info":{"display_name":"jloughlin","author_link":"https:\/\/zoo.org\/es\/author\/jloughlin\/"},"comment_info":0,"_links":{"self":[{"href":"https:\/\/zoo.org\/es\/wp-json\/wp\/v2\/pages\/11357","targetHints":{"allow":["GET"]}}],"collection":[{"href":"https:\/\/zoo.org\/es\/wp-json\/wp\/v2\/pages"}],"about":[{"href":"https:\/\/zoo.org\/es\/wp-json\/wp\/v2\/types\/page"}],"author":[{"embeddable":true,"href":"https:\/\/zoo.org\/es\/wp-json\/wp\/v2\/users\/1"}],"replies":[{"embeddable":true,"href":"https:\/\/zoo.org\/es\/wp-json\/wp\/v2\/comments?post=11357"}],"version-history":[{"count":0,"href":"https:\/\/zoo.org\/es\/wp-json\/wp\/v2\/pages\/11357\/revisions"}],"wp:attachment":[{"href":"https:\/\/zoo.org\/es\/wp-json\/wp\/v2\/media?parent=11357"}],"curies":[{"name":"wp","href":"https:\/\/api.w.org\/{rel}","templated":true}]}}