{"id":11710,"date":"2025-09-12T10:25:59","date_gmt":"2025-09-12T17:25:59","guid":{"rendered":"https:\/\/zoo.org\/salvando-la-vida-silvestre\/conservacion-comunitaria\/"},"modified":"2025-12-12T17:46:28","modified_gmt":"2025-12-13T01:46:28","slug":"conservacion-comunitaria","status":"publish","type":"page","link":"https:\/\/zoo.org\/es\/salvando-la-vida-silvestre\/conservacion-comunitaria\/","title":{"rendered":"Conservaci\u00f3n comunitaria"},"content":{"rendered":"\n<div class=\"wp-block-cover alignfull is-light hero\" style=\"margin-top:0;margin-bottom:0\"><img loading=\"lazy\" decoding=\"async\" width=\"1920\" height=\"400\" class=\"wp-block-cover__image-background wp-image-4630 size-full\" alt=\"\" src=\"https:\/\/zoo.org\/wp-content\/uploads\/2025\/09\/Borneo-Orangutan-Header-Image.jpg\" data-object-fit=\"cover\" srcset=\"https:\/\/zoo.org\/wp-content\/uploads\/2025\/09\/Borneo-Orangutan-Header-Image.jpg 1920w, https:\/\/zoo.org\/wp-content\/uploads\/2025\/09\/Borneo-Orangutan-Header-Image-300x63.jpg 300w, https:\/\/zoo.org\/wp-content\/uploads\/2025\/09\/Borneo-Orangutan-Header-Image-1024x213.jpg 1024w, https:\/\/zoo.org\/wp-content\/uploads\/2025\/09\/Borneo-Orangutan-Header-Image-768x160.jpg 768w, https:\/\/zoo.org\/wp-content\/uploads\/2025\/09\/Borneo-Orangutan-Header-Image-1536x320.jpg 1536w\" sizes=\"auto, (max-width: 1920px) 100vw, 1920px\" \/><span aria-hidden=\"true\" class=\"wp-block-cover__background has-background-dim-0 has-background-dim\" style=\"background-color:#929e61\"><\/span><div class=\"wp-block-cover__inner-container is-layout-constrained wp-block-cover-is-layout-constrained\">\n<p class=\"has-text-align-center has-large-font-size\"><\/p>\n<\/div><\/div>\n\n<div class=\"wp-block-group is-layout-constrained wp-block-group-is-layout-constrained\" style=\"margin-top:2em;margin-bottom:3em\">\n<h1 class=\"wp-block-heading has-text-align-center\" style=\"margin-top:0.65em;margin-bottom:0.275em\">Conservaci\u00f3n comunitaria<\/h1>\n<\/div>\n\n<div class=\"wp-block-group alignfull divider is-layout-constrained wp-block-group-is-layout-constrained\">\n<h2 class=\"wp-block-heading alignfull has-text-align-center\">CONSERVACI\u00d3N LIDERADA POR LA COMUNIDAD<\/h2>\n<\/div>\n\n<p>La poblaci\u00f3n local no solo debe beneficiarse de la conservaci\u00f3n, sino que tambi\u00e9n debe liderar los esfuerzos para preservar el territorio y la vida silvestre. Las iniciativas de conservaci\u00f3n del Zool\u00f3gico Woodland Park incluyen iniciativas comunitarias pioneras que conservan los paisajes, garantizando al mismo tiempo la propiedad, la toma de decisiones y los beneficios de la comunidad local. <\/p>\n\n<p>Entre los proyectos comunitarios pioneros se incluyen el desarrollo de instituciones de gobernanza, la creaci\u00f3n y gesti\u00f3n de \u00e1reas protegidas comunitarias, iniciativas de \u00abUna sola salud\u00bb centradas en la conservaci\u00f3n, empresas de medios de vida sostenibles y proyectos de educaci\u00f3n escolar y comunitaria. Desde Tanzania hasta Pap\u00faa Nueva Guinea, se empodera a las comunidades para gestionar sus tierras de forma sostenible. Adem\u00e1s, se les otorga una voz m\u00e1s fuerte a nivel local y nacional, ya que las nuevas instituciones de gobernanza proporcionan una plataforma para interactuar directamente con las entidades gubernamentales y la comunidad internacional en general.  <\/p>\n<style>.kb-row-layout-id4629_e6a7d0-f9 > .kt-row-column-wrap{align-content:start;}:where(.kb-row-layout-id4629_e6a7d0-f9 > .kt-row-column-wrap) > .wp-block-kadence-column{justify-content:start;}.kb-row-layout-id4629_e6a7d0-f9 > .kt-row-column-wrap{column-gap:var(--global-kb-gap-md, 2rem);row-gap:var(--global-kb-gap-md, 2rem);padding-top:var(--global-kb-spacing-sm, 1.5rem);padding-bottom:var(--global-kb-spacing-sm, 1.5rem);}.kb-row-layout-id4629_e6a7d0-f9 > .kt-row-column-wrap > div:not(.added-for-specificity){grid-column:initial;}.kb-row-layout-id4629_e6a7d0-f9 > .kt-row-column-wrap{grid-template-columns:repeat(3, minmax(0, 1fr));}.kb-row-layout-id4629_e6a7d0-f9 > .kt-row-layout-overlay{opacity:0.30;}@media all and (max-width: 1024px){.kb-row-layout-id4629_e6a7d0-f9 > .kt-row-column-wrap > div:not(.added-for-specificity){grid-column:initial;}}@media all and (max-width: 1024px){.kb-row-layout-id4629_e6a7d0-f9 > .kt-row-column-wrap{grid-template-columns:repeat(3, minmax(0, 1fr));}}@media all and (max-width: 767px){.kb-row-layout-id4629_e6a7d0-f9 > .kt-row-column-wrap > div:not(.added-for-specificity){grid-column:initial;}.kb-row-layout-id4629_e6a7d0-f9 > .kt-row-column-wrap{grid-template-columns:minmax(0, 1fr);}}<\/style><div class=\"kb-row-layout-wrap kb-row-layout-id4629_e6a7d0-f9 alignnone wp-block-kadence-rowlayout\"><div class=\"kt-row-column-wrap kt-has-3-columns kt-row-layout-equal kt-tab-layout-inherit kt-mobile-layout-row kt-row-valign-top\">\n<style>.kadence-column4629_ec903c-25 > .kt-inside-inner-col,.kadence-column4629_ec903c-25 > .kt-inside-inner-col:before{border-top-left-radius:0px;border-top-right-radius:0px;border-bottom-right-radius:0px;border-bottom-left-radius:0px;}.kadence-column4629_ec903c-25 > .kt-inside-inner-col{column-gap:var(--global-kb-gap-sm, 1rem);}.kadence-column4629_ec903c-25 > .kt-inside-inner-col{flex-direction:column;}.kadence-column4629_ec903c-25 > .kt-inside-inner-col > .aligncenter{width:100%;}.kadence-column4629_ec903c-25 > .kt-inside-inner-col:before{opacity:0.3;}.kadence-column4629_ec903c-25{position:relative;}@media all and (max-width: 1024px){.kadence-column4629_ec903c-25 > .kt-inside-inner-col{flex-direction:column;justify-content:center;}}@media all and (max-width: 767px){.kadence-column4629_ec903c-25 > .kt-inside-inner-col{flex-direction:column;justify-content:center;}}<\/style>\n<div class=\"wp-block-kadence-column kadence-column4629_ec903c-25\"><div class=\"kt-inside-inner-col\"><style>.kb-image4629_ed875c-ea .kb-image-has-overlay:after{opacity:0.3;}<\/style>\n<figure class=\"wp-block-kadence-image kb-image4629_ed875c-ea size-full\"><img loading=\"lazy\" decoding=\"async\" width=\"800\" height=\"533\" src=\"https:\/\/zoo.org\/wp-content\/uploads\/2025\/09\/Trackers-Muhire-and-Zebron-off-to-field-17-Aug-2020-KRC-Abavandimwe-web.jpg\" alt=\"Dos personas con uniformes de camuflaje verde y mascarillas se encuentran en un campo con monta\u00f1as al fondo. Ambas llevan gorras y mochilas, y una de ellas sostiene un bast\u00f3n.\" class=\"kb-img wp-image-4459\" srcset=\"https:\/\/zoo.org\/wp-content\/uploads\/2025\/09\/Trackers-Muhire-and-Zebron-off-to-field-17-Aug-2020-KRC-Abavandimwe-web.jpg 800w, https:\/\/zoo.org\/wp-content\/uploads\/2025\/09\/Trackers-Muhire-and-Zebron-off-to-field-17-Aug-2020-KRC-Abavandimwe-web-300x200.jpg 300w, https:\/\/zoo.org\/wp-content\/uploads\/2025\/09\/Trackers-Muhire-and-Zebron-off-to-field-17-Aug-2020-KRC-Abavandimwe-web-768x512.jpg 768w\" sizes=\"auto, (max-width: 800px) 100vw, 800px\" \/><\/figure>\n<\/div><\/div>\n\n\n<style>.kadence-column4629_583412-b5 > .kt-inside-inner-col,.kadence-column4629_583412-b5 > .kt-inside-inner-col:before{border-top-left-radius:0px;border-top-right-radius:0px;border-bottom-right-radius:0px;border-bottom-left-radius:0px;}.kadence-column4629_583412-b5 > .kt-inside-inner-col{column-gap:var(--global-kb-gap-sm, 1rem);}.kadence-column4629_583412-b5 > .kt-inside-inner-col{flex-direction:column;}.kadence-column4629_583412-b5 > .kt-inside-inner-col > .aligncenter{width:100%;}.kadence-column4629_583412-b5 > .kt-inside-inner-col:before{opacity:0.3;}.kadence-column4629_583412-b5{position:relative;}@media all and (max-width: 1024px){.kadence-column4629_583412-b5 > .kt-inside-inner-col{flex-direction:column;justify-content:center;}}@media all and (max-width: 767px){.kadence-column4629_583412-b5 > .kt-inside-inner-col{flex-direction:column;justify-content:center;}}<\/style>\n<div class=\"wp-block-kadence-column kadence-column4629_583412-b5\"><div class=\"kt-inside-inner-col\"><style>.kb-image4629_5bf921-9d .kb-image-has-overlay:after{opacity:0.3;}<\/style>\n<figure class=\"wp-block-kadence-image kb-image4629_5bf921-9d size-full\"><img loading=\"lazy\" decoding=\"async\" width=\"800\" height=\"533\" src=\"https:\/\/zoo.org\/wp-content\/uploads\/2025\/09\/FG-monitoring-training_Red-Panda-Network-web.jpg\" alt=\"Un grupo de seis personas, algunas sentadas y otras de pie, trabajan juntas al aire libre en una ladera con papeles y cuadernos, rodeados de plantas y un clima brumoso.\" class=\"kb-img wp-image-4454\" srcset=\"https:\/\/zoo.org\/wp-content\/uploads\/2025\/09\/FG-monitoring-training_Red-Panda-Network-web.jpg 800w, https:\/\/zoo.org\/wp-content\/uploads\/2025\/09\/FG-monitoring-training_Red-Panda-Network-web-300x200.jpg 300w, https:\/\/zoo.org\/wp-content\/uploads\/2025\/09\/FG-monitoring-training_Red-Panda-Network-web-768x512.jpg 768w\" sizes=\"auto, (max-width: 800px) 100vw, 800px\" \/><\/figure>\n<\/div><\/div>\n\n\n<style>.kadence-column4629_5a1919-50 > .kt-inside-inner-col,.kadence-column4629_5a1919-50 > .kt-inside-inner-col:before{border-top-left-radius:0px;border-top-right-radius:0px;border-bottom-right-radius:0px;border-bottom-left-radius:0px;}.kadence-column4629_5a1919-50 > .kt-inside-inner-col{column-gap:var(--global-kb-gap-sm, 1rem);}.kadence-column4629_5a1919-50 > .kt-inside-inner-col{flex-direction:column;}.kadence-column4629_5a1919-50 > .kt-inside-inner-col > .aligncenter{width:100%;}.kadence-column4629_5a1919-50 > .kt-inside-inner-col:before{opacity:0.3;}.kadence-column4629_5a1919-50{position:relative;}@media all and (max-width: 1024px){.kadence-column4629_5a1919-50 > .kt-inside-inner-col{flex-direction:column;justify-content:center;}}@media all and (max-width: 767px){.kadence-column4629_5a1919-50 > .kt-inside-inner-col{flex-direction:column;justify-content:center;}}<\/style>\n<div class=\"wp-block-kadence-column kadence-column4629_5a1919-50\"><div class=\"kt-inside-inner-col\"><style>.kb-image4629_204720-91 .kb-image-has-overlay:after{opacity:0.3;}<\/style>\n<figure class=\"wp-block-kadence-image kb-image4629_204720-91 size-full\"><img loading=\"lazy\" decoding=\"async\" width=\"800\" height=\"533\" src=\"https:\/\/zoo.org\/wp-content\/uploads\/2025\/09\/Interagency-training_Malayan-Tiger-Conservation-Rimba-web.jpg\" alt=\"Una persona camuflada se dirige a un grupo de personas que se encuentran sobre el c\u00e9sped en una zona boscosa al aire libre; el grupo viste ropa verde oscuro y negra y parece atento al orador.\" class=\"kb-img wp-image-4455\" srcset=\"https:\/\/zoo.org\/wp-content\/uploads\/2025\/09\/Interagency-training_Malayan-Tiger-Conservation-Rimba-web.jpg 800w, https:\/\/zoo.org\/wp-content\/uploads\/2025\/09\/Interagency-training_Malayan-Tiger-Conservation-Rimba-web-300x200.jpg 300w, https:\/\/zoo.org\/wp-content\/uploads\/2025\/09\/Interagency-training_Malayan-Tiger-Conservation-Rimba-web-768x512.jpg 768w\" sizes=\"auto, (max-width: 800px) 100vw, 800px\" \/><\/figure>\n<\/div><\/div>\n\n<\/div><\/div>\n<div class=\"wp-block-group alignfull divider is-layout-constrained wp-block-group-is-layout-constrained\">\n<h2 class=\"wp-block-heading alignfull has-text-align-center\">Coexistencia<\/h2>\n<\/div>\n\n<h3 class=\"wp-block-heading\">Fomentar la coexistencia entre las personas y la vida silvestre<\/h3>\n\n<p>A medida que las especies se recuperan, o donde a\u00fan existen en abundancia, puede ser necesario encontrar formas de ayudar a las personas a vivir junto a sus vecinos salvajes y, al mismo tiempo, evitar conflictos.<\/p>\n\n<p>A medida que la poblaci\u00f3n mundial aumenta y los paisajes silvestres desaparecen o se reducen, los humanos y la vida silvestre interactuar\u00e1n con mayor frecuencia, y la necesidad de fomentar la coexistencia cobrar\u00e1 cada vez mayor importancia. El Zool\u00f3gico Woodland Park continuar\u00e1 implementando estrategias de coexistencia en todos nuestros paisajes, incluyendo aqu\u00ed en el Pac\u00edfico Noroeste. <\/p>\n\n<div class=\"wp-block-group is-layout-constrained wp-block-group-is-layout-constrained\" style=\"margin-top:var(--wp--preset--spacing--60)\"><style>.kt-sc4629_9a7c9e-65 .kt-sc-imgcol, .kt-sc4629_9a7c9e-65 .kt-sc-textcol{min-height:345px;}.kt-sc4629_9a7c9e-65 .kt-sc-imgcol{background-size:cover;background-image:url(https:\/\/zoo.org\/wp-content\/uploads\/2025\/09\/Biodiversity-Survey-in-Customary-Forest-web.jpg);}.kt-sc4629_9a7c9e-65 .kt-sc-textcol{padding-top:1em;padding-right:1.5em;padding-bottom:1em;padding-left:1.5em;}@media all and (max-width: 767px){.kt-sc4629_9a7c9e-65 .kt-sc-imgcol, .kt-sc4629_9a7c9e-65 .kt-sc-textcol{min-height:275px;}}<\/style>\n<div class=\"aligncenter kt-sc4629_9a7c9e-65 wp-block-kadence-splitcontent\"><div class=\"kt-split-content-wrap kt-sc-media-side-left\" style=\"grid-template-columns:32% auto\"><div class=\"kt-sc-imgcol kt-sc-imgcol-bg-cover kt-sc-img-side-left\"><\/div><div class=\"kt-sc-textcol kt-sc-text-valign-center kt-sc-text-halign-left\" style=\"background-color:var(--theme-palette-color-17, #E6E6E6)\"><div class=\"kt-sc-innter-col\">\n<h3 class=\"wp-block-heading\">Limitar los conflictos entre humanos y vida silvestre<\/h3>\n\n\n\n<p>En algunos casos, esto puede implicar formas de evitar o limitar los conflictos entre humanos y fauna silvestre, como la construcci\u00f3n de corrales a prueba de depredadores para el ganado, como se hace en Tanzania (leones) y Kirguist\u00e1n (leopardos de las nieves). Podr\u00eda estar ayudando a encontrar maneras de que las personas convivan pac\u00edficamente con la fauna silvestre, como lo hacemos en Malasia (tigres), Borneo (elefantes y orangutanes), la cuenca del Congo (gorilas) o incluso en la zona urbana de Seattle, Washington, y sus alrededores (coyotes, linces rojos, osos y la poblaci\u00f3n de lobos, que se recupera lentamente en el estado). <\/p>\n<\/div><\/div><\/div><\/div>\n<\/div>\n","protected":false},"excerpt":{"rendered":"<p>Conservaci\u00f3n comunitaria CONSERVACI\u00d3N LIDERADA POR LA COMUNIDAD La poblaci\u00f3n local no solo debe beneficiarse de la conservaci\u00f3n, sino que tambi\u00e9n debe liderar los esfuerzos para preservar el territorio y la [&hellip;]<\/p>\n","protected":false},"author":1,"featured_media":11711,"parent":11142,"menu_order":0,"comment_status":"closed","ping_status":"closed","template":"","meta":{"_acf_changed":false,"_kad_blocks_custom_css":"","_kad_blocks_head_custom_js":"","_kad_blocks_body_custom_js":"","_kad_blocks_footer_custom_js":"","footnotes":""},"class_list":["post-11710","page","type-page","status-publish","has-post-thumbnail","hentry"],"blocksy_meta":[],"acf":[],"yoast_head":"<!-- This site is optimized with the Yoast SEO plugin v27.4 - https:\/\/yoast.com\/product\/yoast-seo-wordpress\/ -->\n<title>-<\/title>\n<meta name=\"description\" content=\"La poblaci\u00f3n local no s\u00f3lo debe beneficiarse de la conservaci\u00f3n, sino que tambi\u00e9n debe liderar los esfuerzos para preservar la tierra y la vida silvestre.\" \/>\n<meta name=\"robots\" content=\"index, follow, max-snippet:-1, max-image-preview:large, max-video-preview:-1\" \/>\n<link rel=\"canonical\" href=\"https:\/\/zoo.org\/es\/salvando-la-vida-silvestre\/conservacion-comunitaria\/\" \/>\n<meta property=\"og:locale\" content=\"es_ES\" \/>\n<meta property=\"og:type\" content=\"article\" \/>\n<meta property=\"og:title\" content=\"-\" \/>\n<meta property=\"og:description\" content=\"La poblaci\u00f3n local no s\u00f3lo debe beneficiarse de la conservaci\u00f3n, sino que tambi\u00e9n debe liderar los esfuerzos para preservar la tierra y la vida silvestre.\" \/>\n<meta property=\"og:url\" content=\"https:\/\/zoo.org\/es\/salvando-la-vida-silvestre\/conservacion-comunitaria\/\" \/>\n<meta property=\"og:site_name\" content=\"Zool\u00f3gico Woodland Park\" \/>\n<meta property=\"article:modified_time\" content=\"2025-12-13T01:46:28+00:00\" \/>\n<meta property=\"og:image\" content=\"https:\/\/zoo.org\/wp-content\/uploads\/2025\/09\/FG-monitoring-training_Red-Panda-Network-web.jpg\" \/>\n\t<meta property=\"og:image:width\" content=\"800\" \/>\n\t<meta property=\"og:image:height\" content=\"533\" \/>\n\t<meta property=\"og:image:type\" content=\"image\/jpeg\" \/>\n<meta name=\"twitter:card\" content=\"summary_large_image\" \/>\n<script type=\"application\/ld+json\" class=\"yoast-schema-graph\">{\"@context\":\"https:\\\/\\\/schema.org\",\"@graph\":[{\"@type\":\"WebPage\",\"@id\":\"https:\\\/\\\/zoo.org\\\/es\\\/salvando-la-vida-silvestre\\\/conservacion-comunitaria\\\/\",\"url\":\"https:\\\/\\\/zoo.org\\\/es\\\/salvando-la-vida-silvestre\\\/conservacion-comunitaria\\\/\",\"name\":\"-\",\"isPartOf\":{\"@id\":\"https:\\\/\\\/zoo.org\\\/es\\\/#website\"},\"primaryImageOfPage\":{\"@id\":\"https:\\\/\\\/zoo.org\\\/es\\\/salvando-la-vida-silvestre\\\/conservacion-comunitaria\\\/#primaryimage\"},\"image\":{\"@id\":\"https:\\\/\\\/zoo.org\\\/es\\\/salvando-la-vida-silvestre\\\/conservacion-comunitaria\\\/#primaryimage\"},\"thumbnailUrl\":\"https:\\\/\\\/zoo.org\\\/wp-content\\\/uploads\\\/2025\\\/09\\\/FG-monitoring-training_Red-Panda-Network-web.jpg?wsr\",\"datePublished\":\"2025-09-12T17:25:59+00:00\",\"dateModified\":\"2025-12-13T01:46:28+00:00\",\"description\":\"La poblaci\u00f3n local no s\u00f3lo debe beneficiarse de la conservaci\u00f3n, sino que tambi\u00e9n debe liderar los esfuerzos para preservar la tierra y la vida silvestre.\",\"breadcrumb\":{\"@id\":\"https:\\\/\\\/zoo.org\\\/es\\\/salvando-la-vida-silvestre\\\/conservacion-comunitaria\\\/#breadcrumb\"},\"inLanguage\":\"es\",\"potentialAction\":[{\"@type\":\"ReadAction\",\"target\":[\"https:\\\/\\\/zoo.org\\\/es\\\/salvando-la-vida-silvestre\\\/conservacion-comunitaria\\\/\"]}]},{\"@type\":\"ImageObject\",\"inLanguage\":\"es\",\"@id\":\"https:\\\/\\\/zoo.org\\\/es\\\/salvando-la-vida-silvestre\\\/conservacion-comunitaria\\\/#primaryimage\",\"url\":\"https:\\\/\\\/zoo.org\\\/wp-content\\\/uploads\\\/2025\\\/09\\\/FG-monitoring-training_Red-Panda-Network-web.jpg?wsr\",\"contentUrl\":\"https:\\\/\\\/zoo.org\\\/wp-content\\\/uploads\\\/2025\\\/09\\\/FG-monitoring-training_Red-Panda-Network-web.jpg?wsr\",\"width\":800,\"height\":533,\"caption\":\"Un grupo de seis personas, algunas sentadas y otras de pie, trabajan juntas al aire libre en una ladera con papeles y cuadernos, rodeados de plantas y un clima brumoso.\"},{\"@type\":\"BreadcrumbList\",\"@id\":\"https:\\\/\\\/zoo.org\\\/es\\\/salvando-la-vida-silvestre\\\/conservacion-comunitaria\\\/#breadcrumb\",\"itemListElement\":[{\"@type\":\"ListItem\",\"position\":1,\"name\":\"Hogar\",\"item\":\"https:\\\/\\\/zoo.org\\\/es\\\/\"},{\"@type\":\"ListItem\",\"position\":2,\"name\":\"Salvando la vida silvestre\",\"item\":\"https:\\\/\\\/zoo.org\\\/es\\\/salvando-la-vida-silvestre\\\/\"},{\"@type\":\"ListItem\",\"position\":3,\"name\":\"Conservaci\u00f3n comunitaria\"}]},{\"@type\":\"WebSite\",\"@id\":\"https:\\\/\\\/zoo.org\\\/es\\\/#website\",\"url\":\"https:\\\/\\\/zoo.org\\\/es\\\/\",\"name\":\"Zool\u00f3gico Woodland Park\",\"description\":\"El Zool\u00f3gico Woodland Park salva la vida silvestre e inspira a todos a hacer de la conservaci\u00f3n una prioridad en sus vidas.\",\"publisher\":{\"@id\":\"https:\\\/\\\/zoo.org\\\/es\\\/#organization\"},\"potentialAction\":[{\"@type\":\"SearchAction\",\"target\":{\"@type\":\"EntryPoint\",\"urlTemplate\":\"https:\\\/\\\/zoo.org\\\/es\\\/?s={search_term_string}\"},\"query-input\":{\"@type\":\"PropertyValueSpecification\",\"valueRequired\":true,\"valueName\":\"search_term_string\"}}],\"inLanguage\":\"es\"},{\"@type\":\"Organization\",\"@id\":\"https:\\\/\\\/zoo.org\\\/es\\\/#organization\",\"name\":\"Zool\u00f3gico Woodland Park\",\"url\":\"https:\\\/\\\/zoo.org\\\/es\\\/\",\"logo\":{\"@type\":\"ImageObject\",\"inLanguage\":\"es\",\"@id\":\"https:\\\/\\\/zoo.org\\\/es\\\/#\\\/schema\\\/logo\\\/image\\\/\",\"url\":\"https:\\\/\\\/zoo.org\\\/wp-content\\\/uploads\\\/2026\\\/01\\\/WPZ-Logo_white-SVG.svg?wsr\",\"contentUrl\":\"https:\\\/\\\/zoo.org\\\/wp-content\\\/uploads\\\/2026\\\/01\\\/WPZ-Logo_white-SVG.svg?wsr\",\"width\":288,\"height\":282,\"caption\":\"Zool\u00f3gico Woodland Park\"},\"image\":{\"@id\":\"https:\\\/\\\/zoo.org\\\/es\\\/#\\\/schema\\\/logo\\\/image\\\/\"}}]}<\/script>\n<!-- \/ Yoast SEO plugin. -->","yoast_head_json":{"title":"-","description":"La poblaci\u00f3n local no s\u00f3lo debe beneficiarse de la conservaci\u00f3n, sino que tambi\u00e9n debe liderar los esfuerzos para preservar la tierra y la vida silvestre.","robots":{"index":"index","follow":"follow","max-snippet":"max-snippet:-1","max-image-preview":"max-image-preview:large","max-video-preview":"max-video-preview:-1"},"canonical":"https:\/\/zoo.org\/es\/salvando-la-vida-silvestre\/conservacion-comunitaria\/","og_locale":"es_ES","og_type":"article","og_title":"-","og_description":"La poblaci\u00f3n local no s\u00f3lo debe beneficiarse de la conservaci\u00f3n, sino que tambi\u00e9n debe liderar los esfuerzos para preservar la tierra y la vida silvestre.","og_url":"https:\/\/zoo.org\/es\/salvando-la-vida-silvestre\/conservacion-comunitaria\/","og_site_name":"Zool\u00f3gico Woodland Park","article_modified_time":"2025-12-13T01:46:28+00:00","og_image":[{"width":800,"height":533,"url":"https:\/\/zoo.org\/wp-content\/uploads\/2025\/09\/FG-monitoring-training_Red-Panda-Network-web.jpg","type":"image\/jpeg"}],"twitter_card":"summary_large_image","schema":{"@context":"https:\/\/schema.org","@graph":[{"@type":"WebPage","@id":"https:\/\/zoo.org\/es\/salvando-la-vida-silvestre\/conservacion-comunitaria\/","url":"https:\/\/zoo.org\/es\/salvando-la-vida-silvestre\/conservacion-comunitaria\/","name":"-","isPartOf":{"@id":"https:\/\/zoo.org\/es\/#website"},"primaryImageOfPage":{"@id":"https:\/\/zoo.org\/es\/salvando-la-vida-silvestre\/conservacion-comunitaria\/#primaryimage"},"image":{"@id":"https:\/\/zoo.org\/es\/salvando-la-vida-silvestre\/conservacion-comunitaria\/#primaryimage"},"thumbnailUrl":"https:\/\/zoo.org\/wp-content\/uploads\/2025\/09\/FG-monitoring-training_Red-Panda-Network-web.jpg?wsr","datePublished":"2025-09-12T17:25:59+00:00","dateModified":"2025-12-13T01:46:28+00:00","description":"La poblaci\u00f3n local no s\u00f3lo debe beneficiarse de la conservaci\u00f3n, sino que tambi\u00e9n debe liderar los esfuerzos para preservar la tierra y la vida silvestre.","breadcrumb":{"@id":"https:\/\/zoo.org\/es\/salvando-la-vida-silvestre\/conservacion-comunitaria\/#breadcrumb"},"inLanguage":"es","potentialAction":[{"@type":"ReadAction","target":["https:\/\/zoo.org\/es\/salvando-la-vida-silvestre\/conservacion-comunitaria\/"]}]},{"@type":"ImageObject","inLanguage":"es","@id":"https:\/\/zoo.org\/es\/salvando-la-vida-silvestre\/conservacion-comunitaria\/#primaryimage","url":"https:\/\/zoo.org\/wp-content\/uploads\/2025\/09\/FG-monitoring-training_Red-Panda-Network-web.jpg?wsr","contentUrl":"https:\/\/zoo.org\/wp-content\/uploads\/2025\/09\/FG-monitoring-training_Red-Panda-Network-web.jpg?wsr","width":800,"height":533,"caption":"Un grupo de seis personas, algunas sentadas y otras de pie, trabajan juntas al aire libre en una ladera con papeles y cuadernos, rodeados de plantas y un clima brumoso."},{"@type":"BreadcrumbList","@id":"https:\/\/zoo.org\/es\/salvando-la-vida-silvestre\/conservacion-comunitaria\/#breadcrumb","itemListElement":[{"@type":"ListItem","position":1,"name":"Hogar","item":"https:\/\/zoo.org\/es\/"},{"@type":"ListItem","position":2,"name":"Salvando la vida silvestre","item":"https:\/\/zoo.org\/es\/salvando-la-vida-silvestre\/"},{"@type":"ListItem","position":3,"name":"Conservaci\u00f3n comunitaria"}]},{"@type":"WebSite","@id":"https:\/\/zoo.org\/es\/#website","url":"https:\/\/zoo.org\/es\/","name":"Zool\u00f3gico Woodland Park","description":"El Zool\u00f3gico Woodland Park salva la vida silvestre e inspira a todos a hacer de la conservaci\u00f3n una prioridad en sus vidas.","publisher":{"@id":"https:\/\/zoo.org\/es\/#organization"},"potentialAction":[{"@type":"SearchAction","target":{"@type":"EntryPoint","urlTemplate":"https:\/\/zoo.org\/es\/?s={search_term_string}"},"query-input":{"@type":"PropertyValueSpecification","valueRequired":true,"valueName":"search_term_string"}}],"inLanguage":"es"},{"@type":"Organization","@id":"https:\/\/zoo.org\/es\/#organization","name":"Zool\u00f3gico Woodland Park","url":"https:\/\/zoo.org\/es\/","logo":{"@type":"ImageObject","inLanguage":"es","@id":"https:\/\/zoo.org\/es\/#\/schema\/logo\/image\/","url":"https:\/\/zoo.org\/wp-content\/uploads\/2026\/01\/WPZ-Logo_white-SVG.svg?wsr","contentUrl":"https:\/\/zoo.org\/wp-content\/uploads\/2026\/01\/WPZ-Logo_white-SVG.svg?wsr","width":288,"height":282,"caption":"Zool\u00f3gico Woodland Park"},"image":{"@id":"https:\/\/zoo.org\/es\/#\/schema\/logo\/image\/"}}]}},"taxonomy_info":[],"featured_image_src_large":["https:\/\/zoo.org\/wp-content\/uploads\/2025\/09\/FG-monitoring-training_Red-Panda-Network-web.jpg?wsr",800,533,false],"author_info":{"display_name":"jloughlin","author_link":"https:\/\/zoo.org\/es\/author\/jloughlin\/"},"comment_info":0,"_links":{"self":[{"href":"https:\/\/zoo.org\/es\/wp-json\/wp\/v2\/pages\/11710","targetHints":{"allow":["GET"]}}],"collection":[{"href":"https:\/\/zoo.org\/es\/wp-json\/wp\/v2\/pages"}],"about":[{"href":"https:\/\/zoo.org\/es\/wp-json\/wp\/v2\/types\/page"}],"author":[{"embeddable":true,"href":"https:\/\/zoo.org\/es\/wp-json\/wp\/v2\/users\/1"}],"replies":[{"embeddable":true,"href":"https:\/\/zoo.org\/es\/wp-json\/wp\/v2\/comments?post=11710"}],"version-history":[{"count":0,"href":"https:\/\/zoo.org\/es\/wp-json\/wp\/v2\/pages\/11710\/revisions"}],"up":[{"embeddable":true,"href":"https:\/\/zoo.org\/es\/wp-json\/wp\/v2\/pages\/11142"}],"wp:featuredmedia":[{"embeddable":true,"href":"https:\/\/zoo.org\/es\/wp-json\/wp\/v2\/media\/11711"}],"wp:attachment":[{"href":"https:\/\/zoo.org\/es\/wp-json\/wp\/v2\/media?parent=11710"}],"curies":[{"name":"wp","href":"https:\/\/api.w.org\/{rel}","templated":true}]}}