{"id":12050,"date":"2025-04-09T18:24:37","date_gmt":"2025-04-10T01:24:37","guid":{"rendered":"https:\/\/zoo.org\/politica-de-privacidad\/"},"modified":"2025-12-12T17:47:47","modified_gmt":"2025-12-13T01:47:47","slug":"politica-de-privacidad","status":"publish","type":"page","link":"https:\/\/zoo.org\/es\/politica-de-privacidad\/","title":{"rendered":"pol\u00edtica de privacidad"},"content":{"rendered":"\n<div class=\"wp-block-cover alignfull hero\" style=\"margin-top:0;margin-bottom:0;min-height:400px;aspect-ratio:unset;\"><img loading=\"lazy\" decoding=\"async\" width=\"1920\" height=\"400\" class=\"wp-block-cover__image-background wp-image-1062 size-full\" alt=\"\" src=\"https:\/\/zoo.org\/wp-content\/uploads\/2025\/05\/ASCO-Header-Image.jpg\" data-object-fit=\"cover\" srcset=\"https:\/\/zoo.org\/wp-content\/uploads\/2025\/05\/ASCO-Header-Image.jpg 1920w, https:\/\/zoo.org\/wp-content\/uploads\/2025\/05\/ASCO-Header-Image-300x63.jpg 300w, https:\/\/zoo.org\/wp-content\/uploads\/2025\/05\/ASCO-Header-Image-1024x213.jpg 1024w, https:\/\/zoo.org\/wp-content\/uploads\/2025\/05\/ASCO-Header-Image-768x160.jpg 768w, https:\/\/zoo.org\/wp-content\/uploads\/2025\/05\/ASCO-Header-Image-1536x320.jpg 1536w\" sizes=\"auto, (max-width: 1920px) 100vw, 1920px\" \/><span aria-hidden=\"true\" class=\"wp-block-cover__background has-background-dim-0 has-background-dim\" style=\"background-color:#797666\"><\/span><div class=\"wp-block-cover__inner-container is-layout-constrained wp-block-cover-is-layout-constrained\">\n<p class=\"has-text-align-center has-large-font-size\"><\/p>\n<\/div><\/div>\n\n<div class=\"wp-block-group is-layout-constrained wp-block-group-is-layout-constrained\" style=\"margin-top:2em;margin-bottom:3em\">\n<h1 class=\"wp-block-heading has-text-align-center\" style=\"margin-top:0.65em;margin-bottom:0.275em\">pol\u00edtica de privacidad<\/h1>\n<\/div>\n\n<div class=\"wp-block-group alignfull divider is-layout-constrained wp-block-group-is-layout-constrained\">\n<h2 class=\"wp-block-heading alignfull has-text-align-center\">CONDICIONES DE USO<\/h2>\n<\/div>\n\n<p><strong>www.zoo.org<\/strong> es propiedad de Woodland Park Zoo (WPZ) y est\u00e1 operado por este. Este sitio web se ofrece al usuario con la condici\u00f3n de que acepte sin modificaciones los t\u00e9rminos, condiciones y avisos aqu\u00ed contenidos. Al acceder y utilizar este sitio web, el usuario de <strong>www.zoo.org<\/strong> acepta los siguientes t\u00e9rminos:  <\/p>\n\n<p><strong>www.zoo.org<\/strong> contiene material derivado total o parcialmente de material proporcionado por WPZ y otras fuentes, y est\u00e1 protegido por las leyes de derechos de autor y marcas registradas. Este sitio es para su uso personal y no comercial, y no puede modificar, copiar, vender, distribuir, transmitir, mostrar, ejecutar, reproducir, publicar ni licenciar ning\u00fan material de este sitio, incluyendo c\u00f3digo o software. <\/p>\n\n<p>El usuario reconoce que las redes sociales, chats, blogs, conferencias, libros de visitas y cualquier otra forma de comunicaci\u00f3n alojada en este sitio web son comunicaciones p\u00fablicas y no privadas. El contenido de estos foros de comunicaci\u00f3n, ya sea propio o de terceros, no debe considerarse una aprobaci\u00f3n de WPZ ni revisado, examinado ni aprobado por WPZ. <\/p>\n\n<p>Todos los comentarios, entradas en el libro de visitas, sugerencias, ideas, notas, dibujos, conceptos o informaci\u00f3n divulgada u ofrecida a WPZ, o en respuesta a ella, a trav\u00e9s de este sitio web ser\u00e1n propiedad de WPZ. Al utilizar este sitio web como medio de comunicaci\u00f3n, usted otorga a WPZ una licencia libre de regal\u00edas, perpetua, no exclusiva y sin restricciones para usar cualquier comentario con cualquier prop\u00f3sito, comercial o de otro tipo, sin compensaci\u00f3n para el autor o proveedor de los comentarios. <\/p>\n\n<h3 class=\"wp-block-heading\">Aviso de derechos de autor y marca registrada<\/h3>\n\n<p>Todo el contenido de este sitio web tiene derechos de autor \u00a9 Zool\u00f3gico Woodland Park, 5500 Phinney Ave. N., Seattle, WA, EE. UU. 98103. Todos los derechos reservados. Las fotos son propiedad del zool\u00f3gico y\/o de sus fot\u00f3grafos.   <\/p>\n\n<p>Los programas y productos del Zool\u00f3gico Woodland Park son marcas comerciales, marcas comerciales registradas o marcas de servicio de WPZ o de la ciudad de Seattle.<\/p>\n\n<h3 class=\"wp-block-heading\">Leyes aplicables<\/h3>\n\n<p>Como visitante de <strong>www.zoo.org<\/strong> , deber\u00e1 cumplir con todas las leyes federales, estatales o locales aplicables, incluidas, entre otras, \u00e1reas tales como difamaci\u00f3n, calumnia, indecencia, difamaci\u00f3n comercial, menosprecio de productos, acoso, invasi\u00f3n de la privacidad, obscenidad, indecencia y violaci\u00f3n de derechos de autor y marca registrada.<\/p>\n\n<p>La informaci\u00f3n de este sitio web incluye propiedad intelectual protegida por las leyes de derechos de autor, marcas registradas y otras leyes de propiedad intelectual de Estados Unidos. Estas leyes aplicables proh\u00edben, por lo general, la reproducci\u00f3n, distribuci\u00f3n o exhibici\u00f3n no autorizada de textos, im\u00e1genes fotogr\u00e1ficas y gr\u00e1ficas (art\u00edsticas y electr\u00f3nicas), m\u00fasica, muestras de sonido y v\u00eddeo, y otros materiales protegidos. La infracci\u00f3n de las leyes de propiedad intelectual aplicables puede dar lugar a sanciones civiles y\/o penales.  <\/p>\n\n<h3 class=\"wp-block-heading\">Limitaciones de responsabilidad<\/h3>\n\n<p>El uso de <strong>www.zoo.org<\/strong> queda a discreci\u00f3n del usuario. WPZ, sus administradores, directivos, empleados, miembros o agentes no ser\u00e1n responsables bajo ninguna circunstancia de ning\u00fan da\u00f1o directo, indirecto, incidental, especial o consecuente que pueda resultar del uso o la imposibilidad de usar los materiales de WPZ, incluyendo los de este sitio web. Usted reconoce y acepta espec\u00edficamente que WPZ no se responsabiliza de ninguna conducta difamatoria, ofensiva o ilegal de ning\u00fan usuario. Si no est\u00e1 satisfecho con alg\u00fan material de WPZ o con alguno de sus t\u00e9rminos y condiciones, su \u00fanica y exclusiva soluci\u00f3n es dejar de usar o visitar <strong>www.zoo.org<\/strong> .   <\/p>\n\n<p>Las p\u00e1ginas de este sitio web pueden contener enlaces y referencias a otros sitios web mantenidos por terceros y que no est\u00e1n bajo el control de WPZ. Por lo tanto, WPZ no se responsabiliza ni avala el contenido de ning\u00fan sitio web de terceros, que deber\u00e1 revisar \u00abtal cual\u00bb y utilizar a su entera discreci\u00f3n. <\/p>\n\n<h3 class=\"wp-block-heading\">Modificaciones<\/h3>\n\n<p>Estos t\u00e9rminos de uso podr\u00e1n ser modificados por WPZ en cualquier momento y ser\u00e1n vinculantes al momento de su implementaci\u00f3n. Los usuarios son responsables de revisar los t\u00e9rminos y condiciones de este sitio web. <\/p>\n\n<div class=\"wp-block-group alignfull divider is-layout-constrained wp-block-group-is-layout-constrained\">\n<h2 class=\"wp-block-heading alignfull has-text-align-center\">pol\u00edtica de privacidad<\/h2>\n<\/div>\n\n<p>Los operadores del Zool\u00f3gico Woodland Park (WPZ) de <strong>www.zoo.org<\/strong> reconocen la importancia de proteger la privacidad de los usuarios de este sitio web. Salvo que usted, el usuario del sitio web, la proporcione de forma espec\u00edfica y consciente, WPZ no recopila informaci\u00f3n personal identificable. El nombre, la direcci\u00f3n y el pago, si corresponde, que el usuario proporcione al usar este sitio web podr\u00e1n ser procesados o divulgados por WPZ seg\u00fan lo permitido por las Condiciones de Uso del sitio web, las cuales el usuario acepta al utilizar la informaci\u00f3n y los servicios de <strong>www.zoo.org<\/strong> .  <\/p>\n\n<p>Los visitantes de <strong>www.zoo.org<\/strong> deben tener en cuenta que cuando revelan voluntariamente informaci\u00f3n personal, como nombres de usuario o direcciones de correo electr\u00f3nico en libros de visitas, redes sociales o \u00e1reas de chat, esa informaci\u00f3n puede ser recopilada y utilizada por otros y puede generar mensajes no solicitados de otros usuarios o partes.<\/p>\n\n<p>WPZ solo recopila informaci\u00f3n de identificaci\u00f3n personal en la medida en que cumpla con nuestros fines comerciales leg\u00edtimos, tanto en l\u00ednea como fuera de l\u00ednea. WPZ mantendr\u00e1 las medidas de seguridad adecuadas para garantizar la seguridad, integridad y privacidad de la informaci\u00f3n. <\/p>\n\n<p>Su informaci\u00f3n personal nunca se vender\u00e1 a terceros. La informaci\u00f3n de los donantes no se comercializa ni se vende a ninguna otra organizaci\u00f3n. Esto aplica a la informaci\u00f3n recopilada tanto en l\u00ednea como fuera de l\u00ednea. WPZ eliminar\u00e1 su nombre de nuestra lista de correo postal o electr\u00f3nico en cualquier momento, si usted lo solicita. Por favor, cont\u00e1ctenos en <a href=\"mailto:donations@zoo.org\">donations@zoo.org<\/a> o <a href=\"https:\/\/www.zoo.org\/myzoo-email-preferences\">actualice sus preferencias de correo electr\u00f3nico<\/a> .    <\/p>\n\n<p>Si tiene preguntas relacionadas con la informaci\u00f3n anterior, comun\u00edquese con <a href=\"mailto:webkeeper@zoo.org\">webkeeper@zoo.org<\/a><\/p>\n\n<h3 class=\"wp-block-heading\">Pol\u00edtica de cookies<\/h3>\n\n<p>Para rastrear el uso de este sitio web, <strong>www.zoo.org<\/strong> podr\u00eda instalar y acceder a cookies en su ordenador. Esto permite a WPZ identificarlo como usuario y relacionar su actividad con la informaci\u00f3n que usted haya proporcionado espec\u00edficamente y conscientemente a WPZ. WPZ podr\u00e1 utilizar dicha informaci\u00f3n de identificaci\u00f3n proporcionada voluntariamente, si corresponde, con fines editoriales, de marketing o promocionales. Dicha informaci\u00f3n de identificaci\u00f3n, si corresponde, no se transferir\u00e1 a terceros, a menos que se indique lo contrario al momento de su recopilaci\u00f3n.   <\/p>\n\n<h4 class=\"wp-block-heading\">\u00bfQu\u00e9 son las cookies?<\/h4>\n\n<p>Las cookies son peque\u00f1os archivos de texto que se utilizan para almacenar informaci\u00f3n. Se almacenan en su dispositivo cuando el sitio web se carga en su navegador. Estas cookies nos ayudan a mejorar la seguridad del sitio web, a brindar una mejor experiencia de usuario y a comprender su rendimiento analizando su funcionamiento y las \u00e1reas de mejora.  <\/p>\n\n<h4 class=\"wp-block-heading\">\u00bfQu\u00e9 tipos de cookies utilizamos?<\/h4>\n\n<p>Las cookies utilizadas en nuestro sitio web se agrupan en las siguientes categor\u00edas:<\/p>\n\n<div class=\"wp-block-columns is-layout-flex wp-container-core-columns-is-layout-bd8107d2 wp-block-columns-is-layout-flex\" style=\"margin-top:2.5em;margin-bottom:2.5em\">\n<div class=\"wp-block-column has-palette-color-17-background-color has-background is-layout-flow wp-container-core-column-is-layout-492b06a7 wp-block-column-is-layout-flow\" style=\"padding-top:25px;padding-right:25px;padding-bottom:25px;padding-left:25px\">\n<h4 class=\"wp-block-heading\" style=\"margin-bottom:1em\"><strong>Necesario<\/strong><\/h4>\n\n\n\n<p style=\"margin-bottom:1em\">Las cookies necesarias son absolutamente esenciales para el correcto funcionamiento del sitio web. Esta categor\u00eda solo incluye cookies que garantizan funcionalidades b\u00e1sicas y caracter\u00edsticas de seguridad del sitio web. Estas cookies no almacenan informaci\u00f3n personal.  <\/p>\n<\/div>\n\n\n\n<div class=\"wp-block-column has-palette-color-17-background-color has-background is-layout-flow wp-container-core-column-is-layout-492b06a7 wp-block-column-is-layout-flow\" style=\"padding-top:25px;padding-right:25px;padding-bottom:25px;padding-left:25px\">\n<h4 class=\"wp-block-heading\" style=\"margin-bottom:1em\"><strong>Anal\u00edtica<\/strong><\/h4>\n\n\n\n<p style=\"margin-bottom:1em\">Las cookies anal\u00edticas se utilizan para comprender c\u00f3mo interact\u00faan los visitantes con el sitio web. Estas cookies ayudan a proporcionar informaci\u00f3n sobre el n\u00famero de visitantes, las p\u00e1ginas vistas, las fuentes de tr\u00e1fico, etc. <\/p>\n<\/div>\n\n\n\n<div class=\"wp-block-column has-palette-color-17-background-color has-background is-layout-flow wp-container-core-column-is-layout-492b06a7 wp-block-column-is-layout-flow\" style=\"padding-top:25px;padding-right:25px;padding-bottom:25px;padding-left:25px\">\n<h4 class=\"wp-block-heading\" style=\"margin-bottom:1em\"><strong>Marketing<\/strong><\/h4>\n\n\n\n<p style=\"margin-bottom:1em\">Las cookies de marketing se utilizan para ofrecer a los visitantes anuncios y campa\u00f1as de marketing relevantes. Estas cookies rastrean a los visitantes en los sitios web y recopilan informaci\u00f3n para ofrecer anuncios personalizados. <\/p>\n<\/div>\n\n\n\n<div class=\"wp-block-column has-palette-color-17-background-color has-background is-layout-flow wp-container-core-column-is-layout-492b06a7 wp-block-column-is-layout-flow\" style=\"padding-top:25px;padding-right:25px;padding-bottom:25px;padding-left:25px\">\n<h4 class=\"wp-block-heading\" style=\"margin-bottom:1em\"><strong>Funcional<\/strong><\/h4>\n\n\n\n<p style=\"margin-bottom:1em\">Estas cookies se utilizan para habilitar ciertas funciones del sitio web y recordar sus preferencias. Por ejemplo, para mostrar v\u00eddeos incrustados en una p\u00e1gina web. <\/p>\n<\/div>\n<\/div>\n\n<h4 class=\"wp-block-heading\">Divulgaci\u00f3n de seguimiento de Google Analytics<\/h4>\n\n<p>En cualquier momento, los visitantes pueden optar por inhabilitar el seguimiento de Google Analytics con el complemento de inhabilitaci\u00f3n del navegador de Google Analytics <a href=\"https:\/\/tools.google.com\/dlpage\/gaoptout\" target=\"_blank\" rel=\"noreferrer noopener\">que se encuentra aqu\u00ed.<\/a><\/p>\n\n<div class=\"wp-block-group alignfull divider is-layout-constrained wp-block-group-is-layout-constrained\">\n<h2 class=\"wp-block-heading alignfull has-text-align-center\">Declaraci\u00f3n de Derechos de los Donantes<\/h2>\n<\/div>\n\n<p>Creemos que la filantrop\u00eda se basa en la acci\u00f3n voluntaria por el bien com\u00fan. Es una tradici\u00f3n de dar y compartir, fundamental para la calidad de vida. Para garantizar que la filantrop\u00eda merezca el respeto y la confianza del p\u00fablico en general, y que los donantes y los posibles donantes puedan tener plena confianza en las organizaciones sin fines de lucro y las causas que se les solicita que apoyen, declaramos que todos los donantes tienen los siguientes derechos:  <\/p>\n\n<ul class=\"wp-block-list\">\n<li>Ser informado de la misi\u00f3n de la organizaci\u00f3n, de la forma en que la organizaci\u00f3n pretende utilizar los recursos donados y de su capacidad para utilizar las donaciones de manera eficaz para los fines previstos.<\/li>\n\n\n\n<li>Ser informado de la identidad de quienes forman parte de la junta directiva de la organizaci\u00f3n y esperar que la junta ejerza un juicio prudente en sus responsabilidades de administraci\u00f3n.<\/li>\n\n\n\n<li>Tener acceso a los estados financieros m\u00e1s recientes de la organizaci\u00f3n.<\/li>\n\n\n\n<li>Para estar seguros de que sus donaciones se utilizar\u00e1n para los fines para los que fueron otorgadas.<\/li>\n\n\n\n<li>Recibir el reconocimiento y la distinci\u00f3n adecuados.<\/li>\n\n\n\n<li>Tener la seguridad de que la informaci\u00f3n sobre su donaci\u00f3n se maneja con respeto y confidencialidad en la medida prevista por la ley.<\/li>\n\n\n\n<li>Esperar que todas las relaciones con personas que representan organizaciones de inter\u00e9s para el donante sean de naturaleza profesional.<\/li>\n\n\n\n<li>Ser informado si quienes buscan donaciones son voluntarios, empleados de la organizaci\u00f3n o solicitantes contratados.<\/li>\n\n\n\n<li>Tener la oportunidad de que sus nombres sean eliminados de las listas de correo que una organizaci\u00f3n desee compartir.<\/li>\n\n\n\n<li>Sentirse libre de hacer preguntas al realizar una donaci\u00f3n y recibir respuestas r\u00e1pidas, veraces y directas.<\/li>\n<\/ul>\n\n<p>\u00a9 2011, Asociaci\u00f3n de Profesionales de la Recaudaci\u00f3n de Fondos (AFP), todos los derechos reservados. Reimpreso con autorizaci\u00f3n de la Asociaci\u00f3n de Profesionales de la Recaudaci\u00f3n de Fondos. <\/p>\n","protected":false},"excerpt":{"rendered":"<p>pol\u00edtica de privacidad CONDICIONES DE USO www.zoo.org es propiedad de Woodland Park Zoo (WPZ) y est\u00e1 operado por este. Este sitio web se ofrece al usuario con la condici\u00f3n de [&hellip;]<\/p>\n","protected":false},"author":1,"featured_media":0,"parent":0,"menu_order":0,"comment_status":"closed","ping_status":"open","template":"","meta":{"_acf_changed":false,"_kad_blocks_custom_css":"","_kad_blocks_head_custom_js":"","_kad_blocks_body_custom_js":"","_kad_blocks_footer_custom_js":"","footnotes":""},"class_list":["post-12050","page","type-page","status-publish","hentry"],"blocksy_meta":[],"acf":[],"yoast_head":"<!-- This site is optimized with the Yoast SEO plugin v27.4 - https:\/\/yoast.com\/product\/yoast-seo-wordpress\/ -->\n<title>-<\/title>\n<meta name=\"robots\" content=\"index, follow, max-snippet:-1, max-image-preview:large, max-video-preview:-1\" \/>\n<link rel=\"canonical\" href=\"https:\/\/zoo.org\/es\/politica-de-privacidad\/\" \/>\n<meta property=\"og:locale\" content=\"es_ES\" \/>\n<meta property=\"og:type\" content=\"article\" \/>\n<meta property=\"og:title\" content=\"-\" \/>\n<meta property=\"og:description\" content=\"pol\u00edtica de privacidad CONDICIONES DE USO www.zoo.org es propiedad de Woodland Park Zoo (WPZ) y est\u00e1 operado por este. Este sitio web se ofrece al usuario con la condici\u00f3n de [&hellip;]\" \/>\n<meta property=\"og:url\" content=\"https:\/\/zoo.org\/es\/politica-de-privacidad\/\" \/>\n<meta property=\"og:site_name\" content=\"Zool\u00f3gico Woodland Park\" \/>\n<meta property=\"article:modified_time\" content=\"2025-12-13T01:47:47+00:00\" \/>\n<meta property=\"og:image\" content=\"https:\/\/zoo.org\/wp-content\/uploads\/2025\/05\/ASCO-Header-Image.jpg?wsr\" \/>\n\t<meta property=\"og:image:width\" content=\"1920\" \/>\n\t<meta property=\"og:image:height\" content=\"400\" \/>\n\t<meta property=\"og:image:type\" content=\"image\/jpeg\" \/>\n<meta name=\"twitter:card\" content=\"summary_large_image\" \/>\n<script type=\"application\/ld+json\" class=\"yoast-schema-graph\">{\"@context\":\"https:\\\/\\\/schema.org\",\"@graph\":[{\"@type\":\"WebPage\",\"@id\":\"https:\\\/\\\/zoo.org\\\/es\\\/politica-de-privacidad\\\/\",\"url\":\"https:\\\/\\\/zoo.org\\\/es\\\/politica-de-privacidad\\\/\",\"name\":\"-\",\"isPartOf\":{\"@id\":\"https:\\\/\\\/zoo.org\\\/es\\\/#website\"},\"primaryImageOfPage\":{\"@id\":\"https:\\\/\\\/zoo.org\\\/es\\\/politica-de-privacidad\\\/#primaryimage\"},\"image\":{\"@id\":\"https:\\\/\\\/zoo.org\\\/es\\\/politica-de-privacidad\\\/#primaryimage\"},\"thumbnailUrl\":\"https:\\\/\\\/zoo.org\\\/wp-content\\\/uploads\\\/2025\\\/05\\\/ASCO-Header-Image.jpg\",\"datePublished\":\"2025-04-10T01:24:37+00:00\",\"dateModified\":\"2025-12-13T01:47:47+00:00\",\"breadcrumb\":{\"@id\":\"https:\\\/\\\/zoo.org\\\/es\\\/politica-de-privacidad\\\/#breadcrumb\"},\"inLanguage\":\"es\",\"potentialAction\":[{\"@type\":\"ReadAction\",\"target\":[\"https:\\\/\\\/zoo.org\\\/es\\\/politica-de-privacidad\\\/\"]}]},{\"@type\":\"ImageObject\",\"inLanguage\":\"es\",\"@id\":\"https:\\\/\\\/zoo.org\\\/es\\\/politica-de-privacidad\\\/#primaryimage\",\"url\":\"https:\\\/\\\/zoo.org\\\/wp-content\\\/uploads\\\/2025\\\/05\\\/ASCO-Header-Image.jpg\",\"contentUrl\":\"https:\\\/\\\/zoo.org\\\/wp-content\\\/uploads\\\/2025\\\/05\\\/ASCO-Header-Image.jpg\"},{\"@type\":\"BreadcrumbList\",\"@id\":\"https:\\\/\\\/zoo.org\\\/es\\\/politica-de-privacidad\\\/#breadcrumb\",\"itemListElement\":[{\"@type\":\"ListItem\",\"position\":1,\"name\":\"Hogar\",\"item\":\"https:\\\/\\\/zoo.org\\\/es\\\/\"},{\"@type\":\"ListItem\",\"position\":2,\"name\":\"pol\u00edtica de privacidad\"}]},{\"@type\":\"WebSite\",\"@id\":\"https:\\\/\\\/zoo.org\\\/es\\\/#website\",\"url\":\"https:\\\/\\\/zoo.org\\\/es\\\/\",\"name\":\"Zool\u00f3gico Woodland Park\",\"description\":\"El Zool\u00f3gico Woodland Park salva la vida silvestre e inspira a todos a hacer de la conservaci\u00f3n una prioridad en sus vidas.\",\"publisher\":{\"@id\":\"https:\\\/\\\/zoo.org\\\/es\\\/#organization\"},\"potentialAction\":[{\"@type\":\"SearchAction\",\"target\":{\"@type\":\"EntryPoint\",\"urlTemplate\":\"https:\\\/\\\/zoo.org\\\/es\\\/?s={search_term_string}\"},\"query-input\":{\"@type\":\"PropertyValueSpecification\",\"valueRequired\":true,\"valueName\":\"search_term_string\"}}],\"inLanguage\":\"es\"},{\"@type\":\"Organization\",\"@id\":\"https:\\\/\\\/zoo.org\\\/es\\\/#organization\",\"name\":\"Zool\u00f3gico Woodland Park\",\"url\":\"https:\\\/\\\/zoo.org\\\/es\\\/\",\"logo\":{\"@type\":\"ImageObject\",\"inLanguage\":\"es\",\"@id\":\"https:\\\/\\\/zoo.org\\\/es\\\/#\\\/schema\\\/logo\\\/image\\\/\",\"url\":\"https:\\\/\\\/zoo.org\\\/wp-content\\\/uploads\\\/2026\\\/01\\\/WPZ-Logo_white-SVG.svg?wsr\",\"contentUrl\":\"https:\\\/\\\/zoo.org\\\/wp-content\\\/uploads\\\/2026\\\/01\\\/WPZ-Logo_white-SVG.svg?wsr\",\"width\":288,\"height\":282,\"caption\":\"Zool\u00f3gico Woodland Park\"},\"image\":{\"@id\":\"https:\\\/\\\/zoo.org\\\/es\\\/#\\\/schema\\\/logo\\\/image\\\/\"}}]}<\/script>\n<!-- \/ Yoast SEO plugin. -->","yoast_head_json":{"title":"-","robots":{"index":"index","follow":"follow","max-snippet":"max-snippet:-1","max-image-preview":"max-image-preview:large","max-video-preview":"max-video-preview:-1"},"canonical":"https:\/\/zoo.org\/es\/politica-de-privacidad\/","og_locale":"es_ES","og_type":"article","og_title":"-","og_description":"pol\u00edtica de privacidad CONDICIONES DE USO www.zoo.org es propiedad de Woodland Park Zoo (WPZ) y est\u00e1 operado por este. Este sitio web se ofrece al usuario con la condici\u00f3n de [&hellip;]","og_url":"https:\/\/zoo.org\/es\/politica-de-privacidad\/","og_site_name":"Zool\u00f3gico Woodland Park","article_modified_time":"2025-12-13T01:47:47+00:00","og_image":[{"width":1920,"height":400,"url":"https:\/\/zoo.org\/wp-content\/uploads\/2025\/05\/ASCO-Header-Image.jpg?wsr","type":"image\/jpeg"}],"twitter_card":"summary_large_image","schema":{"@context":"https:\/\/schema.org","@graph":[{"@type":"WebPage","@id":"https:\/\/zoo.org\/es\/politica-de-privacidad\/","url":"https:\/\/zoo.org\/es\/politica-de-privacidad\/","name":"-","isPartOf":{"@id":"https:\/\/zoo.org\/es\/#website"},"primaryImageOfPage":{"@id":"https:\/\/zoo.org\/es\/politica-de-privacidad\/#primaryimage"},"image":{"@id":"https:\/\/zoo.org\/es\/politica-de-privacidad\/#primaryimage"},"thumbnailUrl":"https:\/\/zoo.org\/wp-content\/uploads\/2025\/05\/ASCO-Header-Image.jpg","datePublished":"2025-04-10T01:24:37+00:00","dateModified":"2025-12-13T01:47:47+00:00","breadcrumb":{"@id":"https:\/\/zoo.org\/es\/politica-de-privacidad\/#breadcrumb"},"inLanguage":"es","potentialAction":[{"@type":"ReadAction","target":["https:\/\/zoo.org\/es\/politica-de-privacidad\/"]}]},{"@type":"ImageObject","inLanguage":"es","@id":"https:\/\/zoo.org\/es\/politica-de-privacidad\/#primaryimage","url":"https:\/\/zoo.org\/wp-content\/uploads\/2025\/05\/ASCO-Header-Image.jpg","contentUrl":"https:\/\/zoo.org\/wp-content\/uploads\/2025\/05\/ASCO-Header-Image.jpg"},{"@type":"BreadcrumbList","@id":"https:\/\/zoo.org\/es\/politica-de-privacidad\/#breadcrumb","itemListElement":[{"@type":"ListItem","position":1,"name":"Hogar","item":"https:\/\/zoo.org\/es\/"},{"@type":"ListItem","position":2,"name":"pol\u00edtica de privacidad"}]},{"@type":"WebSite","@id":"https:\/\/zoo.org\/es\/#website","url":"https:\/\/zoo.org\/es\/","name":"Zool\u00f3gico Woodland Park","description":"El Zool\u00f3gico Woodland Park salva la vida silvestre e inspira a todos a hacer de la conservaci\u00f3n una prioridad en sus vidas.","publisher":{"@id":"https:\/\/zoo.org\/es\/#organization"},"potentialAction":[{"@type":"SearchAction","target":{"@type":"EntryPoint","urlTemplate":"https:\/\/zoo.org\/es\/?s={search_term_string}"},"query-input":{"@type":"PropertyValueSpecification","valueRequired":true,"valueName":"search_term_string"}}],"inLanguage":"es"},{"@type":"Organization","@id":"https:\/\/zoo.org\/es\/#organization","name":"Zool\u00f3gico Woodland Park","url":"https:\/\/zoo.org\/es\/","logo":{"@type":"ImageObject","inLanguage":"es","@id":"https:\/\/zoo.org\/es\/#\/schema\/logo\/image\/","url":"https:\/\/zoo.org\/wp-content\/uploads\/2026\/01\/WPZ-Logo_white-SVG.svg?wsr","contentUrl":"https:\/\/zoo.org\/wp-content\/uploads\/2026\/01\/WPZ-Logo_white-SVG.svg?wsr","width":288,"height":282,"caption":"Zool\u00f3gico Woodland Park"},"image":{"@id":"https:\/\/zoo.org\/es\/#\/schema\/logo\/image\/"}}]}},"taxonomy_info":[],"featured_image_src_large":false,"author_info":{"display_name":"jloughlin","author_link":"https:\/\/zoo.org\/es\/author\/jloughlin\/"},"comment_info":0,"_links":{"self":[{"href":"https:\/\/zoo.org\/es\/wp-json\/wp\/v2\/pages\/12050","targetHints":{"allow":["GET"]}}],"collection":[{"href":"https:\/\/zoo.org\/es\/wp-json\/wp\/v2\/pages"}],"about":[{"href":"https:\/\/zoo.org\/es\/wp-json\/wp\/v2\/types\/page"}],"author":[{"embeddable":true,"href":"https:\/\/zoo.org\/es\/wp-json\/wp\/v2\/users\/1"}],"replies":[{"embeddable":true,"href":"https:\/\/zoo.org\/es\/wp-json\/wp\/v2\/comments?post=12050"}],"version-history":[{"count":0,"href":"https:\/\/zoo.org\/es\/wp-json\/wp\/v2\/pages\/12050\/revisions"}],"wp:attachment":[{"href":"https:\/\/zoo.org\/es\/wp-json\/wp\/v2\/media?parent=12050"}],"curies":[{"name":"wp","href":"https:\/\/api.w.org\/{rel}","templated":true}]}}