{"id":12104,"date":"2025-05-16T22:04:38","date_gmt":"2025-05-17T05:04:38","guid":{"rendered":"https:\/\/zoo.org\/fiesta-en-la-jungla\/"},"modified":"2026-02-27T14:04:55","modified_gmt":"2026-02-27T22:04:55","slug":"fiesta-en-la-jungla","status":"publish","type":"page","link":"https:\/\/zoo.org\/es\/fiesta-en-la-jungla\/","title":{"rendered":"Fiesta en la jungla"},"content":{"rendered":"\n<div class=\"wp-block-cover alignfull is-light hero\" style=\"margin-top:0;margin-bottom:0\"><img loading=\"lazy\" decoding=\"async\" width=\"1920\" height=\"400\" class=\"wp-block-cover__image-background wp-image-20021 size-full\" alt=\"Three stylized gold and black animal illustrations\u2014a bird, a leopard, and a howling wolf\u2014are set against textured marbled and abstract backgrounds with gold accents.\" src=\"https:\/\/zoo.org\/wp-content\/uploads\/2026\/02\/JP26_WebBanner_1920x400-web.jpg\" data-object-fit=\"cover\" srcset=\"https:\/\/zoo.org\/wp-content\/uploads\/2026\/02\/JP26_WebBanner_1920x400-web.jpg 1920w, https:\/\/zoo.org\/wp-content\/uploads\/2026\/02\/JP26_WebBanner_1920x400-web-300x63.jpg 300w, https:\/\/zoo.org\/wp-content\/uploads\/2026\/02\/JP26_WebBanner_1920x400-web-1024x213.jpg 1024w, https:\/\/zoo.org\/wp-content\/uploads\/2026\/02\/JP26_WebBanner_1920x400-web-150x31.jpg 150w, https:\/\/zoo.org\/wp-content\/uploads\/2026\/02\/JP26_WebBanner_1920x400-web-768x160.jpg 768w, https:\/\/zoo.org\/wp-content\/uploads\/2026\/02\/JP26_WebBanner_1920x400-web-1536x320.jpg 1536w\" sizes=\"auto, (max-width: 1920px) 100vw, 1920px\" \/><span aria-hidden=\"true\" class=\"wp-block-cover__background has-background-dim-0 has-background-dim\" style=\"background-color:#d1ccc6\"><\/span><div class=\"wp-block-cover__inner-container is-layout-constrained wp-block-cover-is-layout-constrained\">\n<p class=\"has-text-align-center has-large-font-size\"><\/p>\n<\/div><\/div>\n\n<div class=\"wp-block-group is-layout-constrained wp-block-group-is-layout-constrained\" style=\"margin-top:2em;margin-bottom:3em\">\n<h1 class=\"wp-block-heading has-text-align-center\" style=\"margin-top:0.65em;margin-bottom:0.275em\">FIESTA EN LA JUNGLA<\/h1>\n\n\n\n<p class=\"has-text-align-center has-palette-color-3-color has-text-color has-link-color wp-elements-b8efc46c378f552c84c39a3c2cbbe101\" style=\"margin-bottom:1em;font-size:clamp(0.984em, 0.984rem + ((1vw - 0.2em) * 0.645), 1.5em);font-style:normal;font-weight:500;line-height:1.5\"><strong><strong>Voces de lo salvaje<\/strong><\/strong><br\/> \u00a1\u00danase a nosotros en nuestro evento del 50 aniversario!<\/p>\n\n\n\n<p class=\"has-text-align-center has-palette-color-3-color has-text-color has-link-color wp-elements-39ebd7d9e28e8848d05225e42f4150db\" style=\"margin-bottom:1em;font-size:clamp(0.984em, 0.984rem + ((1vw - 0.2em) * 0.645), 1.5em);line-height:1.5\">Viernes 10 de julio de 2026<br\/> North Meadow del zool\u00f3gico Woodland Park<\/p>\n<\/div>\n\n<div class=\"wp-block-group alignfull divider is-layout-constrained wp-block-group-is-layout-constrained\">\n<h2 class=\"wp-block-heading alignfull has-text-align-center\">SOBRE EL EVENTO<\/h2>\n<\/div>\n\n<div class=\"wp-block-buttons is-content-justification-center is-layout-flex wp-container-core-buttons-is-layout-d234f690 wp-block-buttons-is-layout-flex\" style=\"margin-top:var(--wp--preset--spacing--50);margin-bottom:var(--wp--preset--spacing--50)\">\n<div class=\"wp-block-button\"><a class=\"wp-block-button__link wp-element-button\" href=\"https:\/\/my.onecause.com\/event\/organizations\/d2bf47f1-3840-484b-9f91-b415e9fce712\/events\/vevt:dfba3934-7f55-4341-9c72-1fa48a9b99e6\/home\/story\" target=\"_blank\" rel=\"noreferrer noopener\">\u00a1Compra tus entradas hoy!<\/a><\/div>\n<\/div>\n\n<h4 class=\"wp-block-heading has-text-align-center\">Sillas<\/h4>\n\n<p class=\"has-text-align-center\">Mary Blodgett, Rick y Monica Rasmussen, Jill Walker<\/p>\n\n<h4 class=\"wp-block-heading has-text-align-center\">Presidente Honorario<\/h4>\n\n<p class=\"has-text-align-center\">Kyle MacLachlan<\/p>\n\n<h3 class=\"wp-block-heading\">\u00a1\u00danase a nosotros en Jungle Party 2026: Voces de lo salvaje!<\/h3>\n\n<p>\u00a1\u00danete a nosotros el 10 de julio de 2026 para celebrar el 50.\u00ba aniversario de Jungle Party! Este a\u00f1o, el tema es <strong>Voces de la Naturaleza<\/strong> , que subraya nuestra responsabilidad como voces de la vida silvestre y reconoce que las personas tienen el poder de generar cambios duraderos en la conservaci\u00f3n. <\/p>\n\n<p>La Jungle Party de este a\u00f1o contar\u00e1 con subastas en vivo y silenciosas, una cena gourmet, barra libre, bocados exquisitos y buen vino de Washington servido por reconocidos chefs y viticultores locales, encuentros cercanos con animales y mucho m\u00e1s.<\/p>\n\n<p>La meta de recaudaci\u00f3n de fondos para 2026 es de $2,1 millones, y el apoyo filantr\u00f3pico se extiende m\u00e1s all\u00e1 de los animales para ayudar tambi\u00e9n al zool\u00f3gico a brindar juego y aprendizaje en la naturaleza para todas las edades, mantener y construir programas de sostenibilidad de clase mundial y ofrecer uno de los programas de acceso comunitario m\u00e1s grandes de la regi\u00f3n para garantizar la accesibilidad y la inclusi\u00f3n para las personas y familias de nuestra comunidad.<\/p>\n\n<p>\u00a1\u00danase a nosotros el 10 de julio para la fiesta de verano m\u00e1s salvaje de Seattle! Juntos, honraremos los hitos de las \u00faltimas cinco d\u00e9cadas en la salvaci\u00f3n de especies y alzaremos nuestra voz por la vida silvestre y los espacios naturales que nos necesitan hoy. <\/p>\n<style>.kb-row-layout-id1218_e9ffc0-3b > .kt-row-column-wrap{align-content:start;}:where(.kb-row-layout-id1218_e9ffc0-3b > .kt-row-column-wrap) > .wp-block-kadence-column{justify-content:start;}.kb-row-layout-id1218_e9ffc0-3b > .kt-row-column-wrap{column-gap:var(--global-kb-gap-md, 2rem);row-gap:var(--global-kb-gap-md, 2rem);padding-top:var(--global-kb-spacing-sm, 1.5rem);padding-bottom:var(--global-kb-spacing-sm, 1.5rem);}.kb-row-layout-id1218_e9ffc0-3b > .kt-row-column-wrap > div:not(.added-for-specificity){grid-column:initial;}.kb-row-layout-id1218_e9ffc0-3b > .kt-row-column-wrap{grid-template-columns:repeat(3, minmax(0, 1fr));}.kb-row-layout-id1218_e9ffc0-3b > .kt-row-layout-overlay{opacity:0.30;}@media all and (max-width: 1024px){.kb-row-layout-id1218_e9ffc0-3b > .kt-row-column-wrap > div:not(.added-for-specificity){grid-column:initial;}}@media all and (max-width: 1024px){.kb-row-layout-id1218_e9ffc0-3b > .kt-row-column-wrap{grid-template-columns:repeat(3, minmax(0, 1fr));}}@media all and (max-width: 767px){.kb-row-layout-id1218_e9ffc0-3b > .kt-row-column-wrap > div:not(.added-for-specificity){grid-column:initial;}.kb-row-layout-id1218_e9ffc0-3b > .kt-row-column-wrap{grid-template-columns:minmax(0, 1fr);}}<\/style><div class=\"kb-row-layout-wrap kb-row-layout-id1218_e9ffc0-3b alignnone wp-block-kadence-rowlayout\"><div class=\"kt-row-column-wrap kt-has-3-columns kt-row-layout-equal kt-tab-layout-inherit kt-mobile-layout-row kt-row-valign-top\">\n<style>.kadence-column1218_7a23a2-3a > .kt-inside-inner-col,.kadence-column1218_7a23a2-3a > .kt-inside-inner-col:before{border-top-left-radius:0px;border-top-right-radius:0px;border-bottom-right-radius:0px;border-bottom-left-radius:0px;}.kadence-column1218_7a23a2-3a > .kt-inside-inner-col{column-gap:var(--global-kb-gap-sm, 1rem);}.kadence-column1218_7a23a2-3a > .kt-inside-inner-col{flex-direction:column;}.kadence-column1218_7a23a2-3a > .kt-inside-inner-col > .aligncenter{width:100%;}.kadence-column1218_7a23a2-3a > .kt-inside-inner-col:before{opacity:0.3;}.kadence-column1218_7a23a2-3a{position:relative;}@media all and (max-width: 1024px){.kadence-column1218_7a23a2-3a > .kt-inside-inner-col{flex-direction:column;justify-content:center;}}@media all and (max-width: 767px){.kadence-column1218_7a23a2-3a > .kt-inside-inner-col{flex-direction:column;justify-content:center;}}<\/style>\n<div class=\"wp-block-kadence-column kadence-column1218_7a23a2-3a\"><div class=\"kt-inside-inner-col\"><style>.kb-image1218_d744e2-d4 .kb-image-has-overlay:after{opacity:0.3;}<\/style>\n<figure class=\"wp-block-kadence-image kb-image1218_d744e2-d4 size-full\"><img loading=\"lazy\" decoding=\"async\" width=\"800\" height=\"533\" src=\"https:\/\/zoo.org\/wp-content\/uploads\/2025\/10\/Jungle-Party-2024-12-web.jpg\" alt=\"\" class=\"kb-img wp-image-6373\" srcset=\"https:\/\/zoo.org\/wp-content\/uploads\/2025\/10\/Jungle-Party-2024-12-web.jpg 800w, https:\/\/zoo.org\/wp-content\/uploads\/2025\/10\/Jungle-Party-2024-12-web-300x200.jpg 300w, https:\/\/zoo.org\/wp-content\/uploads\/2025\/10\/Jungle-Party-2024-12-web-768x512.jpg 768w\" sizes=\"auto, (max-width: 800px) 100vw, 800px\" \/><\/figure>\n<\/div><\/div>\n\n\n<style>.kadence-column1218_400e52-ea > .kt-inside-inner-col,.kadence-column1218_400e52-ea > .kt-inside-inner-col:before{border-top-left-radius:0px;border-top-right-radius:0px;border-bottom-right-radius:0px;border-bottom-left-radius:0px;}.kadence-column1218_400e52-ea > .kt-inside-inner-col{column-gap:var(--global-kb-gap-sm, 1rem);}.kadence-column1218_400e52-ea > .kt-inside-inner-col{flex-direction:column;}.kadence-column1218_400e52-ea > .kt-inside-inner-col > .aligncenter{width:100%;}.kadence-column1218_400e52-ea > .kt-inside-inner-col:before{opacity:0.3;}.kadence-column1218_400e52-ea{position:relative;}@media all and (max-width: 1024px){.kadence-column1218_400e52-ea > .kt-inside-inner-col{flex-direction:column;justify-content:center;}}@media all and (max-width: 767px){.kadence-column1218_400e52-ea > .kt-inside-inner-col{flex-direction:column;justify-content:center;}}<\/style>\n<div class=\"wp-block-kadence-column kadence-column1218_400e52-ea\"><div class=\"kt-inside-inner-col\"><style>.kb-image1218_987615-6d .kb-image-has-overlay:after{opacity:0.3;}<\/style>\n<figure class=\"wp-block-kadence-image kb-image1218_987615-6d size-full\"><img loading=\"lazy\" decoding=\"async\" width=\"800\" height=\"533\" src=\"https:\/\/zoo.org\/wp-content\/uploads\/2025\/10\/Jungle-Party-2024-26-web.jpg\" alt=\"\" class=\"kb-img wp-image-6374\" srcset=\"https:\/\/zoo.org\/wp-content\/uploads\/2025\/10\/Jungle-Party-2024-26-web.jpg 800w, https:\/\/zoo.org\/wp-content\/uploads\/2025\/10\/Jungle-Party-2024-26-web-300x200.jpg 300w, https:\/\/zoo.org\/wp-content\/uploads\/2025\/10\/Jungle-Party-2024-26-web-768x512.jpg 768w\" sizes=\"auto, (max-width: 800px) 100vw, 800px\" \/><\/figure>\n<\/div><\/div>\n\n\n<style>.kadence-column1218_dcb2b2-37 > .kt-inside-inner-col,.kadence-column1218_dcb2b2-37 > .kt-inside-inner-col:before{border-top-left-radius:0px;border-top-right-radius:0px;border-bottom-right-radius:0px;border-bottom-left-radius:0px;}.kadence-column1218_dcb2b2-37 > .kt-inside-inner-col{column-gap:var(--global-kb-gap-sm, 1rem);}.kadence-column1218_dcb2b2-37 > .kt-inside-inner-col{flex-direction:column;}.kadence-column1218_dcb2b2-37 > .kt-inside-inner-col > .aligncenter{width:100%;}.kadence-column1218_dcb2b2-37 > .kt-inside-inner-col:before{opacity:0.3;}.kadence-column1218_dcb2b2-37{position:relative;}@media all and (max-width: 1024px){.kadence-column1218_dcb2b2-37 > .kt-inside-inner-col{flex-direction:column;justify-content:center;}}@media all and (max-width: 767px){.kadence-column1218_dcb2b2-37 > .kt-inside-inner-col{flex-direction:column;justify-content:center;}}<\/style>\n<div class=\"wp-block-kadence-column kadence-column1218_dcb2b2-37\"><div class=\"kt-inside-inner-col\"><style>.kb-image1218_61eab4-4b .kb-image-has-overlay:after{opacity:0.3;}<\/style>\n<figure class=\"wp-block-kadence-image kb-image1218_61eab4-4b size-full\"><img loading=\"lazy\" decoding=\"async\" width=\"800\" height=\"533\" src=\"https:\/\/zoo.org\/wp-content\/uploads\/2025\/10\/Jungle-Party-2024-27-web.jpg\" alt=\"\" class=\"kb-img wp-image-6375\" srcset=\"https:\/\/zoo.org\/wp-content\/uploads\/2025\/10\/Jungle-Party-2024-27-web.jpg 800w, https:\/\/zoo.org\/wp-content\/uploads\/2025\/10\/Jungle-Party-2024-27-web-300x200.jpg 300w, https:\/\/zoo.org\/wp-content\/uploads\/2025\/10\/Jungle-Party-2024-27-web-768x512.jpg 768w\" sizes=\"auto, (max-width: 800px) 100vw, 800px\" \/><\/figure>\n<\/div><\/div>\n\n<\/div><\/div>\n<h3 class=\"wp-block-heading\">\u00bfPreguntas?<\/h3>\n\n<p>Comun\u00edquese con Madeleine Harris en <a href=\"mailto:jungle.party@zoo.org\">jungle.party@zoo.org<\/a> o al 206-548-2422.<\/p>\n\n<p>Si tiene preguntas sobre oportunidades de patrocinio, comun\u00edquese con Susan Bell, Oficial de Participaci\u00f3n Corporativa, en <a href=\"mailto:Susan.Bell@zoo.org\">Susan.Bell@zoo.org<\/a> o al 206.548.2439.<\/p>\n\n<div class=\"wp-block-group alignfull divider is-layout-constrained wp-block-group-is-layout-constrained\">\n<h2 class=\"wp-block-heading alignfull has-text-align-center\">PATROCINADORES<\/h2>\n<\/div>\n<style>.kb-image1218_779369-40 .kb-image-has-overlay:after{opacity:0.3;}<\/style>\n<div class=\"wp-block-kadence-image kb-image1218_779369-40\"><figure class=\"aligncenter size-full\"><img loading=\"lazy\" decoding=\"async\" width=\"792\" height=\"678\" src=\"https:\/\/zoo.org\/wp-content\/uploads\/2026\/02\/JP-Sponsor-Block-2-20-2026.jpg\" alt=\"Sponsor recognition image listing PACCAR as host, followed by logos of title, premier, gold, centerpiece, sustainability, ambassador, wine, food, and supporting sponsors, including Car Wash, Sound Community Bank, US Bank, Microsoft, Deloitte, and others.\" class=\"kb-img wp-image-20022\" srcset=\"https:\/\/zoo.org\/wp-content\/uploads\/2026\/02\/JP-Sponsor-Block-2-20-2026.jpg 792w, https:\/\/zoo.org\/wp-content\/uploads\/2026\/02\/JP-Sponsor-Block-2-20-2026-300x257.jpg 300w, https:\/\/zoo.org\/wp-content\/uploads\/2026\/02\/JP-Sponsor-Block-2-20-2026-150x128.jpg 150w, https:\/\/zoo.org\/wp-content\/uploads\/2026\/02\/JP-Sponsor-Block-2-20-2026-768x657.jpg 768w\" sizes=\"auto, (max-width: 792px) 100vw, 792px\" \/><\/figure><\/div>\n","protected":false},"excerpt":{"rendered":"<p>FIESTA EN LA JUNGLA Voces de lo salvaje \u00a1\u00danase a nosotros en nuestro evento del 50 aniversario! Viernes 10 de julio de 2026 North Meadow del zool\u00f3gico Woodland Park SOBRE [&hellip;]<\/p>\n","protected":false},"author":1,"featured_media":10081,"parent":0,"menu_order":0,"comment_status":"closed","ping_status":"closed","template":"","meta":{"_acf_changed":false,"_kad_blocks_custom_css":"","_kad_blocks_head_custom_js":"","_kad_blocks_body_custom_js":"","_kad_blocks_footer_custom_js":"","footnotes":""},"class_list":["post-12104","page","type-page","status-publish","has-post-thumbnail","hentry"],"blocksy_meta":{"content_style_source":"inherit","vertical_spacing_source":"custom","content_area_spacing":"bottom","styles_descriptor":{"styles":{"desktop":"","tablet":"","mobile":""},"google_fonts":[],"version":6}},"acf":[],"yoast_head":"<!-- This site is optimized with the Yoast SEO plugin v27.4 - https:\/\/yoast.com\/product\/yoast-seo-wordpress\/ -->\n<title>-<\/title>\n<meta name=\"description\" content=\"No te pierdas la fiesta m\u00e1s salvaje de Seattle, la fiesta de recaudaci\u00f3n de fondos Jungle Party del Woodland Park Zoo.\" \/>\n<meta name=\"robots\" content=\"index, follow, max-snippet:-1, max-image-preview:large, max-video-preview:-1\" \/>\n<link rel=\"canonical\" href=\"https:\/\/zoo.org\/es\/fiesta-en-la-jungla\/\" \/>\n<meta property=\"og:locale\" content=\"es_ES\" \/>\n<meta property=\"og:type\" content=\"article\" \/>\n<meta property=\"og:title\" content=\"-\" \/>\n<meta property=\"og:description\" content=\"No te pierdas la fiesta m\u00e1s salvaje de Seattle, la fiesta de recaudaci\u00f3n de fondos Jungle Party del Woodland Park Zoo.\" \/>\n<meta property=\"og:url\" content=\"https:\/\/zoo.org\/es\/fiesta-en-la-jungla\/\" \/>\n<meta property=\"og:site_name\" content=\"Zool\u00f3gico Woodland Park\" \/>\n<meta property=\"article:modified_time\" content=\"2026-02-27T22:04:55+00:00\" \/>\n<meta property=\"og:image\" content=\"https:\/\/zoo.org\/wp-content\/uploads\/2025\/10\/Jungle-Party-2024-12-web.jpg?wsr\" \/>\n\t<meta property=\"og:image:width\" content=\"800\" \/>\n\t<meta property=\"og:image:height\" content=\"533\" \/>\n\t<meta property=\"og:image:type\" content=\"image\/jpeg\" \/>\n<meta name=\"twitter:card\" content=\"summary_large_image\" \/>\n<script type=\"application\/ld+json\" class=\"yoast-schema-graph\">{\"@context\":\"https:\\\/\\\/schema.org\",\"@graph\":[{\"@type\":\"WebPage\",\"@id\":\"https:\\\/\\\/zoo.org\\\/es\\\/fiesta-en-la-jungla\\\/\",\"url\":\"https:\\\/\\\/zoo.org\\\/es\\\/fiesta-en-la-jungla\\\/\",\"name\":\"-\",\"isPartOf\":{\"@id\":\"https:\\\/\\\/zoo.org\\\/es\\\/#website\"},\"primaryImageOfPage\":{\"@id\":\"https:\\\/\\\/zoo.org\\\/es\\\/fiesta-en-la-jungla\\\/#primaryimage\"},\"image\":{\"@id\":\"https:\\\/\\\/zoo.org\\\/es\\\/fiesta-en-la-jungla\\\/#primaryimage\"},\"thumbnailUrl\":\"https:\\\/\\\/zoo.org\\\/wp-content\\\/uploads\\\/2025\\\/10\\\/Jungle-Party-2024-12-web.jpg?wsr\",\"datePublished\":\"2025-05-17T05:04:38+00:00\",\"dateModified\":\"2026-02-27T22:04:55+00:00\",\"description\":\"No te pierdas la fiesta m\u00e1s salvaje de Seattle, la fiesta de recaudaci\u00f3n de fondos Jungle Party del Woodland Park Zoo.\",\"breadcrumb\":{\"@id\":\"https:\\\/\\\/zoo.org\\\/es\\\/fiesta-en-la-jungla\\\/#breadcrumb\"},\"inLanguage\":\"es\",\"potentialAction\":[{\"@type\":\"ReadAction\",\"target\":[\"https:\\\/\\\/zoo.org\\\/es\\\/fiesta-en-la-jungla\\\/\"]}]},{\"@type\":\"ImageObject\",\"inLanguage\":\"es\",\"@id\":\"https:\\\/\\\/zoo.org\\\/es\\\/fiesta-en-la-jungla\\\/#primaryimage\",\"url\":\"https:\\\/\\\/zoo.org\\\/wp-content\\\/uploads\\\/2025\\\/10\\\/Jungle-Party-2024-12-web.jpg?wsr\",\"contentUrl\":\"https:\\\/\\\/zoo.org\\\/wp-content\\\/uploads\\\/2025\\\/10\\\/Jungle-Party-2024-12-web.jpg?wsr\",\"width\":800,\"height\":533,\"caption\":\"Un flamenco con sus alas abiertas se encuentra sobre el c\u00e9sped frente a un grupo de personas sorprendidas y sonrientes al aire libre, con \u00e1rboles de fondo.\"},{\"@type\":\"BreadcrumbList\",\"@id\":\"https:\\\/\\\/zoo.org\\\/es\\\/fiesta-en-la-jungla\\\/#breadcrumb\",\"itemListElement\":[{\"@type\":\"ListItem\",\"position\":1,\"name\":\"Hogar\",\"item\":\"https:\\\/\\\/zoo.org\\\/es\\\/\"},{\"@type\":\"ListItem\",\"position\":2,\"name\":\"Fiesta en la jungla\"}]},{\"@type\":\"WebSite\",\"@id\":\"https:\\\/\\\/zoo.org\\\/es\\\/#website\",\"url\":\"https:\\\/\\\/zoo.org\\\/es\\\/\",\"name\":\"Zool\u00f3gico Woodland Park\",\"description\":\"El Zool\u00f3gico Woodland Park salva la vida silvestre e inspira a todos a hacer de la conservaci\u00f3n una prioridad en sus vidas.\",\"publisher\":{\"@id\":\"https:\\\/\\\/zoo.org\\\/es\\\/#organization\"},\"potentialAction\":[{\"@type\":\"SearchAction\",\"target\":{\"@type\":\"EntryPoint\",\"urlTemplate\":\"https:\\\/\\\/zoo.org\\\/es\\\/?s={search_term_string}\"},\"query-input\":{\"@type\":\"PropertyValueSpecification\",\"valueRequired\":true,\"valueName\":\"search_term_string\"}}],\"inLanguage\":\"es\"},{\"@type\":\"Organization\",\"@id\":\"https:\\\/\\\/zoo.org\\\/es\\\/#organization\",\"name\":\"Zool\u00f3gico Woodland Park\",\"url\":\"https:\\\/\\\/zoo.org\\\/es\\\/\",\"logo\":{\"@type\":\"ImageObject\",\"inLanguage\":\"es\",\"@id\":\"https:\\\/\\\/zoo.org\\\/es\\\/#\\\/schema\\\/logo\\\/image\\\/\",\"url\":\"https:\\\/\\\/zoo.org\\\/wp-content\\\/uploads\\\/2026\\\/01\\\/WPZ-Logo_white-SVG.svg?wsr\",\"contentUrl\":\"https:\\\/\\\/zoo.org\\\/wp-content\\\/uploads\\\/2026\\\/01\\\/WPZ-Logo_white-SVG.svg?wsr\",\"width\":288,\"height\":282,\"caption\":\"Zool\u00f3gico Woodland Park\"},\"image\":{\"@id\":\"https:\\\/\\\/zoo.org\\\/es\\\/#\\\/schema\\\/logo\\\/image\\\/\"}}]}<\/script>\n<!-- \/ Yoast SEO plugin. -->","yoast_head_json":{"title":"-","description":"No te pierdas la fiesta m\u00e1s salvaje de Seattle, la fiesta de recaudaci\u00f3n de fondos Jungle Party del Woodland Park Zoo.","robots":{"index":"index","follow":"follow","max-snippet":"max-snippet:-1","max-image-preview":"max-image-preview:large","max-video-preview":"max-video-preview:-1"},"canonical":"https:\/\/zoo.org\/es\/fiesta-en-la-jungla\/","og_locale":"es_ES","og_type":"article","og_title":"-","og_description":"No te pierdas la fiesta m\u00e1s salvaje de Seattle, la fiesta de recaudaci\u00f3n de fondos Jungle Party del Woodland Park Zoo.","og_url":"https:\/\/zoo.org\/es\/fiesta-en-la-jungla\/","og_site_name":"Zool\u00f3gico Woodland Park","article_modified_time":"2026-02-27T22:04:55+00:00","og_image":[{"width":800,"height":533,"url":"https:\/\/zoo.org\/wp-content\/uploads\/2025\/10\/Jungle-Party-2024-12-web.jpg?wsr","type":"image\/jpeg"}],"twitter_card":"summary_large_image","schema":{"@context":"https:\/\/schema.org","@graph":[{"@type":"WebPage","@id":"https:\/\/zoo.org\/es\/fiesta-en-la-jungla\/","url":"https:\/\/zoo.org\/es\/fiesta-en-la-jungla\/","name":"-","isPartOf":{"@id":"https:\/\/zoo.org\/es\/#website"},"primaryImageOfPage":{"@id":"https:\/\/zoo.org\/es\/fiesta-en-la-jungla\/#primaryimage"},"image":{"@id":"https:\/\/zoo.org\/es\/fiesta-en-la-jungla\/#primaryimage"},"thumbnailUrl":"https:\/\/zoo.org\/wp-content\/uploads\/2025\/10\/Jungle-Party-2024-12-web.jpg?wsr","datePublished":"2025-05-17T05:04:38+00:00","dateModified":"2026-02-27T22:04:55+00:00","description":"No te pierdas la fiesta m\u00e1s salvaje de Seattle, la fiesta de recaudaci\u00f3n de fondos Jungle Party del Woodland Park Zoo.","breadcrumb":{"@id":"https:\/\/zoo.org\/es\/fiesta-en-la-jungla\/#breadcrumb"},"inLanguage":"es","potentialAction":[{"@type":"ReadAction","target":["https:\/\/zoo.org\/es\/fiesta-en-la-jungla\/"]}]},{"@type":"ImageObject","inLanguage":"es","@id":"https:\/\/zoo.org\/es\/fiesta-en-la-jungla\/#primaryimage","url":"https:\/\/zoo.org\/wp-content\/uploads\/2025\/10\/Jungle-Party-2024-12-web.jpg?wsr","contentUrl":"https:\/\/zoo.org\/wp-content\/uploads\/2025\/10\/Jungle-Party-2024-12-web.jpg?wsr","width":800,"height":533,"caption":"Un flamenco con sus alas abiertas se encuentra sobre el c\u00e9sped frente a un grupo de personas sorprendidas y sonrientes al aire libre, con \u00e1rboles de fondo."},{"@type":"BreadcrumbList","@id":"https:\/\/zoo.org\/es\/fiesta-en-la-jungla\/#breadcrumb","itemListElement":[{"@type":"ListItem","position":1,"name":"Hogar","item":"https:\/\/zoo.org\/es\/"},{"@type":"ListItem","position":2,"name":"Fiesta en la jungla"}]},{"@type":"WebSite","@id":"https:\/\/zoo.org\/es\/#website","url":"https:\/\/zoo.org\/es\/","name":"Zool\u00f3gico Woodland Park","description":"El Zool\u00f3gico Woodland Park salva la vida silvestre e inspira a todos a hacer de la conservaci\u00f3n una prioridad en sus vidas.","publisher":{"@id":"https:\/\/zoo.org\/es\/#organization"},"potentialAction":[{"@type":"SearchAction","target":{"@type":"EntryPoint","urlTemplate":"https:\/\/zoo.org\/es\/?s={search_term_string}"},"query-input":{"@type":"PropertyValueSpecification","valueRequired":true,"valueName":"search_term_string"}}],"inLanguage":"es"},{"@type":"Organization","@id":"https:\/\/zoo.org\/es\/#organization","name":"Zool\u00f3gico Woodland Park","url":"https:\/\/zoo.org\/es\/","logo":{"@type":"ImageObject","inLanguage":"es","@id":"https:\/\/zoo.org\/es\/#\/schema\/logo\/image\/","url":"https:\/\/zoo.org\/wp-content\/uploads\/2026\/01\/WPZ-Logo_white-SVG.svg?wsr","contentUrl":"https:\/\/zoo.org\/wp-content\/uploads\/2026\/01\/WPZ-Logo_white-SVG.svg?wsr","width":288,"height":282,"caption":"Zool\u00f3gico Woodland Park"},"image":{"@id":"https:\/\/zoo.org\/es\/#\/schema\/logo\/image\/"}}]}},"taxonomy_info":[],"featured_image_src_large":["https:\/\/zoo.org\/wp-content\/uploads\/2025\/10\/Jungle-Party-2024-12-web.jpg?wsr",800,533,false],"author_info":{"display_name":"jloughlin","author_link":"https:\/\/zoo.org\/es\/author\/jloughlin\/"},"comment_info":0,"_links":{"self":[{"href":"https:\/\/zoo.org\/es\/wp-json\/wp\/v2\/pages\/12104","targetHints":{"allow":["GET"]}}],"collection":[{"href":"https:\/\/zoo.org\/es\/wp-json\/wp\/v2\/pages"}],"about":[{"href":"https:\/\/zoo.org\/es\/wp-json\/wp\/v2\/types\/page"}],"author":[{"embeddable":true,"href":"https:\/\/zoo.org\/es\/wp-json\/wp\/v2\/users\/1"}],"replies":[{"embeddable":true,"href":"https:\/\/zoo.org\/es\/wp-json\/wp\/v2\/comments?post=12104"}],"version-history":[{"count":0,"href":"https:\/\/zoo.org\/es\/wp-json\/wp\/v2\/pages\/12104\/revisions"}],"wp:featuredmedia":[{"embeddable":true,"href":"https:\/\/zoo.org\/es\/wp-json\/wp\/v2\/media\/10081"}],"wp:attachment":[{"href":"https:\/\/zoo.org\/es\/wp-json\/wp\/v2\/media?parent=12104"}],"curies":[{"name":"wp","href":"https:\/\/api.w.org\/{rel}","templated":true}]}}