{"id":12148,"date":"2025-06-04T23:22:25","date_gmt":"2025-06-05T06:22:25","guid":{"rendered":"https:\/\/zoo.org\/fiesta-en-la-jungla\/subasta-jp\/"},"modified":"2026-02-24T10:25:09","modified_gmt":"2026-02-24T18:25:09","slug":"subasta-jp","status":"publish","type":"page","link":"https:\/\/zoo.org\/es\/fiesta-en-la-jungla\/subasta-jp\/","title":{"rendered":"Subasta de fiesta en la jungla"},"content":{"rendered":"\n<div class=\"wp-block-cover alignfull is-light hero\" style=\"margin-top:0;margin-bottom:0;min-height:400px;aspect-ratio:unset;\"><img loading=\"lazy\" decoding=\"async\" width=\"1920\" height=\"400\" class=\"wp-block-cover__image-background wp-image-20021 size-full\" alt=\"Three stylized gold and black animal illustrations\u2014a bird, a leopard, and a howling wolf\u2014are set against textured marbled and abstract backgrounds with gold accents.\" src=\"https:\/\/zoo.org\/wp-content\/uploads\/2026\/02\/JP26_WebBanner_1920x400-web.jpg\" data-object-fit=\"cover\" srcset=\"https:\/\/zoo.org\/wp-content\/uploads\/2026\/02\/JP26_WebBanner_1920x400-web.jpg 1920w, https:\/\/zoo.org\/wp-content\/uploads\/2026\/02\/JP26_WebBanner_1920x400-web-300x63.jpg 300w, https:\/\/zoo.org\/wp-content\/uploads\/2026\/02\/JP26_WebBanner_1920x400-web-1024x213.jpg 1024w, https:\/\/zoo.org\/wp-content\/uploads\/2026\/02\/JP26_WebBanner_1920x400-web-150x31.jpg 150w, https:\/\/zoo.org\/wp-content\/uploads\/2026\/02\/JP26_WebBanner_1920x400-web-768x160.jpg 768w, https:\/\/zoo.org\/wp-content\/uploads\/2026\/02\/JP26_WebBanner_1920x400-web-1536x320.jpg 1536w\" sizes=\"auto, (max-width: 1920px) 100vw, 1920px\" \/><span aria-hidden=\"true\" class=\"wp-block-cover__background has-background-dim-0 has-background-dim\" style=\"background-color:#d1ccc6\"><\/span><div class=\"wp-block-cover__inner-container is-layout-constrained wp-block-cover-is-layout-constrained\">\n<p class=\"has-text-align-center has-large-font-size\"><\/p>\n<\/div><\/div>\n\n<div class=\"wp-block-group is-layout-constrained wp-block-group-is-layout-constrained\" style=\"margin-top:2em;margin-bottom:3em\">\n<h1 class=\"wp-block-heading has-text-align-center\" style=\"margin-top:0.65em;margin-bottom:0.275em\">FIESTA EN LA JUNGLA<\/h1>\n\n\n\n<p class=\"has-text-align-center has-palette-color-3-color has-text-color has-link-color wp-elements-b8efc46c378f552c84c39a3c2cbbe101\" style=\"margin-bottom:1em;font-size:clamp(0.984em, 0.984rem + ((1vw - 0.2em) * 0.645), 1.5em);font-style:normal;font-weight:500;line-height:1.5\"><strong><strong>Voces de lo salvaje<\/strong><\/strong><br\/> \u00a1\u00danase a nosotros en nuestro evento del 50 aniversario!<\/p>\n\n\n\n<p class=\"has-text-align-center has-palette-color-3-color has-text-color has-link-color wp-elements-39ebd7d9e28e8848d05225e42f4150db\" style=\"margin-bottom:1em;font-size:clamp(0.984em, 0.984rem + ((1vw - 0.2em) * 0.645), 1.5em);line-height:1.5\">Viernes 10 de julio de 2026<br\/> North Meadow del zool\u00f3gico Woodland Park<\/p>\n<\/div>\n\n<div class=\"wp-block-group alignfull divider is-layout-constrained wp-block-group-is-layout-constrained\">\n<h2 class=\"wp-block-heading alignfull has-text-align-center\">SUBASTA<\/h2>\n<\/div>\n\n<p>\u00a1Aceptamos donaciones de art\u00edculos para la subasta de la 50.\u00aa Fiesta de la Jungla! Para donar un art\u00edculo, <a href=\"https:\/\/onecau.se\/_esgz81\" target=\"_blank\" rel=\"noreferrer noopener\">complete nuestro formulario en l\u00ednea<\/a> <a href=\"https:\/\/zoo.org\/wp-content\/uploads\/2026\/01\/2026-Jungle-Party-Procurement-Form-Updated-12.30.25.pdf\" target=\"_blank\" rel=\"noreferrer noopener\">o<\/a> env\u00edelo a <a href=\"mailto:jpauctionitems@zoo.org\">jpauctionitems@zoo.org<\/a> . Si tiene alguna pregunta, comun\u00edquese con Caitlin a <a href=\"mailto:jpauctionitems@zoo.org\">jpauctionitems@zoo.org<\/a> o al 206-548-2442.  <\/p>\n\n<div class=\"wp-block-buttons is-content-justification-center is-layout-flex wp-container-core-buttons-is-layout-48d0e691 wp-block-buttons-is-layout-flex\" style=\"margin-top:var(--wp--preset--spacing--60);margin-bottom:var(--wp--preset--spacing--60)\">\n<div class=\"wp-block-button\"><a class=\"wp-block-button__link wp-element-button\" href=\"https:\/\/onecau.se\/_esgz81\" target=\"_blank\" rel=\"noreferrer noopener\">FORMULARIO DE DONACI\u00d3N PARA SUBASTAS<\/a><\/div>\n\n\n\n<div class=\"wp-block-button\"><a class=\"wp-block-button__link wp-element-button\" href=\"https:\/\/zoo.org\/wp-content\/uploads\/2026\/01\/2026-Jungle-Party-Procurement-Form-Updated-12.30.25.pdf\" target=\"_blank\" rel=\"noreferrer noopener\">Formulario de contrataci\u00f3n de SUBASTA<\/a><\/div>\n<\/div>\n\n<h3 class=\"wp-block-heading\">Pautas y pol\u00edtica de aceptaci\u00f3n de donaciones en subastas<\/h3>\n\n<ul class=\"wp-block-list\">\n<li>Los formularios de adquisici\u00f3n completos y los art\u00edculos f\u00edsicos deben recibirse antes del 5 de junio de 2026. Cualquier art\u00edculo que contenga alcohol o certificados de degustaci\u00f3n debe recibirse antes del 6 de mayo de 2026. Los formularios de adquisici\u00f3n o los art\u00edculos f\u00edsicos recibidos despu\u00e9s de estas fechas l\u00edmite pueden devolverse al donante o guardarse para su uso en otro evento.  <\/li>\n\n\n\n<li>Todos los art\u00edculos deben estar en condiciones nuevas o como nuevas y se deben quitar las etiquetas de precios.<\/li>\n\n\n\n<li>El art\u00edculo no deber\u00eda requerir que el postor ganador pague tarifas adicionales para canjearlo.<\/li>\n\n\n\n<li>No podemos garantizar el alojamiento de art\u00edculos excesivamente grandes.<\/li>\n\n\n\n<li>Los formularios de adquisici\u00f3n deben completarse en su totalidad. No se aceptar\u00e1n formularios que no incluyan el valor justo de mercado, la informaci\u00f3n del donante, una descripci\u00f3n correcta y legible del art\u00edculo o restricciones del mismo. <\/li>\n\n\n\n<li>Podemos empaquetar su art\u00edculo con otros, agregar un lenguaje m\u00e1s espec\u00edfico a la descripci\u00f3n y\/o agregar im\u00e1genes para crear un paquete de subasta atractivo.<\/li>\n\n\n\n<li>El art\u00edculo puede utilizarse de otra manera valiosa o rechazarse a discreci\u00f3n del Zool\u00f3gico Woodland Park. Los art\u00edculos deseados incluyen paquetes de vino, paquetes de comida, experiencias locales, paquetes deportivos y otros art\u00edculos \u00fanicos pero de atractivo universal. <\/li>\n\n\n\n<li>Si se solicita la recogida de un art\u00edculo, el mismo debe estar ubicado dentro de las 25 millas del zool\u00f3gico Woodland Park.<\/li>\n\n\n\n<li>Los art\u00edculos que no se oferten o que no se reclamen despu\u00e9s de un a\u00f1o podr\u00e1n volver a subastarse o usarse para otro prop\u00f3sito a discreci\u00f3n del Zool\u00f3gico Woodland Park.<\/li>\n<\/ul>\n","protected":false},"excerpt":{"rendered":"<p>FIESTA EN LA JUNGLA Voces de lo salvaje \u00a1\u00danase a nosotros en nuestro evento del 50 aniversario! Viernes 10 de julio de 2026 North Meadow del zool\u00f3gico Woodland Park SUBASTA [&hellip;]<\/p>\n","protected":false},"author":1,"featured_media":10081,"parent":12104,"menu_order":0,"comment_status":"closed","ping_status":"closed","template":"","meta":{"_acf_changed":false,"_kad_blocks_custom_css":"","_kad_blocks_head_custom_js":"","_kad_blocks_body_custom_js":"","_kad_blocks_footer_custom_js":"","footnotes":""},"class_list":["post-12148","page","type-page","status-publish","has-post-thumbnail","hentry"],"blocksy_meta":{"vertical_spacing_source":"custom","content_area_spacing":"bottom","styles_descriptor":{"styles":{"desktop":"","tablet":"","mobile":""},"google_fonts":[],"version":6}},"acf":[],"yoast_head":"<!-- This site is optimized with the Yoast SEO plugin v27.4 - https:\/\/yoast.com\/product\/yoast-seo-wordpress\/ -->\n<title>-<\/title>\n<meta name=\"description\" content=\"No te pierdas la fiesta m\u00e1s salvaje de Seattle, la fiesta de recaudaci\u00f3n de fondos Jungle Party del Woodland Park Zoo.\" \/>\n<meta name=\"robots\" content=\"index, follow, max-snippet:-1, max-image-preview:large, max-video-preview:-1\" \/>\n<link rel=\"canonical\" href=\"https:\/\/zoo.org\/es\/fiesta-en-la-jungla\/subasta-jp\/\" \/>\n<meta property=\"og:locale\" content=\"es_ES\" \/>\n<meta property=\"og:type\" content=\"article\" \/>\n<meta property=\"og:title\" content=\"-\" \/>\n<meta property=\"og:description\" content=\"No te pierdas la fiesta m\u00e1s salvaje de Seattle, la fiesta de recaudaci\u00f3n de fondos Jungle Party del Woodland Park Zoo.\" \/>\n<meta property=\"og:url\" content=\"https:\/\/zoo.org\/es\/fiesta-en-la-jungla\/subasta-jp\/\" \/>\n<meta property=\"og:site_name\" content=\"Zool\u00f3gico Woodland Park\" \/>\n<meta property=\"article:modified_time\" content=\"2026-02-24T18:25:09+00:00\" \/>\n<meta property=\"og:image\" content=\"https:\/\/zoo.org\/wp-content\/uploads\/2025\/10\/Jungle-Party-2024-12-web.jpg?wsr\" \/>\n\t<meta property=\"og:image:width\" content=\"800\" \/>\n\t<meta property=\"og:image:height\" content=\"533\" \/>\n\t<meta property=\"og:image:type\" content=\"image\/jpeg\" \/>\n<meta name=\"twitter:card\" content=\"summary_large_image\" \/>\n<script type=\"application\/ld+json\" class=\"yoast-schema-graph\">{\"@context\":\"https:\\\/\\\/schema.org\",\"@graph\":[{\"@type\":\"WebPage\",\"@id\":\"https:\\\/\\\/zoo.org\\\/es\\\/fiesta-en-la-jungla\\\/subasta-jp\\\/\",\"url\":\"https:\\\/\\\/zoo.org\\\/es\\\/fiesta-en-la-jungla\\\/subasta-jp\\\/\",\"name\":\"-\",\"isPartOf\":{\"@id\":\"https:\\\/\\\/zoo.org\\\/es\\\/#website\"},\"primaryImageOfPage\":{\"@id\":\"https:\\\/\\\/zoo.org\\\/es\\\/fiesta-en-la-jungla\\\/subasta-jp\\\/#primaryimage\"},\"image\":{\"@id\":\"https:\\\/\\\/zoo.org\\\/es\\\/fiesta-en-la-jungla\\\/subasta-jp\\\/#primaryimage\"},\"thumbnailUrl\":\"https:\\\/\\\/zoo.org\\\/wp-content\\\/uploads\\\/2025\\\/10\\\/Jungle-Party-2024-12-web.jpg?wsr\",\"datePublished\":\"2025-06-05T06:22:25+00:00\",\"dateModified\":\"2026-02-24T18:25:09+00:00\",\"description\":\"No te pierdas la fiesta m\u00e1s salvaje de Seattle, la fiesta de recaudaci\u00f3n de fondos Jungle Party del Woodland Park Zoo.\",\"breadcrumb\":{\"@id\":\"https:\\\/\\\/zoo.org\\\/es\\\/fiesta-en-la-jungla\\\/subasta-jp\\\/#breadcrumb\"},\"inLanguage\":\"es\",\"potentialAction\":[{\"@type\":\"ReadAction\",\"target\":[\"https:\\\/\\\/zoo.org\\\/es\\\/fiesta-en-la-jungla\\\/subasta-jp\\\/\"]}]},{\"@type\":\"ImageObject\",\"inLanguage\":\"es\",\"@id\":\"https:\\\/\\\/zoo.org\\\/es\\\/fiesta-en-la-jungla\\\/subasta-jp\\\/#primaryimage\",\"url\":\"https:\\\/\\\/zoo.org\\\/wp-content\\\/uploads\\\/2025\\\/10\\\/Jungle-Party-2024-12-web.jpg?wsr\",\"contentUrl\":\"https:\\\/\\\/zoo.org\\\/wp-content\\\/uploads\\\/2025\\\/10\\\/Jungle-Party-2024-12-web.jpg?wsr\",\"width\":800,\"height\":533,\"caption\":\"Un flamenco con sus alas abiertas se encuentra sobre el c\u00e9sped frente a un grupo de personas sorprendidas y sonrientes al aire libre, con \u00e1rboles de fondo.\"},{\"@type\":\"BreadcrumbList\",\"@id\":\"https:\\\/\\\/zoo.org\\\/es\\\/fiesta-en-la-jungla\\\/subasta-jp\\\/#breadcrumb\",\"itemListElement\":[{\"@type\":\"ListItem\",\"position\":1,\"name\":\"Hogar\",\"item\":\"https:\\\/\\\/zoo.org\\\/es\\\/\"},{\"@type\":\"ListItem\",\"position\":2,\"name\":\"Fiesta en la jungla\",\"item\":\"https:\\\/\\\/zoo.org\\\/es\\\/fiesta-en-la-jungla\\\/\"},{\"@type\":\"ListItem\",\"position\":3,\"name\":\"Subasta de fiesta en la jungla\"}]},{\"@type\":\"WebSite\",\"@id\":\"https:\\\/\\\/zoo.org\\\/es\\\/#website\",\"url\":\"https:\\\/\\\/zoo.org\\\/es\\\/\",\"name\":\"Zool\u00f3gico Woodland Park\",\"description\":\"El Zool\u00f3gico Woodland Park salva la vida silvestre e inspira a todos a hacer de la conservaci\u00f3n una prioridad en sus vidas.\",\"publisher\":{\"@id\":\"https:\\\/\\\/zoo.org\\\/es\\\/#organization\"},\"potentialAction\":[{\"@type\":\"SearchAction\",\"target\":{\"@type\":\"EntryPoint\",\"urlTemplate\":\"https:\\\/\\\/zoo.org\\\/es\\\/?s={search_term_string}\"},\"query-input\":{\"@type\":\"PropertyValueSpecification\",\"valueRequired\":true,\"valueName\":\"search_term_string\"}}],\"inLanguage\":\"es\"},{\"@type\":\"Organization\",\"@id\":\"https:\\\/\\\/zoo.org\\\/es\\\/#organization\",\"name\":\"Zool\u00f3gico Woodland Park\",\"url\":\"https:\\\/\\\/zoo.org\\\/es\\\/\",\"logo\":{\"@type\":\"ImageObject\",\"inLanguage\":\"es\",\"@id\":\"https:\\\/\\\/zoo.org\\\/es\\\/#\\\/schema\\\/logo\\\/image\\\/\",\"url\":\"https:\\\/\\\/zoo.org\\\/wp-content\\\/uploads\\\/2026\\\/01\\\/WPZ-Logo_white-SVG.svg?wsr\",\"contentUrl\":\"https:\\\/\\\/zoo.org\\\/wp-content\\\/uploads\\\/2026\\\/01\\\/WPZ-Logo_white-SVG.svg?wsr\",\"width\":288,\"height\":282,\"caption\":\"Zool\u00f3gico Woodland Park\"},\"image\":{\"@id\":\"https:\\\/\\\/zoo.org\\\/es\\\/#\\\/schema\\\/logo\\\/image\\\/\"}}]}<\/script>\n<!-- \/ Yoast SEO plugin. -->","yoast_head_json":{"title":"-","description":"No te pierdas la fiesta m\u00e1s salvaje de Seattle, la fiesta de recaudaci\u00f3n de fondos Jungle Party del Woodland Park Zoo.","robots":{"index":"index","follow":"follow","max-snippet":"max-snippet:-1","max-image-preview":"max-image-preview:large","max-video-preview":"max-video-preview:-1"},"canonical":"https:\/\/zoo.org\/es\/fiesta-en-la-jungla\/subasta-jp\/","og_locale":"es_ES","og_type":"article","og_title":"-","og_description":"No te pierdas la fiesta m\u00e1s salvaje de Seattle, la fiesta de recaudaci\u00f3n de fondos Jungle Party del Woodland Park Zoo.","og_url":"https:\/\/zoo.org\/es\/fiesta-en-la-jungla\/subasta-jp\/","og_site_name":"Zool\u00f3gico Woodland Park","article_modified_time":"2026-02-24T18:25:09+00:00","og_image":[{"width":800,"height":533,"url":"https:\/\/zoo.org\/wp-content\/uploads\/2025\/10\/Jungle-Party-2024-12-web.jpg?wsr","type":"image\/jpeg"}],"twitter_card":"summary_large_image","schema":{"@context":"https:\/\/schema.org","@graph":[{"@type":"WebPage","@id":"https:\/\/zoo.org\/es\/fiesta-en-la-jungla\/subasta-jp\/","url":"https:\/\/zoo.org\/es\/fiesta-en-la-jungla\/subasta-jp\/","name":"-","isPartOf":{"@id":"https:\/\/zoo.org\/es\/#website"},"primaryImageOfPage":{"@id":"https:\/\/zoo.org\/es\/fiesta-en-la-jungla\/subasta-jp\/#primaryimage"},"image":{"@id":"https:\/\/zoo.org\/es\/fiesta-en-la-jungla\/subasta-jp\/#primaryimage"},"thumbnailUrl":"https:\/\/zoo.org\/wp-content\/uploads\/2025\/10\/Jungle-Party-2024-12-web.jpg?wsr","datePublished":"2025-06-05T06:22:25+00:00","dateModified":"2026-02-24T18:25:09+00:00","description":"No te pierdas la fiesta m\u00e1s salvaje de Seattle, la fiesta de recaudaci\u00f3n de fondos Jungle Party del Woodland Park Zoo.","breadcrumb":{"@id":"https:\/\/zoo.org\/es\/fiesta-en-la-jungla\/subasta-jp\/#breadcrumb"},"inLanguage":"es","potentialAction":[{"@type":"ReadAction","target":["https:\/\/zoo.org\/es\/fiesta-en-la-jungla\/subasta-jp\/"]}]},{"@type":"ImageObject","inLanguage":"es","@id":"https:\/\/zoo.org\/es\/fiesta-en-la-jungla\/subasta-jp\/#primaryimage","url":"https:\/\/zoo.org\/wp-content\/uploads\/2025\/10\/Jungle-Party-2024-12-web.jpg?wsr","contentUrl":"https:\/\/zoo.org\/wp-content\/uploads\/2025\/10\/Jungle-Party-2024-12-web.jpg?wsr","width":800,"height":533,"caption":"Un flamenco con sus alas abiertas se encuentra sobre el c\u00e9sped frente a un grupo de personas sorprendidas y sonrientes al aire libre, con \u00e1rboles de fondo."},{"@type":"BreadcrumbList","@id":"https:\/\/zoo.org\/es\/fiesta-en-la-jungla\/subasta-jp\/#breadcrumb","itemListElement":[{"@type":"ListItem","position":1,"name":"Hogar","item":"https:\/\/zoo.org\/es\/"},{"@type":"ListItem","position":2,"name":"Fiesta en la jungla","item":"https:\/\/zoo.org\/es\/fiesta-en-la-jungla\/"},{"@type":"ListItem","position":3,"name":"Subasta de fiesta en la jungla"}]},{"@type":"WebSite","@id":"https:\/\/zoo.org\/es\/#website","url":"https:\/\/zoo.org\/es\/","name":"Zool\u00f3gico Woodland Park","description":"El Zool\u00f3gico Woodland Park salva la vida silvestre e inspira a todos a hacer de la conservaci\u00f3n una prioridad en sus vidas.","publisher":{"@id":"https:\/\/zoo.org\/es\/#organization"},"potentialAction":[{"@type":"SearchAction","target":{"@type":"EntryPoint","urlTemplate":"https:\/\/zoo.org\/es\/?s={search_term_string}"},"query-input":{"@type":"PropertyValueSpecification","valueRequired":true,"valueName":"search_term_string"}}],"inLanguage":"es"},{"@type":"Organization","@id":"https:\/\/zoo.org\/es\/#organization","name":"Zool\u00f3gico Woodland Park","url":"https:\/\/zoo.org\/es\/","logo":{"@type":"ImageObject","inLanguage":"es","@id":"https:\/\/zoo.org\/es\/#\/schema\/logo\/image\/","url":"https:\/\/zoo.org\/wp-content\/uploads\/2026\/01\/WPZ-Logo_white-SVG.svg?wsr","contentUrl":"https:\/\/zoo.org\/wp-content\/uploads\/2026\/01\/WPZ-Logo_white-SVG.svg?wsr","width":288,"height":282,"caption":"Zool\u00f3gico Woodland Park"},"image":{"@id":"https:\/\/zoo.org\/es\/#\/schema\/logo\/image\/"}}]}},"taxonomy_info":[],"featured_image_src_large":["https:\/\/zoo.org\/wp-content\/uploads\/2025\/10\/Jungle-Party-2024-12-web.jpg?wsr",800,533,false],"author_info":{"display_name":"jloughlin","author_link":"https:\/\/zoo.org\/es\/author\/jloughlin\/"},"comment_info":0,"_links":{"self":[{"href":"https:\/\/zoo.org\/es\/wp-json\/wp\/v2\/pages\/12148","targetHints":{"allow":["GET"]}}],"collection":[{"href":"https:\/\/zoo.org\/es\/wp-json\/wp\/v2\/pages"}],"about":[{"href":"https:\/\/zoo.org\/es\/wp-json\/wp\/v2\/types\/page"}],"author":[{"embeddable":true,"href":"https:\/\/zoo.org\/es\/wp-json\/wp\/v2\/users\/1"}],"replies":[{"embeddable":true,"href":"https:\/\/zoo.org\/es\/wp-json\/wp\/v2\/comments?post=12148"}],"version-history":[{"count":0,"href":"https:\/\/zoo.org\/es\/wp-json\/wp\/v2\/pages\/12148\/revisions"}],"up":[{"embeddable":true,"href":"https:\/\/zoo.org\/es\/wp-json\/wp\/v2\/pages\/12104"}],"wp:featuredmedia":[{"embeddable":true,"href":"https:\/\/zoo.org\/es\/wp-json\/wp\/v2\/media\/10081"}],"wp:attachment":[{"href":"https:\/\/zoo.org\/es\/wp-json\/wp\/v2\/media?parent=12148"}],"curies":[{"name":"wp","href":"https:\/\/api.w.org\/{rel}","templated":true}]}}