{"id":12167,"date":"2025-08-12T15:30:42","date_gmt":"2025-08-12T22:30:42","guid":{"rendered":"https:\/\/zoo.org\/indicaciones-y-estacionamiento\/"},"modified":"2025-12-19T18:21:50","modified_gmt":"2025-12-20T02:21:50","slug":"indicaciones-y-estacionamiento","status":"publish","type":"page","link":"https:\/\/zoo.org\/es\/indicaciones-y-estacionamiento\/","title":{"rendered":"Indicaciones y estacionamiento"},"content":{"rendered":"\n<div class=\"wp-block-cover alignfull hero\" style=\"margin-top:0;margin-bottom:0\"><img loading=\"lazy\" decoding=\"async\" width=\"1920\" height=\"400\" class=\"wp-block-cover__image-background wp-image-1157 size-full\" alt=\"\" src=\"http:\/\/zoo.org\/wp-content\/uploads\/2025\/05\/Lynx-Forest-Header-Image.jpg\" data-object-fit=\"cover\" srcset=\"https:\/\/zoo.org\/wp-content\/uploads\/2025\/05\/Lynx-Forest-Header-Image.jpg 1920w, https:\/\/zoo.org\/wp-content\/uploads\/2025\/05\/Lynx-Forest-Header-Image-300x63.jpg 300w, https:\/\/zoo.org\/wp-content\/uploads\/2025\/05\/Lynx-Forest-Header-Image-1024x213.jpg 1024w, https:\/\/zoo.org\/wp-content\/uploads\/2025\/05\/Lynx-Forest-Header-Image-768x160.jpg 768w, https:\/\/zoo.org\/wp-content\/uploads\/2025\/05\/Lynx-Forest-Header-Image-1536x320.jpg 1536w\" sizes=\"auto, (max-width: 1920px) 100vw, 1920px\" \/><span aria-hidden=\"true\" class=\"wp-block-cover__background has-background-dim-0 has-background-dim\" style=\"background-color:#636e5d\"><\/span><div class=\"wp-block-cover__inner-container is-layout-constrained wp-block-cover-is-layout-constrained\">\n<p class=\"has-text-align-center has-large-font-size\"><\/p>\n<\/div><\/div>\n\n<div class=\"wp-block-group is-layout-constrained wp-block-group-is-layout-constrained\" style=\"margin-top:2em;margin-bottom:3em\">\n<h1 class=\"wp-block-heading has-text-align-center\" style=\"margin-top:0.65em;margin-bottom:0.275em\">C\u00d3MO LLEGAR<\/h1>\n\n\n\n<p class=\"has-text-align-center has-palette-color-3-color has-text-color has-link-color wp-elements-3d5f4bcc75dcd32f1f69a98ab8c47c4b\" style=\"margin-bottom:1em;font-size:clamp(0.984em, 0.984rem + ((1vw - 0.2em) * 0.645), 1.5em);font-style:normal;font-weight:500;line-height:1.5\"><strong>Indicaciones y informaci\u00f3n de estacionamiento<\/strong><\/p>\n<\/div>\n\n<div class=\"wp-block-group alignfull divider is-layout-constrained wp-block-group-is-layout-constrained\">\n<h2 class=\"wp-block-heading alignfull has-text-align-center\">INSTRUCCIONES<\/h2>\n<\/div>\n\n<h3 class=\"wp-block-heading\">\u00a1Viaja gratis en transporte p\u00fablico al zool\u00f3gico Woodland Park!<\/h3>\n\n<p>El Zool\u00f3gico Woodland Park se ha asociado con King County Metro para ofrecer a todos los compradores de boletos de Admisi\u00f3n General, incluidos los titulares de boletos CAP y Discover, viaje de ida y vuelta gratuito en los autobuses elegibles de Metro y el tren ligero Link. \u00a1Los j\u00f3venes de 18 a\u00f1os o menos viajan siempre gratis! <\/p>\n\n<p><a href=\"https:\/\/zoo.org\/es\/indicaciones-y-estacionamiento\/viaja-gratis-en-transporte-publico\/\">Descubre c\u00f3mo reclamar tu viaje gratis<\/a><\/p>\n\n<div class=\"wp-block-columns is-layout-flex wp-container-core-columns-is-layout-bd8107d2 wp-block-columns-is-layout-flex\" style=\"margin-top:2.5em;margin-bottom:2.5em\">\n<div class=\"wp-block-column has-palette-color-17-background-color has-background is-layout-flow wp-container-core-column-is-layout-492b06a7 wp-block-column-is-layout-flow\" style=\"padding-top:25px;padding-right:25px;padding-bottom:25px;padding-left:25px\">\n<h3 class=\"wp-block-heading\" style=\"margin-bottom:1em\">Entrada Oeste<\/h3>\n\n\n\n<h4 class=\"wp-block-heading\" style=\"margin-bottom:1em\">5500 Phinney Ave. N., Seattle, WA 98103 <\/h4>\n\n\n\n<p><strong>Calles transversales<\/strong><br\/> Phinney Ave. N. entre N. 55th y N. 56th St. <\/p>\n\n\n\n<p style=\"margin-bottom:1em\">Se puede acceder a la Entrada Oeste a trav\u00e9s de los estacionamientos Otter y Penguin. Se puede acceder al estacionamiento Otter a trav\u00e9s del estacionamiento Penguin en Phinney Ave N. o del estacionamiento Bear en N. 59th Street. <\/p>\n<\/div>\n\n\n\n<div class=\"wp-block-column has-palette-color-17-background-color has-background is-layout-flow wp-container-core-column-is-layout-492b06a7 wp-block-column-is-layout-flow\" style=\"padding-top:25px;padding-right:25px;padding-bottom:25px;padding-left:25px\">\n<h3 class=\"wp-block-heading\" style=\"margin-bottom:1em\">Entrada Sur<\/h3>\n\n\n\n<h4 class=\"wp-block-heading\" style=\"margin-bottom:1em\">750 N. 50th Street, Seattle, WA 98103<\/h4>\n\n\n\n<p style=\"margin-bottom:1em\"><strong>Ubicado en la calle 50 Norte, con acceso por el estacionamiento de los Leones. Cerca de la exhibici\u00f3n de la Sabana Africana. <\/strong><\/p>\n<\/div>\n<\/div>\n\n<div class=\"wp-block-group is-layout-constrained wp-block-group-is-layout-constrained\"><style>.kt-sc3056_4ff284-27 .kt-sc-imgcol, .kt-sc3056_4ff284-27 .kt-sc-textcol{min-height:245px;}.kt-sc3056_4ff284-27 .kt-sc-imgcol{background-size:cover;background-image:url(https:\/\/zoo.org\/wp-content\/uploads\/2025\/10\/2025-spring-spectacular-28-car-parking.jpg);}.kt-sc3056_4ff284-27 .kt-sc-textcol{padding-top:1em;padding-right:1.5em;padding-bottom:1em;padding-left:1.5em;}@media all and (max-width: 767px){.kt-sc3056_4ff284-27 .kt-sc-imgcol, .kt-sc3056_4ff284-27 .kt-sc-textcol{min-height:275px;}}<\/style>\n<div class=\"aligncenter kt-sc3056_4ff284-27 wp-block-kadence-splitcontent\"><div class=\"kt-split-content-wrap kt-sc-media-side-left\" style=\"grid-template-columns:32% auto\"><div class=\"kt-sc-imgcol kt-sc-imgcol-bg-cover kt-sc-img-side-left\"><\/div><div class=\"kt-sc-textcol kt-sc-text-valign-center kt-sc-text-halign-left\" style=\"background-color:var(--theme-palette-color-17, #E6E6E6)\"><div class=\"kt-sc-innter-col\">\n<h3 class=\"wp-block-heading\">Conduce tu coche<\/h3>\n\n\n\n<p>Desde la I-5 en direcci\u00f3n norte o sur, tome la salida 169\/NE 50th St, vaya hacia el oeste hasta Phinney Ave. N. Gire a la derecha y conduzca hacia el norte por Phinney Ave. N. hasta la entrada oeste, justo despu\u00e9s de N. 55th St.  <\/p>\n<\/div><\/div><\/div><\/div>\n<\/div>\n\n<div class=\"wp-block-group is-layout-constrained wp-block-group-is-layout-constrained\"><style>.kt-sc3056_f34f94-f8 .kt-sc-imgcol, .kt-sc3056_f34f94-f8 .kt-sc-textcol{min-height:245px;}.kt-sc3056_f34f94-f8 .kt-sc-imgcol{background-size:cover;background-image:url(https:\/\/zoo.org\/wp-content\/uploads\/2025\/10\/2007-RHawk-Bus.jpg);}.kt-sc3056_f34f94-f8 .kt-sc-textcol{padding-top:1em;padding-right:1.5em;padding-bottom:1em;padding-left:1.5em;}@media all and (max-width: 767px){.kt-sc3056_f34f94-f8 .kt-sc-imgcol, .kt-sc3056_f34f94-f8 .kt-sc-textcol{min-height:275px;}}<\/style>\n<div class=\"aligncenter kt-sc3056_f34f94-f8 wp-block-kadence-splitcontent\"><div class=\"kt-split-content-wrap kt-sc-media-side-left\" style=\"grid-template-columns:32% auto\"><div class=\"kt-sc-imgcol kt-sc-imgcol-bg-cover kt-sc-img-side-left\"><\/div><div class=\"kt-sc-textcol kt-sc-text-valign-center kt-sc-text-halign-left\" style=\"background-color:var(--theme-palette-color-17, #E6E6E6)\"><div class=\"kt-sc-innter-col\">\n<h3 class=\"wp-block-heading\">Toma el autob\u00fas<\/h3>\n\n\n\n<p>Tome el Metro Bus #5 en direcci\u00f3n norte o sur hasta Phinney Ave. N. y N. 55th St. para llegar a la entrada oeste. <\/p>\n<\/div><\/div><\/div><\/div>\n<\/div>\n\n<div class=\"wp-block-group alignfull divider is-layout-constrained wp-block-group-is-layout-constrained\">\n<h2 class=\"wp-block-heading alignfull has-text-align-center\">Aparcamiento<\/h2>\n<\/div>\n\n<h3 class=\"wp-block-heading\">Informaci\u00f3n de estacionamiento<\/h3>\n\n<p>Los visitantes pueden pagar el estacionamiento en uno de los quioscos ubicados en cada estacionamiento o en la entrada oeste. Por favor, anote el n\u00famero de su matr\u00edcula para asegurar que su veh\u00edculo quede registrado como \u00abpagado\u00bb. <\/p>\n\n<h4 class=\"wp-block-heading\">Tarifas de estacionamiento<\/h4>\n\n<p><strong>Lote de leones, lote de ping\u00fcinos y lote de nutrias<\/strong><\/p>\n\n<p>$10 por las primeras 2 horas; $2 por cada hora adicional<br\/> Tarifa m\u00e1xima diaria de $14.00<br\/> (+ impuestos y tasas)*<\/p>\n\n<p><strong>Lote de flamencos y lote de osos<\/strong><\/p>\n\n<p>$8 por las primeras 2 horas; $3 por cada hora adicional<br\/> Tarifa m\u00e1xima diaria de $12.00<br\/> (+ impuestos y tasas)*<\/p>\n\n<h4 class=\"wp-block-heading\">Pol\u00edticas de estacionamiento<\/h4>\n\n<p>Estacionamiento <strong>gratuito<\/strong> para bicicletas cubierto y seguro en la entrada oeste.<br\/> No se permite estacionar durante la noche en los estacionamientos del zool\u00f3gico.<br\/> Estacionamiento de autob\u00fas\/casa rodante \u00fanicamente en el lote Lion.<\/p>\n\n<h3 class=\"wp-block-heading\">Estacionamiento accesible ADA<\/h3>\n\n<p>Hay plazas de estacionamiento accesibles para personas con discapacidad en todos los estacionamientos del zool\u00f3gico. No se aplican tarifas de estacionamiento a veh\u00edculos con una autorizaci\u00f3n de estacionamiento v\u00e1lida para personas con discapacidad en cualquier plaza de estacionamiento de WPZ.   <strong>Para su comodidad, el zool\u00f3gico tambi\u00e9n est\u00e1 agregando seis lugares de estacionamiento ADA temporales adicionales en el estacionamiento Otter cerca de la entrada oeste.<\/strong><\/p>\n\n<h3 class=\"wp-block-heading\">Estaciones de carga para veh\u00edculos el\u00e9ctricos<\/h3>\n\n<h4 class=\"wp-block-heading\">Disponible a trav\u00e9s de ReachNow<\/h4>\n\n<p class=\"has-palette-color-20-color has-text-color has-link-color wp-elements-3194b0b4160609012403b8944bc00263\"><strong>Las estaciones de carga del estacionamiento de Lion est\u00e1n fuera de servicio. Disculpen las molestias. <\/strong><\/p>\n\n<p><strong>Los veh\u00edculos el\u00e9ctricos se estacionan gratis mientras se cargan.<\/strong><\/p>\n\n<p>Hay cuatro cargadores Eluminocity en el lote Otter junto a la entrada oeste y dos cargadores Eluminocity en el lote Lion junto a la entrada sur.<\/p>\n","protected":false},"excerpt":{"rendered":"<p>C\u00d3MO LLEGAR Indicaciones y informaci\u00f3n de estacionamiento INSTRUCCIONES \u00a1Viaja gratis en transporte p\u00fablico al zool\u00f3gico Woodland Park! El Zool\u00f3gico Woodland Park se ha asociado con King County Metro para ofrecer [&hellip;]<\/p>\n","protected":false},"author":1,"featured_media":10442,"parent":0,"menu_order":0,"comment_status":"closed","ping_status":"closed","template":"","meta":{"_acf_changed":false,"_kad_blocks_custom_css":"","_kad_blocks_head_custom_js":"","_kad_blocks_body_custom_js":"","_kad_blocks_footer_custom_js":"","footnotes":""},"class_list":["post-12167","page","type-page","status-publish","has-post-thumbnail","hentry"],"blocksy_meta":[],"acf":[],"yoast_head":"<!-- This site is optimized with the Yoast SEO plugin v27.4 - https:\/\/yoast.com\/product\/yoast-seo-wordpress\/ -->\n<title>-<\/title>\n<meta name=\"description\" content=\"Planifique su visita: indicaciones y estacionamiento en el Zool\u00f3gico Woodland Park de Seattle\" \/>\n<meta name=\"robots\" content=\"index, follow, max-snippet:-1, max-image-preview:large, max-video-preview:-1\" \/>\n<link rel=\"canonical\" href=\"https:\/\/zoo.org\/es\/indicaciones-y-estacionamiento\/\" \/>\n<meta property=\"og:locale\" content=\"es_ES\" \/>\n<meta property=\"og:type\" content=\"article\" \/>\n<meta property=\"og:title\" content=\"-\" \/>\n<meta property=\"og:description\" content=\"Planifique su visita: indicaciones y estacionamiento en el Zool\u00f3gico Woodland Park de Seattle\" \/>\n<meta property=\"og:url\" content=\"https:\/\/zoo.org\/es\/indicaciones-y-estacionamiento\/\" \/>\n<meta property=\"og:site_name\" content=\"Zool\u00f3gico Woodland Park\" \/>\n<meta property=\"article:modified_time\" content=\"2025-12-20T02:21:50+00:00\" \/>\n<meta property=\"og:image\" content=\"https:\/\/zoo.org\/wp-content\/uploads\/2025\/08\/RS33694_2017_-WPZ-AERIALS-2-web.jpg?wsr\" \/>\n\t<meta property=\"og:image:width\" content=\"940\" \/>\n\t<meta property=\"og:image:height\" content=\"627\" \/>\n\t<meta property=\"og:image:type\" content=\"image\/jpeg\" \/>\n<meta name=\"twitter:card\" content=\"summary_large_image\" \/>\n<script type=\"application\/ld+json\" class=\"yoast-schema-graph\">{\"@context\":\"https:\\\/\\\/schema.org\",\"@graph\":[{\"@type\":\"WebPage\",\"@id\":\"https:\\\/\\\/zoo.org\\\/es\\\/indicaciones-y-estacionamiento\\\/\",\"url\":\"https:\\\/\\\/zoo.org\\\/es\\\/indicaciones-y-estacionamiento\\\/\",\"name\":\"-\",\"isPartOf\":{\"@id\":\"https:\\\/\\\/zoo.org\\\/es\\\/#website\"},\"primaryImageOfPage\":{\"@id\":\"https:\\\/\\\/zoo.org\\\/es\\\/indicaciones-y-estacionamiento\\\/#primaryimage\"},\"image\":{\"@id\":\"https:\\\/\\\/zoo.org\\\/es\\\/indicaciones-y-estacionamiento\\\/#primaryimage\"},\"thumbnailUrl\":\"https:\\\/\\\/zoo.org\\\/wp-content\\\/uploads\\\/2025\\\/08\\\/RS33694_2017_-WPZ-AERIALS-2-web.jpg?wsr\",\"datePublished\":\"2025-08-12T22:30:42+00:00\",\"dateModified\":\"2025-12-20T02:21:50+00:00\",\"description\":\"Planifique su visita: indicaciones y estacionamiento en el Zool\u00f3gico Woodland Park de Seattle\",\"breadcrumb\":{\"@id\":\"https:\\\/\\\/zoo.org\\\/es\\\/indicaciones-y-estacionamiento\\\/#breadcrumb\"},\"inLanguage\":\"es\",\"potentialAction\":[{\"@type\":\"ReadAction\",\"target\":[\"https:\\\/\\\/zoo.org\\\/es\\\/indicaciones-y-estacionamiento\\\/\"]}]},{\"@type\":\"ImageObject\",\"inLanguage\":\"es\",\"@id\":\"https:\\\/\\\/zoo.org\\\/es\\\/indicaciones-y-estacionamiento\\\/#primaryimage\",\"url\":\"https:\\\/\\\/zoo.org\\\/wp-content\\\/uploads\\\/2025\\\/08\\\/RS33694_2017_-WPZ-AERIALS-2-web.jpg?wsr\",\"contentUrl\":\"https:\\\/\\\/zoo.org\\\/wp-content\\\/uploads\\\/2025\\\/08\\\/RS33694_2017_-WPZ-AERIALS-2-web.jpg?wsr\",\"width\":940,\"height\":627,\"caption\":\"Vista a\u00e9rea del zool\u00f3gico con densos \u00e1rboles verdes, rodeado de calles y edificios urbanos, con un gran lago y un extenso paisaje urbano en el fondo bajo un cielo despejado.\"},{\"@type\":\"BreadcrumbList\",\"@id\":\"https:\\\/\\\/zoo.org\\\/es\\\/indicaciones-y-estacionamiento\\\/#breadcrumb\",\"itemListElement\":[{\"@type\":\"ListItem\",\"position\":1,\"name\":\"Hogar\",\"item\":\"https:\\\/\\\/zoo.org\\\/es\\\/\"},{\"@type\":\"ListItem\",\"position\":2,\"name\":\"Indicaciones y estacionamiento\"}]},{\"@type\":\"WebSite\",\"@id\":\"https:\\\/\\\/zoo.org\\\/es\\\/#website\",\"url\":\"https:\\\/\\\/zoo.org\\\/es\\\/\",\"name\":\"Zool\u00f3gico Woodland Park\",\"description\":\"El Zool\u00f3gico Woodland Park salva la vida silvestre e inspira a todos a hacer de la conservaci\u00f3n una prioridad en sus vidas.\",\"publisher\":{\"@id\":\"https:\\\/\\\/zoo.org\\\/es\\\/#organization\"},\"potentialAction\":[{\"@type\":\"SearchAction\",\"target\":{\"@type\":\"EntryPoint\",\"urlTemplate\":\"https:\\\/\\\/zoo.org\\\/es\\\/?s={search_term_string}\"},\"query-input\":{\"@type\":\"PropertyValueSpecification\",\"valueRequired\":true,\"valueName\":\"search_term_string\"}}],\"inLanguage\":\"es\"},{\"@type\":\"Organization\",\"@id\":\"https:\\\/\\\/zoo.org\\\/es\\\/#organization\",\"name\":\"Zool\u00f3gico Woodland Park\",\"url\":\"https:\\\/\\\/zoo.org\\\/es\\\/\",\"logo\":{\"@type\":\"ImageObject\",\"inLanguage\":\"es\",\"@id\":\"https:\\\/\\\/zoo.org\\\/es\\\/#\\\/schema\\\/logo\\\/image\\\/\",\"url\":\"https:\\\/\\\/zoo.org\\\/wp-content\\\/uploads\\\/2026\\\/01\\\/WPZ-Logo_white-SVG.svg?wsr\",\"contentUrl\":\"https:\\\/\\\/zoo.org\\\/wp-content\\\/uploads\\\/2026\\\/01\\\/WPZ-Logo_white-SVG.svg?wsr\",\"width\":288,\"height\":282,\"caption\":\"Zool\u00f3gico Woodland Park\"},\"image\":{\"@id\":\"https:\\\/\\\/zoo.org\\\/es\\\/#\\\/schema\\\/logo\\\/image\\\/\"}}]}<\/script>\n<!-- \/ Yoast SEO plugin. -->","yoast_head_json":{"title":"-","description":"Planifique su visita: indicaciones y estacionamiento en el Zool\u00f3gico Woodland Park de Seattle","robots":{"index":"index","follow":"follow","max-snippet":"max-snippet:-1","max-image-preview":"max-image-preview:large","max-video-preview":"max-video-preview:-1"},"canonical":"https:\/\/zoo.org\/es\/indicaciones-y-estacionamiento\/","og_locale":"es_ES","og_type":"article","og_title":"-","og_description":"Planifique su visita: indicaciones y estacionamiento en el Zool\u00f3gico Woodland Park de Seattle","og_url":"https:\/\/zoo.org\/es\/indicaciones-y-estacionamiento\/","og_site_name":"Zool\u00f3gico Woodland Park","article_modified_time":"2025-12-20T02:21:50+00:00","og_image":[{"width":940,"height":627,"url":"https:\/\/zoo.org\/wp-content\/uploads\/2025\/08\/RS33694_2017_-WPZ-AERIALS-2-web.jpg?wsr","type":"image\/jpeg"}],"twitter_card":"summary_large_image","schema":{"@context":"https:\/\/schema.org","@graph":[{"@type":"WebPage","@id":"https:\/\/zoo.org\/es\/indicaciones-y-estacionamiento\/","url":"https:\/\/zoo.org\/es\/indicaciones-y-estacionamiento\/","name":"-","isPartOf":{"@id":"https:\/\/zoo.org\/es\/#website"},"primaryImageOfPage":{"@id":"https:\/\/zoo.org\/es\/indicaciones-y-estacionamiento\/#primaryimage"},"image":{"@id":"https:\/\/zoo.org\/es\/indicaciones-y-estacionamiento\/#primaryimage"},"thumbnailUrl":"https:\/\/zoo.org\/wp-content\/uploads\/2025\/08\/RS33694_2017_-WPZ-AERIALS-2-web.jpg?wsr","datePublished":"2025-08-12T22:30:42+00:00","dateModified":"2025-12-20T02:21:50+00:00","description":"Planifique su visita: indicaciones y estacionamiento en el Zool\u00f3gico Woodland Park de Seattle","breadcrumb":{"@id":"https:\/\/zoo.org\/es\/indicaciones-y-estacionamiento\/#breadcrumb"},"inLanguage":"es","potentialAction":[{"@type":"ReadAction","target":["https:\/\/zoo.org\/es\/indicaciones-y-estacionamiento\/"]}]},{"@type":"ImageObject","inLanguage":"es","@id":"https:\/\/zoo.org\/es\/indicaciones-y-estacionamiento\/#primaryimage","url":"https:\/\/zoo.org\/wp-content\/uploads\/2025\/08\/RS33694_2017_-WPZ-AERIALS-2-web.jpg?wsr","contentUrl":"https:\/\/zoo.org\/wp-content\/uploads\/2025\/08\/RS33694_2017_-WPZ-AERIALS-2-web.jpg?wsr","width":940,"height":627,"caption":"Vista a\u00e9rea del zool\u00f3gico con densos \u00e1rboles verdes, rodeado de calles y edificios urbanos, con un gran lago y un extenso paisaje urbano en el fondo bajo un cielo despejado."},{"@type":"BreadcrumbList","@id":"https:\/\/zoo.org\/es\/indicaciones-y-estacionamiento\/#breadcrumb","itemListElement":[{"@type":"ListItem","position":1,"name":"Hogar","item":"https:\/\/zoo.org\/es\/"},{"@type":"ListItem","position":2,"name":"Indicaciones y estacionamiento"}]},{"@type":"WebSite","@id":"https:\/\/zoo.org\/es\/#website","url":"https:\/\/zoo.org\/es\/","name":"Zool\u00f3gico Woodland Park","description":"El Zool\u00f3gico Woodland Park salva la vida silvestre e inspira a todos a hacer de la conservaci\u00f3n una prioridad en sus vidas.","publisher":{"@id":"https:\/\/zoo.org\/es\/#organization"},"potentialAction":[{"@type":"SearchAction","target":{"@type":"EntryPoint","urlTemplate":"https:\/\/zoo.org\/es\/?s={search_term_string}"},"query-input":{"@type":"PropertyValueSpecification","valueRequired":true,"valueName":"search_term_string"}}],"inLanguage":"es"},{"@type":"Organization","@id":"https:\/\/zoo.org\/es\/#organization","name":"Zool\u00f3gico Woodland Park","url":"https:\/\/zoo.org\/es\/","logo":{"@type":"ImageObject","inLanguage":"es","@id":"https:\/\/zoo.org\/es\/#\/schema\/logo\/image\/","url":"https:\/\/zoo.org\/wp-content\/uploads\/2026\/01\/WPZ-Logo_white-SVG.svg?wsr","contentUrl":"https:\/\/zoo.org\/wp-content\/uploads\/2026\/01\/WPZ-Logo_white-SVG.svg?wsr","width":288,"height":282,"caption":"Zool\u00f3gico Woodland Park"},"image":{"@id":"https:\/\/zoo.org\/es\/#\/schema\/logo\/image\/"}}]}},"taxonomy_info":[],"featured_image_src_large":["https:\/\/zoo.org\/wp-content\/uploads\/2025\/08\/RS33694_2017_-WPZ-AERIALS-2-web.jpg?wsr",940,627,false],"author_info":{"display_name":"jloughlin","author_link":"https:\/\/zoo.org\/es\/author\/jloughlin\/"},"comment_info":0,"_links":{"self":[{"href":"https:\/\/zoo.org\/es\/wp-json\/wp\/v2\/pages\/12167","targetHints":{"allow":["GET"]}}],"collection":[{"href":"https:\/\/zoo.org\/es\/wp-json\/wp\/v2\/pages"}],"about":[{"href":"https:\/\/zoo.org\/es\/wp-json\/wp\/v2\/types\/page"}],"author":[{"embeddable":true,"href":"https:\/\/zoo.org\/es\/wp-json\/wp\/v2\/users\/1"}],"replies":[{"embeddable":true,"href":"https:\/\/zoo.org\/es\/wp-json\/wp\/v2\/comments?post=12167"}],"version-history":[{"count":0,"href":"https:\/\/zoo.org\/es\/wp-json\/wp\/v2\/pages\/12167\/revisions"}],"wp:featuredmedia":[{"embeddable":true,"href":"https:\/\/zoo.org\/es\/wp-json\/wp\/v2\/media\/10442"}],"wp:attachment":[{"href":"https:\/\/zoo.org\/es\/wp-json\/wp\/v2\/media?parent=12167"}],"curies":[{"name":"wp","href":"https:\/\/api.w.org\/{rel}","templated":true}]}}