{"id":12193,"date":"2025-08-13T10:45:20","date_gmt":"2025-08-13T17:45:20","guid":{"rendered":"https:\/\/zoo.org\/mapas-y-alquileres\/"},"modified":"2025-12-12T17:48:18","modified_gmt":"2025-12-13T01:48:18","slug":"mapas-y-alquileres","status":"publish","type":"page","link":"https:\/\/zoo.org\/es\/mapas-y-alquileres\/","title":{"rendered":"Mapas y alquileres"},"content":{"rendered":"\n<div class=\"wp-block-cover alignfull hero\" style=\"margin-top:0;margin-bottom:0\"><img loading=\"lazy\" decoding=\"async\" width=\"1920\" height=\"400\" class=\"wp-block-cover__image-background wp-image-1157 size-full\" alt=\"\" src=\"http:\/\/zoo.org\/wp-content\/uploads\/2025\/05\/Lynx-Forest-Header-Image.jpg\" data-object-fit=\"cover\" srcset=\"https:\/\/zoo.org\/wp-content\/uploads\/2025\/05\/Lynx-Forest-Header-Image.jpg 1920w, https:\/\/zoo.org\/wp-content\/uploads\/2025\/05\/Lynx-Forest-Header-Image-300x63.jpg 300w, https:\/\/zoo.org\/wp-content\/uploads\/2025\/05\/Lynx-Forest-Header-Image-1024x213.jpg 1024w, https:\/\/zoo.org\/wp-content\/uploads\/2025\/05\/Lynx-Forest-Header-Image-768x160.jpg 768w, https:\/\/zoo.org\/wp-content\/uploads\/2025\/05\/Lynx-Forest-Header-Image-1536x320.jpg 1536w\" sizes=\"auto, (max-width: 1920px) 100vw, 1920px\" \/><span aria-hidden=\"true\" class=\"wp-block-cover__background has-background-dim-0 has-background-dim\" style=\"background-color:#636e5d\"><\/span><div class=\"wp-block-cover__inner-container is-layout-constrained wp-block-cover-is-layout-constrained\">\n<p class=\"has-text-align-center has-large-font-size\"><\/p>\n<\/div><\/div>\n\n<div class=\"wp-block-group is-layout-constrained wp-block-group-is-layout-constrained\" style=\"margin-top:2em;margin-bottom:3em\">\n<h1 class=\"wp-block-heading has-text-align-center\" style=\"margin-top:0.65em;margin-bottom:0.275em\">MIENTRAS EST\u00c9S AQU\u00cd<\/h1>\n\n\n\n<p class=\"has-text-align-center has-palette-color-3-color has-text-color has-link-color wp-elements-0169fcbc2619bb5800c79635a888a8b0\" style=\"margin-bottom:1em;font-size:clamp(0.984em, 0.984rem + ((1vw - 0.2em) * 0.645), 1.5em);font-style:normal;font-weight:500;line-height:1.5\"><strong>Mapas e informaci\u00f3n de alquiler<\/strong><\/p>\n<\/div>\n\n<div class=\"wp-block-group alignfull divider is-layout-constrained wp-block-group-is-layout-constrained\">\n<h2 class=\"wp-block-heading alignfull has-text-align-center\">MAPAS DEL ZOOL\u00d3GICO<\/h2>\n<\/div>\n<style>.kb-row-layout-wrap.wp-block-kadence-rowlayout.kb-row-layout-id3063_2c515c-a3{margin-top:var(--global-kb-spacing-lg, 3rem);margin-bottom:var(--global-kb-spacing-lg, 3rem);}.kb-row-layout-id3063_2c515c-a3 > .kt-row-column-wrap{align-content:start;}:where(.kb-row-layout-id3063_2c515c-a3 > .kt-row-column-wrap) > .wp-block-kadence-column{justify-content:start;}.kb-row-layout-id3063_2c515c-a3 > .kt-row-column-wrap{column-gap:var(--global-kb-gap-md, 2rem);row-gap:var(--global-kb-gap-none, 0rem );padding-top:0px;padding-right:0px;padding-bottom:0px;padding-left:0px;grid-template-columns:minmax(0, 1fr);}.kb-row-layout-id3063_2c515c-a3 > .kt-row-layout-overlay{opacity:0.30;}@media all and (max-width: 1024px){.kb-row-layout-id3063_2c515c-a3 > .kt-row-column-wrap{grid-template-columns:minmax(0, 1fr);}}@media all and (max-width: 767px){.kb-row-layout-id3063_2c515c-a3 > .kt-row-column-wrap{grid-template-columns:minmax(0, 1fr);}}<\/style><div class=\"kb-row-layout-wrap kb-row-layout-id3063_2c515c-a3 alignfull wp-block-kadence-rowlayout\"><div class=\"kt-row-column-wrap kt-has-1-columns kt-row-layout-equal kt-tab-layout-inherit kt-mobile-layout-row kt-row-valign-top\">\n<style>.kadence-column3063_7cce22-5b > .kt-inside-inner-col{padding-top:0px;padding-right:0px;padding-bottom:0px;padding-left:0px;}.kadence-column3063_7cce22-5b > .kt-inside-inner-col,.kadence-column3063_7cce22-5b > .kt-inside-inner-col:before{border-top-left-radius:0px;border-top-right-radius:0px;border-bottom-right-radius:0px;border-bottom-left-radius:0px;}.kadence-column3063_7cce22-5b > .kt-inside-inner-col{column-gap:var(--global-kb-gap-sm, 1rem);}.kadence-column3063_7cce22-5b > .kt-inside-inner-col{flex-direction:column;}.kadence-column3063_7cce22-5b > .kt-inside-inner-col > .aligncenter{width:100%;}.kadence-column3063_7cce22-5b > .kt-inside-inner-col:before{opacity:0.3;}.kadence-column3063_7cce22-5b{position:relative;}@media all and (max-width: 1024px){.kadence-column3063_7cce22-5b > .kt-inside-inner-col{flex-direction:column;justify-content:center;}}@media all and (max-width: 767px){.kadence-column3063_7cce22-5b > .kt-inside-inner-col{flex-direction:column;justify-content:center;}}<\/style>\n<div class=\"wp-block-kadence-column kadence-column3063_7cce22-5b\"><div class=\"kt-inside-inner-col\"><style>.kt-sc3063_3a6436-3c .kt-sc-imgcol, .kt-sc3063_3a6436-3c .kt-sc-textcol{min-height:450px;}.kt-sc3063_3a6436-3c .kt-sc-innter-col{max-width:516px;}.kt-sc3063_3a6436-3c .kt-sc-imgcol{background-size:cover;background-image:url(https:\/\/zoo.org\/wp-content\/uploads\/2025\/08\/2024-Smart-Parks-2-web.jpg);}.kt-sc3063_3a6436-3c .kt-sc-textcol{padding-top:2.5em;padding-right:1.4em;padding-bottom:2.5em;padding-left:1.4em;}@media all and (max-width: 767px){.kt-sc3063_3a6436-3c .kt-sc-imgcol, .kt-sc3063_3a6436-3c .kt-sc-textcol{min-height:300px;}}<\/style>\n<div class=\"alignfull kt-sc3063_3a6436-3c wp-block-kadence-splitcontent\"><div class=\"kt-split-content-wrap kt-sc-media-side-right\" style=\"grid-template-columns:auto 50%\"><div class=\"kt-sc-imgcol kt-sc-imgcol-bg-cover kt-sc-img-side-right\"><\/div><div class=\"kt-sc-textcol kt-sc-text-valign-center kt-sc-text-halign-right\" style=\"background-color:var(--theme-palette-color-4, #125D21)\"><div class=\"kt-sc-innter-col\">\n<h3 class=\"wp-block-heading has-text-align-left has-palette-color-1-color has-text-color has-link-color wp-elements-427906752bd4813c44c599a1e8aa8d41\">Mapa interactivo del zool\u00f3gico<\/h3>\n\n\n\n<h4 class=\"wp-block-heading has-text-align-left has-palette-color-14-color has-text-color has-link-color wp-elements-ca69b920d3068eef58f73a17be39db27\"><strong>\u00a1Gracias por digitalizarse y reducir el desperdicio de papel!<\/strong><\/h4>\n\n\n\n<p class=\"has-text-align-left has-palette-color-14-color has-text-color has-link-color wp-elements-6eda31258edb25ae2869c5e1ec3840c6\">Usa nuestro mapa interactivo para obtener indicaciones, el horario de hoy en tiempo real, informaci\u00f3n sobre los animales y mucho m\u00e1s. No requiere descarga. <\/p>\n\n\n\n<div class=\"wp-block-buttons is-layout-flex wp-block-buttons-is-layout-flex\" style=\"margin-top:var(--wp--preset--spacing--60);margin-bottom:var(--wp--preset--spacing--60)\">\n<div class=\"wp-block-button button-white\"><a class=\"wp-block-button__link wp-element-button\" href=\"https:\/\/map.zoo.org\/\" target=\"_blank\" rel=\"noreferrer noopener\">Ver mapa interactivo<\/a><\/div>\n<\/div>\n\n\n\n<p class=\"has-text-align-left has-palette-color-14-color has-text-color has-link-color wp-elements-78a8bd6f87be518a4cf7eb075ebb5ff4\"><strong>Consejos para la mejor experiencia:<\/strong><\/p>\n\n\n\n<p class=\"has-text-align-left has-palette-color-14-color has-text-color has-link-color wp-elements-62f3da7a28161c621aebe88709d467d2\">Abra el enlace y toque \u00abContinuar a la aplicaci\u00f3n\u00bb.<br\/> Toque \u201cCompartir ubicaci\u00f3n\u201d en el mapa para comenzar a navegar cuando est\u00e9 en el zool\u00f3gico.<br\/> Habilite los servicios de ubicaci\u00f3n de su dispositivo para acceder a instrucciones guiadas.<\/p>\n<\/div><\/div><\/div><\/div>\n<\/div><\/div>\n\n<\/div><\/div>\n<h3 class=\"wp-block-heading\">Todos los mapas y gu\u00edas<\/h3>\n\n<h4 class=\"wp-block-heading\">Descargue mapas y gu\u00edas en PDF para planificar su visita<\/h4>\n\n<div class=\"wp-block-columns is-layout-flex wp-container-core-columns-is-layout-bd8107d2 wp-block-columns-is-layout-flex\" style=\"margin-top:2.5em;margin-bottom:2.5em\">\n<div class=\"wp-block-column has-palette-color-17-background-color has-background is-layout-flow wp-container-core-column-is-layout-492b06a7 wp-block-column-is-layout-flow\" style=\"padding-top:25px;padding-right:25px;padding-bottom:25px;padding-left:25px\">\n<h4 class=\"wp-block-heading\" style=\"margin-bottom:1em\">Mapa principal<\/h4>\n\n\n\n<p><a href=\"https:\/\/zoo.org\/wp-content\/uploads\/2025\/08\/WPZ-Map-June2025_web.pdf\" target=\"_blank\" rel=\"noreferrer noopener\">Descargar el mapa (PDF)<\/a><\/p>\n\n\n\n<p style=\"margin-bottom:1em\">Realice un recorrido autoguiado por la <a href=\"https:\/\/zoo.org\/wp-content\/uploads\/2025\/08\/Art_Collection_2023.pdf\" target=\"_blank\" rel=\"noreferrer noopener\">colecci\u00f3n de incre\u00edbles esculturas y obras de arte<\/a> del zool\u00f3gico.<\/p>\n<\/div>\n\n\n\n<div class=\"wp-block-column has-palette-color-17-background-color has-background is-layout-flow wp-container-core-column-is-layout-492b06a7 wp-block-column-is-layout-flow\" style=\"padding-top:25px;padding-right:25px;padding-bottom:25px;padding-left:25px\">\n<h4 class=\"wp-block-heading\" style=\"margin-bottom:1em\">Mapas de idiomas<\/h4>\n\n\n\n<p style=\"margin-bottom:1em\"><a href=\"https:\/\/zoo.org\/wp-content\/uploads\/2025\/08\/Summer-Map_11x17_BW_2022_Spanish_edited.pdf\" target=\"_blank\" rel=\"noreferrer noopener\">Espa\u00f1ol: Espa\u00f1ol<\/a> (PDF)<br\/> <a href=\"https:\/\/zoo.org\/wp-content\/uploads\/2025\/08\/Summer-Map_11x17_BW_2022_Chinese-Simplified-PingFang.pdf\" target=\"_blank\" rel=\"noreferrer noopener\">Chino simplificado: \u7b80\u4f53\u4e2d\u6587<\/a>(PDF)<br\/> <a href=\"https:\/\/zoo.org\/wp-content\/uploads\/2025\/08\/Summer-Map_11x17_BW_2022_Vietnamese_Edited.pdf\" target=\"_blank\" rel=\"noreferrer noopener\">Vietnamita: Ti\u1ebfng Vi\u1ec7t<\/a> (PDF)<br\/> <a href=\"https:\/\/zoo.org\/wp-content\/uploads\/2025\/08\/Summer-Map_11x17_BW_2022_Italian_edited.pdf\" target=\"_blank\" rel=\"noreferrer noopener\">Italiano: Italiano<\/a> (PDF)<br\/> <a href=\"https:\/\/zoo.org\/wp-content\/uploads\/2025\/08\/Summer-Map_11x17_BW_2022_Somali_Edited.pdf\" target=\"_blank\" rel=\"noreferrer noopener\">Somal\u00ed: Af Soomaali<\/a> (PDF)<\/p>\n<\/div>\n\n\n\n<div class=\"wp-block-column has-palette-color-17-background-color has-background is-layout-flow wp-container-core-column-is-layout-492b06a7 wp-block-column-is-layout-flow\" style=\"padding-top:25px;padding-right:25px;padding-bottom:25px;padding-left:25px\">\n<h4 class=\"wp-block-heading\" style=\"margin-bottom:1em\">Mapas y gu\u00edas sensoriales<\/h4>\n\n\n\n<p style=\"margin-bottom:1em\"><a href=\"https:\/\/zoo.org\/wp-content\/uploads\/2025\/08\/Social-Story_v3.pdf\" target=\"_blank\" rel=\"noreferrer noopener\">Historia social del zool\u00f3gico<\/a> (PDF)<br\/> <a href=\"https:\/\/zoo.org\/wp-content\/uploads\/2025\/08\/Online_Accessibility_Guide_2023.pdf\" target=\"_blank\" rel=\"noreferrer noopener\">Gu\u00eda de accesibilidad<\/a> (PDF)<br\/> <a href=\"https:\/\/zoo.org\/wp-content\/uploads\/2025\/08\/Summer-Map_11x17_BW_2023_Sensory-Construction.pdf\" target=\"_blank\" rel=\"noreferrer noopener\">Mapa de los Terrenos Sensoriales<\/a> (PDF)<br\/> <a href=\"https:\/\/zoo.org\/wp-content\/uploads\/2025\/08\/2023-ZM-Social-Story-FINAL.pdf\" target=\"_blank\" rel=\"noreferrer noopener\">Gu\u00eda sensorial para visitantes de Zoomazium<\/a> (libro de cuentos en PDF)<\/p>\n<\/div>\n<\/div>\n\n<p><em>Nota: Las gu\u00edas y las historias sociales se actualizan peri\u00f3dicamente. Para ver el mapa m\u00e1s reciente, consulta los enlaces de arriba. <\/em><\/p>\n\n<div class=\"wp-block-group alignfull divider is-layout-constrained wp-block-group-is-layout-constrained\">\n<h2 class=\"wp-block-heading alignfull has-text-align-center\">ALQUILERES<\/h2>\n<\/div>\n\n<p>Se podr\u00e1n alquilar equipos de movilidad, como sillas de ruedas y scooters el\u00e9ctricos, en los puntos de atenci\u00f3n al cliente de la entrada oeste y cerca de la tienda ZooStore de la entrada sur. Para su seguridad, estos art\u00edculos se limpiar\u00e1n a fondo entre cada alquiler. <\/p>\n\n<ul class=\"wp-block-list\">\n<li>Vag\u00f3n $11.00<\/li>\n\n\n\n<li>Cochecito doble $10.00<\/li>\n\n\n\n<li>Silla de ruedas (no el\u00e9ctrica)* $10.00<\/li>\n\n\n\n<li>Scooter de movilidad el\u00e9ctrica o ECV** $25.00<\/li>\n<\/ul>\n\n<p><em>*Los beneficiarios de EBT\/Washington Quest, asistencia de WIC y familias de acogida y familiares pueden recibir un 50% de descuento en el alquiler de sillas de ruedas. Deben presentar comprobantes como la tarjeta EBT\/Washington Quest, el cup\u00f3n\/tarjeta de WIC o la carpeta de citas, el formulario de autorizaci\u00f3n de cuidador del DCYF, o la tarjeta de identificaci\u00f3n o certificado de licencia de cuidador de acogida.   <strong>Descuento v\u00e1lido \u00fanicamente en sillas de ruedas manuales\/de empuje y no en veh\u00edculos el\u00e9ctricos de conveniencia.<\/strong><\/em><\/p>\n\n<p><em>**Condiciones: Debe dejar un dep\u00f3sito reembolsable de $200 y una licencia de conducir v\u00e1lida; 18 a\u00f1os o m\u00e1s, o 16 a\u00f1os con permiso del padre\/tutor; l\u00edmite de peso de 400 libras.<\/em><\/p>\n\n<div class=\"wp-block-group alignfull divider is-layout-constrained wp-block-group-is-layout-constrained\">\n<h2 class=\"wp-block-heading alignfull has-text-align-center\">\u00c1REAS DE ENFERMER\u00cdA<\/h2>\n<\/div>\n\n<div class=\"wp-block-group is-layout-constrained wp-block-group-is-layout-constrained\"><style>.kt-sc3063_b69afd-e3 .kt-sc-imgcol, .kt-sc3063_b69afd-e3 .kt-sc-textcol{min-height:245px;}.kt-sc3063_b69afd-e3 .kt-sc-imgcol{background-size:cover;background-image:url(https:\/\/zoo.org\/wp-content\/uploads\/2025\/08\/2011-RHawk056Carousel.jpg);}.kt-sc3063_b69afd-e3 .kt-sc-textcol{padding-top:1em;padding-right:1.5em;padding-bottom:1em;padding-left:1.5em;}@media all and (max-width: 767px){.kt-sc3063_b69afd-e3 .kt-sc-imgcol, .kt-sc3063_b69afd-e3 .kt-sc-textcol{min-height:275px;}}<\/style>\n<div class=\"aligncenter kt-sc3063_b69afd-e3 wp-block-kadence-splitcontent\"><div class=\"kt-split-content-wrap kt-sc-media-side-left\" style=\"grid-template-columns:32% auto\"><div class=\"kt-sc-imgcol kt-sc-imgcol-bg-cover kt-sc-img-side-left\"><\/div><div class=\"kt-sc-textcol kt-sc-text-valign-center kt-sc-text-halign-left\" style=\"background-color:var(--theme-palette-color-17, #E6E6E6)\"><div class=\"kt-sc-innter-col\">\n<h3 class=\"wp-block-heading\">Habitaci\u00f3n de la Madre<\/h3>\n\n\n\n<p>Ofrecemos una Sala para Madres en el Carrusel Hist\u00f3rico. En ella, las madres encontrar\u00e1n todo lo necesario para el cuidado de sus peque\u00f1os, incluyendo libros para quienes necesiten distraerse. <\/p>\n<\/div><\/div><\/div><\/div>\n<\/div>\n","protected":false},"excerpt":{"rendered":"<p>MIENTRAS EST\u00c9S AQU\u00cd Mapas e informaci\u00f3n de alquiler MAPAS DEL ZOOL\u00d3GICO Todos los mapas y gu\u00edas Descargue mapas y gu\u00edas en PDF para planificar su visita Mapa principal Descargar el [&hellip;]<\/p>\n","protected":false},"author":1,"featured_media":12195,"parent":0,"menu_order":0,"comment_status":"closed","ping_status":"closed","template":"","meta":{"_acf_changed":false,"_kad_blocks_custom_css":"","_kad_blocks_head_custom_js":"","_kad_blocks_body_custom_js":"","_kad_blocks_footer_custom_js":"","footnotes":""},"class_list":["post-12193","page","type-page","status-publish","has-post-thumbnail","hentry"],"blocksy_meta":[],"acf":[],"yoast_head":"<!-- This site is optimized with the Yoast SEO plugin v27.4 - https:\/\/yoast.com\/product\/yoast-seo-wordpress\/ -->\n<title>-<\/title>\n<meta name=\"description\" content=\"C\u00f3mo moverse por el Zool\u00f3gico Woodland Park: mapas, alquileres, servicios\" \/>\n<meta name=\"robots\" content=\"index, follow, max-snippet:-1, max-image-preview:large, max-video-preview:-1\" \/>\n<link rel=\"canonical\" href=\"https:\/\/zoo.org\/es\/mapas-y-alquileres\/\" \/>\n<meta property=\"og:locale\" content=\"es_ES\" \/>\n<meta property=\"og:type\" content=\"article\" \/>\n<meta property=\"og:title\" content=\"-\" \/>\n<meta property=\"og:description\" content=\"C\u00f3mo moverse por el Zool\u00f3gico Woodland Park: mapas, alquileres, servicios\" \/>\n<meta property=\"og:url\" content=\"https:\/\/zoo.org\/es\/mapas-y-alquileres\/\" \/>\n<meta property=\"og:site_name\" content=\"Zool\u00f3gico Woodland Park\" \/>\n<meta property=\"article:modified_time\" content=\"2025-12-13T01:48:18+00:00\" \/>\n<meta property=\"og:image\" content=\"https:\/\/zoo.org\/wp-content\/uploads\/2025\/08\/2024-Smart-Parks-2-web.jpg\" \/>\n\t<meta property=\"og:image:width\" content=\"900\" \/>\n\t<meta property=\"og:image:height\" content=\"600\" \/>\n\t<meta property=\"og:image:type\" content=\"image\/jpeg\" \/>\n<meta name=\"twitter:card\" content=\"summary_large_image\" \/>\n<script type=\"application\/ld+json\" class=\"yoast-schema-graph\">{\"@context\":\"https:\\\/\\\/schema.org\",\"@graph\":[{\"@type\":\"WebPage\",\"@id\":\"https:\\\/\\\/zoo.org\\\/es\\\/mapas-y-alquileres\\\/\",\"url\":\"https:\\\/\\\/zoo.org\\\/es\\\/mapas-y-alquileres\\\/\",\"name\":\"-\",\"isPartOf\":{\"@id\":\"https:\\\/\\\/zoo.org\\\/es\\\/#website\"},\"primaryImageOfPage\":{\"@id\":\"https:\\\/\\\/zoo.org\\\/es\\\/mapas-y-alquileres\\\/#primaryimage\"},\"image\":{\"@id\":\"https:\\\/\\\/zoo.org\\\/es\\\/mapas-y-alquileres\\\/#primaryimage\"},\"thumbnailUrl\":\"https:\\\/\\\/zoo.org\\\/wp-content\\\/uploads\\\/2025\\\/08\\\/2024-Smart-Parks-2-web.jpg?wsr\",\"datePublished\":\"2025-08-13T17:45:20+00:00\",\"dateModified\":\"2025-12-13T01:48:18+00:00\",\"description\":\"C\u00f3mo moverse por el Zool\u00f3gico Woodland Park: mapas, alquileres, servicios\",\"breadcrumb\":{\"@id\":\"https:\\\/\\\/zoo.org\\\/es\\\/mapas-y-alquileres\\\/#breadcrumb\"},\"inLanguage\":\"es\",\"potentialAction\":[{\"@type\":\"ReadAction\",\"target\":[\"https:\\\/\\\/zoo.org\\\/es\\\/mapas-y-alquileres\\\/\"]}]},{\"@type\":\"ImageObject\",\"inLanguage\":\"es\",\"@id\":\"https:\\\/\\\/zoo.org\\\/es\\\/mapas-y-alquileres\\\/#primaryimage\",\"url\":\"https:\\\/\\\/zoo.org\\\/wp-content\\\/uploads\\\/2025\\\/08\\\/2024-Smart-Parks-2-web.jpg?wsr\",\"contentUrl\":\"https:\\\/\\\/zoo.org\\\/wp-content\\\/uploads\\\/2025\\\/08\\\/2024-Smart-Parks-2-web.jpg?wsr\",\"width\":900,\"height\":600,\"caption\":\"Una mano con un smartphone muestra una aplicaci\u00f3n del zool\u00f3gico con opciones para ver un mapa, un horario, informaci\u00f3n sobre los animales, accesibilidad y comida. El fondo muestra un sendero de madera rodeado de vegetaci\u00f3n en un d\u00eda soleado.\"},{\"@type\":\"BreadcrumbList\",\"@id\":\"https:\\\/\\\/zoo.org\\\/es\\\/mapas-y-alquileres\\\/#breadcrumb\",\"itemListElement\":[{\"@type\":\"ListItem\",\"position\":1,\"name\":\"Hogar\",\"item\":\"https:\\\/\\\/zoo.org\\\/es\\\/\"},{\"@type\":\"ListItem\",\"position\":2,\"name\":\"Mapas y alquileres\"}]},{\"@type\":\"WebSite\",\"@id\":\"https:\\\/\\\/zoo.org\\\/es\\\/#website\",\"url\":\"https:\\\/\\\/zoo.org\\\/es\\\/\",\"name\":\"Zool\u00f3gico Woodland Park\",\"description\":\"El Zool\u00f3gico Woodland Park salva la vida silvestre e inspira a todos a hacer de la conservaci\u00f3n una prioridad en sus vidas.\",\"publisher\":{\"@id\":\"https:\\\/\\\/zoo.org\\\/es\\\/#organization\"},\"potentialAction\":[{\"@type\":\"SearchAction\",\"target\":{\"@type\":\"EntryPoint\",\"urlTemplate\":\"https:\\\/\\\/zoo.org\\\/es\\\/?s={search_term_string}\"},\"query-input\":{\"@type\":\"PropertyValueSpecification\",\"valueRequired\":true,\"valueName\":\"search_term_string\"}}],\"inLanguage\":\"es\"},{\"@type\":\"Organization\",\"@id\":\"https:\\\/\\\/zoo.org\\\/es\\\/#organization\",\"name\":\"Zool\u00f3gico Woodland Park\",\"url\":\"https:\\\/\\\/zoo.org\\\/es\\\/\",\"logo\":{\"@type\":\"ImageObject\",\"inLanguage\":\"es\",\"@id\":\"https:\\\/\\\/zoo.org\\\/es\\\/#\\\/schema\\\/logo\\\/image\\\/\",\"url\":\"https:\\\/\\\/zoo.org\\\/wp-content\\\/uploads\\\/2026\\\/01\\\/WPZ-Logo_white-SVG.svg?wsr\",\"contentUrl\":\"https:\\\/\\\/zoo.org\\\/wp-content\\\/uploads\\\/2026\\\/01\\\/WPZ-Logo_white-SVG.svg?wsr\",\"width\":288,\"height\":282,\"caption\":\"Zool\u00f3gico Woodland Park\"},\"image\":{\"@id\":\"https:\\\/\\\/zoo.org\\\/es\\\/#\\\/schema\\\/logo\\\/image\\\/\"}}]}<\/script>\n<!-- \/ Yoast SEO plugin. -->","yoast_head_json":{"title":"-","description":"C\u00f3mo moverse por el Zool\u00f3gico Woodland Park: mapas, alquileres, servicios","robots":{"index":"index","follow":"follow","max-snippet":"max-snippet:-1","max-image-preview":"max-image-preview:large","max-video-preview":"max-video-preview:-1"},"canonical":"https:\/\/zoo.org\/es\/mapas-y-alquileres\/","og_locale":"es_ES","og_type":"article","og_title":"-","og_description":"C\u00f3mo moverse por el Zool\u00f3gico Woodland Park: mapas, alquileres, servicios","og_url":"https:\/\/zoo.org\/es\/mapas-y-alquileres\/","og_site_name":"Zool\u00f3gico Woodland Park","article_modified_time":"2025-12-13T01:48:18+00:00","og_image":[{"width":900,"height":600,"url":"https:\/\/zoo.org\/wp-content\/uploads\/2025\/08\/2024-Smart-Parks-2-web.jpg","type":"image\/jpeg"}],"twitter_card":"summary_large_image","schema":{"@context":"https:\/\/schema.org","@graph":[{"@type":"WebPage","@id":"https:\/\/zoo.org\/es\/mapas-y-alquileres\/","url":"https:\/\/zoo.org\/es\/mapas-y-alquileres\/","name":"-","isPartOf":{"@id":"https:\/\/zoo.org\/es\/#website"},"primaryImageOfPage":{"@id":"https:\/\/zoo.org\/es\/mapas-y-alquileres\/#primaryimage"},"image":{"@id":"https:\/\/zoo.org\/es\/mapas-y-alquileres\/#primaryimage"},"thumbnailUrl":"https:\/\/zoo.org\/wp-content\/uploads\/2025\/08\/2024-Smart-Parks-2-web.jpg?wsr","datePublished":"2025-08-13T17:45:20+00:00","dateModified":"2025-12-13T01:48:18+00:00","description":"C\u00f3mo moverse por el Zool\u00f3gico Woodland Park: mapas, alquileres, servicios","breadcrumb":{"@id":"https:\/\/zoo.org\/es\/mapas-y-alquileres\/#breadcrumb"},"inLanguage":"es","potentialAction":[{"@type":"ReadAction","target":["https:\/\/zoo.org\/es\/mapas-y-alquileres\/"]}]},{"@type":"ImageObject","inLanguage":"es","@id":"https:\/\/zoo.org\/es\/mapas-y-alquileres\/#primaryimage","url":"https:\/\/zoo.org\/wp-content\/uploads\/2025\/08\/2024-Smart-Parks-2-web.jpg?wsr","contentUrl":"https:\/\/zoo.org\/wp-content\/uploads\/2025\/08\/2024-Smart-Parks-2-web.jpg?wsr","width":900,"height":600,"caption":"Una mano con un smartphone muestra una aplicaci\u00f3n del zool\u00f3gico con opciones para ver un mapa, un horario, informaci\u00f3n sobre los animales, accesibilidad y comida. El fondo muestra un sendero de madera rodeado de vegetaci\u00f3n en un d\u00eda soleado."},{"@type":"BreadcrumbList","@id":"https:\/\/zoo.org\/es\/mapas-y-alquileres\/#breadcrumb","itemListElement":[{"@type":"ListItem","position":1,"name":"Hogar","item":"https:\/\/zoo.org\/es\/"},{"@type":"ListItem","position":2,"name":"Mapas y alquileres"}]},{"@type":"WebSite","@id":"https:\/\/zoo.org\/es\/#website","url":"https:\/\/zoo.org\/es\/","name":"Zool\u00f3gico Woodland Park","description":"El Zool\u00f3gico Woodland Park salva la vida silvestre e inspira a todos a hacer de la conservaci\u00f3n una prioridad en sus vidas.","publisher":{"@id":"https:\/\/zoo.org\/es\/#organization"},"potentialAction":[{"@type":"SearchAction","target":{"@type":"EntryPoint","urlTemplate":"https:\/\/zoo.org\/es\/?s={search_term_string}"},"query-input":{"@type":"PropertyValueSpecification","valueRequired":true,"valueName":"search_term_string"}}],"inLanguage":"es"},{"@type":"Organization","@id":"https:\/\/zoo.org\/es\/#organization","name":"Zool\u00f3gico Woodland Park","url":"https:\/\/zoo.org\/es\/","logo":{"@type":"ImageObject","inLanguage":"es","@id":"https:\/\/zoo.org\/es\/#\/schema\/logo\/image\/","url":"https:\/\/zoo.org\/wp-content\/uploads\/2026\/01\/WPZ-Logo_white-SVG.svg?wsr","contentUrl":"https:\/\/zoo.org\/wp-content\/uploads\/2026\/01\/WPZ-Logo_white-SVG.svg?wsr","width":288,"height":282,"caption":"Zool\u00f3gico Woodland Park"},"image":{"@id":"https:\/\/zoo.org\/es\/#\/schema\/logo\/image\/"}}]}},"taxonomy_info":[],"featured_image_src_large":["https:\/\/zoo.org\/wp-content\/uploads\/2025\/08\/2024-Smart-Parks-2-web.jpg?wsr",900,600,false],"author_info":{"display_name":"jloughlin","author_link":"https:\/\/zoo.org\/es\/author\/jloughlin\/"},"comment_info":0,"_links":{"self":[{"href":"https:\/\/zoo.org\/es\/wp-json\/wp\/v2\/pages\/12193","targetHints":{"allow":["GET"]}}],"collection":[{"href":"https:\/\/zoo.org\/es\/wp-json\/wp\/v2\/pages"}],"about":[{"href":"https:\/\/zoo.org\/es\/wp-json\/wp\/v2\/types\/page"}],"author":[{"embeddable":true,"href":"https:\/\/zoo.org\/es\/wp-json\/wp\/v2\/users\/1"}],"replies":[{"embeddable":true,"href":"https:\/\/zoo.org\/es\/wp-json\/wp\/v2\/comments?post=12193"}],"version-history":[{"count":0,"href":"https:\/\/zoo.org\/es\/wp-json\/wp\/v2\/pages\/12193\/revisions"}],"wp:featuredmedia":[{"embeddable":true,"href":"https:\/\/zoo.org\/es\/wp-json\/wp\/v2\/media\/12195"}],"wp:attachment":[{"href":"https:\/\/zoo.org\/es\/wp-json\/wp\/v2\/media?parent=12193"}],"curies":[{"name":"wp","href":"https:\/\/api.w.org\/{rel}","templated":true}]}}