{"id":12194,"date":"2025-08-13T12:11:23","date_gmt":"2025-08-13T19:11:23","guid":{"rendered":"https:\/\/zoo.org\/cenar-y-comprar\/"},"modified":"2026-01-05T15:01:17","modified_gmt":"2026-01-05T23:01:17","slug":"cenar-y-comprar","status":"publish","type":"page","link":"https:\/\/zoo.org\/es\/cenar-y-comprar\/","title":{"rendered":"Cenar y comprar"},"content":{"rendered":"\n<div class=\"wp-block-cover alignfull hero\" style=\"margin-top:0;margin-bottom:0\"><img loading=\"lazy\" decoding=\"async\" width=\"1920\" height=\"400\" class=\"wp-block-cover__image-background wp-image-1157 size-full\" alt=\"\" src=\"http:\/\/zoo.org\/wp-content\/uploads\/2025\/05\/Lynx-Forest-Header-Image.jpg\" data-object-fit=\"cover\" srcset=\"https:\/\/zoo.org\/wp-content\/uploads\/2025\/05\/Lynx-Forest-Header-Image.jpg 1920w, https:\/\/zoo.org\/wp-content\/uploads\/2025\/05\/Lynx-Forest-Header-Image-300x63.jpg 300w, https:\/\/zoo.org\/wp-content\/uploads\/2025\/05\/Lynx-Forest-Header-Image-1024x213.jpg 1024w, https:\/\/zoo.org\/wp-content\/uploads\/2025\/05\/Lynx-Forest-Header-Image-768x160.jpg 768w, https:\/\/zoo.org\/wp-content\/uploads\/2025\/05\/Lynx-Forest-Header-Image-1536x320.jpg 1536w\" sizes=\"auto, (max-width: 1920px) 100vw, 1920px\" \/><span aria-hidden=\"true\" class=\"wp-block-cover__background has-background-dim-0 has-background-dim\" style=\"background-color:#636e5d\"><\/span><div class=\"wp-block-cover__inner-container is-layout-constrained wp-block-cover-is-layout-constrained\">\n<p class=\"has-text-align-center has-large-font-size\"><\/p>\n<\/div><\/div>\n\n<div class=\"wp-block-group is-layout-constrained wp-block-group-is-layout-constrained\" style=\"margin-top:2em;margin-bottom:3em\">\n<h1 class=\"wp-block-heading has-text-align-center\" style=\"margin-top:0.65em;margin-bottom:0.275em\">MIENTRAS EST\u00c9S AQU\u00cd<\/h1>\n\n\n\n<p class=\"has-text-align-center has-palette-color-3-color has-text-color has-link-color wp-elements-b2b9881f6b9c29e961259c183efb8415\" style=\"margin-bottom:1em;font-size:clamp(0.984em, 0.984rem + ((1vw - 0.2em) * 0.645), 1.5em);font-style:normal;font-weight:500;line-height:1.5\"><strong>Informaci\u00f3n sobre restaurantes y compras<\/strong><\/p>\n<\/div>\n\n<div class=\"wp-block-group alignfull divider is-layout-constrained wp-block-group-is-layout-constrained\">\n<h2 class=\"wp-block-heading alignfull has-text-align-center\">Cenar y comprar<\/h2>\n<\/div>\n\n<h3 class=\"wp-block-heading\">Comida y bebida<\/h3>\n\n<p><strong>Se encuentran disponibles servicios de comida y opciones para llevar en todo el zool\u00f3gico durante el horario habitual.<\/strong><\/p>\n\n<p>Para la seguridad de nuestros visitantes y personal, todas nuestras opciones de comida en el zool\u00f3gico no aceptan efectivo. Se seguir\u00e1n aceptando las siguientes opciones de pago: cr\u00e9dito, d\u00e9bito, Apple Pay y Samsung Pay. <\/p>\n\n<p><em>Para atender a los hu\u00e9spedes que prefieren usar efectivo, contamos con un quiosco de pago en efectivo en 1899 Grove. Con este sistema, los hu\u00e9spedes pueden ingresar hasta $1,000 USD en efectivo para recibir una tarjeta de d\u00e9bito prepagada para pagar sus refrigerios o comidas, o para usar fuera del zool\u00f3gico en cualquier lugar donde se acepten tarjetas de d\u00e9bito Mastercard\/Visa. Este servicio es gratuito.  <\/em><\/p>\n\n<h4 class=\"wp-block-heading\">Pedidos m\u00f3viles ahora disponibles<\/h4>\n\n<p>Todos los restaurantes ofrecen pedidos m\u00f3viles. Hay letreros con c\u00f3digos QR en la entrada y en los restaurantes, que puedes escanear con tu tel\u00e9fono para acceder al sistema de pedidos m\u00f3viles. Se aceptan pedidos sin m\u00f3vil en los restaurantes.  <\/p>\n\n<div class=\"wp-block-columns is-layout-flex wp-container-core-columns-is-layout-ddf7edaa wp-block-columns-is-layout-flex\" style=\"margin-top:var(--wp--preset--spacing--60);margin-bottom:var(--wp--preset--spacing--60)\">\n<div class=\"wp-block-column has-palette-color-17-background-color has-background is-layout-flow wp-container-core-column-is-layout-9b10c18a wp-block-column-is-layout-flow\" style=\"padding-top:0px;padding-right:0px;padding-bottom:0px;padding-left:0px\">\n<figure class=\"wp-block-image size-full\"><img loading=\"lazy\" decoding=\"async\" width=\"800\" height=\"533\" src=\"https:\/\/zoo.org\/wp-content\/uploads\/2025\/08\/2025-1899-Grove-web.jpg\" alt=\"Patio exterior de 1899 Grove con mesas y sillas met&#xE1;licas negras vac&#xED;as, sombrillas amarillas y vegetaci&#xF3;n al fondo en un d&#xED;a soleado. La entrada y el letrero del restaurante son visibles. \" class=\"wp-image-3127\" style=\"object-fit:cover\" srcset=\"https:\/\/zoo.org\/wp-content\/uploads\/2025\/08\/2025-1899-Grove-web.jpg 800w, https:\/\/zoo.org\/wp-content\/uploads\/2025\/08\/2025-1899-Grove-web-300x200.jpg 300w, https:\/\/zoo.org\/wp-content\/uploads\/2025\/08\/2025-1899-Grove-web-768x512.jpg 768w\" sizes=\"auto, (max-width: 800px) 100vw, 800px\" \/><\/figure>\n\n\n\n<div class=\"wp-block-group has-custom-light-grey-background-color has-background is-layout-flow wp-block-group-is-layout-flow\" style=\"border-top-left-radius:0px;border-top-right-radius:0px;border-bottom-left-radius:0px;border-bottom-right-radius:0px;padding-top:25px;padding-right:25px;padding-bottom:25px;padding-left:25px\">\n<h4 class=\"wp-block-heading has-text-align-left\">1899 Grove<\/h4>\n\n\n\n<p><strong>Abierto todos los d\u00edas<br\/> 9:30 a. m. \u2013 4:00 p. m.<\/strong><\/p>\n\n\n\n<p class=\"has-text-align-left\">Disponemos de comida para llevar y mesas al aire libre. El restaurante 1899 Grove ofrece servicio de comedor y mesas en el interior. Se encuentra en el sendero principal frente al Zoomazium, antes conocido como Rain Forest Food Pavilion.  <\/p>\n\n\n\n<div class=\"wp-block-buttons is-layout-flex wp-block-buttons-is-layout-flex\">\n<div class=\"wp-block-button\"><a class=\"wp-block-button__link wp-element-button\" href=\"https:\/\/zoo.org\/wp-content\/uploads\/2025\/11\/1899-Grove-Vertical-Menu.pdf\" target=\"_blank\" rel=\"noreferrer noopener\">Ver el men\u00fa<\/a><\/div>\n<\/div>\n<\/div>\n<\/div>\n\n\n\n<div class=\"wp-block-column has-palette-color-17-background-color has-background is-layout-flow wp-container-core-column-is-layout-9b10c18a wp-block-column-is-layout-flow\" style=\"padding-top:0px;padding-right:0px;padding-bottom:0px;padding-left:0px\">\n<figure class=\"wp-block-image size-full\"><img loading=\"lazy\" decoding=\"async\" width=\"800\" height=\"533\" src=\"https:\/\/zoo.org\/wp-content\/uploads\/2025\/08\/Gather-and-Graze-Cafe.jpg\" alt=\"Un cartel que dice &#x201C;Gather &amp;amp; Graze&#x201D; (Recolectar y pastar) con hojas verdes ilustradas est&#xE1; montado sobre la entrada de un caf&#xE9;, con &#xE1;rboles desnudos y un cielo nublado en el fondo.\" class=\"wp-image-3129\" srcset=\"https:\/\/zoo.org\/wp-content\/uploads\/2025\/08\/Gather-and-Graze-Cafe.jpg 800w, https:\/\/zoo.org\/wp-content\/uploads\/2025\/08\/Gather-and-Graze-Cafe-300x200.jpg 300w, https:\/\/zoo.org\/wp-content\/uploads\/2025\/08\/Gather-and-Graze-Cafe-768x512.jpg 768w\" sizes=\"auto, (max-width: 800px) 100vw, 800px\" \/><\/figure>\n\n\n\n<div class=\"wp-block-group has-custom-light-grey-background-color has-background is-layout-flow wp-block-group-is-layout-flow\" style=\"border-top-left-radius:0px;border-top-right-radius:0px;border-bottom-left-radius:0px;border-bottom-right-radius:0px;padding-top:25px;padding-right:25px;padding-bottom:25px;padding-left:25px\">\n<h4 class=\"wp-block-heading has-text-align-left\">Caf\u00e9 Gather + Graze<\/h4>\n\n\n\n<p><strong>Abierto todos los d\u00edas<br\/> 9:30 a. m. \u2013 4:00 p. m.<\/strong><\/p>\n\n\n\n<p class=\"has-text-align-left\">Comida para llevar y mesas al aire libre disponibles. Ubicado frente al Teatro Wildlife. <\/p>\n\n\n\n<div class=\"wp-block-buttons is-layout-flex wp-block-buttons-is-layout-flex\">\n<div class=\"wp-block-button\"><a class=\"wp-block-button__link wp-element-button\" href=\"https:\/\/zoo.org\/wp-content\/uploads\/2025\/11\/Gather-Graze-Menu-Normal-web.pdf\" target=\"_blank\" rel=\"noreferrer noopener\">Ver el men\u00fa<\/a><\/div>\n<\/div>\n<\/div>\n<\/div>\n\n\n\n<div class=\"wp-block-column has-palette-color-17-background-color has-background is-layout-flow wp-container-core-column-is-layout-a3d0b163 wp-block-column-is-layout-flow\" style=\"padding-top:0px;padding-right:0px;padding-bottom:0px;padding-left:0px\">\n<figure class=\"wp-block-image size-full\"><img loading=\"lazy\" decoding=\"async\" width=\"940\" height=\"627\" src=\"https:\/\/zoo.org\/wp-content\/uploads\/2025\/08\/Cart-Dining-web.jpg\" alt=\"Un puesto de refrigerios llamado The Wild Cup ofrece palomitas, papas fritas, bebidas y bocadillos. Dos mujeres y dos ni&#xF1;os est&#xE1;n de pie en el mostrador mientras un empleado los atiende. El men&#xFA; est&#xE1; visible detr&#xE1;s del mostrador.  \" class=\"wp-image-3128\" srcset=\"https:\/\/zoo.org\/wp-content\/uploads\/2025\/08\/Cart-Dining-web.jpg 940w, https:\/\/zoo.org\/wp-content\/uploads\/2025\/08\/Cart-Dining-web-300x200.jpg 300w, https:\/\/zoo.org\/wp-content\/uploads\/2025\/08\/Cart-Dining-web-768x512.jpg 768w\" sizes=\"auto, (max-width: 940px) 100vw, 940px\" \/><\/figure>\n\n\n\n<div class=\"wp-block-group has-custom-light-grey-background-color has-background is-layout-flow wp-block-group-is-layout-flow\" style=\"border-top-left-radius:0px;border-top-right-radius:0px;border-bottom-left-radius:0px;border-bottom-right-radius:0px;padding-top:25px;padding-right:25px;padding-bottom:25px;padding-left:25px\">\n<h4 class=\"wp-block-heading has-text-align-left\">Carros y puestos de avanzada<\/h4>\n\n\n\n<p><strong><strong>Abierto todos los d\u00edas<br\/> 9:30 a. m. \u2013 4:00 p. m.<\/strong><\/strong><\/p>\n\n\n\n<p class=\"has-text-align-left\">Carrito de caf\u00e9 Wild Cup cerca del Centro Educativo y frente a la Sabana Africana.<\/p>\n<\/div>\n<\/div>\n<\/div>\n<style>.kb-row-layout-wrap.wp-block-kadence-rowlayout.kb-row-layout-id3122_83ce5b-2f{margin-top:var(--global-kb-spacing-lg, 3rem);margin-bottom:var(--global-kb-spacing-lg, 3rem);}.kb-row-layout-id3122_83ce5b-2f > .kt-row-column-wrap{align-content:start;}:where(.kb-row-layout-id3122_83ce5b-2f > .kt-row-column-wrap) > .wp-block-kadence-column{justify-content:start;}.kb-row-layout-id3122_83ce5b-2f > .kt-row-column-wrap{column-gap:var(--global-kb-gap-md, 2rem);row-gap:var(--global-kb-gap-none, 0rem );padding-top:0px;padding-right:0px;padding-bottom:0px;padding-left:0px;grid-template-columns:minmax(0, 1fr);}.kb-row-layout-id3122_83ce5b-2f > .kt-row-layout-overlay{opacity:0.30;}@media all and (max-width: 1024px){.kb-row-layout-id3122_83ce5b-2f > .kt-row-column-wrap{grid-template-columns:minmax(0, 1fr);}}@media all and (max-width: 767px){.kb-row-layout-id3122_83ce5b-2f > .kt-row-column-wrap{grid-template-columns:minmax(0, 1fr);}}<\/style><div class=\"kb-row-layout-wrap kb-row-layout-id3122_83ce5b-2f alignfull wp-block-kadence-rowlayout\"><div class=\"kt-row-column-wrap kt-has-1-columns kt-row-layout-equal kt-tab-layout-inherit kt-mobile-layout-row kt-row-valign-top\">\n<style>.kadence-column3122_408549-37 > .kt-inside-inner-col{padding-top:0px;padding-right:0px;padding-bottom:0px;padding-left:0px;}.kadence-column3122_408549-37 > .kt-inside-inner-col,.kadence-column3122_408549-37 > .kt-inside-inner-col:before{border-top-left-radius:0px;border-top-right-radius:0px;border-bottom-right-radius:0px;border-bottom-left-radius:0px;}.kadence-column3122_408549-37 > .kt-inside-inner-col{column-gap:var(--global-kb-gap-sm, 1rem);}.kadence-column3122_408549-37 > .kt-inside-inner-col{flex-direction:column;}.kadence-column3122_408549-37 > .kt-inside-inner-col > .aligncenter{width:100%;}.kadence-column3122_408549-37 > .kt-inside-inner-col:before{opacity:0.3;}.kadence-column3122_408549-37{position:relative;}@media all and (max-width: 1024px){.kadence-column3122_408549-37 > .kt-inside-inner-col{flex-direction:column;justify-content:center;}}@media all and (max-width: 767px){.kadence-column3122_408549-37 > .kt-inside-inner-col{flex-direction:column;justify-content:center;}}<\/style>\n<div class=\"wp-block-kadence-column kadence-column3122_408549-37\"><div class=\"kt-inside-inner-col\"><style>.kt-sc3122_251313-41 .kt-sc-imgcol, .kt-sc3122_251313-41 .kt-sc-textcol{min-height:450px;}.kt-sc3122_251313-41 .kt-sc-innter-col{max-width:516px;}.kt-sc3122_251313-41 .kt-sc-imgcol{background-size:cover;background-image:url(https:\/\/zoo.org\/wp-content\/uploads\/2025\/08\/ZooStore-display-web.jpg);}.kt-sc3122_251313-41 .kt-sc-textcol{padding-top:2.5em;padding-right:1.4em;padding-bottom:2.5em;padding-left:1.4em;}@media all and (max-width: 767px){.kt-sc3122_251313-41 .kt-sc-imgcol, .kt-sc3122_251313-41 .kt-sc-textcol{min-height:300px;}}<\/style>\n<div class=\"alignfull kt-sc3122_251313-41 wp-block-kadence-splitcontent\"><div class=\"kt-split-content-wrap kt-sc-media-side-right\" style=\"grid-template-columns:auto 50%\"><div class=\"kt-sc-imgcol kt-sc-imgcol-bg-cover kt-sc-img-side-right\"><\/div><div class=\"kt-sc-textcol kt-sc-text-valign-center kt-sc-text-halign-right\" style=\"background-color:var(--theme-palette-color-13, #0A5260)\"><div class=\"kt-sc-innter-col\">\n<h3 class=\"wp-block-heading has-text-align-left has-palette-color-10-color has-text-color has-link-color wp-elements-95f706c6ed0b1af52e60bc25f763ca6f\">Tienda de zool\u00f3gicos<\/h3>\n\n\n\n<h4 class=\"wp-block-heading has-text-align-left has-palette-color-14-color has-text-color has-link-color wp-elements-e884566e4ea1c8b5e62c96217e8540ad\">Abierto todos los d\u00edas durante el horario habitual del zool\u00f3gico.<\/h4>\n\n\n\n<p class=\"has-text-align-left has-palette-color-14-color has-text-color has-link-color wp-elements-fb95a395cc84c5c1f71a6013d21facb6\">Encuentra el peluche, la taza, la camiseta o el libro perfectos para recordar tu viaje, o un regalo para ese amante de los animales. Compra una botella de agua reutilizable para disfrutar del agua m\u00e1s pura de Seattle en nuestras estaciones de recarga. No te pierdas los art\u00edculos artesanales de Conservation Commerce que crean alternativas de ingresos sostenibles y ecol\u00f3gicas para comunidades globales.  <\/p>\n\n\n\n<p class=\"has-text-align-left has-palette-color-14-color has-text-color has-link-color wp-elements-569cf4ee9503ad66355d4f609c169af4\"><em>Cerrado el d\u00eda de Navidad. Para preguntas, llame al 206.548.1535. <\/em><\/p>\n\n\n\n<div class=\"wp-block-buttons is-layout-flex wp-block-buttons-is-layout-flex\">\n<div class=\"wp-block-button button-white\"><a class=\"wp-block-button__link wp-element-button\" href=\"https:\/\/www.muzemerch.com\/partner\/woodland-park-zoo\" target=\"_blank\" rel=\"noreferrer noopener\">Compra en la Zoostore<\/a><\/div>\n<\/div>\n<\/div><\/div><\/div><\/div>\n<\/div><\/div>\n\n<\/div><\/div>\n<div class=\"wp-block-group alignfull divider is-layout-constrained wp-block-group-is-layout-constrained\">\n<h2 class=\"wp-block-heading alignfull has-text-align-center\">\u00c1REAS DE ENFERMER\u00cdA<\/h2>\n<\/div>\n\n<div class=\"wp-block-group is-layout-constrained wp-block-group-is-layout-constrained\"><style>.kt-sc3122_aa842e-88 .kt-sc-imgcol, .kt-sc3122_aa842e-88 .kt-sc-textcol{min-height:245px;}.kt-sc3122_aa842e-88 .kt-sc-imgcol{background-size:cover;background-image:url(https:\/\/zoo.org\/wp-content\/uploads\/2025\/08\/2011-RHawk056Carousel.jpg);}.kt-sc3122_aa842e-88 .kt-sc-textcol{padding-top:1em;padding-right:1.5em;padding-bottom:1em;padding-left:1.5em;}@media all and (max-width: 767px){.kt-sc3122_aa842e-88 .kt-sc-imgcol, .kt-sc3122_aa842e-88 .kt-sc-textcol{min-height:275px;}}<\/style>\n<div class=\"aligncenter kt-sc3122_aa842e-88 wp-block-kadence-splitcontent\"><div class=\"kt-split-content-wrap kt-sc-media-side-left\" style=\"grid-template-columns:32% auto\"><div class=\"kt-sc-imgcol kt-sc-imgcol-bg-cover kt-sc-img-side-left\"><\/div><div class=\"kt-sc-textcol kt-sc-text-valign-center kt-sc-text-halign-left\" style=\"background-color:var(--theme-palette-color-17, #E6E6E6)\"><div class=\"kt-sc-innter-col\">\n<h3 class=\"wp-block-heading\">Habitaci\u00f3n de la Madre<\/h3>\n\n\n\n<p>Ofrecemos una Sala para Madres en el Carrusel Hist\u00f3rico. En ella, las madres encontrar\u00e1n todo lo necesario para el cuidado de sus peque\u00f1os, incluyendo libros para quienes necesiten distraerse. <\/p>\n<\/div><\/div><\/div><\/div>\n<\/div>\n","protected":false},"excerpt":{"rendered":"<p>MIENTRAS EST\u00c9S AQU\u00cd Informaci\u00f3n sobre restaurantes y compras Cenar y comprar Comida y bebida Se encuentran disponibles servicios de comida y opciones para llevar en todo el zool\u00f3gico durante el [&hellip;]<\/p>\n","protected":false},"author":1,"featured_media":12196,"parent":0,"menu_order":0,"comment_status":"closed","ping_status":"closed","template":"","meta":{"_acf_changed":false,"_kad_blocks_custom_css":"","_kad_blocks_head_custom_js":"","_kad_blocks_body_custom_js":"","_kad_blocks_footer_custom_js":"","footnotes":""},"class_list":["post-12194","page","type-page","status-publish","has-post-thumbnail","hentry"],"blocksy_meta":[],"acf":[],"yoast_head":"<!-- This site is optimized with the Yoast SEO plugin v27.4 - https:\/\/yoast.com\/product\/yoast-seo-wordpress\/ -->\n<title>-<\/title>\n<meta name=\"description\" content=\"Opciones de comida y compras alrededor del zool\u00f3gico Woodland Park\" \/>\n<meta name=\"robots\" content=\"index, follow, max-snippet:-1, max-image-preview:large, max-video-preview:-1\" \/>\n<link rel=\"canonical\" href=\"https:\/\/zoo.org\/es\/cenar-y-comprar\/\" \/>\n<meta property=\"og:locale\" content=\"es_ES\" \/>\n<meta property=\"og:type\" content=\"article\" \/>\n<meta property=\"og:title\" content=\"-\" \/>\n<meta property=\"og:description\" content=\"Opciones de comida y compras alrededor del zool\u00f3gico Woodland Park\" \/>\n<meta property=\"og:url\" content=\"https:\/\/zoo.org\/es\/cenar-y-comprar\/\" \/>\n<meta property=\"og:site_name\" content=\"Zool\u00f3gico Woodland Park\" \/>\n<meta property=\"article:modified_time\" content=\"2026-01-05T23:01:17+00:00\" \/>\n<meta property=\"og:image\" content=\"https:\/\/zoo.org\/wp-content\/uploads\/2025\/08\/2025-1899-Grove-web.jpg?wsr\" \/>\n\t<meta property=\"og:image:width\" content=\"800\" \/>\n\t<meta property=\"og:image:height\" content=\"533\" \/>\n\t<meta property=\"og:image:type\" content=\"image\/jpeg\" \/>\n<meta name=\"twitter:card\" content=\"summary_large_image\" \/>\n<script type=\"application\/ld+json\" class=\"yoast-schema-graph\">{\"@context\":\"https:\\\/\\\/schema.org\",\"@graph\":[{\"@type\":\"WebPage\",\"@id\":\"https:\\\/\\\/zoo.org\\\/es\\\/cenar-y-comprar\\\/\",\"url\":\"https:\\\/\\\/zoo.org\\\/es\\\/cenar-y-comprar\\\/\",\"name\":\"-\",\"isPartOf\":{\"@id\":\"https:\\\/\\\/zoo.org\\\/es\\\/#website\"},\"primaryImageOfPage\":{\"@id\":\"https:\\\/\\\/zoo.org\\\/es\\\/cenar-y-comprar\\\/#primaryimage\"},\"image\":{\"@id\":\"https:\\\/\\\/zoo.org\\\/es\\\/cenar-y-comprar\\\/#primaryimage\"},\"thumbnailUrl\":\"https:\\\/\\\/zoo.org\\\/wp-content\\\/uploads\\\/2025\\\/08\\\/2025-1899-Grove-web.jpg?wsr\",\"datePublished\":\"2025-08-13T19:11:23+00:00\",\"dateModified\":\"2026-01-05T23:01:17+00:00\",\"description\":\"Opciones de comida y compras alrededor del zool\u00f3gico Woodland Park\",\"breadcrumb\":{\"@id\":\"https:\\\/\\\/zoo.org\\\/es\\\/cenar-y-comprar\\\/#breadcrumb\"},\"inLanguage\":\"es\",\"potentialAction\":[{\"@type\":\"ReadAction\",\"target\":[\"https:\\\/\\\/zoo.org\\\/es\\\/cenar-y-comprar\\\/\"]}]},{\"@type\":\"ImageObject\",\"inLanguage\":\"es\",\"@id\":\"https:\\\/\\\/zoo.org\\\/es\\\/cenar-y-comprar\\\/#primaryimage\",\"url\":\"https:\\\/\\\/zoo.org\\\/wp-content\\\/uploads\\\/2025\\\/08\\\/2025-1899-Grove-web.jpg?wsr\",\"contentUrl\":\"https:\\\/\\\/zoo.org\\\/wp-content\\\/uploads\\\/2025\\\/08\\\/2025-1899-Grove-web.jpg?wsr\",\"width\":800,\"height\":533,\"caption\":\"Patio exterior de 1899 Grove con mesas y sillas met\u00e1licas negras vac\u00edas, sombrillas amarillas y vegetaci\u00f3n al fondo en un d\u00eda soleado. La entrada y el letrero del restaurante son visibles.\"},{\"@type\":\"BreadcrumbList\",\"@id\":\"https:\\\/\\\/zoo.org\\\/es\\\/cenar-y-comprar\\\/#breadcrumb\",\"itemListElement\":[{\"@type\":\"ListItem\",\"position\":1,\"name\":\"Hogar\",\"item\":\"https:\\\/\\\/zoo.org\\\/es\\\/\"},{\"@type\":\"ListItem\",\"position\":2,\"name\":\"Cenar y comprar\"}]},{\"@type\":\"WebSite\",\"@id\":\"https:\\\/\\\/zoo.org\\\/es\\\/#website\",\"url\":\"https:\\\/\\\/zoo.org\\\/es\\\/\",\"name\":\"Zool\u00f3gico Woodland Park\",\"description\":\"El Zool\u00f3gico Woodland Park salva la vida silvestre e inspira a todos a hacer de la conservaci\u00f3n una prioridad en sus vidas.\",\"publisher\":{\"@id\":\"https:\\\/\\\/zoo.org\\\/es\\\/#organization\"},\"potentialAction\":[{\"@type\":\"SearchAction\",\"target\":{\"@type\":\"EntryPoint\",\"urlTemplate\":\"https:\\\/\\\/zoo.org\\\/es\\\/?s={search_term_string}\"},\"query-input\":{\"@type\":\"PropertyValueSpecification\",\"valueRequired\":true,\"valueName\":\"search_term_string\"}}],\"inLanguage\":\"es\"},{\"@type\":\"Organization\",\"@id\":\"https:\\\/\\\/zoo.org\\\/es\\\/#organization\",\"name\":\"Zool\u00f3gico Woodland Park\",\"url\":\"https:\\\/\\\/zoo.org\\\/es\\\/\",\"logo\":{\"@type\":\"ImageObject\",\"inLanguage\":\"es\",\"@id\":\"https:\\\/\\\/zoo.org\\\/es\\\/#\\\/schema\\\/logo\\\/image\\\/\",\"url\":\"https:\\\/\\\/zoo.org\\\/wp-content\\\/uploads\\\/2026\\\/01\\\/WPZ-Logo_white-SVG.svg?wsr\",\"contentUrl\":\"https:\\\/\\\/zoo.org\\\/wp-content\\\/uploads\\\/2026\\\/01\\\/WPZ-Logo_white-SVG.svg?wsr\",\"width\":288,\"height\":282,\"caption\":\"Zool\u00f3gico Woodland Park\"},\"image\":{\"@id\":\"https:\\\/\\\/zoo.org\\\/es\\\/#\\\/schema\\\/logo\\\/image\\\/\"}}]}<\/script>\n<!-- \/ Yoast SEO plugin. -->","yoast_head_json":{"title":"-","description":"Opciones de comida y compras alrededor del zool\u00f3gico Woodland Park","robots":{"index":"index","follow":"follow","max-snippet":"max-snippet:-1","max-image-preview":"max-image-preview:large","max-video-preview":"max-video-preview:-1"},"canonical":"https:\/\/zoo.org\/es\/cenar-y-comprar\/","og_locale":"es_ES","og_type":"article","og_title":"-","og_description":"Opciones de comida y compras alrededor del zool\u00f3gico Woodland Park","og_url":"https:\/\/zoo.org\/es\/cenar-y-comprar\/","og_site_name":"Zool\u00f3gico Woodland Park","article_modified_time":"2026-01-05T23:01:17+00:00","og_image":[{"width":800,"height":533,"url":"https:\/\/zoo.org\/wp-content\/uploads\/2025\/08\/2025-1899-Grove-web.jpg?wsr","type":"image\/jpeg"}],"twitter_card":"summary_large_image","schema":{"@context":"https:\/\/schema.org","@graph":[{"@type":"WebPage","@id":"https:\/\/zoo.org\/es\/cenar-y-comprar\/","url":"https:\/\/zoo.org\/es\/cenar-y-comprar\/","name":"-","isPartOf":{"@id":"https:\/\/zoo.org\/es\/#website"},"primaryImageOfPage":{"@id":"https:\/\/zoo.org\/es\/cenar-y-comprar\/#primaryimage"},"image":{"@id":"https:\/\/zoo.org\/es\/cenar-y-comprar\/#primaryimage"},"thumbnailUrl":"https:\/\/zoo.org\/wp-content\/uploads\/2025\/08\/2025-1899-Grove-web.jpg?wsr","datePublished":"2025-08-13T19:11:23+00:00","dateModified":"2026-01-05T23:01:17+00:00","description":"Opciones de comida y compras alrededor del zool\u00f3gico Woodland Park","breadcrumb":{"@id":"https:\/\/zoo.org\/es\/cenar-y-comprar\/#breadcrumb"},"inLanguage":"es","potentialAction":[{"@type":"ReadAction","target":["https:\/\/zoo.org\/es\/cenar-y-comprar\/"]}]},{"@type":"ImageObject","inLanguage":"es","@id":"https:\/\/zoo.org\/es\/cenar-y-comprar\/#primaryimage","url":"https:\/\/zoo.org\/wp-content\/uploads\/2025\/08\/2025-1899-Grove-web.jpg?wsr","contentUrl":"https:\/\/zoo.org\/wp-content\/uploads\/2025\/08\/2025-1899-Grove-web.jpg?wsr","width":800,"height":533,"caption":"Patio exterior de 1899 Grove con mesas y sillas met\u00e1licas negras vac\u00edas, sombrillas amarillas y vegetaci\u00f3n al fondo en un d\u00eda soleado. La entrada y el letrero del restaurante son visibles."},{"@type":"BreadcrumbList","@id":"https:\/\/zoo.org\/es\/cenar-y-comprar\/#breadcrumb","itemListElement":[{"@type":"ListItem","position":1,"name":"Hogar","item":"https:\/\/zoo.org\/es\/"},{"@type":"ListItem","position":2,"name":"Cenar y comprar"}]},{"@type":"WebSite","@id":"https:\/\/zoo.org\/es\/#website","url":"https:\/\/zoo.org\/es\/","name":"Zool\u00f3gico Woodland Park","description":"El Zool\u00f3gico Woodland Park salva la vida silvestre e inspira a todos a hacer de la conservaci\u00f3n una prioridad en sus vidas.","publisher":{"@id":"https:\/\/zoo.org\/es\/#organization"},"potentialAction":[{"@type":"SearchAction","target":{"@type":"EntryPoint","urlTemplate":"https:\/\/zoo.org\/es\/?s={search_term_string}"},"query-input":{"@type":"PropertyValueSpecification","valueRequired":true,"valueName":"search_term_string"}}],"inLanguage":"es"},{"@type":"Organization","@id":"https:\/\/zoo.org\/es\/#organization","name":"Zool\u00f3gico Woodland Park","url":"https:\/\/zoo.org\/es\/","logo":{"@type":"ImageObject","inLanguage":"es","@id":"https:\/\/zoo.org\/es\/#\/schema\/logo\/image\/","url":"https:\/\/zoo.org\/wp-content\/uploads\/2026\/01\/WPZ-Logo_white-SVG.svg?wsr","contentUrl":"https:\/\/zoo.org\/wp-content\/uploads\/2026\/01\/WPZ-Logo_white-SVG.svg?wsr","width":288,"height":282,"caption":"Zool\u00f3gico Woodland Park"},"image":{"@id":"https:\/\/zoo.org\/es\/#\/schema\/logo\/image\/"}}]}},"taxonomy_info":[],"featured_image_src_large":["https:\/\/zoo.org\/wp-content\/uploads\/2025\/08\/2025-1899-Grove-web.jpg?wsr",800,533,false],"author_info":{"display_name":"jloughlin","author_link":"https:\/\/zoo.org\/es\/author\/jloughlin\/"},"comment_info":0,"_links":{"self":[{"href":"https:\/\/zoo.org\/es\/wp-json\/wp\/v2\/pages\/12194","targetHints":{"allow":["GET"]}}],"collection":[{"href":"https:\/\/zoo.org\/es\/wp-json\/wp\/v2\/pages"}],"about":[{"href":"https:\/\/zoo.org\/es\/wp-json\/wp\/v2\/types\/page"}],"author":[{"embeddable":true,"href":"https:\/\/zoo.org\/es\/wp-json\/wp\/v2\/users\/1"}],"replies":[{"embeddable":true,"href":"https:\/\/zoo.org\/es\/wp-json\/wp\/v2\/comments?post=12194"}],"version-history":[{"count":0,"href":"https:\/\/zoo.org\/es\/wp-json\/wp\/v2\/pages\/12194\/revisions"}],"wp:featuredmedia":[{"embeddable":true,"href":"https:\/\/zoo.org\/es\/wp-json\/wp\/v2\/media\/12196"}],"wp:attachment":[{"href":"https:\/\/zoo.org\/es\/wp-json\/wp\/v2\/media?parent=12194"}],"curies":[{"name":"wp","href":"https:\/\/api.w.org\/{rel}","templated":true}]}}