{"id":12222,"date":"2025-08-13T13:41:58","date_gmt":"2025-08-13T20:41:58","guid":{"rendered":"https:\/\/zoo.org\/accesibilidad\/"},"modified":"2026-01-30T16:04:18","modified_gmt":"2026-01-31T00:04:18","slug":"accesibilidad","status":"publish","type":"page","link":"https:\/\/zoo.org\/es\/accesibilidad\/","title":{"rendered":"Accesibilidad"},"content":{"rendered":"\n<div class=\"wp-block-cover alignfull hero\" style=\"margin-top:0;margin-bottom:0\"><img loading=\"lazy\" decoding=\"async\" width=\"1920\" height=\"400\" class=\"wp-block-cover__image-background wp-image-1157 size-full\" alt=\"\" src=\"http:\/\/zoo.org\/wp-content\/uploads\/2025\/05\/Lynx-Forest-Header-Image.jpg\" data-object-fit=\"cover\" srcset=\"https:\/\/zoo.org\/wp-content\/uploads\/2025\/05\/Lynx-Forest-Header-Image.jpg 1920w, https:\/\/zoo.org\/wp-content\/uploads\/2025\/05\/Lynx-Forest-Header-Image-300x63.jpg 300w, https:\/\/zoo.org\/wp-content\/uploads\/2025\/05\/Lynx-Forest-Header-Image-1024x213.jpg 1024w, https:\/\/zoo.org\/wp-content\/uploads\/2025\/05\/Lynx-Forest-Header-Image-768x160.jpg 768w, https:\/\/zoo.org\/wp-content\/uploads\/2025\/05\/Lynx-Forest-Header-Image-1536x320.jpg 1536w\" sizes=\"auto, (max-width: 1920px) 100vw, 1920px\" \/><span aria-hidden=\"true\" class=\"wp-block-cover__background has-background-dim-0 has-background-dim\" style=\"background-color:#636e5d\"><\/span><div class=\"wp-block-cover__inner-container is-layout-constrained wp-block-cover-is-layout-constrained\">\n<p class=\"has-text-align-center has-large-font-size\"><\/p>\n<\/div><\/div>\n\n<div class=\"wp-block-group is-layout-constrained wp-block-group-is-layout-constrained\" style=\"margin-top:2em;margin-bottom:3em\">\n<h1 class=\"wp-block-heading has-text-align-center\" style=\"margin-top:0.65em;margin-bottom:0.275em\">UN ZOOL\u00d3GICO PARA TODOS<\/h1>\n\n\n\n<p class=\"has-text-align-center has-palette-color-3-color has-text-color has-link-color wp-elements-774e5376dbc7853f2316f266bf739097\" style=\"margin-bottom:1em;font-size:clamp(0.984em, 0.984rem + ((1vw - 0.2em) * 0.645), 1.5em);font-style:normal;font-weight:500;line-height:1.5\"><strong><strong>Inf\u00f3rmese sobre el acceso al zool\u00f3gico<\/strong><\/strong><\/p>\n<\/div>\n\n<div class=\"wp-block-group alignfull divider is-layout-constrained wp-block-group-is-layout-constrained\">\n<h2 class=\"wp-block-heading alignfull has-text-align-center\">ACCESIBILIDAD<\/h2>\n<\/div>\n\n<p>El Zool\u00f3gico Woodland Park est\u00e1 libre de la mayor\u00eda de las barreras y obst\u00e1culos f\u00edsicos. Para obtener informaci\u00f3n completa sobre consideraciones sensoriales, ba\u00f1os, c\u00f3mo participar en el zool\u00f3gico y m\u00e1s, descargue la Gu\u00eda de Accesibilidad. Esta incluye un mapa que describe las condiciones de los senderos y las caracter\u00edsticas de accesibilidad para que su visita sea lo m\u00e1s placentera posible.  <\/p>\n\n<div class=\"wp-block-buttons is-content-justification-center is-layout-flex wp-container-core-buttons-is-layout-a89b3969 wp-block-buttons-is-layout-flex\">\n<div class=\"wp-block-button\"><a class=\"wp-block-button__link wp-element-button\" href=\"https:\/\/zoo.org\/wp-content\/uploads\/2025\/08\/Online_Accessibility_Guide_2023.pdf\">GU\u00cdA DE ACCESIBILIDAD<\/a><\/div>\n<\/div>\n\n<h3 class=\"wp-block-heading\">Gu\u00edas videntes<\/h3>\n\n<p>El Zool\u00f3gico Woodland Park se dedica a brindar experiencias que conectan a todos con la vida silvestre y la conservaci\u00f3n. Los visitantes ciegos o con baja visi\u00f3n pueden solicitar un gu\u00eda vidente capacitado para su visita. Con 14 d\u00edas de anticipaci\u00f3n, haremos todo lo posible para asignarle un voluntario capacitado como su gu\u00eda vidente para el zool\u00f3gico. Los gu\u00edas est\u00e1n preparados para ayudar con la orientaci\u00f3n, conectar a los visitantes con experiencias t\u00e1ctiles, leer la se\u00f1alizaci\u00f3n y proporcionar contexto auditivo sobre las exhibiciones y los animales que las albergan.   <\/p>\n\n<p>Al menos 14 d\u00edas antes de su visita, complete el <a href=\"https:\/\/woodlandparkzoo.formstack.com\/forms\/sightedguide\" target=\"_blank\" rel=\"noreferrer noopener\">formulario de solicitud de gu\u00eda vidente<\/a> o llame al 206.548.2450 para completar el formulario verbalmente.<\/p>\n\n<div class=\"wp-block-columns is-layout-flex wp-container-core-columns-is-layout-39f2fc52 wp-block-columns-is-layout-flex\" style=\"margin-top:var(--wp--preset--spacing--60);margin-bottom:var(--wp--preset--spacing--50)\">\n<div class=\"wp-block-column has-palette-color-17-background-color has-background is-layout-flow wp-container-core-column-is-layout-492b06a7 wp-block-column-is-layout-flow\" style=\"padding-top:25px;padding-right:25px;padding-bottom:25px;padding-left:25px\">\n<h3 class=\"wp-block-heading\" style=\"margin-bottom:1em\">Animales de servicio<\/h3>\n\n\n\n<p>El Zool\u00f3gico Woodland Park es responsable de la salud y el bienestar de todos sus animales, incluidas muchas especies vulnerables. Por lo tanto, existen medidas adicionales para el ingreso de animales de servicio completamente entrenados. <\/p>\n\n\n\n<p>Lea atentamente las <a href=\"https:\/\/zoo.org\/wp-content\/uploads\/2025\/12\/Service-Animal-Guidelines-2025.pdf\" target=\"_blank\" rel=\"noreferrer noopener\">pautas para animales de servicio<\/a> antes de su visita.<\/p>\n\n\n\n<p style=\"margin-bottom:1em\">Cuando llegue, le solicitaremos que usted y su animal de servicio se registren en la Oficina de Membres\u00eda en la Entrada Oeste, o en las ventanillas de boletos 3 o 4 en la Entrada Sur.<\/p>\n<\/div>\n\n\n\n<div class=\"wp-block-column has-palette-color-17-background-color has-background is-layout-flow wp-container-core-column-is-layout-492b06a7 wp-block-column-is-layout-flow\" style=\"padding-top:25px;padding-right:25px;padding-bottom:25px;padding-left:25px\">\n<h3 class=\"wp-block-heading\" style=\"margin-bottom:1em\">Auxiliares, asistentes e int\u00e9rpretes<\/h3>\n\n\n\n<p>Los asistentes o acompa\u00f1antes individuales de visitantes con discapacidades reciben entrada gratuita, excepto para eventos con boleto, como ZooTunes. Esto incluye a familiares o amigos que act\u00faen como int\u00e9rpretes para visitantes sordos o como gu\u00edas para visitantes ciegos. Por favor, informe en la taquilla que visitar\u00e1 con un acompa\u00f1ante individual para que reciba su entrada gratuita.  <\/p>\n\n\n\n<p style=\"margin-bottom:1em\">Si usted o un miembro de su grupo desea solicitar un int\u00e9rprete certificado <a href=\"https:\/\/woodlandparkzoo.formstack.com\/forms\/sign_language_interpretation_request\" target=\"_blank\" rel=\"noreferrer noopener\">, complete este formulario<\/a> .<\/p>\n<\/div>\n<\/div>\n\n<div class=\"wp-block-columns is-layout-flex wp-container-core-columns-is-layout-afef1d46 wp-block-columns-is-layout-flex\" style=\"margin-top:0;margin-bottom:var(--wp--preset--spacing--60)\">\n<div class=\"wp-block-column has-palette-color-17-background-color has-background is-layout-flow wp-container-core-column-is-layout-492b06a7 wp-block-column-is-layout-flow\" style=\"padding-top:25px;padding-right:25px;padding-bottom:25px;padding-left:25px\">\n<h3 class=\"wp-block-heading\" style=\"margin-bottom:1em\">Ba\u00f1os<\/h3>\n\n\n\n<p>Hay puestos accesibles y ba\u00f1os familiares\/para todos los g\u00e9neros disponibles en varias ubicaciones, como se indica en el <a href=\"http:\/\/map.zoo.org\/maps\/168\" target=\"_blank\" rel=\"noreferrer noopener\">Mapa de Accesibilidad<\/a> .<\/p>\n\n\n\n<p style=\"margin-bottom:1em\">Si usted o alguien de su grupo necesita un cambiador de tama\u00f1o adulto, tenemos uno ubicado en el ba\u00f1o familiar cerca de la entrada de invitados oeste\/ZooStore.<\/p>\n<\/div>\n\n\n\n<div class=\"wp-block-column has-palette-color-17-background-color has-background is-layout-flow wp-container-core-column-is-layout-492b06a7 wp-block-column-is-layout-flow\" style=\"padding-top:25px;padding-right:25px;padding-bottom:25px;padding-left:25px\">\n<h3 class=\"wp-block-heading\" style=\"margin-bottom:1em\">Consideraciones sensoriales<\/h3>\n\n\n\n<p>Este <a href=\"https:\/\/zoo.org\/wp-content\/uploads\/2025\/08\/Summer-Map_11x17_BW_2023_Sensory-Construction.pdf\" type=\"attachment\" id=\"3116\" target=\"_blank\" rel=\"noreferrer noopener\">mapa sensorial<\/a> guiar\u00e1 a los visitantes con diferentes necesidades sensoriales a una variedad de lugares alrededor del zool\u00f3gico donde pueden relajarse, jugar o explorar.<\/p>\n\n\n\n<p style=\"margin-bottom:1em\">Antes de su visita, utilice la <a href=\"https:\/\/zoo.org\/wp-content\/uploads\/2025\/08\/Social-Story_v3.pdf\" type=\"attachment\" id=\"3110\" target=\"_blank\" rel=\"noreferrer noopener\">historia social de Whole Zoo<\/a> como una gu\u00eda \u00fatil para familiarizarse usted y familiarizar a su hijo con lo que puede esperar de una visita al Zool\u00f3gico Woodland Park. Quiz\u00e1s tambi\u00e9n quieras leer la <a href=\"https:\/\/zoo.org\/wp-content\/uploads\/2025\/09\/2023-ZM-Social-Story-FINAL.pdf\" type=\"attachment\" id=\"5293\" target=\"_blank\" rel=\"noreferrer noopener\">historia social de Zoomazium<\/a> si planeas pasar parte de tu visita en Zoomazium.<\/p>\n<\/div>\n<\/div>\n\n<h3 class=\"wp-block-heading\">Alquiler de equipos de movilidad<\/h3>\n\n<p>Se podr\u00e1n alquilar equipos de movilidad, como sillas de ruedas y scooters el\u00e9ctricos, en los puntos de atenci\u00f3n al cliente de la entrada oeste y cerca de la tienda ZooStore de la entrada sur. Para su seguridad, estos art\u00edculos se limpiar\u00e1n a fondo entre cada alquiler. <\/p>\n\n<ul class=\"wp-block-list\">\n<li>Vag\u00f3n $11.00<\/li>\n\n\n\n<li>Cochecito doble $10.00<\/li>\n\n\n\n<li>Silla de ruedas (no el\u00e9ctrica)* $10.00<\/li>\n\n\n\n<li>Scooter de movilidad el\u00e9ctrica o ECV** $25.00<\/li>\n<\/ul>\n\n<p><em>*Los beneficiarios de EBT\/Washington Quest, asistencia de WIC y familias de acogida y familiares pueden recibir un 50% de descuento en el alquiler de sillas de ruedas. Deben presentar comprobantes como la tarjeta EBT\/Washington Quest, el cup\u00f3n\/tarjeta de WIC o la carpeta de citas, el formulario de autorizaci\u00f3n de cuidador del DCYF, o la tarjeta de identificaci\u00f3n o certificado de licencia de cuidador de acogida.   <strong>Descuento v\u00e1lido \u00fanicamente en sillas de ruedas manuales\/de empuje y no en veh\u00edculos el\u00e9ctricos de conveniencia.<\/strong><\/em><\/p>\n\n<p><em>**Condiciones: Debe dejar un dep\u00f3sito reembolsable de $200 y una licencia de conducir v\u00e1lida; 18 a\u00f1os o m\u00e1s, o 16 a\u00f1os con permiso del padre\/tutor; l\u00edmite de peso de 400 libras.<\/em><\/p>\n\n<div class=\"wp-block-group is-layout-constrained wp-block-group-is-layout-constrained\" style=\"margin-top:var(--wp--preset--spacing--60);margin-bottom:var(--wp--preset--spacing--60)\"><style>.kt-sc3141_c38c31-cd .kt-sc-imgcol, .kt-sc3141_c38c31-cd .kt-sc-textcol{min-height:345px;}.kt-sc3141_c38c31-cd .kt-sc-imgcol{background-size:cover;background-image:url(https:\/\/zoo.org\/wp-content\/uploads\/2025\/08\/2024-DEAI-4-web.jpg);}.kt-sc3141_c38c31-cd .kt-sc-textcol{padding-top:1em;padding-right:1.5em;padding-bottom:1em;padding-left:1.5em;}@media all and (max-width: 767px){.kt-sc3141_c38c31-cd .kt-sc-imgcol, .kt-sc3141_c38c31-cd .kt-sc-textcol{min-height:275px;}}<\/style>\n<div class=\"aligncenter kt-sc3141_c38c31-cd wp-block-kadence-splitcontent\"><div class=\"kt-split-content-wrap kt-sc-media-side-left\" style=\"grid-template-columns:32% auto\"><div class=\"kt-sc-imgcol kt-sc-imgcol-bg-cover kt-sc-img-side-left\"><\/div><div class=\"kt-sc-textcol kt-sc-text-valign-center kt-sc-text-halign-left\" style=\"background-color:var(--theme-palette-color-17, #E6E6E6)\"><div class=\"kt-sc-innter-col\">\n<h3 class=\"wp-block-heading\">Diversidad, equidad, accesibilidad e inclusi\u00f3n<\/h3>\n\n\n\n<p>El Zool\u00f3gico Woodland Park (WPZ) cree que todas las personas deben tener acceso seguro al zool\u00f3gico y experiencias culturalmente afirmativas y receptivas con nuestro personal, programas y curr\u00edculo. WPZ se esfuerza por crear una cultura interna equitativa e inclusiva donde todos los miembros del personal se sientan representados y valorados por sus identidades y experiencias vividas. <\/p>\n\n\n\n<p><a href=\"https:\/\/www.zoo.org\/DEAI\">Descubra m\u00e1s<\/a><\/p>\n<\/div><\/div><\/div><\/div>\n<\/div>\n\n<p><\/p>\n","protected":false},"excerpt":{"rendered":"<p>UN ZOOL\u00d3GICO PARA TODOS Inf\u00f3rmese sobre el acceso al zool\u00f3gico ACCESIBILIDAD El Zool\u00f3gico Woodland Park est\u00e1 libre de la mayor\u00eda de las barreras y obst\u00e1culos f\u00edsicos. Para obtener informaci\u00f3n completa [&hellip;]<\/p>\n","protected":false},"author":1,"featured_media":10442,"parent":0,"menu_order":0,"comment_status":"closed","ping_status":"closed","template":"","meta":{"_acf_changed":false,"_kad_blocks_custom_css":"","_kad_blocks_head_custom_js":"","_kad_blocks_body_custom_js":"","_kad_blocks_footer_custom_js":"","footnotes":""},"class_list":["post-12222","page","type-page","status-publish","has-post-thumbnail","hentry"],"blocksy_meta":[],"acf":[],"yoast_head":"<!-- This site is optimized with the Yoast SEO plugin v27.4 - https:\/\/yoast.com\/product\/yoast-seo-wordpress\/ -->\n<title>-<\/title>\n<meta name=\"description\" content=\"C\u00f3mo moverse por el Zool\u00f3gico Woodland Park: mapas, alquileres, accesibilidad para discapacitados, perros de servicio, comida y compras\" \/>\n<meta name=\"robots\" content=\"index, follow, max-snippet:-1, max-image-preview:large, max-video-preview:-1\" \/>\n<link rel=\"canonical\" href=\"https:\/\/zoo.org\/es\/accesibilidad\/\" \/>\n<meta property=\"og:locale\" content=\"es_ES\" \/>\n<meta property=\"og:type\" content=\"article\" \/>\n<meta property=\"og:title\" content=\"-\" \/>\n<meta property=\"og:description\" content=\"C\u00f3mo moverse por el Zool\u00f3gico Woodland Park: mapas, alquileres, accesibilidad para discapacitados, perros de servicio, comida y compras\" \/>\n<meta property=\"og:url\" content=\"https:\/\/zoo.org\/es\/accesibilidad\/\" \/>\n<meta property=\"og:site_name\" content=\"Zool\u00f3gico Woodland Park\" \/>\n<meta property=\"article:modified_time\" content=\"2026-01-31T00:04:18+00:00\" \/>\n<meta property=\"og:image\" content=\"https:\/\/zoo.org\/wp-content\/uploads\/2025\/08\/RS33694_2017_-WPZ-AERIALS-2-web.jpg?wsr\" \/>\n\t<meta property=\"og:image:width\" content=\"940\" \/>\n\t<meta property=\"og:image:height\" content=\"627\" \/>\n\t<meta property=\"og:image:type\" content=\"image\/jpeg\" \/>\n<meta name=\"twitter:card\" content=\"summary_large_image\" \/>\n<script type=\"application\/ld+json\" class=\"yoast-schema-graph\">{\"@context\":\"https:\\\/\\\/schema.org\",\"@graph\":[{\"@type\":\"WebPage\",\"@id\":\"https:\\\/\\\/zoo.org\\\/es\\\/accesibilidad\\\/\",\"url\":\"https:\\\/\\\/zoo.org\\\/es\\\/accesibilidad\\\/\",\"name\":\"-\",\"isPartOf\":{\"@id\":\"https:\\\/\\\/zoo.org\\\/es\\\/#website\"},\"primaryImageOfPage\":{\"@id\":\"https:\\\/\\\/zoo.org\\\/es\\\/accesibilidad\\\/#primaryimage\"},\"image\":{\"@id\":\"https:\\\/\\\/zoo.org\\\/es\\\/accesibilidad\\\/#primaryimage\"},\"thumbnailUrl\":\"https:\\\/\\\/zoo.org\\\/wp-content\\\/uploads\\\/2025\\\/08\\\/RS33694_2017_-WPZ-AERIALS-2-web.jpg?wsr\",\"datePublished\":\"2025-08-13T20:41:58+00:00\",\"dateModified\":\"2026-01-31T00:04:18+00:00\",\"description\":\"C\u00f3mo moverse por el Zool\u00f3gico Woodland Park: mapas, alquileres, accesibilidad para discapacitados, perros de servicio, comida y compras\",\"breadcrumb\":{\"@id\":\"https:\\\/\\\/zoo.org\\\/es\\\/accesibilidad\\\/#breadcrumb\"},\"inLanguage\":\"es\",\"potentialAction\":[{\"@type\":\"ReadAction\",\"target\":[\"https:\\\/\\\/zoo.org\\\/es\\\/accesibilidad\\\/\"]}]},{\"@type\":\"ImageObject\",\"inLanguage\":\"es\",\"@id\":\"https:\\\/\\\/zoo.org\\\/es\\\/accesibilidad\\\/#primaryimage\",\"url\":\"https:\\\/\\\/zoo.org\\\/wp-content\\\/uploads\\\/2025\\\/08\\\/RS33694_2017_-WPZ-AERIALS-2-web.jpg?wsr\",\"contentUrl\":\"https:\\\/\\\/zoo.org\\\/wp-content\\\/uploads\\\/2025\\\/08\\\/RS33694_2017_-WPZ-AERIALS-2-web.jpg?wsr\",\"width\":940,\"height\":627,\"caption\":\"Vista a\u00e9rea del zool\u00f3gico con densos \u00e1rboles verdes, rodeado de calles y edificios urbanos, con un gran lago y un extenso paisaje urbano en el fondo bajo un cielo despejado.\"},{\"@type\":\"BreadcrumbList\",\"@id\":\"https:\\\/\\\/zoo.org\\\/es\\\/accesibilidad\\\/#breadcrumb\",\"itemListElement\":[{\"@type\":\"ListItem\",\"position\":1,\"name\":\"Hogar\",\"item\":\"https:\\\/\\\/zoo.org\\\/es\\\/\"},{\"@type\":\"ListItem\",\"position\":2,\"name\":\"Accesibilidad\"}]},{\"@type\":\"WebSite\",\"@id\":\"https:\\\/\\\/zoo.org\\\/es\\\/#website\",\"url\":\"https:\\\/\\\/zoo.org\\\/es\\\/\",\"name\":\"Zool\u00f3gico Woodland Park\",\"description\":\"El Zool\u00f3gico Woodland Park salva la vida silvestre e inspira a todos a hacer de la conservaci\u00f3n una prioridad en sus vidas.\",\"publisher\":{\"@id\":\"https:\\\/\\\/zoo.org\\\/es\\\/#organization\"},\"potentialAction\":[{\"@type\":\"SearchAction\",\"target\":{\"@type\":\"EntryPoint\",\"urlTemplate\":\"https:\\\/\\\/zoo.org\\\/es\\\/?s={search_term_string}\"},\"query-input\":{\"@type\":\"PropertyValueSpecification\",\"valueRequired\":true,\"valueName\":\"search_term_string\"}}],\"inLanguage\":\"es\"},{\"@type\":\"Organization\",\"@id\":\"https:\\\/\\\/zoo.org\\\/es\\\/#organization\",\"name\":\"Zool\u00f3gico Woodland Park\",\"url\":\"https:\\\/\\\/zoo.org\\\/es\\\/\",\"logo\":{\"@type\":\"ImageObject\",\"inLanguage\":\"es\",\"@id\":\"https:\\\/\\\/zoo.org\\\/es\\\/#\\\/schema\\\/logo\\\/image\\\/\",\"url\":\"https:\\\/\\\/zoo.org\\\/wp-content\\\/uploads\\\/2026\\\/01\\\/WPZ-Logo_white-SVG.svg?wsr\",\"contentUrl\":\"https:\\\/\\\/zoo.org\\\/wp-content\\\/uploads\\\/2026\\\/01\\\/WPZ-Logo_white-SVG.svg?wsr\",\"width\":288,\"height\":282,\"caption\":\"Zool\u00f3gico Woodland Park\"},\"image\":{\"@id\":\"https:\\\/\\\/zoo.org\\\/es\\\/#\\\/schema\\\/logo\\\/image\\\/\"}}]}<\/script>\n<!-- \/ Yoast SEO plugin. -->","yoast_head_json":{"title":"-","description":"C\u00f3mo moverse por el Zool\u00f3gico Woodland Park: mapas, alquileres, accesibilidad para discapacitados, perros de servicio, comida y compras","robots":{"index":"index","follow":"follow","max-snippet":"max-snippet:-1","max-image-preview":"max-image-preview:large","max-video-preview":"max-video-preview:-1"},"canonical":"https:\/\/zoo.org\/es\/accesibilidad\/","og_locale":"es_ES","og_type":"article","og_title":"-","og_description":"C\u00f3mo moverse por el Zool\u00f3gico Woodland Park: mapas, alquileres, accesibilidad para discapacitados, perros de servicio, comida y compras","og_url":"https:\/\/zoo.org\/es\/accesibilidad\/","og_site_name":"Zool\u00f3gico Woodland Park","article_modified_time":"2026-01-31T00:04:18+00:00","og_image":[{"width":940,"height":627,"url":"https:\/\/zoo.org\/wp-content\/uploads\/2025\/08\/RS33694_2017_-WPZ-AERIALS-2-web.jpg?wsr","type":"image\/jpeg"}],"twitter_card":"summary_large_image","schema":{"@context":"https:\/\/schema.org","@graph":[{"@type":"WebPage","@id":"https:\/\/zoo.org\/es\/accesibilidad\/","url":"https:\/\/zoo.org\/es\/accesibilidad\/","name":"-","isPartOf":{"@id":"https:\/\/zoo.org\/es\/#website"},"primaryImageOfPage":{"@id":"https:\/\/zoo.org\/es\/accesibilidad\/#primaryimage"},"image":{"@id":"https:\/\/zoo.org\/es\/accesibilidad\/#primaryimage"},"thumbnailUrl":"https:\/\/zoo.org\/wp-content\/uploads\/2025\/08\/RS33694_2017_-WPZ-AERIALS-2-web.jpg?wsr","datePublished":"2025-08-13T20:41:58+00:00","dateModified":"2026-01-31T00:04:18+00:00","description":"C\u00f3mo moverse por el Zool\u00f3gico Woodland Park: mapas, alquileres, accesibilidad para discapacitados, perros de servicio, comida y compras","breadcrumb":{"@id":"https:\/\/zoo.org\/es\/accesibilidad\/#breadcrumb"},"inLanguage":"es","potentialAction":[{"@type":"ReadAction","target":["https:\/\/zoo.org\/es\/accesibilidad\/"]}]},{"@type":"ImageObject","inLanguage":"es","@id":"https:\/\/zoo.org\/es\/accesibilidad\/#primaryimage","url":"https:\/\/zoo.org\/wp-content\/uploads\/2025\/08\/RS33694_2017_-WPZ-AERIALS-2-web.jpg?wsr","contentUrl":"https:\/\/zoo.org\/wp-content\/uploads\/2025\/08\/RS33694_2017_-WPZ-AERIALS-2-web.jpg?wsr","width":940,"height":627,"caption":"Vista a\u00e9rea del zool\u00f3gico con densos \u00e1rboles verdes, rodeado de calles y edificios urbanos, con un gran lago y un extenso paisaje urbano en el fondo bajo un cielo despejado."},{"@type":"BreadcrumbList","@id":"https:\/\/zoo.org\/es\/accesibilidad\/#breadcrumb","itemListElement":[{"@type":"ListItem","position":1,"name":"Hogar","item":"https:\/\/zoo.org\/es\/"},{"@type":"ListItem","position":2,"name":"Accesibilidad"}]},{"@type":"WebSite","@id":"https:\/\/zoo.org\/es\/#website","url":"https:\/\/zoo.org\/es\/","name":"Zool\u00f3gico Woodland Park","description":"El Zool\u00f3gico Woodland Park salva la vida silvestre e inspira a todos a hacer de la conservaci\u00f3n una prioridad en sus vidas.","publisher":{"@id":"https:\/\/zoo.org\/es\/#organization"},"potentialAction":[{"@type":"SearchAction","target":{"@type":"EntryPoint","urlTemplate":"https:\/\/zoo.org\/es\/?s={search_term_string}"},"query-input":{"@type":"PropertyValueSpecification","valueRequired":true,"valueName":"search_term_string"}}],"inLanguage":"es"},{"@type":"Organization","@id":"https:\/\/zoo.org\/es\/#organization","name":"Zool\u00f3gico Woodland Park","url":"https:\/\/zoo.org\/es\/","logo":{"@type":"ImageObject","inLanguage":"es","@id":"https:\/\/zoo.org\/es\/#\/schema\/logo\/image\/","url":"https:\/\/zoo.org\/wp-content\/uploads\/2026\/01\/WPZ-Logo_white-SVG.svg?wsr","contentUrl":"https:\/\/zoo.org\/wp-content\/uploads\/2026\/01\/WPZ-Logo_white-SVG.svg?wsr","width":288,"height":282,"caption":"Zool\u00f3gico Woodland Park"},"image":{"@id":"https:\/\/zoo.org\/es\/#\/schema\/logo\/image\/"}}]}},"taxonomy_info":[],"featured_image_src_large":["https:\/\/zoo.org\/wp-content\/uploads\/2025\/08\/RS33694_2017_-WPZ-AERIALS-2-web.jpg?wsr",940,627,false],"author_info":{"display_name":"jloughlin","author_link":"https:\/\/zoo.org\/es\/author\/jloughlin\/"},"comment_info":0,"_links":{"self":[{"href":"https:\/\/zoo.org\/es\/wp-json\/wp\/v2\/pages\/12222","targetHints":{"allow":["GET"]}}],"collection":[{"href":"https:\/\/zoo.org\/es\/wp-json\/wp\/v2\/pages"}],"about":[{"href":"https:\/\/zoo.org\/es\/wp-json\/wp\/v2\/types\/page"}],"author":[{"embeddable":true,"href":"https:\/\/zoo.org\/es\/wp-json\/wp\/v2\/users\/1"}],"replies":[{"embeddable":true,"href":"https:\/\/zoo.org\/es\/wp-json\/wp\/v2\/comments?post=12222"}],"version-history":[{"count":0,"href":"https:\/\/zoo.org\/es\/wp-json\/wp\/v2\/pages\/12222\/revisions"}],"wp:featuredmedia":[{"embeddable":true,"href":"https:\/\/zoo.org\/es\/wp-json\/wp\/v2\/media\/10442"}],"wp:attachment":[{"href":"https:\/\/zoo.org\/es\/wp-json\/wp\/v2\/media?parent=12222"}],"curies":[{"name":"wp","href":"https:\/\/api.w.org\/{rel}","templated":true}]}}