{"id":12283,"date":"2025-08-14T15:08:17","date_gmt":"2025-08-14T22:08:17","guid":{"rendered":"https:\/\/zoo.org\/hoy-en-el-zoologico\/programas-para-jovenes\/"},"modified":"2026-03-30T09:35:02","modified_gmt":"2026-03-30T16:35:02","slug":"programas-para-jovenes","status":"publish","type":"page","link":"https:\/\/zoo.org\/es\/hoy-en-el-zoologico\/programas-para-jovenes\/","title":{"rendered":"Programas para j\u00f3venes"},"content":{"rendered":"\n<div class=\"wp-block-cover alignfull hero\" style=\"margin-top:0;margin-bottom:0\"><img loading=\"lazy\" decoding=\"async\" width=\"1920\" height=\"400\" class=\"wp-block-cover__image-background wp-image-1157 size-full\" alt=\"\" src=\"http:\/\/zoo.org\/wp-content\/uploads\/2025\/05\/Lynx-Forest-Header-Image.jpg\" data-object-fit=\"cover\" srcset=\"https:\/\/zoo.org\/wp-content\/uploads\/2025\/05\/Lynx-Forest-Header-Image.jpg 1920w, https:\/\/zoo.org\/wp-content\/uploads\/2025\/05\/Lynx-Forest-Header-Image-300x63.jpg 300w, https:\/\/zoo.org\/wp-content\/uploads\/2025\/05\/Lynx-Forest-Header-Image-1024x213.jpg 1024w, https:\/\/zoo.org\/wp-content\/uploads\/2025\/05\/Lynx-Forest-Header-Image-768x160.jpg 768w, https:\/\/zoo.org\/wp-content\/uploads\/2025\/05\/Lynx-Forest-Header-Image-1536x320.jpg 1536w\" sizes=\"auto, (max-width: 1920px) 100vw, 1920px\" \/><span aria-hidden=\"true\" class=\"wp-block-cover__background has-background-dim-0 has-background-dim\" style=\"background-color:#636e5d\"><\/span><div class=\"wp-block-cover__inner-container is-layout-constrained wp-block-cover-is-layout-constrained\">\n<p class=\"has-text-align-center has-large-font-size\"><\/p>\n<\/div><\/div>\n\n<div class=\"wp-block-group is-layout-constrained wp-block-group-is-layout-constrained\" style=\"margin-top:2em;margin-bottom:3em\">\n<h1 class=\"wp-block-heading has-text-align-center\" style=\"margin-top:0.65em;margin-bottom:0.275em\">HOY EN EL ZOOL\u00d3GICO<\/h1>\n\n\n\n<p class=\"has-text-align-center has-palette-color-3-color has-text-color has-link-color wp-elements-cd4196259094e409f18a8914bcd768de\" style=\"margin-bottom:1em;font-size:clamp(0.984em, 0.984rem + ((1vw - 0.2em) * 0.645), 1.5em);font-style:normal;font-weight:500;line-height:1.5\"><strong><strong><strong><strong><strong>Actividades diarias ofrecidas hasta el 30 de abril de 2026<\/strong><\/strong><\/strong><\/strong><\/strong><\/p>\n\n\n\n<p class=\"has-text-align-center has-palette-color-3-color has-text-color has-link-color wp-elements-3e68ba7fa0d53487feb020a9acbd5308\" style=\"margin-bottom:1em;font-size:clamp(0.984em, 0.984rem + ((1vw - 0.2em) * 0.645), 1.5em);line-height:1.5\">Las actividades son gratuitas con la entrada al zool\u00f3gico, salvo que se indique lo contrario.<br\/> Sujeto a cancelaci\u00f3n dependiendo de la cooperaci\u00f3n del clima y los animales.<\/p>\n<\/div>\n\n<div class=\"wp-block-group alignfull divider is-layout-constrained wp-block-group-is-layout-constrained\">\n<h2 class=\"wp-block-heading alignfull has-text-align-center\">Programas para j\u00f3venes<\/h2>\n<\/div>\n\n<div class=\"wp-block-group is-layout-constrained wp-block-group-is-layout-constrained\" style=\"margin-top:var(--wp--preset--spacing--60);margin-bottom:var(--wp--preset--spacing--60)\"><style>.kt-sc3272_0eb334-fc .kt-sc-imgcol, .kt-sc3272_0eb334-fc .kt-sc-textcol{min-height:345px;}.kt-sc3272_0eb334-fc .kt-sc-imgcol{background-size:cover;background-image:url(https:\/\/zoo.org\/wp-content\/uploads\/2025\/08\/2006-MatHayward-Zoomazium-Logo-web.jpg);}.kt-sc3272_0eb334-fc .kt-sc-textcol{padding-top:1em;padding-right:1.5em;padding-bottom:1em;padding-left:1.5em;}@media all and (max-width: 767px){.kt-sc3272_0eb334-fc .kt-sc-imgcol, .kt-sc3272_0eb334-fc .kt-sc-textcol{min-height:275px;}}<\/style>\n<div class=\"aligncenter kt-sc3272_0eb334-fc wp-block-kadence-splitcontent\"><div class=\"kt-split-content-wrap kt-sc-media-side-left\" style=\"grid-template-columns:32% auto\"><div class=\"kt-sc-imgcol kt-sc-imgcol-bg-cover kt-sc-img-side-left\"><\/div><div class=\"kt-sc-textcol kt-sc-text-valign-center kt-sc-text-halign-left\" style=\"background-color:var(--theme-palette-color-17, #E6E6E6)\"><div class=\"kt-sc-innter-col\">\n<h3 class=\"wp-block-heading\">Zoomazium<\/h3>\n\n\n\n<p style=\"margin-bottom:var(--wp--preset--spacing--40)\"><strong>9:30 am \u2013 3:00 pm todos los d\u00edas <\/strong><\/p>\n\n\n\n<p>Con diferentes \u00e1reas de juego para ni\u00f1os desde el nacimiento hasta los 8 a\u00f1os, \u00a1este es un espacio interior para explorar, jugar y divertirse! \u00bfQu\u00e9 podr\u00eda ser m\u00e1s divertido que explorar una cueva en la monta\u00f1a, cruzar un puente colgante entre las copas de los \u00e1rboles, descubrir lo que se esconde bajo un charco en la sabana o incluso trepar a un \u00e1rbol de 6 metros? Todo esto y mucho m\u00e1s espera ser descubierto por los ni\u00f1os peque\u00f1os interesados en la naturaleza.  <\/p>\n\n\n\n<p><a href=\"https:\/\/zoo.org\/es\/zoomazium\/\">Obtenga m\u00e1s informaci\u00f3n sobre Zoomazium<\/a><\/p>\n<\/div><\/div><\/div><\/div>\n<\/div>\n\n<div class=\"wp-block-group is-layout-constrained wp-block-group-is-layout-constrained\" style=\"margin-top:var(--wp--preset--spacing--60);margin-bottom:var(--wp--preset--spacing--60)\"><style>.kt-sc3272_b218b4-c9 .kt-sc-imgcol, .kt-sc3272_b218b4-c9 .kt-sc-textcol{min-height:345px;}.kt-sc3272_b218b4-c9 .kt-sc-imgcol{background-size:cover;background-image:url(https:\/\/zoo.org\/wp-content\/uploads\/2025\/08\/2007-RHawk-Zoo-Vet-Zoomazium.jpg);}.kt-sc3272_b218b4-c9 .kt-sc-textcol{padding-top:1em;padding-right:1.5em;padding-bottom:1em;padding-left:1.5em;}@media all and (max-width: 767px){.kt-sc3272_b218b4-c9 .kt-sc-imgcol, .kt-sc3272_b218b4-c9 .kt-sc-textcol{min-height:275px;}}<\/style>\n<div class=\"aligncenter kt-sc3272_b218b4-c9 wp-block-kadence-splitcontent\"><div class=\"kt-split-content-wrap kt-sc-media-side-left\" style=\"grid-template-columns:32% auto\"><div class=\"kt-sc-imgcol kt-sc-imgcol-bg-cover kt-sc-img-side-left\"><\/div><div class=\"kt-sc-textcol kt-sc-text-valign-center kt-sc-text-halign-left\" style=\"background-color:var(--theme-palette-color-17, #E6E6E6)\"><div class=\"kt-sc-innter-col\">\n<h3 class=\"wp-block-heading\">Programa para ni\u00f1os peque\u00f1os<\/h3>\n\n\n\n<h4 class=\"wp-block-heading\">Zoomazium<\/h4>\n\n\n\n<p style=\"margin-bottom:var(--wp--preset--spacing--40)\"><strong>10:30 am s\u00e1bados y domingos <\/strong><\/p>\n\n\n\n<p>\u00a1\u00danete a un educador en un programa dise\u00f1ado especialmente para nuestros peque\u00f1os! Los programas var\u00edan, y te espera una breve actividad interactiva para ni\u00f1os peque\u00f1os y sus cuidadores.   <\/p>\n<\/div><\/div><\/div><\/div>\n<\/div>\n\n<div class=\"wp-block-group is-layout-constrained wp-block-group-is-layout-constrained\" style=\"margin-top:var(--wp--preset--spacing--60);margin-bottom:var(--wp--preset--spacing--60)\"><style>.kt-sc3272_89261a-e0 .kt-sc-imgcol, .kt-sc3272_89261a-e0 .kt-sc-textcol{min-height:345px;}.kt-sc3272_89261a-e0 .kt-sc-imgcol{background-size:cover;background-image:url(https:\/\/zoo.org\/wp-content\/uploads\/2026\/02\/2009-Zoomazium-Puppet-Show-RHawk-011860.jpg);}.kt-sc3272_89261a-e0 .kt-sc-textcol{padding-top:1em;padding-right:1.5em;padding-bottom:1em;padding-left:1.5em;}@media all and (max-width: 767px){.kt-sc3272_89261a-e0 .kt-sc-imgcol, .kt-sc3272_89261a-e0 .kt-sc-textcol{min-height:275px;}}<\/style>\n<div class=\"aligncenter kt-sc3272_89261a-e0 wp-block-kadence-splitcontent\"><div class=\"kt-split-content-wrap kt-sc-media-side-left\" style=\"grid-template-columns:32% auto\"><div class=\"kt-sc-imgcol kt-sc-imgcol-bg-cover kt-sc-img-side-left\"><\/div><div class=\"kt-sc-textcol kt-sc-text-valign-center kt-sc-text-halign-left\" style=\"background-color:var(--theme-palette-color-17, #E6E6E6)\"><div class=\"kt-sc-innter-col\">\n<h3 class=\"wp-block-heading\">Espect\u00e1culo de marionetas<\/h3>\n\n\n\n<h4 class=\"wp-block-heading\">Zoomazium<\/h4>\n\n\n\n<p style=\"margin-bottom:var(--wp--preset--spacing--40)\"><strong>1:00 pm S\u00e1bados<\/strong><\/p>\n\n\n\n<p>\u00a1Conozca a un elenco de t\u00edteres de animales que cantar\u00e1n y bailar\u00e1n una canci\u00f3n infantil con tem\u00e1tica de animales en el teatro de t\u00edteres de Zoomazium!<\/p>\n<\/div><\/div><\/div><\/div>\n<\/div>\n","protected":false},"excerpt":{"rendered":"<p>HOY EN EL ZOOL\u00d3GICO Actividades diarias ofrecidas hasta el 30 de abril de 2026 Las actividades son gratuitas con la entrada al zool\u00f3gico, salvo que se indique lo contrario. Sujeto [&hellip;]<\/p>\n","protected":false},"author":1,"featured_media":10235,"parent":12223,"menu_order":0,"comment_status":"closed","ping_status":"closed","template":"","meta":{"_acf_changed":false,"_kad_blocks_custom_css":"","_kad_blocks_head_custom_js":"","_kad_blocks_body_custom_js":"","_kad_blocks_footer_custom_js":"","footnotes":""},"class_list":["post-12283","page","type-page","status-publish","has-post-thumbnail","hentry"],"blocksy_meta":[],"acf":[],"yoast_head":"<!-- This site is optimized with the Yoast SEO plugin v27.3 - https:\/\/yoast.com\/product\/yoast-seo-wordpress\/ -->\n<title>-<\/title>\n<meta name=\"description\" content=\"Programas diarios para j\u00f3venes en el Zool\u00f3gico Woodland Park de Seattle.\" \/>\n<meta name=\"robots\" content=\"index, follow, max-snippet:-1, max-image-preview:large, max-video-preview:-1\" \/>\n<link rel=\"canonical\" href=\"https:\/\/zoo.org\/es\/hoy-en-el-zoologico\/programas-para-jovenes\/\" \/>\n<meta property=\"og:locale\" content=\"es_ES\" \/>\n<meta property=\"og:type\" content=\"article\" \/>\n<meta property=\"og:title\" content=\"-\" \/>\n<meta property=\"og:description\" content=\"Programas diarios para j\u00f3venes en el Zool\u00f3gico Woodland Park de Seattle.\" \/>\n<meta property=\"og:url\" content=\"https:\/\/zoo.org\/es\/hoy-en-el-zoologico\/programas-para-jovenes\/\" \/>\n<meta property=\"og:site_name\" content=\"Zool\u00f3gico Woodland Park\" \/>\n<meta property=\"article:modified_time\" content=\"2026-03-30T16:35:02+00:00\" \/>\n<meta property=\"og:image\" content=\"https:\/\/zoo.org\/wp-content\/uploads\/2025\/08\/west-entrance.jpg?wsr\" \/>\n\t<meta property=\"og:image:width\" content=\"800\" \/>\n\t<meta property=\"og:image:height\" content=\"531\" \/>\n\t<meta property=\"og:image:type\" content=\"image\/jpeg\" \/>\n<meta name=\"twitter:card\" content=\"summary_large_image\" \/>\n<script type=\"application\/ld+json\" class=\"yoast-schema-graph\">{\"@context\":\"https:\\\/\\\/schema.org\",\"@graph\":[{\"@type\":\"WebPage\",\"@id\":\"https:\\\/\\\/zoo.org\\\/es\\\/hoy-en-el-zoologico\\\/programas-para-jovenes\\\/\",\"url\":\"https:\\\/\\\/zoo.org\\\/es\\\/hoy-en-el-zoologico\\\/programas-para-jovenes\\\/\",\"name\":\"-\",\"isPartOf\":{\"@id\":\"https:\\\/\\\/zoo.org\\\/es\\\/#website\"},\"primaryImageOfPage\":{\"@id\":\"https:\\\/\\\/zoo.org\\\/es\\\/hoy-en-el-zoologico\\\/programas-para-jovenes\\\/#primaryimage\"},\"image\":{\"@id\":\"https:\\\/\\\/zoo.org\\\/es\\\/hoy-en-el-zoologico\\\/programas-para-jovenes\\\/#primaryimage\"},\"thumbnailUrl\":\"https:\\\/\\\/zoo.org\\\/wp-content\\\/uploads\\\/2025\\\/08\\\/west-entrance.jpg?wsr\",\"datePublished\":\"2025-08-14T22:08:17+00:00\",\"dateModified\":\"2026-03-30T16:35:02+00:00\",\"description\":\"Programas diarios para j\u00f3venes en el Zool\u00f3gico Woodland Park de Seattle.\",\"breadcrumb\":{\"@id\":\"https:\\\/\\\/zoo.org\\\/es\\\/hoy-en-el-zoologico\\\/programas-para-jovenes\\\/#breadcrumb\"},\"inLanguage\":\"es\",\"potentialAction\":[{\"@type\":\"ReadAction\",\"target\":[\"https:\\\/\\\/zoo.org\\\/es\\\/hoy-en-el-zoologico\\\/programas-para-jovenes\\\/\"]}]},{\"@type\":\"ImageObject\",\"inLanguage\":\"es\",\"@id\":\"https:\\\/\\\/zoo.org\\\/es\\\/hoy-en-el-zoologico\\\/programas-para-jovenes\\\/#primaryimage\",\"url\":\"https:\\\/\\\/zoo.org\\\/wp-content\\\/uploads\\\/2025\\\/08\\\/west-entrance.jpg?wsr\",\"contentUrl\":\"https:\\\/\\\/zoo.org\\\/wp-content\\\/uploads\\\/2025\\\/08\\\/west-entrance.jpg?wsr\",\"width\":800,\"height\":531,\"caption\":\"La gente camina y se re\u00fane afuera de la entrada del zool\u00f3gico en un d\u00eda soleado, con familias, ni\u00f1os y paseantes visibles; \u00e1rboles verdes y un edificio moderno en el fondo.\"},{\"@type\":\"BreadcrumbList\",\"@id\":\"https:\\\/\\\/zoo.org\\\/es\\\/hoy-en-el-zoologico\\\/programas-para-jovenes\\\/#breadcrumb\",\"itemListElement\":[{\"@type\":\"ListItem\",\"position\":1,\"name\":\"Hogar\",\"item\":\"https:\\\/\\\/zoo.org\\\/es\\\/\"},{\"@type\":\"ListItem\",\"position\":2,\"name\":\"Hoy en el zool\u00f3gico\",\"item\":\"https:\\\/\\\/zoo.org\\\/es\\\/hoy-en-el-zoologico\\\/\"},{\"@type\":\"ListItem\",\"position\":3,\"name\":\"Programas para j\u00f3venes\"}]},{\"@type\":\"WebSite\",\"@id\":\"https:\\\/\\\/zoo.org\\\/es\\\/#website\",\"url\":\"https:\\\/\\\/zoo.org\\\/es\\\/\",\"name\":\"Zool\u00f3gico Woodland Park\",\"description\":\"El Zool\u00f3gico Woodland Park salva la vida silvestre e inspira a todos a hacer de la conservaci\u00f3n una prioridad en sus vidas.\",\"publisher\":{\"@id\":\"https:\\\/\\\/zoo.org\\\/es\\\/#organization\"},\"potentialAction\":[{\"@type\":\"SearchAction\",\"target\":{\"@type\":\"EntryPoint\",\"urlTemplate\":\"https:\\\/\\\/zoo.org\\\/es\\\/?s={search_term_string}\"},\"query-input\":{\"@type\":\"PropertyValueSpecification\",\"valueRequired\":true,\"valueName\":\"search_term_string\"}}],\"inLanguage\":\"es\"},{\"@type\":\"Organization\",\"@id\":\"https:\\\/\\\/zoo.org\\\/es\\\/#organization\",\"name\":\"Zool\u00f3gico Woodland Park\",\"url\":\"https:\\\/\\\/zoo.org\\\/es\\\/\",\"logo\":{\"@type\":\"ImageObject\",\"inLanguage\":\"es\",\"@id\":\"https:\\\/\\\/zoo.org\\\/es\\\/#\\\/schema\\\/logo\\\/image\\\/\",\"url\":\"https:\\\/\\\/zoo.org\\\/wp-content\\\/uploads\\\/2026\\\/01\\\/WPZ-Logo_white-SVG.svg?wsr\",\"contentUrl\":\"https:\\\/\\\/zoo.org\\\/wp-content\\\/uploads\\\/2026\\\/01\\\/WPZ-Logo_white-SVG.svg?wsr\",\"width\":288,\"height\":282,\"caption\":\"Zool\u00f3gico Woodland Park\"},\"image\":{\"@id\":\"https:\\\/\\\/zoo.org\\\/es\\\/#\\\/schema\\\/logo\\\/image\\\/\"}}]}<\/script>\n<!-- \/ Yoast SEO plugin. -->","yoast_head_json":{"title":"-","description":"Programas diarios para j\u00f3venes en el Zool\u00f3gico Woodland Park de Seattle.","robots":{"index":"index","follow":"follow","max-snippet":"max-snippet:-1","max-image-preview":"max-image-preview:large","max-video-preview":"max-video-preview:-1"},"canonical":"https:\/\/zoo.org\/es\/hoy-en-el-zoologico\/programas-para-jovenes\/","og_locale":"es_ES","og_type":"article","og_title":"-","og_description":"Programas diarios para j\u00f3venes en el Zool\u00f3gico Woodland Park de Seattle.","og_url":"https:\/\/zoo.org\/es\/hoy-en-el-zoologico\/programas-para-jovenes\/","og_site_name":"Zool\u00f3gico Woodland Park","article_modified_time":"2026-03-30T16:35:02+00:00","og_image":[{"width":800,"height":531,"url":"https:\/\/zoo.org\/wp-content\/uploads\/2025\/08\/west-entrance.jpg?wsr","type":"image\/jpeg"}],"twitter_card":"summary_large_image","schema":{"@context":"https:\/\/schema.org","@graph":[{"@type":"WebPage","@id":"https:\/\/zoo.org\/es\/hoy-en-el-zoologico\/programas-para-jovenes\/","url":"https:\/\/zoo.org\/es\/hoy-en-el-zoologico\/programas-para-jovenes\/","name":"-","isPartOf":{"@id":"https:\/\/zoo.org\/es\/#website"},"primaryImageOfPage":{"@id":"https:\/\/zoo.org\/es\/hoy-en-el-zoologico\/programas-para-jovenes\/#primaryimage"},"image":{"@id":"https:\/\/zoo.org\/es\/hoy-en-el-zoologico\/programas-para-jovenes\/#primaryimage"},"thumbnailUrl":"https:\/\/zoo.org\/wp-content\/uploads\/2025\/08\/west-entrance.jpg?wsr","datePublished":"2025-08-14T22:08:17+00:00","dateModified":"2026-03-30T16:35:02+00:00","description":"Programas diarios para j\u00f3venes en el Zool\u00f3gico Woodland Park de Seattle.","breadcrumb":{"@id":"https:\/\/zoo.org\/es\/hoy-en-el-zoologico\/programas-para-jovenes\/#breadcrumb"},"inLanguage":"es","potentialAction":[{"@type":"ReadAction","target":["https:\/\/zoo.org\/es\/hoy-en-el-zoologico\/programas-para-jovenes\/"]}]},{"@type":"ImageObject","inLanguage":"es","@id":"https:\/\/zoo.org\/es\/hoy-en-el-zoologico\/programas-para-jovenes\/#primaryimage","url":"https:\/\/zoo.org\/wp-content\/uploads\/2025\/08\/west-entrance.jpg?wsr","contentUrl":"https:\/\/zoo.org\/wp-content\/uploads\/2025\/08\/west-entrance.jpg?wsr","width":800,"height":531,"caption":"La gente camina y se re\u00fane afuera de la entrada del zool\u00f3gico en un d\u00eda soleado, con familias, ni\u00f1os y paseantes visibles; \u00e1rboles verdes y un edificio moderno en el fondo."},{"@type":"BreadcrumbList","@id":"https:\/\/zoo.org\/es\/hoy-en-el-zoologico\/programas-para-jovenes\/#breadcrumb","itemListElement":[{"@type":"ListItem","position":1,"name":"Hogar","item":"https:\/\/zoo.org\/es\/"},{"@type":"ListItem","position":2,"name":"Hoy en el zool\u00f3gico","item":"https:\/\/zoo.org\/es\/hoy-en-el-zoologico\/"},{"@type":"ListItem","position":3,"name":"Programas para j\u00f3venes"}]},{"@type":"WebSite","@id":"https:\/\/zoo.org\/es\/#website","url":"https:\/\/zoo.org\/es\/","name":"Zool\u00f3gico Woodland Park","description":"El Zool\u00f3gico Woodland Park salva la vida silvestre e inspira a todos a hacer de la conservaci\u00f3n una prioridad en sus vidas.","publisher":{"@id":"https:\/\/zoo.org\/es\/#organization"},"potentialAction":[{"@type":"SearchAction","target":{"@type":"EntryPoint","urlTemplate":"https:\/\/zoo.org\/es\/?s={search_term_string}"},"query-input":{"@type":"PropertyValueSpecification","valueRequired":true,"valueName":"search_term_string"}}],"inLanguage":"es"},{"@type":"Organization","@id":"https:\/\/zoo.org\/es\/#organization","name":"Zool\u00f3gico Woodland Park","url":"https:\/\/zoo.org\/es\/","logo":{"@type":"ImageObject","inLanguage":"es","@id":"https:\/\/zoo.org\/es\/#\/schema\/logo\/image\/","url":"https:\/\/zoo.org\/wp-content\/uploads\/2026\/01\/WPZ-Logo_white-SVG.svg?wsr","contentUrl":"https:\/\/zoo.org\/wp-content\/uploads\/2026\/01\/WPZ-Logo_white-SVG.svg?wsr","width":288,"height":282,"caption":"Zool\u00f3gico Woodland Park"},"image":{"@id":"https:\/\/zoo.org\/es\/#\/schema\/logo\/image\/"}}]}},"taxonomy_info":[],"featured_image_src_large":["https:\/\/zoo.org\/wp-content\/uploads\/2025\/08\/west-entrance.jpg?wsr",800,531,false],"author_info":{"display_name":"jloughlin","author_link":"https:\/\/zoo.org\/es\/author\/jloughlin\/"},"comment_info":0,"_links":{"self":[{"href":"https:\/\/zoo.org\/es\/wp-json\/wp\/v2\/pages\/12283","targetHints":{"allow":["GET"]}}],"collection":[{"href":"https:\/\/zoo.org\/es\/wp-json\/wp\/v2\/pages"}],"about":[{"href":"https:\/\/zoo.org\/es\/wp-json\/wp\/v2\/types\/page"}],"author":[{"embeddable":true,"href":"https:\/\/zoo.org\/es\/wp-json\/wp\/v2\/users\/1"}],"replies":[{"embeddable":true,"href":"https:\/\/zoo.org\/es\/wp-json\/wp\/v2\/comments?post=12283"}],"version-history":[{"count":5,"href":"https:\/\/zoo.org\/es\/wp-json\/wp\/v2\/pages\/12283\/revisions"}],"predecessor-version":[{"id":23501,"href":"https:\/\/zoo.org\/es\/wp-json\/wp\/v2\/pages\/12283\/revisions\/23501"}],"up":[{"embeddable":true,"href":"https:\/\/zoo.org\/es\/wp-json\/wp\/v2\/pages\/12223"}],"wp:featuredmedia":[{"embeddable":true,"href":"https:\/\/zoo.org\/es\/wp-json\/wp\/v2\/media\/10235"}],"wp:attachment":[{"href":"https:\/\/zoo.org\/es\/wp-json\/wp\/v2\/media?parent=12283"}],"curies":[{"name":"wp","href":"https:\/\/api.w.org\/{rel}","templated":true}]}}