{"id":12556,"date":"2026-03-24T11:10:04","date_gmt":"2026-03-24T18:10:04","guid":{"rendered":"https:\/\/zoo.org\/empatia-por-la-vida-silvestre\/"},"modified":"2026-03-24T12:11:49","modified_gmt":"2026-03-24T19:11:49","slug":"empatia-por-la-vida-silvestre","status":"publish","type":"page","link":"https:\/\/zoo.org\/es\/empatia-por-la-vida-silvestre\/","title":{"rendered":"Empat\u00eda por la vida silvestre"},"content":{"rendered":"\n<div class=\"wp-block-cover alignfull is-light hero\" style=\"margin-top:0;margin-bottom:0\"><img loading=\"lazy\" decoding=\"async\" width=\"1920\" height=\"400\" class=\"wp-block-cover__image-background wp-image-3487 size-full\" alt=\"\" src=\"https:\/\/zoo.org\/wp-content\/uploads\/2025\/08\/Support-Header-Image2.jpg\" data-object-fit=\"cover\" srcset=\"https:\/\/zoo.org\/wp-content\/uploads\/2025\/08\/Support-Header-Image2.jpg 1920w, https:\/\/zoo.org\/wp-content\/uploads\/2025\/08\/Support-Header-Image2-300x63.jpg 300w, https:\/\/zoo.org\/wp-content\/uploads\/2025\/08\/Support-Header-Image2-1024x213.jpg 1024w, https:\/\/zoo.org\/wp-content\/uploads\/2025\/08\/Support-Header-Image2-768x160.jpg 768w, https:\/\/zoo.org\/wp-content\/uploads\/2025\/08\/Support-Header-Image2-1536x320.jpg 1536w\" sizes=\"auto, (max-width: 1920px) 100vw, 1920px\" \/><span aria-hidden=\"true\" class=\"wp-block-cover__background has-background-dim-0 has-background-dim\" style=\"background-color:#999692\"><\/span><div class=\"wp-block-cover__inner-container is-layout-constrained wp-block-cover-is-layout-constrained\">\n<p class=\"has-text-align-center has-large-font-size\"><\/p>\n<\/div><\/div>\n\n<div class=\"wp-block-group is-layout-constrained wp-block-group-is-layout-constrained\" style=\"margin-top:2em;margin-bottom:3em\">\n<h1 class=\"wp-block-heading has-text-align-center\" style=\"margin-top:0.65em;margin-bottom:0.275em\">EMPAT\u00cdA POR LA VIDA SILVESTRE<\/h1>\n\n\n\n<p class=\"has-text-align-center has-palette-color-3-color has-text-color has-link-color wp-elements-13e572cbd03658977950bb166dc8f5c5\" style=\"margin-bottom:1em;font-size:clamp(0.984em, 0.984rem + ((1vw - 0.2em) * 0.645), 1.5em);font-style:normal;font-weight:500;line-height:1.5\"><strong>Sentir empat\u00eda puede ayudarnos a transformar nuestro cuidado y preocupaci\u00f3n por los animales en oportunidades para acciones de conservaci\u00f3n.<\/strong><\/p>\n<\/div>\n\n<div class=\"wp-block-group alignfull divider is-layout-constrained wp-block-group-is-layout-constrained\">\n<h2 class=\"wp-block-heading alignfull has-text-align-center\">INSPIRANDO ACCIONES DE CONSERVACI\u00d3N<\/h2>\n<\/div>\n\n<h3 class=\"wp-block-heading\">Fomentando la empat\u00eda<\/h3>\n\n<p>Aqu\u00ed en Woodland Park Zoo, la forma en que ayudamos a los visitantes a construir conexiones con los animales, la naturaleza y entre ellos tiene ra\u00edces profundas en nuestra misi\u00f3n de conservaci\u00f3n.<\/p>\n\n<p>Todo empieza por sentir empat\u00eda por las necesidades y perspectivas de los animales. Los humanos tenemos una capacidad intr\u00ednseca para empatizar con los dem\u00e1s; comenzamos a desarrollar nuestras habilidades de empat\u00eda desde ni\u00f1os y podemos fortalecerlas con la pr\u00e1ctica a lo largo de nuestra vida. <\/p>\n\n<p>Las investigaciones muestran que sentir empat\u00eda es un factor importante en nuestra capacidad de ir m\u00e1s all\u00e1 de aprender sobre los animales y actuar de maneras que apoyen su bienestar en el cuidado humano y en la naturaleza.<\/p>\n\n<h5 class=\"wp-block-heading\"><em>La empat\u00eda es un estado emocional estimulado que se basa en la capacidad de percibir, comprender y preocuparse por las experiencias o perspectivas de otra persona o animal (Young et al. 2018).<\/em><\/h5>\n\n<figure class=\"wp-block-embed is-type-video is-provider-youtube wp-block-embed-youtube wp-embed-aspect-16-9 wp-has-aspect-ratio\" style=\"margin-top:var(--wp--preset--spacing--60);margin-bottom:var(--wp--preset--spacing--60)\"><div class=\"wp-block-embed__wrapper\">\n<iframe loading=\"lazy\" title=\"Advancing Conservation Through Empathy for Wildlife\" width=\"1080\" height=\"608\" src=\"https:\/\/www.youtube.com\/embed\/CIZnvA4y3RQ?feature=oembed\" frameborder=\"0\" allow=\"accelerometer; autoplay; clipboard-write; encrypted-media; gyroscope; picture-in-picture; web-share\" referrerpolicy=\"strict-origin-when-cross-origin\" allowfullscreen><\/iframe>\n<\/div><\/figure>\n\n<div class=\"wp-block-group alignfull divider is-layout-constrained wp-block-group-is-layout-constrained\">\n<h2 class=\"wp-block-heading alignfull has-text-align-center\">LO QUE HACEMOS<\/h2>\n<\/div>\n\n<h3 class=\"wp-block-heading\">Empat\u00eda en el zool\u00f3gico Woodland Park<\/h3>\n\n<p>El Zool\u00f3gico Woodland Park utiliza pr\u00e1cticas de empat\u00eda basadas en la investigaci\u00f3n para inspirar a los visitantes a conectar con la vida silvestre y a tomar medidas de cuidado y conservaci\u00f3n. Nuestros programas combinan la educaci\u00f3n sobre historia natural con las singulares historias de vida de los animales del zool\u00f3gico, lo que ayuda a nuestros visitantes a ponerse en sus patas o alas y comprender mejor sus perspectivas del mundo. <\/p>\n\n<p>Por ejemplo, ofrecemos a ni\u00f1os y adultos la oportunidad de crear rompecabezas para nuestros inteligentes keas TepTep y Jean Luc. Despu\u00e9s de la actividad pr\u00e1ctica, los visitantes pueden observar c\u00f3mo TepTep y Jean Luc disfrutan de sus creaciones enriquecedoras. A trav\u00e9s de esta actividad, los visitantes se unen a nosotros para imaginar las necesidades de los keas y actuar con cari\u00f1o, mientras aprenden m\u00e1s sobre c\u00f3mo nuestro zool\u00f3gico cuida de TepTep y Jean Luc a diario.  <\/p>\n\n<div class=\"wp-block-group alignfull divider is-layout-constrained wp-block-group-is-layout-constrained\">\n<h2 class=\"wp-block-heading alignfull has-text-align-center\">FOMENTANDO LA EMPAT\u00cdA<\/h2>\n<\/div>\n\n<h3 class=\"wp-block-heading\">Ampliando nuestro impacto<\/h3>\n\n<p>Los zool\u00f3gicos y acuarios brindan encuentros cercanos con animales a millones de personas en todo el mundo. Nuestras instituciones tienen una capacidad \u00fanica para ayudar a nuestros visitantes a sentir empat\u00eda por la vida silvestre, comprender mejor c\u00f3mo se cuida a los animales y animar a las personas a participar activamente en las iniciativas de conservaci\u00f3n. El Zool\u00f3gico Woodland Park est\u00e1 construyendo una comunidad de zool\u00f3gicos y acuarios acreditados que trabajan juntos para promover la empat\u00eda al servicio de nuestras misiones compartidas.  <\/p>\n\n<h3 class=\"wp-block-heading\">Red para promover la conservaci\u00f3n a trav\u00e9s de la empat\u00eda por la vida silvestre <sup>\u00ae<\/sup> (ACE for Wildlife <sup>\u00ae<\/sup> )<\/h3>\n\n<p>En 2019, Woodland Park Zoo fund\u00f3 ACE for Wildlife Network para facilitar el intercambio de conocimientos, experiencias y datos para impulsar el cambio en la conservaci\u00f3n mediante el fomento de la empat\u00eda por los animales y el medio ambiente que los sustenta.<\/p>\n\n<p>Hoy, ACE for Wildlife es una comunidad global de m\u00e1s de 900 educadores, cuidadores, comunicadores y l\u00edderes que utilizan pr\u00e1cticas de empat\u00eda para impulsar la conservaci\u00f3n. Los profesionales de la Red se benefician de apoyo y capacitaci\u00f3n para su crecimiento profesional y pueden influir en su campo mediante el trabajo innovador que realizan. Para m\u00e1s informaci\u00f3n, visite <a href=\"https:\/\/www.aceforwildlife.org\/home\" target=\"_blank\" rel=\"noreferrer noopener\">el sitio web de nuestra Red<\/a> o escr\u00edbanos a <a href=\"mailto:empathy@zoo.org\">empathy@zoo.org<\/a> .  <\/p>\n\n<h3 class=\"wp-block-heading\">Programa de subvenciones para el fomento de la empat\u00eda<\/h3>\n\n<p>El zool\u00f3gico Woodland Park gestiona un programa de subvenciones para apoyar a los zool\u00f3gicos y acuarios acreditados por la AZA en el fortalecimiento y la expansi\u00f3n de pr\u00e1cticas que fomenten la empat\u00eda hacia los animales y la vida silvestre. Lanzado en 2019 como parte de la Iniciativa para el Fomento de la Empat\u00eda del zool\u00f3gico, el programa comenz\u00f3 en siete estados y en 2025 se ampli\u00f3 a organizaciones seleccionadas con sede en EE. UU. que participan activamente en la Red ACE for Wildlife.<br\/><br\/> Los beneficiarios fortalecen la capacidad del personal y los voluntarios; incorporan la empat\u00eda en la planificaci\u00f3n, el curr\u00edculo y la capacitaci\u00f3n; crean o mejoran espacios de exhibici\u00f3n, se\u00f1alizaci\u00f3n, programas de animales embajadores y espacios de juego; colaboran con las comunidades para dise\u00f1ar programas y mejorar el acceso; y comparten sus aprendizajes a trav\u00e9s de la Red ACE for Wildlife para ampliar el impacto en todo el sector.<br\/><br\/> Para obtener m\u00e1s informaci\u00f3n, env\u00edenos un correo electr\u00f3nico a <a href=\"mailto:empathygrants@zoo.org\">empathygrants@zoo.org<\/a> . <\/p>\n\n<h4 class=\"wp-block-heading\">Anuncios de subvenciones anteriores<\/h4>\n\n<p><a href=\"https:\/\/zoo.org\/wp-content\/uploads\/2025\/12\/Empathy-Grants_WPZ_2021_R1.pdf\" target=\"_blank\" rel=\"noreferrer noopener\">Conozca m\u00e1s sobre los proyectos en la primera ronda de financiaci\u00f3n<\/a><br\/> <a href=\"https:\/\/zoo.org\/wp-content\/uploads\/2025\/12\/Empathy-Grants_Cycle2_PR_WPZ.pdf\" target=\"_blank\" rel=\"noreferrer noopener\">Conozca m\u00e1s sobre los proyectos en la segunda ronda de financiaci\u00f3n<\/a><br\/> <a href=\"https:\/\/zoo.org\/wp-content\/uploads\/2025\/12\/Empathy-Grants_Cycle3_PR_WPZ-V2.pdf\" target=\"_blank\" rel=\"noreferrer noopener\">Conozca m\u00e1s sobre los proyectos en la tercera ronda de financiaci\u00f3n<\/a><br\/> <a href=\"https:\/\/zoo.org\/wp-content\/uploads\/2025\/12\/Empathy-Grants_Round4_PR_WPZ.pdf\" target=\"_blank\" rel=\"noreferrer noopener\">Conozca m\u00e1s sobre los proyectos en la cuarta ronda de financiaci\u00f3n<\/a><br\/> <a href=\"https:\/\/www.zoo.org\/document.doc?id=3380\" target=\"_blank\" rel=\"noreferrer noopener\">Conozca m\u00e1s sobre los proyectos en la quinta ronda de financiaci\u00f3n<\/a><\/p>\n\n<div class=\"wp-block-group alignfull divider is-layout-constrained wp-block-group-is-layout-constrained\">\n<h2 class=\"wp-block-heading alignfull has-text-align-center\">Recursos<\/h2>\n<\/div>\n\n<div class=\"wp-block-columns is-layout-flex wp-container-core-columns-is-layout-bd8107d2 wp-block-columns-is-layout-flex\" style=\"margin-top:2.5em;margin-bottom:2.5em\">\n<div class=\"wp-block-column has-palette-color-17-background-color has-background is-layout-flow wp-container-core-column-is-layout-492b06a7 wp-block-column-is-layout-flow\" style=\"padding-top:25px;padding-right:25px;padding-bottom:25px;padding-left:25px\">\n<h4 class=\"wp-block-heading\" style=\"margin-bottom:1em\"><a href=\"https:\/\/introduction.aceforwildlife.org\/\" target=\"_blank\" rel=\"noreferrer noopener\">Introducci\u00f3n a la empat\u00eda<\/a><\/h4>\n\n\n\n<p style=\"margin-bottom:1em\">Obtenga m\u00e1s informaci\u00f3n sobre los argumentos a favor de la empat\u00eda y obtenga una introducci\u00f3n a las pr\u00e1cticas de empat\u00eda.<\/p>\n<\/div>\n\n\n\n<div class=\"wp-block-column has-palette-color-17-background-color has-background is-layout-flow wp-container-core-column-is-layout-492b06a7 wp-block-column-is-layout-flow\" style=\"padding-top:25px;padding-right:25px;padding-bottom:25px;padding-left:25px\">\n<h4 class=\"wp-block-heading\" style=\"margin-bottom:1em\"><a href=\"https:\/\/zoo.org\/wp-content\/uploads\/2025\/09\/Empathy-Wheel-Handout-2024.pdf\" target=\"_blank\" rel=\"noreferrer noopener\">Rueda de la empat\u00eda<\/a><\/h4>\n\n\n\n<p style=\"margin-bottom:1em\">Descubra c\u00f3mo atraer a los visitantes del zool\u00f3gico y del acuario utilizando los recursos del Woodland Park Zoo.<\/p>\n<\/div>\n\n\n\n<div class=\"wp-block-column has-palette-color-17-background-color has-background is-layout-flow wp-container-core-column-is-layout-492b06a7 wp-block-column-is-layout-flow\" style=\"padding-top:25px;padding-right:25px;padding-bottom:25px;padding-left:25px\">\n<h4 class=\"wp-block-heading\" style=\"margin-bottom:1em\"><a href=\"https:\/\/informalscience.org\/project\/measuring-empathy-collaborative-assessment-project\/\" target=\"_blank\" rel=\"noreferrer noopener\">Medir la empat\u00eda<\/a><\/h4>\n\n\n\n<p style=\"margin-bottom:1em\">Lea sobre nuestro proyecto de evaluaci\u00f3n colaborativa de dos a\u00f1os con Point Defiance Zoo &amp; Aquarium y Seattle Aquarium para evaluar el impacto de los programas de empat\u00eda.<\/p>\n<\/div>\n<\/div>\n\n<div class=\"wp-block-columns is-layout-flex wp-container-core-columns-is-layout-bd8107d2 wp-block-columns-is-layout-flex\" style=\"margin-top:2.5em;margin-bottom:2.5em\">\n<div class=\"wp-block-column has-palette-color-17-background-color has-background is-layout-flow wp-container-core-column-is-layout-492b06a7 wp-block-column-is-layout-flow\" style=\"padding-top:25px;padding-right:25px;padding-bottom:25px;padding-left:25px\">\n<h4 class=\"wp-block-heading\" style=\"margin-bottom:1em\"><a href=\"https:\/\/www.aceforwildlife.org\/resource\/best-practices-in-developing-empathy-toward-wildlife\/\" target=\"_blank\" rel=\"noreferrer noopener\">Mejores pr\u00e1cticas<\/a><\/h4>\n\n\n\n<p style=\"margin-bottom:1em\">Lea sobre las mejores pr\u00e1cticas para promover el desarrollo de la empat\u00eda hacia la vida silvestre, escrito por el Acuario de Seattle durante un proyecto colaborativo de dos a\u00f1os.<\/p>\n<\/div>\n\n\n\n<div class=\"wp-block-column has-palette-color-17-background-color has-background is-layout-flow wp-container-core-column-is-layout-492b06a7 wp-block-column-is-layout-flow\" style=\"padding-top:25px;padding-right:25px;padding-bottom:25px;padding-left:25px\">\n<h4 class=\"wp-block-heading\" style=\"margin-bottom:1em\"><a href=\"https:\/\/www.aza.org\/connect-stories\/stories\/rethinking-anthropomorphism\" target=\"_blank\" rel=\"noreferrer noopener\">Repensando el antropomorfismo<\/a><\/h4>\n\n\n\n<p style=\"margin-bottom:1em\">Obtenga m\u00e1s informaci\u00f3n sobre el uso del antropomorfismo cr\u00edtico para conectar a las personas con los animales de maneras cient\u00edficamente precisas y accesibles.<\/p>\n<\/div>\n\n\n\n<div class=\"wp-block-column is-layout-flow wp-container-core-column-is-layout-492b06a7 wp-block-column-is-layout-flow\" style=\"padding-top:25px;padding-right:25px;padding-bottom:25px;padding-left:25px\"><\/div>\n<\/div>\n","protected":false},"excerpt":{"rendered":"<p>EMPAT\u00cdA POR LA VIDA SILVESTRE Sentir empat\u00eda puede ayudarnos a transformar nuestro cuidado y preocupaci\u00f3n por los animales en oportunidades para acciones de conservaci\u00f3n. INSPIRANDO ACCIONES DE CONSERVACI\u00d3N Fomentando la [&hellip;]<\/p>\n","protected":false},"author":1,"featured_media":0,"parent":0,"menu_order":0,"comment_status":"closed","ping_status":"closed","template":"","meta":{"_acf_changed":false,"_kad_blocks_custom_css":"","_kad_blocks_head_custom_js":"","_kad_blocks_body_custom_js":"","_kad_blocks_footer_custom_js":"","footnotes":""},"class_list":["post-12556","page","type-page","status-publish","hentry"],"blocksy_meta":[],"acf":[],"yoast_head":"<!-- This site is optimized with the Yoast SEO plugin v27.4 - https:\/\/yoast.com\/product\/yoast-seo-wordpress\/ -->\n<title>-<\/title>\n<meta name=\"description\" content=\"Sentir empat\u00eda puede ayudarnos a transformar nuestro cuidado y preocupaci\u00f3n por los animales en oportunidades para acciones de conservaci\u00f3n.\" \/>\n<meta name=\"robots\" content=\"index, follow, max-snippet:-1, max-image-preview:large, max-video-preview:-1\" \/>\n<link rel=\"canonical\" href=\"https:\/\/zoo.org\/es\/empatia-por-la-vida-silvestre\/\" \/>\n<meta property=\"og:locale\" content=\"es_ES\" \/>\n<meta property=\"og:type\" content=\"article\" \/>\n<meta property=\"og:title\" content=\"-\" \/>\n<meta property=\"og:description\" content=\"Sentir empat\u00eda puede ayudarnos a transformar nuestro cuidado y preocupaci\u00f3n por los animales en oportunidades para acciones de conservaci\u00f3n.\" \/>\n<meta property=\"og:url\" content=\"https:\/\/zoo.org\/es\/empatia-por-la-vida-silvestre\/\" \/>\n<meta property=\"og:site_name\" content=\"Zool\u00f3gico Woodland Park\" \/>\n<meta property=\"article:modified_time\" content=\"2026-03-24T19:11:49+00:00\" \/>\n<meta property=\"og:image\" content=\"https:\/\/zoo.org\/wp-content\/uploads\/2025\/08\/Support-Header-Image2.jpg?wsr\" \/>\n\t<meta property=\"og:image:width\" content=\"1920\" \/>\n\t<meta property=\"og:image:height\" content=\"400\" \/>\n\t<meta property=\"og:image:type\" content=\"image\/jpeg\" \/>\n<meta name=\"twitter:card\" content=\"summary_large_image\" \/>\n<script type=\"application\/ld+json\" class=\"yoast-schema-graph\">{\"@context\":\"https:\\\/\\\/schema.org\",\"@graph\":[{\"@type\":\"WebPage\",\"@id\":\"https:\\\/\\\/zoo.org\\\/es\\\/empatia-por-la-vida-silvestre\\\/\",\"url\":\"https:\\\/\\\/zoo.org\\\/es\\\/empatia-por-la-vida-silvestre\\\/\",\"name\":\"-\",\"isPartOf\":{\"@id\":\"https:\\\/\\\/zoo.org\\\/es\\\/#website\"},\"primaryImageOfPage\":{\"@id\":\"https:\\\/\\\/zoo.org\\\/es\\\/empatia-por-la-vida-silvestre\\\/#primaryimage\"},\"image\":{\"@id\":\"https:\\\/\\\/zoo.org\\\/es\\\/empatia-por-la-vida-silvestre\\\/#primaryimage\"},\"thumbnailUrl\":\"https:\\\/\\\/zoo.org\\\/wp-content\\\/uploads\\\/2025\\\/08\\\/Support-Header-Image2.jpg\",\"datePublished\":\"2026-03-24T18:10:04+00:00\",\"dateModified\":\"2026-03-24T19:11:49+00:00\",\"description\":\"Sentir empat\u00eda puede ayudarnos a transformar nuestro cuidado y preocupaci\u00f3n por los animales en oportunidades para acciones de conservaci\u00f3n.\",\"breadcrumb\":{\"@id\":\"https:\\\/\\\/zoo.org\\\/es\\\/empatia-por-la-vida-silvestre\\\/#breadcrumb\"},\"inLanguage\":\"es\",\"potentialAction\":[{\"@type\":\"ReadAction\",\"target\":[\"https:\\\/\\\/zoo.org\\\/es\\\/empatia-por-la-vida-silvestre\\\/\"]}]},{\"@type\":\"ImageObject\",\"inLanguage\":\"es\",\"@id\":\"https:\\\/\\\/zoo.org\\\/es\\\/empatia-por-la-vida-silvestre\\\/#primaryimage\",\"url\":\"https:\\\/\\\/zoo.org\\\/wp-content\\\/uploads\\\/2025\\\/08\\\/Support-Header-Image2.jpg\",\"contentUrl\":\"https:\\\/\\\/zoo.org\\\/wp-content\\\/uploads\\\/2025\\\/08\\\/Support-Header-Image2.jpg\"},{\"@type\":\"BreadcrumbList\",\"@id\":\"https:\\\/\\\/zoo.org\\\/es\\\/empatia-por-la-vida-silvestre\\\/#breadcrumb\",\"itemListElement\":[{\"@type\":\"ListItem\",\"position\":1,\"name\":\"Hogar\",\"item\":\"https:\\\/\\\/zoo.org\\\/es\\\/\"},{\"@type\":\"ListItem\",\"position\":2,\"name\":\"Empat\u00eda por la vida silvestre\"}]},{\"@type\":\"WebSite\",\"@id\":\"https:\\\/\\\/zoo.org\\\/es\\\/#website\",\"url\":\"https:\\\/\\\/zoo.org\\\/es\\\/\",\"name\":\"Zool\u00f3gico Woodland Park\",\"description\":\"El Zool\u00f3gico Woodland Park salva la vida silvestre e inspira a todos a hacer de la conservaci\u00f3n una prioridad en sus vidas.\",\"publisher\":{\"@id\":\"https:\\\/\\\/zoo.org\\\/es\\\/#organization\"},\"potentialAction\":[{\"@type\":\"SearchAction\",\"target\":{\"@type\":\"EntryPoint\",\"urlTemplate\":\"https:\\\/\\\/zoo.org\\\/es\\\/?s={search_term_string}\"},\"query-input\":{\"@type\":\"PropertyValueSpecification\",\"valueRequired\":true,\"valueName\":\"search_term_string\"}}],\"inLanguage\":\"es\"},{\"@type\":\"Organization\",\"@id\":\"https:\\\/\\\/zoo.org\\\/es\\\/#organization\",\"name\":\"Zool\u00f3gico Woodland Park\",\"url\":\"https:\\\/\\\/zoo.org\\\/es\\\/\",\"logo\":{\"@type\":\"ImageObject\",\"inLanguage\":\"es\",\"@id\":\"https:\\\/\\\/zoo.org\\\/es\\\/#\\\/schema\\\/logo\\\/image\\\/\",\"url\":\"https:\\\/\\\/zoo.org\\\/wp-content\\\/uploads\\\/2026\\\/01\\\/WPZ-Logo_white-SVG.svg?wsr\",\"contentUrl\":\"https:\\\/\\\/zoo.org\\\/wp-content\\\/uploads\\\/2026\\\/01\\\/WPZ-Logo_white-SVG.svg?wsr\",\"width\":288,\"height\":282,\"caption\":\"Zool\u00f3gico Woodland Park\"},\"image\":{\"@id\":\"https:\\\/\\\/zoo.org\\\/es\\\/#\\\/schema\\\/logo\\\/image\\\/\"}}]}<\/script>\n<!-- \/ Yoast SEO plugin. -->","yoast_head_json":{"title":"-","description":"Sentir empat\u00eda puede ayudarnos a transformar nuestro cuidado y preocupaci\u00f3n por los animales en oportunidades para acciones de conservaci\u00f3n.","robots":{"index":"index","follow":"follow","max-snippet":"max-snippet:-1","max-image-preview":"max-image-preview:large","max-video-preview":"max-video-preview:-1"},"canonical":"https:\/\/zoo.org\/es\/empatia-por-la-vida-silvestre\/","og_locale":"es_ES","og_type":"article","og_title":"-","og_description":"Sentir empat\u00eda puede ayudarnos a transformar nuestro cuidado y preocupaci\u00f3n por los animales en oportunidades para acciones de conservaci\u00f3n.","og_url":"https:\/\/zoo.org\/es\/empatia-por-la-vida-silvestre\/","og_site_name":"Zool\u00f3gico Woodland Park","article_modified_time":"2026-03-24T19:11:49+00:00","og_image":[{"width":1920,"height":400,"url":"https:\/\/zoo.org\/wp-content\/uploads\/2025\/08\/Support-Header-Image2.jpg?wsr","type":"image\/jpeg"}],"twitter_card":"summary_large_image","schema":{"@context":"https:\/\/schema.org","@graph":[{"@type":"WebPage","@id":"https:\/\/zoo.org\/es\/empatia-por-la-vida-silvestre\/","url":"https:\/\/zoo.org\/es\/empatia-por-la-vida-silvestre\/","name":"-","isPartOf":{"@id":"https:\/\/zoo.org\/es\/#website"},"primaryImageOfPage":{"@id":"https:\/\/zoo.org\/es\/empatia-por-la-vida-silvestre\/#primaryimage"},"image":{"@id":"https:\/\/zoo.org\/es\/empatia-por-la-vida-silvestre\/#primaryimage"},"thumbnailUrl":"https:\/\/zoo.org\/wp-content\/uploads\/2025\/08\/Support-Header-Image2.jpg","datePublished":"2026-03-24T18:10:04+00:00","dateModified":"2026-03-24T19:11:49+00:00","description":"Sentir empat\u00eda puede ayudarnos a transformar nuestro cuidado y preocupaci\u00f3n por los animales en oportunidades para acciones de conservaci\u00f3n.","breadcrumb":{"@id":"https:\/\/zoo.org\/es\/empatia-por-la-vida-silvestre\/#breadcrumb"},"inLanguage":"es","potentialAction":[{"@type":"ReadAction","target":["https:\/\/zoo.org\/es\/empatia-por-la-vida-silvestre\/"]}]},{"@type":"ImageObject","inLanguage":"es","@id":"https:\/\/zoo.org\/es\/empatia-por-la-vida-silvestre\/#primaryimage","url":"https:\/\/zoo.org\/wp-content\/uploads\/2025\/08\/Support-Header-Image2.jpg","contentUrl":"https:\/\/zoo.org\/wp-content\/uploads\/2025\/08\/Support-Header-Image2.jpg"},{"@type":"BreadcrumbList","@id":"https:\/\/zoo.org\/es\/empatia-por-la-vida-silvestre\/#breadcrumb","itemListElement":[{"@type":"ListItem","position":1,"name":"Hogar","item":"https:\/\/zoo.org\/es\/"},{"@type":"ListItem","position":2,"name":"Empat\u00eda por la vida silvestre"}]},{"@type":"WebSite","@id":"https:\/\/zoo.org\/es\/#website","url":"https:\/\/zoo.org\/es\/","name":"Zool\u00f3gico Woodland Park","description":"El Zool\u00f3gico Woodland Park salva la vida silvestre e inspira a todos a hacer de la conservaci\u00f3n una prioridad en sus vidas.","publisher":{"@id":"https:\/\/zoo.org\/es\/#organization"},"potentialAction":[{"@type":"SearchAction","target":{"@type":"EntryPoint","urlTemplate":"https:\/\/zoo.org\/es\/?s={search_term_string}"},"query-input":{"@type":"PropertyValueSpecification","valueRequired":true,"valueName":"search_term_string"}}],"inLanguage":"es"},{"@type":"Organization","@id":"https:\/\/zoo.org\/es\/#organization","name":"Zool\u00f3gico Woodland Park","url":"https:\/\/zoo.org\/es\/","logo":{"@type":"ImageObject","inLanguage":"es","@id":"https:\/\/zoo.org\/es\/#\/schema\/logo\/image\/","url":"https:\/\/zoo.org\/wp-content\/uploads\/2026\/01\/WPZ-Logo_white-SVG.svg?wsr","contentUrl":"https:\/\/zoo.org\/wp-content\/uploads\/2026\/01\/WPZ-Logo_white-SVG.svg?wsr","width":288,"height":282,"caption":"Zool\u00f3gico Woodland Park"},"image":{"@id":"https:\/\/zoo.org\/es\/#\/schema\/logo\/image\/"}}]}},"taxonomy_info":[],"featured_image_src_large":false,"author_info":{"display_name":"jloughlin","author_link":"https:\/\/zoo.org\/es\/author\/jloughlin\/"},"comment_info":0,"_links":{"self":[{"href":"https:\/\/zoo.org\/es\/wp-json\/wp\/v2\/pages\/12556","targetHints":{"allow":["GET"]}}],"collection":[{"href":"https:\/\/zoo.org\/es\/wp-json\/wp\/v2\/pages"}],"about":[{"href":"https:\/\/zoo.org\/es\/wp-json\/wp\/v2\/types\/page"}],"author":[{"embeddable":true,"href":"https:\/\/zoo.org\/es\/wp-json\/wp\/v2\/users\/1"}],"replies":[{"embeddable":true,"href":"https:\/\/zoo.org\/es\/wp-json\/wp\/v2\/comments?post=12556"}],"version-history":[{"count":0,"href":"https:\/\/zoo.org\/es\/wp-json\/wp\/v2\/pages\/12556\/revisions"}],"wp:attachment":[{"href":"https:\/\/zoo.org\/es\/wp-json\/wp\/v2\/media?parent=12556"}],"curies":[{"name":"wp","href":"https:\/\/api.w.org\/{rel}","templated":true}]}}