{"id":12576,"date":"2025-09-30T15:40:29","date_gmt":"2025-09-30T22:40:29","guid":{"rendered":"https:\/\/zoo.org\/empatia-por-la-vida-silvestre\/colaboraciones-comunitarias\/"},"modified":"2025-12-19T18:21:05","modified_gmt":"2025-12-20T02:21:05","slug":"colaboraciones-comunitarias","status":"publish","type":"page","link":"https:\/\/zoo.org\/es\/empatia-por-la-vida-silvestre\/colaboraciones-comunitarias\/","title":{"rendered":"Colaboraciones comunitarias"},"content":{"rendered":"\n<div class=\"wp-block-cover alignfull is-light hero\" style=\"margin-top:0;margin-bottom:0\"><img loading=\"lazy\" decoding=\"async\" width=\"1920\" height=\"400\" class=\"wp-block-cover__image-background wp-image-3487 size-full\" alt=\"\" src=\"https:\/\/zoo.org\/wp-content\/uploads\/2025\/08\/Support-Header-Image2.jpg\" data-object-fit=\"cover\" srcset=\"https:\/\/zoo.org\/wp-content\/uploads\/2025\/08\/Support-Header-Image2.jpg 1920w, https:\/\/zoo.org\/wp-content\/uploads\/2025\/08\/Support-Header-Image2-300x63.jpg 300w, https:\/\/zoo.org\/wp-content\/uploads\/2025\/08\/Support-Header-Image2-1024x213.jpg 1024w, https:\/\/zoo.org\/wp-content\/uploads\/2025\/08\/Support-Header-Image2-768x160.jpg 768w, https:\/\/zoo.org\/wp-content\/uploads\/2025\/08\/Support-Header-Image2-1536x320.jpg 1536w\" sizes=\"auto, (max-width: 1920px) 100vw, 1920px\" \/><span aria-hidden=\"true\" class=\"wp-block-cover__background has-background-dim-0 has-background-dim\" style=\"background-color:#999692\"><\/span><div class=\"wp-block-cover__inner-container is-layout-constrained wp-block-cover-is-layout-constrained\">\n<p class=\"has-text-align-center has-large-font-size\"><\/p>\n<\/div><\/div>\n\n<div class=\"wp-block-group is-layout-constrained wp-block-group-is-layout-constrained\" style=\"margin-top:2em;margin-bottom:3em\">\n<h1 class=\"wp-block-heading has-text-align-center\" style=\"margin-top:0.65em;margin-bottom:0.275em\">Colaboraciones comunitarias<\/h1>\n\n\n\n<p class=\"has-text-align-center has-palette-color-3-color has-text-color has-link-color wp-elements-30aff9e5669070ff56411d31f33e386a\" style=\"margin-bottom:1em;font-size:clamp(0.984em, 0.984rem + ((1vw - 0.2em) * 0.645), 1.5em);font-style:normal;font-weight:500;line-height:1.5\"><strong>Colaboraci\u00f3n de empat\u00eda<\/strong><\/p>\n<\/div>\n\n<div class=\"wp-block-group alignfull divider is-layout-constrained wp-block-group-is-layout-constrained\">\n<h2 class=\"wp-block-heading alignfull has-text-align-center\">INICIATIVAS<\/h2>\n<\/div>\n\n<p>El <a href=\"https:\/\/zoo.org\/es\/empatia-por-la-vida-silvestre\/\">Colaborativo de Empat\u00eda<\/a> comenz\u00f3 como un proyecto de tres a\u00f1os en colaboraci\u00f3n con las comunidades del sur de Seattle y la Universidad Antioch de Seattle para codise\u00f1ar oportunidades para j\u00f3venes y familias. El prop\u00f3sito de este trabajo continuo es desarrollar una programaci\u00f3n cocreada, culturalmente relevante y centrada en la empat\u00eda, que responda a los intereses y prioridades de la comunidad. Logramos esto mediante el desarrollo de relaciones aut\u00e9nticas y duraderas con las comunidades.  <\/p>\n\n<h3 class=\"wp-block-heading\">Escuchando a la comunidad<\/h3>\n\n<p>En julio de 2021, la Universidad Antioch de Seattle y el Zool\u00f3gico Woodland Park comenzaron a interactuar con la comunidad del sur de Seattle mediante una serie de sesiones de escucha para comprender las prioridades e intereses, las experiencias previas con el zool\u00f3gico y c\u00f3mo deber\u00eda ser una colaboraci\u00f3n significativa entre el zool\u00f3gico y la comunidad. A principios de 2022, l\u00edderes clave y proveedores de servicios participaron en conversaciones facilitadas con el personal del Zool\u00f3gico Woodland Park y la Universidad Antioch de Seattle para explorar c\u00f3mo el zool\u00f3gico puede colaborar significativamente con la comunidad y las organizaciones para apoyar las prioridades identificadas por la comunidad. <\/p>\n\n<ul class=\"wp-block-list\">\n<li>Agosto de 2021: Conversaciones iniciales con l\u00edderes clave<\/li>\n\n\n\n<li>Agosto de 2021 \u2013 Encuesta abierta<\/li>\n\n\n\n<li>Octubre de 2021-abril de 2022 \u2013 Sesiones de escucha comunitaria\n<ul class=\"wp-block-list\">\n<li>3 entrevistas de escucha comunitaria<\/li>\n\n\n\n<li>9 sesiones de escucha comunitaria<\/li>\n\n\n\n<li>Participaron 51 residentes de la comunidad<\/li>\n\n\n\n<li>13 j\u00f3venes participaron<\/li>\n<\/ul>\n<\/li>\n\n\n\n<li>Abril de 2022 \u2013 Sesiones de escucha para proveedores de servicios\n<ul class=\"wp-block-list\">\n<li>5 conversaciones con l\u00edderes clave<\/li>\n\n\n\n<li>4 sesiones de escucha para proveedores de servicios<\/li>\n\n\n\n<li>Participaron 57 proveedores de servicios y l\u00edderes clave<\/li>\n<\/ul>\n<\/li>\n\n\n\n<li>Abril de 2022 \u2013 Encuestas cerradas\n<ul class=\"wp-block-list\">\n<li>66 participantes de la encuesta<\/li>\n<\/ul>\n<\/li>\n\n\n\n<li>Mayo de 2022 \u2013 Evento Zoo &amp; You<\/li>\n\n\n\n<li>Junio de 2022-octubre de 2022 \u2013 Compartir con la comunidad<\/li>\n\n\n\n<li>Octubre de 2022-presente: Dise\u00f1o conjunto del programa con socios comunitarios<\/li>\n<\/ul>\n\n<p>Puede leer m\u00e1s sobre lo que escuchamos de nuestra comunidad en nuestro <a href=\"https:\/\/zoo.org\/wp-content\/uploads\/2025\/09\/2023-June-EC-Community-Themes-Flyer.pdf\" target=\"_blank\" rel=\"noreferrer noopener\">folleto de temas comunitarios en ingl\u00e9s<\/a> o en nuestro <a href=\"https:\/\/zoo.org\/wp-content\/uploads\/2025\/09\/2023-June-EC-Community-Themes-Flyer_Spanish.pdf\" target=\"_blank\" rel=\"noreferrer noopener\">folleto de temas comunitarios en espa\u00f1ol<\/a> .<\/p>\n\n<h5 class=\"wp-block-heading has-text-align-center\">Siempre que iba al Zool\u00f3gico Woodland Park, nunca ve\u00eda a nadie que se pareciera a m\u00ed. Creo que eso explica en gran medida esa desconexi\u00f3n.<br\/> (Participante de la sesi\u00f3n de escucha comunitaria, 2021)<\/h5>\n\n<h5 class=\"wp-block-heading has-text-align-center\">\u00ab\u00bfC\u00f3mo ser\u00eda tomar a los ni\u00f1os de esta comunidad y darles acceso a ese tipo de oportunidades para que se conviertan en portavoces, puedan desarrollar sus intereses y compartirlos naturalmente con las personas con las que tienen una relaci\u00f3n?<br\/> (Participante de la Sesi\u00f3n de Escucha Comunitaria, 2021)\u201d<\/h5>\n\n<h3 class=\"wp-block-heading\">Programaci\u00f3n codise\u00f1ada reciente<\/h3>\n\n<p>En el oto\u00f1o de 2022, Empathy Collaborative, en asociaci\u00f3n con Antioch University Seattle, comenz\u00f3 a dise\u00f1ar conjuntamente un programa piloto con 9 socios comunitarios, incluidos <a href=\"https:\/\/www.chamrefugeescommunity.org\/\">Cham Refugee Community Center Seattle<\/a> , <a href=\"https:\/\/www.facebook.com\/CHAMPSRSC\/\">CHAMPS Resource and Service Center<\/a> , <a href=\"https:\/\/www.kajufitclubseattle.com\/\">Kaju Fit Club<\/a> , <a href=\"https:\/\/www.rbcoalition.org\/\">Rainier Beach Action Coalition<\/a> , <a href=\"https:\/\/www.myrvla.org\/\">Rainier Valley Leadership Academy<\/a> , <a href=\"https:\/\/sewardpark.audubon.org\/\">Seward Park Audubon<\/a> , <a href=\"https:\/\/tilthalliance.org\/our-work\/urban-farms-gardens\/rainier-beach-urban-farm-wetlands\/\">Tilth Rainier Beach Urban Farm and Wetland<\/a> , <a href=\"https:\/\/tinytotsdc.org\/\">Tiny Tots<\/a> y <a href=\"https:\/\/www.youthinfocus.org\/\">Youth in Focus<\/a> . La colaboraci\u00f3n dio como resultado un campamento de fotograf\u00eda de naturaleza para adolescentes en el sureste de Seattle durante las vacaciones de mediados de invierno de las Escuelas P\u00fablicas de Seattle (febrero de 2023) llamado Wonder in Nature. Los estudiantes adquirieron habilidades pr\u00e1cticas en fotograf\u00eda digital, se conectaron con expertos en el campo, exploraron la naturaleza y el entorno construido en el sureste de Seattle y crearon una galer\u00eda de su trabajo en el zool\u00f3gico para compartir con amigos y familiares.  <\/p>\n\n<p>El Colaborativo de Empat\u00eda seguir\u00e1 colaborando con organizaciones para desarrollar programas futuros. Para mantenerse informado o participar, env\u00ede un correo electr\u00f3nico <a href=\"mailto:communitycollaborative@zoo.org\">a communitycollaborative@zoo.org.<\/a> <\/p>\n\n<h3 class=\"wp-block-heading\">Asistir a las comunidades del sur de Seattle<\/h3>\n\n<p>En respuesta a los comentarios de la comunidad, el Equipo Colaborativo de Empat\u00eda participa en eventos comunitarios para compartir informaci\u00f3n sobre el proyecto, compartir lo que escuchamos de la comunidad, escuchar sus comentarios, apoyar las iniciativas comunitarias y fortalecer las relaciones. Gracias a esta labor, hemos interactuado y conectado con m\u00e1s de 3000 miembros de la comunidad. Hasta la fecha, el equipo ha participado en:  <\/p>\n\n<ul class=\"wp-block-list\">\n<li>Feria callejera Harvest de Beacon Art<\/li>\n\n\n\n<li>Feria de empleo, universidades y recursos del Centro de recursos y servicios CHAMPS<\/li>\n\n\n\n<li>Mercado de agricultores de Columbia City<\/li>\n\n\n\n<li>Festival del R\u00edo Duwamish de la Coalici\u00f3n para la Limpieza del R\u00edo Duwamish<\/li>\n\n\n\n<li>Festival Internacional del Parque Otelo<\/li>\n\n\n\n<li>Fiesta de regreso a clases de la Coalici\u00f3n de Acci\u00f3n de Rainier Beach<\/li>\n\n\n\n<li>Fiesta de abucheos de la Coalici\u00f3n de Acci\u00f3n de Rainier Beach en la playa<\/li>\n\n\n\n<li>Mercado Othello de Southend Connection<\/li>\n\n\n\n<li>Festival de la granja urbana y humedal de Tilth Rainier Beach<\/li>\n<\/ul>\n\n<p>Para conectarse sobre eventos comunitarios o asociaciones, env\u00ede un correo electr\u00f3nico a communitycollaborative@zoo.org<\/p>\n\n<h3 class=\"wp-block-heading\">Programaci\u00f3n Responsiva<\/h3>\n\n<p>El Colaborativo de Empat\u00eda trabaja para abordar activamente lo que escuchamos durante las sesiones de escucha y los eventos comunitarios. Las siguientes acciones son algunos puntos destacados de la programaci\u00f3n adaptativa: <\/p>\n\n<ul class=\"wp-block-list\">\n<li>Primavera de 2022: Se realiz\u00f3 una sesi\u00f3n de escucha con j\u00f3venes de la escuela secundaria, as\u00ed como una sesi\u00f3n de escucha en espa\u00f1ol.<\/li>\n\n\n\n<li>Primavera de 2022: Se tradujeron los materiales de participaci\u00f3n para el <a href=\"https:\/\/zoo.org\/es\/salvando-la-vida-silvestre\/desafio-de-la-naturaleza-urbana\/\">Desaf\u00edo Anual de Naturaleza Urbana<\/a> del zool\u00f3gico al chino, ruso, somal\u00ed, espa\u00f1ol y vietnamita.<\/li>\n\n\n\n<li>Verano de 2022: pasantes del programa <a href=\"https:\/\/www.king5.com\/video\/news\/local\/seattle\/beacon-hill-community-farm-visits-woodland-park-zoo\/281-608ff697-3b96-414f-8a78-61be9f588754\">Know Your Roots de Nurturing Roots Farm organizados<\/a> en el zool\u00f3gico con un recorrido detr\u00e1s de escena por el patio de compost de Zoo Doo y la alimentaci\u00f3n de una jirafa.<\/li>\n\n\n\n<li>Verano de 2022: <a href=\"https:\/\/www.instagram.com\/p\/ChF0sSrPa44\/?hl=en\">D\u00eda de agradecimiento a los voluntarios<\/a> de Nurturing Roots Farm organizado conjuntamente con distribuci\u00f3n de abono Zoo Doo, actividades familiares, juegos y comida.<\/li>\n\n\n\n<li>Primavera-verano 2023: Se organiz\u00f3 una serie de reuniones de salidas a la naturaleza para construir conexiones con la naturaleza y la comunidad.<\/li>\n<\/ul>\n","protected":false},"excerpt":{"rendered":"<p>Colaboraciones comunitarias Colaboraci\u00f3n de empat\u00eda INICIATIVAS El Colaborativo de Empat\u00eda comenz\u00f3 como un proyecto de tres a\u00f1os en colaboraci\u00f3n con las comunidades del sur de Seattle y la Universidad Antioch [&hellip;]<\/p>\n","protected":false},"author":1,"featured_media":0,"parent":12556,"menu_order":0,"comment_status":"closed","ping_status":"closed","template":"","meta":{"_acf_changed":false,"_kad_blocks_custom_css":"","_kad_blocks_head_custom_js":"","_kad_blocks_body_custom_js":"","_kad_blocks_footer_custom_js":"","footnotes":""},"class_list":["post-12576","page","type-page","status-publish","hentry"],"blocksy_meta":[],"acf":[],"yoast_head":"<!-- This site is optimized with the Yoast SEO plugin v27.4 - https:\/\/yoast.com\/product\/yoast-seo-wordpress\/ -->\n<title>-<\/title>\n<meta name=\"robots\" content=\"index, follow, max-snippet:-1, max-image-preview:large, max-video-preview:-1\" \/>\n<link rel=\"canonical\" href=\"https:\/\/zoo.org\/es\/empatia-por-la-vida-silvestre\/colaboraciones-comunitarias\/\" \/>\n<meta property=\"og:locale\" content=\"es_ES\" \/>\n<meta property=\"og:type\" content=\"article\" \/>\n<meta property=\"og:title\" content=\"-\" \/>\n<meta property=\"og:description\" content=\"Colaboraciones comunitarias Colaboraci\u00f3n de empat\u00eda INICIATIVAS El Colaborativo de Empat\u00eda comenz\u00f3 como un proyecto de tres a\u00f1os en colaboraci\u00f3n con las comunidades del sur de Seattle y la Universidad Antioch [&hellip;]\" \/>\n<meta property=\"og:url\" content=\"https:\/\/zoo.org\/es\/empatia-por-la-vida-silvestre\/colaboraciones-comunitarias\/\" \/>\n<meta property=\"og:site_name\" content=\"Zool\u00f3gico Woodland Park\" \/>\n<meta property=\"article:modified_time\" content=\"2025-12-20T02:21:05+00:00\" \/>\n<meta property=\"og:image\" content=\"https:\/\/zoo.org\/wp-content\/uploads\/2025\/08\/Support-Header-Image2.jpg?wsr\" \/>\n\t<meta property=\"og:image:width\" content=\"1920\" \/>\n\t<meta property=\"og:image:height\" content=\"400\" \/>\n\t<meta property=\"og:image:type\" content=\"image\/jpeg\" \/>\n<meta name=\"twitter:card\" content=\"summary_large_image\" \/>\n<script type=\"application\/ld+json\" class=\"yoast-schema-graph\">{\"@context\":\"https:\\\/\\\/schema.org\",\"@graph\":[{\"@type\":\"WebPage\",\"@id\":\"https:\\\/\\\/zoo.org\\\/es\\\/empatia-por-la-vida-silvestre\\\/colaboraciones-comunitarias\\\/\",\"url\":\"https:\\\/\\\/zoo.org\\\/es\\\/empatia-por-la-vida-silvestre\\\/colaboraciones-comunitarias\\\/\",\"name\":\"-\",\"isPartOf\":{\"@id\":\"https:\\\/\\\/zoo.org\\\/es\\\/#website\"},\"primaryImageOfPage\":{\"@id\":\"https:\\\/\\\/zoo.org\\\/es\\\/empatia-por-la-vida-silvestre\\\/colaboraciones-comunitarias\\\/#primaryimage\"},\"image\":{\"@id\":\"https:\\\/\\\/zoo.org\\\/es\\\/empatia-por-la-vida-silvestre\\\/colaboraciones-comunitarias\\\/#primaryimage\"},\"thumbnailUrl\":\"https:\\\/\\\/zoo.org\\\/wp-content\\\/uploads\\\/2025\\\/08\\\/Support-Header-Image2.jpg\",\"datePublished\":\"2025-09-30T22:40:29+00:00\",\"dateModified\":\"2025-12-20T02:21:05+00:00\",\"breadcrumb\":{\"@id\":\"https:\\\/\\\/zoo.org\\\/es\\\/empatia-por-la-vida-silvestre\\\/colaboraciones-comunitarias\\\/#breadcrumb\"},\"inLanguage\":\"es\",\"potentialAction\":[{\"@type\":\"ReadAction\",\"target\":[\"https:\\\/\\\/zoo.org\\\/es\\\/empatia-por-la-vida-silvestre\\\/colaboraciones-comunitarias\\\/\"]}]},{\"@type\":\"ImageObject\",\"inLanguage\":\"es\",\"@id\":\"https:\\\/\\\/zoo.org\\\/es\\\/empatia-por-la-vida-silvestre\\\/colaboraciones-comunitarias\\\/#primaryimage\",\"url\":\"https:\\\/\\\/zoo.org\\\/wp-content\\\/uploads\\\/2025\\\/08\\\/Support-Header-Image2.jpg\",\"contentUrl\":\"https:\\\/\\\/zoo.org\\\/wp-content\\\/uploads\\\/2025\\\/08\\\/Support-Header-Image2.jpg\"},{\"@type\":\"BreadcrumbList\",\"@id\":\"https:\\\/\\\/zoo.org\\\/es\\\/empatia-por-la-vida-silvestre\\\/colaboraciones-comunitarias\\\/#breadcrumb\",\"itemListElement\":[{\"@type\":\"ListItem\",\"position\":1,\"name\":\"Hogar\",\"item\":\"https:\\\/\\\/zoo.org\\\/es\\\/\"},{\"@type\":\"ListItem\",\"position\":2,\"name\":\"Empat\u00eda por la vida silvestre\",\"item\":\"https:\\\/\\\/zoo.org\\\/es\\\/empatia-por-la-vida-silvestre\\\/\"},{\"@type\":\"ListItem\",\"position\":3,\"name\":\"Colaboraciones comunitarias\"}]},{\"@type\":\"WebSite\",\"@id\":\"https:\\\/\\\/zoo.org\\\/es\\\/#website\",\"url\":\"https:\\\/\\\/zoo.org\\\/es\\\/\",\"name\":\"Zool\u00f3gico Woodland Park\",\"description\":\"El Zool\u00f3gico Woodland Park salva la vida silvestre e inspira a todos a hacer de la conservaci\u00f3n una prioridad en sus vidas.\",\"publisher\":{\"@id\":\"https:\\\/\\\/zoo.org\\\/es\\\/#organization\"},\"potentialAction\":[{\"@type\":\"SearchAction\",\"target\":{\"@type\":\"EntryPoint\",\"urlTemplate\":\"https:\\\/\\\/zoo.org\\\/es\\\/?s={search_term_string}\"},\"query-input\":{\"@type\":\"PropertyValueSpecification\",\"valueRequired\":true,\"valueName\":\"search_term_string\"}}],\"inLanguage\":\"es\"},{\"@type\":\"Organization\",\"@id\":\"https:\\\/\\\/zoo.org\\\/es\\\/#organization\",\"name\":\"Zool\u00f3gico Woodland Park\",\"url\":\"https:\\\/\\\/zoo.org\\\/es\\\/\",\"logo\":{\"@type\":\"ImageObject\",\"inLanguage\":\"es\",\"@id\":\"https:\\\/\\\/zoo.org\\\/es\\\/#\\\/schema\\\/logo\\\/image\\\/\",\"url\":\"https:\\\/\\\/zoo.org\\\/wp-content\\\/uploads\\\/2026\\\/01\\\/WPZ-Logo_white-SVG.svg?wsr\",\"contentUrl\":\"https:\\\/\\\/zoo.org\\\/wp-content\\\/uploads\\\/2026\\\/01\\\/WPZ-Logo_white-SVG.svg?wsr\",\"width\":288,\"height\":282,\"caption\":\"Zool\u00f3gico Woodland Park\"},\"image\":{\"@id\":\"https:\\\/\\\/zoo.org\\\/es\\\/#\\\/schema\\\/logo\\\/image\\\/\"}}]}<\/script>\n<!-- \/ Yoast SEO plugin. -->","yoast_head_json":{"title":"-","robots":{"index":"index","follow":"follow","max-snippet":"max-snippet:-1","max-image-preview":"max-image-preview:large","max-video-preview":"max-video-preview:-1"},"canonical":"https:\/\/zoo.org\/es\/empatia-por-la-vida-silvestre\/colaboraciones-comunitarias\/","og_locale":"es_ES","og_type":"article","og_title":"-","og_description":"Colaboraciones comunitarias Colaboraci\u00f3n de empat\u00eda INICIATIVAS El Colaborativo de Empat\u00eda comenz\u00f3 como un proyecto de tres a\u00f1os en colaboraci\u00f3n con las comunidades del sur de Seattle y la Universidad Antioch [&hellip;]","og_url":"https:\/\/zoo.org\/es\/empatia-por-la-vida-silvestre\/colaboraciones-comunitarias\/","og_site_name":"Zool\u00f3gico Woodland Park","article_modified_time":"2025-12-20T02:21:05+00:00","og_image":[{"width":1920,"height":400,"url":"https:\/\/zoo.org\/wp-content\/uploads\/2025\/08\/Support-Header-Image2.jpg?wsr","type":"image\/jpeg"}],"twitter_card":"summary_large_image","schema":{"@context":"https:\/\/schema.org","@graph":[{"@type":"WebPage","@id":"https:\/\/zoo.org\/es\/empatia-por-la-vida-silvestre\/colaboraciones-comunitarias\/","url":"https:\/\/zoo.org\/es\/empatia-por-la-vida-silvestre\/colaboraciones-comunitarias\/","name":"-","isPartOf":{"@id":"https:\/\/zoo.org\/es\/#website"},"primaryImageOfPage":{"@id":"https:\/\/zoo.org\/es\/empatia-por-la-vida-silvestre\/colaboraciones-comunitarias\/#primaryimage"},"image":{"@id":"https:\/\/zoo.org\/es\/empatia-por-la-vida-silvestre\/colaboraciones-comunitarias\/#primaryimage"},"thumbnailUrl":"https:\/\/zoo.org\/wp-content\/uploads\/2025\/08\/Support-Header-Image2.jpg","datePublished":"2025-09-30T22:40:29+00:00","dateModified":"2025-12-20T02:21:05+00:00","breadcrumb":{"@id":"https:\/\/zoo.org\/es\/empatia-por-la-vida-silvestre\/colaboraciones-comunitarias\/#breadcrumb"},"inLanguage":"es","potentialAction":[{"@type":"ReadAction","target":["https:\/\/zoo.org\/es\/empatia-por-la-vida-silvestre\/colaboraciones-comunitarias\/"]}]},{"@type":"ImageObject","inLanguage":"es","@id":"https:\/\/zoo.org\/es\/empatia-por-la-vida-silvestre\/colaboraciones-comunitarias\/#primaryimage","url":"https:\/\/zoo.org\/wp-content\/uploads\/2025\/08\/Support-Header-Image2.jpg","contentUrl":"https:\/\/zoo.org\/wp-content\/uploads\/2025\/08\/Support-Header-Image2.jpg"},{"@type":"BreadcrumbList","@id":"https:\/\/zoo.org\/es\/empatia-por-la-vida-silvestre\/colaboraciones-comunitarias\/#breadcrumb","itemListElement":[{"@type":"ListItem","position":1,"name":"Hogar","item":"https:\/\/zoo.org\/es\/"},{"@type":"ListItem","position":2,"name":"Empat\u00eda por la vida silvestre","item":"https:\/\/zoo.org\/es\/empatia-por-la-vida-silvestre\/"},{"@type":"ListItem","position":3,"name":"Colaboraciones comunitarias"}]},{"@type":"WebSite","@id":"https:\/\/zoo.org\/es\/#website","url":"https:\/\/zoo.org\/es\/","name":"Zool\u00f3gico Woodland Park","description":"El Zool\u00f3gico Woodland Park salva la vida silvestre e inspira a todos a hacer de la conservaci\u00f3n una prioridad en sus vidas.","publisher":{"@id":"https:\/\/zoo.org\/es\/#organization"},"potentialAction":[{"@type":"SearchAction","target":{"@type":"EntryPoint","urlTemplate":"https:\/\/zoo.org\/es\/?s={search_term_string}"},"query-input":{"@type":"PropertyValueSpecification","valueRequired":true,"valueName":"search_term_string"}}],"inLanguage":"es"},{"@type":"Organization","@id":"https:\/\/zoo.org\/es\/#organization","name":"Zool\u00f3gico Woodland Park","url":"https:\/\/zoo.org\/es\/","logo":{"@type":"ImageObject","inLanguage":"es","@id":"https:\/\/zoo.org\/es\/#\/schema\/logo\/image\/","url":"https:\/\/zoo.org\/wp-content\/uploads\/2026\/01\/WPZ-Logo_white-SVG.svg?wsr","contentUrl":"https:\/\/zoo.org\/wp-content\/uploads\/2026\/01\/WPZ-Logo_white-SVG.svg?wsr","width":288,"height":282,"caption":"Zool\u00f3gico Woodland Park"},"image":{"@id":"https:\/\/zoo.org\/es\/#\/schema\/logo\/image\/"}}]}},"taxonomy_info":[],"featured_image_src_large":false,"author_info":{"display_name":"jloughlin","author_link":"https:\/\/zoo.org\/es\/author\/jloughlin\/"},"comment_info":0,"_links":{"self":[{"href":"https:\/\/zoo.org\/es\/wp-json\/wp\/v2\/pages\/12576","targetHints":{"allow":["GET"]}}],"collection":[{"href":"https:\/\/zoo.org\/es\/wp-json\/wp\/v2\/pages"}],"about":[{"href":"https:\/\/zoo.org\/es\/wp-json\/wp\/v2\/types\/page"}],"author":[{"embeddable":true,"href":"https:\/\/zoo.org\/es\/wp-json\/wp\/v2\/users\/1"}],"replies":[{"embeddable":true,"href":"https:\/\/zoo.org\/es\/wp-json\/wp\/v2\/comments?post=12576"}],"version-history":[{"count":0,"href":"https:\/\/zoo.org\/es\/wp-json\/wp\/v2\/pages\/12576\/revisions"}],"up":[{"embeddable":true,"href":"https:\/\/zoo.org\/es\/wp-json\/wp\/v2\/pages\/12556"}],"wp:attachment":[{"href":"https:\/\/zoo.org\/es\/wp-json\/wp\/v2\/media?parent=12576"}],"curies":[{"name":"wp","href":"https:\/\/api.w.org\/{rel}","templated":true}]}}