{"id":12598,"date":"2025-10-01T12:32:20","date_gmt":"2025-10-01T19:32:20","guid":{"rendered":"https:\/\/zoo.org\/recursos-para-la-educacion-en-casa\/"},"modified":"2025-12-19T18:18:05","modified_gmt":"2025-12-20T02:18:05","slug":"recursos-para-la-educacion-en-casa","status":"publish","type":"page","link":"https:\/\/zoo.org\/es\/recursos-para-la-educacion-en-casa\/","title":{"rendered":"Recursos para la educaci\u00f3n en casa"},"content":{"rendered":"\n<div class=\"wp-block-cover alignfull is-light hero\" style=\"margin-top:0;margin-bottom:0\"><img loading=\"lazy\" decoding=\"async\" width=\"1920\" height=\"400\" class=\"wp-block-cover__image-background wp-image-3487 size-full\" alt=\"\" src=\"https:\/\/zoo.org\/wp-content\/uploads\/2025\/08\/Support-Header-Image2.jpg\" data-object-fit=\"cover\" srcset=\"https:\/\/zoo.org\/wp-content\/uploads\/2025\/08\/Support-Header-Image2.jpg 1920w, https:\/\/zoo.org\/wp-content\/uploads\/2025\/08\/Support-Header-Image2-300x63.jpg 300w, https:\/\/zoo.org\/wp-content\/uploads\/2025\/08\/Support-Header-Image2-1024x213.jpg 1024w, https:\/\/zoo.org\/wp-content\/uploads\/2025\/08\/Support-Header-Image2-768x160.jpg 768w, https:\/\/zoo.org\/wp-content\/uploads\/2025\/08\/Support-Header-Image2-1536x320.jpg 1536w\" sizes=\"auto, (max-width: 1920px) 100vw, 1920px\" \/><span aria-hidden=\"true\" class=\"wp-block-cover__background has-background-dim-0 has-background-dim\" style=\"background-color:#999692\"><\/span><div class=\"wp-block-cover__inner-container is-layout-constrained wp-block-cover-is-layout-constrained\">\n<p class=\"has-text-align-center has-large-font-size\"><\/p>\n<\/div><\/div>\n\n<div class=\"wp-block-group is-layout-constrained wp-block-group-is-layout-constrained\" style=\"margin-top:2em;margin-bottom:3em\">\n<h1 class=\"wp-block-heading has-text-align-center\" style=\"margin-top:0.65em;margin-bottom:0.275em\">RECURSOS PARA GRUPOS PEQUE\u00d1OS<\/h1>\n\n\n\n<p class=\"has-text-align-center has-palette-color-3-color has-text-color has-link-color wp-elements-a99467ae0757c27b755bf3dc47c66af5\" style=\"margin-bottom:1em;font-size:clamp(0.984em, 0.984rem + ((1vw - 0.2em) * 0.645), 1.5em);font-style:normal;font-weight:500;line-height:1.5\"><strong>Recursos de educaci\u00f3n en casa e inscripci\u00f3n para d\u00edas de grupos peque\u00f1os<\/strong><\/p>\n<\/div>\n\n<div class=\"wp-block-group alignfull divider is-layout-constrained wp-block-group-is-layout-constrained\">\n<h2 class=\"wp-block-heading alignfull has-text-align-center\">EXCURSIONES DE CAMPO DURANTE TODO EL A\u00d1O<\/h2>\n<\/div>\n\n<h3 class=\"wp-block-heading\">Programaci\u00f3n de su excursi\u00f3n<\/h3>\n\n<p>Cualquier organizaci\u00f3n juvenil o grupo de educaci\u00f3n en casa con 20 o m\u00e1s personas puede reservar una excursi\u00f3n al Zool\u00f3gico Woodland Park en l\u00ednea en <a href=\"https:\/\/zoo.org\/es\/excursiones\/\">www.zoo.org\/fieldtrips.<\/a> Al inscribirse con tres semanas de anticipaci\u00f3n, los grupos de educaci\u00f3n en casa pueden optar a la tarifa reducida de admisi\u00f3n.<br\/><br\/> Consulte nuestra <a href=\"https:\/\/zoo.org\/es\/excursiones\/\">p\u00e1gina de Excursiones<\/a> para obtener una gu\u00eda paso a paso para reservar y prepararse para su visita.<\/p>\n\n<div class=\"wp-block-group alignfull divider is-layout-constrained wp-block-group-is-layout-constrained\">\n<h2 class=\"wp-block-heading alignfull has-text-align-center\">D\u00cdAS PARA GRUPOS PEQUE\u00d1OS<\/h2>\n<\/div>\n\n<h3 class=\"wp-block-heading\">D\u00edas de grupos peque\u00f1os 2025-2026<\/h3>\n\n<p>Los D\u00edas para Grupos Peque\u00f1os garantizan que grupos peque\u00f1os y familias que educan en casa como la suya tengan acceso a los recursos disponibles en las escuelas tradicionales. Durante los D\u00edas para Grupos Peque\u00f1os, no cobramos la tarifa de reserva y cerramos el zool\u00f3gico para grupos de m\u00e1s de 20 personas. <br\/><br\/>La inscripci\u00f3n se abre en un per\u00edodo renovable de 3 meses.<br\/><br\/>Viernes 26 de septiembre<br\/> Viernes 17 de octubre<br\/> Jueves 6 de noviembre<br\/> Viernes 12 de diciembre<br\/> Viernes 23 de enero<br\/> Jueves 19 de febrero<br\/> Viernes 13 de marzo<br\/> Jueves 16 de abril<br\/> Mi\u00e9rcoles 13 de mayo<br\/> Jueves 16 de junio<\/p>\n\n<h4 class=\"wp-block-heading\">Costo<\/h4>\n\n<p>Pagar\u00e1s una tarifa de admisi\u00f3n educativa modificada, sin tarifa de reserva\/inscripci\u00f3n, y habr\u00e1 becas disponibles si es necesario.  <\/p>\n\n<p>Si tiene alguna pregunta o solicitud, comun\u00edquese con <a href=\"mailto:schools@zoo.org\" target=\"_blank\" rel=\"noreferrer noopener\">schools@zoo.org<\/a> .<\/p>\n\n<div class=\"wp-block-group alignfull divider is-layout-constrained wp-block-group-is-layout-constrained\">\n<h2 class=\"wp-block-heading alignfull has-text-align-center\">Proceso de registro<\/h2>\n<\/div>\n\n<div class=\"wp-block-columns is-layout-flex wp-container-core-columns-is-layout-bd8107d2 wp-block-columns-is-layout-flex\" style=\"margin-top:2.5em;margin-bottom:2.5em\">\n<div class=\"wp-block-column has-palette-color-17-background-color has-background is-layout-flow wp-container-core-column-is-layout-c8e01bbe wp-block-column-is-layout-flow\" style=\"padding-top:0px;padding-right:0px;padding-bottom:0px;padding-left:0px\">\n<h3 class=\"wp-block-heading has-text-align-left has-palette-color-2-color has-palette-color-15-background-color has-text-color has-background has-link-color wp-elements-d824bb53434f796bd05c9d2f7339d8d1\" style=\"margin-bottom:0;padding-top:0.75em;padding-right:0.75em;padding-bottom:0.75em;padding-left:0.75em;font-size:clamp(0.875em, 0.875rem + ((1vw - 0.2em) * 0.531), 1.3em);font-style:normal;font-weight:400;letter-spacing:0.07em;text-transform:uppercase\">Paso uno<\/h3>\n\n\n\n<div class=\"wp-block-group is-layout-constrained wp-container-core-group-is-layout-81115059 wp-block-group-is-layout-constrained\" style=\"padding-top:25px;padding-right:25px;padding-bottom:25px;padding-left:25px\">\n<h4 class=\"wp-block-heading\" style=\"margin-bottom:1em\"><strong>\u00a1Elige tu d\u00eda para visitarnos!<\/strong><\/h4>\n\n\n\n<p><strong>Incluido con su entrada al zool\u00f3gico<\/strong><\/p>\n\n\n\n<ul class=\"wp-block-list\">\n<li>Acceso al zool\u00f3gico desde la apertura hasta el cierre.<\/li>\n\n\n\n<li>Una cita de visita sin grandes excursiones escolares<\/li>\n<\/ul>\n<\/div>\n<\/div>\n\n\n\n<div class=\"wp-block-column has-palette-color-17-background-color has-background is-layout-flow wp-container-core-column-is-layout-c8e01bbe wp-block-column-is-layout-flow\" style=\"padding-top:0px;padding-right:0px;padding-bottom:0px;padding-left:0px\">\n<h3 class=\"wp-block-heading has-text-align-left has-palette-color-2-color has-palette-color-15-background-color has-text-color has-background has-link-color wp-elements-22c0e0449ca68ef33d6247cec8a11b4f\" style=\"margin-bottom:0;padding-top:0.75em;padding-right:0.75em;padding-bottom:0.75em;padding-left:0.75em;font-size:clamp(0.875em, 0.875rem + ((1vw - 0.2em) * 0.531), 1.3em);font-style:normal;font-weight:400;letter-spacing:0.07em;text-transform:uppercase\">Paso dos<\/h3>\n\n\n\n<div class=\"wp-block-group is-layout-constrained wp-container-core-group-is-layout-81115059 wp-block-group-is-layout-constrained\" style=\"padding-top:25px;padding-right:25px;padding-bottom:25px;padding-left:25px\">\n<p style=\"margin-bottom:1em\"><strong>Reg\u00edstrese en l\u00ednea  <\/strong><\/p>\n\n\n\n<p>Costo: $13.00 por persona (Los ni\u00f1os de 2 a\u00f1os o menos entran gratis)<\/p>\n\n\n\n<p>Los estudiantes deben estar acompa\u00f1ados en todo momento. Los acompa\u00f1antes tambi\u00e9n deben adquirir un boleto. <\/p>\n\n\n\n<div class=\"wp-block-buttons is-layout-flex wp-block-buttons-is-layout-flex\">\n<div class=\"wp-block-button\"><a class=\"wp-block-button__link wp-element-button\" href=\"https:\/\/tickets.zoo.org\/events\/018dc849-43ce-bd9e-6ecd-2fadf180b078?_gl=1*1jiatzf*_gcl_au*OTAxMDA5NDIuMTc1MjU5NTk2Nw..\" target=\"_blank\" rel=\"noreferrer noopener\"><strong>REG\u00cdSTRATE AQU\u00cd<\/strong><\/a><\/div>\n<\/div>\n<\/div>\n<\/div>\n\n\n\n<div class=\"wp-block-column has-palette-color-17-background-color has-background is-layout-flow wp-container-core-column-is-layout-c8e01bbe wp-block-column-is-layout-flow\" style=\"padding-top:0px;padding-right:0px;padding-bottom:0px;padding-left:0px\">\n<h3 class=\"wp-block-heading has-text-align-left has-palette-color-2-color has-palette-color-15-background-color has-text-color has-background has-link-color wp-elements-c9e040215338804a85e981bcf34b06b3\" style=\"margin-bottom:0;padding-top:0.75em;padding-right:0.75em;padding-bottom:0.75em;padding-left:0.75em;font-size:clamp(0.875em, 0.875rem + ((1vw - 0.2em) * 0.531), 1.3em);font-style:normal;font-weight:400;letter-spacing:0.07em;text-transform:uppercase\">Paso tres<\/h3>\n\n\n\n<div class=\"wp-block-group is-layout-constrained wp-container-core-group-is-layout-81115059 wp-block-group-is-layout-constrained\" style=\"padding-top:25px;padding-right:25px;padding-bottom:25px;padding-left:25px\">\n<p style=\"margin-bottom:1em\"><strong>Explora otras oportunidades y planifica tu d\u00eda:<\/strong><\/p>\n\n\n\n<p><a href=\"https:\/\/discoveryden.zoo.org\/\" target=\"_blank\" rel=\"noreferrer noopener\">Discovery Den<\/a><br\/> <a href=\"https:\/\/zoo.org\/es\/hoy-en-el-zoologico\/\">Hoy en el zool\u00f3gico<\/a><br\/> <a href=\"https:\/\/zoo.org\/es\/mapas-y-alquileres\/\">Mapa<\/a><br\/> <a href=\"https:\/\/zoo.org\/es\/accesibilidad\/\">Informaci\u00f3n de accesibilidad<\/a> <br\/><\/p>\n\n\n\n<p>NOTAS:<\/p>\n\n\n\n<p>Los viernes son viernes sensorialmente amigables en Zoomazium.  <a href=\"https:\/\/zoo.org\/es\/zoomazium\/\">\u00a1Descubre m\u00e1s sobre ello aqu\u00ed!<\/a><\/p>\n<\/div>\n<\/div>\n<\/div>\n\n<h3 class=\"wp-block-heading\">Cont\u00e1ctenos<\/h3>\n\n<p>Si tiene preguntas o necesita ayuda adicional, comun\u00edquese con la oficina de registro en <a href=\"mailto:schools@zoo.org\">schools@zoo.org<\/a> .<\/p>\n\n<div class=\"wp-block-group alignfull divider is-layout-constrained wp-block-group-is-layout-constrained\">\n<h2 class=\"wp-block-heading alignfull has-text-align-center\">Recursos<\/h2>\n<\/div>\n\n<p><a href=\"\/wp-content\/uploads\/2025\/10\/Zoo-Chaperone-Sheet-for-Field-Trips.pdf\" target=\"_blank\" rel=\"noreferrer noopener\">Hoja de acompa\u00f1ante para la visita al zool\u00f3gico<\/a><br\/> <a href=\"\/wp-content\/uploads\/2025\/10\/Field-Trip-Bus-Driver.pdf\" target=\"_blank\" rel=\"noreferrer noopener\">Hoja informativa para conductores de autob\u00fas<\/a><br\/> <a href=\"https:\/\/zoo.org\/es\/mapas-y-alquileres\/\">Mapas<\/a><br\/> <a href=\"https:\/\/map.zoo.org\/\" target=\"_blank\" rel=\"noreferrer noopener\">Programas, Actividades y Mapa Digital<\/a><br\/> <a href=\"https:\/\/zoo.org\/es\/accesibilidad\/\">Accesibilidad en el Zool\u00f3gico<\/a><br\/> <a href=\"\/wp-content\/uploads\/2025\/10\/Field-Trip-Registration-Guidelines.pdf\" target=\"_blank\" rel=\"noreferrer noopener\">Pautas de registro<\/a><\/p>\n\n<h3 class=\"wp-block-heading\"><br\/>Discovery Den<\/h3>\n\n<p>Conecte a sus estudiantes con la vida silvestre y la conservaci\u00f3n antes de que visiten el zool\u00f3gico con Discovery Den, una biblioteca de recursos gratuita creada por educadores, para educadores.<\/p>\n\n<p><strong>En Discovery Den, encontrar\u00e1s recursos como:<\/strong><\/p>\n\n<ul class=\"wp-block-list\">\n<li>Planes de lecciones alineados con los est\u00e1ndares<\/li>\n\n\n\n<li>Conjuntos de datos aut\u00e9nticos<\/li>\n\n\n\n<li>Hojas de actividades imprimibles<\/li>\n\n\n\n<li>V\u00eddeos detr\u00e1s de escena<\/li>\n\n\n\n<li>Conexiones curriculares con excursiones&#8230; \u00a1y m\u00e1s!<\/li>\n<\/ul>\n\n<div class=\"wp-block-buttons is-content-justification-center is-layout-flex wp-container-core-buttons-is-layout-48d0e691 wp-block-buttons-is-layout-flex\" style=\"margin-top:var(--wp--preset--spacing--60);margin-bottom:var(--wp--preset--spacing--60)\">\n<div class=\"wp-block-button\"><a class=\"wp-block-button__link wp-element-button\" href=\"https:\/\/discoveryden.zoo.org\/?_gl=1*jah86h*_gcl_au*OTAxMDA5NDIuMTc1MjU5NTk2Nw..\" target=\"_blank\" rel=\"noreferrer noopener\">Acceda a Discovery Den<\/a><\/div>\n<\/div>\n\n<div class=\"wp-block-group alignfull divider is-layout-constrained wp-block-group-is-layout-constrained\">\n<h2 class=\"wp-block-heading alignfull has-text-align-center\">POL\u00cdTICA DE CANCELACI\u00d3N<\/h2>\n<\/div>\n\n<h3 class=\"wp-block-heading\">Modificaci\u00f3n o cancelaci\u00f3n de inscripciones para el d\u00eda de educaci\u00f3n en casa<\/h3>\n\n<ul class=\"wp-block-list\">\n<li>Para obtener un reembolso completo, las cancelaciones deben realizarse a m\u00e1s tardar 48 horas antes del d\u00eda del evento.  <\/li>\n\n\n\n<li>Env\u00ede un correo electr\u00f3nico <a href=\"mailto:schools@zoo.org\" target=\"_blank\" rel=\"noreferrer noopener\">a schools@zoo.org<\/a> para realizar cualquier solicitud de cancelaci\u00f3n o modificaci\u00f3n.<\/li>\n<\/ul>\n\n<p><\/p>\n","protected":false},"excerpt":{"rendered":"<p>RECURSOS PARA GRUPOS PEQUE\u00d1OS Recursos de educaci\u00f3n en casa e inscripci\u00f3n para d\u00edas de grupos peque\u00f1os EXCURSIONES DE CAMPO DURANTE TODO EL A\u00d1O Programaci\u00f3n de su excursi\u00f3n Cualquier organizaci\u00f3n juvenil [&hellip;]<\/p>\n","protected":false},"author":1,"featured_media":0,"parent":0,"menu_order":0,"comment_status":"closed","ping_status":"closed","template":"","meta":{"_acf_changed":false,"_kad_blocks_custom_css":"","_kad_blocks_head_custom_js":"","_kad_blocks_body_custom_js":"","_kad_blocks_footer_custom_js":"","footnotes":""},"class_list":["post-12598","page","type-page","status-publish","hentry"],"blocksy_meta":[],"acf":[],"yoast_head":"<!-- This site is optimized with the Yoast SEO plugin v27.4 - https:\/\/yoast.com\/product\/yoast-seo-wordpress\/ -->\n<title>-<\/title>\n<meta name=\"description\" content=\"Reserve una excursi\u00f3n al zool\u00f3gico Woodland Park para su grupo de educaci\u00f3n en el hogar.\" \/>\n<meta name=\"robots\" content=\"index, follow, max-snippet:-1, max-image-preview:large, max-video-preview:-1\" \/>\n<link rel=\"canonical\" href=\"https:\/\/zoo.org\/es\/recursos-para-la-educacion-en-casa\/\" \/>\n<meta property=\"og:locale\" content=\"es_ES\" \/>\n<meta property=\"og:type\" content=\"article\" \/>\n<meta property=\"og:title\" content=\"-\" \/>\n<meta property=\"og:description\" content=\"Reserve una excursi\u00f3n al zool\u00f3gico Woodland Park para su grupo de educaci\u00f3n en el hogar.\" \/>\n<meta property=\"og:url\" content=\"https:\/\/zoo.org\/es\/recursos-para-la-educacion-en-casa\/\" \/>\n<meta property=\"og:site_name\" content=\"Zool\u00f3gico Woodland Park\" \/>\n<meta property=\"article:modified_time\" content=\"2025-12-20T02:18:05+00:00\" \/>\n<meta property=\"og:image\" content=\"https:\/\/zoo.org\/wp-content\/uploads\/2025\/08\/Support-Header-Image2.jpg?wsr\" \/>\n\t<meta property=\"og:image:width\" content=\"1920\" \/>\n\t<meta property=\"og:image:height\" content=\"400\" \/>\n\t<meta property=\"og:image:type\" content=\"image\/jpeg\" \/>\n<meta name=\"twitter:card\" content=\"summary_large_image\" \/>\n<script type=\"application\/ld+json\" class=\"yoast-schema-graph\">{\"@context\":\"https:\\\/\\\/schema.org\",\"@graph\":[{\"@type\":\"WebPage\",\"@id\":\"https:\\\/\\\/zoo.org\\\/es\\\/recursos-para-la-educacion-en-casa\\\/\",\"url\":\"https:\\\/\\\/zoo.org\\\/es\\\/recursos-para-la-educacion-en-casa\\\/\",\"name\":\"-\",\"isPartOf\":{\"@id\":\"https:\\\/\\\/zoo.org\\\/es\\\/#website\"},\"primaryImageOfPage\":{\"@id\":\"https:\\\/\\\/zoo.org\\\/es\\\/recursos-para-la-educacion-en-casa\\\/#primaryimage\"},\"image\":{\"@id\":\"https:\\\/\\\/zoo.org\\\/es\\\/recursos-para-la-educacion-en-casa\\\/#primaryimage\"},\"thumbnailUrl\":\"https:\\\/\\\/zoo.org\\\/wp-content\\\/uploads\\\/2025\\\/08\\\/Support-Header-Image2.jpg\",\"datePublished\":\"2025-10-01T19:32:20+00:00\",\"dateModified\":\"2025-12-20T02:18:05+00:00\",\"description\":\"Reserve una excursi\u00f3n al zool\u00f3gico Woodland Park para su grupo de educaci\u00f3n en el hogar.\",\"breadcrumb\":{\"@id\":\"https:\\\/\\\/zoo.org\\\/es\\\/recursos-para-la-educacion-en-casa\\\/#breadcrumb\"},\"inLanguage\":\"es\",\"potentialAction\":[{\"@type\":\"ReadAction\",\"target\":[\"https:\\\/\\\/zoo.org\\\/es\\\/recursos-para-la-educacion-en-casa\\\/\"]}]},{\"@type\":\"ImageObject\",\"inLanguage\":\"es\",\"@id\":\"https:\\\/\\\/zoo.org\\\/es\\\/recursos-para-la-educacion-en-casa\\\/#primaryimage\",\"url\":\"https:\\\/\\\/zoo.org\\\/wp-content\\\/uploads\\\/2025\\\/08\\\/Support-Header-Image2.jpg\",\"contentUrl\":\"https:\\\/\\\/zoo.org\\\/wp-content\\\/uploads\\\/2025\\\/08\\\/Support-Header-Image2.jpg\"},{\"@type\":\"BreadcrumbList\",\"@id\":\"https:\\\/\\\/zoo.org\\\/es\\\/recursos-para-la-educacion-en-casa\\\/#breadcrumb\",\"itemListElement\":[{\"@type\":\"ListItem\",\"position\":1,\"name\":\"Hogar\",\"item\":\"https:\\\/\\\/zoo.org\\\/es\\\/\"},{\"@type\":\"ListItem\",\"position\":2,\"name\":\"Recursos para la educaci\u00f3n en casa\"}]},{\"@type\":\"WebSite\",\"@id\":\"https:\\\/\\\/zoo.org\\\/es\\\/#website\",\"url\":\"https:\\\/\\\/zoo.org\\\/es\\\/\",\"name\":\"Zool\u00f3gico Woodland Park\",\"description\":\"El Zool\u00f3gico Woodland Park salva la vida silvestre e inspira a todos a hacer de la conservaci\u00f3n una prioridad en sus vidas.\",\"publisher\":{\"@id\":\"https:\\\/\\\/zoo.org\\\/es\\\/#organization\"},\"potentialAction\":[{\"@type\":\"SearchAction\",\"target\":{\"@type\":\"EntryPoint\",\"urlTemplate\":\"https:\\\/\\\/zoo.org\\\/es\\\/?s={search_term_string}\"},\"query-input\":{\"@type\":\"PropertyValueSpecification\",\"valueRequired\":true,\"valueName\":\"search_term_string\"}}],\"inLanguage\":\"es\"},{\"@type\":\"Organization\",\"@id\":\"https:\\\/\\\/zoo.org\\\/es\\\/#organization\",\"name\":\"Zool\u00f3gico Woodland Park\",\"url\":\"https:\\\/\\\/zoo.org\\\/es\\\/\",\"logo\":{\"@type\":\"ImageObject\",\"inLanguage\":\"es\",\"@id\":\"https:\\\/\\\/zoo.org\\\/es\\\/#\\\/schema\\\/logo\\\/image\\\/\",\"url\":\"https:\\\/\\\/zoo.org\\\/wp-content\\\/uploads\\\/2026\\\/01\\\/WPZ-Logo_white-SVG.svg?wsr\",\"contentUrl\":\"https:\\\/\\\/zoo.org\\\/wp-content\\\/uploads\\\/2026\\\/01\\\/WPZ-Logo_white-SVG.svg?wsr\",\"width\":288,\"height\":282,\"caption\":\"Zool\u00f3gico Woodland Park\"},\"image\":{\"@id\":\"https:\\\/\\\/zoo.org\\\/es\\\/#\\\/schema\\\/logo\\\/image\\\/\"}}]}<\/script>\n<!-- \/ Yoast SEO plugin. -->","yoast_head_json":{"title":"-","description":"Reserve una excursi\u00f3n al zool\u00f3gico Woodland Park para su grupo de educaci\u00f3n en el hogar.","robots":{"index":"index","follow":"follow","max-snippet":"max-snippet:-1","max-image-preview":"max-image-preview:large","max-video-preview":"max-video-preview:-1"},"canonical":"https:\/\/zoo.org\/es\/recursos-para-la-educacion-en-casa\/","og_locale":"es_ES","og_type":"article","og_title":"-","og_description":"Reserve una excursi\u00f3n al zool\u00f3gico Woodland Park para su grupo de educaci\u00f3n en el hogar.","og_url":"https:\/\/zoo.org\/es\/recursos-para-la-educacion-en-casa\/","og_site_name":"Zool\u00f3gico Woodland Park","article_modified_time":"2025-12-20T02:18:05+00:00","og_image":[{"width":1920,"height":400,"url":"https:\/\/zoo.org\/wp-content\/uploads\/2025\/08\/Support-Header-Image2.jpg?wsr","type":"image\/jpeg"}],"twitter_card":"summary_large_image","schema":{"@context":"https:\/\/schema.org","@graph":[{"@type":"WebPage","@id":"https:\/\/zoo.org\/es\/recursos-para-la-educacion-en-casa\/","url":"https:\/\/zoo.org\/es\/recursos-para-la-educacion-en-casa\/","name":"-","isPartOf":{"@id":"https:\/\/zoo.org\/es\/#website"},"primaryImageOfPage":{"@id":"https:\/\/zoo.org\/es\/recursos-para-la-educacion-en-casa\/#primaryimage"},"image":{"@id":"https:\/\/zoo.org\/es\/recursos-para-la-educacion-en-casa\/#primaryimage"},"thumbnailUrl":"https:\/\/zoo.org\/wp-content\/uploads\/2025\/08\/Support-Header-Image2.jpg","datePublished":"2025-10-01T19:32:20+00:00","dateModified":"2025-12-20T02:18:05+00:00","description":"Reserve una excursi\u00f3n al zool\u00f3gico Woodland Park para su grupo de educaci\u00f3n en el hogar.","breadcrumb":{"@id":"https:\/\/zoo.org\/es\/recursos-para-la-educacion-en-casa\/#breadcrumb"},"inLanguage":"es","potentialAction":[{"@type":"ReadAction","target":["https:\/\/zoo.org\/es\/recursos-para-la-educacion-en-casa\/"]}]},{"@type":"ImageObject","inLanguage":"es","@id":"https:\/\/zoo.org\/es\/recursos-para-la-educacion-en-casa\/#primaryimage","url":"https:\/\/zoo.org\/wp-content\/uploads\/2025\/08\/Support-Header-Image2.jpg","contentUrl":"https:\/\/zoo.org\/wp-content\/uploads\/2025\/08\/Support-Header-Image2.jpg"},{"@type":"BreadcrumbList","@id":"https:\/\/zoo.org\/es\/recursos-para-la-educacion-en-casa\/#breadcrumb","itemListElement":[{"@type":"ListItem","position":1,"name":"Hogar","item":"https:\/\/zoo.org\/es\/"},{"@type":"ListItem","position":2,"name":"Recursos para la educaci\u00f3n en casa"}]},{"@type":"WebSite","@id":"https:\/\/zoo.org\/es\/#website","url":"https:\/\/zoo.org\/es\/","name":"Zool\u00f3gico Woodland Park","description":"El Zool\u00f3gico Woodland Park salva la vida silvestre e inspira a todos a hacer de la conservaci\u00f3n una prioridad en sus vidas.","publisher":{"@id":"https:\/\/zoo.org\/es\/#organization"},"potentialAction":[{"@type":"SearchAction","target":{"@type":"EntryPoint","urlTemplate":"https:\/\/zoo.org\/es\/?s={search_term_string}"},"query-input":{"@type":"PropertyValueSpecification","valueRequired":true,"valueName":"search_term_string"}}],"inLanguage":"es"},{"@type":"Organization","@id":"https:\/\/zoo.org\/es\/#organization","name":"Zool\u00f3gico Woodland Park","url":"https:\/\/zoo.org\/es\/","logo":{"@type":"ImageObject","inLanguage":"es","@id":"https:\/\/zoo.org\/es\/#\/schema\/logo\/image\/","url":"https:\/\/zoo.org\/wp-content\/uploads\/2026\/01\/WPZ-Logo_white-SVG.svg?wsr","contentUrl":"https:\/\/zoo.org\/wp-content\/uploads\/2026\/01\/WPZ-Logo_white-SVG.svg?wsr","width":288,"height":282,"caption":"Zool\u00f3gico Woodland Park"},"image":{"@id":"https:\/\/zoo.org\/es\/#\/schema\/logo\/image\/"}}]}},"taxonomy_info":[],"featured_image_src_large":false,"author_info":{"display_name":"jloughlin","author_link":"https:\/\/zoo.org\/es\/author\/jloughlin\/"},"comment_info":0,"_links":{"self":[{"href":"https:\/\/zoo.org\/es\/wp-json\/wp\/v2\/pages\/12598","targetHints":{"allow":["GET"]}}],"collection":[{"href":"https:\/\/zoo.org\/es\/wp-json\/wp\/v2\/pages"}],"about":[{"href":"https:\/\/zoo.org\/es\/wp-json\/wp\/v2\/types\/page"}],"author":[{"embeddable":true,"href":"https:\/\/zoo.org\/es\/wp-json\/wp\/v2\/users\/1"}],"replies":[{"embeddable":true,"href":"https:\/\/zoo.org\/es\/wp-json\/wp\/v2\/comments?post=12598"}],"version-history":[{"count":0,"href":"https:\/\/zoo.org\/es\/wp-json\/wp\/v2\/pages\/12598\/revisions"}],"wp:attachment":[{"href":"https:\/\/zoo.org\/es\/wp-json\/wp\/v2\/media?parent=12598"}],"curies":[{"name":"wp","href":"https:\/\/api.w.org\/{rel}","templated":true}]}}