{"id":12627,"date":"2025-10-01T12:49:34","date_gmt":"2025-10-01T19:49:34","guid":{"rendered":"https:\/\/zoo.org\/programas-comunitarios\/"},"modified":"2025-12-19T18:18:18","modified_gmt":"2025-12-20T02:18:18","slug":"programas-comunitarios","status":"publish","type":"page","link":"https:\/\/zoo.org\/es\/programas-comunitarios\/","title":{"rendered":"Programas comunitarios"},"content":{"rendered":"\n<div class=\"wp-block-cover alignfull is-light hero\" style=\"margin-top:0;margin-bottom:0\"><img loading=\"lazy\" decoding=\"async\" width=\"1920\" height=\"400\" class=\"wp-block-cover__image-background wp-image-3487 size-full\" alt=\"\" src=\"https:\/\/zoo.org\/wp-content\/uploads\/2025\/08\/Support-Header-Image2.jpg\" data-object-fit=\"cover\" srcset=\"https:\/\/zoo.org\/wp-content\/uploads\/2025\/08\/Support-Header-Image2.jpg 1920w, https:\/\/zoo.org\/wp-content\/uploads\/2025\/08\/Support-Header-Image2-300x63.jpg 300w, https:\/\/zoo.org\/wp-content\/uploads\/2025\/08\/Support-Header-Image2-1024x213.jpg 1024w, https:\/\/zoo.org\/wp-content\/uploads\/2025\/08\/Support-Header-Image2-768x160.jpg 768w, https:\/\/zoo.org\/wp-content\/uploads\/2025\/08\/Support-Header-Image2-1536x320.jpg 1536w\" sizes=\"auto, (max-width: 1920px) 100vw, 1920px\" \/><span aria-hidden=\"true\" class=\"wp-block-cover__background has-background-dim-0 has-background-dim\" style=\"background-color:#999692\"><\/span><div class=\"wp-block-cover__inner-container is-layout-constrained wp-block-cover-is-layout-constrained\">\n<p class=\"has-text-align-center has-large-font-size\"><\/p>\n<\/div><\/div>\n\n<div class=\"wp-block-group is-layout-constrained wp-block-group-is-layout-constrained\" style=\"margin-top:2em;margin-bottom:3em\">\n<h1 class=\"wp-block-heading has-text-align-center\" style=\"margin-top:0.65em;margin-bottom:0.275em\">Iniciativas comunitarias<\/h1>\n<\/div>\n\n<div class=\"wp-block-group alignfull divider is-layout-constrained wp-block-group-is-layout-constrained\">\n<h2 class=\"wp-block-heading alignfull has-text-align-center\">PROGRAMAS EN SU COMUNIDAD<\/h2>\n<\/div>\n\n<p>El Zool\u00f3gico Woodland Park se compromete a servir a las diversas comunidades de Seattle y el Condado de King mediante un enfoque de desarrollo para el aprendizaje permanente. Nos dedicamos a que nuestros programas sean accesibles y relevantes para todos los miembros de la comunidad y ofrecemos una variedad de iniciativas y programas de extensi\u00f3n que brindan oportunidades para aprender, cuidar y actuar. <\/p>\n\n<div class=\"wp-block-group is-layout-constrained wp-block-group-is-layout-constrained\" style=\"margin-top:var(--wp--preset--spacing--60);margin-bottom:var(--wp--preset--spacing--60)\"><style>.kt-sc5715_299c31-01 .kt-sc-imgcol, .kt-sc5715_299c31-01 .kt-sc-textcol{min-height:345px;}.kt-sc5715_299c31-01 .kt-sc-imgcol{background-size:cover;background-image:url(https:\/\/zoo.org\/wp-content\/uploads\/2025\/08\/Zoo-Amphibian-Field-Trip-2012-Stan-Milkowski-web.jpg);}.kt-sc5715_299c31-01 .kt-sc-textcol{padding-top:1em;padding-right:1.5em;padding-bottom:1em;padding-left:1.5em;}@media all and (max-width: 767px){.kt-sc5715_299c31-01 .kt-sc-imgcol, .kt-sc5715_299c31-01 .kt-sc-textcol{min-height:275px;}}<\/style>\n<div class=\"aligncenter kt-sc5715_299c31-01 wp-block-kadence-splitcontent\"><div class=\"kt-split-content-wrap kt-sc-media-side-left\" style=\"grid-template-columns:32% auto\"><div class=\"kt-sc-imgcol kt-sc-imgcol-bg-cover kt-sc-img-side-left\"><\/div><div class=\"kt-sc-textcol kt-sc-text-valign-center kt-sc-text-halign-left\" style=\"background-color:var(--theme-palette-color-17, #E6E6E6)\"><div class=\"kt-sc-innter-col\">\n<h3 class=\"wp-block-heading\">Ciencia comunitaria<\/h3>\n\n\n\n<p>Cada a\u00f1o, cientos de voluntarios se unen al Zool\u00f3gico Woodland Park como cient\u00edficos comunitarios para documentar: la reproducci\u00f3n de las poblaciones de anfibios nativos en los condados de Snohomish y King, los carn\u00edvoros en la regi\u00f3n metropolitana de Seattle, la actividad de los murci\u00e9lagos en Washington y la biodiversidad general en los condados de Snohomish, King y Pierce. Cuanto m\u00e1s aprendamos, mejor podremos proteger las especies del noroeste. <\/p>\n\n\n\n<p><a href=\"https:\/\/zoo.org\/es\/ciencia-comunitaria\/\">\u00a1Complicarse!<\/a><\/p>\n<\/div><\/div><\/div><\/div>\n<\/div>\n\n<div class=\"wp-block-group is-layout-constrained wp-block-group-is-layout-constrained\" style=\"margin-top:var(--wp--preset--spacing--60);margin-bottom:var(--wp--preset--spacing--60)\"><style>.kt-sc5715_940a3d-c7 .kt-sc-imgcol, .kt-sc5715_940a3d-c7 .kt-sc-textcol{min-height:345px;}.kt-sc5715_940a3d-c7 .kt-sc-imgcol{background-size:cover;background-image:url(https:\/\/zoo.org\/wp-content\/uploads\/2025\/08\/Visit-CAP-web.jpg);}.kt-sc5715_940a3d-c7 .kt-sc-textcol{padding-top:1em;padding-right:1.5em;padding-bottom:1em;padding-left:1.5em;}@media all and (max-width: 767px){.kt-sc5715_940a3d-c7 .kt-sc-imgcol, .kt-sc5715_940a3d-c7 .kt-sc-textcol{min-height:275px;}}<\/style>\n<div class=\"aligncenter kt-sc5715_940a3d-c7 wp-block-kadence-splitcontent\"><div class=\"kt-split-content-wrap kt-sc-media-side-left\" style=\"grid-template-columns:32% auto\"><div class=\"kt-sc-imgcol kt-sc-imgcol-bg-cover kt-sc-img-side-left\"><\/div><div class=\"kt-sc-textcol kt-sc-text-valign-center kt-sc-text-halign-left\" style=\"background-color:var(--theme-palette-color-17, #E6E6E6)\"><div class=\"kt-sc-innter-col\">\n<h3 class=\"wp-block-heading\">Programa de Acceso Comunitario<\/h3>\n\n\n\n<p>El Zool\u00f3gico Woodland Park colabora con m\u00e1s de 600 organizaciones de servicios sociales que ofrecen a sus clientes o miembros un total de 70,000 pases gratuitos cada a\u00f1o. Si cumple con todos los requisitos, su organizaci\u00f3n 501(c)(3) podr\u00eda beneficiarse de nuestro Programa de Acceso Comunitario. <\/p>\n\n\n\n<p><a href=\"https:\/\/zoo.org\/es\/programa-de-acceso-comunitario\/\">M\u00e1s informaci\u00f3n<\/a><\/p>\n<\/div><\/div><\/div><\/div>\n<\/div>\n\n<div class=\"wp-block-group is-layout-constrained wp-block-group-is-layout-constrained\" style=\"margin-top:var(--wp--preset--spacing--60);margin-bottom:var(--wp--preset--spacing--60)\"><style>.kt-sc5715_b789ae-79 .kt-sc-imgcol, .kt-sc5715_b789ae-79 .kt-sc-textcol{min-height:345px;}.kt-sc5715_b789ae-79 .kt-sc-imgcol{background-size:cover;background-image:url(https:\/\/zoo.org\/wp-content\/uploads\/2025\/08\/2012-08-03RHawk144TurtleRelease_800-1.jpg);}.kt-sc5715_b789ae-79 .kt-sc-textcol{padding-top:1em;padding-right:1.5em;padding-bottom:1em;padding-left:1.5em;}@media all and (max-width: 767px){.kt-sc5715_b789ae-79 .kt-sc-imgcol, .kt-sc5715_b789ae-79 .kt-sc-textcol{min-height:275px;}}<\/style>\n<div class=\"aligncenter kt-sc5715_b789ae-79 wp-block-kadence-splitcontent\"><div class=\"kt-split-content-wrap kt-sc-media-side-left\" style=\"grid-template-columns:32% auto\"><div class=\"kt-sc-imgcol kt-sc-imgcol-bg-cover kt-sc-img-side-left\"><\/div><div class=\"kt-sc-textcol kt-sc-text-valign-center kt-sc-text-halign-left\" style=\"background-color:var(--theme-palette-color-17, #E6E6E6)\"><div class=\"kt-sc-innter-col\">\n<h3 class=\"wp-block-heading\">Colaboraciones comunitarias<\/h3>\n\n\n\n<p>Las colaboraciones comunitarias son programas basados en el lugar creados a trav\u00e9s de asociaciones con organizaciones comunitarias y en apoyo de iniciativas lideradas por la comunidad.<\/p>\n\n\n\n<p><a href=\"https:\/\/zoo.org\/es\/empatia-por-la-vida-silvestre\/colaboraciones-comunitarias\/\">M\u00e1s informaci\u00f3n<\/a><\/p>\n<\/div><\/div><\/div><\/div>\n<\/div>\n\n<div class=\"wp-block-group alignfull divider is-layout-constrained wp-block-group-is-layout-constrained\">\n<h2 class=\"wp-block-heading alignfull has-text-align-center\">VOLUNTARIADO<\/h2>\n<\/div>\n\n<div class=\"wp-block-group is-layout-constrained wp-block-group-is-layout-constrained\"><style>.kt-sc5715_f4c969-f7 .kt-sc-imgcol, .kt-sc5715_f4c969-f7 .kt-sc-textcol{min-height:345px;}.kt-sc5715_f4c969-f7 .kt-sc-imgcol{background-size:cover;background-image:url(https:\/\/zoo.org\/wp-content\/uploads\/2025\/09\/RS33717_2017-Brew-at-Zoo-3-volunteer-web.jpg);}.kt-sc5715_f4c969-f7 .kt-sc-textcol{padding-top:1em;padding-right:1.5em;padding-bottom:1em;padding-left:1.5em;}@media all and (max-width: 767px){.kt-sc5715_f4c969-f7 .kt-sc-imgcol, .kt-sc5715_f4c969-f7 .kt-sc-textcol{min-height:275px;}}<\/style>\n<div class=\"aligncenter kt-sc5715_f4c969-f7 wp-block-kadence-splitcontent\"><div class=\"kt-split-content-wrap kt-sc-media-side-left\" style=\"grid-template-columns:32% auto\"><div class=\"kt-sc-imgcol kt-sc-imgcol-bg-cover kt-sc-img-side-left\"><\/div><div class=\"kt-sc-textcol kt-sc-text-valign-center kt-sc-text-halign-left\" style=\"background-color:var(--theme-palette-color-17, #E6E6E6)\"><div class=\"kt-sc-innter-col\">\n<h3 class=\"wp-block-heading\">Programa de voluntariado<\/h3>\n\n\n\n<p><strong>\u00a1Los voluntarios son una parte esencial del Zool\u00f3gico Woodland Park! Considere unirse a nuestro equipo durante nuestro periodo anual de reclutamiento. <\/strong><\/p>\n\n\n\n<p>Los voluntarios son embajadores del Zool\u00f3gico Woodland Park y una parte importante de nuestro equipo. Buscamos personas que se entusiasmen con la idea de conectar e inspirar a nuestros visitantes y generar un impacto positivo a diario mediante su servicio voluntario.   <\/p>\n\n\n\n<p><a href=\"https:\/\/zoo.org\/es\/voluntario\/\">M\u00e1s informaci\u00f3n<\/a><\/p>\n<\/div><\/div><\/div><\/div>\n<\/div>\n","protected":false},"excerpt":{"rendered":"<p>Iniciativas comunitarias PROGRAMAS EN SU COMUNIDAD El Zool\u00f3gico Woodland Park se compromete a servir a las diversas comunidades de Seattle y el Condado de King mediante un enfoque de desarrollo [&hellip;]<\/p>\n","protected":false},"author":1,"featured_media":12629,"parent":0,"menu_order":0,"comment_status":"closed","ping_status":"closed","template":"","meta":{"_acf_changed":false,"_kad_blocks_custom_css":"","_kad_blocks_head_custom_js":"","_kad_blocks_body_custom_js":"","_kad_blocks_footer_custom_js":"","footnotes":""},"class_list":["post-12627","page","type-page","status-publish","has-post-thumbnail","hentry"],"blocksy_meta":[],"acf":[],"yoast_head":"<!-- This site is optimized with the Yoast SEO plugin v27.4 - https:\/\/yoast.com\/product\/yoast-seo-wordpress\/ -->\n<title>-<\/title>\n<meta name=\"description\" content=\"Woodland Park Zoo lleva programas a su comunidad o brinda a los miembros de su comunidad acceso al zool\u00f3gico.\" \/>\n<meta name=\"robots\" content=\"index, follow, max-snippet:-1, max-image-preview:large, max-video-preview:-1\" \/>\n<link rel=\"canonical\" href=\"https:\/\/zoo.org\/es\/programas-comunitarios\/\" \/>\n<meta property=\"og:locale\" content=\"es_ES\" \/>\n<meta property=\"og:type\" content=\"article\" \/>\n<meta property=\"og:title\" content=\"-\" \/>\n<meta property=\"og:description\" content=\"Woodland Park Zoo lleva programas a su comunidad o brinda a los miembros de su comunidad acceso al zool\u00f3gico.\" \/>\n<meta property=\"og:url\" content=\"https:\/\/zoo.org\/es\/programas-comunitarios\/\" \/>\n<meta property=\"og:site_name\" content=\"Zool\u00f3gico Woodland Park\" \/>\n<meta property=\"article:modified_time\" content=\"2025-12-20T02:18:18+00:00\" \/>\n<meta property=\"og:image\" content=\"https:\/\/zoo.org\/wp-content\/uploads\/2025\/08\/Western-Pond-Turtle-Release.jpg?wsr\" \/>\n\t<meta property=\"og:image:width\" content=\"800\" \/>\n\t<meta property=\"og:image:height\" content=\"534\" \/>\n\t<meta property=\"og:image:type\" content=\"image\/jpeg\" \/>\n<meta name=\"twitter:card\" content=\"summary_large_image\" \/>\n<script type=\"application\/ld+json\" class=\"yoast-schema-graph\">{\"@context\":\"https:\\\/\\\/schema.org\",\"@graph\":[{\"@type\":\"WebPage\",\"@id\":\"https:\\\/\\\/zoo.org\\\/es\\\/programas-comunitarios\\\/\",\"url\":\"https:\\\/\\\/zoo.org\\\/es\\\/programas-comunitarios\\\/\",\"name\":\"-\",\"isPartOf\":{\"@id\":\"https:\\\/\\\/zoo.org\\\/es\\\/#website\"},\"primaryImageOfPage\":{\"@id\":\"https:\\\/\\\/zoo.org\\\/es\\\/programas-comunitarios\\\/#primaryimage\"},\"image\":{\"@id\":\"https:\\\/\\\/zoo.org\\\/es\\\/programas-comunitarios\\\/#primaryimage\"},\"thumbnailUrl\":\"https:\\\/\\\/zoo.org\\\/wp-content\\\/uploads\\\/2025\\\/08\\\/Western-Pond-Turtle-Release.jpg?wsr\",\"datePublished\":\"2025-10-01T19:49:34+00:00\",\"dateModified\":\"2025-12-20T02:18:18+00:00\",\"description\":\"Woodland Park Zoo lleva programas a su comunidad o brinda a los miembros de su comunidad acceso al zool\u00f3gico.\",\"breadcrumb\":{\"@id\":\"https:\\\/\\\/zoo.org\\\/es\\\/programas-comunitarios\\\/#breadcrumb\"},\"inLanguage\":\"es\",\"potentialAction\":[{\"@type\":\"ReadAction\",\"target\":[\"https:\\\/\\\/zoo.org\\\/es\\\/programas-comunitarios\\\/\"]}]},{\"@type\":\"ImageObject\",\"inLanguage\":\"es\",\"@id\":\"https:\\\/\\\/zoo.org\\\/es\\\/programas-comunitarios\\\/#primaryimage\",\"url\":\"https:\\\/\\\/zoo.org\\\/wp-content\\\/uploads\\\/2025\\\/08\\\/Western-Pond-Turtle-Release.jpg?wsr\",\"contentUrl\":\"https:\\\/\\\/zoo.org\\\/wp-content\\\/uploads\\\/2025\\\/08\\\/Western-Pond-Turtle-Release.jpg?wsr\",\"width\":800,\"height\":534,\"caption\":\"Una persona que viste una camiseta del personal del zool\u00f3gico Woodland Park sostiene suavemente una peque\u00f1a tortuga al aire libre cerca de un estanque, con vegetaci\u00f3n y cielo azul de fondo.\"},{\"@type\":\"BreadcrumbList\",\"@id\":\"https:\\\/\\\/zoo.org\\\/es\\\/programas-comunitarios\\\/#breadcrumb\",\"itemListElement\":[{\"@type\":\"ListItem\",\"position\":1,\"name\":\"Hogar\",\"item\":\"https:\\\/\\\/zoo.org\\\/es\\\/\"},{\"@type\":\"ListItem\",\"position\":2,\"name\":\"Programas comunitarios\"}]},{\"@type\":\"WebSite\",\"@id\":\"https:\\\/\\\/zoo.org\\\/es\\\/#website\",\"url\":\"https:\\\/\\\/zoo.org\\\/es\\\/\",\"name\":\"Zool\u00f3gico Woodland Park\",\"description\":\"El Zool\u00f3gico Woodland Park salva la vida silvestre e inspira a todos a hacer de la conservaci\u00f3n una prioridad en sus vidas.\",\"publisher\":{\"@id\":\"https:\\\/\\\/zoo.org\\\/es\\\/#organization\"},\"potentialAction\":[{\"@type\":\"SearchAction\",\"target\":{\"@type\":\"EntryPoint\",\"urlTemplate\":\"https:\\\/\\\/zoo.org\\\/es\\\/?s={search_term_string}\"},\"query-input\":{\"@type\":\"PropertyValueSpecification\",\"valueRequired\":true,\"valueName\":\"search_term_string\"}}],\"inLanguage\":\"es\"},{\"@type\":\"Organization\",\"@id\":\"https:\\\/\\\/zoo.org\\\/es\\\/#organization\",\"name\":\"Zool\u00f3gico Woodland Park\",\"url\":\"https:\\\/\\\/zoo.org\\\/es\\\/\",\"logo\":{\"@type\":\"ImageObject\",\"inLanguage\":\"es\",\"@id\":\"https:\\\/\\\/zoo.org\\\/es\\\/#\\\/schema\\\/logo\\\/image\\\/\",\"url\":\"https:\\\/\\\/zoo.org\\\/wp-content\\\/uploads\\\/2026\\\/01\\\/WPZ-Logo_white-SVG.svg?wsr\",\"contentUrl\":\"https:\\\/\\\/zoo.org\\\/wp-content\\\/uploads\\\/2026\\\/01\\\/WPZ-Logo_white-SVG.svg?wsr\",\"width\":288,\"height\":282,\"caption\":\"Zool\u00f3gico Woodland Park\"},\"image\":{\"@id\":\"https:\\\/\\\/zoo.org\\\/es\\\/#\\\/schema\\\/logo\\\/image\\\/\"}}]}<\/script>\n<!-- \/ Yoast SEO plugin. -->","yoast_head_json":{"title":"-","description":"Woodland Park Zoo lleva programas a su comunidad o brinda a los miembros de su comunidad acceso al zool\u00f3gico.","robots":{"index":"index","follow":"follow","max-snippet":"max-snippet:-1","max-image-preview":"max-image-preview:large","max-video-preview":"max-video-preview:-1"},"canonical":"https:\/\/zoo.org\/es\/programas-comunitarios\/","og_locale":"es_ES","og_type":"article","og_title":"-","og_description":"Woodland Park Zoo lleva programas a su comunidad o brinda a los miembros de su comunidad acceso al zool\u00f3gico.","og_url":"https:\/\/zoo.org\/es\/programas-comunitarios\/","og_site_name":"Zool\u00f3gico Woodland Park","article_modified_time":"2025-12-20T02:18:18+00:00","og_image":[{"width":800,"height":534,"url":"https:\/\/zoo.org\/wp-content\/uploads\/2025\/08\/Western-Pond-Turtle-Release.jpg?wsr","type":"image\/jpeg"}],"twitter_card":"summary_large_image","schema":{"@context":"https:\/\/schema.org","@graph":[{"@type":"WebPage","@id":"https:\/\/zoo.org\/es\/programas-comunitarios\/","url":"https:\/\/zoo.org\/es\/programas-comunitarios\/","name":"-","isPartOf":{"@id":"https:\/\/zoo.org\/es\/#website"},"primaryImageOfPage":{"@id":"https:\/\/zoo.org\/es\/programas-comunitarios\/#primaryimage"},"image":{"@id":"https:\/\/zoo.org\/es\/programas-comunitarios\/#primaryimage"},"thumbnailUrl":"https:\/\/zoo.org\/wp-content\/uploads\/2025\/08\/Western-Pond-Turtle-Release.jpg?wsr","datePublished":"2025-10-01T19:49:34+00:00","dateModified":"2025-12-20T02:18:18+00:00","description":"Woodland Park Zoo lleva programas a su comunidad o brinda a los miembros de su comunidad acceso al zool\u00f3gico.","breadcrumb":{"@id":"https:\/\/zoo.org\/es\/programas-comunitarios\/#breadcrumb"},"inLanguage":"es","potentialAction":[{"@type":"ReadAction","target":["https:\/\/zoo.org\/es\/programas-comunitarios\/"]}]},{"@type":"ImageObject","inLanguage":"es","@id":"https:\/\/zoo.org\/es\/programas-comunitarios\/#primaryimage","url":"https:\/\/zoo.org\/wp-content\/uploads\/2025\/08\/Western-Pond-Turtle-Release.jpg?wsr","contentUrl":"https:\/\/zoo.org\/wp-content\/uploads\/2025\/08\/Western-Pond-Turtle-Release.jpg?wsr","width":800,"height":534,"caption":"Una persona que viste una camiseta del personal del zool\u00f3gico Woodland Park sostiene suavemente una peque\u00f1a tortuga al aire libre cerca de un estanque, con vegetaci\u00f3n y cielo azul de fondo."},{"@type":"BreadcrumbList","@id":"https:\/\/zoo.org\/es\/programas-comunitarios\/#breadcrumb","itemListElement":[{"@type":"ListItem","position":1,"name":"Hogar","item":"https:\/\/zoo.org\/es\/"},{"@type":"ListItem","position":2,"name":"Programas comunitarios"}]},{"@type":"WebSite","@id":"https:\/\/zoo.org\/es\/#website","url":"https:\/\/zoo.org\/es\/","name":"Zool\u00f3gico Woodland Park","description":"El Zool\u00f3gico Woodland Park salva la vida silvestre e inspira a todos a hacer de la conservaci\u00f3n una prioridad en sus vidas.","publisher":{"@id":"https:\/\/zoo.org\/es\/#organization"},"potentialAction":[{"@type":"SearchAction","target":{"@type":"EntryPoint","urlTemplate":"https:\/\/zoo.org\/es\/?s={search_term_string}"},"query-input":{"@type":"PropertyValueSpecification","valueRequired":true,"valueName":"search_term_string"}}],"inLanguage":"es"},{"@type":"Organization","@id":"https:\/\/zoo.org\/es\/#organization","name":"Zool\u00f3gico Woodland Park","url":"https:\/\/zoo.org\/es\/","logo":{"@type":"ImageObject","inLanguage":"es","@id":"https:\/\/zoo.org\/es\/#\/schema\/logo\/image\/","url":"https:\/\/zoo.org\/wp-content\/uploads\/2026\/01\/WPZ-Logo_white-SVG.svg?wsr","contentUrl":"https:\/\/zoo.org\/wp-content\/uploads\/2026\/01\/WPZ-Logo_white-SVG.svg?wsr","width":288,"height":282,"caption":"Zool\u00f3gico Woodland Park"},"image":{"@id":"https:\/\/zoo.org\/es\/#\/schema\/logo\/image\/"}}]}},"taxonomy_info":[],"featured_image_src_large":["https:\/\/zoo.org\/wp-content\/uploads\/2025\/08\/Western-Pond-Turtle-Release.jpg?wsr",800,534,false],"author_info":{"display_name":"jloughlin","author_link":"https:\/\/zoo.org\/es\/author\/jloughlin\/"},"comment_info":0,"_links":{"self":[{"href":"https:\/\/zoo.org\/es\/wp-json\/wp\/v2\/pages\/12627","targetHints":{"allow":["GET"]}}],"collection":[{"href":"https:\/\/zoo.org\/es\/wp-json\/wp\/v2\/pages"}],"about":[{"href":"https:\/\/zoo.org\/es\/wp-json\/wp\/v2\/types\/page"}],"author":[{"embeddable":true,"href":"https:\/\/zoo.org\/es\/wp-json\/wp\/v2\/users\/1"}],"replies":[{"embeddable":true,"href":"https:\/\/zoo.org\/es\/wp-json\/wp\/v2\/comments?post=12627"}],"version-history":[{"count":0,"href":"https:\/\/zoo.org\/es\/wp-json\/wp\/v2\/pages\/12627\/revisions"}],"wp:featuredmedia":[{"embeddable":true,"href":"https:\/\/zoo.org\/es\/wp-json\/wp\/v2\/media\/12629"}],"wp:attachment":[{"href":"https:\/\/zoo.org\/es\/wp-json\/wp\/v2\/media?parent=12627"}],"curies":[{"name":"wp","href":"https:\/\/api.w.org\/{rel}","templated":true}]}}