{"id":12647,"date":"2025-10-01T13:10:23","date_gmt":"2025-10-01T20:10:23","guid":{"rendered":"https:\/\/zoo.org\/programas-comunitarios\/de-cerca\/recursos-de-cerca\/"},"modified":"2025-12-12T17:50:22","modified_gmt":"2025-12-13T01:50:22","slug":"recursos-de-cerca","status":"publish","type":"page","link":"https:\/\/zoo.org\/es\/programas-comunitarios\/de-cerca\/recursos-de-cerca\/","title":{"rendered":"Recursos de cerca"},"content":{"rendered":"\n<div class=\"wp-block-cover alignfull is-light hero\" style=\"margin-top:0;margin-bottom:0\"><img loading=\"lazy\" decoding=\"async\" width=\"1920\" height=\"400\" class=\"wp-block-cover__image-background wp-image-3487 size-full\" alt=\"\" src=\"https:\/\/zoo.org\/wp-content\/uploads\/2025\/08\/Support-Header-Image2.jpg\" data-object-fit=\"cover\" srcset=\"https:\/\/zoo.org\/wp-content\/uploads\/2025\/08\/Support-Header-Image2.jpg 1920w, https:\/\/zoo.org\/wp-content\/uploads\/2025\/08\/Support-Header-Image2-300x63.jpg 300w, https:\/\/zoo.org\/wp-content\/uploads\/2025\/08\/Support-Header-Image2-1024x213.jpg 1024w, https:\/\/zoo.org\/wp-content\/uploads\/2025\/08\/Support-Header-Image2-768x160.jpg 768w, https:\/\/zoo.org\/wp-content\/uploads\/2025\/08\/Support-Header-Image2-1536x320.jpg 1536w\" sizes=\"auto, (max-width: 1920px) 100vw, 1920px\" \/><span aria-hidden=\"true\" class=\"wp-block-cover__background has-background-dim-0 has-background-dim\" style=\"background-color:#999692\"><\/span><div class=\"wp-block-cover__inner-container is-layout-constrained wp-block-cover-is-layout-constrained\">\n<p class=\"has-text-align-center has-large-font-size\"><\/p>\n<\/div><\/div>\n\n<div class=\"wp-block-group is-layout-constrained wp-block-group-is-layout-constrained\" style=\"margin-top:2em;margin-bottom:3em\">\n<h1 class=\"wp-block-heading has-text-align-center\" style=\"margin-top:0.65em;margin-bottom:0.275em\">Recursos de cerca<\/h1>\n\n\n\n<p class=\"has-text-align-center has-palette-color-3-color has-text-color has-link-color wp-elements-49a261a3a9acf46618ab4b3b15d1471d\" style=\"margin-bottom:1em;font-size:clamp(0.984em, 0.984rem + ((1vw - 0.2em) * 0.645), 1.5em);font-style:normal;font-weight:500;line-height:1.5\"><strong>Acceda a recursos para prepararse para su programa Up Close<\/strong><\/p>\n<\/div>\n\n<div class=\"wp-block-group alignfull divider is-layout-constrained wp-block-group-is-layout-constrained\">\n<h2 class=\"wp-block-heading alignfull has-text-align-center\">ANTES DE TU PROGRAMA<\/h2>\n<\/div>\n\n<h3 class=\"wp-block-heading\">Presentaciones de PowerPoint de CERCA<\/h3>\n\n<p>Descargue el archivo correspondiente al nombre de su pr\u00f3ximo programa y prep\u00e1relo para su presentaci\u00f3n en el equipo audiovisual de su aula antes de que llegue el presentador. (No les pedimos a nuestros presentadores que tengan experiencia en todos los sistemas que se utilizan en las diferentes escuelas, por lo que usted debe encargarse de configurar esta parte de la presentaci\u00f3n. Si no est\u00e1 configurada cuando lleguen los presentadores, realizar\u00e1n el programa de la manera tradicional, sin tecnolog\u00eda, sin PowerPoint).  <\/p>\n\n<p>Ninguna de las presentaciones tiene un componente de audio, as\u00ed que no te preocupes por el sonido.  <\/p>\n\n<p>Su presentador necesitar\u00e1 el uso de un control remoto port\u00e1til para poder utilizar estas presentaciones de PowerPoint.  <\/p>\n\n<p>Si tiene alguna pregunta o tiene dificultades con la descarga, ll\u00e1menos al 206.548.2424 y haremos todo lo posible para ayudarlo.<\/p>\n\n<h4 class=\"wp-block-heading\">Seleccione una presentaci\u00f3n de PowerPoint para descargar<\/h4>\n\n<p>Haga clic en la presentaci\u00f3n de su elecci\u00f3n y seleccione \u00abGuardar como\u00bb para descargarla a su computadora.<\/p>\n\n<div class=\"wp-block-columns alignwide is-layout-flex wp-container-core-columns-is-layout-dc63b7a3 wp-block-columns-is-layout-flex\" style=\"margin-top:var(--wp--preset--spacing--60)\">\n<div class=\"wp-block-column has-palette-color-17-background-color has-background is-layout-flow wp-block-column-is-layout-flow\"><style>.kb-image5727_9b0afa-22 .kb-image-has-overlay:after{opacity:0.3;}<\/style>\n<figure class=\"wp-block-kadence-image kb-image5727_9b0afa-22 size-full\"><img loading=\"lazy\" decoding=\"async\" width=\"800\" height=\"533\" src=\"https:\/\/zoo.org\/wp-content\/uploads\/2025\/08\/2018-7-Butterfly-Garden-DDow-web.jpg\" alt=\"Dos mariposas, una naranja con manchas negras y otra azul oscuro con manchas claras, est\u00e1n posadas en una equin\u00e1cea rosa, rodeadas de follaje verde en un entorno de jard\u00edn.\" class=\"kb-img wp-image-3737\" srcset=\"https:\/\/zoo.org\/wp-content\/uploads\/2025\/08\/2018-7-Butterfly-Garden-DDow-web.jpg 800w, https:\/\/zoo.org\/wp-content\/uploads\/2025\/08\/2018-7-Butterfly-Garden-DDow-web-300x200.jpg 300w, https:\/\/zoo.org\/wp-content\/uploads\/2025\/08\/2018-7-Butterfly-Garden-DDow-web-768x512.jpg 768w\" sizes=\"auto, (max-width: 800px) 100vw, 800px\" \/><\/figure>\n\n\n\n<div class=\"wp-block-group is-layout-constrained wp-container-core-group-is-layout-10978406 wp-block-group-is-layout-constrained\" style=\"margin-top:0;margin-bottom:0;padding-top:0.5em;padding-right:1.5em;padding-bottom:1.5em;padding-left:1.5em\">\n<p style=\"margin-top:0\"><a href=\"https:\/\/www.zoo.org\/camps\"><\/a><strong><a href=\"\/wp-content\/uploads\/2025\/10\/Arthropod-This-Is-Their-Life-Feb-13-PPT.pptx\" target=\"_blank\" rel=\"noreferrer noopener\">\u00a1Esta es su vida: los artr\u00f3podos!<\/a><\/strong><\/p>\n<\/div>\n<\/div>\n\n\n\n<div class=\"wp-block-column has-palette-color-17-background-color has-background is-layout-flow wp-block-column-is-layout-flow\"><style>.kb-image5727_cb6f57-4b .kb-image-has-overlay:after{opacity:0.3;}<\/style>\n<figure class=\"wp-block-kadence-image kb-image5727_cb6f57-4b size-full\"><img loading=\"lazy\" decoding=\"async\" width=\"800\" height=\"533\" src=\"https:\/\/zoo.org\/wp-content\/uploads\/2025\/08\/2021-komodo-exhibit-14-web.jpg\" alt=\"Un drag\u00f3n de Komodo se encuentra sobre una rama de \u00e1rbol grande y texturizada, con un fondo rocoso y terroso y plantas verdes en la distancia.\" class=\"kb-img wp-image-3389\" srcset=\"https:\/\/zoo.org\/wp-content\/uploads\/2025\/08\/2021-komodo-exhibit-14-web.jpg 800w, https:\/\/zoo.org\/wp-content\/uploads\/2025\/08\/2021-komodo-exhibit-14-web-300x200.jpg 300w, https:\/\/zoo.org\/wp-content\/uploads\/2025\/08\/2021-komodo-exhibit-14-web-768x512.jpg 768w\" sizes=\"auto, (max-width: 800px) 100vw, 800px\" \/><\/figure>\n\n\n\n<div class=\"wp-block-group is-layout-constrained wp-container-core-group-is-layout-10978406 wp-block-group-is-layout-constrained\" style=\"margin-top:0;margin-bottom:0;padding-top:0.5em;padding-right:1.5em;padding-bottom:1.5em;padding-left:1.5em\">\n<p><a href=\"https:\/\/www.zoo.org\/programs\/earlychildhood\"><\/a><strong><a href=\"\/wp-content\/uploads\/2025\/10\/Reptile-This-Is-Their-Life-Feb-13-PPT.pptx\" target=\"_blank\" rel=\"noreferrer noopener\">Esta es su vida: \u00a1los reptiles!<\/a><\/strong><\/p>\n<\/div>\n<\/div>\n\n\n\n<div class=\"wp-block-column has-palette-color-17-background-color has-background is-layout-flow wp-block-column-is-layout-flow\"><style>.kb-image5727_ad7bc8-f0 .kb-image-has-overlay:after{opacity:0.3;}<\/style>\n<figure class=\"wp-block-kadence-image kb-image5727_ad7bc8-f0 size-full\"><img loading=\"lazy\" decoding=\"async\" width=\"800\" height=\"533\" src=\"https:\/\/zoo.org\/wp-content\/uploads\/2025\/10\/RS44110_2023_05_09-Bug-World-4_ohi.jpg\" alt=\"Dos escarabajos de colores brillantes, con el cuerpo verde y rayas amarillas, se alimentan de un pl\u00e1tano. El fondo est\u00e1 desenfocado, lo que resalta las brillantes y vibrantes conchas y patas de los escarabajos.\" class=\"kb-img wp-image-5732\" srcset=\"https:\/\/zoo.org\/wp-content\/uploads\/2025\/10\/RS44110_2023_05_09-Bug-World-4_ohi.jpg 800w, https:\/\/zoo.org\/wp-content\/uploads\/2025\/10\/RS44110_2023_05_09-Bug-World-4_ohi-300x200.jpg 300w, https:\/\/zoo.org\/wp-content\/uploads\/2025\/10\/RS44110_2023_05_09-Bug-World-4_ohi-768x512.jpg 768w\" sizes=\"auto, (max-width: 800px) 100vw, 800px\" \/><\/figure>\n\n\n\n<div class=\"wp-block-group is-layout-constrained wp-container-core-group-is-layout-10978406 wp-block-group-is-layout-constrained\" style=\"margin-top:0;margin-bottom:0;padding-top:0.5em;padding-right:1.5em;padding-bottom:1.5em;padding-left:1.5em\">\n<p><a href=\"https:\/\/www.zoo.org\/programs\/teen\"><\/a><strong><a href=\"\/wp-content\/uploads\/2025\/10\/What-Makes-A-Bug-Feb-13-PPT.pptx\" target=\"_blank\" rel=\"noreferrer noopener\">\u00bfQu\u00e9 produce un error?<\/a><\/strong><\/p>\n<\/div>\n<\/div>\n\n\n\n<div class=\"wp-block-column has-palette-color-17-background-color has-background is-layout-flow wp-block-column-is-layout-flow\"><style>.kb-image5727_05da55-56 .kb-image-has-overlay:after{opacity:0.3;}<\/style>\n<figure class=\"wp-block-kadence-image kb-image5727_05da55-56 size-full\"><img loading=\"lazy\" decoding=\"async\" width=\"800\" height=\"533\" src=\"https:\/\/zoo.org\/wp-content\/uploads\/2025\/08\/2024-Quince-Monitor-JDL.jpg\" alt=\"Un lagarto monitor verde con manchas oscuras descansa en la rama de un \u00e1rbol, rodeado de plantas frondosas en un entorno naturalista.\" class=\"kb-img wp-image-3258\" srcset=\"https:\/\/zoo.org\/wp-content\/uploads\/2025\/08\/2024-Quince-Monitor-JDL.jpg 800w, https:\/\/zoo.org\/wp-content\/uploads\/2025\/08\/2024-Quince-Monitor-JDL-300x200.jpg 300w, https:\/\/zoo.org\/wp-content\/uploads\/2025\/08\/2024-Quince-Monitor-JDL-768x512.jpg 768w\" sizes=\"auto, (max-width: 800px) 100vw, 800px\" \/><\/figure>\n\n\n\n<div class=\"wp-block-group is-layout-constrained wp-container-core-group-is-layout-10978406 wp-block-group-is-layout-constrained\" style=\"margin-top:0;margin-bottom:0;padding-top:0.5em;padding-right:1.5em;padding-bottom:1.5em;padding-left:1.5em\">\n<p><a href=\"https:\/\/www.zoo.org\/programs\/teen\"><\/a><strong><a href=\"\/wp-content\/uploads\/2025\/10\/What-Makes-A-Reptile-Feb-13-PPT.pptx\" target=\"_blank\" rel=\"noreferrer noopener\">\u00bfQu\u00e9 hace a un reptil?<\/a><\/strong><\/p>\n<\/div>\n<\/div>\n<\/div>\n\n<p><\/p>\n","protected":false},"excerpt":{"rendered":"<p>Recursos de cerca Acceda a recursos para prepararse para su programa Up Close ANTES DE TU PROGRAMA Presentaciones de PowerPoint de CERCA Descargue el archivo correspondiente al nombre de su [&hellip;]<\/p>\n","protected":false},"author":1,"featured_media":0,"parent":12621,"menu_order":0,"comment_status":"closed","ping_status":"closed","template":"","meta":{"_acf_changed":false,"_kad_blocks_custom_css":"","_kad_blocks_head_custom_js":"","_kad_blocks_body_custom_js":"","_kad_blocks_footer_custom_js":"","footnotes":""},"class_list":["post-12647","page","type-page","status-publish","hentry"],"blocksy_meta":[],"acf":[],"yoast_head":"<!-- This site is optimized with the Yoast SEO plugin v27.3 - https:\/\/yoast.com\/product\/yoast-seo-wordpress\/ -->\n<title>-<\/title>\n<meta name=\"description\" content=\"Para los educadores, descarguen la presentaci\u00f3n multimedia UpClose antes de que llegue un instructor del Zool\u00f3gico Woodland Park para impartir un programa.\" \/>\n<meta name=\"robots\" content=\"index, follow, max-snippet:-1, max-image-preview:large, max-video-preview:-1\" \/>\n<link rel=\"canonical\" href=\"https:\/\/zoo.org\/es\/programas-comunitarios\/de-cerca\/recursos-de-cerca\/\" \/>\n<meta property=\"og:locale\" content=\"es_ES\" \/>\n<meta property=\"og:type\" content=\"article\" \/>\n<meta property=\"og:title\" content=\"-\" \/>\n<meta property=\"og:description\" content=\"Para los educadores, descarguen la presentaci\u00f3n multimedia UpClose antes de que llegue un instructor del Zool\u00f3gico Woodland Park para impartir un programa.\" \/>\n<meta property=\"og:url\" content=\"https:\/\/zoo.org\/es\/programas-comunitarios\/de-cerca\/recursos-de-cerca\/\" \/>\n<meta property=\"og:site_name\" content=\"Zool\u00f3gico Woodland Park\" \/>\n<meta property=\"article:modified_time\" content=\"2025-12-13T01:50:22+00:00\" \/>\n<meta property=\"og:image\" content=\"https:\/\/zoo.org\/wp-content\/uploads\/2025\/08\/Support-Header-Image2.jpg?wsr\" \/>\n\t<meta property=\"og:image:width\" content=\"1920\" \/>\n\t<meta property=\"og:image:height\" content=\"400\" \/>\n\t<meta property=\"og:image:type\" content=\"image\/jpeg\" \/>\n<meta name=\"twitter:card\" content=\"summary_large_image\" \/>\n<script type=\"application\/ld+json\" class=\"yoast-schema-graph\">{\"@context\":\"https:\\\/\\\/schema.org\",\"@graph\":[{\"@type\":\"WebPage\",\"@id\":\"https:\\\/\\\/zoo.org\\\/es\\\/programas-comunitarios\\\/de-cerca\\\/recursos-de-cerca\\\/\",\"url\":\"https:\\\/\\\/zoo.org\\\/es\\\/programas-comunitarios\\\/de-cerca\\\/recursos-de-cerca\\\/\",\"name\":\"-\",\"isPartOf\":{\"@id\":\"https:\\\/\\\/zoo.org\\\/es\\\/#website\"},\"primaryImageOfPage\":{\"@id\":\"https:\\\/\\\/zoo.org\\\/es\\\/programas-comunitarios\\\/de-cerca\\\/recursos-de-cerca\\\/#primaryimage\"},\"image\":{\"@id\":\"https:\\\/\\\/zoo.org\\\/es\\\/programas-comunitarios\\\/de-cerca\\\/recursos-de-cerca\\\/#primaryimage\"},\"thumbnailUrl\":\"https:\\\/\\\/zoo.org\\\/wp-content\\\/uploads\\\/2025\\\/08\\\/Support-Header-Image2.jpg\",\"datePublished\":\"2025-10-01T20:10:23+00:00\",\"dateModified\":\"2025-12-13T01:50:22+00:00\",\"description\":\"Para los educadores, descarguen la presentaci\u00f3n multimedia UpClose antes de que llegue un instructor del Zool\u00f3gico Woodland Park para impartir un programa.\",\"breadcrumb\":{\"@id\":\"https:\\\/\\\/zoo.org\\\/es\\\/programas-comunitarios\\\/de-cerca\\\/recursos-de-cerca\\\/#breadcrumb\"},\"inLanguage\":\"es\",\"potentialAction\":[{\"@type\":\"ReadAction\",\"target\":[\"https:\\\/\\\/zoo.org\\\/es\\\/programas-comunitarios\\\/de-cerca\\\/recursos-de-cerca\\\/\"]}]},{\"@type\":\"ImageObject\",\"inLanguage\":\"es\",\"@id\":\"https:\\\/\\\/zoo.org\\\/es\\\/programas-comunitarios\\\/de-cerca\\\/recursos-de-cerca\\\/#primaryimage\",\"url\":\"https:\\\/\\\/zoo.org\\\/wp-content\\\/uploads\\\/2025\\\/08\\\/Support-Header-Image2.jpg\",\"contentUrl\":\"https:\\\/\\\/zoo.org\\\/wp-content\\\/uploads\\\/2025\\\/08\\\/Support-Header-Image2.jpg\"},{\"@type\":\"BreadcrumbList\",\"@id\":\"https:\\\/\\\/zoo.org\\\/es\\\/programas-comunitarios\\\/de-cerca\\\/recursos-de-cerca\\\/#breadcrumb\",\"itemListElement\":[{\"@type\":\"ListItem\",\"position\":1,\"name\":\"Hogar\",\"item\":\"https:\\\/\\\/zoo.org\\\/es\\\/\"},{\"@type\":\"ListItem\",\"position\":2,\"name\":\"Programas comunitarios\",\"item\":\"https:\\\/\\\/zoo.org\\\/es\\\/programas-comunitarios\\\/\"},{\"@type\":\"ListItem\",\"position\":3,\"name\":\"De cerca\",\"item\":\"https:\\\/\\\/zoo.org\\\/es\\\/programas-comunitarios\\\/de-cerca\\\/\"},{\"@type\":\"ListItem\",\"position\":4,\"name\":\"Recursos de cerca\"}]},{\"@type\":\"WebSite\",\"@id\":\"https:\\\/\\\/zoo.org\\\/es\\\/#website\",\"url\":\"https:\\\/\\\/zoo.org\\\/es\\\/\",\"name\":\"Zool\u00f3gico Woodland Park\",\"description\":\"El Zool\u00f3gico Woodland Park salva la vida silvestre e inspira a todos a hacer de la conservaci\u00f3n una prioridad en sus vidas.\",\"publisher\":{\"@id\":\"https:\\\/\\\/zoo.org\\\/es\\\/#organization\"},\"potentialAction\":[{\"@type\":\"SearchAction\",\"target\":{\"@type\":\"EntryPoint\",\"urlTemplate\":\"https:\\\/\\\/zoo.org\\\/es\\\/?s={search_term_string}\"},\"query-input\":{\"@type\":\"PropertyValueSpecification\",\"valueRequired\":true,\"valueName\":\"search_term_string\"}}],\"inLanguage\":\"es\"},{\"@type\":\"Organization\",\"@id\":\"https:\\\/\\\/zoo.org\\\/es\\\/#organization\",\"name\":\"Zool\u00f3gico Woodland Park\",\"url\":\"https:\\\/\\\/zoo.org\\\/es\\\/\",\"logo\":{\"@type\":\"ImageObject\",\"inLanguage\":\"es\",\"@id\":\"https:\\\/\\\/zoo.org\\\/es\\\/#\\\/schema\\\/logo\\\/image\\\/\",\"url\":\"https:\\\/\\\/zoo.org\\\/wp-content\\\/uploads\\\/2026\\\/01\\\/WPZ-Logo_white-SVG.svg?wsr\",\"contentUrl\":\"https:\\\/\\\/zoo.org\\\/wp-content\\\/uploads\\\/2026\\\/01\\\/WPZ-Logo_white-SVG.svg?wsr\",\"width\":288,\"height\":282,\"caption\":\"Zool\u00f3gico Woodland Park\"},\"image\":{\"@id\":\"https:\\\/\\\/zoo.org\\\/es\\\/#\\\/schema\\\/logo\\\/image\\\/\"}}]}<\/script>\n<!-- \/ Yoast SEO plugin. -->","yoast_head_json":{"title":"-","description":"Para los educadores, descarguen la presentaci\u00f3n multimedia UpClose antes de que llegue un instructor del Zool\u00f3gico Woodland Park para impartir un programa.","robots":{"index":"index","follow":"follow","max-snippet":"max-snippet:-1","max-image-preview":"max-image-preview:large","max-video-preview":"max-video-preview:-1"},"canonical":"https:\/\/zoo.org\/es\/programas-comunitarios\/de-cerca\/recursos-de-cerca\/","og_locale":"es_ES","og_type":"article","og_title":"-","og_description":"Para los educadores, descarguen la presentaci\u00f3n multimedia UpClose antes de que llegue un instructor del Zool\u00f3gico Woodland Park para impartir un programa.","og_url":"https:\/\/zoo.org\/es\/programas-comunitarios\/de-cerca\/recursos-de-cerca\/","og_site_name":"Zool\u00f3gico Woodland Park","article_modified_time":"2025-12-13T01:50:22+00:00","og_image":[{"width":1920,"height":400,"url":"https:\/\/zoo.org\/wp-content\/uploads\/2025\/08\/Support-Header-Image2.jpg?wsr","type":"image\/jpeg"}],"twitter_card":"summary_large_image","schema":{"@context":"https:\/\/schema.org","@graph":[{"@type":"WebPage","@id":"https:\/\/zoo.org\/es\/programas-comunitarios\/de-cerca\/recursos-de-cerca\/","url":"https:\/\/zoo.org\/es\/programas-comunitarios\/de-cerca\/recursos-de-cerca\/","name":"-","isPartOf":{"@id":"https:\/\/zoo.org\/es\/#website"},"primaryImageOfPage":{"@id":"https:\/\/zoo.org\/es\/programas-comunitarios\/de-cerca\/recursos-de-cerca\/#primaryimage"},"image":{"@id":"https:\/\/zoo.org\/es\/programas-comunitarios\/de-cerca\/recursos-de-cerca\/#primaryimage"},"thumbnailUrl":"https:\/\/zoo.org\/wp-content\/uploads\/2025\/08\/Support-Header-Image2.jpg","datePublished":"2025-10-01T20:10:23+00:00","dateModified":"2025-12-13T01:50:22+00:00","description":"Para los educadores, descarguen la presentaci\u00f3n multimedia UpClose antes de que llegue un instructor del Zool\u00f3gico Woodland Park para impartir un programa.","breadcrumb":{"@id":"https:\/\/zoo.org\/es\/programas-comunitarios\/de-cerca\/recursos-de-cerca\/#breadcrumb"},"inLanguage":"es","potentialAction":[{"@type":"ReadAction","target":["https:\/\/zoo.org\/es\/programas-comunitarios\/de-cerca\/recursos-de-cerca\/"]}]},{"@type":"ImageObject","inLanguage":"es","@id":"https:\/\/zoo.org\/es\/programas-comunitarios\/de-cerca\/recursos-de-cerca\/#primaryimage","url":"https:\/\/zoo.org\/wp-content\/uploads\/2025\/08\/Support-Header-Image2.jpg","contentUrl":"https:\/\/zoo.org\/wp-content\/uploads\/2025\/08\/Support-Header-Image2.jpg"},{"@type":"BreadcrumbList","@id":"https:\/\/zoo.org\/es\/programas-comunitarios\/de-cerca\/recursos-de-cerca\/#breadcrumb","itemListElement":[{"@type":"ListItem","position":1,"name":"Hogar","item":"https:\/\/zoo.org\/es\/"},{"@type":"ListItem","position":2,"name":"Programas comunitarios","item":"https:\/\/zoo.org\/es\/programas-comunitarios\/"},{"@type":"ListItem","position":3,"name":"De cerca","item":"https:\/\/zoo.org\/es\/programas-comunitarios\/de-cerca\/"},{"@type":"ListItem","position":4,"name":"Recursos de cerca"}]},{"@type":"WebSite","@id":"https:\/\/zoo.org\/es\/#website","url":"https:\/\/zoo.org\/es\/","name":"Zool\u00f3gico Woodland Park","description":"El Zool\u00f3gico Woodland Park salva la vida silvestre e inspira a todos a hacer de la conservaci\u00f3n una prioridad en sus vidas.","publisher":{"@id":"https:\/\/zoo.org\/es\/#organization"},"potentialAction":[{"@type":"SearchAction","target":{"@type":"EntryPoint","urlTemplate":"https:\/\/zoo.org\/es\/?s={search_term_string}"},"query-input":{"@type":"PropertyValueSpecification","valueRequired":true,"valueName":"search_term_string"}}],"inLanguage":"es"},{"@type":"Organization","@id":"https:\/\/zoo.org\/es\/#organization","name":"Zool\u00f3gico Woodland Park","url":"https:\/\/zoo.org\/es\/","logo":{"@type":"ImageObject","inLanguage":"es","@id":"https:\/\/zoo.org\/es\/#\/schema\/logo\/image\/","url":"https:\/\/zoo.org\/wp-content\/uploads\/2026\/01\/WPZ-Logo_white-SVG.svg?wsr","contentUrl":"https:\/\/zoo.org\/wp-content\/uploads\/2026\/01\/WPZ-Logo_white-SVG.svg?wsr","width":288,"height":282,"caption":"Zool\u00f3gico Woodland Park"},"image":{"@id":"https:\/\/zoo.org\/es\/#\/schema\/logo\/image\/"}}]}},"taxonomy_info":[],"featured_image_src_large":false,"author_info":{"display_name":"jloughlin","author_link":"https:\/\/zoo.org\/es\/author\/jloughlin\/"},"comment_info":0,"_links":{"self":[{"href":"https:\/\/zoo.org\/es\/wp-json\/wp\/v2\/pages\/12647","targetHints":{"allow":["GET"]}}],"collection":[{"href":"https:\/\/zoo.org\/es\/wp-json\/wp\/v2\/pages"}],"about":[{"href":"https:\/\/zoo.org\/es\/wp-json\/wp\/v2\/types\/page"}],"author":[{"embeddable":true,"href":"https:\/\/zoo.org\/es\/wp-json\/wp\/v2\/users\/1"}],"replies":[{"embeddable":true,"href":"https:\/\/zoo.org\/es\/wp-json\/wp\/v2\/comments?post=12647"}],"version-history":[{"count":0,"href":"https:\/\/zoo.org\/es\/wp-json\/wp\/v2\/pages\/12647\/revisions"}],"up":[{"embeddable":true,"href":"https:\/\/zoo.org\/es\/wp-json\/wp\/v2\/pages\/12621"}],"wp:attachment":[{"href":"https:\/\/zoo.org\/es\/wp-json\/wp\/v2\/media?parent=12647"}],"curies":[{"name":"wp","href":"https:\/\/api.w.org\/{rel}","templated":true}]}}