{"id":12734,"date":"2025-10-14T10:06:39","date_gmt":"2025-10-14T17:06:39","guid":{"rendered":"https:\/\/zoo.org\/bosques-para-todos\/noticias-y-eventos-de-la-ffa\/"},"modified":"2025-12-12T17:50:47","modified_gmt":"2025-12-13T01:50:47","slug":"noticias-y-eventos-de-la-ffa","status":"publish","type":"page","link":"https:\/\/zoo.org\/es\/bosques-para-todos\/noticias-y-eventos-de-la-ffa\/","title":{"rendered":"Noticias y eventos de la FFA"},"content":{"rendered":"\n<div class=\"wp-block-cover alignfull hero\" style=\"margin-top:0;margin-bottom:0\"><img loading=\"lazy\" decoding=\"async\" width=\"1920\" height=\"400\" class=\"wp-block-cover__image-background wp-image-1157 size-full\" alt=\"\" src=\"https:\/\/zoo.org\/wp-content\/uploads\/2025\/05\/Lynx-Forest-Header-Image.jpg\" data-object-fit=\"cover\" srcset=\"https:\/\/zoo.org\/wp-content\/uploads\/2025\/05\/Lynx-Forest-Header-Image.jpg 1920w, https:\/\/zoo.org\/wp-content\/uploads\/2025\/05\/Lynx-Forest-Header-Image-300x63.jpg 300w, https:\/\/zoo.org\/wp-content\/uploads\/2025\/05\/Lynx-Forest-Header-Image-1024x213.jpg 1024w, https:\/\/zoo.org\/wp-content\/uploads\/2025\/05\/Lynx-Forest-Header-Image-768x160.jpg 768w, https:\/\/zoo.org\/wp-content\/uploads\/2025\/05\/Lynx-Forest-Header-Image-1536x320.jpg 1536w\" sizes=\"auto, (max-width: 1920px) 100vw, 1920px\" \/><span aria-hidden=\"true\" class=\"wp-block-cover__background has-background-dim-0 has-background-dim\" style=\"background-color:#636e5d\"><\/span><div class=\"wp-block-cover__inner-container is-layout-constrained wp-block-cover-is-layout-constrained\">\n<p class=\"has-text-align-center has-large-font-size\"><\/p>\n<\/div><\/div>\n\n<div class=\"wp-block-group is-layout-constrained wp-block-group-is-layout-constrained\" style=\"margin-top:2em;margin-bottom:3em\">\n<h1 class=\"wp-block-heading has-text-align-center\" style=\"margin-top:0.65em;margin-bottom:0.275em\">NOTICIAS Y EVENTOS<\/h1>\n\n\n\n<p class=\"has-text-align-center has-palette-color-3-color has-text-color has-link-color wp-elements-0921d300519186c103fe289b9dddc21f\" style=\"margin-bottom:1em;font-size:clamp(0.984em, 0.984rem + ((1vw - 0.2em) * 0.645), 1.5em);font-style:normal;font-weight:500;line-height:1.5\"><strong><strong>Mant\u00e9ngase al d\u00eda con los acontecimientos de la campa\u00f1a<\/strong><\/strong><\/p>\n<\/div>\n\n<div class=\"wp-block-group alignfull divider is-layout-constrained wp-block-group-is-layout-constrained\">\n<h2 class=\"wp-block-heading alignfull has-text-align-center\">EN LAS NOTICIAS<\/h2>\n<\/div>\n\n<h3 class=\"wp-block-heading\">Actualizaciones de campa\u00f1a<\/h3>\n\n<h4 class=\"wp-block-heading\">Descubra qu\u00e9 est\u00e1 pasando con los bosques para todos<\/h4>\n\n<p>Mant\u00e9ngase al tanto de las \u00faltimas novedades de la Campa\u00f1a Bosques para Todos. Nuestra p\u00e1gina de Noticias y Eventos le ayudar\u00e1 a conocer todos los emocionantes hitos y momentos que ocurren en el zool\u00f3gico gracias a esta importante iniciativa de recaudaci\u00f3n de fondos. <\/p>\n\n<p>Ya sea que sea nuevo en el zool\u00f3gico o un seguidor desde hace mucho tiempo, queremos que tenga la informaci\u00f3n m\u00e1s reciente sobre c\u00f3mo la campa\u00f1a nos permite salvar la vida silvestre y los h\u00e1bitats para el futuro de nuestro planeta y c\u00f3mo puede unirse al movimiento.<\/p>\n\n<p><strong>Contin\u00fae leyendo para conocer c\u00f3mo se destaca la campa\u00f1a en los medios, en nuestro sitio web y en todo nuestro zool\u00f3gico:<\/strong><\/p>\n\n<h3 class=\"wp-block-heading\">De nuestro blog<\/h3>\n\n<div id=\"flockler-embed-18d18f0aeab0a149e0d0b193a9de3aaa\"><\/div>\n<script src=\"https:\/\/plugins.flockler.com\/embed\/188e505232806882778f7edcb1edc6d2\/18d18f0aeab0a149e0d0b193a9de3aaa\" async=\"\"><\/script>\n\n<h3 class=\"wp-block-heading\">Cobertura de noticias<\/h3>\n\n<ul class=\"wp-block-list\">\n<li><a href=\"https:\/\/www.kiro7.com\/station\/season-4-episode-4-ghosts-forest\/a86cc177-6e90-4fe8-8b87-d4230e0098ee\/\" target=\"_blank\" rel=\"noreferrer noopener\">Especial de Vida Silvestre de KIRO TV: Episodio completo de \u201cFantasmas del Bosque\u201d<\/a><\/li>\n\n\n\n<li><a href=\"https:\/\/www.seattletimes.com\/seattle-news\/immersive-exhibit-with-tree-kangaroos-red-pandas-coming-to-seattle\/\" target=\"_blank\" rel=\"noreferrer noopener\">Una exposici\u00f3n inmersiva con canguros arbor\u00edcolas y pandas rojos llega a Seattle<\/a><\/li>\n\n\n\n<li><a href=\"https:\/\/komonews.com\/news\/local\/new-exhibit-that-will-feature-faces-of-the-forest-is-coming-to-the-woodland-park-zoo\" target=\"_blank\" rel=\"noreferrer noopener\">Una nueva exhibici\u00f3n con rostros del bosque llega al Zool\u00f3gico Woodland Park<\/a><\/li>\n\n\n\n<li><a href=\"https:\/\/www.westsideseattle.com\/ballard-news-tribune\/2022\/10\/27\/woodland-park-zoo-announces-contractor-new-forests-all-exhibit\" target=\"_blank\" rel=\"noreferrer noopener\">El zool\u00f3gico Woodland Park anuncia al contratista para la nueva exhibici\u00f3n Bosques para todos<\/a><\/li>\n\n\n\n<li><a href=\"https:\/\/www.djc.com\/news\/co\/12149490.html\" target=\"_blank\" rel=\"noreferrer noopener\">El zool\u00f3gico busca contratista para construir una nueva exhibici\u00f3n forestal<\/a><\/li>\n<\/ul>\n\n<div class=\"wp-block-group alignfull divider is-layout-constrained wp-block-group-is-layout-constrained\">\n<h2 class=\"wp-block-heading alignfull has-text-align-center\">Eventos<\/h2>\n<\/div>\n\n<div class=\"wp-block-group is-layout-constrained wp-block-group-is-layout-constrained\"><style>.kt-sc6274_028c7e-f4 .kt-sc-imgcol, .kt-sc6274_028c7e-f4 .kt-sc-textcol{min-height:345px;}.kt-sc6274_028c7e-f4 .kt-sc-imgcol{background-size:cover;background-image:url(https:\/\/zoo.org\/wp-content\/uploads\/2025\/09\/Forests-For-All-Coloring-Activity-Packet-Cover-Image.jpg);}.kt-sc6274_028c7e-f4 .kt-sc-textcol{padding-top:1em;padding-right:1.5em;padding-bottom:1em;padding-left:1.5em;}@media all and (max-width: 767px){.kt-sc6274_028c7e-f4 .kt-sc-imgcol, .kt-sc6274_028c7e-f4 .kt-sc-textcol{min-height:275px;}}<\/style>\n<div class=\"aligncenter kt-sc6274_028c7e-f4 wp-block-kadence-splitcontent\"><div class=\"kt-split-content-wrap kt-sc-media-side-left\" style=\"grid-template-columns:32% auto\"><div class=\"kt-sc-imgcol kt-sc-imgcol-bg-cover kt-sc-img-side-left\"><\/div><div class=\"kt-sc-textcol kt-sc-text-valign-center kt-sc-text-halign-left\" style=\"background-color:var(--theme-palette-color-17, #E6E6E6)\"><div class=\"kt-sc-innter-col\">\n<h3 class=\"wp-block-heading\">Paquete de actividades Bosques para todos los ni\u00f1os<\/h3>\n\n\n\n<p>Juntos, imaginamos un futuro donde bosques frondosos, una fauna vibrante y comunidades pr\u00f3speras convivan en armon\u00eda. Donde las personas y la naturaleza prosperen por igual. Celebre nuestra campa\u00f1a \u00abBosques para Todos\u00bb con los futuros conservacionistas de su vida: un paquete de actividades infantiles muy especial les ayudar\u00e1 a conectar con la misi\u00f3n de la nueva exhibici\u00f3n. Como guardianes del futuro, su pasi\u00f3n por proteger la vida silvestre comienza ahora.   <\/p>\n\n\n\n<p><a href=\"https:\/\/zoo.org\/wp-content\/uploads\/2025\/10\/Forests-For-All-Coloring-Activity-Packet.pdf\" target=\"_blank\" rel=\"noreferrer noopener\">Descargar ahora<\/a><\/p>\n<\/div><\/div><\/div><\/div>\n<\/div>\n","protected":false},"excerpt":{"rendered":"<p>NOTICIAS Y EVENTOS Mant\u00e9ngase al d\u00eda con los acontecimientos de la campa\u00f1a EN LAS NOTICIAS Actualizaciones de campa\u00f1a Descubra qu\u00e9 est\u00e1 pasando con los bosques para todos Mant\u00e9ngase al tanto [&hellip;]<\/p>\n","protected":false},"author":1,"featured_media":9998,"parent":12105,"menu_order":0,"comment_status":"closed","ping_status":"closed","template":"","meta":{"_acf_changed":false,"_kad_blocks_custom_css":"","_kad_blocks_head_custom_js":"","_kad_blocks_body_custom_js":"","_kad_blocks_footer_custom_js":"","footnotes":""},"class_list":["post-12734","page","type-page","status-publish","has-post-thumbnail","hentry"],"blocksy_meta":{"vertical_spacing_source":"custom","content_area_spacing":"bottom","styles_descriptor":{"styles":{"desktop":"","tablet":"","mobile":""},"google_fonts":[],"version":6}},"acf":[],"yoast_head":"<!-- This site is optimized with the Yoast SEO plugin v27.3 - https:\/\/yoast.com\/product\/yoast-seo-wordpress\/ -->\n<title>-<\/title>\n<meta name=\"description\" content=\"\u00danete al movimiento para proteger los bosques para los animales, las personas y la acci\u00f3n clim\u00e1tica. Ayuda al Zool\u00f3gico Woodland Park a crear la experiencia de exhibici\u00f3n &quot;Bosques para Todos&quot;.\" \/>\n<meta name=\"robots\" content=\"index, follow, max-snippet:-1, max-image-preview:large, max-video-preview:-1\" \/>\n<link rel=\"canonical\" href=\"https:\/\/zoo.org\/es\/bosques-para-todos\/noticias-y-eventos-de-la-ffa\/\" \/>\n<meta property=\"og:locale\" content=\"es_ES\" \/>\n<meta property=\"og:type\" content=\"article\" \/>\n<meta property=\"og:title\" content=\"-\" \/>\n<meta property=\"og:description\" content=\"\u00danete al movimiento para proteger los bosques para los animales, las personas y la acci\u00f3n clim\u00e1tica. Ayuda al Zool\u00f3gico Woodland Park a crear la experiencia de exhibici\u00f3n &quot;Bosques para Todos&quot;.\" \/>\n<meta property=\"og:url\" content=\"https:\/\/zoo.org\/es\/bosques-para-todos\/noticias-y-eventos-de-la-ffa\/\" \/>\n<meta property=\"og:site_name\" content=\"Zool\u00f3gico Woodland Park\" \/>\n<meta property=\"article:modified_time\" content=\"2025-12-13T01:50:47+00:00\" \/>\n<meta property=\"og:image\" content=\"https:\/\/zoo.org\/wp-content\/uploads\/2025\/10\/FFA-2024-Exterior-C-800x533-web.jpg\" \/>\n\t<meta property=\"og:image:width\" content=\"800\" \/>\n\t<meta property=\"og:image:height\" content=\"533\" \/>\n\t<meta property=\"og:image:type\" content=\"image\/jpeg\" \/>\n<meta name=\"twitter:card\" content=\"summary_large_image\" \/>\n<script type=\"application\/ld+json\" class=\"yoast-schema-graph\">{\"@context\":\"https:\\\/\\\/schema.org\",\"@graph\":[{\"@type\":\"WebPage\",\"@id\":\"https:\\\/\\\/zoo.org\\\/es\\\/bosques-para-todos\\\/noticias-y-eventos-de-la-ffa\\\/\",\"url\":\"https:\\\/\\\/zoo.org\\\/es\\\/bosques-para-todos\\\/noticias-y-eventos-de-la-ffa\\\/\",\"name\":\"-\",\"isPartOf\":{\"@id\":\"https:\\\/\\\/zoo.org\\\/es\\\/#website\"},\"primaryImageOfPage\":{\"@id\":\"https:\\\/\\\/zoo.org\\\/es\\\/bosques-para-todos\\\/noticias-y-eventos-de-la-ffa\\\/#primaryimage\"},\"image\":{\"@id\":\"https:\\\/\\\/zoo.org\\\/es\\\/bosques-para-todos\\\/noticias-y-eventos-de-la-ffa\\\/#primaryimage\"},\"thumbnailUrl\":\"https:\\\/\\\/zoo.org\\\/wp-content\\\/uploads\\\/2025\\\/10\\\/FFA-2024-Exterior-C-800x533-web.jpg?wsr\",\"datePublished\":\"2025-10-14T17:06:39+00:00\",\"dateModified\":\"2025-12-13T01:50:47+00:00\",\"description\":\"\u00danete al movimiento para proteger los bosques para los animales, las personas y la acci\u00f3n clim\u00e1tica. Ayuda al Zool\u00f3gico Woodland Park a crear la experiencia de exhibici\u00f3n \\\"Bosques para Todos\\\".\",\"breadcrumb\":{\"@id\":\"https:\\\/\\\/zoo.org\\\/es\\\/bosques-para-todos\\\/noticias-y-eventos-de-la-ffa\\\/#breadcrumb\"},\"inLanguage\":\"es\",\"potentialAction\":[{\"@type\":\"ReadAction\",\"target\":[\"https:\\\/\\\/zoo.org\\\/es\\\/bosques-para-todos\\\/noticias-y-eventos-de-la-ffa\\\/\"]}]},{\"@type\":\"ImageObject\",\"inLanguage\":\"es\",\"@id\":\"https:\\\/\\\/zoo.org\\\/es\\\/bosques-para-todos\\\/noticias-y-eventos-de-la-ffa\\\/#primaryimage\",\"url\":\"https:\\\/\\\/zoo.org\\\/wp-content\\\/uploads\\\/2025\\\/10\\\/FFA-2024-Exterior-C-800x533-web.jpg?wsr\",\"contentUrl\":\"https:\\\/\\\/zoo.org\\\/wp-content\\\/uploads\\\/2025\\\/10\\\/FFA-2024-Exterior-C-800x533-web.jpg?wsr\",\"width\":800,\"height\":533,\"caption\":\"Un moderno edificio de dos plantas con amplios ventanales y un balc\u00f3n de madera est\u00e1 rodeado de altos \u00e1rboles y exuberante vegetaci\u00f3n. La gente camina y se detiene en el balc\u00f3n y en la planta baja, disfrutando del entorno natural.\"},{\"@type\":\"BreadcrumbList\",\"@id\":\"https:\\\/\\\/zoo.org\\\/es\\\/bosques-para-todos\\\/noticias-y-eventos-de-la-ffa\\\/#breadcrumb\",\"itemListElement\":[{\"@type\":\"ListItem\",\"position\":1,\"name\":\"Hogar\",\"item\":\"https:\\\/\\\/zoo.org\\\/es\\\/\"},{\"@type\":\"ListItem\",\"position\":2,\"name\":\"Bosques para todos\",\"item\":\"https:\\\/\\\/zoo.org\\\/es\\\/bosques-para-todos\\\/\"},{\"@type\":\"ListItem\",\"position\":3,\"name\":\"Noticias y eventos de la FFA\"}]},{\"@type\":\"WebSite\",\"@id\":\"https:\\\/\\\/zoo.org\\\/es\\\/#website\",\"url\":\"https:\\\/\\\/zoo.org\\\/es\\\/\",\"name\":\"Zool\u00f3gico Woodland Park\",\"description\":\"El Zool\u00f3gico Woodland Park salva la vida silvestre e inspira a todos a hacer de la conservaci\u00f3n una prioridad en sus vidas.\",\"publisher\":{\"@id\":\"https:\\\/\\\/zoo.org\\\/es\\\/#organization\"},\"potentialAction\":[{\"@type\":\"SearchAction\",\"target\":{\"@type\":\"EntryPoint\",\"urlTemplate\":\"https:\\\/\\\/zoo.org\\\/es\\\/?s={search_term_string}\"},\"query-input\":{\"@type\":\"PropertyValueSpecification\",\"valueRequired\":true,\"valueName\":\"search_term_string\"}}],\"inLanguage\":\"es\"},{\"@type\":\"Organization\",\"@id\":\"https:\\\/\\\/zoo.org\\\/es\\\/#organization\",\"name\":\"Zool\u00f3gico Woodland Park\",\"url\":\"https:\\\/\\\/zoo.org\\\/es\\\/\",\"logo\":{\"@type\":\"ImageObject\",\"inLanguage\":\"es\",\"@id\":\"https:\\\/\\\/zoo.org\\\/es\\\/#\\\/schema\\\/logo\\\/image\\\/\",\"url\":\"https:\\\/\\\/zoo.org\\\/wp-content\\\/uploads\\\/2026\\\/01\\\/WPZ-Logo_white-SVG.svg?wsr\",\"contentUrl\":\"https:\\\/\\\/zoo.org\\\/wp-content\\\/uploads\\\/2026\\\/01\\\/WPZ-Logo_white-SVG.svg?wsr\",\"width\":288,\"height\":282,\"caption\":\"Zool\u00f3gico Woodland Park\"},\"image\":{\"@id\":\"https:\\\/\\\/zoo.org\\\/es\\\/#\\\/schema\\\/logo\\\/image\\\/\"}}]}<\/script>\n<!-- \/ Yoast SEO plugin. -->","yoast_head_json":{"title":"-","description":"\u00danete al movimiento para proteger los bosques para los animales, las personas y la acci\u00f3n clim\u00e1tica. Ayuda al Zool\u00f3gico Woodland Park a crear la experiencia de exhibici\u00f3n \"Bosques para Todos\".","robots":{"index":"index","follow":"follow","max-snippet":"max-snippet:-1","max-image-preview":"max-image-preview:large","max-video-preview":"max-video-preview:-1"},"canonical":"https:\/\/zoo.org\/es\/bosques-para-todos\/noticias-y-eventos-de-la-ffa\/","og_locale":"es_ES","og_type":"article","og_title":"-","og_description":"\u00danete al movimiento para proteger los bosques para los animales, las personas y la acci\u00f3n clim\u00e1tica. Ayuda al Zool\u00f3gico Woodland Park a crear la experiencia de exhibici\u00f3n \"Bosques para Todos\".","og_url":"https:\/\/zoo.org\/es\/bosques-para-todos\/noticias-y-eventos-de-la-ffa\/","og_site_name":"Zool\u00f3gico Woodland Park","article_modified_time":"2025-12-13T01:50:47+00:00","og_image":[{"width":800,"height":533,"url":"https:\/\/zoo.org\/wp-content\/uploads\/2025\/10\/FFA-2024-Exterior-C-800x533-web.jpg","type":"image\/jpeg"}],"twitter_card":"summary_large_image","schema":{"@context":"https:\/\/schema.org","@graph":[{"@type":"WebPage","@id":"https:\/\/zoo.org\/es\/bosques-para-todos\/noticias-y-eventos-de-la-ffa\/","url":"https:\/\/zoo.org\/es\/bosques-para-todos\/noticias-y-eventos-de-la-ffa\/","name":"-","isPartOf":{"@id":"https:\/\/zoo.org\/es\/#website"},"primaryImageOfPage":{"@id":"https:\/\/zoo.org\/es\/bosques-para-todos\/noticias-y-eventos-de-la-ffa\/#primaryimage"},"image":{"@id":"https:\/\/zoo.org\/es\/bosques-para-todos\/noticias-y-eventos-de-la-ffa\/#primaryimage"},"thumbnailUrl":"https:\/\/zoo.org\/wp-content\/uploads\/2025\/10\/FFA-2024-Exterior-C-800x533-web.jpg?wsr","datePublished":"2025-10-14T17:06:39+00:00","dateModified":"2025-12-13T01:50:47+00:00","description":"\u00danete al movimiento para proteger los bosques para los animales, las personas y la acci\u00f3n clim\u00e1tica. Ayuda al Zool\u00f3gico Woodland Park a crear la experiencia de exhibici\u00f3n \"Bosques para Todos\".","breadcrumb":{"@id":"https:\/\/zoo.org\/es\/bosques-para-todos\/noticias-y-eventos-de-la-ffa\/#breadcrumb"},"inLanguage":"es","potentialAction":[{"@type":"ReadAction","target":["https:\/\/zoo.org\/es\/bosques-para-todos\/noticias-y-eventos-de-la-ffa\/"]}]},{"@type":"ImageObject","inLanguage":"es","@id":"https:\/\/zoo.org\/es\/bosques-para-todos\/noticias-y-eventos-de-la-ffa\/#primaryimage","url":"https:\/\/zoo.org\/wp-content\/uploads\/2025\/10\/FFA-2024-Exterior-C-800x533-web.jpg?wsr","contentUrl":"https:\/\/zoo.org\/wp-content\/uploads\/2025\/10\/FFA-2024-Exterior-C-800x533-web.jpg?wsr","width":800,"height":533,"caption":"Un moderno edificio de dos plantas con amplios ventanales y un balc\u00f3n de madera est\u00e1 rodeado de altos \u00e1rboles y exuberante vegetaci\u00f3n. La gente camina y se detiene en el balc\u00f3n y en la planta baja, disfrutando del entorno natural."},{"@type":"BreadcrumbList","@id":"https:\/\/zoo.org\/es\/bosques-para-todos\/noticias-y-eventos-de-la-ffa\/#breadcrumb","itemListElement":[{"@type":"ListItem","position":1,"name":"Hogar","item":"https:\/\/zoo.org\/es\/"},{"@type":"ListItem","position":2,"name":"Bosques para todos","item":"https:\/\/zoo.org\/es\/bosques-para-todos\/"},{"@type":"ListItem","position":3,"name":"Noticias y eventos de la FFA"}]},{"@type":"WebSite","@id":"https:\/\/zoo.org\/es\/#website","url":"https:\/\/zoo.org\/es\/","name":"Zool\u00f3gico Woodland Park","description":"El Zool\u00f3gico Woodland Park salva la vida silvestre e inspira a todos a hacer de la conservaci\u00f3n una prioridad en sus vidas.","publisher":{"@id":"https:\/\/zoo.org\/es\/#organization"},"potentialAction":[{"@type":"SearchAction","target":{"@type":"EntryPoint","urlTemplate":"https:\/\/zoo.org\/es\/?s={search_term_string}"},"query-input":{"@type":"PropertyValueSpecification","valueRequired":true,"valueName":"search_term_string"}}],"inLanguage":"es"},{"@type":"Organization","@id":"https:\/\/zoo.org\/es\/#organization","name":"Zool\u00f3gico Woodland Park","url":"https:\/\/zoo.org\/es\/","logo":{"@type":"ImageObject","inLanguage":"es","@id":"https:\/\/zoo.org\/es\/#\/schema\/logo\/image\/","url":"https:\/\/zoo.org\/wp-content\/uploads\/2026\/01\/WPZ-Logo_white-SVG.svg?wsr","contentUrl":"https:\/\/zoo.org\/wp-content\/uploads\/2026\/01\/WPZ-Logo_white-SVG.svg?wsr","width":288,"height":282,"caption":"Zool\u00f3gico Woodland Park"},"image":{"@id":"https:\/\/zoo.org\/es\/#\/schema\/logo\/image\/"}}]}},"taxonomy_info":[],"featured_image_src_large":["https:\/\/zoo.org\/wp-content\/uploads\/2025\/10\/FFA-2024-Exterior-C-800x533-web.jpg?wsr",800,533,false],"author_info":{"display_name":"jloughlin","author_link":"https:\/\/zoo.org\/es\/author\/jloughlin\/"},"comment_info":0,"_links":{"self":[{"href":"https:\/\/zoo.org\/es\/wp-json\/wp\/v2\/pages\/12734","targetHints":{"allow":["GET"]}}],"collection":[{"href":"https:\/\/zoo.org\/es\/wp-json\/wp\/v2\/pages"}],"about":[{"href":"https:\/\/zoo.org\/es\/wp-json\/wp\/v2\/types\/page"}],"author":[{"embeddable":true,"href":"https:\/\/zoo.org\/es\/wp-json\/wp\/v2\/users\/1"}],"replies":[{"embeddable":true,"href":"https:\/\/zoo.org\/es\/wp-json\/wp\/v2\/comments?post=12734"}],"version-history":[{"count":0,"href":"https:\/\/zoo.org\/es\/wp-json\/wp\/v2\/pages\/12734\/revisions"}],"up":[{"embeddable":true,"href":"https:\/\/zoo.org\/es\/wp-json\/wp\/v2\/pages\/12105"}],"wp:featuredmedia":[{"embeddable":true,"href":"https:\/\/zoo.org\/es\/wp-json\/wp\/v2\/media\/9998"}],"wp:attachment":[{"href":"https:\/\/zoo.org\/es\/wp-json\/wp\/v2\/media?parent=12734"}],"curies":[{"name":"wp","href":"https:\/\/api.w.org\/{rel}","templated":true}]}}