{"id":12758,"date":"2025-10-14T10:14:06","date_gmt":"2025-10-14T17:14:06","guid":{"rendered":"https:\/\/zoo.org\/bosques-para-todos\/preguntas-frecuentes-sobre-la-ffa\/"},"modified":"2025-12-12T17:50:57","modified_gmt":"2025-12-13T01:50:57","slug":"preguntas-frecuentes-sobre-la-ffa","status":"publish","type":"page","link":"https:\/\/zoo.org\/es\/bosques-para-todos\/preguntas-frecuentes-sobre-la-ffa\/","title":{"rendered":"Preguntas frecuentes sobre la FFA"},"content":{"rendered":"\n<div class=\"wp-block-cover alignfull hero\" style=\"margin-top:0;margin-bottom:0\"><img loading=\"lazy\" decoding=\"async\" width=\"1800\" height=\"494\" class=\"wp-block-cover__image-background wp-image-3925 size-full\" alt=\"\" src=\"https:\/\/zoo.org\/wp-content\/uploads\/2025\/08\/homepage-header.jpg\" data-object-fit=\"cover\" srcset=\"https:\/\/zoo.org\/wp-content\/uploads\/2025\/08\/homepage-header.jpg 1800w, https:\/\/zoo.org\/wp-content\/uploads\/2025\/08\/homepage-header-300x82.jpg 300w, https:\/\/zoo.org\/wp-content\/uploads\/2025\/08\/homepage-header-1024x281.jpg 1024w, https:\/\/zoo.org\/wp-content\/uploads\/2025\/08\/homepage-header-768x211.jpg 768w, https:\/\/zoo.org\/wp-content\/uploads\/2025\/08\/homepage-header-1536x422.jpg 1536w\" sizes=\"auto, (max-width: 1800px) 100vw, 1800px\" \/><span aria-hidden=\"true\" class=\"wp-block-cover__background has-background-dim-0 has-background-dim\" style=\"background-color:#454e3b\"><\/span><div class=\"wp-block-cover__inner-container is-layout-constrained wp-block-cover-is-layout-constrained\">\n<p class=\"has-text-align-center has-large-font-size\"><\/p>\n<\/div><\/div>\n\n<div class=\"wp-block-group is-layout-constrained wp-block-group-is-layout-constrained\" style=\"margin-top:2em;margin-bottom:3em\">\n<h1 class=\"wp-block-heading has-text-align-center\" style=\"margin-top:0.65em;margin-bottom:0.275em\">BOSQUES PARA TODOS<\/h1>\n\n\n\n<p class=\"has-text-align-center has-palette-color-3-color has-text-color has-link-color wp-elements-5022ecb2495f309dc41a50459ad9869f\" style=\"margin-bottom:1em;font-size:clamp(0.984em, 0.984rem + ((1vw - 0.2em) * 0.645), 1.5em);font-style:normal;font-weight:500;line-height:1.5\"><strong><strong>La campa\u00f1a para reimaginar todo lo que un zool\u00f3gico puede ser<\/strong><\/strong><\/p>\n<\/div>\n\n<div class=\"wp-block-group alignfull divider is-layout-constrained wp-block-group-is-layout-constrained\">\n<h2 class=\"wp-block-heading alignfull has-text-align-center\">Preguntas frecuentes<\/h2>\n<\/div>\n\n<h3 class=\"wp-block-heading\">\u00bfQu\u00e9 es la campa\u00f1a Bosques para Todos?<\/h3>\n\n<p>La campa\u00f1a Bosques para todos es la audaz y emocionante iniciativa de recaudaci\u00f3n de fondos de 110 millones de d\u00f3lares del Zool\u00f3gico Woodland Park para construir un futuro m\u00e1s sostenible.<\/p>\n\n<p>Estamos reimaginando todo lo que un zool\u00f3gico puede ser para su comunidad y para las comunidades de todo el mundo. Estamos repensando c\u00f3mo construimos conexiones significativas con los animales y sus h\u00e1bitats. Y estamos redefiniendo c\u00f3mo, juntos, con los millones de personas que visitan nuestro zool\u00f3gico cada a\u00f1o, podemos actuar para salvar nuestros bosques y espacios verdes en el noroeste del Pac\u00edfico y en todo el mundo.  <\/p>\n\n<p>No podemos hacerlo solos, as\u00ed que hacemos un llamado a personas como t\u00fa para que se unan a nosotros. Juntos, podemos construir un movimiento conservacionista pr\u00f3spero donde todos asuman su rol en la protecci\u00f3n del medio ambiente. <\/p>\n\n<h3 class=\"wp-block-heading\">\u00bfPor qu\u00e9 el zool\u00f3gico est\u00e1 haciendo una campa\u00f1a ahora?<\/h3>\n\n<p>Este es un momento crucial para nuestro planeta, nuestra comunidad y los zool\u00f3gicos de todo el mundo. Por eso, en 2018, reunimos a 6000 miembros de la comunidad para debatir el futuro de nuestro zool\u00f3gico. Nuestros vecinos del noroeste del Pac\u00edfico nos ayudaron a definir una visi\u00f3n y un plan estrat\u00e9gico para trazar nuestro camino hacia un futuro mejor para las plantas, los animales y las personas.  <\/p>\n\n<p>Esto significa hacer todo lo posible para ampliar los principios que han hecho del zool\u00f3gico un lugar extraordinario para nuestra comunidad y responder con rapidez a los desaf\u00edos que enfrentan nuestra vida silvestre y nuestros h\u00e1bitats en este momento. A trav\u00e9s de la campa\u00f1a Bosques para Todos, estamos reuniendo el apoyo necesario para poner en pr\u00e1ctica nuestra visi\u00f3n compartida y hacer realidad nuestro ambicioso plan, por el bien de toda la vida en la Tierra. <\/p>\n\n<h3 class=\"wp-block-heading\">\u00bfC\u00f3mo se utilizar\u00e1n mis donaciones de campa\u00f1a?<\/h3>\n\n<p>Sus donaciones apoyan todo lo que hacemos para ofrecer un zool\u00f3gico local incre\u00edble y un centro de conservaci\u00f3n de primer nivel. Desde emocionantes nuevas exhibiciones y programas educativos hasta colaboraciones para la conservaci\u00f3n basadas en datos y proyectos de cuidado animal, la campa\u00f1a Bosques para Todos refuerza nuestro compromiso con la conservaci\u00f3n de la vida silvestre, empezando por los bosques que nos sustentan a todos. <\/p>\n\n<p><\/p>\n","protected":false},"excerpt":{"rendered":"<p>BOSQUES PARA TODOS La campa\u00f1a para reimaginar todo lo que un zool\u00f3gico puede ser Preguntas frecuentes \u00bfQu\u00e9 es la campa\u00f1a Bosques para Todos? La campa\u00f1a Bosques para todos es la [&hellip;]<\/p>\n","protected":false},"author":1,"featured_media":9998,"parent":12105,"menu_order":0,"comment_status":"closed","ping_status":"closed","template":"","meta":{"_acf_changed":false,"_kad_blocks_custom_css":"","_kad_blocks_head_custom_js":"","_kad_blocks_body_custom_js":"","_kad_blocks_footer_custom_js":"","footnotes":""},"class_list":["post-12758","page","type-page","status-publish","has-post-thumbnail","hentry"],"blocksy_meta":{"vertical_spacing_source":"custom","content_area_spacing":"bottom","styles_descriptor":{"styles":{"desktop":"","tablet":"","mobile":""},"google_fonts":[],"version":6}},"acf":[],"yoast_head":"<!-- This site is optimized with the Yoast SEO plugin v27.3 - https:\/\/yoast.com\/product\/yoast-seo-wordpress\/ -->\n<title>-<\/title>\n<meta name=\"description\" content=\"\u00danete al movimiento para proteger los bosques para los animales, las personas y la acci\u00f3n clim\u00e1tica. Ayuda al Zool\u00f3gico Woodland Park a crear la experiencia de exhibici\u00f3n &quot;Bosques para Todos&quot;.\" \/>\n<meta name=\"robots\" content=\"index, follow, max-snippet:-1, max-image-preview:large, max-video-preview:-1\" \/>\n<link rel=\"canonical\" href=\"https:\/\/zoo.org\/es\/bosques-para-todos\/preguntas-frecuentes-sobre-la-ffa\/\" \/>\n<meta property=\"og:locale\" content=\"es_ES\" \/>\n<meta property=\"og:type\" content=\"article\" \/>\n<meta property=\"og:title\" content=\"-\" \/>\n<meta property=\"og:description\" content=\"\u00danete al movimiento para proteger los bosques para los animales, las personas y la acci\u00f3n clim\u00e1tica. Ayuda al Zool\u00f3gico Woodland Park a crear la experiencia de exhibici\u00f3n &quot;Bosques para Todos&quot;.\" \/>\n<meta property=\"og:url\" content=\"https:\/\/zoo.org\/es\/bosques-para-todos\/preguntas-frecuentes-sobre-la-ffa\/\" \/>\n<meta property=\"og:site_name\" content=\"Zool\u00f3gico Woodland Park\" \/>\n<meta property=\"article:modified_time\" content=\"2025-12-13T01:50:57+00:00\" \/>\n<meta property=\"og:image\" content=\"https:\/\/zoo.org\/wp-content\/uploads\/2025\/10\/FFA-2024-Exterior-C-800x533-web.jpg\" \/>\n\t<meta property=\"og:image:width\" content=\"800\" \/>\n\t<meta property=\"og:image:height\" content=\"533\" \/>\n\t<meta property=\"og:image:type\" content=\"image\/jpeg\" \/>\n<meta name=\"twitter:card\" content=\"summary_large_image\" \/>\n<script type=\"application\/ld+json\" class=\"yoast-schema-graph\">{\"@context\":\"https:\\\/\\\/schema.org\",\"@graph\":[{\"@type\":\"WebPage\",\"@id\":\"https:\\\/\\\/zoo.org\\\/es\\\/bosques-para-todos\\\/preguntas-frecuentes-sobre-la-ffa\\\/\",\"url\":\"https:\\\/\\\/zoo.org\\\/es\\\/bosques-para-todos\\\/preguntas-frecuentes-sobre-la-ffa\\\/\",\"name\":\"-\",\"isPartOf\":{\"@id\":\"https:\\\/\\\/zoo.org\\\/es\\\/#website\"},\"primaryImageOfPage\":{\"@id\":\"https:\\\/\\\/zoo.org\\\/es\\\/bosques-para-todos\\\/preguntas-frecuentes-sobre-la-ffa\\\/#primaryimage\"},\"image\":{\"@id\":\"https:\\\/\\\/zoo.org\\\/es\\\/bosques-para-todos\\\/preguntas-frecuentes-sobre-la-ffa\\\/#primaryimage\"},\"thumbnailUrl\":\"https:\\\/\\\/zoo.org\\\/wp-content\\\/uploads\\\/2025\\\/10\\\/FFA-2024-Exterior-C-800x533-web.jpg?wsr\",\"datePublished\":\"2025-10-14T17:14:06+00:00\",\"dateModified\":\"2025-12-13T01:50:57+00:00\",\"description\":\"\u00danete al movimiento para proteger los bosques para los animales, las personas y la acci\u00f3n clim\u00e1tica. Ayuda al Zool\u00f3gico Woodland Park a crear la experiencia de exhibici\u00f3n \\\"Bosques para Todos\\\".\",\"breadcrumb\":{\"@id\":\"https:\\\/\\\/zoo.org\\\/es\\\/bosques-para-todos\\\/preguntas-frecuentes-sobre-la-ffa\\\/#breadcrumb\"},\"inLanguage\":\"es\",\"potentialAction\":[{\"@type\":\"ReadAction\",\"target\":[\"https:\\\/\\\/zoo.org\\\/es\\\/bosques-para-todos\\\/preguntas-frecuentes-sobre-la-ffa\\\/\"]}]},{\"@type\":\"ImageObject\",\"inLanguage\":\"es\",\"@id\":\"https:\\\/\\\/zoo.org\\\/es\\\/bosques-para-todos\\\/preguntas-frecuentes-sobre-la-ffa\\\/#primaryimage\",\"url\":\"https:\\\/\\\/zoo.org\\\/wp-content\\\/uploads\\\/2025\\\/10\\\/FFA-2024-Exterior-C-800x533-web.jpg?wsr\",\"contentUrl\":\"https:\\\/\\\/zoo.org\\\/wp-content\\\/uploads\\\/2025\\\/10\\\/FFA-2024-Exterior-C-800x533-web.jpg?wsr\",\"width\":800,\"height\":533,\"caption\":\"Un moderno edificio de dos plantas con amplios ventanales y un balc\u00f3n de madera est\u00e1 rodeado de altos \u00e1rboles y exuberante vegetaci\u00f3n. La gente camina y se detiene en el balc\u00f3n y en la planta baja, disfrutando del entorno natural.\"},{\"@type\":\"BreadcrumbList\",\"@id\":\"https:\\\/\\\/zoo.org\\\/es\\\/bosques-para-todos\\\/preguntas-frecuentes-sobre-la-ffa\\\/#breadcrumb\",\"itemListElement\":[{\"@type\":\"ListItem\",\"position\":1,\"name\":\"Hogar\",\"item\":\"https:\\\/\\\/zoo.org\\\/es\\\/\"},{\"@type\":\"ListItem\",\"position\":2,\"name\":\"Bosques para todos\",\"item\":\"https:\\\/\\\/zoo.org\\\/es\\\/bosques-para-todos\\\/\"},{\"@type\":\"ListItem\",\"position\":3,\"name\":\"Preguntas frecuentes sobre la FFA\"}]},{\"@type\":\"WebSite\",\"@id\":\"https:\\\/\\\/zoo.org\\\/es\\\/#website\",\"url\":\"https:\\\/\\\/zoo.org\\\/es\\\/\",\"name\":\"Zool\u00f3gico Woodland Park\",\"description\":\"El Zool\u00f3gico Woodland Park salva la vida silvestre e inspira a todos a hacer de la conservaci\u00f3n una prioridad en sus vidas.\",\"publisher\":{\"@id\":\"https:\\\/\\\/zoo.org\\\/es\\\/#organization\"},\"potentialAction\":[{\"@type\":\"SearchAction\",\"target\":{\"@type\":\"EntryPoint\",\"urlTemplate\":\"https:\\\/\\\/zoo.org\\\/es\\\/?s={search_term_string}\"},\"query-input\":{\"@type\":\"PropertyValueSpecification\",\"valueRequired\":true,\"valueName\":\"search_term_string\"}}],\"inLanguage\":\"es\"},{\"@type\":\"Organization\",\"@id\":\"https:\\\/\\\/zoo.org\\\/es\\\/#organization\",\"name\":\"Zool\u00f3gico Woodland Park\",\"url\":\"https:\\\/\\\/zoo.org\\\/es\\\/\",\"logo\":{\"@type\":\"ImageObject\",\"inLanguage\":\"es\",\"@id\":\"https:\\\/\\\/zoo.org\\\/es\\\/#\\\/schema\\\/logo\\\/image\\\/\",\"url\":\"https:\\\/\\\/zoo.org\\\/wp-content\\\/uploads\\\/2026\\\/01\\\/WPZ-Logo_white-SVG.svg?wsr\",\"contentUrl\":\"https:\\\/\\\/zoo.org\\\/wp-content\\\/uploads\\\/2026\\\/01\\\/WPZ-Logo_white-SVG.svg?wsr\",\"width\":288,\"height\":282,\"caption\":\"Zool\u00f3gico Woodland Park\"},\"image\":{\"@id\":\"https:\\\/\\\/zoo.org\\\/es\\\/#\\\/schema\\\/logo\\\/image\\\/\"}}]}<\/script>\n<!-- \/ Yoast SEO plugin. -->","yoast_head_json":{"title":"-","description":"\u00danete al movimiento para proteger los bosques para los animales, las personas y la acci\u00f3n clim\u00e1tica. Ayuda al Zool\u00f3gico Woodland Park a crear la experiencia de exhibici\u00f3n \"Bosques para Todos\".","robots":{"index":"index","follow":"follow","max-snippet":"max-snippet:-1","max-image-preview":"max-image-preview:large","max-video-preview":"max-video-preview:-1"},"canonical":"https:\/\/zoo.org\/es\/bosques-para-todos\/preguntas-frecuentes-sobre-la-ffa\/","og_locale":"es_ES","og_type":"article","og_title":"-","og_description":"\u00danete al movimiento para proteger los bosques para los animales, las personas y la acci\u00f3n clim\u00e1tica. Ayuda al Zool\u00f3gico Woodland Park a crear la experiencia de exhibici\u00f3n \"Bosques para Todos\".","og_url":"https:\/\/zoo.org\/es\/bosques-para-todos\/preguntas-frecuentes-sobre-la-ffa\/","og_site_name":"Zool\u00f3gico Woodland Park","article_modified_time":"2025-12-13T01:50:57+00:00","og_image":[{"width":800,"height":533,"url":"https:\/\/zoo.org\/wp-content\/uploads\/2025\/10\/FFA-2024-Exterior-C-800x533-web.jpg","type":"image\/jpeg"}],"twitter_card":"summary_large_image","schema":{"@context":"https:\/\/schema.org","@graph":[{"@type":"WebPage","@id":"https:\/\/zoo.org\/es\/bosques-para-todos\/preguntas-frecuentes-sobre-la-ffa\/","url":"https:\/\/zoo.org\/es\/bosques-para-todos\/preguntas-frecuentes-sobre-la-ffa\/","name":"-","isPartOf":{"@id":"https:\/\/zoo.org\/es\/#website"},"primaryImageOfPage":{"@id":"https:\/\/zoo.org\/es\/bosques-para-todos\/preguntas-frecuentes-sobre-la-ffa\/#primaryimage"},"image":{"@id":"https:\/\/zoo.org\/es\/bosques-para-todos\/preguntas-frecuentes-sobre-la-ffa\/#primaryimage"},"thumbnailUrl":"https:\/\/zoo.org\/wp-content\/uploads\/2025\/10\/FFA-2024-Exterior-C-800x533-web.jpg?wsr","datePublished":"2025-10-14T17:14:06+00:00","dateModified":"2025-12-13T01:50:57+00:00","description":"\u00danete al movimiento para proteger los bosques para los animales, las personas y la acci\u00f3n clim\u00e1tica. Ayuda al Zool\u00f3gico Woodland Park a crear la experiencia de exhibici\u00f3n \"Bosques para Todos\".","breadcrumb":{"@id":"https:\/\/zoo.org\/es\/bosques-para-todos\/preguntas-frecuentes-sobre-la-ffa\/#breadcrumb"},"inLanguage":"es","potentialAction":[{"@type":"ReadAction","target":["https:\/\/zoo.org\/es\/bosques-para-todos\/preguntas-frecuentes-sobre-la-ffa\/"]}]},{"@type":"ImageObject","inLanguage":"es","@id":"https:\/\/zoo.org\/es\/bosques-para-todos\/preguntas-frecuentes-sobre-la-ffa\/#primaryimage","url":"https:\/\/zoo.org\/wp-content\/uploads\/2025\/10\/FFA-2024-Exterior-C-800x533-web.jpg?wsr","contentUrl":"https:\/\/zoo.org\/wp-content\/uploads\/2025\/10\/FFA-2024-Exterior-C-800x533-web.jpg?wsr","width":800,"height":533,"caption":"Un moderno edificio de dos plantas con amplios ventanales y un balc\u00f3n de madera est\u00e1 rodeado de altos \u00e1rboles y exuberante vegetaci\u00f3n. La gente camina y se detiene en el balc\u00f3n y en la planta baja, disfrutando del entorno natural."},{"@type":"BreadcrumbList","@id":"https:\/\/zoo.org\/es\/bosques-para-todos\/preguntas-frecuentes-sobre-la-ffa\/#breadcrumb","itemListElement":[{"@type":"ListItem","position":1,"name":"Hogar","item":"https:\/\/zoo.org\/es\/"},{"@type":"ListItem","position":2,"name":"Bosques para todos","item":"https:\/\/zoo.org\/es\/bosques-para-todos\/"},{"@type":"ListItem","position":3,"name":"Preguntas frecuentes sobre la FFA"}]},{"@type":"WebSite","@id":"https:\/\/zoo.org\/es\/#website","url":"https:\/\/zoo.org\/es\/","name":"Zool\u00f3gico Woodland Park","description":"El Zool\u00f3gico Woodland Park salva la vida silvestre e inspira a todos a hacer de la conservaci\u00f3n una prioridad en sus vidas.","publisher":{"@id":"https:\/\/zoo.org\/es\/#organization"},"potentialAction":[{"@type":"SearchAction","target":{"@type":"EntryPoint","urlTemplate":"https:\/\/zoo.org\/es\/?s={search_term_string}"},"query-input":{"@type":"PropertyValueSpecification","valueRequired":true,"valueName":"search_term_string"}}],"inLanguage":"es"},{"@type":"Organization","@id":"https:\/\/zoo.org\/es\/#organization","name":"Zool\u00f3gico Woodland Park","url":"https:\/\/zoo.org\/es\/","logo":{"@type":"ImageObject","inLanguage":"es","@id":"https:\/\/zoo.org\/es\/#\/schema\/logo\/image\/","url":"https:\/\/zoo.org\/wp-content\/uploads\/2026\/01\/WPZ-Logo_white-SVG.svg?wsr","contentUrl":"https:\/\/zoo.org\/wp-content\/uploads\/2026\/01\/WPZ-Logo_white-SVG.svg?wsr","width":288,"height":282,"caption":"Zool\u00f3gico Woodland Park"},"image":{"@id":"https:\/\/zoo.org\/es\/#\/schema\/logo\/image\/"}}]}},"taxonomy_info":[],"featured_image_src_large":["https:\/\/zoo.org\/wp-content\/uploads\/2025\/10\/FFA-2024-Exterior-C-800x533-web.jpg?wsr",800,533,false],"author_info":{"display_name":"jloughlin","author_link":"https:\/\/zoo.org\/es\/author\/jloughlin\/"},"comment_info":0,"_links":{"self":[{"href":"https:\/\/zoo.org\/es\/wp-json\/wp\/v2\/pages\/12758","targetHints":{"allow":["GET"]}}],"collection":[{"href":"https:\/\/zoo.org\/es\/wp-json\/wp\/v2\/pages"}],"about":[{"href":"https:\/\/zoo.org\/es\/wp-json\/wp\/v2\/types\/page"}],"author":[{"embeddable":true,"href":"https:\/\/zoo.org\/es\/wp-json\/wp\/v2\/users\/1"}],"replies":[{"embeddable":true,"href":"https:\/\/zoo.org\/es\/wp-json\/wp\/v2\/comments?post=12758"}],"version-history":[{"count":0,"href":"https:\/\/zoo.org\/es\/wp-json\/wp\/v2\/pages\/12758\/revisions"}],"up":[{"embeddable":true,"href":"https:\/\/zoo.org\/es\/wp-json\/wp\/v2\/pages\/12105"}],"wp:featuredmedia":[{"embeddable":true,"href":"https:\/\/zoo.org\/es\/wp-json\/wp\/v2\/media\/9998"}],"wp:attachment":[{"href":"https:\/\/zoo.org\/es\/wp-json\/wp\/v2\/media?parent=12758"}],"curies":[{"name":"wp","href":"https:\/\/api.w.org\/{rel}","templated":true}]}}