{"id":12760,"date":"2025-10-14T10:15:58","date_gmt":"2025-10-14T17:15:58","guid":{"rendered":"https:\/\/zoo.org\/bosques-para-todos\/donacion-de-la-ffa\/"},"modified":"2026-01-07T10:06:04","modified_gmt":"2026-01-07T18:06:04","slug":"donacion-de-la-ffa","status":"publish","type":"page","link":"https:\/\/zoo.org\/es\/bosques-para-todos\/donacion-de-la-ffa\/","title":{"rendered":"Donaci\u00f3n de la FFA"},"content":{"rendered":"\n<div class=\"wp-block-cover alignfull hero\" style=\"margin-top:0;margin-bottom:0\"><img loading=\"lazy\" decoding=\"async\" width=\"1800\" height=\"494\" class=\"wp-block-cover__image-background wp-image-3925 size-full\" alt=\"\" src=\"https:\/\/zoo.org\/wp-content\/uploads\/2025\/08\/homepage-header.jpg\" data-object-fit=\"cover\" srcset=\"https:\/\/zoo.org\/wp-content\/uploads\/2025\/08\/homepage-header.jpg 1800w, https:\/\/zoo.org\/wp-content\/uploads\/2025\/08\/homepage-header-300x82.jpg 300w, https:\/\/zoo.org\/wp-content\/uploads\/2025\/08\/homepage-header-1024x281.jpg 1024w, https:\/\/zoo.org\/wp-content\/uploads\/2025\/08\/homepage-header-768x211.jpg 768w, https:\/\/zoo.org\/wp-content\/uploads\/2025\/08\/homepage-header-1536x422.jpg 1536w\" sizes=\"auto, (max-width: 1800px) 100vw, 1800px\" \/><span aria-hidden=\"true\" class=\"wp-block-cover__background has-background-dim-0 has-background-dim\" style=\"background-color:#454e3b\"><\/span><div class=\"wp-block-cover__inner-container is-layout-constrained wp-block-cover-is-layout-constrained\">\n<p class=\"has-text-align-center has-large-font-size\"><\/p>\n<\/div><\/div>\n\n<div class=\"wp-block-group is-layout-constrained wp-block-group-is-layout-constrained\" style=\"margin-top:2em;margin-bottom:3em\">\n<h1 class=\"wp-block-heading has-text-align-center\" style=\"margin-top:0.65em;margin-bottom:0.275em\">BOSQUES PARA TODOS<\/h1>\n\n\n\n<p class=\"has-text-align-center has-palette-color-3-color has-text-color has-link-color wp-elements-5022ecb2495f309dc41a50459ad9869f\" style=\"margin-bottom:1em;font-size:clamp(0.984em, 0.984rem + ((1vw - 0.2em) * 0.645), 1.5em);font-style:normal;font-weight:500;line-height:1.5\"><strong><strong>La campa\u00f1a para reimaginar todo lo que un zool\u00f3gico puede ser<\/strong><\/strong><\/p>\n<\/div>\n\n<div class=\"wp-block-group alignfull divider is-layout-constrained wp-block-group-is-layout-constrained\">\n<h2 class=\"wp-block-heading alignfull has-text-align-center\">DONA HOY<\/h2>\n<\/div>\n\n<div class=\"wp-block-buttons is-content-justification-center is-layout-flex wp-container-core-buttons-is-layout-a89b3969 wp-block-buttons-is-layout-flex\">\n<div class=\"wp-block-button is-style-fill #ffa-donation\"><a class=\"wp-block-button__link wp-element-button\" href=\"?campa&#xF1;a=507457\">HAZ UN DON<\/a><\/div>\n<\/div>\n\n<h3 class=\"wp-block-heading\">\u00bfNos ayudar\u00e1s a salvar los bosques para todos?<\/h3>\n\n<h5 class=\"wp-block-heading\">Cada persona puede generar un cambio significativo. Cada d\u00f3lar marca la diferencia. Trabajando juntos, podemos lograr un impacto notable en los bosques, la vida silvestre y la humanidad.  <\/h5>\n\n<p>Ahora es el momento de unirnos, como comunidad y con comunidades de todo el mundo, para construir un futuro m\u00e1s sostenible. \u00danete al movimiento hoy mismo con una donaci\u00f3n. <\/p>\n\n<p>En 2026, el Zool\u00f3gico Woodland Park inaugurar\u00e1 la exhibici\u00f3n Forest Trailhead, un hogar de vanguardia para \u00edconos del bosque como los pandas rojos, los canguros arbor\u00edcolas de Matschie y los loros kea. Considere plantar su nombre junto a historias impactantes de conservaci\u00f3n forestal, como nuestro Programa de Conservaci\u00f3n de Canguros Arbor\u00edcolas, que inspirar\u00e1 a nuestros 1.2 millones de visitantes anuales a adoptar decisiones sencillas y respetuosas con el bosque en su vida diaria. <\/p>\n\n<p>La campa\u00f1a Bosques para Todos y la exhibici\u00f3n Sendero Forestal son una ventana a la nueva era del zool\u00f3gico: un movimiento comunitario para proteger, restaurar y sustentar los bosques del mundo y las especies que los habitan. \u00danase a nosotros para trazar un camino hacia adelante para salvar los bosques y reimaginar lo que un zool\u00f3gico puede ser. <\/p>\n\n<h3 class=\"wp-block-heading\">Gracias por su generoso apoyo<\/h3>\n\n<p>El Zool\u00f3gico Woodland Park ha servido a nuestra comunidad durante casi 125 a\u00f1os. Nos hemos mantenido fieles a nuestro compromiso de salvar la vida silvestre y fomentar el movimiento conservacionista conectando a las personas con la naturaleza, brindando oportunidades de aprendizaje, protegiendo a las poblaciones vulnerables y mucho m\u00e1s. <\/p>\n\n<p>Este es nuestro momento para liberar todo nuestro potencial, elevando nuestro compromiso con la conservaci\u00f3n para que podamos hacer m\u00e1s que nunca por salvaguardar el medio ambiente. A trav\u00e9s de la campa\u00f1a Bosques para Todos, nos posicionamos para crear un futuro mejor para todos los seres vivos. Pero no podemos preservar las especies y h\u00e1bitats en peligro de extinci\u00f3n por nuestra cuenta. Necesitamos el apoyo de personas como t\u00fa para trazar un nuevo rumbo para nuestro planeta. \u00a1Gracias por unirte al movimiento!    <\/p>\n\n<p>Si est\u00e1 interesado en hacer una donaci\u00f3n de acciones o valores, comun\u00edquese con Sarah Valentine, Vicepresidenta de Desarrollo, a <a href=\"mailto:sarah.valentine@zoo.org\">sarah.valentine@zoo.org<\/a> o al 206.548.2624. \u00a1Gracias!<\/p>\n","protected":false},"excerpt":{"rendered":"<p>BOSQUES PARA TODOS La campa\u00f1a para reimaginar todo lo que un zool\u00f3gico puede ser DONA HOY \u00bfNos ayudar\u00e1s a salvar los bosques para todos? Cada persona puede generar un cambio [&hellip;]<\/p>\n","protected":false},"author":1,"featured_media":9998,"parent":12105,"menu_order":0,"comment_status":"closed","ping_status":"closed","template":"","meta":{"_acf_changed":false,"_kad_blocks_custom_css":"","_kad_blocks_head_custom_js":"","_kad_blocks_body_custom_js":"","_kad_blocks_footer_custom_js":"","footnotes":""},"class_list":["post-12760","page","type-page","status-publish","has-post-thumbnail","hentry"],"blocksy_meta":{"vertical_spacing_source":"custom","content_area_spacing":"bottom","styles_descriptor":{"styles":{"desktop":"","tablet":"","mobile":""},"google_fonts":[],"version":6}},"acf":[],"yoast_head":"<!-- This site is optimized with the Yoast SEO plugin v27.3 - https:\/\/yoast.com\/product\/yoast-seo-wordpress\/ -->\n<title>-<\/title>\n<meta name=\"description\" content=\"\u00danete al movimiento para proteger los bosques para los animales, las personas y la acci\u00f3n clim\u00e1tica. Ayuda al Zool\u00f3gico Woodland Park a crear la experiencia de exhibici\u00f3n &quot;Bosques para Todos&quot;.\" \/>\n<meta name=\"robots\" content=\"index, follow, max-snippet:-1, max-image-preview:large, max-video-preview:-1\" \/>\n<link rel=\"canonical\" href=\"https:\/\/zoo.org\/es\/bosques-para-todos\/donacion-de-la-ffa\/\" \/>\n<meta property=\"og:locale\" content=\"es_ES\" \/>\n<meta property=\"og:type\" content=\"article\" \/>\n<meta property=\"og:title\" content=\"-\" \/>\n<meta property=\"og:description\" content=\"\u00danete al movimiento para proteger los bosques para los animales, las personas y la acci\u00f3n clim\u00e1tica. Ayuda al Zool\u00f3gico Woodland Park a crear la experiencia de exhibici\u00f3n &quot;Bosques para Todos&quot;.\" \/>\n<meta property=\"og:url\" content=\"https:\/\/zoo.org\/es\/bosques-para-todos\/donacion-de-la-ffa\/\" \/>\n<meta property=\"og:site_name\" content=\"Zool\u00f3gico Woodland Park\" \/>\n<meta property=\"article:modified_time\" content=\"2026-01-07T18:06:04+00:00\" \/>\n<meta property=\"og:image\" content=\"https:\/\/zoo.org\/wp-content\/uploads\/2025\/10\/FFA-2024-Exterior-C-800x533-web.jpg?wsr\" \/>\n\t<meta property=\"og:image:width\" content=\"800\" \/>\n\t<meta property=\"og:image:height\" content=\"533\" \/>\n\t<meta property=\"og:image:type\" content=\"image\/jpeg\" \/>\n<meta name=\"twitter:card\" content=\"summary_large_image\" \/>\n<script type=\"application\/ld+json\" class=\"yoast-schema-graph\">{\"@context\":\"https:\\\/\\\/schema.org\",\"@graph\":[{\"@type\":\"WebPage\",\"@id\":\"https:\\\/\\\/zoo.org\\\/es\\\/bosques-para-todos\\\/donacion-de-la-ffa\\\/\",\"url\":\"https:\\\/\\\/zoo.org\\\/es\\\/bosques-para-todos\\\/donacion-de-la-ffa\\\/\",\"name\":\"-\",\"isPartOf\":{\"@id\":\"https:\\\/\\\/zoo.org\\\/es\\\/#website\"},\"primaryImageOfPage\":{\"@id\":\"https:\\\/\\\/zoo.org\\\/es\\\/bosques-para-todos\\\/donacion-de-la-ffa\\\/#primaryimage\"},\"image\":{\"@id\":\"https:\\\/\\\/zoo.org\\\/es\\\/bosques-para-todos\\\/donacion-de-la-ffa\\\/#primaryimage\"},\"thumbnailUrl\":\"https:\\\/\\\/zoo.org\\\/wp-content\\\/uploads\\\/2025\\\/10\\\/FFA-2024-Exterior-C-800x533-web.jpg?wsr\",\"datePublished\":\"2025-10-14T17:15:58+00:00\",\"dateModified\":\"2026-01-07T18:06:04+00:00\",\"description\":\"\u00danete al movimiento para proteger los bosques para los animales, las personas y la acci\u00f3n clim\u00e1tica. Ayuda al Zool\u00f3gico Woodland Park a crear la experiencia de exhibici\u00f3n \\\"Bosques para Todos\\\".\",\"breadcrumb\":{\"@id\":\"https:\\\/\\\/zoo.org\\\/es\\\/bosques-para-todos\\\/donacion-de-la-ffa\\\/#breadcrumb\"},\"inLanguage\":\"es\",\"potentialAction\":[{\"@type\":\"ReadAction\",\"target\":[\"https:\\\/\\\/zoo.org\\\/es\\\/bosques-para-todos\\\/donacion-de-la-ffa\\\/\"]}]},{\"@type\":\"ImageObject\",\"inLanguage\":\"es\",\"@id\":\"https:\\\/\\\/zoo.org\\\/es\\\/bosques-para-todos\\\/donacion-de-la-ffa\\\/#primaryimage\",\"url\":\"https:\\\/\\\/zoo.org\\\/wp-content\\\/uploads\\\/2025\\\/10\\\/FFA-2024-Exterior-C-800x533-web.jpg?wsr\",\"contentUrl\":\"https:\\\/\\\/zoo.org\\\/wp-content\\\/uploads\\\/2025\\\/10\\\/FFA-2024-Exterior-C-800x533-web.jpg?wsr\",\"width\":800,\"height\":533,\"caption\":\"Un moderno edificio de dos plantas con amplios ventanales y un balc\u00f3n de madera est\u00e1 rodeado de altos \u00e1rboles y exuberante vegetaci\u00f3n. La gente camina y se detiene en el balc\u00f3n y en la planta baja, disfrutando del entorno natural.\"},{\"@type\":\"BreadcrumbList\",\"@id\":\"https:\\\/\\\/zoo.org\\\/es\\\/bosques-para-todos\\\/donacion-de-la-ffa\\\/#breadcrumb\",\"itemListElement\":[{\"@type\":\"ListItem\",\"position\":1,\"name\":\"Hogar\",\"item\":\"https:\\\/\\\/zoo.org\\\/es\\\/\"},{\"@type\":\"ListItem\",\"position\":2,\"name\":\"Bosques para todos\",\"item\":\"https:\\\/\\\/zoo.org\\\/es\\\/bosques-para-todos\\\/\"},{\"@type\":\"ListItem\",\"position\":3,\"name\":\"Donaci\u00f3n de la FFA\"}]},{\"@type\":\"WebSite\",\"@id\":\"https:\\\/\\\/zoo.org\\\/es\\\/#website\",\"url\":\"https:\\\/\\\/zoo.org\\\/es\\\/\",\"name\":\"Zool\u00f3gico Woodland Park\",\"description\":\"El Zool\u00f3gico Woodland Park salva la vida silvestre e inspira a todos a hacer de la conservaci\u00f3n una prioridad en sus vidas.\",\"publisher\":{\"@id\":\"https:\\\/\\\/zoo.org\\\/es\\\/#organization\"},\"potentialAction\":[{\"@type\":\"SearchAction\",\"target\":{\"@type\":\"EntryPoint\",\"urlTemplate\":\"https:\\\/\\\/zoo.org\\\/es\\\/?s={search_term_string}\"},\"query-input\":{\"@type\":\"PropertyValueSpecification\",\"valueRequired\":true,\"valueName\":\"search_term_string\"}}],\"inLanguage\":\"es\"},{\"@type\":\"Organization\",\"@id\":\"https:\\\/\\\/zoo.org\\\/es\\\/#organization\",\"name\":\"Zool\u00f3gico Woodland Park\",\"url\":\"https:\\\/\\\/zoo.org\\\/es\\\/\",\"logo\":{\"@type\":\"ImageObject\",\"inLanguage\":\"es\",\"@id\":\"https:\\\/\\\/zoo.org\\\/es\\\/#\\\/schema\\\/logo\\\/image\\\/\",\"url\":\"https:\\\/\\\/zoo.org\\\/wp-content\\\/uploads\\\/2026\\\/01\\\/WPZ-Logo_white-SVG.svg?wsr\",\"contentUrl\":\"https:\\\/\\\/zoo.org\\\/wp-content\\\/uploads\\\/2026\\\/01\\\/WPZ-Logo_white-SVG.svg?wsr\",\"width\":288,\"height\":282,\"caption\":\"Zool\u00f3gico Woodland Park\"},\"image\":{\"@id\":\"https:\\\/\\\/zoo.org\\\/es\\\/#\\\/schema\\\/logo\\\/image\\\/\"}}]}<\/script>\n<!-- \/ Yoast SEO plugin. -->","yoast_head_json":{"title":"-","description":"\u00danete al movimiento para proteger los bosques para los animales, las personas y la acci\u00f3n clim\u00e1tica. Ayuda al Zool\u00f3gico Woodland Park a crear la experiencia de exhibici\u00f3n \"Bosques para Todos\".","robots":{"index":"index","follow":"follow","max-snippet":"max-snippet:-1","max-image-preview":"max-image-preview:large","max-video-preview":"max-video-preview:-1"},"canonical":"https:\/\/zoo.org\/es\/bosques-para-todos\/donacion-de-la-ffa\/","og_locale":"es_ES","og_type":"article","og_title":"-","og_description":"\u00danete al movimiento para proteger los bosques para los animales, las personas y la acci\u00f3n clim\u00e1tica. Ayuda al Zool\u00f3gico Woodland Park a crear la experiencia de exhibici\u00f3n \"Bosques para Todos\".","og_url":"https:\/\/zoo.org\/es\/bosques-para-todos\/donacion-de-la-ffa\/","og_site_name":"Zool\u00f3gico Woodland Park","article_modified_time":"2026-01-07T18:06:04+00:00","og_image":[{"width":800,"height":533,"url":"https:\/\/zoo.org\/wp-content\/uploads\/2025\/10\/FFA-2024-Exterior-C-800x533-web.jpg?wsr","type":"image\/jpeg"}],"twitter_card":"summary_large_image","schema":{"@context":"https:\/\/schema.org","@graph":[{"@type":"WebPage","@id":"https:\/\/zoo.org\/es\/bosques-para-todos\/donacion-de-la-ffa\/","url":"https:\/\/zoo.org\/es\/bosques-para-todos\/donacion-de-la-ffa\/","name":"-","isPartOf":{"@id":"https:\/\/zoo.org\/es\/#website"},"primaryImageOfPage":{"@id":"https:\/\/zoo.org\/es\/bosques-para-todos\/donacion-de-la-ffa\/#primaryimage"},"image":{"@id":"https:\/\/zoo.org\/es\/bosques-para-todos\/donacion-de-la-ffa\/#primaryimage"},"thumbnailUrl":"https:\/\/zoo.org\/wp-content\/uploads\/2025\/10\/FFA-2024-Exterior-C-800x533-web.jpg?wsr","datePublished":"2025-10-14T17:15:58+00:00","dateModified":"2026-01-07T18:06:04+00:00","description":"\u00danete al movimiento para proteger los bosques para los animales, las personas y la acci\u00f3n clim\u00e1tica. Ayuda al Zool\u00f3gico Woodland Park a crear la experiencia de exhibici\u00f3n \"Bosques para Todos\".","breadcrumb":{"@id":"https:\/\/zoo.org\/es\/bosques-para-todos\/donacion-de-la-ffa\/#breadcrumb"},"inLanguage":"es","potentialAction":[{"@type":"ReadAction","target":["https:\/\/zoo.org\/es\/bosques-para-todos\/donacion-de-la-ffa\/"]}]},{"@type":"ImageObject","inLanguage":"es","@id":"https:\/\/zoo.org\/es\/bosques-para-todos\/donacion-de-la-ffa\/#primaryimage","url":"https:\/\/zoo.org\/wp-content\/uploads\/2025\/10\/FFA-2024-Exterior-C-800x533-web.jpg?wsr","contentUrl":"https:\/\/zoo.org\/wp-content\/uploads\/2025\/10\/FFA-2024-Exterior-C-800x533-web.jpg?wsr","width":800,"height":533,"caption":"Un moderno edificio de dos plantas con amplios ventanales y un balc\u00f3n de madera est\u00e1 rodeado de altos \u00e1rboles y exuberante vegetaci\u00f3n. La gente camina y se detiene en el balc\u00f3n y en la planta baja, disfrutando del entorno natural."},{"@type":"BreadcrumbList","@id":"https:\/\/zoo.org\/es\/bosques-para-todos\/donacion-de-la-ffa\/#breadcrumb","itemListElement":[{"@type":"ListItem","position":1,"name":"Hogar","item":"https:\/\/zoo.org\/es\/"},{"@type":"ListItem","position":2,"name":"Bosques para todos","item":"https:\/\/zoo.org\/es\/bosques-para-todos\/"},{"@type":"ListItem","position":3,"name":"Donaci\u00f3n de la FFA"}]},{"@type":"WebSite","@id":"https:\/\/zoo.org\/es\/#website","url":"https:\/\/zoo.org\/es\/","name":"Zool\u00f3gico Woodland Park","description":"El Zool\u00f3gico Woodland Park salva la vida silvestre e inspira a todos a hacer de la conservaci\u00f3n una prioridad en sus vidas.","publisher":{"@id":"https:\/\/zoo.org\/es\/#organization"},"potentialAction":[{"@type":"SearchAction","target":{"@type":"EntryPoint","urlTemplate":"https:\/\/zoo.org\/es\/?s={search_term_string}"},"query-input":{"@type":"PropertyValueSpecification","valueRequired":true,"valueName":"search_term_string"}}],"inLanguage":"es"},{"@type":"Organization","@id":"https:\/\/zoo.org\/es\/#organization","name":"Zool\u00f3gico Woodland Park","url":"https:\/\/zoo.org\/es\/","logo":{"@type":"ImageObject","inLanguage":"es","@id":"https:\/\/zoo.org\/es\/#\/schema\/logo\/image\/","url":"https:\/\/zoo.org\/wp-content\/uploads\/2026\/01\/WPZ-Logo_white-SVG.svg?wsr","contentUrl":"https:\/\/zoo.org\/wp-content\/uploads\/2026\/01\/WPZ-Logo_white-SVG.svg?wsr","width":288,"height":282,"caption":"Zool\u00f3gico Woodland Park"},"image":{"@id":"https:\/\/zoo.org\/es\/#\/schema\/logo\/image\/"}}]}},"taxonomy_info":[],"featured_image_src_large":["https:\/\/zoo.org\/wp-content\/uploads\/2025\/10\/FFA-2024-Exterior-C-800x533-web.jpg?wsr",800,533,false],"author_info":{"display_name":"jloughlin","author_link":"https:\/\/zoo.org\/es\/author\/jloughlin\/"},"comment_info":0,"_links":{"self":[{"href":"https:\/\/zoo.org\/es\/wp-json\/wp\/v2\/pages\/12760","targetHints":{"allow":["GET"]}}],"collection":[{"href":"https:\/\/zoo.org\/es\/wp-json\/wp\/v2\/pages"}],"about":[{"href":"https:\/\/zoo.org\/es\/wp-json\/wp\/v2\/types\/page"}],"author":[{"embeddable":true,"href":"https:\/\/zoo.org\/es\/wp-json\/wp\/v2\/users\/1"}],"replies":[{"embeddable":true,"href":"https:\/\/zoo.org\/es\/wp-json\/wp\/v2\/comments?post=12760"}],"version-history":[{"count":0,"href":"https:\/\/zoo.org\/es\/wp-json\/wp\/v2\/pages\/12760\/revisions"}],"up":[{"embeddable":true,"href":"https:\/\/zoo.org\/es\/wp-json\/wp\/v2\/pages\/12105"}],"wp:featuredmedia":[{"embeddable":true,"href":"https:\/\/zoo.org\/es\/wp-json\/wp\/v2\/media\/9998"}],"wp:attachment":[{"href":"https:\/\/zoo.org\/es\/wp-json\/wp\/v2\/media?parent=12760"}],"curies":[{"name":"wp","href":"https:\/\/api.w.org\/{rel}","templated":true}]}}