{"id":12782,"date":"2025-10-14T10:41:28","date_gmt":"2025-10-14T17:41:28","guid":{"rendered":"https:\/\/zoo.org\/bingo-todo-para-animales\/"},"modified":"2025-12-19T18:25:09","modified_gmt":"2025-12-20T02:25:09","slug":"bingo-todo-para-animales","status":"publish","type":"page","link":"https:\/\/zoo.org\/es\/bingo-todo-para-animales\/","title":{"rendered":"Bingo Todo para Animales"},"content":{"rendered":"\n<div class=\"wp-block-cover alignfull hero\" style=\"margin-top:0;margin-bottom:0\"><img loading=\"lazy\" decoding=\"async\" width=\"1920\" height=\"400\" class=\"wp-block-cover__image-background wp-image-3490 size-full\" alt=\"\" src=\"https:\/\/zoo.org\/wp-content\/uploads\/2025\/08\/Tiger-Photo-Break.jpg\" data-object-fit=\"cover\" srcset=\"https:\/\/zoo.org\/wp-content\/uploads\/2025\/08\/Tiger-Photo-Break.jpg 1920w, https:\/\/zoo.org\/wp-content\/uploads\/2025\/08\/Tiger-Photo-Break-300x63.jpg 300w, https:\/\/zoo.org\/wp-content\/uploads\/2025\/08\/Tiger-Photo-Break-1024x213.jpg 1024w, https:\/\/zoo.org\/wp-content\/uploads\/2025\/08\/Tiger-Photo-Break-768x160.jpg 768w, https:\/\/zoo.org\/wp-content\/uploads\/2025\/08\/Tiger-Photo-Break-1536x320.jpg 1536w\" sizes=\"auto, (max-width: 1920px) 100vw, 1920px\" \/><span aria-hidden=\"true\" class=\"wp-block-cover__background has-background-dim-0 has-background-dim\" style=\"background-color:#8e785a\"><\/span><div class=\"wp-block-cover__inner-container is-layout-constrained wp-block-cover-is-layout-constrained\">\n<p class=\"has-text-align-center has-large-font-size\"><\/p>\n<\/div><\/div>\n\n<div class=\"wp-block-group is-layout-constrained wp-block-group-is-layout-constrained\" style=\"margin-top:2em;margin-bottom:3em\">\n<h1 class=\"wp-block-heading has-text-align-center\" style=\"margin-top:0.65em;margin-bottom:0.275em\">Todo por los animales<\/h1>\n<\/div>\n\n<div class=\"wp-block-group alignfull divider is-layout-constrained wp-block-group-is-layout-constrained\">\n<h2 class=\"wp-block-heading alignfull has-text-align-center\">Desaf\u00edo de BINGO<\/h2>\n<\/div>\n\n<p><strong>\u00a1La campa\u00f1a Todo por los Animales 2025 comienza el 11 de agosto y culmina el 30 de septiembre con nuestro D\u00eda de Donaciones digital!<\/strong><\/p>\n\n<p>Este a\u00f1o presentamos el desaf\u00edo BINGO All for Animals, una forma nueva y emocionante para que personas apasionadas como usted salgan a su comunidad, asistan a eventos emocionantes y ganen premios exclusivos, \u00a1todo mientras ayudan a salvar la vida silvestre!<\/p>\n\n<p>\u00a1Participar es muy f\u00e1cil! Solo tienes que rellenar el <a href=\"https:\/\/woodlandparkzoo.formstack.com\/forms\/allforanimals_bingo\" target=\"_blank\" rel=\"noreferrer noopener\">formulario de inter\u00e9s<\/a> , descargar tu tarjeta de BINGO y empezar. <strong>El Desaf\u00edo de BINGO comienza el 11 de agosto de 2025 y todas las tarjetas deben entregarse al equipo \u00abTodo por los Animales\u00bb del zool\u00f3gico antes del 10 de octubre de 2025. Consulta las reglas y directrices a continuaci\u00f3n.<\/strong> <\/p>\n\n<div class=\"wp-block-group alignfull divider is-layout-constrained wp-block-group-is-layout-constrained\">\n<h2 class=\"wp-block-heading alignfull has-text-align-center\">PREMIOS DE BINGO<\/h2>\n<\/div>\n\n<div class=\"wp-block-columns is-layout-flex wp-container-core-columns-is-layout-bd8107d2 wp-block-columns-is-layout-flex\" style=\"margin-top:2.5em;margin-bottom:2.5em\">\n<div class=\"wp-block-column has-palette-color-17-background-color has-background is-layout-flow wp-container-core-column-is-layout-492b06a7 wp-block-column-is-layout-flow\" style=\"padding-top:25px;padding-right:25px;padding-bottom:25px;padding-left:25px\">\n<h3 class=\"wp-block-heading\" style=\"margin-bottom:1em\">Nivel 1<\/h3>\n\n\n\n<h4 class=\"wp-block-heading\" style=\"margin-bottom:1em\">Empezar (1-2 filas)<\/h4>\n\n\n\n<p style=\"margin-bottom:1em\">Gana un paquete de premios digital:<\/p>\n\n\n\n<ul class=\"wp-block-list\">\n<li>Fondos de pantalla y fondos personalizados<\/li>\n\n\n\n<li>Crucigramas digitales y certificado Todo por los Animales<\/li>\n\n\n\n<li>V\u00eddeo de agradecimiento del equipo del zool\u00f3gico.<\/li>\n<\/ul>\n<\/div>\n\n\n\n<div class=\"wp-block-column has-palette-color-17-background-color has-background is-layout-flow wp-container-core-column-is-layout-492b06a7 wp-block-column-is-layout-flow\" style=\"padding-top:25px;padding-right:25px;padding-bottom:25px;padding-left:25px\">\n<h3 class=\"wp-block-heading\" style=\"margin-bottom:1em\">Nivel 2<\/h3>\n\n\n\n<h4 class=\"wp-block-heading\" style=\"margin-bottom:1em\">Sigue adelante (3-4 filas)<\/h4>\n\n\n\n<p>Todas las recompensas digitales de nivel 1 m\u00e1s:<\/p>\n\n\n\n<ul class=\"wp-block-list\">\n<li>Pegatina y marcap\u00e1ginas exclusivo Todo por los Animales<\/li>\n\n\n\n<li>Parche coleccionable Todo por los Animales<\/li>\n\n\n\n<li>Rebanada GRATIS de Pagliacci Pizza (solo primeros 500 participantes)<\/li>\n<\/ul>\n<\/div>\n\n\n\n<div class=\"wp-block-column has-palette-color-17-background-color has-background is-layout-flow wp-container-core-column-is-layout-492b06a7 wp-block-column-is-layout-flow\" style=\"padding-top:25px;padding-right:25px;padding-bottom:25px;padding-left:25px\">\n<h3 class=\"wp-block-heading\" style=\"margin-bottom:1em\">Nivel 3<\/h3>\n\n\n\n<h4 class=\"wp-block-heading\" style=\"margin-bottom:1em\">Vu\u00e9lvete loco (oculta tu tarjeta)<\/h4>\n\n\n\n<p>Todo lo del nivel 1 y 2 m\u00e1s:<\/p>\n\n\n\n<ul class=\"wp-block-list\">\n<li>Bandana de zool\u00f3gico de edici\u00f3n limitada<\/li>\n\n\n\n<li>Pulsera de seguimiento animal Fahlo (Solo los primeros 250 participantes)<\/li>\n\n\n\n<li><a href=\"https:\/\/zoo.org\/es\/nombra-un-caracol\/\">Nombra un caracol Partula<\/a> y recibe un im\u00e1n conmemorativo<\/li>\n\n\n\n<li>Tu nombre en el Sal\u00f3n de la Fama de All for Animals en nuestro sitio web<\/li>\n<\/ul>\n<\/div>\n<\/div>\n\n<p><a href=\"https:\/\/zoo.org\/wp-content\/uploads\/2025\/10\/AFA25-BINGO-Incentive-Art-rev-4.pdf\" target=\"_blank\" rel=\"noreferrer noopener\">Obtenga m\u00e1s informaci\u00f3n sobre los premios e incentivos de All for Animals<\/a><\/p>\n\n<div class=\"wp-block-group alignfull divider is-layout-constrained wp-block-group-is-layout-constrained\">\n<h2 class=\"wp-block-heading alignfull has-text-align-center\">REGLAS Y DIRECTRICES<\/h2>\n<\/div>\n\n<h4 class=\"wp-block-heading\">Las inscripciones deben recibirse antes del 10 de octubre de 2025 para calificar para los premios.<\/h4>\n\n<ul class=\"wp-block-list\">\n<li><strong>Una tarjeta por persona.<\/strong>  Se acepta la participaci\u00f3n de grupos o equipos por diversi\u00f3n, pero solo las tarjetas individuales son elegibles para premios.<\/li>\n\n\n\n<li>Complete filas de cinco desaf\u00edos de recaudaci\u00f3n de fondos, salvaci\u00f3n de especies y experiencia en el zool\u00f3gico en sentido horizontal, vertical o diagonal.<\/li>\n\n\n\n<li><strong>Una acci\u00f3n = un cuadrado.<\/strong>  Cada casilla debe completarse con una actividad diferente. Puedes completar varias tareas del zool\u00f3gico en una sola visita. Por ejemplo, puedes subirte al carrusel, tomarte una selfi con la estatua de un animal y llevar a un amigo, todo el mismo d\u00eda. Sin embargo, para cada casilla que diga \u00ab\u00danete a nosotros en un evento del zool\u00f3gico\u00bb, cada una debe completarse asistiendo a un evento diferente. No se contabilizar\u00e1 un mismo evento para varias casillas. (Los eventos que califican se enumeran a continuaci\u00f3n).     <\/li>\n\n\n\n<li><strong>Algunas tareas pueden requerir compra.<\/strong>  Hemos dise\u00f1ado el desaf\u00edo para que sea accesible, pero algunas casillas pueden implicar comprar una entrada, asistir a un evento o donar o recaudar fondos para apoyar al zool\u00f3gico. Tu apoyo a trav\u00e9s de esta campa\u00f1a apoya al zool\u00f3gico y a nuestros programas de cuidado animal de primera clase, programas de protecci\u00f3n de especies a nivel local e internacional y programas educativos. <\/li>\n\n\n\n<li>\u00bfSab\u00edas que puedes conseguir entradas gratuitas al zool\u00f3gico a trav\u00e9s de la Biblioteca P\u00fablica de Seattle? Consulta la secci\u00f3n de Recursos a continuaci\u00f3n para m\u00e1s informaci\u00f3n. <\/li>\n\n\n\n<li><strong>\u00a1Todas las edades son bienvenidas!<\/strong>  Los adultos deben presentar tarjetas en nombre de los participantes menores de 13 a\u00f1os.<\/li>\n\n\n\n<li><strong>\u00a1Se honesto!<\/strong>  Contamos con nuestra comunidad para completar acciones seg\u00fan el sistema de honor. Este es un desaf\u00edo divertido que apoya a tu zool\u00f3gico de coraz\u00f3n. <\/li>\n\n\n\n<li><strong>Env\u00ede las tarjetas completas antes del 10 de octubre de 2025<\/strong> por correo electr\u00f3nico ( <a href=\"mailto:donations@zoo.org\">donations@zoo.org<\/a> ), en persona en la ventanilla de admisi\u00f3n del zool\u00f3gico o por correo:<br\/> Zool\u00f3gico Woodland Park<br\/> 5500 Phinney Ave N<br\/> Seattle, WA 98103<\/li>\n<\/ul>\n\n<div class=\"wp-block-group alignfull divider is-layout-constrained wp-block-group-is-layout-constrained\">\n<h2 class=\"wp-block-heading alignfull has-text-align-center\">EVENTOS CLASIFICATIVOS<\/h2>\n<\/div>\n\n<h4 class=\"wp-block-heading\">\u00bfQuieres marcar una o dos casillas de evento en tu tarjeta de BINGO?<\/h4>\n\n<p>Aqu\u00ed tienes una lista de eventos clasificatorios. Recuerda que cada casilla requiere un evento diferente. <\/p>\n\n<ul class=\"wp-block-list\">\n<li>13 de septiembre \u2013 Meadowfest 25 \u2013 \u00a1\u00danase a nosotros en el prado del zool\u00f3gico para divertirse y festejar mientras aprende c\u00f3mo su filantrop\u00eda salva a los animales a nivel local y en todo el mundo!<\/li>\n\n\n\n<li>23 de septiembre: Visite Old Stove Gardens para tomar una bebida o un refrigerio. \u00a1$1 de cada bebida apoyar\u00e1 al zool\u00f3gico! <\/li>\n\n\n\n<li>30 de septiembre: Noche de trivia en Stoup Brewing Capitol Hill (para toda la familia)<\/li>\n\n\n\n<li><a href=\"https:\/\/zoo.org\/es\/pastando-en-el-zoologico\/\">Panqueques con ping\u00fcinos<\/a> : 12\/8, 29\/8<\/li>\n\n\n\n<li><a href=\"https:\/\/zoo.org\/es\/pastando-en-el-zoologico\/\">T\u00e9 de la tarde en el zool\u00f3gico<\/a> : 22\/8, 23\/8 y 6\/9<\/li>\n\n\n\n<li><a href=\"https:\/\/zoo.org\/es\/pastando-en-el-zoologico\/\">Brunch en el zool\u00f3gico<\/a> : 7\/9, 12\/9, 21\/9<\/li>\n\n\n\n<li><a href=\"https:\/\/zoo.org\/es\/un-encuentro-con-la-naturaleza\/\">Un encuentro con la naturaleza<\/a> : 13\/9, 14\/9, 21\/9<\/li>\n\n\n\n<li><a href=\"https:\/\/zoo.org\/es\/compost-zoo-doo\/\">Visitas p\u00fablicas al zool\u00f3gico<\/a> : disponibles de forma gratuita con la entrada al zool\u00f3gico el 13 y el 20 de agosto a las 3:15 p. m. Punto de encuentro en South Plaza. <\/li>\n\n\n\n<li><a href=\"https:\/\/zoo.org\/es\/zootune\/\">Conciertos de ZooTunes<\/a> : \u00bfVas a ir a un concierto de ZooTunes en agosto o septiembre? \u00a1Puedes contarlo en tu tarjeta de BINGO! <\/li>\n\n\n\n<li>Si has comprado entradas para OktoBEARfest, Wild Lanterns o Pumpkin Bash, \u00a1puedes contarlas para tu tarjeta de BINGO!<\/li>\n<\/ul>\n\n<div class=\"wp-block-group alignfull divider is-layout-constrained wp-block-group-is-layout-constrained\">\n<h2 class=\"wp-block-heading alignfull has-text-align-center\">RECAUDACI\u00d3N DE FONDOS COMUNITARIOS<\/h2>\n<\/div>\n\n<p>Todo por los Animales se centra en aprovechar el poder de nuestra comunidad zool\u00f3gica para generar un cambio positivo en la vida silvestre y los espacios naturales. \u00a1Los jugadores de BINGO que deseen completar varias filas tienen el emocionante reto de convertirse en recaudadores de fondos para el zool\u00f3gico! Al conectar con su propia red de amigos y familiares, no solo pueden recaudar fondos invaluables para el zool\u00f3gico, sino tambi\u00e9n atraer a m\u00e1s personas al movimiento para salvar la vida silvestre y los espacios naturales.  <\/p>\n\n<p>Ya sea que organices una venta de pasteles o de garaje, recolectes promesas para una marat\u00f3n de caminata o simplemente publiques un llamado a donaciones en las redes sociales, \u00a1convertirse en un recaudador de fondos comunitario es f\u00e1cil y puedes ganar premios exclusivos de All for Animals!<\/p>\n\n<p><strong>\u00a1Reg\u00edstrese a trav\u00e9s de nuestra p\u00e1gina All for Animals Giving Day a continuaci\u00f3n!<\/strong><\/p>\n\n<div class=\"wp-block-buttons is-content-justification-center is-layout-flex wp-container-core-buttons-is-layout-48d0e691 wp-block-buttons-is-layout-flex\" style=\"margin-top:var(--wp--preset--spacing--60);margin-bottom:var(--wp--preset--spacing--60)\">\n<div class=\"wp-block-button\"><a class=\"wp-block-button__link wp-element-button\" href=\"https:\/\/give.zoo.org\/campaign\/all-for-animals-giving-day-2025\/c695973?_gl=1*zefmuk*_gcl_au*MjA5ODE4OTMzOC4xNzYwMzk2OTc2\" target=\"_blank\" rel=\"noreferrer noopener\">CONVI\u00c9RTETE EN UN RECAUDADOR DE FONDOS DE LA COMUNIDAD<\/a><\/div>\n<\/div>\n\n<p>Este a\u00f1o, el D\u00eda de Donaciones de Todo por los Animales es el 30 de septiembre de 2025. Los donantes podr\u00e1n elegir entre cuatro fondos para generar su impacto: cuidado animal, Fondo de Impacto para Salvar Especies, sostenibilidad y nuestro fondo general, Zooing it All. <\/p>\n\n<p><a href=\"https:\/\/give.zoo.org\/campaign\/all-for-animals-giving-day-2025\/c695973\" target=\"_blank\" rel=\"noreferrer noopener\">\u00a1Aprenda m\u00e1s sobre Todo por los Animales!<\/a><\/p>\n\n<h3 class=\"wp-block-heading\">Recursos<\/h3>\n\n<ul class=\"wp-block-list\">\n<li>\u00bfBuscas mercados agr\u00edcolas locales? Encuentra fechas y ubicaciones: <a href=\"https:\/\/seattlefarmersmarkets.org\/\" target=\"_blank\" rel=\"noreferrer noopener\">Mercado Agr\u00edcola de Seattle<\/a> , <a href=\"https:\/\/bellevuefarmersmarket.org\/\" target=\"_blank\" rel=\"noreferrer noopener\">Mercado Agr\u00edcola de Bellevue<\/a> , <a href=\"https:\/\/nfmd.org\/wa\/seattle\/\" target=\"_blank\" rel=\"noreferrer noopener\">Directorio Nacional de Mercados Agr\u00edcolas.<\/a> <\/li>\n\n\n\n<li>Para obtener m\u00e1s informaci\u00f3n sobre <a href=\"https:\/\/zoo.org\/es\/calendario-de-eventos\/\">los eventos del zool\u00f3gico<\/a><\/li>\n\n\n\n<li>\u00bfBuscas opciones econ\u00f3micas para visitar el zool\u00f3gico? Visita nuestra <a href=\"https:\/\/zoo.org\/es\/descuentos-y-grupos\/\">p\u00e1gina de descuentos<\/a> o consulta <a href=\"https:\/\/www.spl.org\/programs-and-services\/arts-and-culture\/museum-pass\" target=\"_blank\" rel=\"noreferrer noopener\">el Pase para Museos de la Biblioteca P\u00fablica de Seattle<\/a> para encontrar opciones econ\u00f3micas o gratuitas. <\/li>\n\n\n\n<li>Aprenda sobre <a href=\"https:\/\/zoo.org\/es\/aceite-de-palma-sostenible\/\">el aceite de palma y c\u00f3mo comprar de forma sostenible.<\/a><\/li>\n\n\n\n<li>\u00bfTiene preguntas sobre <a href=\"https:\/\/zoo.org\/es\/zoologico-sostenible\/preguntas-frecuentes-sobre-eco-cell\/\">el reciclaje de sus residuos electr\u00f3nicos en el zool\u00f3gico?<\/a><\/li>\n\n\n\n<li>\u00bfTiene preguntas sobre All for Animals? Cont\u00e1ctenos en <a href=\"mailto:donations@zoo.org\">donations@zoo.org<\/a> o por tel\u00e9fono al 206.548.2491. <\/li>\n<\/ul>\n","protected":false},"excerpt":{"rendered":"<p>Todo por los animales Desaf\u00edo de BINGO \u00a1La campa\u00f1a Todo por los Animales 2025 comienza el 11 de agosto y culmina el 30 de septiembre con nuestro D\u00eda de Donaciones [&hellip;]<\/p>\n","protected":false},"author":1,"featured_media":0,"parent":0,"menu_order":0,"comment_status":"closed","ping_status":"closed","template":"","meta":{"_acf_changed":false,"_kad_blocks_custom_css":"","_kad_blocks_head_custom_js":"","_kad_blocks_body_custom_js":"","_kad_blocks_footer_custom_js":"","footnotes":""},"class_list":["post-12782","page","type-page","status-publish","hentry"],"blocksy_meta":[],"acf":[],"yoast_head":"<!-- This site is optimized with the Yoast SEO plugin v27.4 - https:\/\/yoast.com\/product\/yoast-seo-wordpress\/ -->\n<title>-<\/title>\n<meta name=\"description\" content=\"\u00a1La campa\u00f1a Todo por los Animales 2025 comienza el 11 de agosto y culmina el 30 de septiembre con nuestro D\u00eda de Donaciones digital!\" \/>\n<meta name=\"robots\" content=\"index, follow, max-snippet:-1, max-image-preview:large, max-video-preview:-1\" \/>\n<link rel=\"canonical\" href=\"https:\/\/zoo.org\/es\/bingo-todo-para-animales\/\" \/>\n<meta property=\"og:locale\" content=\"es_ES\" \/>\n<meta property=\"og:type\" content=\"article\" \/>\n<meta property=\"og:title\" content=\"-\" \/>\n<meta property=\"og:description\" content=\"\u00a1La campa\u00f1a Todo por los Animales 2025 comienza el 11 de agosto y culmina el 30 de septiembre con nuestro D\u00eda de Donaciones digital!\" \/>\n<meta property=\"og:url\" content=\"https:\/\/zoo.org\/es\/bingo-todo-para-animales\/\" \/>\n<meta property=\"og:site_name\" content=\"Zool\u00f3gico Woodland Park\" \/>\n<meta property=\"article:modified_time\" content=\"2025-12-20T02:25:09+00:00\" \/>\n<meta property=\"og:image\" content=\"https:\/\/zoo.org\/wp-content\/uploads\/2025\/08\/Tiger-Photo-Break.jpg?wsr\" \/>\n\t<meta property=\"og:image:width\" content=\"1920\" \/>\n\t<meta property=\"og:image:height\" content=\"400\" \/>\n\t<meta property=\"og:image:type\" content=\"image\/jpeg\" \/>\n<meta name=\"twitter:card\" content=\"summary_large_image\" \/>\n<script type=\"application\/ld+json\" class=\"yoast-schema-graph\">{\"@context\":\"https:\\\/\\\/schema.org\",\"@graph\":[{\"@type\":\"WebPage\",\"@id\":\"https:\\\/\\\/zoo.org\\\/es\\\/bingo-todo-para-animales\\\/\",\"url\":\"https:\\\/\\\/zoo.org\\\/es\\\/bingo-todo-para-animales\\\/\",\"name\":\"-\",\"isPartOf\":{\"@id\":\"https:\\\/\\\/zoo.org\\\/es\\\/#website\"},\"primaryImageOfPage\":{\"@id\":\"https:\\\/\\\/zoo.org\\\/es\\\/bingo-todo-para-animales\\\/#primaryimage\"},\"image\":{\"@id\":\"https:\\\/\\\/zoo.org\\\/es\\\/bingo-todo-para-animales\\\/#primaryimage\"},\"thumbnailUrl\":\"https:\\\/\\\/zoo.org\\\/wp-content\\\/uploads\\\/2025\\\/08\\\/Tiger-Photo-Break.jpg\",\"datePublished\":\"2025-10-14T17:41:28+00:00\",\"dateModified\":\"2025-12-20T02:25:09+00:00\",\"description\":\"\u00a1La campa\u00f1a Todo por los Animales 2025 comienza el 11 de agosto y culmina el 30 de septiembre con nuestro D\u00eda de Donaciones digital!\",\"breadcrumb\":{\"@id\":\"https:\\\/\\\/zoo.org\\\/es\\\/bingo-todo-para-animales\\\/#breadcrumb\"},\"inLanguage\":\"es\",\"potentialAction\":[{\"@type\":\"ReadAction\",\"target\":[\"https:\\\/\\\/zoo.org\\\/es\\\/bingo-todo-para-animales\\\/\"]}]},{\"@type\":\"ImageObject\",\"inLanguage\":\"es\",\"@id\":\"https:\\\/\\\/zoo.org\\\/es\\\/bingo-todo-para-animales\\\/#primaryimage\",\"url\":\"https:\\\/\\\/zoo.org\\\/wp-content\\\/uploads\\\/2025\\\/08\\\/Tiger-Photo-Break.jpg\",\"contentUrl\":\"https:\\\/\\\/zoo.org\\\/wp-content\\\/uploads\\\/2025\\\/08\\\/Tiger-Photo-Break.jpg\"},{\"@type\":\"BreadcrumbList\",\"@id\":\"https:\\\/\\\/zoo.org\\\/es\\\/bingo-todo-para-animales\\\/#breadcrumb\",\"itemListElement\":[{\"@type\":\"ListItem\",\"position\":1,\"name\":\"Hogar\",\"item\":\"https:\\\/\\\/zoo.org\\\/es\\\/\"},{\"@type\":\"ListItem\",\"position\":2,\"name\":\"Bingo Todo para Animales\"}]},{\"@type\":\"WebSite\",\"@id\":\"https:\\\/\\\/zoo.org\\\/es\\\/#website\",\"url\":\"https:\\\/\\\/zoo.org\\\/es\\\/\",\"name\":\"Zool\u00f3gico Woodland Park\",\"description\":\"El Zool\u00f3gico Woodland Park salva la vida silvestre e inspira a todos a hacer de la conservaci\u00f3n una prioridad en sus vidas.\",\"publisher\":{\"@id\":\"https:\\\/\\\/zoo.org\\\/es\\\/#organization\"},\"potentialAction\":[{\"@type\":\"SearchAction\",\"target\":{\"@type\":\"EntryPoint\",\"urlTemplate\":\"https:\\\/\\\/zoo.org\\\/es\\\/?s={search_term_string}\"},\"query-input\":{\"@type\":\"PropertyValueSpecification\",\"valueRequired\":true,\"valueName\":\"search_term_string\"}}],\"inLanguage\":\"es\"},{\"@type\":\"Organization\",\"@id\":\"https:\\\/\\\/zoo.org\\\/es\\\/#organization\",\"name\":\"Zool\u00f3gico Woodland Park\",\"url\":\"https:\\\/\\\/zoo.org\\\/es\\\/\",\"logo\":{\"@type\":\"ImageObject\",\"inLanguage\":\"es\",\"@id\":\"https:\\\/\\\/zoo.org\\\/es\\\/#\\\/schema\\\/logo\\\/image\\\/\",\"url\":\"https:\\\/\\\/zoo.org\\\/wp-content\\\/uploads\\\/2026\\\/01\\\/WPZ-Logo_white-SVG.svg?wsr\",\"contentUrl\":\"https:\\\/\\\/zoo.org\\\/wp-content\\\/uploads\\\/2026\\\/01\\\/WPZ-Logo_white-SVG.svg?wsr\",\"width\":288,\"height\":282,\"caption\":\"Zool\u00f3gico Woodland Park\"},\"image\":{\"@id\":\"https:\\\/\\\/zoo.org\\\/es\\\/#\\\/schema\\\/logo\\\/image\\\/\"}}]}<\/script>\n<!-- \/ Yoast SEO plugin. -->","yoast_head_json":{"title":"-","description":"\u00a1La campa\u00f1a Todo por los Animales 2025 comienza el 11 de agosto y culmina el 30 de septiembre con nuestro D\u00eda de Donaciones digital!","robots":{"index":"index","follow":"follow","max-snippet":"max-snippet:-1","max-image-preview":"max-image-preview:large","max-video-preview":"max-video-preview:-1"},"canonical":"https:\/\/zoo.org\/es\/bingo-todo-para-animales\/","og_locale":"es_ES","og_type":"article","og_title":"-","og_description":"\u00a1La campa\u00f1a Todo por los Animales 2025 comienza el 11 de agosto y culmina el 30 de septiembre con nuestro D\u00eda de Donaciones digital!","og_url":"https:\/\/zoo.org\/es\/bingo-todo-para-animales\/","og_site_name":"Zool\u00f3gico Woodland Park","article_modified_time":"2025-12-20T02:25:09+00:00","og_image":[{"width":1920,"height":400,"url":"https:\/\/zoo.org\/wp-content\/uploads\/2025\/08\/Tiger-Photo-Break.jpg?wsr","type":"image\/jpeg"}],"twitter_card":"summary_large_image","schema":{"@context":"https:\/\/schema.org","@graph":[{"@type":"WebPage","@id":"https:\/\/zoo.org\/es\/bingo-todo-para-animales\/","url":"https:\/\/zoo.org\/es\/bingo-todo-para-animales\/","name":"-","isPartOf":{"@id":"https:\/\/zoo.org\/es\/#website"},"primaryImageOfPage":{"@id":"https:\/\/zoo.org\/es\/bingo-todo-para-animales\/#primaryimage"},"image":{"@id":"https:\/\/zoo.org\/es\/bingo-todo-para-animales\/#primaryimage"},"thumbnailUrl":"https:\/\/zoo.org\/wp-content\/uploads\/2025\/08\/Tiger-Photo-Break.jpg","datePublished":"2025-10-14T17:41:28+00:00","dateModified":"2025-12-20T02:25:09+00:00","description":"\u00a1La campa\u00f1a Todo por los Animales 2025 comienza el 11 de agosto y culmina el 30 de septiembre con nuestro D\u00eda de Donaciones digital!","breadcrumb":{"@id":"https:\/\/zoo.org\/es\/bingo-todo-para-animales\/#breadcrumb"},"inLanguage":"es","potentialAction":[{"@type":"ReadAction","target":["https:\/\/zoo.org\/es\/bingo-todo-para-animales\/"]}]},{"@type":"ImageObject","inLanguage":"es","@id":"https:\/\/zoo.org\/es\/bingo-todo-para-animales\/#primaryimage","url":"https:\/\/zoo.org\/wp-content\/uploads\/2025\/08\/Tiger-Photo-Break.jpg","contentUrl":"https:\/\/zoo.org\/wp-content\/uploads\/2025\/08\/Tiger-Photo-Break.jpg"},{"@type":"BreadcrumbList","@id":"https:\/\/zoo.org\/es\/bingo-todo-para-animales\/#breadcrumb","itemListElement":[{"@type":"ListItem","position":1,"name":"Hogar","item":"https:\/\/zoo.org\/es\/"},{"@type":"ListItem","position":2,"name":"Bingo Todo para Animales"}]},{"@type":"WebSite","@id":"https:\/\/zoo.org\/es\/#website","url":"https:\/\/zoo.org\/es\/","name":"Zool\u00f3gico Woodland Park","description":"El Zool\u00f3gico Woodland Park salva la vida silvestre e inspira a todos a hacer de la conservaci\u00f3n una prioridad en sus vidas.","publisher":{"@id":"https:\/\/zoo.org\/es\/#organization"},"potentialAction":[{"@type":"SearchAction","target":{"@type":"EntryPoint","urlTemplate":"https:\/\/zoo.org\/es\/?s={search_term_string}"},"query-input":{"@type":"PropertyValueSpecification","valueRequired":true,"valueName":"search_term_string"}}],"inLanguage":"es"},{"@type":"Organization","@id":"https:\/\/zoo.org\/es\/#organization","name":"Zool\u00f3gico Woodland Park","url":"https:\/\/zoo.org\/es\/","logo":{"@type":"ImageObject","inLanguage":"es","@id":"https:\/\/zoo.org\/es\/#\/schema\/logo\/image\/","url":"https:\/\/zoo.org\/wp-content\/uploads\/2026\/01\/WPZ-Logo_white-SVG.svg?wsr","contentUrl":"https:\/\/zoo.org\/wp-content\/uploads\/2026\/01\/WPZ-Logo_white-SVG.svg?wsr","width":288,"height":282,"caption":"Zool\u00f3gico Woodland Park"},"image":{"@id":"https:\/\/zoo.org\/es\/#\/schema\/logo\/image\/"}}]}},"taxonomy_info":[],"featured_image_src_large":false,"author_info":{"display_name":"jloughlin","author_link":"https:\/\/zoo.org\/es\/author\/jloughlin\/"},"comment_info":0,"_links":{"self":[{"href":"https:\/\/zoo.org\/es\/wp-json\/wp\/v2\/pages\/12782","targetHints":{"allow":["GET"]}}],"collection":[{"href":"https:\/\/zoo.org\/es\/wp-json\/wp\/v2\/pages"}],"about":[{"href":"https:\/\/zoo.org\/es\/wp-json\/wp\/v2\/types\/page"}],"author":[{"embeddable":true,"href":"https:\/\/zoo.org\/es\/wp-json\/wp\/v2\/users\/1"}],"replies":[{"embeddable":true,"href":"https:\/\/zoo.org\/es\/wp-json\/wp\/v2\/comments?post=12782"}],"version-history":[{"count":0,"href":"https:\/\/zoo.org\/es\/wp-json\/wp\/v2\/pages\/12782\/revisions"}],"wp:attachment":[{"href":"https:\/\/zoo.org\/es\/wp-json\/wp\/v2\/media?parent=12782"}],"curies":[{"name":"wp","href":"https:\/\/api.w.org\/{rel}","templated":true}]}}