{"id":12805,"date":"2026-02-09T10:15:45","date_gmt":"2026-02-09T18:15:45","guid":{"rendered":"https:\/\/zoo.org\/nombra-un-caracol\/"},"modified":"2026-04-06T17:15:25","modified_gmt":"2026-04-07T00:15:25","slug":"nombra-un-caracol","status":"publish","type":"page","link":"https:\/\/zoo.org\/es\/nombra-un-caracol\/","title":{"rendered":"Nombra un caracol"},"content":{"rendered":"\n<div class=\"wp-block-cover alignfull hero\" style=\"margin-top:0;margin-bottom:0\"><img loading=\"lazy\" decoding=\"async\" width=\"1920\" height=\"400\" class=\"wp-block-cover__image-background wp-image-3469 size-full\" alt=\"\" src=\"https:\/\/zoo.org\/wp-content\/uploads\/2025\/08\/Partula-Snail-Header-Image.jpg\" data-object-fit=\"cover\" srcset=\"https:\/\/zoo.org\/wp-content\/uploads\/2025\/08\/Partula-Snail-Header-Image.jpg 1920w, https:\/\/zoo.org\/wp-content\/uploads\/2025\/08\/Partula-Snail-Header-Image-300x63.jpg 300w, https:\/\/zoo.org\/wp-content\/uploads\/2025\/08\/Partula-Snail-Header-Image-1024x213.jpg 1024w, https:\/\/zoo.org\/wp-content\/uploads\/2025\/08\/Partula-Snail-Header-Image-768x160.jpg 768w, https:\/\/zoo.org\/wp-content\/uploads\/2025\/08\/Partula-Snail-Header-Image-1536x320.jpg 1536w\" sizes=\"auto, (max-width: 1920px) 100vw, 1920px\" \/><span aria-hidden=\"true\" class=\"wp-block-cover__background has-background-dim-0 has-background-dim\" style=\"background-color:#858251\"><\/span><div class=\"wp-block-cover__inner-container is-layout-constrained wp-block-cover-is-layout-constrained\">\n<p class=\"has-text-align-center has-large-font-size\"><\/p>\n<\/div><\/div>\n\n<div class=\"wp-block-group is-layout-constrained wp-block-group-is-layout-constrained\" style=\"margin-top:2em;margin-bottom:3em\">\n<h1 class=\"wp-block-heading has-text-align-center\" style=\"margin-top:0.65em;margin-bottom:0.275em\">Todo por los animales<\/h1>\n<\/div>\n\n<div class=\"wp-block-group alignfull divider is-layout-constrained wp-block-group-is-layout-constrained\">\n<h2 class=\"wp-block-heading alignfull has-text-align-center\">Nombra un caracol Partula<\/h2>\n<\/div>\n\n<h3 class=\"wp-block-heading\">Ayude a recuperar una especie del borde de la extinci\u00f3n, un caracol a la vez.<\/h3>\n\n<h4 class=\"wp-block-heading\">\u00bfSue\u00f1as con una escapada a una isla tropical? \u00a1Ahora un caracol puede ocupar tu lugar! <\/h4>\n\n<p>Diminuto, raro y extraordinario, el caracol Partula es un superviviente de proporciones \u00e9picas. Declarado extinto en estado silvestre, este caracol polinesio del tama\u00f1o de un guisante est\u00e1 resurgiendo gracias a d\u00e9cadas de trabajo del Zool\u00f3gico Woodland Park y nuestros colaboradores globales. <\/p>\n\n<p><strong>Y ahora, t\u00fa puedes ser parte de esa historia.<\/strong><\/p>\n\n<p>Por solo $25, puedes ponerle nombre a un caracol Partula criado en el Zool\u00f3gico Woodland Park antes de que regrese a la isla de Tahit\u00ed, en la Polinesia Francesa. Estos peque\u00f1os caracoles desempe\u00f1an un papel fundamental en la salud de los bosques isle\u00f1os, descomponiendo la materia vegetal muerta y contribuyendo al equilibrio de su ecosistema. Tu donaci\u00f3n apoya nuestro fondo \u00abZooing it All\u00bb, que impulsa iniciativas de conservaci\u00f3n a nivel local e internacional, incluyendo el cuidado y la reintroducci\u00f3n de estas extraordinarias criaturas.  <\/p>\n\n<div class=\"wp-block-group is-layout-constrained wp-block-group-is-layout-constrained\" style=\"margin-top:var(--wp--preset--spacing--60);margin-bottom:var(--wp--preset--spacing--60)\"><style>.kt-sc6308_df3375-3c .kt-sc-imgcol, .kt-sc6308_df3375-3c .kt-sc-textcol{min-height:345px;}.kt-sc6308_df3375-3c .kt-sc-imgcol{background-size:cover;background-image:url(https:\/\/zoo.org\/wp-content\/uploads\/2025\/10\/2013-RHawk-021-Partula-Snail.jpg);}.kt-sc6308_df3375-3c .kt-sc-textcol{padding-top:1em;padding-right:1.5em;padding-bottom:1em;padding-left:1.5em;}@media all and (max-width: 767px){.kt-sc6308_df3375-3c .kt-sc-imgcol, .kt-sc6308_df3375-3c .kt-sc-textcol{min-height:275px;}}<\/style>\n<div class=\"aligncenter kt-sc6308_df3375-3c wp-block-kadence-splitcontent\"><div class=\"kt-split-content-wrap kt-sc-media-side-left\" style=\"grid-template-columns:32% auto\"><div class=\"kt-sc-imgcol kt-sc-imgcol-bg-cover kt-sc-img-side-left\"><\/div><div class=\"kt-sc-textcol kt-sc-text-valign-center kt-sc-text-halign-left\" style=\"background-color:var(--theme-palette-color-17, #E6E6E6)\"><div class=\"kt-sc-innter-col\">\n<h3 class=\"wp-block-heading\">\u00a1Los nombres son limitados!<\/h3>\n\n\n\n<p>Tenemos un n\u00famero limitado de caracoles disponibles para nombrar cada a\u00f1o. \u00a1No te pierdas la oportunidad de formar parte de este logro \u00fanico en conservaci\u00f3n! Tu apoyo a nuestras iniciativas de conservaci\u00f3n ayuda a criar, cuidar y devolver estas peque\u00f1as maravillas a su leg\u00edtimo lugar en la naturaleza.  <\/p>\n\n\n\n<div class=\"wp-block-buttons is-layout-flex wp-block-buttons-is-layout-flex\">\n<div class=\"wp-block-button #nameasnail\"><a class=\"wp-block-button__link wp-element-button\" href=\"https:\/\/www.zoo.org\/nameasnail?campaign=719376\" target=\"_blank\" rel=\"noreferrer noopener\">Nombra un caracol<\/a><\/div>\n<\/div>\n<\/div><\/div><\/div><\/div>\n<\/div>\n\n<h3 class=\"wp-block-heading\">Peque\u00f1os datos, gran impacto<\/h3>\n\n<ul class=\"wp-block-list\">\n<li>501 caracoles viven actualmente entre bastidores en el zool\u00f3gico Woodland Park.<\/li>\n\n\n\n<li>Los adultos crecen hasta aproximadamente el tama\u00f1o de un guisante.<\/li>\n\n\n\n<li>Los reci\u00e9n nacidos son aproximadamente del tama\u00f1o de una chispa de caramelo.<\/li>\n\n\n\n<li>Comen como refrigerio una mezcla gourmet de pienso para trucha, polvo de ortiga y vitaminas personalizadas.<\/li>\n\n\n\n<li>Este a\u00f1o se liberar\u00e1n m\u00e1s de 7.000 caracoles Partula en cuatro islas, incluida Tahit\u00ed.<\/li>\n\n\n\n<li>Los caracoles silvestres reci\u00e9n encontrados son prueba de que el programa est\u00e1 funcionando<\/li>\n<\/ul>\n\n<div class=\"wp-block-columns is-layout-flex wp-container-core-columns-is-layout-bd8107d2 wp-block-columns-is-layout-flex\" style=\"margin-top:2.5em;margin-bottom:2.5em\">\n<div class=\"wp-block-column has-palette-color-17-background-color has-background is-layout-flow wp-container-core-column-is-layout-492b06a7 wp-block-column-is-layout-flow\" style=\"padding-top:25px;padding-right:25px;padding-bottom:25px;padding-left:25px\">\n<h3 class=\"wp-block-heading\">C\u00f3mo funciona<\/h3>\n\n\n\n<ul class=\"wp-block-list\">\n<li>Utilice el formulario para donar $25 para nombrar un caracol<\/li>\n\n\n\n<li>Elige el nombre de tu caracol (se aplican pautas)<\/li>\n\n\n\n<li>Reciba su im\u00e1n por correo (espere hasta 10 d\u00edas h\u00e1biles)<\/li>\n\n\n\n<li>Vea su nombre en nuestro muro digital de nombres de caracoles<\/li>\n\n\n\n<li>Si\u00e9ntete genial sabiendo que tu peque\u00f1o caracol es parte de algo grande<\/li>\n<\/ul>\n<\/div>\n\n\n\n<div class=\"wp-block-column has-palette-color-17-background-color has-background is-layout-flow wp-container-core-column-is-layout-492b06a7 wp-block-column-is-layout-flow\" style=\"padding-top:25px;padding-right:25px;padding-bottom:25px;padding-left:25px\">\n<h3 class=\"wp-block-heading\">\u00bfQu\u00e9 hay en un nombre?<\/h3>\n\n\n\n<p><strong>Al ponerle nombre a un caracol recibir\u00e1s:<\/strong><\/p>\n\n\n\n<ul class=\"wp-block-list\">\n<li>Un im\u00e1n conmemorativo que celebra tu contribuci\u00f3n<\/li>\n\n\n\n<li>El nombre de tu caracol aparecer\u00e1 permanentemente en esta p\u00e1gina.<\/li>\n\n\n\n<li>La satisfacci\u00f3n de ayudar a una especie a recuperarse de la extinci\u00f3n en su h\u00e1bitat nativo.<\/li>\n<\/ul>\n\n\n\n<p>Estos caracoles pueden ser del tama\u00f1o de una pizca, pero su viaje es enorme. Gracias a ti, regresan a casa. <\/p>\n<\/div>\n<\/div>\n\n<div class=\"wp-block-group alignfull divider is-layout-constrained wp-block-group-is-layout-constrained\">\n<h2 class=\"wp-block-heading alignfull has-text-align-center\">Nombres de caracoles<\/h2>\n<\/div>\n\n<div style=\"columns: 4 11em;\">\n<p>Acrophelia<br\/>Anya<br\/>Alouise<br\/>Luis<br\/>Artemis<br\/>BecSue<br\/>Bryce<br\/>Camille<br\/>Cirilo<br\/>Fernando<br\/>Dallas<br\/>Daver<br\/>Dr. Calamari<br\/>Dudar<br\/>Geoffrey<br\/>Ene<br\/>Jimbob<br\/>Kiwi Bud<br\/>Laguna Azul<br\/>Lim\u00f3n el tercero<br\/>caracol ondina<br\/>mantequilla de cacahuete y mermelada<br\/>Petunia<br\/>Pimbington Bigshell<br\/>Marcel<br\/>R. Mutt<br\/>Merv<br\/>Milorad<br\/>Noahkira<br\/>Onslow<br\/>Pascal<br\/>Rohungry<br\/>Scooberta<br\/>Shawn Punta de Concha<br\/>Shelly<br\/>Espolvorear<br\/>Chispas<br\/>Stefany<br\/>Estefania<br\/>Tal\u00eda<br\/>Tony Jobbins<br\/>Totoka<br\/>Zivorad<br\/>Zeus<\/p>\n<\/div>\n\n<div class=\"wp-block-group alignfull divider is-layout-constrained wp-block-group-is-layout-constrained\">\n<h2 class=\"wp-block-heading alignfull has-text-align-center\">PREGUNTAS FRECUENTES<\/h2>\n<\/div>\n\n<h4 class=\"wp-block-heading\">\u00bfCu\u00e1nto tiempo estar\u00e1 disponible la p\u00e1gina de reconocimiento \u00abNombra un caracol Partula\u00bb en el sitio web del zool\u00f3gico?<\/h4>\n\n<p>\u00a1Indefinidamente! Actualizaremos la lista de nombres peri\u00f3dicamente a lo largo del a\u00f1o. <\/p>\n\n<h4 class=\"wp-block-heading\">\u00bfD\u00f3nde puedo encontrar el nombre de mi caracol en el sitio web del zool\u00f3gico?<\/h4>\n\n<p>La lista de reconocimiento \u00abNombra un caracol Partula\u00bb est\u00e1 disponible en l\u00ednea. Consulta la lista aqu\u00ed: zoo.org\/snailnames <\/p>\n\n<h4 class=\"wp-block-heading\">\u00bfQu\u00e9 tan pronto aparecer\u00e1 el nombre de mi caracol en el sitio web del zool\u00f3gico?<\/h4>\n\n<p>Puede que nos lleve una semana agregar el nombre de su caracol a la lista de reconocimiento, pero actualizaremos la lista continuamente durante todo el a\u00f1o.<\/p>\n\n<h4 class=\"wp-block-heading\">\u00bfExiste un l\u00edmite en la cantidad de caracteres en el nombre de mi caracol o restricciones sobre c\u00f3mo puedo nombrarlo?<\/h4>\n\n<p>Le pedimos que limite el nombre de su caracol a 30 caracteres, incluyendo espacios. El Zool\u00f3gico Woodland Park promueve un ambiente familiar, as\u00ed que por favor, mantenga todos los nombres de caracoles en ese esp\u00edritu. El Zool\u00f3gico Woodland Park se reserva el derecho de excluir nombres de caracoles del reconocimiento p\u00fablico a nuestra discreci\u00f3n.  <\/p>\n\n<h4 class=\"wp-block-heading\">\u00bfRecibir\u00e9 una confirmaci\u00f3n por correo electr\u00f3nico del nombre de mi caracol Partula?<\/h4>\n\n<p>Al realizar su donaci\u00f3n en l\u00ednea, recibir\u00e1 un correo electr\u00f3nico de confirmaci\u00f3n de \u00abNombra un Caracol Partula\u00bb a la direcci\u00f3n de correo electr\u00f3nico que proporcion\u00f3 inmediatamente despu\u00e9s de enviar su contribuci\u00f3n. Si realiza su donaci\u00f3n por correo postal o en persona, recibir\u00e1 la confirmaci\u00f3n y un recibo de impuestos en su direcci\u00f3n en un plazo de dos semanas. Si tiene alguna pregunta, no dude en contactarnos a donations@zoo.org o al 206.548.2491.  <\/p>\n\n<h4 class=\"wp-block-heading\">\u00bfPuedo regalar un im\u00e1n de caracol Partula con mi nombre?<\/h4>\n\n<p>\u00a1S\u00ed! Si desea regalar un caracol Partula con un nombre, seleccione la opci\u00f3n \u00abDedicar mi donaci\u00f3n\u00bb en el formulario de donaci\u00f3n. Le enviaremos una nota con el im\u00e1n conmemorativo del caracol al nombre y la direcci\u00f3n que nos proporcion\u00f3. El proceso puede tardar hasta 10 d\u00edas h\u00e1biles. Si tiene alguna pregunta, cont\u00e1ctenos en donations@zoo.org o al 206.548.2491.    <\/p>\n\n<p>Para una donaci\u00f3n inmediata, selecciona \u00abDedicar mi donaci\u00f3n\u00bb en nuestro formulario de donaci\u00f3n \u00abNombra un caracol Partula\u00bb al realizar tu contribuci\u00f3n. Despu\u00e9s, puedes enviar una tarjeta electr\u00f3nica personalizada con un mensaje personalizado al correo electr\u00f3nico de un destinatario especial. <\/p>\n\n<h4 class=\"wp-block-heading\">\u00bfCu\u00e1l es el precio para nombrar un caracol Partula en el Zool\u00f3gico Woodland Park?<\/h4>\n\n<p>Solicitamos una donaci\u00f3n m\u00ednima de $25 para bautizar un caracol Partula en el Zool\u00f3gico Woodland Park. Contamos con un n\u00famero limitado de caracoles disponibles para bautizar cada a\u00f1o. Las donaciones de cualquier monto marcan una diferencia importante en nuestra labor para salvar especies en todo el mundo, restaurar las poblaciones de caracoles Partula y educar a millones de visitantes sobre la importancia de la biodiversidad. Con una donaci\u00f3n de $1,000 o m\u00e1s durante un a\u00f1o calendario, los donantes pueden unirse a nuestra sociedad Wild at Heart (enlace a zoo.org\/wildatheart) y acceder a experiencias especiales, beneficios y noticias del zool\u00f3gico, adem\u00e1s de una membres\u00eda familiar.   <\/p>\n\n<h4 class=\"wp-block-heading\">\u00bfC\u00f3mo utilizar\u00e1 el zool\u00f3gico las ganancias de la campa\u00f1a \u201cNombra un caracol Partula\u201d?<\/h4>\n\n<p>Los obsequios con el nombre de un caracol Partula respaldan el Fondo Anual del Zool\u00f3gico Woodland Park, que ayuda a sustentar todas las operaciones de su zool\u00f3gico comunitario, incluido el cuidado diario de los animales, los controles y procedimientos veterinarios, una programaci\u00f3n educativa interesante e iniciativas de conservaci\u00f3n vitales, como nuestro programa de cr\u00eda y reintroducci\u00f3n del caracol Partula.<\/p>\n\n<h4 class=\"wp-block-heading\">\u00bfEs posible enviar internacionalmente los art\u00edculos f\u00edsicos del programa Nombra un Caracol?<\/h4>\n\n<p>Debido a limitaciones de env\u00edo y aduanas, los art\u00edculos f\u00edsicos del programa \u00abNombra un Caracol\u00bb solo se pueden enviar dentro de Estados Unidos. Los donantes internacionales son bienvenidos a participar y recibir\u00e1n un certificado digital, un recibo de donaci\u00f3n y el nombre del caracol que elijan aparecer\u00e1 en nuestro sitio web. Sin embargo, los art\u00edculos f\u00edsicos no se pueden enviar fuera de Estados Unidos. <\/p>\n","protected":false},"excerpt":{"rendered":"<p>Todo por los animales Nombra un caracol Partula Ayude a recuperar una especie del borde de la extinci\u00f3n, un caracol a la vez. \u00bfSue\u00f1as con una escapada a una isla [&hellip;]<\/p>\n","protected":false},"author":1,"featured_media":0,"parent":0,"menu_order":0,"comment_status":"closed","ping_status":"closed","template":"","meta":{"_acf_changed":false,"_kad_blocks_custom_css":"","_kad_blocks_head_custom_js":"","_kad_blocks_body_custom_js":"","_kad_blocks_footer_custom_js":"","footnotes":""},"class_list":["post-12805","page","type-page","status-publish","hentry"],"blocksy_meta":[],"acf":[],"yoast_head":"<!-- This site is optimized with the Yoast SEO plugin v27.4 - https:\/\/yoast.com\/product\/yoast-seo-wordpress\/ -->\n<title>-<\/title>\n<meta name=\"robots\" content=\"index, follow, max-snippet:-1, max-image-preview:large, max-video-preview:-1\" \/>\n<link rel=\"canonical\" href=\"https:\/\/zoo.org\/es\/nombra-un-caracol\/\" \/>\n<meta property=\"og:locale\" content=\"es_ES\" \/>\n<meta property=\"og:type\" content=\"article\" \/>\n<meta property=\"og:title\" content=\"-\" \/>\n<meta property=\"og:description\" content=\"Todo por los animales Nombra un caracol Partula Ayude a recuperar una especie del borde de la extinci\u00f3n, un caracol a la vez. \u00bfSue\u00f1as con una escapada a una isla [&hellip;]\" \/>\n<meta property=\"og:url\" content=\"https:\/\/zoo.org\/es\/nombra-un-caracol\/\" \/>\n<meta property=\"og:site_name\" content=\"Zool\u00f3gico Woodland Park\" \/>\n<meta property=\"article:modified_time\" content=\"2026-04-07T00:15:25+00:00\" \/>\n<meta property=\"og:image\" content=\"https:\/\/zoo.org\/wp-content\/uploads\/2025\/08\/Partula-Snail-Header-Image.jpg?wsr\" \/>\n\t<meta property=\"og:image:width\" content=\"1920\" \/>\n\t<meta property=\"og:image:height\" content=\"400\" \/>\n\t<meta property=\"og:image:type\" content=\"image\/jpeg\" \/>\n<meta name=\"twitter:card\" content=\"summary_large_image\" \/>\n<script type=\"application\/ld+json\" class=\"yoast-schema-graph\">{\"@context\":\"https:\\\/\\\/schema.org\",\"@graph\":[{\"@type\":\"WebPage\",\"@id\":\"https:\\\/\\\/zoo.org\\\/es\\\/nombra-un-caracol\\\/\",\"url\":\"https:\\\/\\\/zoo.org\\\/es\\\/nombra-un-caracol\\\/\",\"name\":\"-\",\"isPartOf\":{\"@id\":\"https:\\\/\\\/zoo.org\\\/es\\\/#website\"},\"primaryImageOfPage\":{\"@id\":\"https:\\\/\\\/zoo.org\\\/es\\\/nombra-un-caracol\\\/#primaryimage\"},\"image\":{\"@id\":\"https:\\\/\\\/zoo.org\\\/es\\\/nombra-un-caracol\\\/#primaryimage\"},\"thumbnailUrl\":\"https:\\\/\\\/zoo.org\\\/wp-content\\\/uploads\\\/2025\\\/08\\\/Partula-Snail-Header-Image.jpg\",\"datePublished\":\"2026-02-09T18:15:45+00:00\",\"dateModified\":\"2026-04-07T00:15:25+00:00\",\"breadcrumb\":{\"@id\":\"https:\\\/\\\/zoo.org\\\/es\\\/nombra-un-caracol\\\/#breadcrumb\"},\"inLanguage\":\"es\",\"potentialAction\":[{\"@type\":\"ReadAction\",\"target\":[\"https:\\\/\\\/zoo.org\\\/es\\\/nombra-un-caracol\\\/\"]}]},{\"@type\":\"ImageObject\",\"inLanguage\":\"es\",\"@id\":\"https:\\\/\\\/zoo.org\\\/es\\\/nombra-un-caracol\\\/#primaryimage\",\"url\":\"https:\\\/\\\/zoo.org\\\/wp-content\\\/uploads\\\/2025\\\/08\\\/Partula-Snail-Header-Image.jpg\",\"contentUrl\":\"https:\\\/\\\/zoo.org\\\/wp-content\\\/uploads\\\/2025\\\/08\\\/Partula-Snail-Header-Image.jpg\"},{\"@type\":\"BreadcrumbList\",\"@id\":\"https:\\\/\\\/zoo.org\\\/es\\\/nombra-un-caracol\\\/#breadcrumb\",\"itemListElement\":[{\"@type\":\"ListItem\",\"position\":1,\"name\":\"Hogar\",\"item\":\"https:\\\/\\\/zoo.org\\\/es\\\/\"},{\"@type\":\"ListItem\",\"position\":2,\"name\":\"Nombra un caracol\"}]},{\"@type\":\"WebSite\",\"@id\":\"https:\\\/\\\/zoo.org\\\/es\\\/#website\",\"url\":\"https:\\\/\\\/zoo.org\\\/es\\\/\",\"name\":\"Zool\u00f3gico Woodland Park\",\"description\":\"El Zool\u00f3gico Woodland Park salva la vida silvestre e inspira a todos a hacer de la conservaci\u00f3n una prioridad en sus vidas.\",\"publisher\":{\"@id\":\"https:\\\/\\\/zoo.org\\\/es\\\/#organization\"},\"potentialAction\":[{\"@type\":\"SearchAction\",\"target\":{\"@type\":\"EntryPoint\",\"urlTemplate\":\"https:\\\/\\\/zoo.org\\\/es\\\/?s={search_term_string}\"},\"query-input\":{\"@type\":\"PropertyValueSpecification\",\"valueRequired\":true,\"valueName\":\"search_term_string\"}}],\"inLanguage\":\"es\"},{\"@type\":\"Organization\",\"@id\":\"https:\\\/\\\/zoo.org\\\/es\\\/#organization\",\"name\":\"Zool\u00f3gico Woodland Park\",\"url\":\"https:\\\/\\\/zoo.org\\\/es\\\/\",\"logo\":{\"@type\":\"ImageObject\",\"inLanguage\":\"es\",\"@id\":\"https:\\\/\\\/zoo.org\\\/es\\\/#\\\/schema\\\/logo\\\/image\\\/\",\"url\":\"https:\\\/\\\/zoo.org\\\/wp-content\\\/uploads\\\/2026\\\/01\\\/WPZ-Logo_white-SVG.svg?wsr\",\"contentUrl\":\"https:\\\/\\\/zoo.org\\\/wp-content\\\/uploads\\\/2026\\\/01\\\/WPZ-Logo_white-SVG.svg?wsr\",\"width\":288,\"height\":282,\"caption\":\"Zool\u00f3gico Woodland Park\"},\"image\":{\"@id\":\"https:\\\/\\\/zoo.org\\\/es\\\/#\\\/schema\\\/logo\\\/image\\\/\"}}]}<\/script>\n<!-- \/ Yoast SEO plugin. -->","yoast_head_json":{"title":"-","robots":{"index":"index","follow":"follow","max-snippet":"max-snippet:-1","max-image-preview":"max-image-preview:large","max-video-preview":"max-video-preview:-1"},"canonical":"https:\/\/zoo.org\/es\/nombra-un-caracol\/","og_locale":"es_ES","og_type":"article","og_title":"-","og_description":"Todo por los animales Nombra un caracol Partula Ayude a recuperar una especie del borde de la extinci\u00f3n, un caracol a la vez. \u00bfSue\u00f1as con una escapada a una isla [&hellip;]","og_url":"https:\/\/zoo.org\/es\/nombra-un-caracol\/","og_site_name":"Zool\u00f3gico Woodland Park","article_modified_time":"2026-04-07T00:15:25+00:00","og_image":[{"width":1920,"height":400,"url":"https:\/\/zoo.org\/wp-content\/uploads\/2025\/08\/Partula-Snail-Header-Image.jpg?wsr","type":"image\/jpeg"}],"twitter_card":"summary_large_image","schema":{"@context":"https:\/\/schema.org","@graph":[{"@type":"WebPage","@id":"https:\/\/zoo.org\/es\/nombra-un-caracol\/","url":"https:\/\/zoo.org\/es\/nombra-un-caracol\/","name":"-","isPartOf":{"@id":"https:\/\/zoo.org\/es\/#website"},"primaryImageOfPage":{"@id":"https:\/\/zoo.org\/es\/nombra-un-caracol\/#primaryimage"},"image":{"@id":"https:\/\/zoo.org\/es\/nombra-un-caracol\/#primaryimage"},"thumbnailUrl":"https:\/\/zoo.org\/wp-content\/uploads\/2025\/08\/Partula-Snail-Header-Image.jpg","datePublished":"2026-02-09T18:15:45+00:00","dateModified":"2026-04-07T00:15:25+00:00","breadcrumb":{"@id":"https:\/\/zoo.org\/es\/nombra-un-caracol\/#breadcrumb"},"inLanguage":"es","potentialAction":[{"@type":"ReadAction","target":["https:\/\/zoo.org\/es\/nombra-un-caracol\/"]}]},{"@type":"ImageObject","inLanguage":"es","@id":"https:\/\/zoo.org\/es\/nombra-un-caracol\/#primaryimage","url":"https:\/\/zoo.org\/wp-content\/uploads\/2025\/08\/Partula-Snail-Header-Image.jpg","contentUrl":"https:\/\/zoo.org\/wp-content\/uploads\/2025\/08\/Partula-Snail-Header-Image.jpg"},{"@type":"BreadcrumbList","@id":"https:\/\/zoo.org\/es\/nombra-un-caracol\/#breadcrumb","itemListElement":[{"@type":"ListItem","position":1,"name":"Hogar","item":"https:\/\/zoo.org\/es\/"},{"@type":"ListItem","position":2,"name":"Nombra un caracol"}]},{"@type":"WebSite","@id":"https:\/\/zoo.org\/es\/#website","url":"https:\/\/zoo.org\/es\/","name":"Zool\u00f3gico Woodland Park","description":"El Zool\u00f3gico Woodland Park salva la vida silvestre e inspira a todos a hacer de la conservaci\u00f3n una prioridad en sus vidas.","publisher":{"@id":"https:\/\/zoo.org\/es\/#organization"},"potentialAction":[{"@type":"SearchAction","target":{"@type":"EntryPoint","urlTemplate":"https:\/\/zoo.org\/es\/?s={search_term_string}"},"query-input":{"@type":"PropertyValueSpecification","valueRequired":true,"valueName":"search_term_string"}}],"inLanguage":"es"},{"@type":"Organization","@id":"https:\/\/zoo.org\/es\/#organization","name":"Zool\u00f3gico Woodland Park","url":"https:\/\/zoo.org\/es\/","logo":{"@type":"ImageObject","inLanguage":"es","@id":"https:\/\/zoo.org\/es\/#\/schema\/logo\/image\/","url":"https:\/\/zoo.org\/wp-content\/uploads\/2026\/01\/WPZ-Logo_white-SVG.svg?wsr","contentUrl":"https:\/\/zoo.org\/wp-content\/uploads\/2026\/01\/WPZ-Logo_white-SVG.svg?wsr","width":288,"height":282,"caption":"Zool\u00f3gico Woodland Park"},"image":{"@id":"https:\/\/zoo.org\/es\/#\/schema\/logo\/image\/"}}]}},"taxonomy_info":[],"featured_image_src_large":false,"author_info":{"display_name":"jloughlin","author_link":"https:\/\/zoo.org\/es\/author\/jloughlin\/"},"comment_info":0,"_links":{"self":[{"href":"https:\/\/zoo.org\/es\/wp-json\/wp\/v2\/pages\/12805","targetHints":{"allow":["GET"]}}],"collection":[{"href":"https:\/\/zoo.org\/es\/wp-json\/wp\/v2\/pages"}],"about":[{"href":"https:\/\/zoo.org\/es\/wp-json\/wp\/v2\/types\/page"}],"author":[{"embeddable":true,"href":"https:\/\/zoo.org\/es\/wp-json\/wp\/v2\/users\/1"}],"replies":[{"embeddable":true,"href":"https:\/\/zoo.org\/es\/wp-json\/wp\/v2\/comments?post=12805"}],"version-history":[{"count":3,"href":"https:\/\/zoo.org\/es\/wp-json\/wp\/v2\/pages\/12805\/revisions"}],"predecessor-version":[{"id":24852,"href":"https:\/\/zoo.org\/es\/wp-json\/wp\/v2\/pages\/12805\/revisions\/24852"}],"wp:attachment":[{"href":"https:\/\/zoo.org\/es\/wp-json\/wp\/v2\/media?parent=12805"}],"curies":[{"name":"wp","href":"https:\/\/api.w.org\/{rel}","templated":true}]}}