{"id":12807,"date":"2025-10-14T13:01:38","date_gmt":"2025-10-14T20:01:38","guid":{"rendered":"https:\/\/zoo.org\/nombra-un-polinizador\/"},"modified":"2026-03-13T09:09:49","modified_gmt":"2026-03-13T16:09:49","slug":"nombra-un-polinizador","status":"publish","type":"page","link":"https:\/\/zoo.org\/es\/nombra-un-polinizador\/","title":{"rendered":"Nombra un polinizador"},"content":{"rendered":"\n<div class=\"wp-block-cover alignfull is-light hero\" style=\"margin-top:0;margin-bottom:0\"><img loading=\"lazy\" decoding=\"async\" width=\"1920\" height=\"400\" class=\"wp-block-cover__image-background wp-image-6322 size-full\" alt=\"\" src=\"https:\/\/zoo.org\/wp-content\/uploads\/2025\/10\/Pollinator_WebsiteBanner-web.jpg\" data-object-fit=\"cover\" srcset=\"https:\/\/zoo.org\/wp-content\/uploads\/2025\/10\/Pollinator_WebsiteBanner-web.jpg 1920w, https:\/\/zoo.org\/wp-content\/uploads\/2025\/10\/Pollinator_WebsiteBanner-web-300x63.jpg 300w, https:\/\/zoo.org\/wp-content\/uploads\/2025\/10\/Pollinator_WebsiteBanner-web-1024x213.jpg 1024w, https:\/\/zoo.org\/wp-content\/uploads\/2025\/10\/Pollinator_WebsiteBanner-web-768x160.jpg 768w, https:\/\/zoo.org\/wp-content\/uploads\/2025\/10\/Pollinator_WebsiteBanner-web-1536x320.jpg 1536w\" sizes=\"auto, (max-width: 1920px) 100vw, 1920px\" \/><span aria-hidden=\"true\" class=\"wp-block-cover__background has-background-dim-0 has-background-dim\" style=\"background-color:#d47e34\"><\/span><div class=\"wp-block-cover__inner-container is-layout-constrained wp-block-cover-is-layout-constrained\">\n<p class=\"has-text-align-center has-large-font-size\"><\/p>\n<\/div><\/div>\n\n<div class=\"wp-block-group is-layout-constrained wp-block-group-is-layout-constrained\" style=\"margin-top:2em;margin-bottom:3em\">\n<h1 class=\"wp-block-heading has-text-align-center\" style=\"margin-top:0.65em;margin-bottom:0.275em\">NOMBRE UN POLINIZADOR<\/h1>\n\n\n\n<p class=\"has-text-align-center has-palette-color-3-color has-text-color has-link-color wp-elements-b5e0ac558ece8722b704268ecbabcd82\" style=\"margin-bottom:1em;font-size:clamp(0.984em, 0.984rem + ((1vw - 0.2em) * 0.645), 1.5em);font-style:normal;font-weight:500;line-height:1.5\"><strong><strong>\u00bfHAS ESCUCHADO EL ZUMBIDO?<\/strong><\/strong><\/p>\n\n\n\n<p class=\"has-text-align-center has-palette-color-3-color has-text-color has-link-color wp-elements-5004c3108766e1fb9480ef33277eba10\" style=\"margin-bottom:1em;font-size:clamp(0.984em, 0.984rem + ((1vw - 0.2em) * 0.645), 1.5em);line-height:1.5\">\u00daNETE A NUESTRO MOVIMIENTO PARA PROTEGER A LOS POLINIZADORES<\/p>\n<\/div>\n\n<div class=\"wp-block-group alignfull divider is-layout-constrained wp-block-group-is-layout-constrained\">\n<h2 class=\"wp-block-heading alignfull has-text-align-center\">HAZ UN DON<\/h2>\n<\/div>\n\n<p>Esta temporada, convi\u00e9rtete en un campe\u00f3n de la polinizaci\u00f3n explorando el exuberante para\u00edso de 37 hect\u00e1reas del Zool\u00f3gico Woodland Park. Visita el Patio de Polinizadores de Microsoft para descubrir c\u00f3mo los animales m\u00e1s peque\u00f1os influyen en nuestro mundo mientras observas polinizadores nativos como abejorros, mariposas y colibr\u00edes en su h\u00e1bitat natural. Admira la belleza de los polinizadores locales trabajando entre las vibrantes flores de los numerosos jardines polinizadores del zool\u00f3gico. Tambi\u00e9n aprender\u00e1s consejos pr\u00e1cticos para atraer a estos importantes animales a tu hogar y brindarles lo que necesitan para prosperar.   <\/p>\n\n<p>Cuando haga una donaci\u00f3n al Fondo Anual del zool\u00f3gico esta temporada, reconoceremos su generosidad con una oportunidad especial de nombrar una mariposa, abeja o colibr\u00ed residente de nuestros exuberantes jardines polinizadores.<\/p>\n\n<p>En agradecimiento por su apoyo, el nombre de su polinizador se mostrar\u00e1 en nuestro sitio web, donde se celebrar\u00e1 durante todo el a\u00f1o como parte de la pr\u00f3spera comunidad de polinizadores de su zool\u00f3gico.<\/p>\n\n<div class=\"wp-block-buttons is-content-justification-center is-layout-flex wp-container-core-buttons-is-layout-48d0e691 wp-block-buttons-is-layout-flex\" style=\"margin-top:var(--wp--preset--spacing--60);margin-bottom:var(--wp--preset--spacing--60)\">\n<div class=\"wp-block-button\"><a class=\"wp-block-button__link wp-element-button\" href=\"https:\/\/zoo.org\/es\/nombra-un-polinizador\/preguntas-frecuentes-sobre-como-nombrar-un-polinizador\/\">Preguntas frecuentes<\/a><\/div>\n<\/div>\n\n<div class=\"wp-block-group alignfull divider is-layout-constrained wp-block-group-is-layout-constrained\">\n<h2 class=\"wp-block-heading alignfull has-text-align-center\">Elige un polinizador<\/h2>\n<\/div>\n\n<h3 class=\"wp-block-heading\">\u00a1Tu regalo cambia el mundo!<\/h3>\n\n<p>Las donaciones de cualquier monto hacen una gran diferencia en nuestro trabajo para preservar los h\u00e1bitats de los polinizadores, restaurar las poblaciones de mariposas amenazadas y educar a millones de visitantes sobre la importancia de la biodiversidad para sustentar toda la vida.<\/p>\n\n<div class=\"wp-block-columns alignwide is-layout-flex wp-container-core-columns-is-layout-ddf7edaa wp-block-columns-is-layout-flex\" style=\"margin-top:var(--wp--preset--spacing--60);margin-bottom:var(--wp--preset--spacing--60)\">\n<div class=\"wp-block-column has-palette-color-17-background-color has-background is-layout-flow wp-container-core-column-is-layout-9b10c18a wp-block-column-is-layout-flow\" style=\"padding-top:0px;padding-right:0px;padding-bottom:0px;padding-left:0px\">\n<figure class=\"wp-block-image size-full\"><img loading=\"lazy\" decoding=\"async\" width=\"800\" height=\"533\" src=\"https:\/\/zoo.org\/wp-content\/uploads\/2025\/08\/Butterfly-Garden-2-Dennis-Dow-web.jpg\" alt=\"Una mariposa negra y azul con manchas blancas en las alas descansa sobre hojas verdes dentadas. Sus alas est&#xE1;n abiertas, mostrando sus vibrantes colores y patrones. \" class=\"wp-image-3740\" style=\"object-fit:cover\" srcset=\"https:\/\/zoo.org\/wp-content\/uploads\/2025\/08\/Butterfly-Garden-2-Dennis-Dow-web.jpg 800w, https:\/\/zoo.org\/wp-content\/uploads\/2025\/08\/Butterfly-Garden-2-Dennis-Dow-web-300x200.jpg 300w, https:\/\/zoo.org\/wp-content\/uploads\/2025\/08\/Butterfly-Garden-2-Dennis-Dow-web-768x512.jpg 768w\" sizes=\"auto, (max-width: 800px) 100vw, 800px\" \/><\/figure>\n\n\n\n<div class=\"wp-block-group has-custom-light-grey-background-color has-background is-layout-flow wp-block-group-is-layout-flow\" style=\"border-top-left-radius:0px;border-top-right-radius:0px;border-bottom-left-radius:0px;border-bottom-right-radius:0px;padding-top:25px;padding-right:25px;padding-bottom:25px;padding-left:25px\">\n<h4 class=\"wp-block-heading\">Mariposa<\/h4>\n\n\n\n<p><em>Dejarse llevar<\/em><\/p>\n\n\n\n<ul class=\"wp-block-list\">\n<li>Adorador del sol, le encanta tomar el sol.<\/li>\n\n\n\n<li>Visi\u00f3n ultravioleta: podemos ver el espectro de colores que nosotros no podemos<\/li>\n\n\n\n<li>Puede distraerse al comer n\u00e9ctar.<\/li>\n\n\n\n<li>Le encanta pasar un d\u00eda en el spa para un tratamiento de barro.<\/li>\n<\/ul>\n\n\n\n<div class=\"wp-block-buttons is-content-justification-center is-layout-flex wp-container-core-buttons-is-layout-a89b3969 wp-block-buttons-is-layout-flex\">\n<div class=\"wp-block-button #butterfly\"><a class=\"wp-block-button__link wp-element-button\" href=\"?campaign=510595\">Nombra una mariposa<\/a><\/div>\n<\/div>\n<\/div>\n<\/div>\n\n\n\n<div class=\"wp-block-column has-palette-color-17-background-color has-background is-layout-flow wp-container-core-column-is-layout-9b10c18a wp-block-column-is-layout-flow\" style=\"padding-top:0px;padding-right:0px;padding-bottom:0px;padding-left:0px\">\n<figure class=\"wp-block-image size-full\"><img loading=\"lazy\" decoding=\"async\" width=\"800\" height=\"533\" src=\"https:\/\/zoo.org\/wp-content\/uploads\/2025\/10\/LNWT-shutterstock_1390687526-Bumble-bee-web.jpg\" alt=\"Primer plano de un abejorro en pleno vuelo acerc&#xE1;ndose a unas flores blancas, con las alas desenfocadas y rayas amarillo-negras visibles. El fondo est&#xE1; ligeramente desenfocado. \" class=\"wp-image-6327\" srcset=\"https:\/\/zoo.org\/wp-content\/uploads\/2025\/10\/LNWT-shutterstock_1390687526-Bumble-bee-web.jpg 800w, https:\/\/zoo.org\/wp-content\/uploads\/2025\/10\/LNWT-shutterstock_1390687526-Bumble-bee-web-300x200.jpg 300w, https:\/\/zoo.org\/wp-content\/uploads\/2025\/10\/LNWT-shutterstock_1390687526-Bumble-bee-web-768x512.jpg 768w\" sizes=\"auto, (max-width: 800px) 100vw, 800px\" \/><\/figure>\n\n\n\n<div class=\"wp-block-group has-custom-light-grey-background-color has-background is-layout-flow wp-block-group-is-layout-flow\" style=\"border-top-left-radius:0px;border-top-right-radius:0px;border-bottom-left-radius:0px;border-bottom-right-radius:0px;padding-top:25px;padding-right:25px;padding-bottom:25px;padding-left:25px\">\n<h4 class=\"wp-block-heading\">Abejorro<\/h4>\n\n\n\n<p><em>Independiente y ocupada<\/em><\/p>\n\n\n\n<ul class=\"wp-block-list\">\n<li>No pueden moverse cuando tienen demasiado fr\u00edo.<\/li>\n\n\n\n<li>Pac\u00edfico y no agresivo<\/li>\n\n\n\n<li>Le encanta tener una buena terraza y\/o patio cerca.<\/li>\n\n\n\n<li>Comedor desordenado: se llena todo el polen del pelaje y el vientre peludo cuando come.<\/li>\n<\/ul>\n\n\n\n<div class=\"wp-block-buttons is-content-justification-center is-layout-flex wp-container-core-buttons-is-layout-a89b3969 wp-block-buttons-is-layout-flex\">\n<div class=\"wp-block-button #bumblebee\"><a class=\"wp-block-button__link wp-element-button\" href=\"?campaign=512158\">Nombra un abejorro<\/a><\/div>\n<\/div>\n<\/div>\n<\/div>\n\n\n\n<div class=\"wp-block-column has-palette-color-17-background-color has-background is-layout-flow wp-container-core-column-is-layout-a3d0b163 wp-block-column-is-layout-flow\" style=\"padding-top:0px;padding-right:0px;padding-bottom:0px;padding-left:0px\">\n<figure class=\"wp-block-image size-full\"><img loading=\"lazy\" decoding=\"async\" width=\"800\" height=\"533\" src=\"https:\/\/zoo.org\/wp-content\/uploads\/2025\/10\/shutterstock_395179858-hummingbird-web.jpg\" alt=\"Un colibr&#xED; con garganta rosa iridiscente y plumas verdes flota en el aire cerca de un grupo de peque&#xF1;as flores de color violeta claro, con un fondo verde suave.\" class=\"wp-image-6328\" srcset=\"https:\/\/zoo.org\/wp-content\/uploads\/2025\/10\/shutterstock_395179858-hummingbird-web.jpg 800w, https:\/\/zoo.org\/wp-content\/uploads\/2025\/10\/shutterstock_395179858-hummingbird-web-300x200.jpg 300w, https:\/\/zoo.org\/wp-content\/uploads\/2025\/10\/shutterstock_395179858-hummingbird-web-768x512.jpg 768w\" sizes=\"auto, (max-width: 800px) 100vw, 800px\" \/><\/figure>\n\n\n\n<div class=\"wp-block-group has-custom-light-grey-background-color has-background is-layout-flow wp-block-group-is-layout-flow\" style=\"border-top-left-radius:0px;border-top-right-radius:0px;border-bottom-left-radius:0px;border-bottom-right-radius:0px;padding-top:25px;padding-right:25px;padding-bottom:25px;padding-left:25px\">\n<h4 class=\"wp-block-heading\">Colibr\u00ed<\/h4>\n\n\n\n<p><em>Energ\u00e9tico, excepto temprano en la ma\u00f1ana<\/em><\/p>\n\n\n\n<ul class=\"wp-block-list\">\n<li>Le encanta tomar ba\u00f1os.<\/li>\n\n\n\n<li>Utiliza seda de ara\u00f1a y l\u00edquenes para construir nidos.<\/li>\n\n\n\n<li>Recuerda la ubicaci\u00f3n de cada flor y comedero en su territorio.<\/li>\n\n\n\n<li>Entra en letargo cada noche para ahorrar energ\u00eda.<\/li>\n<\/ul>\n\n\n\n<div class=\"wp-block-buttons is-content-justification-center is-layout-flex wp-container-core-buttons-is-layout-a89b3969 wp-block-buttons-is-layout-flex\">\n<div class=\"wp-block-button #hummingbird\"><a class=\"wp-block-button__link wp-element-button\" href=\"?campaign=512159\">Nombra un colibr\u00ed<\/a><\/div>\n<\/div>\n<\/div>\n<\/div>\n<\/div>\n\n<div class=\"wp-block-buttons is-content-justification-center is-layout-flex wp-container-core-buttons-is-layout-48d0e691 wp-block-buttons-is-layout-flex\" style=\"margin-top:var(--wp--preset--spacing--60);margin-bottom:var(--wp--preset--spacing--60)\">\n<div class=\"wp-block-button\"><a class=\"wp-block-button__link wp-element-button\" href=\"https:\/\/zoo.org\/es\/nombra-un-polinizador\/reconocimiento-en-linea\/\">Ver la lista de nombres enviados<\/a><\/div>\n<\/div>\n","protected":false},"excerpt":{"rendered":"<p>NOMBRE UN POLINIZADOR \u00bfHAS ESCUCHADO EL ZUMBIDO? \u00daNETE A NUESTRO MOVIMIENTO PARA PROTEGER A LOS POLINIZADORES HAZ UN DON Esta temporada, convi\u00e9rtete en un campe\u00f3n de la polinizaci\u00f3n explorando el [&hellip;]<\/p>\n","protected":false},"author":1,"featured_media":12811,"parent":0,"menu_order":0,"comment_status":"closed","ping_status":"closed","template":"","meta":{"_acf_changed":false,"_kad_blocks_custom_css":"","_kad_blocks_head_custom_js":"","_kad_blocks_body_custom_js":"","_kad_blocks_footer_custom_js":"","footnotes":""},"class_list":["post-12807","page","type-page","status-publish","has-post-thumbnail","hentry"],"blocksy_meta":[],"acf":[],"yoast_head":"<!-- This site is optimized with the Yoast SEO plugin v27.4 - https:\/\/yoast.com\/product\/yoast-seo-wordpress\/ -->\n<title>-<\/title>\n<meta name=\"description\" content=\"Cuando haga una donaci\u00f3n al Fondo Anual del zool\u00f3gico esta temporada, reconoceremos su generosidad con una oportunidad especial de nombrar una mariposa, abeja o colibr\u00ed residente de nuestros exuberantes jardines polinizadores.\" \/>\n<meta name=\"robots\" content=\"index, follow, max-snippet:-1, max-image-preview:large, max-video-preview:-1\" \/>\n<link rel=\"canonical\" href=\"https:\/\/zoo.org\/es\/nombra-un-polinizador\/\" \/>\n<meta property=\"og:locale\" content=\"es_ES\" \/>\n<meta property=\"og:type\" content=\"article\" \/>\n<meta property=\"og:title\" content=\"-\" \/>\n<meta property=\"og:description\" content=\"Cuando haga una donaci\u00f3n al Fondo Anual del zool\u00f3gico esta temporada, reconoceremos su generosidad con una oportunidad especial de nombrar una mariposa, abeja o colibr\u00ed residente de nuestros exuberantes jardines polinizadores.\" \/>\n<meta property=\"og:url\" content=\"https:\/\/zoo.org\/es\/nombra-un-polinizador\/\" \/>\n<meta property=\"og:site_name\" content=\"Zool\u00f3gico Woodland Park\" \/>\n<meta property=\"article:modified_time\" content=\"2026-03-13T16:09:49+00:00\" \/>\n<meta property=\"og:image\" content=\"https:\/\/zoo.org\/wp-content\/uploads\/2025\/08\/Butterfly-Garden-2-Dennis-Dow-web.jpg?wsr\" \/>\n\t<meta property=\"og:image:width\" content=\"800\" \/>\n\t<meta property=\"og:image:height\" content=\"533\" \/>\n\t<meta property=\"og:image:type\" content=\"image\/jpeg\" \/>\n<meta name=\"twitter:card\" content=\"summary_large_image\" \/>\n<script type=\"application\/ld+json\" class=\"yoast-schema-graph\">{\"@context\":\"https:\\\/\\\/schema.org\",\"@graph\":[{\"@type\":\"WebPage\",\"@id\":\"https:\\\/\\\/zoo.org\\\/es\\\/nombra-un-polinizador\\\/\",\"url\":\"https:\\\/\\\/zoo.org\\\/es\\\/nombra-un-polinizador\\\/\",\"name\":\"-\",\"isPartOf\":{\"@id\":\"https:\\\/\\\/zoo.org\\\/es\\\/#website\"},\"primaryImageOfPage\":{\"@id\":\"https:\\\/\\\/zoo.org\\\/es\\\/nombra-un-polinizador\\\/#primaryimage\"},\"image\":{\"@id\":\"https:\\\/\\\/zoo.org\\\/es\\\/nombra-un-polinizador\\\/#primaryimage\"},\"thumbnailUrl\":\"https:\\\/\\\/zoo.org\\\/wp-content\\\/uploads\\\/2025\\\/08\\\/Butterfly-Garden-2-Dennis-Dow-web.jpg?wsr\",\"datePublished\":\"2025-10-14T20:01:38+00:00\",\"dateModified\":\"2026-03-13T16:09:49+00:00\",\"description\":\"Cuando haga una donaci\u00f3n al Fondo Anual del zool\u00f3gico esta temporada, reconoceremos su generosidad con una oportunidad especial de nombrar una mariposa, abeja o colibr\u00ed residente de nuestros exuberantes jardines polinizadores.\",\"breadcrumb\":{\"@id\":\"https:\\\/\\\/zoo.org\\\/es\\\/nombra-un-polinizador\\\/#breadcrumb\"},\"inLanguage\":\"es\",\"potentialAction\":[{\"@type\":\"ReadAction\",\"target\":[\"https:\\\/\\\/zoo.org\\\/es\\\/nombra-un-polinizador\\\/\"]}]},{\"@type\":\"ImageObject\",\"inLanguage\":\"es\",\"@id\":\"https:\\\/\\\/zoo.org\\\/es\\\/nombra-un-polinizador\\\/#primaryimage\",\"url\":\"https:\\\/\\\/zoo.org\\\/wp-content\\\/uploads\\\/2025\\\/08\\\/Butterfly-Garden-2-Dennis-Dow-web.jpg?wsr\",\"contentUrl\":\"https:\\\/\\\/zoo.org\\\/wp-content\\\/uploads\\\/2025\\\/08\\\/Butterfly-Garden-2-Dennis-Dow-web.jpg?wsr\",\"width\":800,\"height\":533,\"caption\":\"Una mariposa negra y azul con manchas blancas en las alas descansa sobre hojas verdes dentadas. Sus alas est\u00e1n abiertas, mostrando sus vibrantes colores y patrones.\"},{\"@type\":\"BreadcrumbList\",\"@id\":\"https:\\\/\\\/zoo.org\\\/es\\\/nombra-un-polinizador\\\/#breadcrumb\",\"itemListElement\":[{\"@type\":\"ListItem\",\"position\":1,\"name\":\"Hogar\",\"item\":\"https:\\\/\\\/zoo.org\\\/es\\\/\"},{\"@type\":\"ListItem\",\"position\":2,\"name\":\"Nombra un polinizador\"}]},{\"@type\":\"WebSite\",\"@id\":\"https:\\\/\\\/zoo.org\\\/es\\\/#website\",\"url\":\"https:\\\/\\\/zoo.org\\\/es\\\/\",\"name\":\"Zool\u00f3gico Woodland Park\",\"description\":\"El Zool\u00f3gico Woodland Park salva la vida silvestre e inspira a todos a hacer de la conservaci\u00f3n una prioridad en sus vidas.\",\"publisher\":{\"@id\":\"https:\\\/\\\/zoo.org\\\/es\\\/#organization\"},\"potentialAction\":[{\"@type\":\"SearchAction\",\"target\":{\"@type\":\"EntryPoint\",\"urlTemplate\":\"https:\\\/\\\/zoo.org\\\/es\\\/?s={search_term_string}\"},\"query-input\":{\"@type\":\"PropertyValueSpecification\",\"valueRequired\":true,\"valueName\":\"search_term_string\"}}],\"inLanguage\":\"es\"},{\"@type\":\"Organization\",\"@id\":\"https:\\\/\\\/zoo.org\\\/es\\\/#organization\",\"name\":\"Zool\u00f3gico Woodland Park\",\"url\":\"https:\\\/\\\/zoo.org\\\/es\\\/\",\"logo\":{\"@type\":\"ImageObject\",\"inLanguage\":\"es\",\"@id\":\"https:\\\/\\\/zoo.org\\\/es\\\/#\\\/schema\\\/logo\\\/image\\\/\",\"url\":\"https:\\\/\\\/zoo.org\\\/wp-content\\\/uploads\\\/2026\\\/01\\\/WPZ-Logo_white-SVG.svg?wsr\",\"contentUrl\":\"https:\\\/\\\/zoo.org\\\/wp-content\\\/uploads\\\/2026\\\/01\\\/WPZ-Logo_white-SVG.svg?wsr\",\"width\":288,\"height\":282,\"caption\":\"Zool\u00f3gico Woodland Park\"},\"image\":{\"@id\":\"https:\\\/\\\/zoo.org\\\/es\\\/#\\\/schema\\\/logo\\\/image\\\/\"}}]}<\/script>\n<!-- \/ Yoast SEO plugin. -->","yoast_head_json":{"title":"-","description":"Cuando haga una donaci\u00f3n al Fondo Anual del zool\u00f3gico esta temporada, reconoceremos su generosidad con una oportunidad especial de nombrar una mariposa, abeja o colibr\u00ed residente de nuestros exuberantes jardines polinizadores.","robots":{"index":"index","follow":"follow","max-snippet":"max-snippet:-1","max-image-preview":"max-image-preview:large","max-video-preview":"max-video-preview:-1"},"canonical":"https:\/\/zoo.org\/es\/nombra-un-polinizador\/","og_locale":"es_ES","og_type":"article","og_title":"-","og_description":"Cuando haga una donaci\u00f3n al Fondo Anual del zool\u00f3gico esta temporada, reconoceremos su generosidad con una oportunidad especial de nombrar una mariposa, abeja o colibr\u00ed residente de nuestros exuberantes jardines polinizadores.","og_url":"https:\/\/zoo.org\/es\/nombra-un-polinizador\/","og_site_name":"Zool\u00f3gico Woodland Park","article_modified_time":"2026-03-13T16:09:49+00:00","og_image":[{"width":800,"height":533,"url":"https:\/\/zoo.org\/wp-content\/uploads\/2025\/08\/Butterfly-Garden-2-Dennis-Dow-web.jpg?wsr","type":"image\/jpeg"}],"twitter_card":"summary_large_image","schema":{"@context":"https:\/\/schema.org","@graph":[{"@type":"WebPage","@id":"https:\/\/zoo.org\/es\/nombra-un-polinizador\/","url":"https:\/\/zoo.org\/es\/nombra-un-polinizador\/","name":"-","isPartOf":{"@id":"https:\/\/zoo.org\/es\/#website"},"primaryImageOfPage":{"@id":"https:\/\/zoo.org\/es\/nombra-un-polinizador\/#primaryimage"},"image":{"@id":"https:\/\/zoo.org\/es\/nombra-un-polinizador\/#primaryimage"},"thumbnailUrl":"https:\/\/zoo.org\/wp-content\/uploads\/2025\/08\/Butterfly-Garden-2-Dennis-Dow-web.jpg?wsr","datePublished":"2025-10-14T20:01:38+00:00","dateModified":"2026-03-13T16:09:49+00:00","description":"Cuando haga una donaci\u00f3n al Fondo Anual del zool\u00f3gico esta temporada, reconoceremos su generosidad con una oportunidad especial de nombrar una mariposa, abeja o colibr\u00ed residente de nuestros exuberantes jardines polinizadores.","breadcrumb":{"@id":"https:\/\/zoo.org\/es\/nombra-un-polinizador\/#breadcrumb"},"inLanguage":"es","potentialAction":[{"@type":"ReadAction","target":["https:\/\/zoo.org\/es\/nombra-un-polinizador\/"]}]},{"@type":"ImageObject","inLanguage":"es","@id":"https:\/\/zoo.org\/es\/nombra-un-polinizador\/#primaryimage","url":"https:\/\/zoo.org\/wp-content\/uploads\/2025\/08\/Butterfly-Garden-2-Dennis-Dow-web.jpg?wsr","contentUrl":"https:\/\/zoo.org\/wp-content\/uploads\/2025\/08\/Butterfly-Garden-2-Dennis-Dow-web.jpg?wsr","width":800,"height":533,"caption":"Una mariposa negra y azul con manchas blancas en las alas descansa sobre hojas verdes dentadas. Sus alas est\u00e1n abiertas, mostrando sus vibrantes colores y patrones."},{"@type":"BreadcrumbList","@id":"https:\/\/zoo.org\/es\/nombra-un-polinizador\/#breadcrumb","itemListElement":[{"@type":"ListItem","position":1,"name":"Hogar","item":"https:\/\/zoo.org\/es\/"},{"@type":"ListItem","position":2,"name":"Nombra un polinizador"}]},{"@type":"WebSite","@id":"https:\/\/zoo.org\/es\/#website","url":"https:\/\/zoo.org\/es\/","name":"Zool\u00f3gico Woodland Park","description":"El Zool\u00f3gico Woodland Park salva la vida silvestre e inspira a todos a hacer de la conservaci\u00f3n una prioridad en sus vidas.","publisher":{"@id":"https:\/\/zoo.org\/es\/#organization"},"potentialAction":[{"@type":"SearchAction","target":{"@type":"EntryPoint","urlTemplate":"https:\/\/zoo.org\/es\/?s={search_term_string}"},"query-input":{"@type":"PropertyValueSpecification","valueRequired":true,"valueName":"search_term_string"}}],"inLanguage":"es"},{"@type":"Organization","@id":"https:\/\/zoo.org\/es\/#organization","name":"Zool\u00f3gico Woodland Park","url":"https:\/\/zoo.org\/es\/","logo":{"@type":"ImageObject","inLanguage":"es","@id":"https:\/\/zoo.org\/es\/#\/schema\/logo\/image\/","url":"https:\/\/zoo.org\/wp-content\/uploads\/2026\/01\/WPZ-Logo_white-SVG.svg?wsr","contentUrl":"https:\/\/zoo.org\/wp-content\/uploads\/2026\/01\/WPZ-Logo_white-SVG.svg?wsr","width":288,"height":282,"caption":"Zool\u00f3gico Woodland Park"},"image":{"@id":"https:\/\/zoo.org\/es\/#\/schema\/logo\/image\/"}}]}},"taxonomy_info":[],"featured_image_src_large":["https:\/\/zoo.org\/wp-content\/uploads\/2025\/08\/Butterfly-Garden-2-Dennis-Dow-web.jpg?wsr",800,533,false],"author_info":{"display_name":"jloughlin","author_link":"https:\/\/zoo.org\/es\/author\/jloughlin\/"},"comment_info":0,"_links":{"self":[{"href":"https:\/\/zoo.org\/es\/wp-json\/wp\/v2\/pages\/12807","targetHints":{"allow":["GET"]}}],"collection":[{"href":"https:\/\/zoo.org\/es\/wp-json\/wp\/v2\/pages"}],"about":[{"href":"https:\/\/zoo.org\/es\/wp-json\/wp\/v2\/types\/page"}],"author":[{"embeddable":true,"href":"https:\/\/zoo.org\/es\/wp-json\/wp\/v2\/users\/1"}],"replies":[{"embeddable":true,"href":"https:\/\/zoo.org\/es\/wp-json\/wp\/v2\/comments?post=12807"}],"version-history":[{"count":0,"href":"https:\/\/zoo.org\/es\/wp-json\/wp\/v2\/pages\/12807\/revisions"}],"wp:featuredmedia":[{"embeddable":true,"href":"https:\/\/zoo.org\/es\/wp-json\/wp\/v2\/media\/12811"}],"wp:attachment":[{"href":"https:\/\/zoo.org\/es\/wp-json\/wp\/v2\/media?parent=12807"}],"curies":[{"name":"wp","href":"https:\/\/api.w.org\/{rel}","templated":true}]}}